{"id":11095,"date":"2018-10-19T15:11:38","date_gmt":"2018-10-19T13:11:38","guid":{"rendered":"https:\/\/www.veltec.eu\/kirby-webshop\/boite-de-rangement-nl3083\/"},"modified":"2026-02-23T15:04:12","modified_gmt":"2026-02-23T13:04:12","slug":"boite-de-rangement-kirby-nl3083","status":"publish","type":"product","link":"https:\/\/www.veltec.eu\/fr\/product\/boite-de-rangement-kirby-nl3083\/","title":{"rendered":"Bo\u00eete de rangement Kirby"},"content":{"rendered":"<h1 data-start=\"174\" data-end=\"243\">Bo\u00eete de rangement Kirby \u2013 Une organisation parfaite pour tous vos accessoires Kirby<\/h1>\n<p data-start=\"245\" data-end=\"523\">La bo\u00eete de rangement Kirby est la solution id\u00e9ale pour tous ceux qui souhaitent ranger leurs accessoires Kirby de mani\u00e8re ordonn\u00e9e et claire. Gr\u00e2ce \u00e0 sa conception robuste et \u00e0 la possibilit\u00e9 de la fixer au mur, vous cr\u00e9ez plus d&#8217;espace et gardez vos accessoires de nettoyage \u00e0 port\u00e9e de main.<\/p>\n<h2 data-start=\"525\" data-end=\"566\">Pourquoi choisir la bo\u00eete de rangement Kirby ?<\/h2>\n<p data-start=\"568\" data-end=\"969\">En utilisant une bo\u00eete de rangement Kirby, vous alliez fonctionnalit\u00e9 et durabilit\u00e9. Le plastique de haute qualit\u00e9 prot\u00e8ge tous vos accessoires et garantit une longue dur\u00e9e de vie. De plus, cette solution de rangement est universelle et convient \u00e0 presque tous les mod\u00e8les Kirby.<\/p>\n<h3 data-start=\"971\" data-end=\"992\">Durable et r\u00e9sistant<\/h3>\n<p data-start=\"994\" data-end=\"1364\">Gr\u00e2ce \u00e0 son mat\u00e9riau plastique robuste, le coffret r\u00e9siste \u00e0 une utilisation intensive. Vous n&#8217;avez donc pas \u00e0 vous soucier de l&#8217;usure ou des dommages. Le coffret de rangement Kirby prot\u00e8ge efficacement vos accessoires et les garde en s\u00e9curit\u00e9 et bien organis\u00e9s. Pour obtenir des conseils d&#8217;entretien et de maintenance, consultez notre <a href=\"https:\/\/www.service-aspirateur-kirby.fr\/le-blog\/\" target=\"_blank\" rel=\"noopener\">Service aspirateur Kirby<\/a><\/p>\n<h3 data-start=\"1366\" data-end=\"1403\">Peu encombrant et bien agenc\u00e9<\/h3>\n<p data-start=\"1405\" data-end=\"1809\">La fixation murale pratique vous permet d&#8217;utiliser au mieux l&#8217;espace disponible. Accrochez le coffret de rangement Kirby au mur de votre garage, de votre armoire \u00e0 balais ou de votre buanderie et lib\u00e9rez de l&#8217;espace au sol. Gr\u00e2ce \u00e0 sa conception claire, vous voyez d&#8217;un seul coup d&#8217;\u0153il o\u00f9 se trouve chaque accessoire, ce qui rend le nettoyage plus rapide et plus efficace. D\u00e9couvrez \u00e9galement nos <a href=\"https:\/\/www.veltec.eu\/fr\/kirby-accessoires\/\" target=\"_blank\" rel=\"noopener\">accessoires Kirby<\/a> pour un ensemble complet.<\/p>\n<h2 data-start=\"1811\" data-end=\"1847\">Montage pratique et polyvalence<\/h2>\n<p data-start=\"1849\" data-end=\"2218\">L&#8217;installation du coffre de rangement Kirby est simple et rapide. Sa conception avec des trous de fixation facilite son accrochage, m\u00eame sans l&#8217;aide d&#8217;un professionnel. De plus, ce coffre de rangement est universel, ce qui le rend compatible avec des mod\u00e8les tels que : Avalir Platinum, Avalir 2, Avalir 1, Sentria 2 (G10D),\u00a0 Sentria 1 (G10), Ultimate G Diamond Ed. (G7D or DE), Ultimate G (G7 or UG), Generation 6 (G6), Generation 5 (G5), Generation 4 (G4), and Generation 3 (G3).<\/p>\n<h3 data-start=\"2220\" data-end=\"2257\">\u00c9l\u00e9gant et facile d&#8217;entretien<\/h3>\n<p data-start=\"2259\" data-end=\"2560\">En plus d&#8217;\u00eatre fonctionnelle, la bo\u00eete de rangement Kirby est \u00e9galement esth\u00e9tique. Son design simple et moderne s&#8217;int\u00e8gre dans n&#8217;importe quelle pi\u00e8ce, et le plastique est facile \u00e0 nettoyer. Ainsi, votre bo\u00eete de rangement reste toujours propre et fra\u00eeche. Cela en fait un compl\u00e9ment durable et pratique \u00e0 votre \u00e9quipement de nettoyage.<\/p>\n<h2 data-start=\"2562\" data-end=\"2602\">Bo\u00eete de rangement Kirby: La solution de rangement ultime<\/h2>\n<p data-start=\"2604\" data-end=\"3008\">La bo\u00eete de rangement Kirby prot\u00e8ge vos accessoires Kirby tout en les maintenant organis\u00e9s et facilement accessibles. Son design ing\u00e9nieux et son mat\u00e9riau r\u00e9sistant assurent durabilit\u00e9 et robustesse pour un usage quotidien. Vous pouvez fixer la bo\u00eete au mur, ce qui lib\u00e8re de l\u2019espace et optimise votre rangement. Cette solution de rangement pour Kirby rend votre routine de nettoyage plus rapide et efficace. Investissez d\u00e8s maintenant dans cette bo\u00eete de stockage Kirby indispensable et profitez d\u2019un espace toujours ordonn\u00e9.<\/p>\n","protected":false},"excerpt":{"rendered":"<p>La bo\u00eete de rangement Kirby permet de ranger tous vos accessoires Kirby de mani\u00e8re ordonn\u00e9e et s\u00fbre. Facile \u00e0 fixer au mur, durable et adapt\u00e9e \u00e0 tous les mod\u00e8les.<\/p>\n[trustindex data-widget-id=e3bb80b24fa128098b960fc2439]\n<h3><span style=\"color: #008000;\"><br \/>\nEn stock<\/span><\/h3>\n[av_font_icon icon='ue812' font='entypo-fontello' style='' caption='' size='25px' position='left' color='#43ad66' link='' linktarget='' title_attr='' sonar_effect_effect='' sonar_effect_color='' sonar_effect_duration='1' sonar_effect_scale='' sonar_effect_opac='0.5' animation='' id='' custom_class='' template_class='' av_uid='' sc_version='1.0' admin_preview_bg=''][\/av_font_icon]\n<p><span style=\"color: #008000;\">Command\u00e9 23:59, exp\u00e9di\u00e9 demain<\/span><\/p>\n<p>&nbsp;<\/p>\n","protected":false},"featured_media":88222,"comment_status":"open","ping_status":"closed","template":"","meta":[],"product_brand":[],"product_cat":[354],"product_tag":[],"class_list":{"0":"post-11095","1":"product","2":"type-product","3":"status-publish","4":"has-post-thumbnail","6":"product_cat-kirby-accessoires-fr","8":"first","9":"instock","10":"taxable","11":"shipping-taxable","12":"purchasable","13":"product-type-simple"},"yoast_head":"<!-- This site is optimized with the Yoast SEO Premium plugin v27.1 (Yoast SEO v27.4) - https:\/\/yoast.com\/product\/yoast-seo-premium-wordpress\/ -->\n<title>Bo\u00eete de rangement Kirby - S\u00fbr et clair pour vos accessoires<\/title>\n<meta name=\"description\" content=\"Bo\u00eete de rangement Kirby - Rangez tous vos accessoires Kirby de mani\u00e8re s\u00fbre et ordonn\u00e9e. Facile \u00e0 fixer au mur, design durable et \u00e9l\u00e9gant.\" \/>\n<meta name=\"robots\" content=\"index, follow, max-snippet:-1, max-image-preview:large, max-video-preview:-1\" \/>\n<link rel=\"canonical\" href=\"https:\/\/www.veltec.eu\/fr\/product\/boite-de-rangement-kirby-nl3083\/\" \/>\n<meta property=\"og:locale\" content=\"fr_FR\" \/>\n<meta property=\"og:type\" content=\"article\" \/>\n<meta property=\"og:title\" content=\"Bo\u00eete de rangement Kirby\" \/>\n<meta property=\"og:description\" content=\"La bo\u00eete de rangement Kirby permet de ranger tous vos accessoires Kirby de mani\u00e8re ordonn\u00e9e et s\u00fbre. Facile \u00e0 fixer au mur, durable et adapt\u00e9e \u00e0 tous les mod\u00e8les.    En stock   Command\u00e9 23:59, exp\u00e9di\u00e9 demain  &nbsp;\" \/>\n<meta property=\"og:url\" content=\"https:\/\/www.veltec.eu\/fr\/product\/boite-de-rangement-kirby-nl3083\/\" \/>\n<meta property=\"og:site_name\" content=\"Veltec Kirby specialist\" \/>\n<meta property=\"article:publisher\" content=\"https:\/\/www.facebook.com\/Veltec-Kirby-Specialist-236746293374877\/\" \/>\n<meta property=\"article:modified_time\" content=\"2026-02-23T13:04:12+00:00\" \/>\n<meta property=\"og:image\" content=\"https:\/\/www.veltec.eu\/wp-content\/uploads\/2018\/10\/Kirby-vacuum-storage-box.jpg\" \/>\n\t<meta property=\"og:image:width\" content=\"600\" \/>\n\t<meta property=\"og:image:height\" content=\"600\" \/>\n\t<meta property=\"og:image:type\" content=\"image\/jpeg\" \/>\n<meta name=\"twitter:card\" content=\"summary_large_image\" \/>\n<meta name=\"twitter:label1\" content=\"Dur\u00e9e de lecture estim\u00e9e\" \/>\n\t<meta name=\"twitter:data1\" content=\"3 minutes\" \/>\n<script type=\"application\/ld+json\" class=\"yoast-schema-graph\">{\"@context\":\"https:\\\/\\\/schema.org\",\"@graph\":[{\"@type\":\"WebPage\",\"@id\":\"https:\\\/\\\/www.veltec.eu\\\/fr\\\/product\\\/boite-de-rangement-kirby-nl3083\\\/\",\"url\":\"https:\\\/\\\/www.veltec.eu\\\/fr\\\/product\\\/boite-de-rangement-kirby-nl3083\\\/\",\"name\":\"Bo\u00eete de rangement Kirby - S\u00fbr et clair pour vos accessoires\",\"isPartOf\":{\"@id\":\"https:\\\/\\\/www.veltec.eu\\\/en\\\/#website\"},\"primaryImageOfPage\":{\"@id\":\"https:\\\/\\\/www.veltec.eu\\\/fr\\\/product\\\/boite-de-rangement-kirby-nl3083\\\/#primaryimage\"},\"image\":{\"@id\":\"https:\\\/\\\/www.veltec.eu\\\/fr\\\/product\\\/boite-de-rangement-kirby-nl3083\\\/#primaryimage\"},\"thumbnailUrl\":\"https:\\\/\\\/www.veltec.eu\\\/wp-content\\\/uploads\\\/2018\\\/10\\\/Kirby-vacuum-storage-box.jpg\",\"datePublished\":\"2018-10-19T13:11:38+00:00\",\"dateModified\":\"2026-02-23T13:04:12+00:00\",\"description\":\"Bo\u00eete de rangement Kirby - Rangez tous vos accessoires Kirby de mani\u00e8re s\u00fbre et ordonn\u00e9e. Facile \u00e0 fixer au mur, design durable et \u00e9l\u00e9gant.\",\"breadcrumb\":{\"@id\":\"https:\\\/\\\/www.veltec.eu\\\/fr\\\/product\\\/boite-de-rangement-kirby-nl3083\\\/#breadcrumb\"},\"inLanguage\":\"fr-FR\",\"potentialAction\":[{\"@type\":\"ReadAction\",\"target\":[\"https:\\\/\\\/www.veltec.eu\\\/fr\\\/product\\\/boite-de-rangement-kirby-nl3083\\\/\"]}]},{\"@type\":\"ImageObject\",\"inLanguage\":\"fr-FR\",\"@id\":\"https:\\\/\\\/www.veltec.eu\\\/fr\\\/product\\\/boite-de-rangement-kirby-nl3083\\\/#primaryimage\",\"url\":\"https:\\\/\\\/www.veltec.eu\\\/wp-content\\\/uploads\\\/2018\\\/10\\\/Kirby-vacuum-storage-box.jpg\",\"contentUrl\":\"https:\\\/\\\/www.veltec.eu\\\/wp-content\\\/uploads\\\/2018\\\/10\\\/Kirby-vacuum-storage-box.jpg\",\"width\":600,\"height\":600},{\"@type\":\"BreadcrumbList\",\"@id\":\"https:\\\/\\\/www.veltec.eu\\\/fr\\\/product\\\/boite-de-rangement-kirby-nl3083\\\/#breadcrumb\",\"itemListElement\":[{\"@type\":\"ListItem\",\"position\":1,\"name\":\"Home\",\"item\":\"https:\\\/\\\/www.veltec.eu\\\/fr\\\/\"},{\"@type\":\"ListItem\",\"position\":2,\"name\":\"Produits\",\"item\":\"https:\\\/\\\/www.veltec.eu\\\/fr\\\/shop\\\/\"},{\"@type\":\"ListItem\",\"position\":3,\"name\":\"Bo\u00eete de rangement Kirby\"}]},{\"@type\":\"WebSite\",\"@id\":\"https:\\\/\\\/www.veltec.eu\\\/en\\\/#website\",\"url\":\"https:\\\/\\\/www.veltec.eu\\\/en\\\/\",\"name\":\"Veltec Kirby specialist\",\"description\":\"Kirby stofzuiger producten\",\"publisher\":{\"@id\":\"https:\\\/\\\/www.veltec.eu\\\/en\\\/#organization\"},\"potentialAction\":[{\"@type\":\"SearchAction\",\"target\":{\"@type\":\"EntryPoint\",\"urlTemplate\":\"https:\\\/\\\/www.veltec.eu\\\/en\\\/?s={search_term_string}\"},\"query-input\":{\"@type\":\"PropertyValueSpecification\",\"valueRequired\":true,\"valueName\":\"search_term_string\"}}],\"inLanguage\":\"fr-FR\"},{\"@type\":\"Organization\",\"@id\":\"https:\\\/\\\/www.veltec.eu\\\/en\\\/#organization\",\"name\":\"Veltec Kirby Specialist\",\"url\":\"https:\\\/\\\/www.veltec.eu\\\/en\\\/\",\"logo\":{\"@type\":\"ImageObject\",\"inLanguage\":\"fr-FR\",\"@id\":\"https:\\\/\\\/www.veltec.eu\\\/en\\\/#\\\/schema\\\/logo\\\/image\\\/\",\"url\":\"https:\\\/\\\/www.veltec.eu\\\/wp-content\\\/uploads\\\/2021\\\/12\\\/Veltec-log-groot-e1537260889125.png\",\"contentUrl\":\"https:\\\/\\\/www.veltec.eu\\\/wp-content\\\/uploads\\\/2021\\\/12\\\/Veltec-log-groot-e1537260889125.png\",\"width\":200,\"height\":60,\"caption\":\"Veltec Kirby Specialist\"},\"image\":{\"@id\":\"https:\\\/\\\/www.veltec.eu\\\/en\\\/#\\\/schema\\\/logo\\\/image\\\/\"},\"sameAs\":[\"https:\\\/\\\/www.facebook.com\\\/Veltec-Kirby-Specialist-236746293374877\\\/\",\"https:\\\/\\\/www.youtube.com\\\/user\\\/VeltecService\"]}]}<\/script>\n<!-- \/ Yoast SEO Premium plugin. -->","yoast_head_json":{"title":"Bo\u00eete de rangement Kirby - S\u00fbr et clair pour vos accessoires","description":"Bo\u00eete de rangement Kirby - Rangez tous vos accessoires Kirby de mani\u00e8re s\u00fbre et ordonn\u00e9e. Facile \u00e0 fixer au mur, design durable et \u00e9l\u00e9gant.","robots":{"index":"index","follow":"follow","max-snippet":"max-snippet:-1","max-image-preview":"max-image-preview:large","max-video-preview":"max-video-preview:-1"},"canonical":"https:\/\/www.veltec.eu\/fr\/product\/boite-de-rangement-kirby-nl3083\/","og_locale":"fr_FR","og_type":"article","og_title":"Bo\u00eete de rangement Kirby","og_description":"La bo\u00eete de rangement Kirby permet de ranger tous vos accessoires Kirby de mani\u00e8re ordonn\u00e9e et s\u00fbre. Facile \u00e0 fixer au mur, durable et adapt\u00e9e \u00e0 tous les mod\u00e8les.    En stock   Command\u00e9 23:59, exp\u00e9di\u00e9 demain  &nbsp;","og_url":"https:\/\/www.veltec.eu\/fr\/product\/boite-de-rangement-kirby-nl3083\/","og_site_name":"Veltec Kirby specialist","article_publisher":"https:\/\/www.facebook.com\/Veltec-Kirby-Specialist-236746293374877\/","article_modified_time":"2026-02-23T13:04:12+00:00","og_image":[{"width":600,"height":600,"url":"https:\/\/www.veltec.eu\/wp-content\/uploads\/2018\/10\/Kirby-vacuum-storage-box.jpg","type":"image\/jpeg"}],"twitter_card":"summary_large_image","twitter_misc":{"Dur\u00e9e de lecture estim\u00e9e":"3 minutes"},"schema":{"@context":"https:\/\/schema.org","@graph":[{"@type":"WebPage","@id":"https:\/\/www.veltec.eu\/fr\/product\/boite-de-rangement-kirby-nl3083\/","url":"https:\/\/www.veltec.eu\/fr\/product\/boite-de-rangement-kirby-nl3083\/","name":"Bo\u00eete de rangement Kirby - S\u00fbr et clair pour vos accessoires","isPartOf":{"@id":"https:\/\/www.veltec.eu\/en\/#website"},"primaryImageOfPage":{"@id":"https:\/\/www.veltec.eu\/fr\/product\/boite-de-rangement-kirby-nl3083\/#primaryimage"},"image":{"@id":"https:\/\/www.veltec.eu\/fr\/product\/boite-de-rangement-kirby-nl3083\/#primaryimage"},"thumbnailUrl":"https:\/\/www.veltec.eu\/wp-content\/uploads\/2018\/10\/Kirby-vacuum-storage-box.jpg","datePublished":"2018-10-19T13:11:38+00:00","dateModified":"2026-02-23T13:04:12+00:00","description":"Bo\u00eete de rangement Kirby - Rangez tous vos accessoires Kirby de mani\u00e8re s\u00fbre et ordonn\u00e9e. Facile \u00e0 fixer au mur, design durable et \u00e9l\u00e9gant.","breadcrumb":{"@id":"https:\/\/www.veltec.eu\/fr\/product\/boite-de-rangement-kirby-nl3083\/#breadcrumb"},"inLanguage":"fr-FR","potentialAction":[{"@type":"ReadAction","target":["https:\/\/www.veltec.eu\/fr\/product\/boite-de-rangement-kirby-nl3083\/"]}]},{"@type":"ImageObject","inLanguage":"fr-FR","@id":"https:\/\/www.veltec.eu\/fr\/product\/boite-de-rangement-kirby-nl3083\/#primaryimage","url":"https:\/\/www.veltec.eu\/wp-content\/uploads\/2018\/10\/Kirby-vacuum-storage-box.jpg","contentUrl":"https:\/\/www.veltec.eu\/wp-content\/uploads\/2018\/10\/Kirby-vacuum-storage-box.jpg","width":600,"height":600},{"@type":"BreadcrumbList","@id":"https:\/\/www.veltec.eu\/fr\/product\/boite-de-rangement-kirby-nl3083\/#breadcrumb","itemListElement":[{"@type":"ListItem","position":1,"name":"Home","item":"https:\/\/www.veltec.eu\/fr\/"},{"@type":"ListItem","position":2,"name":"Produits","item":"https:\/\/www.veltec.eu\/fr\/shop\/"},{"@type":"ListItem","position":3,"name":"Bo\u00eete de rangement Kirby"}]},{"@type":"WebSite","@id":"https:\/\/www.veltec.eu\/en\/#website","url":"https:\/\/www.veltec.eu\/en\/","name":"Veltec Kirby specialist","description":"Kirby stofzuiger producten","publisher":{"@id":"https:\/\/www.veltec.eu\/en\/#organization"},"potentialAction":[{"@type":"SearchAction","target":{"@type":"EntryPoint","urlTemplate":"https:\/\/www.veltec.eu\/en\/?s={search_term_string}"},"query-input":{"@type":"PropertyValueSpecification","valueRequired":true,"valueName":"search_term_string"}}],"inLanguage":"fr-FR"},{"@type":"Organization","@id":"https:\/\/www.veltec.eu\/en\/#organization","name":"Veltec Kirby Specialist","url":"https:\/\/www.veltec.eu\/en\/","logo":{"@type":"ImageObject","inLanguage":"fr-FR","@id":"https:\/\/www.veltec.eu\/en\/#\/schema\/logo\/image\/","url":"https:\/\/www.veltec.eu\/wp-content\/uploads\/2021\/12\/Veltec-log-groot-e1537260889125.png","contentUrl":"https:\/\/www.veltec.eu\/wp-content\/uploads\/2021\/12\/Veltec-log-groot-e1537260889125.png","width":200,"height":60,"caption":"Veltec Kirby Specialist"},"image":{"@id":"https:\/\/www.veltec.eu\/en\/#\/schema\/logo\/image\/"},"sameAs":["https:\/\/www.facebook.com\/Veltec-Kirby-Specialist-236746293374877\/","https:\/\/www.youtube.com\/user\/VeltecService"]}]}},"_links":{"self":[{"href":"https:\/\/www.veltec.eu\/fr\/wp-json\/wp\/v2\/product\/11095","targetHints":{"allow":["GET"]}}],"collection":[{"href":"https:\/\/www.veltec.eu\/fr\/wp-json\/wp\/v2\/product"}],"about":[{"href":"https:\/\/www.veltec.eu\/fr\/wp-json\/wp\/v2\/types\/product"}],"replies":[{"embeddable":true,"href":"https:\/\/www.veltec.eu\/fr\/wp-json\/wp\/v2\/comments?post=11095"}],"wp:featuredmedia":[{"embeddable":true,"href":"https:\/\/www.veltec.eu\/fr\/wp-json\/wp\/v2\/media\/88222"}],"wp:attachment":[{"href":"https:\/\/www.veltec.eu\/fr\/wp-json\/wp\/v2\/media?parent=11095"}],"wp:term":[{"taxonomy":"product_brand","embeddable":true,"href":"https:\/\/www.veltec.eu\/fr\/wp-json\/wp\/v2\/product_brand?post=11095"},{"taxonomy":"product_cat","embeddable":true,"href":"https:\/\/www.veltec.eu\/fr\/wp-json\/wp\/v2\/product_cat?post=11095"},{"taxonomy":"product_tag","embeddable":true,"href":"https:\/\/www.veltec.eu\/fr\/wp-json\/wp\/v2\/product_tag?post=11095"}],"curies":[{"name":"wp","href":"https:\/\/api.w.org\/{rel}","templated":true}]}}