{"id":11070,"date":"2018-10-19T15:38:24","date_gmt":"2018-10-19T13:38:24","guid":{"rendered":"https:\/\/www.veltec.eu\/kirby-webshop\/brosse-pour-plinthes-nl3089\/"},"modified":"2026-02-13T08:40:36","modified_gmt":"2026-02-13T06:40:36","slug":"brosse-pour-plinthes-kirby-nl3089","status":"publish","type":"product","link":"https:\/\/www.veltec.eu\/fr\/product\/brosse-pour-plinthes-kirby-nl3089\/","title":{"rendered":"Brosse Pour Plinthes Kirby"},"content":{"rendered":"<h1 data-start=\"114\" data-end=\"144\">Brosse Pour Plinthes Kirby<\/h1>\n<p data-start=\"146\" data-end=\"475\">La Brosse Pour Plinthes Kirby a \u00e9t\u00e9 sp\u00e9cialement con\u00e7ue pour nettoyer les plinthes, radiateurs et autres endroits difficiles d\u2019acc\u00e8s. Gr\u00e2ce \u00e0 son design fin et \u00e0 la puissance d\u2019aspiration cibl\u00e9e de votre aspirateur Kirby, vous \u00e9liminez efficacement la poussi\u00e8re, les miettes et la salet\u00e9 incrust\u00e9e dans les espaces \u00e9troits.<\/p>\n<h2 data-start=\"477\" data-end=\"545\">Brosse Pour Plinthes pour les endroits difficiles d\u2019acc\u00e8s<\/h2>\n<p data-start=\"547\" data-end=\"949\">La brosse pour plinthes\u00a0permet de nettoyer en profondeur les ouvertures \u00e9troites, les interstices et les coins, laissant aucune poussi\u00e8re derri\u00e8re elle. De plus, sa forme allong\u00e9e facilite le nettoyage sous les meubles et le long des bords, tout en conservant une puissance d\u2019aspiration optimale. Ainsi, le nettoyage devient non seulement plus simple, mais \u00e9galement beaucoup plus efficace.<\/p>\n<p data-start=\"951\" data-end=\"1272\">Cette brosse pour plinthes Kirby est \u00e9galement \u00e9quip\u00e9e d\u2019une petite brosse additionnelle pratique, qui d\u00e9tache d\u2019abord la salet\u00e9 incrust\u00e9e avant qu\u2019elle ne soit aspir\u00e9e. Vous combinez ainsi un nettoyage m\u00e9canique avec une aspiration puissante en un seul geste, atteignant des r\u00e9sultats professionnels en moins de temps.<\/p>\n<h2 data-start=\"1274\" data-end=\"1337\">Compatibilit\u00e9 universelle de la Brosse Pour Plinthes<\/h2>\n<p data-start=\"1339\" data-end=\"1514\">La brosse pour plinthes est universelle et convient \u00e0 tous les aspirateurs Kirby. Vous n\u2019avez donc pas \u00e0 vous soucier de la compatibilit\u00e9 ou de l\u2019adaptation de l\u2019accessoire.<\/p>\n<h3 data-start=\"1516\" data-end=\"1555\">Compatible avec les mod\u00e8les Kirby<\/h3>\n<p data-start=\"1557\" data-end=\"1633\">Cette brosse pour plinthes s\u2019adapte notamment aux mod\u00e8les suivants :<\/p>\n<ul data-start=\"1634\" data-end=\"1875\">\n<li data-start=\"1634\" data-end=\"1653\">Avalir Platinum<\/li>\n<li data-start=\"1654\" data-end=\"1666\">Avalir 2<\/li>\n<li data-start=\"1667\" data-end=\"1679\">Avalir 1<\/li>\n<li data-start=\"1680\" data-end=\"1700\">Sentria 2 (G10D)<\/li>\n<li data-start=\"1701\" data-end=\"1720\">Sentria 1 (G10)<\/li>\n<li data-start=\"1721\" data-end=\"1762\">Ultimate G Diamond Edition (G7D \/ DE)<\/li>\n<li data-start=\"1763\" data-end=\"1787\">Ultimate G (G7 \/ UG)<\/li>\n<li data-start=\"1788\" data-end=\"1809\">Generation 6 (G6)<\/li>\n<li data-start=\"1810\" data-end=\"1831\">Generation 5 (G5)<\/li>\n<li data-start=\"1832\" data-end=\"1853\">Generation 4 (G4)<\/li>\n<li data-start=\"1854\" data-end=\"1875\">Generation 3 (G3)<\/li>\n<\/ul>\n<p data-start=\"1877\" data-end=\"1997\">Ainsi, cette brosse pour plinthes Kirby constitue un compl\u00e9ment polyvalent pour les syst\u00e8mes Kirby anciens et r\u00e9cents.<\/p>\n<h2 data-start=\"1999\" data-end=\"2046\">Avantages de la Brosse Pour Plinthes<\/h2>\n<p data-start=\"2048\" data-end=\"2360\">Tout d\u2019abord, elle offre un contr\u00f4le maximal lors du nettoyage des plinthes et radiateurs gr\u00e2ce \u00e0 son embout \u00e9troit et pr\u00e9cis. Ensuite, la petite brosse int\u00e9gr\u00e9e augmente l\u2019efficacit\u00e9 en d\u00e9tachant la salet\u00e9 avant aspiration. De plus, le mat\u00e9riau est r\u00e9sistant \u00e0 l\u2019usure, garantissant une utilisation prolong\u00e9e.<\/p>\n<p data-start=\"2362\" data-end=\"2580\">En outre, la brosse pour plinthes se connecte parfaitement \u00e0 votre flexible ou adaptateur d\u2019accessoire, sans perte de puissance d\u2019aspiration. Vous b\u00e9n\u00e9ficiez ainsi de performances constantes \u00e0 chaque nettoyage.<\/p>\n<h2 data-start=\"2582\" data-end=\"2640\">Construction durable de la Brosse Pour Plinthes<\/h2>\n<p data-start=\"2642\" data-end=\"2958\">Fabriqu\u00e9e en plastique de haute qualit\u00e9, la brosse pour plinthes r\u00e9siste \u00e0 une utilisation domestique intensive. Sa forme reste stable m\u00eame apr\u00e8s un usage fr\u00e9quent le long de surfaces dures. Les poils sont suffisamment fermes pour d\u00e9tacher la salet\u00e9, tout en \u00e9tant doux pour \u00e9viter d\u2019endommager les surfaces.<\/p>\n<h2 data-start=\"2960\" data-end=\"3016\">Utilisation et extension avec les accessoires Kirby<\/h2>\n<p data-start=\"3018\" data-end=\"3273\">Fixez simplement la brosse pour plinthes Kirby sur votre flexible ou manche, puis commencez le nettoyage. Vous pouvez ainsi man\u0153uvrer facilement le long des plinthes, entre les radiateurs et sous les meubles, tout en aspirant la poussi\u00e8re imm\u00e9diatement.<\/p>\n<p data-start=\"3275\" data-end=\"3724\">Pour une solution de nettoyage compl\u00e8te, combinez cette brosse avec d\u2019autres accessoires de notre gamme. D\u00e9couvrez par exemple tous les <a href=\"https:\/\/www.veltec.eu\/fr\/?page_id=59277\" target=\"_blank\" rel=\"noopener\">accessoires Kirby<\/a> pour encore plus de possibilit\u00e9s. De plus, consultez l\u2019article de blog <a href=\"https:\/\/www.service-aspirateur-kirby.fr\/jeu-de-pieces-kirby\/\" target=\"_blank\" rel=\"noopener\">D\u00e9couvrez la polyvalence de l\u2019ensemble des pi\u00e8ces Kirby<\/a> pour optimiser l\u2019utilisation de votre Kirby.<\/p>\n","protected":false},"excerpt":{"rendered":"<p>La brosse pour plinthes Kirby nettoie efficacement plinthes, radiateurs et coins difficiles gr\u00e2ce \u00e0 son design fin et sa puissance d\u2019aspiration. Convient \u00e0 tous les mod\u00e8les Kirby.<\/p>\n[trustindex data-widget-id=e3bb80b24fa128098b960fc2439]\n<h3><span style=\"color: #008000;\"><br \/>\nEn stock<\/span><\/h3>\n[av_font_icon icon='ue812' font='entypo-fontello' style='' caption='' size='25px' position='left' color='#43ad66' link='' linktarget='' title_attr='' sonar_effect_effect='' sonar_effect_color='' sonar_effect_duration='1' sonar_effect_scale='' sonar_effect_opac='0.5' animation='' id='' custom_class='' template_class='' av_uid='' sc_version='1.0' admin_preview_bg=''][\/av_font_icon]\n<p><span style=\"color: #008000;\">Command\u00e9 23:59, exp\u00e9di\u00e9 demain<\/span><\/p>\n<p>&nbsp;<\/p>\n","protected":false},"featured_media":32648,"comment_status":"open","ping_status":"closed","template":"","meta":{"_acf_changed":false},"product_brand":[],"product_cat":[354],"product_tag":[],"class_list":{"0":"post-11070","1":"product","2":"type-product","3":"status-publish","4":"has-post-thumbnail","6":"product_cat-kirby-accessoires","7":"product_shipping_class-klein-de-fr","9":"first","10":"instock","11":"taxable","12":"shipping-taxable","13":"purchasable","14":"product-type-simple"},"acf":[],"yoast_head":"<!-- This site is optimized with the Yoast SEO Premium plugin v27.1 (Yoast SEO v27.4) - https:\/\/yoast.com\/product\/yoast-seo-premium-wordpress\/ -->\n<title>Brosse Pour Plinthes Kirby \u2013 Nettoyage Plinthes &amp; Radiateurs<\/title>\n<meta name=\"description\" content=\"Brosse Pour Plinthes Kirby universelle pour plinthes, radiateurs et coins difficiles. Compatible avec tous les mod\u00e8les Kirby, puissante et efficace.\" \/>\n<meta name=\"robots\" content=\"index, follow, max-snippet:-1, max-image-preview:large, max-video-preview:-1\" \/>\n<link rel=\"canonical\" href=\"https:\/\/www.veltec.eu\/fr\/product\/brosse-pour-plinthes-kirby-nl3089\/\" \/>\n<meta property=\"og:locale\" content=\"fr_FR\" \/>\n<meta property=\"og:type\" content=\"article\" \/>\n<meta property=\"og:title\" content=\"Brosse Pour Plinthes Kirby\" \/>\n<meta property=\"og:description\" content=\"La brosse pour plinthes Kirby nettoie efficacement plinthes, radiateurs et coins difficiles gr\u00e2ce \u00e0 son design fin et sa puissance d\u2019aspiration. Convient \u00e0 tous les mod\u00e8les Kirby.    En stock   Command\u00e9 23:59, exp\u00e9di\u00e9 demain  &nbsp;\" \/>\n<meta property=\"og:url\" content=\"https:\/\/www.veltec.eu\/fr\/product\/brosse-pour-plinthes-kirby-nl3089\/\" \/>\n<meta property=\"og:site_name\" content=\"Veltec Kirby specialist\" \/>\n<meta property=\"article:publisher\" content=\"https:\/\/www.facebook.com\/Veltec-Kirby-Specialist-236746293374877\/\" \/>\n<meta property=\"article:modified_time\" content=\"2026-02-13T06:40:36+00:00\" \/>\n<meta property=\"og:image\" content=\"https:\/\/www.veltec.eu\/wp-content\/uploads\/2018\/10\/kirby_parts_82-1.jpg\" \/>\n\t<meta property=\"og:image:width\" content=\"300\" \/>\n\t<meta property=\"og:image:height\" content=\"300\" \/>\n\t<meta property=\"og:image:type\" content=\"image\/jpeg\" \/>\n<meta name=\"twitter:card\" content=\"summary_large_image\" \/>\n<meta name=\"twitter:label1\" content=\"Dur\u00e9e de lecture estim\u00e9e\" \/>\n\t<meta name=\"twitter:data1\" content=\"3 minutes\" \/>\n<script type=\"application\/ld+json\" class=\"yoast-schema-graph\">{\"@context\":\"https:\\\/\\\/schema.org\",\"@graph\":[{\"@type\":\"WebPage\",\"@id\":\"https:\\\/\\\/www.veltec.eu\\\/fr\\\/product\\\/brosse-pour-plinthes-kirby-nl3089\\\/\",\"url\":\"https:\\\/\\\/www.veltec.eu\\\/fr\\\/product\\\/brosse-pour-plinthes-kirby-nl3089\\\/\",\"name\":\"Brosse Pour Plinthes Kirby \u2013 Nettoyage Plinthes & Radiateurs\",\"isPartOf\":{\"@id\":\"https:\\\/\\\/www.veltec.eu\\\/en\\\/#website\"},\"primaryImageOfPage\":{\"@id\":\"https:\\\/\\\/www.veltec.eu\\\/fr\\\/product\\\/brosse-pour-plinthes-kirby-nl3089\\\/#primaryimage\"},\"image\":{\"@id\":\"https:\\\/\\\/www.veltec.eu\\\/fr\\\/product\\\/brosse-pour-plinthes-kirby-nl3089\\\/#primaryimage\"},\"thumbnailUrl\":\"https:\\\/\\\/www.veltec.eu\\\/wp-content\\\/uploads\\\/2018\\\/10\\\/kirby_parts_82-1.jpg\",\"datePublished\":\"2018-10-19T13:38:24+00:00\",\"dateModified\":\"2026-02-13T06:40:36+00:00\",\"description\":\"Brosse Pour Plinthes Kirby universelle pour plinthes, radiateurs et coins difficiles. Compatible avec tous les mod\u00e8les Kirby, puissante et efficace.\",\"breadcrumb\":{\"@id\":\"https:\\\/\\\/www.veltec.eu\\\/fr\\\/product\\\/brosse-pour-plinthes-kirby-nl3089\\\/#breadcrumb\"},\"inLanguage\":\"fr-FR\",\"potentialAction\":[{\"@type\":\"ReadAction\",\"target\":[\"https:\\\/\\\/www.veltec.eu\\\/fr\\\/product\\\/brosse-pour-plinthes-kirby-nl3089\\\/\"]}]},{\"@type\":\"ImageObject\",\"inLanguage\":\"fr-FR\",\"@id\":\"https:\\\/\\\/www.veltec.eu\\\/fr\\\/product\\\/brosse-pour-plinthes-kirby-nl3089\\\/#primaryimage\",\"url\":\"https:\\\/\\\/www.veltec.eu\\\/wp-content\\\/uploads\\\/2018\\\/10\\\/kirby_parts_82-1.jpg\",\"contentUrl\":\"https:\\\/\\\/www.veltec.eu\\\/wp-content\\\/uploads\\\/2018\\\/10\\\/kirby_parts_82-1.jpg\",\"width\":300,\"height\":300},{\"@type\":\"BreadcrumbList\",\"@id\":\"https:\\\/\\\/www.veltec.eu\\\/fr\\\/product\\\/brosse-pour-plinthes-kirby-nl3089\\\/#breadcrumb\",\"itemListElement\":[{\"@type\":\"ListItem\",\"position\":1,\"name\":\"Home\",\"item\":\"https:\\\/\\\/www.veltec.eu\\\/fr\\\/accueil\\\/\"},{\"@type\":\"ListItem\",\"position\":2,\"name\":\"Boutique Kirby\",\"item\":\"https:\\\/\\\/www.veltec.eu\\\/fr\\\/boutique-kirby\\\/\"},{\"@type\":\"ListItem\",\"position\":3,\"name\":\"Brosse Pour Plinthes Kirby\"}]},{\"@type\":\"WebSite\",\"@id\":\"https:\\\/\\\/www.veltec.eu\\\/en\\\/#website\",\"url\":\"https:\\\/\\\/www.veltec.eu\\\/en\\\/\",\"name\":\"Veltec Kirby specialist\",\"description\":\"Kirby stofzuiger producten\",\"publisher\":{\"@id\":\"https:\\\/\\\/www.veltec.eu\\\/en\\\/#organization\"},\"potentialAction\":[{\"@type\":\"SearchAction\",\"target\":{\"@type\":\"EntryPoint\",\"urlTemplate\":\"https:\\\/\\\/www.veltec.eu\\\/en\\\/?s={search_term_string}\"},\"query-input\":{\"@type\":\"PropertyValueSpecification\",\"valueRequired\":true,\"valueName\":\"search_term_string\"}}],\"inLanguage\":\"fr-FR\"},{\"@type\":\"Organization\",\"@id\":\"https:\\\/\\\/www.veltec.eu\\\/en\\\/#organization\",\"name\":\"Veltec Kirby Specialist\",\"url\":\"https:\\\/\\\/www.veltec.eu\\\/en\\\/\",\"logo\":{\"@type\":\"ImageObject\",\"inLanguage\":\"fr-FR\",\"@id\":\"https:\\\/\\\/www.veltec.eu\\\/en\\\/#\\\/schema\\\/logo\\\/image\\\/\",\"url\":\"https:\\\/\\\/www.veltec.eu\\\/wp-content\\\/uploads\\\/2021\\\/12\\\/Veltec-log-groot-e1537260889125.png\",\"contentUrl\":\"https:\\\/\\\/www.veltec.eu\\\/wp-content\\\/uploads\\\/2021\\\/12\\\/Veltec-log-groot-e1537260889125.png\",\"width\":200,\"height\":60,\"caption\":\"Veltec Kirby Specialist\"},\"image\":{\"@id\":\"https:\\\/\\\/www.veltec.eu\\\/en\\\/#\\\/schema\\\/logo\\\/image\\\/\"},\"sameAs\":[\"https:\\\/\\\/www.facebook.com\\\/Veltec-Kirby-Specialist-236746293374877\\\/\",\"https:\\\/\\\/www.youtube.com\\\/user\\\/VeltecService\"]}]}<\/script>\n<!-- \/ Yoast SEO Premium plugin. -->","yoast_head_json":{"title":"Brosse Pour Plinthes Kirby \u2013 Nettoyage Plinthes & Radiateurs","description":"Brosse Pour Plinthes Kirby universelle pour plinthes, radiateurs et coins difficiles. Compatible avec tous les mod\u00e8les Kirby, puissante et efficace.","robots":{"index":"index","follow":"follow","max-snippet":"max-snippet:-1","max-image-preview":"max-image-preview:large","max-video-preview":"max-video-preview:-1"},"canonical":"https:\/\/www.veltec.eu\/fr\/product\/brosse-pour-plinthes-kirby-nl3089\/","og_locale":"fr_FR","og_type":"article","og_title":"Brosse Pour Plinthes Kirby","og_description":"La brosse pour plinthes Kirby nettoie efficacement plinthes, radiateurs et coins difficiles gr\u00e2ce \u00e0 son design fin et sa puissance d\u2019aspiration. Convient \u00e0 tous les mod\u00e8les Kirby.    En stock   Command\u00e9 23:59, exp\u00e9di\u00e9 demain  &nbsp;","og_url":"https:\/\/www.veltec.eu\/fr\/product\/brosse-pour-plinthes-kirby-nl3089\/","og_site_name":"Veltec Kirby specialist","article_publisher":"https:\/\/www.facebook.com\/Veltec-Kirby-Specialist-236746293374877\/","article_modified_time":"2026-02-13T06:40:36+00:00","og_image":[{"width":300,"height":300,"url":"https:\/\/www.veltec.eu\/wp-content\/uploads\/2018\/10\/kirby_parts_82-1.jpg","type":"image\/jpeg"}],"twitter_card":"summary_large_image","twitter_misc":{"Dur\u00e9e de lecture estim\u00e9e":"3 minutes"},"schema":{"@context":"https:\/\/schema.org","@graph":[{"@type":"WebPage","@id":"https:\/\/www.veltec.eu\/fr\/product\/brosse-pour-plinthes-kirby-nl3089\/","url":"https:\/\/www.veltec.eu\/fr\/product\/brosse-pour-plinthes-kirby-nl3089\/","name":"Brosse Pour Plinthes Kirby \u2013 Nettoyage Plinthes & Radiateurs","isPartOf":{"@id":"https:\/\/www.veltec.eu\/en\/#website"},"primaryImageOfPage":{"@id":"https:\/\/www.veltec.eu\/fr\/product\/brosse-pour-plinthes-kirby-nl3089\/#primaryimage"},"image":{"@id":"https:\/\/www.veltec.eu\/fr\/product\/brosse-pour-plinthes-kirby-nl3089\/#primaryimage"},"thumbnailUrl":"https:\/\/www.veltec.eu\/wp-content\/uploads\/2018\/10\/kirby_parts_82-1.jpg","datePublished":"2018-10-19T13:38:24+00:00","dateModified":"2026-02-13T06:40:36+00:00","description":"Brosse Pour Plinthes Kirby universelle pour plinthes, radiateurs et coins difficiles. Compatible avec tous les mod\u00e8les Kirby, puissante et efficace.","breadcrumb":{"@id":"https:\/\/www.veltec.eu\/fr\/product\/brosse-pour-plinthes-kirby-nl3089\/#breadcrumb"},"inLanguage":"fr-FR","potentialAction":[{"@type":"ReadAction","target":["https:\/\/www.veltec.eu\/fr\/product\/brosse-pour-plinthes-kirby-nl3089\/"]}]},{"@type":"ImageObject","inLanguage":"fr-FR","@id":"https:\/\/www.veltec.eu\/fr\/product\/brosse-pour-plinthes-kirby-nl3089\/#primaryimage","url":"https:\/\/www.veltec.eu\/wp-content\/uploads\/2018\/10\/kirby_parts_82-1.jpg","contentUrl":"https:\/\/www.veltec.eu\/wp-content\/uploads\/2018\/10\/kirby_parts_82-1.jpg","width":300,"height":300},{"@type":"BreadcrumbList","@id":"https:\/\/www.veltec.eu\/fr\/product\/brosse-pour-plinthes-kirby-nl3089\/#breadcrumb","itemListElement":[{"@type":"ListItem","position":1,"name":"Home","item":"https:\/\/www.veltec.eu\/fr\/accueil\/"},{"@type":"ListItem","position":2,"name":"Boutique Kirby","item":"https:\/\/www.veltec.eu\/fr\/boutique-kirby\/"},{"@type":"ListItem","position":3,"name":"Brosse Pour Plinthes Kirby"}]},{"@type":"WebSite","@id":"https:\/\/www.veltec.eu\/en\/#website","url":"https:\/\/www.veltec.eu\/en\/","name":"Veltec Kirby specialist","description":"Kirby stofzuiger producten","publisher":{"@id":"https:\/\/www.veltec.eu\/en\/#organization"},"potentialAction":[{"@type":"SearchAction","target":{"@type":"EntryPoint","urlTemplate":"https:\/\/www.veltec.eu\/en\/?s={search_term_string}"},"query-input":{"@type":"PropertyValueSpecification","valueRequired":true,"valueName":"search_term_string"}}],"inLanguage":"fr-FR"},{"@type":"Organization","@id":"https:\/\/www.veltec.eu\/en\/#organization","name":"Veltec Kirby Specialist","url":"https:\/\/www.veltec.eu\/en\/","logo":{"@type":"ImageObject","inLanguage":"fr-FR","@id":"https:\/\/www.veltec.eu\/en\/#\/schema\/logo\/image\/","url":"https:\/\/www.veltec.eu\/wp-content\/uploads\/2021\/12\/Veltec-log-groot-e1537260889125.png","contentUrl":"https:\/\/www.veltec.eu\/wp-content\/uploads\/2021\/12\/Veltec-log-groot-e1537260889125.png","width":200,"height":60,"caption":"Veltec Kirby Specialist"},"image":{"@id":"https:\/\/www.veltec.eu\/en\/#\/schema\/logo\/image\/"},"sameAs":["https:\/\/www.facebook.com\/Veltec-Kirby-Specialist-236746293374877\/","https:\/\/www.youtube.com\/user\/VeltecService"]}]}},"_links":{"self":[{"href":"https:\/\/www.veltec.eu\/fr\/wp-json\/wp\/v2\/product\/11070","targetHints":{"allow":["GET"]}}],"collection":[{"href":"https:\/\/www.veltec.eu\/fr\/wp-json\/wp\/v2\/product"}],"about":[{"href":"https:\/\/www.veltec.eu\/fr\/wp-json\/wp\/v2\/types\/product"}],"replies":[{"embeddable":true,"href":"https:\/\/www.veltec.eu\/fr\/wp-json\/wp\/v2\/comments?post=11070"}],"wp:featuredmedia":[{"embeddable":true,"href":"https:\/\/www.veltec.eu\/fr\/wp-json\/wp\/v2\/media\/32648"}],"wp:attachment":[{"href":"https:\/\/www.veltec.eu\/fr\/wp-json\/wp\/v2\/media?parent=11070"}],"wp:term":[{"taxonomy":"product_brand","embeddable":true,"href":"https:\/\/www.veltec.eu\/fr\/wp-json\/wp\/v2\/product_brand?post=11070"},{"taxonomy":"product_cat","embeddable":true,"href":"https:\/\/www.veltec.eu\/fr\/wp-json\/wp\/v2\/product_cat?post=11070"},{"taxonomy":"product_tag","embeddable":true,"href":"https:\/\/www.veltec.eu\/fr\/wp-json\/wp\/v2\/product_tag?post=11070"}],"curies":[{"name":"wp","href":"https:\/\/api.w.org\/{rel}","templated":true}]}}