{"id":11060,"date":"2018-10-19T15:47:05","date_gmt":"2018-10-19T13:47:05","guid":{"rendered":"https:\/\/www.veltec.eu\/kirby-webshop\/dessous-de-brosse-plate-pour-sols-nl3081\/"},"modified":"2026-05-04T13:36:45","modified_gmt":"2026-05-04T11:36:45","slug":"dessous-de-brosse-plate-pour-sols-kirby-nl3081","status":"publish","type":"product","link":"https:\/\/www.veltec.eu\/fr\/product\/dessous-de-brosse-plate-pour-sols-kirby-nl3081\/","title":{"rendered":"Dessous de brosse plate pour sols Kirby"},"content":{"rendered":"<h1 data-start=\"110\" data-end=\"146\">Dessous de brosse plate pour sols Kirby<\/h1>\n<p data-start=\"148\" data-end=\"450\">La dessous de brosse plate pour sols Kirby\u00a0constitue le c\u0153ur fonctionnel de la brosse plate, assurant un nettoyage stable et uniforme. Gr\u00e2ce aux roulettes et \u00e0 la brosse int\u00e9gr\u00e9es, cet \u00e9l\u00e9ment glisse facilement sur diff\u00e9rents types de sols tout en captant efficacement la poussi\u00e8re et les salet\u00e9s.<\/p>\n<h3 data-start=\"452\" data-end=\"515\">Pourquoi choisir la Dessous de brosse plate pour sols Kirby<\/h3>\n<p data-start=\"517\" data-end=\"763\">Cette sous-partie a \u00e9t\u00e9 con\u00e7ue pour optimiser les performances de la brosse. Ainsi, la puissance d\u2019aspiration reste uniform\u00e9ment r\u00e9partie et le mouvement sur le sol reste contr\u00f4l\u00e9. De plus, sa construction permet un nettoyage fluide sans \u00e0-coups.<\/p>\n<h2 data-start=\"765\" data-end=\"817\">Dessous de brosse plate pour sols Kirby avec roulettes et bande de brosse<\/h2>\n<p data-start=\"819\" data-end=\"1090\">La base inf\u00e9rieure de la brosse plate Kirby est livr\u00e9e compl\u00e8te avec roulettes et bande de brosse. Cela garantit un glissement stable tout en d\u00e9tachant efficacement la poussi\u00e8re et les salet\u00e9s fines. La conception r\u00e9duit \u00e9galement les frottements inutiles sur le sol.<\/p>\n<h2 data-start=\"1092\" data-end=\"1148\">Compatibilit\u00e9 universelle de la base inf\u00e9rieure Kirby<\/h2>\n<p data-start=\"1150\" data-end=\"1388\">Gr\u00e2ce \u00e0 son design universel, cette base est compatible avec presque tous les mod\u00e8les d\u2019aspirateurs Kirby. Le remplacement se fait facilement et sans ajustements suppl\u00e9mentaires, tout en maintenant les performances optimales de la brosse.<\/p>\n<h3 data-start=\"1390\" data-end=\"1442\">Compatible avec la plupart des aspirateurs Kirby<\/h3>\n<p data-start=\"1444\" data-end=\"1501\">Cette sous-partie peut \u00eatre utilis\u00e9e avec, entre autres :<\/p>\n<ul data-start=\"1503\" data-end=\"1744\">\n<li data-start=\"1503\" data-end=\"1522\">Avalir Platinum<\/li>\n<li data-start=\"1523\" data-end=\"1535\">Avalir 2<\/li>\n<li data-start=\"1536\" data-end=\"1548\">Avalir 1<\/li>\n<li data-start=\"1549\" data-end=\"1569\">Sentria 2 (G10D)<\/li>\n<li data-start=\"1570\" data-end=\"1589\">Sentria 1 (G10)<\/li>\n<li data-start=\"1590\" data-end=\"1631\">Ultimate G Diamond Edition (G7D \/ DE)<\/li>\n<li data-start=\"1632\" data-end=\"1656\">Ultimate G (G7 \/ UG)<\/li>\n<li data-start=\"1657\" data-end=\"1678\">Generation 6 (G6)<\/li>\n<li data-start=\"1679\" data-end=\"1700\">Generation 5 (G5)<\/li>\n<li data-start=\"1701\" data-end=\"1722\">Generation 4 (G4)<\/li>\n<li data-start=\"1723\" data-end=\"1744\">Generation 3 (G3)<\/li>\n<\/ul>\n<p data-start=\"1746\" data-end=\"1915\">Ainsi, la base inf\u00e9rieure de la brosse plate Kirby constitue un choix fiable pour l\u2019entretien, le remplacement et le maintien de performances de nettoyage optimales.<\/p>\n<h2 data-start=\"1917\" data-end=\"1961\">Conception pratique de la base inf\u00e9rieure<\/h2>\n<p data-start=\"1963\" data-end=\"2148\">La partie plate facilite le nettoyage sous les meubles. Les roulettes permettent une glisse constante, m\u00eame pendant des sessions prolong\u00e9es, assurant stabilit\u00e9 et confort d\u2019utilisation.<\/p>\n<h3 data-start=\"2150\" data-end=\"2211\">Mouvement efficace et r\u00e9partition uniforme de la pression<\/h3>\n<p data-start=\"2213\" data-end=\"2375\">La r\u00e9partition uniforme du poids garantit que la brosse reste stable sur le sol. Cela permet un nettoyage constant tout en r\u00e9duisant l\u2019usure de la t\u00eate de brosse.<\/p>\n<h2 data-start=\"2377\" data-end=\"2421\">Mat\u00e9riaux durables et longue dur\u00e9e de vie<\/h2>\n<p data-start=\"2423\" data-end=\"2639\">Pour un usage intensif, la fiabilit\u00e9 est essentielle. La base inf\u00e9rieure de la brosse plate Kirby est fabriqu\u00e9e avec des mat\u00e9riaux r\u00e9sistants au nettoyage quotidien, assurant une performance durable et constante.<\/p>\n<h3 data-start=\"2641\" data-end=\"2682\">Entretien facile et simple \u00e0 nettoyer<\/h3>\n<p data-start=\"2684\" data-end=\"2865\">Apr\u00e8s utilisation, la base peut \u00eatre facilement v\u00e9rifi\u00e9e pour \u00e9liminer la poussi\u00e8re accumul\u00e9e. Ainsi, la brosse conserve ses performances optimales et sa dur\u00e9e de vie est prolong\u00e9e.<\/p>\n<h2 data-start=\"2867\" data-end=\"2912\">\u00c0 combiner avec d\u2019autres accessoires Kirby<\/h2>\n<p data-start=\"2914\" data-end=\"3171\">Pour une solution de nettoyage compl\u00e8te, combinez cette base avec d\u2019autres pi\u00e8ces originales. D\u00e9couvrez par exemple tous les accessoires Kirby via : <a href=\"https:\/\/www.veltec.eu\/fr\/accessoires-et-tuyaux\/kirby-accessoires\/\"><em data-start=\"3067\" data-end=\"3086\">Kirby accessoires<\/em><\/a>.<br data-start=\"3087\" data-end=\"3090\" \/>Vous cherchez la brosse compl\u00e8te ? Consultez \u00e9galement la <a href=\"https:\/\/www.veltec.eu\/fr\/product\/kirby-brosse-plate-pour-sols-nl3088\/\" target=\"_blank\" rel=\"noopener\"><em>brosse plate Kirby.<\/em><\/a><\/p>\n<h2 data-start=\"3173\" data-end=\"3212\">En savoir plus sur les brosses Kirby<\/h2>\n<p data-start=\"3214\" data-end=\"3376\">Pour mieux comprendre quelle brosse convient le mieux \u00e0 votre sol, lisez l\u2019article complet : <a href=\"https:\/\/www.service-aspirateur-kirby.fr\/brosse-pour-sol-kirby\/\" target=\"_blank\" rel=\"noopener\"><em data-start=\"3307\" data-end=\"3376\">Tout sur les brosses Kirby \u2013 quelle brosse choisir pour votre sol ?<\/em><\/a><\/p>\n<h2 data-start=\"3378\" data-end=\"3431\">Remplacement fiable pour des performances durables<\/h2>\n<p data-start=\"3433\" data-end=\"3695\">La dessous de brosse plate pour sols Kirby\u00a0est un \u00e9l\u00e9ment essentiel pour maintenir la qualit\u00e9 du nettoyage. Gr\u00e2ce \u00e0 son design universel, ses roulettes stables et sa finition durable, votre brosse Kirby conservera des performances optimales jour apr\u00e8s jour.<\/p>\n","protected":false},"excerpt":{"rendered":"<p>Le dessous de brosse plate pour sols Kirby assure un glissement stable et une aspiration efficace. Livr\u00e9 avec roulettes et bande de brosse, compatible avec presque tous les mod\u00e8les Kirby.<\/p>\n[trustindex data-widget-id=e3bb80b24fa128098b960fc2439]\n<h3><span style=\"color: #008000;\"><br \/>\nEn stock<\/span><\/h3>\n[av_font_icon icon='ue812' font='entypo-fontello' style='' caption='' size='25px' position='left' color='#43ad66' link='' linktarget='' title_attr='' sonar_effect_effect='' sonar_effect_color='' sonar_effect_duration='1' sonar_effect_scale='' sonar_effect_opac='0.5' animation='' id='' custom_class='' template_class='' av_uid='' sc_version='1.0' admin_preview_bg=''][\/av_font_icon]\n<p><span style=\"color: #008000;\">Command\u00e9 23:59, exp\u00e9di\u00e9 demain<\/span><\/p>\n<p>&nbsp;<\/p>\n","protected":false},"featured_media":90789,"comment_status":"open","ping_status":"closed","template":"","meta":{"_acf_changed":false},"product_brand":[],"product_cat":[354],"product_tag":[],"class_list":{"0":"post-11060","1":"product","2":"type-product","3":"status-publish","4":"has-post-thumbnail","6":"product_cat-kirby-accessoires","7":"product_shipping_class-klein-de-fr","9":"first","10":"instock","11":"taxable","12":"shipping-taxable","13":"purchasable","14":"product-type-simple"},"acf":[],"yoast_head":"<!-- This site is optimized with the Yoast SEO Premium plugin v27.1 (Yoast SEO v27.4) - https:\/\/yoast.com\/product\/yoast-seo-premium-wordpress\/ -->\n<title>Dessous de brosse plate pour sols Kirby \u2013 complet avec roulettes<\/title>\n<meta name=\"description\" content=\"Dessous de brosse plate pour sols Kirby avec roulettes et bande de brosse. Compatible avec la plupart des mod\u00e8les Kirby pour un nettoyage optimal.\" \/>\n<meta name=\"robots\" content=\"index, follow, max-snippet:-1, max-image-preview:large, max-video-preview:-1\" \/>\n<link rel=\"canonical\" href=\"https:\/\/www.veltec.eu\/fr\/product\/dessous-de-brosse-plate-pour-sols-kirby-nl3081\/\" \/>\n<meta property=\"og:locale\" content=\"fr_FR\" \/>\n<meta property=\"og:type\" content=\"article\" \/>\n<meta property=\"og:title\" content=\"Dessous de brosse plate pour sols Kirby\" \/>\n<meta property=\"og:description\" content=\"Le dessous de brosse plate pour sols Kirby assure un glissement stable et une aspiration efficace. Livr\u00e9 avec roulettes et bande de brosse, compatible avec presque tous les mod\u00e8les Kirby.    En stock   Command\u00e9 23:59, exp\u00e9di\u00e9 demain  &nbsp;\" \/>\n<meta property=\"og:url\" content=\"https:\/\/www.veltec.eu\/fr\/product\/dessous-de-brosse-plate-pour-sols-kirby-nl3081\/\" \/>\n<meta property=\"og:site_name\" content=\"Veltec Kirby specialist\" \/>\n<meta property=\"article:publisher\" content=\"https:\/\/www.facebook.com\/Veltec-Kirby-Specialist-236746293374877\/\" \/>\n<meta property=\"article:modified_time\" content=\"2026-05-04T11:36:45+00:00\" \/>\n<meta property=\"og:image\" content=\"https:\/\/www.veltec.eu\/wp-content\/uploads\/2018\/10\/vloerplaat-kirby.jpg\" \/>\n\t<meta property=\"og:image:width\" content=\"500\" \/>\n\t<meta property=\"og:image:height\" content=\"500\" \/>\n\t<meta property=\"og:image:type\" content=\"image\/jpeg\" \/>\n<meta name=\"twitter:card\" content=\"summary_large_image\" \/>\n<meta name=\"twitter:label1\" content=\"Dur\u00e9e de lecture estim\u00e9e\" \/>\n\t<meta name=\"twitter:data1\" content=\"3 minutes\" \/>\n<script type=\"application\/ld+json\" class=\"yoast-schema-graph\">{\"@context\":\"https:\\\/\\\/schema.org\",\"@graph\":[{\"@type\":\"WebPage\",\"@id\":\"https:\\\/\\\/www.veltec.eu\\\/fr\\\/product\\\/dessous-de-brosse-plate-pour-sols-kirby-nl3081\\\/\",\"url\":\"https:\\\/\\\/www.veltec.eu\\\/fr\\\/product\\\/dessous-de-brosse-plate-pour-sols-kirby-nl3081\\\/\",\"name\":\"Dessous de brosse plate pour sols Kirby \u2013 complet avec roulettes\",\"isPartOf\":{\"@id\":\"https:\\\/\\\/www.veltec.eu\\\/en\\\/#website\"},\"primaryImageOfPage\":{\"@id\":\"https:\\\/\\\/www.veltec.eu\\\/fr\\\/product\\\/dessous-de-brosse-plate-pour-sols-kirby-nl3081\\\/#primaryimage\"},\"image\":{\"@id\":\"https:\\\/\\\/www.veltec.eu\\\/fr\\\/product\\\/dessous-de-brosse-plate-pour-sols-kirby-nl3081\\\/#primaryimage\"},\"thumbnailUrl\":\"https:\\\/\\\/www.veltec.eu\\\/wp-content\\\/uploads\\\/2018\\\/10\\\/vloerplaat-kirby.jpg\",\"datePublished\":\"2018-10-19T13:47:05+00:00\",\"dateModified\":\"2026-05-04T11:36:45+00:00\",\"description\":\"Dessous de brosse plate pour sols Kirby avec roulettes et bande de brosse. Compatible avec la plupart des mod\u00e8les Kirby pour un nettoyage optimal.\",\"breadcrumb\":{\"@id\":\"https:\\\/\\\/www.veltec.eu\\\/fr\\\/product\\\/dessous-de-brosse-plate-pour-sols-kirby-nl3081\\\/#breadcrumb\"},\"inLanguage\":\"fr-FR\",\"potentialAction\":[{\"@type\":\"ReadAction\",\"target\":[\"https:\\\/\\\/www.veltec.eu\\\/fr\\\/product\\\/dessous-de-brosse-plate-pour-sols-kirby-nl3081\\\/\"]}]},{\"@type\":\"ImageObject\",\"inLanguage\":\"fr-FR\",\"@id\":\"https:\\\/\\\/www.veltec.eu\\\/fr\\\/product\\\/dessous-de-brosse-plate-pour-sols-kirby-nl3081\\\/#primaryimage\",\"url\":\"https:\\\/\\\/www.veltec.eu\\\/wp-content\\\/uploads\\\/2018\\\/10\\\/vloerplaat-kirby.jpg\",\"contentUrl\":\"https:\\\/\\\/www.veltec.eu\\\/wp-content\\\/uploads\\\/2018\\\/10\\\/vloerplaat-kirby.jpg\",\"width\":500,\"height\":500},{\"@type\":\"BreadcrumbList\",\"@id\":\"https:\\\/\\\/www.veltec.eu\\\/fr\\\/product\\\/dessous-de-brosse-plate-pour-sols-kirby-nl3081\\\/#breadcrumb\",\"itemListElement\":[{\"@type\":\"ListItem\",\"position\":1,\"name\":\"Home\",\"item\":\"https:\\\/\\\/www.veltec.eu\\\/fr\\\/accueil\\\/\"},{\"@type\":\"ListItem\",\"position\":2,\"name\":\"Boutique Kirby\",\"item\":\"https:\\\/\\\/www.veltec.eu\\\/fr\\\/boutique-kirby\\\/\"},{\"@type\":\"ListItem\",\"position\":3,\"name\":\"Dessous de brosse plate pour sols Kirby\"}]},{\"@type\":\"WebSite\",\"@id\":\"https:\\\/\\\/www.veltec.eu\\\/en\\\/#website\",\"url\":\"https:\\\/\\\/www.veltec.eu\\\/en\\\/\",\"name\":\"Veltec Kirby specialist\",\"description\":\"Kirby stofzuiger producten\",\"publisher\":{\"@id\":\"https:\\\/\\\/www.veltec.eu\\\/en\\\/#organization\"},\"potentialAction\":[{\"@type\":\"SearchAction\",\"target\":{\"@type\":\"EntryPoint\",\"urlTemplate\":\"https:\\\/\\\/www.veltec.eu\\\/en\\\/?s={search_term_string}\"},\"query-input\":{\"@type\":\"PropertyValueSpecification\",\"valueRequired\":true,\"valueName\":\"search_term_string\"}}],\"inLanguage\":\"fr-FR\"},{\"@type\":\"Organization\",\"@id\":\"https:\\\/\\\/www.veltec.eu\\\/en\\\/#organization\",\"name\":\"Veltec Kirby Specialist\",\"url\":\"https:\\\/\\\/www.veltec.eu\\\/en\\\/\",\"logo\":{\"@type\":\"ImageObject\",\"inLanguage\":\"fr-FR\",\"@id\":\"https:\\\/\\\/www.veltec.eu\\\/en\\\/#\\\/schema\\\/logo\\\/image\\\/\",\"url\":\"https:\\\/\\\/www.veltec.eu\\\/wp-content\\\/uploads\\\/2021\\\/12\\\/Veltec-log-groot-e1537260889125.png\",\"contentUrl\":\"https:\\\/\\\/www.veltec.eu\\\/wp-content\\\/uploads\\\/2021\\\/12\\\/Veltec-log-groot-e1537260889125.png\",\"width\":200,\"height\":60,\"caption\":\"Veltec Kirby Specialist\"},\"image\":{\"@id\":\"https:\\\/\\\/www.veltec.eu\\\/en\\\/#\\\/schema\\\/logo\\\/image\\\/\"},\"sameAs\":[\"https:\\\/\\\/www.facebook.com\\\/Veltec-Kirby-Specialist-236746293374877\\\/\",\"https:\\\/\\\/www.youtube.com\\\/user\\\/VeltecService\"]}]}<\/script>\n<!-- \/ Yoast SEO Premium plugin. -->","yoast_head_json":{"title":"Dessous de brosse plate pour sols Kirby \u2013 complet avec roulettes","description":"Dessous de brosse plate pour sols Kirby avec roulettes et bande de brosse. Compatible avec la plupart des mod\u00e8les Kirby pour un nettoyage optimal.","robots":{"index":"index","follow":"follow","max-snippet":"max-snippet:-1","max-image-preview":"max-image-preview:large","max-video-preview":"max-video-preview:-1"},"canonical":"https:\/\/www.veltec.eu\/fr\/product\/dessous-de-brosse-plate-pour-sols-kirby-nl3081\/","og_locale":"fr_FR","og_type":"article","og_title":"Dessous de brosse plate pour sols Kirby","og_description":"Le dessous de brosse plate pour sols Kirby assure un glissement stable et une aspiration efficace. Livr\u00e9 avec roulettes et bande de brosse, compatible avec presque tous les mod\u00e8les Kirby.    En stock   Command\u00e9 23:59, exp\u00e9di\u00e9 demain  &nbsp;","og_url":"https:\/\/www.veltec.eu\/fr\/product\/dessous-de-brosse-plate-pour-sols-kirby-nl3081\/","og_site_name":"Veltec Kirby specialist","article_publisher":"https:\/\/www.facebook.com\/Veltec-Kirby-Specialist-236746293374877\/","article_modified_time":"2026-05-04T11:36:45+00:00","og_image":[{"width":500,"height":500,"url":"https:\/\/www.veltec.eu\/wp-content\/uploads\/2018\/10\/vloerplaat-kirby.jpg","type":"image\/jpeg"}],"twitter_card":"summary_large_image","twitter_misc":{"Dur\u00e9e de lecture estim\u00e9e":"3 minutes"},"schema":{"@context":"https:\/\/schema.org","@graph":[{"@type":"WebPage","@id":"https:\/\/www.veltec.eu\/fr\/product\/dessous-de-brosse-plate-pour-sols-kirby-nl3081\/","url":"https:\/\/www.veltec.eu\/fr\/product\/dessous-de-brosse-plate-pour-sols-kirby-nl3081\/","name":"Dessous de brosse plate pour sols Kirby \u2013 complet avec roulettes","isPartOf":{"@id":"https:\/\/www.veltec.eu\/en\/#website"},"primaryImageOfPage":{"@id":"https:\/\/www.veltec.eu\/fr\/product\/dessous-de-brosse-plate-pour-sols-kirby-nl3081\/#primaryimage"},"image":{"@id":"https:\/\/www.veltec.eu\/fr\/product\/dessous-de-brosse-plate-pour-sols-kirby-nl3081\/#primaryimage"},"thumbnailUrl":"https:\/\/www.veltec.eu\/wp-content\/uploads\/2018\/10\/vloerplaat-kirby.jpg","datePublished":"2018-10-19T13:47:05+00:00","dateModified":"2026-05-04T11:36:45+00:00","description":"Dessous de brosse plate pour sols Kirby avec roulettes et bande de brosse. Compatible avec la plupart des mod\u00e8les Kirby pour un nettoyage optimal.","breadcrumb":{"@id":"https:\/\/www.veltec.eu\/fr\/product\/dessous-de-brosse-plate-pour-sols-kirby-nl3081\/#breadcrumb"},"inLanguage":"fr-FR","potentialAction":[{"@type":"ReadAction","target":["https:\/\/www.veltec.eu\/fr\/product\/dessous-de-brosse-plate-pour-sols-kirby-nl3081\/"]}]},{"@type":"ImageObject","inLanguage":"fr-FR","@id":"https:\/\/www.veltec.eu\/fr\/product\/dessous-de-brosse-plate-pour-sols-kirby-nl3081\/#primaryimage","url":"https:\/\/www.veltec.eu\/wp-content\/uploads\/2018\/10\/vloerplaat-kirby.jpg","contentUrl":"https:\/\/www.veltec.eu\/wp-content\/uploads\/2018\/10\/vloerplaat-kirby.jpg","width":500,"height":500},{"@type":"BreadcrumbList","@id":"https:\/\/www.veltec.eu\/fr\/product\/dessous-de-brosse-plate-pour-sols-kirby-nl3081\/#breadcrumb","itemListElement":[{"@type":"ListItem","position":1,"name":"Home","item":"https:\/\/www.veltec.eu\/fr\/accueil\/"},{"@type":"ListItem","position":2,"name":"Boutique Kirby","item":"https:\/\/www.veltec.eu\/fr\/boutique-kirby\/"},{"@type":"ListItem","position":3,"name":"Dessous de brosse plate pour sols Kirby"}]},{"@type":"WebSite","@id":"https:\/\/www.veltec.eu\/en\/#website","url":"https:\/\/www.veltec.eu\/en\/","name":"Veltec Kirby specialist","description":"Kirby stofzuiger producten","publisher":{"@id":"https:\/\/www.veltec.eu\/en\/#organization"},"potentialAction":[{"@type":"SearchAction","target":{"@type":"EntryPoint","urlTemplate":"https:\/\/www.veltec.eu\/en\/?s={search_term_string}"},"query-input":{"@type":"PropertyValueSpecification","valueRequired":true,"valueName":"search_term_string"}}],"inLanguage":"fr-FR"},{"@type":"Organization","@id":"https:\/\/www.veltec.eu\/en\/#organization","name":"Veltec Kirby Specialist","url":"https:\/\/www.veltec.eu\/en\/","logo":{"@type":"ImageObject","inLanguage":"fr-FR","@id":"https:\/\/www.veltec.eu\/en\/#\/schema\/logo\/image\/","url":"https:\/\/www.veltec.eu\/wp-content\/uploads\/2021\/12\/Veltec-log-groot-e1537260889125.png","contentUrl":"https:\/\/www.veltec.eu\/wp-content\/uploads\/2021\/12\/Veltec-log-groot-e1537260889125.png","width":200,"height":60,"caption":"Veltec Kirby Specialist"},"image":{"@id":"https:\/\/www.veltec.eu\/en\/#\/schema\/logo\/image\/"},"sameAs":["https:\/\/www.facebook.com\/Veltec-Kirby-Specialist-236746293374877\/","https:\/\/www.youtube.com\/user\/VeltecService"]}]}},"_links":{"self":[{"href":"https:\/\/www.veltec.eu\/fr\/wp-json\/wp\/v2\/product\/11060","targetHints":{"allow":["GET"]}}],"collection":[{"href":"https:\/\/www.veltec.eu\/fr\/wp-json\/wp\/v2\/product"}],"about":[{"href":"https:\/\/www.veltec.eu\/fr\/wp-json\/wp\/v2\/types\/product"}],"replies":[{"embeddable":true,"href":"https:\/\/www.veltec.eu\/fr\/wp-json\/wp\/v2\/comments?post=11060"}],"wp:featuredmedia":[{"embeddable":true,"href":"https:\/\/www.veltec.eu\/fr\/wp-json\/wp\/v2\/media\/90789"}],"wp:attachment":[{"href":"https:\/\/www.veltec.eu\/fr\/wp-json\/wp\/v2\/media?parent=11060"}],"wp:term":[{"taxonomy":"product_brand","embeddable":true,"href":"https:\/\/www.veltec.eu\/fr\/wp-json\/wp\/v2\/product_brand?post=11060"},{"taxonomy":"product_cat","embeddable":true,"href":"https:\/\/www.veltec.eu\/fr\/wp-json\/wp\/v2\/product_cat?post=11060"},{"taxonomy":"product_tag","embeddable":true,"href":"https:\/\/www.veltec.eu\/fr\/wp-json\/wp\/v2\/product_tag?post=11060"}],"curies":[{"name":"wp","href":"https:\/\/api.w.org\/{rel}","templated":true}]}}