{"id":11055,"date":"2018-10-19T15:50:32","date_gmt":"2018-10-19T13:50:32","guid":{"rendered":"https:\/\/www.veltec.eu\/kirby-webshop\/poignee-nl3056\/"},"modified":"2026-02-20T08:26:25","modified_gmt":"2026-02-20T06:26:25","slug":"poignee-kirby-nl3056","status":"publish","type":"product","link":"https:\/\/www.veltec.eu\/fr\/product\/poignee-kirby-nl3056\/","title":{"rendered":"Poign\u00e9e Kirby"},"content":{"rendered":"<div class=\"flex flex-col text-sm pb-25\">\n<article class=\"text-token-text-primary w-full focus:outline-none [--shadow-height:45px] has-data-writing-block:pointer-events-none has-data-writing-block:-mt-(--shadow-height) has-data-writing-block:pt-(--shadow-height) [&amp;:has([data-writing-block])&gt;*]:pointer-events-auto scroll-mt-[calc(var(--header-height)+min(200px,max(70px,20svh)))]\" dir=\"auto\" tabindex=\"-1\" data-turn-id=\"request-69970171-d4f8-832a-9a6e-b9128b94daa6-3\" data-testid=\"conversation-turn-8\" data-scroll-anchor=\"true\" data-turn=\"assistant\">\n<div class=\"text-base my-auto mx-auto pb-10 [--thread-content-margin:--spacing(4)] @w-sm\/main:[--thread-content-margin:--spacing(6)] @w-lg\/main:[--thread-content-margin:--spacing(16)] px-(--thread-content-margin)\">\n<div class=\"[--thread-content-max-width:40rem] @w-lg\/main:[--thread-content-max-width:48rem] mx-auto max-w-(--thread-content-max-width) flex-1 group\/turn-messages focus-visible:outline-hidden relative flex w-full min-w-0 flex-col agent-turn\" tabindex=\"-1\">\n<div class=\"flex max-w-full flex-col grow\">\n<div class=\"min-h-8 text-message relative flex w-full flex-col items-end gap-2 text-start break-words whitespace-normal [.text-message+&amp;]:mt-1\" dir=\"auto\" data-message-author-role=\"assistant\" data-message-id=\"af1819c0-1de1-483a-b7af-4ef1ea6808bf\" data-message-model-slug=\"gpt-5-2\">\n<div class=\"flex w-full flex-col gap-1 empty:hidden first:pt-[1px]\">\n<div class=\"markdown prose dark:prose-invert w-full wrap-break-word light markdown-new-styling\">\n<h1 data-start=\"0\" data-end=\"79\">Poign\u00e9e Kirby \u2013 Am\u00e9liorez votre contr\u00f4le et votre confort lors du nettoyage<\/h1>\n<p data-start=\"81\" data-end=\"524\">Vous recherchez une poign\u00e9e pratique et universelle pour votre aspirateur Kirby ? La Poign\u00e9e Kirby remplace le manche et rend votre appareil plus compact. De plus, le sac \u00e0 poussi\u00e8re se place facilement \u00e0 l\u2019arri\u00e8re de la poign\u00e9e, ce qui permet de nettoyer plus efficacement et confortablement. Cette poign\u00e9e est compatible avec la plupart des mod\u00e8les Kirby, notamment Avalir Platinum, Sentria 2, Ultimate G Diamond Edition et Generation 6.<\/p>\n<h2 data-start=\"531\" data-end=\"567\">Qu\u2019est-ce qu\u2019une Poign\u00e9e Kirby ?<\/h2>\n<p data-start=\"569\" data-end=\"950\">Une poign\u00e9e est un \u00e9l\u00e9ment essentiel qui assure un contr\u00f4le optimal et un grand confort pendant l\u2019aspiration. Le design ergonomique de la poign\u00e9e Kirby r\u00e9duit la pression sur votre main et votre poignet, ce qui facilite les longues sessions de nettoyage. Gr\u00e2ce \u00e0 sa compatibilit\u00e9 universelle, cette poign\u00e9e s\u2019adapte \u00e0 diff\u00e9rents mod\u00e8les Kirby et garantit un ajustement parfait.<\/p>\n<p data-start=\"952\" data-end=\"1044\">D\u00e9couvrez \u00e9galement tous nos <a href=\"https:\/\/www.veltec.eu\/fr\/?page_id=59277\" target=\"_blank\" rel=\"noopener\">accessoires Kirby<\/a> pour compl\u00e9ter votre exp\u00e9rience de nettoyage.<\/p>\n<h2 data-start=\"1051\" data-end=\"1097\">Caract\u00e9ristiques importantes de la poign\u00e9e<\/h2>\n<h3 data-start=\"1099\" data-end=\"1305\">Ergonomique et confortable<\/h3>\n<p data-start=\"1099\" data-end=\"1305\">La poign\u00e9e est con\u00e7ue pour r\u00e9duire la pression sur votre poignet tout en offrant une prise ferme. Ainsi, le nettoyage reste confortable, m\u00eame en cas d\u2019utilisation intensive.<\/p>\n<h3 data-start=\"1307\" data-end=\"1519\">Durable et fiable<\/h3>\n<p data-start=\"1307\" data-end=\"1519\">Fabriqu\u00e9e \u00e0 partir de mat\u00e9riaux robustes, cette poign\u00e9e r\u00e9siste \u00e0 l\u2019usage quotidien et \u00e0 l\u2019usure. Kirby est reconnu pour la fiabilit\u00e9 de ses pi\u00e8ces, et cette poign\u00e9e ne fait pas exception.<\/p>\n<h3 data-start=\"1521\" data-end=\"1597\">Compatibilit\u00e9 universelle<\/h3>\n<p data-start=\"1521\" data-end=\"1597\">La poign\u00e9e convient \u00e0 divers mod\u00e8les Kirby :<\/p>\n<ul data-start=\"1599\" data-end=\"1764\">\n<li data-start=\"1599\" data-end=\"1638\">Avalir Platinum, Avalir 1, Avalir 2<\/li>\n<li data-start=\"1639\" data-end=\"1676\">Sentria 1 (G10), Sentria 2 (G10D)<\/li>\n<li data-start=\"1677\" data-end=\"1738\">Ultimate G (G7 ou UG), Ultimate G Diamond Ed. (G7D ou DE)<\/li>\n<li data-start=\"1739\" data-end=\"1764\">Generation 3, 4, 5, 6<\/li>\n<\/ul>\n<h2 data-start=\"1771\" data-end=\"1806\">Installation simple et conseils<\/h2>\n<p data-start=\"1808\" data-end=\"1973\">Gr\u00e2ce \u00e0 sa conception conviviale, vous fixez la poign\u00e9e rapidement et facilement, sans \u00e9tapes compliqu\u00e9es. En quelques minutes, votre aspirateur est pr\u00eat \u00e0 l\u2019emploi.<\/p>\n<p data-start=\"1975\" data-end=\"2205\">Pour une installation rapide et sans probl\u00e8me, suivez les instructions fournies. Pour plus d\u2019inspiration et de conseils sur la modification de votre aspirateur Kirby, consultez notre blog : <a href=\"https:\/\/www.service-aspirateur-kirby.fr\/reconstruire-laspirateur-kirby-partie-1\/\" target=\"_blank\" rel=\"noopener\">Reconstruire l\u2019aspirateur Kirby Partie 1<\/a><\/p>\n<h2 data-start=\"2212\" data-end=\"2251\">Pourquoi choisir la Poign\u00e9e Kirby ?<\/h2>\n<h3 data-start=\"2253\" data-end=\"2532\">Contr\u00f4le et confort am\u00e9lior\u00e9s<\/h3>\n<p data-start=\"2253\" data-end=\"2532\">Avec cette poign\u00e9e, vous b\u00e9n\u00e9ficiez d\u2019une am\u00e9lioration notable de la maniabilit\u00e9 et de la pr\u00e9cision lors du nettoyage. Gr\u00e2ce \u00e0 son design ergonomique, vous \u00e9vitez la fatigue et l\u2019inconfort tout en vous d\u00e9pla\u00e7ant efficacement dans votre maison.<\/p>\n<h3 data-start=\"2534\" data-end=\"2730\">Durabilit\u00e9 \u00e0 long terme<\/h3>\n<p data-start=\"2534\" data-end=\"2730\">Le mat\u00e9riau de haute qualit\u00e9 garantit une longue dur\u00e9e de vie. Vous investissez dans une poign\u00e9e fiable, con\u00e7ue pour r\u00e9sister \u00e0 une utilisation quotidienne intensive.<\/p>\n<h3 data-start=\"2732\" data-end=\"2963\">Entretien facile<\/h3>\n<p data-start=\"2732\" data-end=\"2963\">La poign\u00e9e est facile \u00e0 nettoyer. Un essuyage r\u00e9gulier avec un chiffon humide \u00e9vite l\u2019accumulation de salet\u00e9s et conserve son aspect neuf. Un bon entretien prolonge \u00e9galement la dur\u00e9e de vie de votre poign\u00e9e.<\/p>\n<p data-start=\"2970\" data-end=\"3171\" data-is-last-node=\"\" data-is-only-node=\"\">La poign\u00e9e Kirby est indispensable pour tous ceux qui recherchent contr\u00f4le, confort et durabilit\u00e9 lors du nettoyage. Am\u00e9liorez votre Kirby d\u00e8s aujourd\u2019hui et d\u00e9couvrez la diff\u00e9rence par vous-m\u00eame !<\/p>\n<\/div>\n<\/div>\n<\/div>\n<\/div>\n<\/div>\n<\/div>\n<\/article>\n<\/div>\n","protected":false},"excerpt":{"rendered":"<p>La poign\u00e9e Kirby remplace le manche pour un nettoyage plus compact et confortable. Compatible avec la plupart des mod\u00e8les Kirby et facile \u00e0 installer.<\/p>\n[trustindex data-widget-id=e3bb80b24fa128098b960fc2439]\n<h3><span style=\"color: #008000;\"><br \/>\nEn stock<\/span><\/h3>\n[av_font_icon icon='ue812' font='entypo-fontello' style='' caption='' size='25px' position='left' color='#43ad66' link='' linktarget='' title_attr='' sonar_effect_effect='' sonar_effect_color='' sonar_effect_duration='1' sonar_effect_scale='' sonar_effect_opac='0.5' animation='' id='' custom_class='' template_class='' av_uid='' sc_version='1.0' admin_preview_bg=''][\/av_font_icon]\n<p><span style=\"color: #008000;\">Command\u00e9 23:59, exp\u00e9di\u00e9 demain<\/span><\/p>\n<p>&nbsp;<\/p>\n","protected":false},"featured_media":88256,"comment_status":"open","ping_status":"closed","template":"","meta":{"_acf_changed":false},"product_brand":[],"product_cat":[354],"product_tag":[],"class_list":{"0":"post-11055","1":"product","2":"type-product","3":"status-publish","4":"has-post-thumbnail","6":"product_cat-kirby-accessoires","7":"product_shipping_class-klein-de-fr","9":"first","10":"instock","11":"taxable","12":"shipping-taxable","13":"purchasable","14":"product-type-simple"},"acf":[],"yoast_head":"<!-- This site is optimized with the Yoast SEO Premium plugin v27.1 (Yoast SEO v27.4) - https:\/\/yoast.com\/product\/yoast-seo-premium-wordpress\/ -->\n<title>Poign\u00e9e Kirby \u2013 Confort et Contr\u00f4le Universels<\/title>\n<meta name=\"description\" content=\"Am\u00e9liorez votre aspirateur avec la Poign\u00e9e Kirby universelle. Ergonomique, durable et facile \u00e0 installer pour de nombreux mod\u00e8les.\" \/>\n<meta name=\"robots\" content=\"index, follow, max-snippet:-1, max-image-preview:large, max-video-preview:-1\" \/>\n<link rel=\"canonical\" href=\"https:\/\/www.veltec.eu\/fr\/product\/poignee-kirby-nl3056\/\" \/>\n<meta property=\"og:locale\" content=\"fr_FR\" \/>\n<meta property=\"og:type\" content=\"article\" \/>\n<meta property=\"og:title\" content=\"Poign\u00e9e Kirby\" \/>\n<meta property=\"og:description\" content=\"La poign\u00e9e Kirby remplace le manche pour un nettoyage plus compact et confortable. Compatible avec la plupart des mod\u00e8les Kirby et facile \u00e0 installer.    En stock   Command\u00e9 23:59, exp\u00e9di\u00e9 demain  &nbsp;\" \/>\n<meta property=\"og:url\" content=\"https:\/\/www.veltec.eu\/fr\/product\/poignee-kirby-nl3056\/\" \/>\n<meta property=\"og:site_name\" content=\"Veltec Kirby specialist\" \/>\n<meta property=\"article:publisher\" content=\"https:\/\/www.facebook.com\/Veltec-Kirby-Specialist-236746293374877\/\" \/>\n<meta property=\"article:modified_time\" content=\"2026-02-20T06:26:25+00:00\" \/>\n<meta property=\"og:image\" content=\"https:\/\/www.veltec.eu\/wp-content\/uploads\/2018\/10\/Kirby-handvat-1-1.jpg\" \/>\n\t<meta property=\"og:image:width\" content=\"725\" \/>\n\t<meta property=\"og:image:height\" content=\"725\" \/>\n\t<meta property=\"og:image:type\" content=\"image\/jpeg\" \/>\n<meta name=\"twitter:card\" content=\"summary_large_image\" \/>\n<meta name=\"twitter:label1\" content=\"Dur\u00e9e de lecture estim\u00e9e\" \/>\n\t<meta name=\"twitter:data1\" content=\"3 minutes\" \/>\n<script type=\"application\/ld+json\" class=\"yoast-schema-graph\">{\"@context\":\"https:\\\/\\\/schema.org\",\"@graph\":[{\"@type\":\"WebPage\",\"@id\":\"https:\\\/\\\/www.veltec.eu\\\/fr\\\/product\\\/poignee-kirby-nl3056\\\/\",\"url\":\"https:\\\/\\\/www.veltec.eu\\\/fr\\\/product\\\/poignee-kirby-nl3056\\\/\",\"name\":\"Poign\u00e9e Kirby \u2013 Confort et Contr\u00f4le Universels\",\"isPartOf\":{\"@id\":\"https:\\\/\\\/www.veltec.eu\\\/en\\\/#website\"},\"primaryImageOfPage\":{\"@id\":\"https:\\\/\\\/www.veltec.eu\\\/fr\\\/product\\\/poignee-kirby-nl3056\\\/#primaryimage\"},\"image\":{\"@id\":\"https:\\\/\\\/www.veltec.eu\\\/fr\\\/product\\\/poignee-kirby-nl3056\\\/#primaryimage\"},\"thumbnailUrl\":\"https:\\\/\\\/www.veltec.eu\\\/wp-content\\\/uploads\\\/2018\\\/10\\\/Kirby-handvat-1-1.jpg\",\"datePublished\":\"2018-10-19T13:50:32+00:00\",\"dateModified\":\"2026-02-20T06:26:25+00:00\",\"description\":\"Am\u00e9liorez votre aspirateur avec la Poign\u00e9e Kirby universelle. Ergonomique, durable et facile \u00e0 installer pour de nombreux mod\u00e8les.\",\"breadcrumb\":{\"@id\":\"https:\\\/\\\/www.veltec.eu\\\/fr\\\/product\\\/poignee-kirby-nl3056\\\/#breadcrumb\"},\"inLanguage\":\"fr-FR\",\"potentialAction\":[{\"@type\":\"ReadAction\",\"target\":[\"https:\\\/\\\/www.veltec.eu\\\/fr\\\/product\\\/poignee-kirby-nl3056\\\/\"]}]},{\"@type\":\"ImageObject\",\"inLanguage\":\"fr-FR\",\"@id\":\"https:\\\/\\\/www.veltec.eu\\\/fr\\\/product\\\/poignee-kirby-nl3056\\\/#primaryimage\",\"url\":\"https:\\\/\\\/www.veltec.eu\\\/wp-content\\\/uploads\\\/2018\\\/10\\\/Kirby-handvat-1-1.jpg\",\"contentUrl\":\"https:\\\/\\\/www.veltec.eu\\\/wp-content\\\/uploads\\\/2018\\\/10\\\/Kirby-handvat-1-1.jpg\",\"width\":725,\"height\":725},{\"@type\":\"BreadcrumbList\",\"@id\":\"https:\\\/\\\/www.veltec.eu\\\/fr\\\/product\\\/poignee-kirby-nl3056\\\/#breadcrumb\",\"itemListElement\":[{\"@type\":\"ListItem\",\"position\":1,\"name\":\"Home\",\"item\":\"https:\\\/\\\/www.veltec.eu\\\/fr\\\/accueil\\\/\"},{\"@type\":\"ListItem\",\"position\":2,\"name\":\"Boutique Kirby\",\"item\":\"https:\\\/\\\/www.veltec.eu\\\/fr\\\/boutique-kirby\\\/\"},{\"@type\":\"ListItem\",\"position\":3,\"name\":\"Poign\u00e9e Kirby\"}]},{\"@type\":\"WebSite\",\"@id\":\"https:\\\/\\\/www.veltec.eu\\\/en\\\/#website\",\"url\":\"https:\\\/\\\/www.veltec.eu\\\/en\\\/\",\"name\":\"Veltec Kirby specialist\",\"description\":\"Kirby stofzuiger producten\",\"publisher\":{\"@id\":\"https:\\\/\\\/www.veltec.eu\\\/en\\\/#organization\"},\"potentialAction\":[{\"@type\":\"SearchAction\",\"target\":{\"@type\":\"EntryPoint\",\"urlTemplate\":\"https:\\\/\\\/www.veltec.eu\\\/en\\\/?s={search_term_string}\"},\"query-input\":{\"@type\":\"PropertyValueSpecification\",\"valueRequired\":true,\"valueName\":\"search_term_string\"}}],\"inLanguage\":\"fr-FR\"},{\"@type\":\"Organization\",\"@id\":\"https:\\\/\\\/www.veltec.eu\\\/en\\\/#organization\",\"name\":\"Veltec Kirby Specialist\",\"url\":\"https:\\\/\\\/www.veltec.eu\\\/en\\\/\",\"logo\":{\"@type\":\"ImageObject\",\"inLanguage\":\"fr-FR\",\"@id\":\"https:\\\/\\\/www.veltec.eu\\\/en\\\/#\\\/schema\\\/logo\\\/image\\\/\",\"url\":\"https:\\\/\\\/www.veltec.eu\\\/wp-content\\\/uploads\\\/2021\\\/12\\\/Veltec-log-groot-e1537260889125.png\",\"contentUrl\":\"https:\\\/\\\/www.veltec.eu\\\/wp-content\\\/uploads\\\/2021\\\/12\\\/Veltec-log-groot-e1537260889125.png\",\"width\":200,\"height\":60,\"caption\":\"Veltec Kirby Specialist\"},\"image\":{\"@id\":\"https:\\\/\\\/www.veltec.eu\\\/en\\\/#\\\/schema\\\/logo\\\/image\\\/\"},\"sameAs\":[\"https:\\\/\\\/www.facebook.com\\\/Veltec-Kirby-Specialist-236746293374877\\\/\",\"https:\\\/\\\/www.youtube.com\\\/user\\\/VeltecService\"]}]}<\/script>\n<!-- \/ Yoast SEO Premium plugin. -->","yoast_head_json":{"title":"Poign\u00e9e Kirby \u2013 Confort et Contr\u00f4le Universels","description":"Am\u00e9liorez votre aspirateur avec la Poign\u00e9e Kirby universelle. Ergonomique, durable et facile \u00e0 installer pour de nombreux mod\u00e8les.","robots":{"index":"index","follow":"follow","max-snippet":"max-snippet:-1","max-image-preview":"max-image-preview:large","max-video-preview":"max-video-preview:-1"},"canonical":"https:\/\/www.veltec.eu\/fr\/product\/poignee-kirby-nl3056\/","og_locale":"fr_FR","og_type":"article","og_title":"Poign\u00e9e Kirby","og_description":"La poign\u00e9e Kirby remplace le manche pour un nettoyage plus compact et confortable. Compatible avec la plupart des mod\u00e8les Kirby et facile \u00e0 installer.    En stock   Command\u00e9 23:59, exp\u00e9di\u00e9 demain  &nbsp;","og_url":"https:\/\/www.veltec.eu\/fr\/product\/poignee-kirby-nl3056\/","og_site_name":"Veltec Kirby specialist","article_publisher":"https:\/\/www.facebook.com\/Veltec-Kirby-Specialist-236746293374877\/","article_modified_time":"2026-02-20T06:26:25+00:00","og_image":[{"width":725,"height":725,"url":"https:\/\/www.veltec.eu\/wp-content\/uploads\/2018\/10\/Kirby-handvat-1-1.jpg","type":"image\/jpeg"}],"twitter_card":"summary_large_image","twitter_misc":{"Dur\u00e9e de lecture estim\u00e9e":"3 minutes"},"schema":{"@context":"https:\/\/schema.org","@graph":[{"@type":"WebPage","@id":"https:\/\/www.veltec.eu\/fr\/product\/poignee-kirby-nl3056\/","url":"https:\/\/www.veltec.eu\/fr\/product\/poignee-kirby-nl3056\/","name":"Poign\u00e9e Kirby \u2013 Confort et Contr\u00f4le Universels","isPartOf":{"@id":"https:\/\/www.veltec.eu\/en\/#website"},"primaryImageOfPage":{"@id":"https:\/\/www.veltec.eu\/fr\/product\/poignee-kirby-nl3056\/#primaryimage"},"image":{"@id":"https:\/\/www.veltec.eu\/fr\/product\/poignee-kirby-nl3056\/#primaryimage"},"thumbnailUrl":"https:\/\/www.veltec.eu\/wp-content\/uploads\/2018\/10\/Kirby-handvat-1-1.jpg","datePublished":"2018-10-19T13:50:32+00:00","dateModified":"2026-02-20T06:26:25+00:00","description":"Am\u00e9liorez votre aspirateur avec la Poign\u00e9e Kirby universelle. Ergonomique, durable et facile \u00e0 installer pour de nombreux mod\u00e8les.","breadcrumb":{"@id":"https:\/\/www.veltec.eu\/fr\/product\/poignee-kirby-nl3056\/#breadcrumb"},"inLanguage":"fr-FR","potentialAction":[{"@type":"ReadAction","target":["https:\/\/www.veltec.eu\/fr\/product\/poignee-kirby-nl3056\/"]}]},{"@type":"ImageObject","inLanguage":"fr-FR","@id":"https:\/\/www.veltec.eu\/fr\/product\/poignee-kirby-nl3056\/#primaryimage","url":"https:\/\/www.veltec.eu\/wp-content\/uploads\/2018\/10\/Kirby-handvat-1-1.jpg","contentUrl":"https:\/\/www.veltec.eu\/wp-content\/uploads\/2018\/10\/Kirby-handvat-1-1.jpg","width":725,"height":725},{"@type":"BreadcrumbList","@id":"https:\/\/www.veltec.eu\/fr\/product\/poignee-kirby-nl3056\/#breadcrumb","itemListElement":[{"@type":"ListItem","position":1,"name":"Home","item":"https:\/\/www.veltec.eu\/fr\/accueil\/"},{"@type":"ListItem","position":2,"name":"Boutique Kirby","item":"https:\/\/www.veltec.eu\/fr\/boutique-kirby\/"},{"@type":"ListItem","position":3,"name":"Poign\u00e9e Kirby"}]},{"@type":"WebSite","@id":"https:\/\/www.veltec.eu\/en\/#website","url":"https:\/\/www.veltec.eu\/en\/","name":"Veltec Kirby specialist","description":"Kirby stofzuiger producten","publisher":{"@id":"https:\/\/www.veltec.eu\/en\/#organization"},"potentialAction":[{"@type":"SearchAction","target":{"@type":"EntryPoint","urlTemplate":"https:\/\/www.veltec.eu\/en\/?s={search_term_string}"},"query-input":{"@type":"PropertyValueSpecification","valueRequired":true,"valueName":"search_term_string"}}],"inLanguage":"fr-FR"},{"@type":"Organization","@id":"https:\/\/www.veltec.eu\/en\/#organization","name":"Veltec Kirby Specialist","url":"https:\/\/www.veltec.eu\/en\/","logo":{"@type":"ImageObject","inLanguage":"fr-FR","@id":"https:\/\/www.veltec.eu\/en\/#\/schema\/logo\/image\/","url":"https:\/\/www.veltec.eu\/wp-content\/uploads\/2021\/12\/Veltec-log-groot-e1537260889125.png","contentUrl":"https:\/\/www.veltec.eu\/wp-content\/uploads\/2021\/12\/Veltec-log-groot-e1537260889125.png","width":200,"height":60,"caption":"Veltec Kirby Specialist"},"image":{"@id":"https:\/\/www.veltec.eu\/en\/#\/schema\/logo\/image\/"},"sameAs":["https:\/\/www.facebook.com\/Veltec-Kirby-Specialist-236746293374877\/","https:\/\/www.youtube.com\/user\/VeltecService"]}]}},"_links":{"self":[{"href":"https:\/\/www.veltec.eu\/fr\/wp-json\/wp\/v2\/product\/11055","targetHints":{"allow":["GET"]}}],"collection":[{"href":"https:\/\/www.veltec.eu\/fr\/wp-json\/wp\/v2\/product"}],"about":[{"href":"https:\/\/www.veltec.eu\/fr\/wp-json\/wp\/v2\/types\/product"}],"replies":[{"embeddable":true,"href":"https:\/\/www.veltec.eu\/fr\/wp-json\/wp\/v2\/comments?post=11055"}],"wp:featuredmedia":[{"embeddable":true,"href":"https:\/\/www.veltec.eu\/fr\/wp-json\/wp\/v2\/media\/88256"}],"wp:attachment":[{"href":"https:\/\/www.veltec.eu\/fr\/wp-json\/wp\/v2\/media?parent=11055"}],"wp:term":[{"taxonomy":"product_brand","embeddable":true,"href":"https:\/\/www.veltec.eu\/fr\/wp-json\/wp\/v2\/product_brand?post=11055"},{"taxonomy":"product_cat","embeddable":true,"href":"https:\/\/www.veltec.eu\/fr\/wp-json\/wp\/v2\/product_cat?post=11055"},{"taxonomy":"product_tag","embeddable":true,"href":"https:\/\/www.veltec.eu\/fr\/wp-json\/wp\/v2\/product_tag?post=11055"}],"curies":[{"name":"wp","href":"https:\/\/api.w.org\/{rel}","templated":true}]}}