{"id":11025,"date":"2018-10-19T16:19:57","date_gmt":"2018-10-19T14:19:57","guid":{"rendered":"https:\/\/www.veltec.eu\/kirby-webshop\/pistolet-a-shampoing-nl3102\/"},"modified":"2026-02-12T13:11:36","modified_gmt":"2026-02-12T11:11:36","slug":"pistolet-a-shampoing-kirby-nl3102","status":"publish","type":"product","link":"https:\/\/www.veltec.eu\/fr\/product\/pistolet-a-shampoing-kirby-nl3102\/","title":{"rendered":"Pistolet \u00c0 Shampoing Kirby"},"content":{"rendered":"<h1 data-start=\"120\" data-end=\"212\">Pistolet \u00c0 Shampoing Kirby \u2013 Outil universel de nettoyage pour tapis et meubles rembourr\u00e9s<\/h1>\n<p data-start=\"214\" data-end=\"665\">Le Pistolet \u00c0 Shampoing Kirby est con\u00e7u pour le shampouinage manuel des surfaces textiles telles que les chaises, les canap\u00e9s, les escaliers recouverts de moquette et les si\u00e8ges automobiles. Gr\u00e2ce \u00e0 la combinaison d\u2019eau et de shampoing, vous pouvez nettoyer en profondeur les tissus d\u2019ameublement sans faire appel \u00e0 un professionnel. Compatible avec la majorit\u00e9 des mod\u00e8les Kirby, cet accessoire devient rapidement indispensable dans chaque foyer.<\/p>\n<p data-start=\"667\" data-end=\"726\"><a href=\"https:\/\/www.veltec.eu\/fr\/kirby-accessoires\/\" target=\"_blank\" rel=\"noopener\">D\u00e9couvrez tous les accessoires Kirby pour votre aspirateur.<\/a><\/p>\n<h2 data-start=\"728\" data-end=\"786\">Compatibilit\u00e9 universelle du Pistolet \u00c0 Shampoing<\/h2>\n<p data-start=\"788\" data-end=\"872\">Le pistolet \u00e0 shampoing\u00a0s\u2019adapte \u00e0 tous les aspirateurs Kirby, notamment :<\/p>\n<ul data-start=\"874\" data-end=\"1090\">\n<li data-start=\"874\" data-end=\"913\">Avalir Platinum, Avalir 2, Avalir 1<\/li>\n<li data-start=\"914\" data-end=\"951\">Sentria 2 (G10D), Sentria 1 (G10)<\/li>\n<li data-start=\"952\" data-end=\"1013\">Ultimate G Diamond Ed. (G7D ou DE), Ultimate G (G7 ou UG)<\/li>\n<li data-start=\"1014\" data-end=\"1090\">Generation 6 (G6), Generation 5 (G5), Generation 4 (G4), Generation 3 (G3)<\/li>\n<\/ul>\n<p data-start=\"1092\" data-end=\"1481\">Ainsi, il n\u2019est pas n\u00e9cessaire d\u2019acheter un nouvel aspirateur. De plus, son installation simple permet une mise en service imm\u00e9diate. Cet accessoire repr\u00e9sente donc une solution pratique pour toute personne souhaitant nettoyer r\u00e9guli\u00e8rement tapis, matelas ou si\u00e8ges auto. Gr\u00e2ce \u00e0 son ajustement universel, le Pistolet \u00c0 Shampoing Kirby se raccorde facilement aux accessoires existants.<\/p>\n<h2 data-start=\"1483\" data-end=\"1542\">Polyvalence et puissance pour un nettoyage en profondeur<\/h2>\n<p data-start=\"1544\" data-end=\"1870\">Le pistolet \u00e0 shampoing\u00a0Kirby est sp\u00e9cialement con\u00e7u pour diffuser \u00e0 la fois de l\u2019eau et du shampoing, garantissant ainsi un nettoyage intensif des fibres textiles. Sa pulv\u00e9risation fine permet au produit nettoyant de p\u00e9n\u00e9trer efficacement dans les tapis et tissus d\u2019ameublement, ce qui aide \u00e0 \u00e9liminer les taches tenaces.<\/p>\n<p data-start=\"1872\" data-end=\"2198\">Par ailleurs, cet outil convient \u00e0 de nombreuses applications. Il est id\u00e9al non seulement pour les tapis, mais \u00e9galement pour les si\u00e8ges, canap\u00e9s, escaliers tapiss\u00e9s et int\u00e9rieurs de voiture. Gr\u00e2ce \u00e0 cette polyvalence, vous gagnez du temps tout en assurant un entretien optimal de toutes les surfaces textiles de votre maison.<\/p>\n<p data-start=\"2200\" data-end=\"2274\"><a href=\"https:\/\/www.service-aspirateur-kirby.fr\/utilisation-du-pistolet-a-shampoing-kirby\/\" target=\"_blank\" rel=\"noopener\">D\u00e9couvrez ici comment utiliser correctement le Pistolet \u00c0 Shampoing Kirby.<\/a><\/p>\n<h2 data-start=\"2276\" data-end=\"2323\">Utilisation simple et conception ergonomique<\/h2>\n<p data-start=\"2325\" data-end=\"2617\">Le pistolet \u00e0 shampoing\u00a0Kirby est l\u00e9ger et dot\u00e9 d\u2019un design ergonomique. Par cons\u00e9quent, il offre une prise en main confortable, m\u00eame lors de sessions de nettoyage prolong\u00e9es. Son fonctionnement intuitif permet d\u2019obtenir des r\u00e9sultats rapides et efficaces, m\u00eame sans exp\u00e9rience pr\u00e9alable.<\/p>\n<p data-start=\"2619\" data-end=\"2827\">En outre, sa conception facilite l\u2019acc\u00e8s aux zones difficiles, comme les escaliers ou les espaces \u00e9troits entre les meubles. Ainsi, le nettoyage devient plus fluide, moins fatigant et nettement plus efficace.<\/p>\n<h2 data-start=\"2829\" data-end=\"2904\">Gagnez du temps et r\u00e9duisez vos co\u00fbts avec le Pistolet \u00c0 Shampoing Kirby<\/h2>\n<p data-start=\"2906\" data-end=\"3165\">En utilisant le pistolet \u00e0 shampoing\u00a0Kirby, vous r\u00e9duisez consid\u00e9rablement les d\u00e9penses li\u00e9es aux services de nettoyage professionnels. Un entretien r\u00e9gulier prolonge la dur\u00e9e de vie de vos tapis et meubles tout en conservant un int\u00e9rieur propre et frais.<\/p>\n<p data-start=\"3167\" data-end=\"3435\" data-is-last-node=\"\" data-is-only-node=\"\">En r\u00e9sum\u00e9, cet accessoire universel associe performance, simplicit\u00e9 d\u2019utilisation et rentabilit\u00e9. Il constitue un compl\u00e9ment essentiel pour votre aspirateur Kirby et transforme votre routine de nettoyage en un processus pratique et orient\u00e9 vers des r\u00e9sultats durables.<\/p>\n","protected":false},"excerpt":{"rendered":"<p>Le pistolet \u00e0 shampoing Kirby nettoie en profondeur tapis, meubles et int\u00e9rieurs de voiture. Universel, facile \u00e0 utiliser et compatible avec tous les aspirateurs Kirby.<\/p>\n[trustindex data-widget-id=e3bb80b24fa128098b960fc2439]\n<h3><span style=\"color: #008000;\"><br \/>\nEn stock<\/span><\/h3>\n[av_font_icon icon='ue812' font='entypo-fontello' style='' caption='' size='25px' position='left' color='#43ad66' link='' linktarget='' title_attr='' sonar_effect_effect='' sonar_effect_color='' sonar_effect_duration='1' sonar_effect_scale='' sonar_effect_opac='0.5' animation='' id='' custom_class='' template_class='' av_uid='' sc_version='1.0' admin_preview_bg=''][\/av_font_icon]\n<p><span style=\"color: #008000;\">Command\u00e9 23:59, exp\u00e9di\u00e9 demain<\/span><\/p>\n<p>&nbsp;<\/p>\n","protected":false},"featured_media":88214,"comment_status":"open","ping_status":"closed","template":"","meta":[],"product_brand":[],"product_cat":[354],"product_tag":[],"class_list":{"0":"post-11025","1":"product","2":"type-product","3":"status-publish","4":"has-post-thumbnail","6":"product_cat-kirby-accessoires-fr","7":"product_shipping_class-klein-de-fr","9":"first","10":"instock","11":"taxable","12":"shipping-taxable","13":"purchasable","14":"product-type-simple"},"yoast_head":"<!-- This site is optimized with the Yoast SEO Premium plugin v27.1 (Yoast SEO v27.4) - https:\/\/yoast.com\/product\/yoast-seo-premium-wordpress\/ -->\n<title>Pistolet \u00c0 Shampoing Kirby \u2013 Nettoyage Profond Tapis<\/title>\n<meta name=\"description\" content=\"Nettoyez tapis, canap\u00e9s et si\u00e8ges auto facilement avec le Pistolet \u00c0 Shampoing Kirby, universel et compatible avec tous les mod\u00e8les Kirby.\" \/>\n<meta name=\"robots\" content=\"index, follow, max-snippet:-1, max-image-preview:large, max-video-preview:-1\" \/>\n<link rel=\"canonical\" href=\"https:\/\/www.veltec.eu\/fr\/product\/pistolet-a-shampoing-kirby-nl3102\/\" \/>\n<meta property=\"og:locale\" content=\"fr_FR\" \/>\n<meta property=\"og:type\" content=\"article\" \/>\n<meta property=\"og:title\" content=\"Pistolet \u00c0 Shampoing Kirby\" \/>\n<meta property=\"og:description\" content=\"Le pistolet \u00e0 shampoing Kirby nettoie en profondeur tapis, meubles et int\u00e9rieurs de voiture. Universel, facile \u00e0 utiliser et compatible avec tous les aspirateurs Kirby.    En stock   Command\u00e9 23:59, exp\u00e9di\u00e9 demain  &nbsp;\" \/>\n<meta property=\"og:url\" content=\"https:\/\/www.veltec.eu\/fr\/product\/pistolet-a-shampoing-kirby-nl3102\/\" \/>\n<meta property=\"og:site_name\" content=\"Veltec Kirby specialist\" \/>\n<meta property=\"article:publisher\" content=\"https:\/\/www.facebook.com\/Veltec-Kirby-Specialist-236746293374877\/\" \/>\n<meta property=\"article:modified_time\" content=\"2026-02-12T11:11:36+00:00\" \/>\n<meta property=\"og:image\" content=\"https:\/\/www.veltec.eu\/wp-content\/uploads\/2018\/10\/Kirby-spraycun.jpg\" \/>\n\t<meta property=\"og:image:width\" content=\"1566\" \/>\n\t<meta property=\"og:image:height\" content=\"1566\" \/>\n\t<meta property=\"og:image:type\" content=\"image\/jpeg\" \/>\n<meta name=\"twitter:card\" content=\"summary_large_image\" \/>\n<meta name=\"twitter:label1\" content=\"Dur\u00e9e de lecture estim\u00e9e\" \/>\n\t<meta name=\"twitter:data1\" content=\"3 minutes\" \/>\n<script type=\"application\/ld+json\" class=\"yoast-schema-graph\">{\"@context\":\"https:\\\/\\\/schema.org\",\"@graph\":[{\"@type\":\"WebPage\",\"@id\":\"https:\\\/\\\/www.veltec.eu\\\/fr\\\/product\\\/pistolet-a-shampoing-kirby-nl3102\\\/\",\"url\":\"https:\\\/\\\/www.veltec.eu\\\/fr\\\/product\\\/pistolet-a-shampoing-kirby-nl3102\\\/\",\"name\":\"Pistolet \u00c0 Shampoing Kirby \u2013 Nettoyage Profond Tapis\",\"isPartOf\":{\"@id\":\"https:\\\/\\\/www.veltec.eu\\\/en\\\/#website\"},\"primaryImageOfPage\":{\"@id\":\"https:\\\/\\\/www.veltec.eu\\\/fr\\\/product\\\/pistolet-a-shampoing-kirby-nl3102\\\/#primaryimage\"},\"image\":{\"@id\":\"https:\\\/\\\/www.veltec.eu\\\/fr\\\/product\\\/pistolet-a-shampoing-kirby-nl3102\\\/#primaryimage\"},\"thumbnailUrl\":\"https:\\\/\\\/www.veltec.eu\\\/wp-content\\\/uploads\\\/2018\\\/10\\\/Kirby-spraycun.jpg\",\"datePublished\":\"2018-10-19T14:19:57+00:00\",\"dateModified\":\"2026-02-12T11:11:36+00:00\",\"description\":\"Nettoyez tapis, canap\u00e9s et si\u00e8ges auto facilement avec le Pistolet \u00c0 Shampoing Kirby, universel et compatible avec tous les mod\u00e8les Kirby.\",\"breadcrumb\":{\"@id\":\"https:\\\/\\\/www.veltec.eu\\\/fr\\\/product\\\/pistolet-a-shampoing-kirby-nl3102\\\/#breadcrumb\"},\"inLanguage\":\"fr-FR\",\"potentialAction\":[{\"@type\":\"ReadAction\",\"target\":[\"https:\\\/\\\/www.veltec.eu\\\/fr\\\/product\\\/pistolet-a-shampoing-kirby-nl3102\\\/\"]}]},{\"@type\":\"ImageObject\",\"inLanguage\":\"fr-FR\",\"@id\":\"https:\\\/\\\/www.veltec.eu\\\/fr\\\/product\\\/pistolet-a-shampoing-kirby-nl3102\\\/#primaryimage\",\"url\":\"https:\\\/\\\/www.veltec.eu\\\/wp-content\\\/uploads\\\/2018\\\/10\\\/Kirby-spraycun.jpg\",\"contentUrl\":\"https:\\\/\\\/www.veltec.eu\\\/wp-content\\\/uploads\\\/2018\\\/10\\\/Kirby-spraycun.jpg\",\"width\":1566,\"height\":1566},{\"@type\":\"BreadcrumbList\",\"@id\":\"https:\\\/\\\/www.veltec.eu\\\/fr\\\/product\\\/pistolet-a-shampoing-kirby-nl3102\\\/#breadcrumb\",\"itemListElement\":[{\"@type\":\"ListItem\",\"position\":1,\"name\":\"Home\",\"item\":\"https:\\\/\\\/www.veltec.eu\\\/fr\\\/\"},{\"@type\":\"ListItem\",\"position\":2,\"name\":\"Produits\",\"item\":\"https:\\\/\\\/www.veltec.eu\\\/fr\\\/shop\\\/\"},{\"@type\":\"ListItem\",\"position\":3,\"name\":\"Pistolet \u00c0 Shampoing Kirby\"}]},{\"@type\":\"WebSite\",\"@id\":\"https:\\\/\\\/www.veltec.eu\\\/en\\\/#website\",\"url\":\"https:\\\/\\\/www.veltec.eu\\\/en\\\/\",\"name\":\"Veltec Kirby specialist\",\"description\":\"Kirby stofzuiger producten\",\"publisher\":{\"@id\":\"https:\\\/\\\/www.veltec.eu\\\/en\\\/#organization\"},\"potentialAction\":[{\"@type\":\"SearchAction\",\"target\":{\"@type\":\"EntryPoint\",\"urlTemplate\":\"https:\\\/\\\/www.veltec.eu\\\/en\\\/?s={search_term_string}\"},\"query-input\":{\"@type\":\"PropertyValueSpecification\",\"valueRequired\":true,\"valueName\":\"search_term_string\"}}],\"inLanguage\":\"fr-FR\"},{\"@type\":\"Organization\",\"@id\":\"https:\\\/\\\/www.veltec.eu\\\/en\\\/#organization\",\"name\":\"Veltec Kirby Specialist\",\"url\":\"https:\\\/\\\/www.veltec.eu\\\/en\\\/\",\"logo\":{\"@type\":\"ImageObject\",\"inLanguage\":\"fr-FR\",\"@id\":\"https:\\\/\\\/www.veltec.eu\\\/en\\\/#\\\/schema\\\/logo\\\/image\\\/\",\"url\":\"https:\\\/\\\/www.veltec.eu\\\/wp-content\\\/uploads\\\/2021\\\/12\\\/Veltec-log-groot-e1537260889125.png\",\"contentUrl\":\"https:\\\/\\\/www.veltec.eu\\\/wp-content\\\/uploads\\\/2021\\\/12\\\/Veltec-log-groot-e1537260889125.png\",\"width\":200,\"height\":60,\"caption\":\"Veltec Kirby Specialist\"},\"image\":{\"@id\":\"https:\\\/\\\/www.veltec.eu\\\/en\\\/#\\\/schema\\\/logo\\\/image\\\/\"},\"sameAs\":[\"https:\\\/\\\/www.facebook.com\\\/Veltec-Kirby-Specialist-236746293374877\\\/\",\"https:\\\/\\\/www.youtube.com\\\/user\\\/VeltecService\"]}]}<\/script>\n<!-- \/ Yoast SEO Premium plugin. -->","yoast_head_json":{"title":"Pistolet \u00c0 Shampoing Kirby \u2013 Nettoyage Profond Tapis","description":"Nettoyez tapis, canap\u00e9s et si\u00e8ges auto facilement avec le Pistolet \u00c0 Shampoing Kirby, universel et compatible avec tous les mod\u00e8les Kirby.","robots":{"index":"index","follow":"follow","max-snippet":"max-snippet:-1","max-image-preview":"max-image-preview:large","max-video-preview":"max-video-preview:-1"},"canonical":"https:\/\/www.veltec.eu\/fr\/product\/pistolet-a-shampoing-kirby-nl3102\/","og_locale":"fr_FR","og_type":"article","og_title":"Pistolet \u00c0 Shampoing Kirby","og_description":"Le pistolet \u00e0 shampoing Kirby nettoie en profondeur tapis, meubles et int\u00e9rieurs de voiture. Universel, facile \u00e0 utiliser et compatible avec tous les aspirateurs Kirby.    En stock   Command\u00e9 23:59, exp\u00e9di\u00e9 demain  &nbsp;","og_url":"https:\/\/www.veltec.eu\/fr\/product\/pistolet-a-shampoing-kirby-nl3102\/","og_site_name":"Veltec Kirby specialist","article_publisher":"https:\/\/www.facebook.com\/Veltec-Kirby-Specialist-236746293374877\/","article_modified_time":"2026-02-12T11:11:36+00:00","og_image":[{"width":1566,"height":1566,"url":"https:\/\/www.veltec.eu\/wp-content\/uploads\/2018\/10\/Kirby-spraycun.jpg","type":"image\/jpeg"}],"twitter_card":"summary_large_image","twitter_misc":{"Dur\u00e9e de lecture estim\u00e9e":"3 minutes"},"schema":{"@context":"https:\/\/schema.org","@graph":[{"@type":"WebPage","@id":"https:\/\/www.veltec.eu\/fr\/product\/pistolet-a-shampoing-kirby-nl3102\/","url":"https:\/\/www.veltec.eu\/fr\/product\/pistolet-a-shampoing-kirby-nl3102\/","name":"Pistolet \u00c0 Shampoing Kirby \u2013 Nettoyage Profond Tapis","isPartOf":{"@id":"https:\/\/www.veltec.eu\/en\/#website"},"primaryImageOfPage":{"@id":"https:\/\/www.veltec.eu\/fr\/product\/pistolet-a-shampoing-kirby-nl3102\/#primaryimage"},"image":{"@id":"https:\/\/www.veltec.eu\/fr\/product\/pistolet-a-shampoing-kirby-nl3102\/#primaryimage"},"thumbnailUrl":"https:\/\/www.veltec.eu\/wp-content\/uploads\/2018\/10\/Kirby-spraycun.jpg","datePublished":"2018-10-19T14:19:57+00:00","dateModified":"2026-02-12T11:11:36+00:00","description":"Nettoyez tapis, canap\u00e9s et si\u00e8ges auto facilement avec le Pistolet \u00c0 Shampoing Kirby, universel et compatible avec tous les mod\u00e8les Kirby.","breadcrumb":{"@id":"https:\/\/www.veltec.eu\/fr\/product\/pistolet-a-shampoing-kirby-nl3102\/#breadcrumb"},"inLanguage":"fr-FR","potentialAction":[{"@type":"ReadAction","target":["https:\/\/www.veltec.eu\/fr\/product\/pistolet-a-shampoing-kirby-nl3102\/"]}]},{"@type":"ImageObject","inLanguage":"fr-FR","@id":"https:\/\/www.veltec.eu\/fr\/product\/pistolet-a-shampoing-kirby-nl3102\/#primaryimage","url":"https:\/\/www.veltec.eu\/wp-content\/uploads\/2018\/10\/Kirby-spraycun.jpg","contentUrl":"https:\/\/www.veltec.eu\/wp-content\/uploads\/2018\/10\/Kirby-spraycun.jpg","width":1566,"height":1566},{"@type":"BreadcrumbList","@id":"https:\/\/www.veltec.eu\/fr\/product\/pistolet-a-shampoing-kirby-nl3102\/#breadcrumb","itemListElement":[{"@type":"ListItem","position":1,"name":"Home","item":"https:\/\/www.veltec.eu\/fr\/"},{"@type":"ListItem","position":2,"name":"Produits","item":"https:\/\/www.veltec.eu\/fr\/shop\/"},{"@type":"ListItem","position":3,"name":"Pistolet \u00c0 Shampoing Kirby"}]},{"@type":"WebSite","@id":"https:\/\/www.veltec.eu\/en\/#website","url":"https:\/\/www.veltec.eu\/en\/","name":"Veltec Kirby specialist","description":"Kirby stofzuiger producten","publisher":{"@id":"https:\/\/www.veltec.eu\/en\/#organization"},"potentialAction":[{"@type":"SearchAction","target":{"@type":"EntryPoint","urlTemplate":"https:\/\/www.veltec.eu\/en\/?s={search_term_string}"},"query-input":{"@type":"PropertyValueSpecification","valueRequired":true,"valueName":"search_term_string"}}],"inLanguage":"fr-FR"},{"@type":"Organization","@id":"https:\/\/www.veltec.eu\/en\/#organization","name":"Veltec Kirby Specialist","url":"https:\/\/www.veltec.eu\/en\/","logo":{"@type":"ImageObject","inLanguage":"fr-FR","@id":"https:\/\/www.veltec.eu\/en\/#\/schema\/logo\/image\/","url":"https:\/\/www.veltec.eu\/wp-content\/uploads\/2021\/12\/Veltec-log-groot-e1537260889125.png","contentUrl":"https:\/\/www.veltec.eu\/wp-content\/uploads\/2021\/12\/Veltec-log-groot-e1537260889125.png","width":200,"height":60,"caption":"Veltec Kirby Specialist"},"image":{"@id":"https:\/\/www.veltec.eu\/en\/#\/schema\/logo\/image\/"},"sameAs":["https:\/\/www.facebook.com\/Veltec-Kirby-Specialist-236746293374877\/","https:\/\/www.youtube.com\/user\/VeltecService"]}]}},"_links":{"self":[{"href":"https:\/\/www.veltec.eu\/fr\/wp-json\/wp\/v2\/product\/11025","targetHints":{"allow":["GET"]}}],"collection":[{"href":"https:\/\/www.veltec.eu\/fr\/wp-json\/wp\/v2\/product"}],"about":[{"href":"https:\/\/www.veltec.eu\/fr\/wp-json\/wp\/v2\/types\/product"}],"replies":[{"embeddable":true,"href":"https:\/\/www.veltec.eu\/fr\/wp-json\/wp\/v2\/comments?post=11025"}],"wp:featuredmedia":[{"embeddable":true,"href":"https:\/\/www.veltec.eu\/fr\/wp-json\/wp\/v2\/media\/88214"}],"wp:attachment":[{"href":"https:\/\/www.veltec.eu\/fr\/wp-json\/wp\/v2\/media?parent=11025"}],"wp:term":[{"taxonomy":"product_brand","embeddable":true,"href":"https:\/\/www.veltec.eu\/fr\/wp-json\/wp\/v2\/product_brand?post=11025"},{"taxonomy":"product_cat","embeddable":true,"href":"https:\/\/www.veltec.eu\/fr\/wp-json\/wp\/v2\/product_cat?post=11025"},{"taxonomy":"product_tag","embeddable":true,"href":"https:\/\/www.veltec.eu\/fr\/wp-json\/wp\/v2\/product_tag?post=11025"}],"curies":[{"name":"wp","href":"https:\/\/api.w.org\/{rel}","templated":true}]}}