{"id":11005,"date":"2018-10-22T11:17:23","date_gmt":"2018-10-22T09:17:23","guid":{"rendered":"https:\/\/www.veltec.eu\/kirby-webshop\/capuchon-protecteur-pour-cordon-d-alimentation-nl3024\/"},"modified":"2026-03-09T14:39:20","modified_gmt":"2026-03-09T12:39:20","slug":"capuchon-protecteur-pour-cordon-d-alimentation-kirby-nl3024","status":"publish","type":"product","link":"https:\/\/www.veltec.eu\/fr\/product\/capuchon-protecteur-pour-cordon-d-alimentation-kirby-nl3024\/","title":{"rendered":"Capuchon protecteur pour cordon d\u2019alimentation Kirby"},"content":{"rendered":"<h1 data-section-id=\"1pkhhcn\" data-start=\"332\" data-end=\"408\">Capuchon protecteur pour cordon d\u2019alimentation Kirby \u2013 Protection optimale pour votre aspirateur<\/h1>\n<p>Prot\u00e9gez votre aspirateur Kirby contre l&#8217;usure et les dommages gr\u00e2ce au Capuchon protecteur pour cordon d\u2019alimentation Kirby.\u00a0 Ce capuchon durable offre une protection optimale de la fiche et du cordon d&#8217;alimentation. Il convient \u00e0 tous les mod\u00e8les Kirby, de la s\u00e9rie Avalir \u00e0 la s\u00e9rie Generation.<\/p>\n<h2 data-section-id=\"100muze\" data-start=\"410\" data-end=\"462\">Capuchon de protection universel Kirby pour tous les mod\u00e8les<\/h2>\n<p data-start=\"464\" data-end=\"657\">Le capuchon de protection pour cordon \u00e9lectrique Kirby est un accessoire indispensable pour tout utilisateur Kirby. Ce capuchon de protection est universel et convient \u00e0 tous les mod\u00e8les d&#8217;aspirateurs Kirby connus, tels que :<\/p>\n<ul data-start=\"659\" data-end=\"877\">\n<li data-section-id=\"sdqf0c\" data-start=\"659\" data-end=\"698\">Avalir Platinum, Avalir 2, Avalir 1<\/li>\n<li data-section-id=\"sjrmtf\" data-start=\"699\" data-end=\"736\">Sentria 2 (G10D), Sentria 1 (G10)<\/li>\n<li data-section-id=\"1t3mkfs\" data-start=\"737\" data-end=\"798\">Ultimate G Diamond Ed. (G7D of DE), Ultimate G (G7 of UG)<\/li>\n<li data-section-id=\"1bxdx5w\" data-start=\"799\" data-end=\"877\">Generation 6 (G6), Generation 5 (G5), Generation 4 (G4), Generation 3 (G3)<\/li>\n<\/ul>\n<p data-start=\"879\" data-end=\"1028\">L&#8217;utilisation de ce capuchon de protection pour le cordon d&#8217;alimentation prolonge la dur\u00e9e de vie de votre cordon et \u00e9vite d&#8217;endommager la fiche.<\/p>\n<p data-start=\"1030\" data-end=\"1220\">Pour en savoir plus sur le fonctionnement des cordons \u00e9lectriques Kirby, consultez notre article de blog :<a href=\"https:\/\/www.service-aspirateur-kirby.fr\/kirby-elektra-cordon\/\" target=\"_blank\" rel=\"noopener\"> Tout savoir sur le cordon \u00e9lectrique Kirby.<\/a><\/p>\n<h2 data-section-id=\"mjod13\" data-start=\"1227\" data-end=\"1287\">Pourquoi un capuchon de protection pour cordon \u00e9lectrique Kirby est-il indispensable ?<\/h2>\n<p data-start=\"1289\" data-end=\"1560\">Le capuchon de protection pour votre fiche Kirby offre une solution simple pour \u00e9viter l&#8217;usure. La fiche de votre cordon d&#8217;alimentation est un \u00e9l\u00e9ment fragile qui peut s&#8217;ab\u00eemer rapidement en cas d&#8217;utilisation intensive. En pla\u00e7ant ce capuchon, vous prot\u00e9gez contre :<\/p>\n<ul data-start=\"1562\" data-end=\"1647\">\n<li data-section-id=\"16fu0cj\" data-start=\"1562\" data-end=\"1586\">Accumulation de salet\u00e9 et de poussi\u00e8re<\/li>\n<li data-section-id=\"16fu0cj\" data-start=\"1562\" data-end=\"1586\">Dommages m\u00e9caniques<\/li>\n<li data-section-id=\"16fu0cj\" data-start=\"1562\" data-end=\"1586\">Points d&#8217;usure g\u00eanants<\/li>\n<\/ul>\n<p data-start=\"1649\" data-end=\"1742\">Cela prolonge la dur\u00e9e de vie de votre c\u00e2ble et \u00e9vite des frais de r\u00e9paration inutiles.<\/p>\n<p data-start=\"1649\" data-end=\"1742\">D\u00e9couvrez \u00e9galement d&#8217;autres <a href=\"https:\/\/www.veltec.eu\/fr\/kirby-cordon-dalimentation\/\" target=\"_blank\" rel=\"noopener\">pi\u00e8ces d\u00e9tach\u00e9es pour cordons \u00e9lectriques Kirby<\/a> pour une protection suppl\u00e9mentaire.<\/p>\n<h2 data-section-id=\"365r6f\" data-start=\"1749\" data-end=\"1811\">Facile \u00e0 installer et adapt\u00e9 \u00e0 un usage quotidien<\/h2>\n<p data-start=\"1813\" data-end=\"2087\">Gr\u00e2ce \u00e0 sa conception conviviale, vous pouvez facilement fixer le capuchon sur la fiche. Le mat\u00e9riau durable r\u00e9siste aux chocs et \u00e0 une utilisation intensive. Que vous utilisiez votre aspirateur Kirby quotidiennement ou seulement une fois par semaine, le capuchon reste bien en place.<\/p>\n<h2 data-section-id=\"1f99tvd\" data-start=\"2259\" data-end=\"2312\">Avantages du capuchon de protection Kirby pour cordon \u00e9lectrique<\/h2>\n<ul data-start=\"2314\" data-end=\"2541\">\n<li data-section-id=\"1s39k99\" data-start=\"2314\" data-end=\"2389\">Conception universelle : convient \u00e0 tous les mod\u00e8les Kirby, anciens et nouveaux<\/li>\n<li data-section-id=\"1s39k99\" data-start=\"2314\" data-end=\"2389\">Haute qualit\u00e9 : mat\u00e9riau robuste pour une protection durable<\/li>\n<li data-section-id=\"1s39k99\" data-start=\"2314\" data-end=\"2389\">Facile \u00e0 installer : se place en un tour de main, sans outils<\/li>\n<\/ul>\n<p data-start=\"2543\" data-end=\"2782\">Prot\u00e9gez votre aspirateur Kirby, \u00e9vitez l&#8217;usure et profitez d&#8217;un fonctionnement sans souci. Le capuchon de protection pour cordon d&#8217;alimentation Kirby est un petit investissement qui offre de grands r\u00e9sultats pour tous les utilisateurs qui appr\u00e9cient la durabilit\u00e9 et la commodit\u00e9.<\/p>\n","protected":false},"excerpt":{"rendered":"<p>La protection universelle pour c\u00e2ble \u00e9lectrique Kirby prot\u00e8ge la fiche et le c\u00e2ble contre l&#8217;usure et la salet\u00e9. Facile \u00e0 installer, elle est compatible avec tous les mod\u00e8les Kirby.<\/p>\n[trustindex data-widget-id=e3bb80b24fa128098b960fc2439]\n<h3><span style=\"color: #008000;\"><br \/>\nEn stock<\/span><\/h3>\n[av_font_icon icon='ue812' font='entypo-fontello' style='' caption='' size='25px' position='left' color='#43ad66' link='' linktarget='' title_attr='' sonar_effect_effect='' sonar_effect_color='' sonar_effect_duration='1' sonar_effect_scale='' sonar_effect_opac='0.5' animation='' id='' custom_class='' template_class='' av_uid='' sc_version='1.0' admin_preview_bg=''][\/av_font_icon]\n<p><span style=\"color: #008000;\">Command\u00e9 23:59, exp\u00e9di\u00e9 demain<\/span><\/p>\n<p>&nbsp;<\/p>\n","protected":false},"featured_media":88332,"comment_status":"open","ping_status":"closed","template":"","meta":[],"product_brand":[],"product_cat":[387],"product_tag":[],"class_list":{"0":"post-11005","1":"product","2":"type-product","3":"status-publish","4":"has-post-thumbnail","6":"product_cat-kirby-cordon-dalimentation-et-accessoires","7":"product_shipping_class-klein-de-fr","9":"first","10":"instock","11":"taxable","12":"shipping-taxable","13":"purchasable","14":"product-type-simple"},"yoast_head":"<!-- This site is optimized with the Yoast SEO Premium plugin v27.1 (Yoast SEO v27.4) - https:\/\/yoast.com\/product\/yoast-seo-premium-wordpress\/ -->\n<title>Capuchon protecteur pour cordon d\u2019alimentation Kirby<\/title>\n<meta name=\"description\" content=\"Le Capuchon protecteur pour cordon d\u2019alimentation Kirby prot\u00e8ge la fiche et le c\u00e2ble contre l&#039;usure. Universel pour tous les mod\u00e8les Kirby.\" \/>\n<meta name=\"robots\" content=\"index, follow, max-snippet:-1, max-image-preview:large, max-video-preview:-1\" \/>\n<link rel=\"canonical\" href=\"https:\/\/www.veltec.eu\/nl\/product\/kirby-beschermkapje-elektrasnoer-nl3024\/\" \/>\n<meta property=\"og:locale\" content=\"fr_FR\" \/>\n<meta property=\"og:type\" content=\"article\" \/>\n<meta property=\"og:title\" content=\"Capuchon protecteur pour cordon d\u2019alimentation Kirby\" \/>\n<meta property=\"og:description\" content=\"La protection universelle pour c\u00e2ble \u00e9lectrique Kirby prot\u00e8ge la fiche et le c\u00e2ble contre l&#039;usure et la salet\u00e9. Facile \u00e0 installer, elle est compatible avec tous les mod\u00e8les Kirby.    En stock   Command\u00e9 23:59, exp\u00e9di\u00e9 demain  &nbsp;\" \/>\n<meta property=\"og:url\" content=\"https:\/\/www.veltec.eu\/nl\/product\/kirby-beschermkapje-elektrasnoer-nl3024\/\" \/>\n<meta property=\"og:site_name\" content=\"Veltec Kirby specialist\" \/>\n<meta property=\"article:publisher\" content=\"https:\/\/www.facebook.com\/Veltec-Kirby-Specialist-236746293374877\/\" \/>\n<meta property=\"article:modified_time\" content=\"2026-03-09T12:39:20+00:00\" \/>\n<meta property=\"og:image\" content=\"https:\/\/www.veltec.eu\/wp-content\/uploads\/2018\/10\/kirby-sentria-cord-cover-k196006-1.jpg\" \/>\n\t<meta property=\"og:image:width\" content=\"400\" \/>\n\t<meta property=\"og:image:height\" content=\"400\" \/>\n\t<meta property=\"og:image:type\" content=\"image\/jpeg\" \/>\n<meta name=\"twitter:card\" content=\"summary_large_image\" \/>\n<meta name=\"twitter:label1\" content=\"Dur\u00e9e de lecture estim\u00e9e\" \/>\n\t<meta name=\"twitter:data1\" content=\"3 minutes\" \/>\n<script type=\"application\/ld+json\" class=\"yoast-schema-graph\">{\"@context\":\"https:\\\/\\\/schema.org\",\"@graph\":[{\"@type\":\"WebPage\",\"@id\":\"https:\\\/\\\/www.veltec.eu\\\/nl\\\/product\\\/kirby-beschermkapje-elektrasnoer-nl3024\\\/\",\"url\":\"https:\\\/\\\/www.veltec.eu\\\/nl\\\/product\\\/kirby-beschermkapje-elektrasnoer-nl3024\\\/\",\"name\":\"Capuchon protecteur pour cordon d\u2019alimentation Kirby\",\"isPartOf\":{\"@id\":\"https:\\\/\\\/www.veltec.eu\\\/en\\\/#website\"},\"primaryImageOfPage\":{\"@id\":\"https:\\\/\\\/www.veltec.eu\\\/nl\\\/product\\\/kirby-beschermkapje-elektrasnoer-nl3024\\\/#primaryimage\"},\"image\":{\"@id\":\"https:\\\/\\\/www.veltec.eu\\\/nl\\\/product\\\/kirby-beschermkapje-elektrasnoer-nl3024\\\/#primaryimage\"},\"thumbnailUrl\":\"https:\\\/\\\/www.veltec.eu\\\/wp-content\\\/uploads\\\/2018\\\/10\\\/kirby-sentria-cord-cover-k196006-1.jpg\",\"datePublished\":\"2018-10-22T09:17:23+00:00\",\"dateModified\":\"2026-03-09T12:39:20+00:00\",\"description\":\"Le Capuchon protecteur pour cordon d\u2019alimentation Kirby prot\u00e8ge la fiche et le c\u00e2ble contre l'usure. Universel pour tous les mod\u00e8les Kirby.\",\"breadcrumb\":{\"@id\":\"https:\\\/\\\/www.veltec.eu\\\/nl\\\/product\\\/kirby-beschermkapje-elektrasnoer-nl3024\\\/#breadcrumb\"},\"inLanguage\":\"fr-FR\",\"potentialAction\":[{\"@type\":\"ReadAction\",\"target\":[\"https:\\\/\\\/www.veltec.eu\\\/nl\\\/product\\\/kirby-beschermkapje-elektrasnoer-nl3024\\\/\"]}]},{\"@type\":\"ImageObject\",\"inLanguage\":\"fr-FR\",\"@id\":\"https:\\\/\\\/www.veltec.eu\\\/nl\\\/product\\\/kirby-beschermkapje-elektrasnoer-nl3024\\\/#primaryimage\",\"url\":\"https:\\\/\\\/www.veltec.eu\\\/wp-content\\\/uploads\\\/2018\\\/10\\\/kirby-sentria-cord-cover-k196006-1.jpg\",\"contentUrl\":\"https:\\\/\\\/www.veltec.eu\\\/wp-content\\\/uploads\\\/2018\\\/10\\\/kirby-sentria-cord-cover-k196006-1.jpg\",\"width\":400,\"height\":400},{\"@type\":\"BreadcrumbList\",\"@id\":\"https:\\\/\\\/www.veltec.eu\\\/nl\\\/product\\\/kirby-beschermkapje-elektrasnoer-nl3024\\\/#breadcrumb\",\"itemListElement\":[{\"@type\":\"ListItem\",\"position\":1,\"name\":\"Home\",\"item\":\"https:\\\/\\\/www.veltec.eu\\\/fr\\\/\"},{\"@type\":\"ListItem\",\"position\":2,\"name\":\"Produits\",\"item\":\"https:\\\/\\\/www.veltec.eu\\\/fr\\\/shop\\\/\"},{\"@type\":\"ListItem\",\"position\":3,\"name\":\"Capuchon protecteur pour cordon d\u2019alimentation Kirby\"}]},{\"@type\":\"WebSite\",\"@id\":\"https:\\\/\\\/www.veltec.eu\\\/en\\\/#website\",\"url\":\"https:\\\/\\\/www.veltec.eu\\\/en\\\/\",\"name\":\"Veltec Kirby specialist\",\"description\":\"Kirby stofzuiger producten\",\"publisher\":{\"@id\":\"https:\\\/\\\/www.veltec.eu\\\/en\\\/#organization\"},\"potentialAction\":[{\"@type\":\"SearchAction\",\"target\":{\"@type\":\"EntryPoint\",\"urlTemplate\":\"https:\\\/\\\/www.veltec.eu\\\/en\\\/?s={search_term_string}\"},\"query-input\":{\"@type\":\"PropertyValueSpecification\",\"valueRequired\":true,\"valueName\":\"search_term_string\"}}],\"inLanguage\":\"fr-FR\"},{\"@type\":\"Organization\",\"@id\":\"https:\\\/\\\/www.veltec.eu\\\/en\\\/#organization\",\"name\":\"Veltec Kirby Specialist\",\"url\":\"https:\\\/\\\/www.veltec.eu\\\/en\\\/\",\"logo\":{\"@type\":\"ImageObject\",\"inLanguage\":\"fr-FR\",\"@id\":\"https:\\\/\\\/www.veltec.eu\\\/en\\\/#\\\/schema\\\/logo\\\/image\\\/\",\"url\":\"https:\\\/\\\/www.veltec.eu\\\/wp-content\\\/uploads\\\/2021\\\/12\\\/Veltec-log-groot-e1537260889125.png\",\"contentUrl\":\"https:\\\/\\\/www.veltec.eu\\\/wp-content\\\/uploads\\\/2021\\\/12\\\/Veltec-log-groot-e1537260889125.png\",\"width\":200,\"height\":60,\"caption\":\"Veltec Kirby Specialist\"},\"image\":{\"@id\":\"https:\\\/\\\/www.veltec.eu\\\/en\\\/#\\\/schema\\\/logo\\\/image\\\/\"},\"sameAs\":[\"https:\\\/\\\/www.facebook.com\\\/Veltec-Kirby-Specialist-236746293374877\\\/\",\"https:\\\/\\\/www.youtube.com\\\/user\\\/VeltecService\"]}]}<\/script>\n<!-- \/ Yoast SEO Premium plugin. -->","yoast_head_json":{"title":"Capuchon protecteur pour cordon d\u2019alimentation Kirby","description":"Le Capuchon protecteur pour cordon d\u2019alimentation Kirby prot\u00e8ge la fiche et le c\u00e2ble contre l'usure. Universel pour tous les mod\u00e8les Kirby.","robots":{"index":"index","follow":"follow","max-snippet":"max-snippet:-1","max-image-preview":"max-image-preview:large","max-video-preview":"max-video-preview:-1"},"canonical":"https:\/\/www.veltec.eu\/nl\/product\/kirby-beschermkapje-elektrasnoer-nl3024\/","og_locale":"fr_FR","og_type":"article","og_title":"Capuchon protecteur pour cordon d\u2019alimentation Kirby","og_description":"La protection universelle pour c\u00e2ble \u00e9lectrique Kirby prot\u00e8ge la fiche et le c\u00e2ble contre l'usure et la salet\u00e9. Facile \u00e0 installer, elle est compatible avec tous les mod\u00e8les Kirby.    En stock   Command\u00e9 23:59, exp\u00e9di\u00e9 demain  &nbsp;","og_url":"https:\/\/www.veltec.eu\/nl\/product\/kirby-beschermkapje-elektrasnoer-nl3024\/","og_site_name":"Veltec Kirby specialist","article_publisher":"https:\/\/www.facebook.com\/Veltec-Kirby-Specialist-236746293374877\/","article_modified_time":"2026-03-09T12:39:20+00:00","og_image":[{"width":400,"height":400,"url":"https:\/\/www.veltec.eu\/wp-content\/uploads\/2018\/10\/kirby-sentria-cord-cover-k196006-1.jpg","type":"image\/jpeg"}],"twitter_card":"summary_large_image","twitter_misc":{"Dur\u00e9e de lecture estim\u00e9e":"3 minutes"},"schema":{"@context":"https:\/\/schema.org","@graph":[{"@type":"WebPage","@id":"https:\/\/www.veltec.eu\/nl\/product\/kirby-beschermkapje-elektrasnoer-nl3024\/","url":"https:\/\/www.veltec.eu\/nl\/product\/kirby-beschermkapje-elektrasnoer-nl3024\/","name":"Capuchon protecteur pour cordon d\u2019alimentation Kirby","isPartOf":{"@id":"https:\/\/www.veltec.eu\/en\/#website"},"primaryImageOfPage":{"@id":"https:\/\/www.veltec.eu\/nl\/product\/kirby-beschermkapje-elektrasnoer-nl3024\/#primaryimage"},"image":{"@id":"https:\/\/www.veltec.eu\/nl\/product\/kirby-beschermkapje-elektrasnoer-nl3024\/#primaryimage"},"thumbnailUrl":"https:\/\/www.veltec.eu\/wp-content\/uploads\/2018\/10\/kirby-sentria-cord-cover-k196006-1.jpg","datePublished":"2018-10-22T09:17:23+00:00","dateModified":"2026-03-09T12:39:20+00:00","description":"Le Capuchon protecteur pour cordon d\u2019alimentation Kirby prot\u00e8ge la fiche et le c\u00e2ble contre l'usure. Universel pour tous les mod\u00e8les Kirby.","breadcrumb":{"@id":"https:\/\/www.veltec.eu\/nl\/product\/kirby-beschermkapje-elektrasnoer-nl3024\/#breadcrumb"},"inLanguage":"fr-FR","potentialAction":[{"@type":"ReadAction","target":["https:\/\/www.veltec.eu\/nl\/product\/kirby-beschermkapje-elektrasnoer-nl3024\/"]}]},{"@type":"ImageObject","inLanguage":"fr-FR","@id":"https:\/\/www.veltec.eu\/nl\/product\/kirby-beschermkapje-elektrasnoer-nl3024\/#primaryimage","url":"https:\/\/www.veltec.eu\/wp-content\/uploads\/2018\/10\/kirby-sentria-cord-cover-k196006-1.jpg","contentUrl":"https:\/\/www.veltec.eu\/wp-content\/uploads\/2018\/10\/kirby-sentria-cord-cover-k196006-1.jpg","width":400,"height":400},{"@type":"BreadcrumbList","@id":"https:\/\/www.veltec.eu\/nl\/product\/kirby-beschermkapje-elektrasnoer-nl3024\/#breadcrumb","itemListElement":[{"@type":"ListItem","position":1,"name":"Home","item":"https:\/\/www.veltec.eu\/fr\/"},{"@type":"ListItem","position":2,"name":"Produits","item":"https:\/\/www.veltec.eu\/fr\/shop\/"},{"@type":"ListItem","position":3,"name":"Capuchon protecteur pour cordon d\u2019alimentation Kirby"}]},{"@type":"WebSite","@id":"https:\/\/www.veltec.eu\/en\/#website","url":"https:\/\/www.veltec.eu\/en\/","name":"Veltec Kirby specialist","description":"Kirby stofzuiger producten","publisher":{"@id":"https:\/\/www.veltec.eu\/en\/#organization"},"potentialAction":[{"@type":"SearchAction","target":{"@type":"EntryPoint","urlTemplate":"https:\/\/www.veltec.eu\/en\/?s={search_term_string}"},"query-input":{"@type":"PropertyValueSpecification","valueRequired":true,"valueName":"search_term_string"}}],"inLanguage":"fr-FR"},{"@type":"Organization","@id":"https:\/\/www.veltec.eu\/en\/#organization","name":"Veltec Kirby Specialist","url":"https:\/\/www.veltec.eu\/en\/","logo":{"@type":"ImageObject","inLanguage":"fr-FR","@id":"https:\/\/www.veltec.eu\/en\/#\/schema\/logo\/image\/","url":"https:\/\/www.veltec.eu\/wp-content\/uploads\/2021\/12\/Veltec-log-groot-e1537260889125.png","contentUrl":"https:\/\/www.veltec.eu\/wp-content\/uploads\/2021\/12\/Veltec-log-groot-e1537260889125.png","width":200,"height":60,"caption":"Veltec Kirby Specialist"},"image":{"@id":"https:\/\/www.veltec.eu\/en\/#\/schema\/logo\/image\/"},"sameAs":["https:\/\/www.facebook.com\/Veltec-Kirby-Specialist-236746293374877\/","https:\/\/www.youtube.com\/user\/VeltecService"]}]}},"_links":{"self":[{"href":"https:\/\/www.veltec.eu\/fr\/wp-json\/wp\/v2\/product\/11005","targetHints":{"allow":["GET"]}}],"collection":[{"href":"https:\/\/www.veltec.eu\/fr\/wp-json\/wp\/v2\/product"}],"about":[{"href":"https:\/\/www.veltec.eu\/fr\/wp-json\/wp\/v2\/types\/product"}],"replies":[{"embeddable":true,"href":"https:\/\/www.veltec.eu\/fr\/wp-json\/wp\/v2\/comments?post=11005"}],"wp:featuredmedia":[{"embeddable":true,"href":"https:\/\/www.veltec.eu\/fr\/wp-json\/wp\/v2\/media\/88332"}],"wp:attachment":[{"href":"https:\/\/www.veltec.eu\/fr\/wp-json\/wp\/v2\/media?parent=11005"}],"wp:term":[{"taxonomy":"product_brand","embeddable":true,"href":"https:\/\/www.veltec.eu\/fr\/wp-json\/wp\/v2\/product_brand?post=11005"},{"taxonomy":"product_cat","embeddable":true,"href":"https:\/\/www.veltec.eu\/fr\/wp-json\/wp\/v2\/product_cat?post=11005"},{"taxonomy":"product_tag","embeddable":true,"href":"https:\/\/www.veltec.eu\/fr\/wp-json\/wp\/v2\/product_tag?post=11005"}],"curies":[{"name":"wp","href":"https:\/\/api.w.org\/{rel}","templated":true}]}}