{"id":11000,"date":"2018-10-22T11:26:53","date_gmt":"2018-10-22T09:26:53","guid":{"rendered":"https:\/\/www.veltec.eu\/kirby-webshop\/cordon-d-alimentation-kirby-nl3050\/"},"modified":"2026-03-06T08:24:34","modified_gmt":"2026-03-06T06:24:34","slug":"cordon-electrique-kirby-10m-generation","status":"publish","type":"product","link":"https:\/\/www.veltec.eu\/fr\/product\/cordon-electrique-kirby-10m-generation\/","title":{"rendered":"Cordon \u00e9lectrique Kirby 10m G\u00e9n\u00e9ration"},"content":{"rendered":"<article class=\"text-token-text-primary w-full focus:outline-none [--shadow-height:45px] has-data-writing-block:pointer-events-none has-data-writing-block:-mt-(--shadow-height) has-data-writing-block:pt-(--shadow-height) [&amp;:has([data-writing-block])&gt;*]:pointer-events-auto scroll-mt-[calc(var(--header-height)+min(200px,max(70px,20svh)))]\" dir=\"auto\" tabindex=\"-1\" data-turn-id=\"request-WEB:c36f092b-45d7-4af1-a46f-7e87f42bc303-2\" data-testid=\"conversation-turn-2\" data-scroll-anchor=\"false\" data-turn=\"assistant\">\n<div class=\"text-base my-auto mx-auto [--thread-content-margin:--spacing(4)] @w-sm\/main:[--thread-content-margin:--spacing(6)] @w-lg\/main:[--thread-content-margin:--spacing(16)] px-(--thread-content-margin)\">\n<div class=\"[--thread-content-max-width:40rem] @w-lg\/main:[--thread-content-max-width:48rem] mx-auto max-w-(--thread-content-max-width) flex-1 group\/turn-messages focus-visible:outline-hidden relative flex w-full min-w-0 flex-col agent-turn\" tabindex=\"-1\">\n<div class=\"flex max-w-full flex-col grow\">\n<div class=\"min-h-8 text-message relative flex w-full flex-col items-end gap-2 text-start break-words whitespace-normal [.text-message+&amp;]:mt-1\" dir=\"auto\" data-message-author-role=\"assistant\" data-message-id=\"0b979437-4a6b-4bf3-a94a-19607acade5a\" data-message-model-slug=\"gpt-5-3\">\n<div class=\"flex w-full flex-col gap-1 empty:hidden first:pt-[1px]\">\n<div class=\"markdown prose dark:prose-invert w-full wrap-break-word light markdown-new-styling\">\n<h1 data-start=\"0\" data-end=\"35\">Cordon \u00e9lectrique Kirby 10m G\u00e9n\u00e9ration<\/h1>\n<p data-start=\"37\" data-end=\"481\">Le Cordon \u00e9lectrique Kirby 10m G\u00e9n\u00e9ration est une pi\u00e8ce de rechange puissante et durable pour divers aspirateurs Kirby de la s\u00e9rie Generation. Gr\u00e2ce \u00e0 sa longueur suppl\u00e9mentaire de 10 m\u00e8tres, vous b\u00e9n\u00e9ficiez d&#8217;une flexibilit\u00e9 consid\u00e9rable, tandis que le c\u00e2blage en caoutchouc robuste garantit une alimentation \u00e9lectrique fiable et s\u00fbre pendant l&#8217;aspiration. Ce cordon d&#8217;alimentation Kirby est donc id\u00e9al pour les grandes pi\u00e8ces o\u00f9 les prises de courant sont \u00e9loign\u00e9es les unes des autres.<\/p>\n<h2 data-start=\"488\" data-end=\"556\">C\u00e2ble \u00e9lectrique Kirby 10 m G\u00e9n\u00e9ration pour une libert\u00e9 de mouvement maximale<\/h2>\n<p data-start=\"558\" data-end=\"894\">Le cordon d&#8217;alimentation Kirby G\u00e9n\u00e9ration offre une port\u00e9e nettement sup\u00e9rieure \u00e0 celle des cordons d&#8217;alimentation standard. Il vous permet en effet d&#8217;aspirer de grandes surfaces sans avoir \u00e0 changer constamment de prise. De plus, sa longueur de dix m\u00e8tres vous permet de travailler plus efficacement et de subir moins d&#8217;interruptions pendant le nettoyage.<\/p>\n<p data-start=\"896\" data-end=\"1214\">De plus, le c\u00e2ble est compos\u00e9 d&#8217;un rev\u00eatement en caoutchouc robuste, ce qui le rend extr\u00eamement r\u00e9sistant \u00e0 une utilisation quotidienne. Il reste ainsi flexible, tout en r\u00e9duisant consid\u00e9rablement l&#8217;usure ou les dommages. Le c\u00e2ble d&#8217;alimentation Kirby est donc particuli\u00e8rement adapt\u00e9 \u00e0 un usage domestique intensif.<\/p>\n<h2 data-start=\"1221\" data-end=\"1281\">Compatibilit\u00e9 du c\u00e2ble \u00e9lectrique 10 m G\u00e9n\u00e9ration<\/h2>\n<p data-start=\"1283\" data-end=\"1504\">Le cordon d&#8217;alimentation Kirby 10 m G\u00e9n\u00e9ration a \u00e9t\u00e9 sp\u00e9cialement con\u00e7u pour diff\u00e9rents mod\u00e8les d&#8217;aspirateurs Kirby de la s\u00e9rie G\u00e9n\u00e9ration. Il s&#8217;adapte donc parfaitement \u00e0 la prise d&#8217;alimentation interne de ces mod\u00e8les.<\/p>\n<p data-start=\"1506\" data-end=\"1550\">Compatible avec les aspirateurs Kirby suivants :<\/p>\n<ul data-start=\"1552\" data-end=\"1740\">\n<li data-start=\"1552\" data-end=\"1599\">Kirby Ultimate G Diamond Edition (G7D \/ DE)<\/li>\n<li data-start=\"1552\" data-end=\"1599\">Kirby Ultimate G (G7 \/ UG)<\/li>\n<li data-start=\"1552\" data-end=\"1599\">Kirby G\u00e9n\u00e9ration 6 (G6)<\/li>\n<li data-start=\"1552\" data-end=\"1599\">Kirby G\u00e9n\u00e9ration 5 (G5)<\/li>\n<li data-start=\"1552\" data-end=\"1599\">Kirby G\u00e9n\u00e9ration 4 (G4)<\/li>\n<li data-start=\"1552\" data-end=\"1599\">Kirby G\u00e9n\u00e9ration 3 (G3)<\/li>\n<\/ul>\n<p>ATTENTION : ce cordon n&#8217;est pas adapt\u00e9 aux mod\u00e8les Kirby Sentria et Kirby Avalir. Ces aspirateurs n\u00e9cessitent en effet un autre type de cordon d&#8217;alimentation.<\/p>\n<p data-start=\"1742\" data-end=\"1893\"><a href=\"https:\/\/www.veltec.eu\/fr\/product\/cordon-electrique-kirby-10m-sentria-et-avalir\/\" target=\"_blank\" rel=\"noopener\">Cliquez ici si vous avez un Kirby Sentria ou un Kirby Avalir.<\/a><\/p>\n<h2 data-start=\"1900\" data-end=\"1956\">Installation du cordon d&#8217;alimentation Kirby<\/h2>\n<p data-start=\"1958\" data-end=\"2221\">Le c\u00e2ble d&#8217;alimentation Kirby est facile \u00e0 installer. La fiche de l&#8217;appareil se trouve sous le capuchon de protection situ\u00e9 sur le c\u00f4t\u00e9 droit de l&#8217;aspirateur Kirby. Vous pouvez ensuite retirer ce capuchon \u00e0 l&#8217;aide d&#8217;un tournevis Torx.<\/p>\n<p data-start=\"2223\" data-end=\"2468\">Ensuite, l&#8217;ancien c\u00e2ble est d\u00e9connect\u00e9, apr\u00e8s quoi le nouveau c\u00e2ble d&#8217;alimentation Kirby peut \u00eatre facilement install\u00e9. Gr\u00e2ce aux dispositifs de d\u00e9charge de traction moul\u00e9s par injection, le c\u00e2ble reste solidement fix\u00e9, ce qui \u00e9vite tout dommage caus\u00e9 par la traction ou la flexion.<\/p>\n<p>Vous souhaitez obtenir plus d&#8217;informations sur le fonctionnement et le remplacement du cordon d&#8217;alimentation Kirby ? Lisez l&#8217;article d\u00e9taill\u00e9 sur notre blog :<a href=\"https:\/\/www.service-aspirateur-kirby.fr\/kirby-elektra-cordon\/\" target=\"_blank\" rel=\"noopener\"> Tout savoir sur le cordon d&#8217;alimentation Kirby.<\/a><\/p>\n<h3 data-start=\"2475\" data-end=\"2545\">Caract\u00e9ristiques techniques du cordon \u00e9lectrique G\u00e9n\u00e9ration<\/h3>\n<p data-start=\"2547\" data-end=\"2723\">Le cordon d&#8217;alimentation G\u00e9n\u00e9ration est \u00e9quip\u00e9 de connecteurs de haute qualit\u00e9 et de composants durables. Il offre ainsi une connexion \u00e9lectrique stable et s\u00fbre.<\/p>\n<p data-start=\"2725\" data-end=\"2747\">Caract\u00e9ristiques importantes :<\/p>\n<ul data-start=\"2749\" data-end=\"2986\">\n<li data-start=\"2749\" data-end=\"2769\">Longueur : 10 m\u00e8tres<\/li>\n<li data-start=\"2749\" data-end=\"2769\">Mat\u00e9riau : c\u00e2blage en caoutchouc r\u00e9sistant<\/li>\n<li data-start=\"2749\" data-end=\"2769\">1x fiche droite moul\u00e9e<\/li>\n<li data-start=\"2749\" data-end=\"2769\">1x fiche femelle coud\u00e9e moul\u00e9e<\/li>\n<li data-start=\"2749\" data-end=\"2769\">1x d\u00e9charge de traction int\u00e9gr\u00e9e<\/li>\n<li data-start=\"2749\" data-end=\"2769\">Con\u00e7u pour une utilisation intensive et durable<\/li>\n<\/ul>\n<p data-start=\"2988\" data-end=\"3143\">Gr\u00e2ce \u00e0 ces caract\u00e9ristiques, le cordon allie fiabilit\u00e9 et facilit\u00e9 d&#8217;utilisation, tout en pr\u00e9servant les performances optimales de votre aspirateur Kirby.<\/p>\n<h2 data-start=\"3150\" data-end=\"3221\">Commandez un cordon \u00e9lectrique G\u00e9n\u00e9ration de 10 m pour votre aspirateur Kirby<\/h2>\n<p data-start=\"3223\" data-end=\"3506\">En choisissant le cordon d&#8217;alimentation \u00e9lectrique Kirby 10 m G\u00e9n\u00e9ration, vous b\u00e9n\u00e9ficiez imm\u00e9diatement d&#8217;une plus grande libert\u00e9 de mouvement, d&#8217;une alimentation \u00e9lectrique fiable et d&#8217;une dur\u00e9e de vie prolong\u00e9e de votre \u00e9quipement. De plus, sa conception de haute qualit\u00e9 garantit la r\u00e9sistance du cordon \u00e0 un usage intensif.<\/p>\n<\/div>\n<\/div>\n<\/div>\n<\/div>\n<\/div>\n<\/div>\n<\/article>\n","protected":false},"excerpt":{"rendered":"<p>Le cordon d&#8217;alimentation Kirby 10 m Generation est un cordon de remplacement durable avec un c\u00e2ble en caoutchouc et des connecteurs robustes. Convient aux mod\u00e8les Kirby G3 \u00e0 Diamond et id\u00e9al pour une port\u00e9e suppl\u00e9mentaire pendant l&#8217;aspiration.<\/p>\n[trustindex data-widget-id=e3bb80b24fa128098b960fc2439]\n<h3><span style=\"color: #008000;\"><br \/>\nEn stock<\/span><\/h3>\n[av_font_icon icon='ue812' font='entypo-fontello' style='' caption='' size='25px' position='left' color='#43ad66' link='' linktarget='' title_attr='' sonar_effect_effect='' sonar_effect_color='' sonar_effect_duration='1' sonar_effect_scale='' sonar_effect_opac='0.5' animation='' id='' custom_class='' template_class='' av_uid='' sc_version='1.0' admin_preview_bg=''][\/av_font_icon]\n<p><span style=\"color: #008000;\">Command\u00e9 23:59, exp\u00e9di\u00e9 demain<\/span><\/p>\n<p>&nbsp;<\/p>\n","protected":false},"featured_media":31273,"comment_status":"open","ping_status":"closed","template":"","meta":[],"product_brand":[],"product_cat":[387],"product_tag":[],"class_list":{"0":"post-11000","1":"product","2":"type-product","3":"status-publish","4":"has-post-thumbnail","6":"product_cat-kirby-cordon-dalimentation-et-accessoires","7":"product_shipping_class-klein-de-fr","9":"first","10":"instock","11":"sale","12":"taxable","13":"shipping-taxable","14":"purchasable","15":"product-type-simple"},"yoast_head":"<!-- This site is optimized with the Yoast SEO Premium plugin v27.1 (Yoast SEO v27.4) - https:\/\/yoast.com\/product\/yoast-seo-premium-wordpress\/ -->\n<title>Cordon \u00e9lectrique Kirby 10m G\u00e9n\u00e9ration G3 \u00e0 Diamond<\/title>\n<meta name=\"description\" content=\"Cordon \u00e9lectrique Kirby 10m G\u00e9n\u00e9ration pour G3 \u00e0 Diamond. Cordon d&#039;alimentation avec c\u00e2ble en caoutchouc et fiches robustes. Libert\u00e9 de mouvement maximale.\" \/>\n<meta name=\"robots\" content=\"index, follow, max-snippet:-1, max-image-preview:large, max-video-preview:-1\" \/>\n<link rel=\"canonical\" href=\"https:\/\/www.veltec.eu\/nl\/product\/kirby-elektrasnoer-10m-generation\/\" \/>\n<meta property=\"og:locale\" content=\"fr_FR\" \/>\n<meta property=\"og:type\" content=\"article\" \/>\n<meta property=\"og:title\" content=\"Cordon \u00e9lectrique Kirby 10m G\u00e9n\u00e9ration\" \/>\n<meta property=\"og:description\" content=\"Le cordon d&#039;alimentation Kirby 10 m Generation est un cordon de remplacement durable avec un c\u00e2ble en caoutchouc et des connecteurs robustes. Convient aux mod\u00e8les Kirby G3 \u00e0 Diamond et id\u00e9al pour une port\u00e9e suppl\u00e9mentaire pendant l&#039;aspiration.    En stock   Command\u00e9 23:59, exp\u00e9di\u00e9 demain  &nbsp;\" \/>\n<meta property=\"og:url\" content=\"https:\/\/www.veltec.eu\/nl\/product\/kirby-elektrasnoer-10m-generation\/\" \/>\n<meta property=\"og:site_name\" content=\"Veltec Kirby specialist\" \/>\n<meta property=\"article:publisher\" content=\"https:\/\/www.facebook.com\/Veltec-Kirby-Specialist-236746293374877\/\" \/>\n<meta property=\"article:modified_time\" content=\"2026-03-06T06:24:34+00:00\" \/>\n<meta property=\"og:image\" content=\"https:\/\/www.veltec.eu\/wp-content\/uploads\/2018\/10\/gew-snoer.jpg\" \/>\n\t<meta property=\"og:image:width\" content=\"500\" \/>\n\t<meta property=\"og:image:height\" content=\"500\" \/>\n\t<meta property=\"og:image:type\" content=\"image\/jpeg\" \/>\n<meta name=\"twitter:card\" content=\"summary_large_image\" \/>\n<meta name=\"twitter:label1\" content=\"Dur\u00e9e de lecture estim\u00e9e\" \/>\n\t<meta name=\"twitter:data1\" content=\"3 minutes\" \/>\n<script type=\"application\/ld+json\" class=\"yoast-schema-graph\">{\"@context\":\"https:\\\/\\\/schema.org\",\"@graph\":[{\"@type\":\"WebPage\",\"@id\":\"https:\\\/\\\/www.veltec.eu\\\/nl\\\/product\\\/kirby-elektrasnoer-10m-generation\\\/\",\"url\":\"https:\\\/\\\/www.veltec.eu\\\/nl\\\/product\\\/kirby-elektrasnoer-10m-generation\\\/\",\"name\":\"Cordon \u00e9lectrique Kirby 10m G\u00e9n\u00e9ration G3 \u00e0 Diamond\",\"isPartOf\":{\"@id\":\"https:\\\/\\\/www.veltec.eu\\\/en\\\/#website\"},\"primaryImageOfPage\":{\"@id\":\"https:\\\/\\\/www.veltec.eu\\\/nl\\\/product\\\/kirby-elektrasnoer-10m-generation\\\/#primaryimage\"},\"image\":{\"@id\":\"https:\\\/\\\/www.veltec.eu\\\/nl\\\/product\\\/kirby-elektrasnoer-10m-generation\\\/#primaryimage\"},\"thumbnailUrl\":\"https:\\\/\\\/www.veltec.eu\\\/wp-content\\\/uploads\\\/2018\\\/10\\\/gew-snoer.jpg\",\"datePublished\":\"2018-10-22T09:26:53+00:00\",\"dateModified\":\"2026-03-06T06:24:34+00:00\",\"description\":\"Cordon \u00e9lectrique Kirby 10m G\u00e9n\u00e9ration pour G3 \u00e0 Diamond. Cordon d'alimentation avec c\u00e2ble en caoutchouc et fiches robustes. Libert\u00e9 de mouvement maximale.\",\"breadcrumb\":{\"@id\":\"https:\\\/\\\/www.veltec.eu\\\/nl\\\/product\\\/kirby-elektrasnoer-10m-generation\\\/#breadcrumb\"},\"inLanguage\":\"fr-FR\",\"potentialAction\":[{\"@type\":\"ReadAction\",\"target\":[\"https:\\\/\\\/www.veltec.eu\\\/nl\\\/product\\\/kirby-elektrasnoer-10m-generation\\\/\"]}]},{\"@type\":\"ImageObject\",\"inLanguage\":\"fr-FR\",\"@id\":\"https:\\\/\\\/www.veltec.eu\\\/nl\\\/product\\\/kirby-elektrasnoer-10m-generation\\\/#primaryimage\",\"url\":\"https:\\\/\\\/www.veltec.eu\\\/wp-content\\\/uploads\\\/2018\\\/10\\\/gew-snoer.jpg\",\"contentUrl\":\"https:\\\/\\\/www.veltec.eu\\\/wp-content\\\/uploads\\\/2018\\\/10\\\/gew-snoer.jpg\",\"width\":500,\"height\":500},{\"@type\":\"BreadcrumbList\",\"@id\":\"https:\\\/\\\/www.veltec.eu\\\/nl\\\/product\\\/kirby-elektrasnoer-10m-generation\\\/#breadcrumb\",\"itemListElement\":[{\"@type\":\"ListItem\",\"position\":1,\"name\":\"Home\",\"item\":\"https:\\\/\\\/www.veltec.eu\\\/fr\\\/\"},{\"@type\":\"ListItem\",\"position\":2,\"name\":\"Produits\",\"item\":\"https:\\\/\\\/www.veltec.eu\\\/fr\\\/shop\\\/\"},{\"@type\":\"ListItem\",\"position\":3,\"name\":\"Cordon \u00e9lectrique Kirby 10m G\u00e9n\u00e9ration\"}]},{\"@type\":\"WebSite\",\"@id\":\"https:\\\/\\\/www.veltec.eu\\\/en\\\/#website\",\"url\":\"https:\\\/\\\/www.veltec.eu\\\/en\\\/\",\"name\":\"Veltec Kirby specialist\",\"description\":\"Kirby stofzuiger producten\",\"publisher\":{\"@id\":\"https:\\\/\\\/www.veltec.eu\\\/en\\\/#organization\"},\"potentialAction\":[{\"@type\":\"SearchAction\",\"target\":{\"@type\":\"EntryPoint\",\"urlTemplate\":\"https:\\\/\\\/www.veltec.eu\\\/en\\\/?s={search_term_string}\"},\"query-input\":{\"@type\":\"PropertyValueSpecification\",\"valueRequired\":true,\"valueName\":\"search_term_string\"}}],\"inLanguage\":\"fr-FR\"},{\"@type\":\"Organization\",\"@id\":\"https:\\\/\\\/www.veltec.eu\\\/en\\\/#organization\",\"name\":\"Veltec Kirby Specialist\",\"url\":\"https:\\\/\\\/www.veltec.eu\\\/en\\\/\",\"logo\":{\"@type\":\"ImageObject\",\"inLanguage\":\"fr-FR\",\"@id\":\"https:\\\/\\\/www.veltec.eu\\\/en\\\/#\\\/schema\\\/logo\\\/image\\\/\",\"url\":\"https:\\\/\\\/www.veltec.eu\\\/wp-content\\\/uploads\\\/2021\\\/12\\\/Veltec-log-groot-e1537260889125.png\",\"contentUrl\":\"https:\\\/\\\/www.veltec.eu\\\/wp-content\\\/uploads\\\/2021\\\/12\\\/Veltec-log-groot-e1537260889125.png\",\"width\":200,\"height\":60,\"caption\":\"Veltec Kirby Specialist\"},\"image\":{\"@id\":\"https:\\\/\\\/www.veltec.eu\\\/en\\\/#\\\/schema\\\/logo\\\/image\\\/\"},\"sameAs\":[\"https:\\\/\\\/www.facebook.com\\\/Veltec-Kirby-Specialist-236746293374877\\\/\",\"https:\\\/\\\/www.youtube.com\\\/user\\\/VeltecService\"]}]}<\/script>\n<!-- \/ Yoast SEO Premium plugin. -->","yoast_head_json":{"title":"Cordon \u00e9lectrique Kirby 10m G\u00e9n\u00e9ration G3 \u00e0 Diamond","description":"Cordon \u00e9lectrique Kirby 10m G\u00e9n\u00e9ration pour G3 \u00e0 Diamond. Cordon d'alimentation avec c\u00e2ble en caoutchouc et fiches robustes. Libert\u00e9 de mouvement maximale.","robots":{"index":"index","follow":"follow","max-snippet":"max-snippet:-1","max-image-preview":"max-image-preview:large","max-video-preview":"max-video-preview:-1"},"canonical":"https:\/\/www.veltec.eu\/nl\/product\/kirby-elektrasnoer-10m-generation\/","og_locale":"fr_FR","og_type":"article","og_title":"Cordon \u00e9lectrique Kirby 10m G\u00e9n\u00e9ration","og_description":"Le cordon d'alimentation Kirby 10 m Generation est un cordon de remplacement durable avec un c\u00e2ble en caoutchouc et des connecteurs robustes. Convient aux mod\u00e8les Kirby G3 \u00e0 Diamond et id\u00e9al pour une port\u00e9e suppl\u00e9mentaire pendant l'aspiration.    En stock   Command\u00e9 23:59, exp\u00e9di\u00e9 demain  &nbsp;","og_url":"https:\/\/www.veltec.eu\/nl\/product\/kirby-elektrasnoer-10m-generation\/","og_site_name":"Veltec Kirby specialist","article_publisher":"https:\/\/www.facebook.com\/Veltec-Kirby-Specialist-236746293374877\/","article_modified_time":"2026-03-06T06:24:34+00:00","og_image":[{"width":500,"height":500,"url":"https:\/\/www.veltec.eu\/wp-content\/uploads\/2018\/10\/gew-snoer.jpg","type":"image\/jpeg"}],"twitter_card":"summary_large_image","twitter_misc":{"Dur\u00e9e de lecture estim\u00e9e":"3 minutes"},"schema":{"@context":"https:\/\/schema.org","@graph":[{"@type":"WebPage","@id":"https:\/\/www.veltec.eu\/nl\/product\/kirby-elektrasnoer-10m-generation\/","url":"https:\/\/www.veltec.eu\/nl\/product\/kirby-elektrasnoer-10m-generation\/","name":"Cordon \u00e9lectrique Kirby 10m G\u00e9n\u00e9ration G3 \u00e0 Diamond","isPartOf":{"@id":"https:\/\/www.veltec.eu\/en\/#website"},"primaryImageOfPage":{"@id":"https:\/\/www.veltec.eu\/nl\/product\/kirby-elektrasnoer-10m-generation\/#primaryimage"},"image":{"@id":"https:\/\/www.veltec.eu\/nl\/product\/kirby-elektrasnoer-10m-generation\/#primaryimage"},"thumbnailUrl":"https:\/\/www.veltec.eu\/wp-content\/uploads\/2018\/10\/gew-snoer.jpg","datePublished":"2018-10-22T09:26:53+00:00","dateModified":"2026-03-06T06:24:34+00:00","description":"Cordon \u00e9lectrique Kirby 10m G\u00e9n\u00e9ration pour G3 \u00e0 Diamond. Cordon d'alimentation avec c\u00e2ble en caoutchouc et fiches robustes. Libert\u00e9 de mouvement maximale.","breadcrumb":{"@id":"https:\/\/www.veltec.eu\/nl\/product\/kirby-elektrasnoer-10m-generation\/#breadcrumb"},"inLanguage":"fr-FR","potentialAction":[{"@type":"ReadAction","target":["https:\/\/www.veltec.eu\/nl\/product\/kirby-elektrasnoer-10m-generation\/"]}]},{"@type":"ImageObject","inLanguage":"fr-FR","@id":"https:\/\/www.veltec.eu\/nl\/product\/kirby-elektrasnoer-10m-generation\/#primaryimage","url":"https:\/\/www.veltec.eu\/wp-content\/uploads\/2018\/10\/gew-snoer.jpg","contentUrl":"https:\/\/www.veltec.eu\/wp-content\/uploads\/2018\/10\/gew-snoer.jpg","width":500,"height":500},{"@type":"BreadcrumbList","@id":"https:\/\/www.veltec.eu\/nl\/product\/kirby-elektrasnoer-10m-generation\/#breadcrumb","itemListElement":[{"@type":"ListItem","position":1,"name":"Home","item":"https:\/\/www.veltec.eu\/fr\/"},{"@type":"ListItem","position":2,"name":"Produits","item":"https:\/\/www.veltec.eu\/fr\/shop\/"},{"@type":"ListItem","position":3,"name":"Cordon \u00e9lectrique Kirby 10m G\u00e9n\u00e9ration"}]},{"@type":"WebSite","@id":"https:\/\/www.veltec.eu\/en\/#website","url":"https:\/\/www.veltec.eu\/en\/","name":"Veltec Kirby specialist","description":"Kirby stofzuiger producten","publisher":{"@id":"https:\/\/www.veltec.eu\/en\/#organization"},"potentialAction":[{"@type":"SearchAction","target":{"@type":"EntryPoint","urlTemplate":"https:\/\/www.veltec.eu\/en\/?s={search_term_string}"},"query-input":{"@type":"PropertyValueSpecification","valueRequired":true,"valueName":"search_term_string"}}],"inLanguage":"fr-FR"},{"@type":"Organization","@id":"https:\/\/www.veltec.eu\/en\/#organization","name":"Veltec Kirby Specialist","url":"https:\/\/www.veltec.eu\/en\/","logo":{"@type":"ImageObject","inLanguage":"fr-FR","@id":"https:\/\/www.veltec.eu\/en\/#\/schema\/logo\/image\/","url":"https:\/\/www.veltec.eu\/wp-content\/uploads\/2021\/12\/Veltec-log-groot-e1537260889125.png","contentUrl":"https:\/\/www.veltec.eu\/wp-content\/uploads\/2021\/12\/Veltec-log-groot-e1537260889125.png","width":200,"height":60,"caption":"Veltec Kirby Specialist"},"image":{"@id":"https:\/\/www.veltec.eu\/en\/#\/schema\/logo\/image\/"},"sameAs":["https:\/\/www.facebook.com\/Veltec-Kirby-Specialist-236746293374877\/","https:\/\/www.youtube.com\/user\/VeltecService"]}]}},"_links":{"self":[{"href":"https:\/\/www.veltec.eu\/fr\/wp-json\/wp\/v2\/product\/11000","targetHints":{"allow":["GET"]}}],"collection":[{"href":"https:\/\/www.veltec.eu\/fr\/wp-json\/wp\/v2\/product"}],"about":[{"href":"https:\/\/www.veltec.eu\/fr\/wp-json\/wp\/v2\/types\/product"}],"replies":[{"embeddable":true,"href":"https:\/\/www.veltec.eu\/fr\/wp-json\/wp\/v2\/comments?post=11000"}],"wp:featuredmedia":[{"embeddable":true,"href":"https:\/\/www.veltec.eu\/fr\/wp-json\/wp\/v2\/media\/31273"}],"wp:attachment":[{"href":"https:\/\/www.veltec.eu\/fr\/wp-json\/wp\/v2\/media?parent=11000"}],"wp:term":[{"taxonomy":"product_brand","embeddable":true,"href":"https:\/\/www.veltec.eu\/fr\/wp-json\/wp\/v2\/product_brand?post=11000"},{"taxonomy":"product_cat","embeddable":true,"href":"https:\/\/www.veltec.eu\/fr\/wp-json\/wp\/v2\/product_cat?post=11000"},{"taxonomy":"product_tag","embeddable":true,"href":"https:\/\/www.veltec.eu\/fr\/wp-json\/wp\/v2\/product_tag?post=11000"}],"curies":[{"name":"wp","href":"https:\/\/api.w.org\/{rel}","templated":true}]}}