{"id":10990,"date":"2018-10-22T11:39:55","date_gmt":"2018-10-22T09:39:55","guid":{"rendered":"https:\/\/www.veltec.eu\/kirby-webshop\/plaque-arriere-de-manche-fixe-nl3012\/"},"modified":"2026-03-10T11:45:45","modified_gmt":"2026-03-10T09:45:45","slug":"plaque-arriere-de-manche-fixe-kirby-nl3012","status":"publish","type":"product","link":"https:\/\/www.veltec.eu\/fr\/product\/plaque-arriere-de-manche-fixe-kirby-nl3012\/","title":{"rendered":"Plaque arri\u00e8re de manche fixe Kirby"},"content":{"rendered":"<h1 data-section-id=\"r4yz1r\" data-start=\"369\" data-end=\"433\">Plaque arri\u00e8re de manche fixe Kirby \u2013 Pi\u00e8ce de rechange d&#8217;origine<\/h1>\n<p data-start=\"435\" data-end=\"800\">Vous recherchez une pi\u00e8ce de rechange fiable pour votre aspirateur Kirby ? La Plaque arri\u00e8re de manche fixe Kirby offre une solution durable, de haute qualit\u00e9 et facile \u00e0 installer. Cette pi\u00e8ce est con\u00e7ue pour s&#8217;adapter parfaitement \u00e0 divers mod\u00e8les Kirby, permettant \u00e0 votre aspirateur de fonctionner \u00e0 nouveau de mani\u00e8re optimale et de profiter plus longtemps de votre appareil.<\/p>\n<h2 data-section-id=\"k1tkpc\" data-start=\"616\" data-end=\"691\">Plaque arri\u00e8re de manche fixe Kirby \u2013 Compatible avec plusieurs mod\u00e8les<\/h2>\n<p data-start=\"693\" data-end=\"787\">La plaque arri\u00e8re \u00e0 tige fixe convient \u00e0 diff\u00e9rents mod\u00e8les, notamment :<\/p>\n<ul data-start=\"789\" data-end=\"945\">\n<li data-section-id=\"67owzf\" data-start=\"789\" data-end=\"831\">Ultimate G Diamond Edition (G7D of DE)<\/li>\n<li data-section-id=\"1nfmcpo\" data-start=\"832\" data-end=\"857\">Ultimate G (G7 of UG)<\/li>\n<li data-section-id=\"1ru5amg\" data-start=\"858\" data-end=\"879\">Generation 6 (G6)<\/li>\n<li data-section-id=\"rf3cw8\" data-start=\"880\" data-end=\"901\">Generation 5 (G5)<\/li>\n<li data-section-id=\"1eaksg8\" data-start=\"902\" data-end=\"923\">Generation 4 (G4)<\/li>\n<li data-section-id=\"iw9yq0\" data-start=\"924\" data-end=\"945\">Generation 3 (G3)<\/li>\n<\/ul>\n<p data-start=\"947\" data-end=\"1262\">Pour les propri\u00e9taires d&#8217;un <em>Kirby Sentria, Avalir ou Avalir Platinum<\/em>, il existe une variante sp\u00e9cialement con\u00e7ue :<a href=\"https:\/\/www.veltec.eu\/fr\/product\/plaque-arriere-de-manche-fixe-kirby-sentria\/\" target=\"_blank\" rel=\"noopener\"> la plaque arri\u00e8re Kirby pour manche fixe Sentria<\/a>. Gr\u00e2ce \u00e0 son ajustement pr\u00e9cis, cette plaque arri\u00e8re Kirby garantit une puissance d&#8217;aspiration et une efficacit\u00e9 optimales pendant l&#8217;aspiration.<\/p>\n<h2 data-section-id=\"6m7mx3\" data-start=\"1369\" data-end=\"1414\">Mat\u00e9riaux durables et qualit\u00e9 d&#8217;origine<\/h2>\n<p data-start=\"1416\" data-end=\"1865\">La plaque arri\u00e8re de remplacement est fabriqu\u00e9e \u00e0 partir de mat\u00e9riaux de haute qualit\u00e9, r\u00e9sistants \u00e0 une utilisation quotidienne intensive. Cela garantit la fiabilit\u00e9 de votre aspirateur tout en limitant l&#8217;usure. De plus, la forme originale de cette pi\u00e8ce de rechange Kirby assure une longue dur\u00e9e de vie et des performances constantes. En investissant dans une plaque arri\u00e8re Kirby d&#8217;origine, vous \u00e9vitez une usure pr\u00e9matur\u00e9e et vous \u00e9conomisez sur les r\u00e9parations futures.<\/p>\n<h2 data-section-id=\"17fmj2m\" data-start=\"1872\" data-end=\"1924\">Installation facile et convivialit\u00e9<\/h2>\n<p data-start=\"1926\" data-end=\"2343\">Gr\u00e2ce \u00e0 sa conception intelligente, la plaque arri\u00e8re pour manche fixe Kirby est facile \u00e0 monter. M\u00eame sans connaissances techniques, vous pouvez installer rapidement cette plaque arri\u00e8re de remplacement. Pour obtenir une aide suppl\u00e9mentaire, consultez notre blog sur <a href=\"https:\/\/www.service-aspirateur-kirby.fr\/le-manche-fixe-kirby\/\" target=\"_blank\" rel=\"noopener\">Le manche fixe Kirby.<\/a> Vous serez ainsi assur\u00e9 d&#8217;une installation correcte et d&#8217;un fonctionnement optimal de votre aspirateur.<\/p>\n<h2 data-section-id=\"1tcdi89\" data-start=\"2350\" data-end=\"2381\">\u00c9conomique et efficace<\/h2>\n<p data-start=\"2383\" data-end=\"2762\">Le remplacement de la plaque arri\u00e8re est une solution \u00e9conomique pour prolonger la dur\u00e9e de vie de votre aspirateur Kirby. Au lieu d&#8217;acheter un nouvel appareil, cet accessoire Kirby vous permet de faire fonctionner votre appareil comme s&#8217;il \u00e9tait neuf. De plus, vous augmentez les performances de votre aspirateur et conservez une puissance d&#8217;aspiration maximale, ce qui garantit que votre maison reste toujours exempte de poussi\u00e8re.<\/p>\n<h2 data-section-id=\"6e4yvy\" data-start=\"2769\" data-end=\"2801\">V\u00e9rifiez la compatibilit\u00e9 pour Kirby Plaque arri\u00e8re \u00e0 manche fixe<\/h2>\n<p data-start=\"2803\" data-end=\"3104\">Avant de passer commande, il est important de v\u00e9rifier le num\u00e9ro de mod\u00e8le de votre aspirateur Kirby. Ce num\u00e9ro se trouve g\u00e9n\u00e9ralement sous l&#8217;appareil. Comparez-le avec les mod\u00e8les compatibles afin de vous assurer que la plaque arri\u00e8re \u00e0 manche fixe s&#8217;adapte parfaitement et fonctionne de mani\u00e8re optimale.<\/p>\n<p data-start=\"2819\" data-end=\"3184\">Avec la plaque arri\u00e8re \u00e0 manche fixe Kirby, vous disposez d&#8217;une pi\u00e8ce de rechange originale, fiable et durable. Ajoutez d\u00e8s aujourd&#8217;hui cette pi\u00e8ce essentielle \u00e0 votre panier et d\u00e9couvrez \u00e0 quel point il est facile de maintenir votre aspirateur Kirby en parfait \u00e9tat. Gr\u00e2ce \u00e0 cette pi\u00e8ce Kirby de qualit\u00e9 sup\u00e9rieure, votre aspirateur restera efficace, durable et fiable.<\/p>\n","protected":false},"excerpt":{"rendered":"<p>La plaque arri\u00e8re \u00e0 manche fixe Kirby est une pi\u00e8ce de rechange d&#8217;origine qui s&#8217;adapte parfaitement \u00e0 divers mod\u00e8les Kirby. Facile \u00e0 installer et durable.<\/p>\n[trustindex data-widget-id=e3bb80b24fa128098b960fc2439]\n<h3><span style=\"color: #008000;\"><br \/>\nEn stock<\/span><\/h3>\n[av_font_icon icon='ue812' font='entypo-fontello' style='' caption='' size='25px' position='left' color='#43ad66' link='' linktarget='' title_attr='' sonar_effect_effect='' sonar_effect_color='' sonar_effect_duration='1' sonar_effect_scale='' sonar_effect_opac='0.5' animation='' id='' custom_class='' template_class='' av_uid='' sc_version='1.0' admin_preview_bg=''][\/av_font_icon]\n<p><span style=\"color: #008000;\">Command\u00e9 23:59, exp\u00e9di\u00e9 demain<\/span><\/p>\n<p>&nbsp;<\/p>\n","protected":false},"featured_media":90963,"comment_status":"open","ping_status":"closed","template":"","meta":[],"product_brand":[],"product_cat":[387,285],"product_tag":[],"class_list":{"0":"post-10990","1":"product","2":"type-product","3":"status-publish","4":"has-post-thumbnail","6":"product_cat-kirby-cordon-dalimentation-et-accessoires","7":"product_cat-tubo-accesorios-kirby","8":"product_shipping_class-klein-de-fr","10":"first","11":"instock","12":"taxable","13":"shipping-taxable","14":"purchasable","15":"product-type-simple"},"yoast_head":"<!-- This site is optimized with the Yoast SEO Premium plugin v27.1 (Yoast SEO v27.4) - https:\/\/yoast.com\/product\/yoast-seo-premium-wordpress\/ -->\n<title>Plaque arri\u00e8re de manche fixe Kirby - Remplacement d&#039;origine<\/title>\n<meta name=\"description\" content=\"Plaque arri\u00e8re Kirby d&#039;origine facile \u00e0 installer pour manche fixe. Durable, fiable et compatible avec divers aspirateurs Kirby.\" \/>\n<meta name=\"robots\" content=\"index, follow, max-snippet:-1, max-image-preview:large, max-video-preview:-1\" \/>\n<link rel=\"canonical\" href=\"https:\/\/www.veltec.eu\/nl\/product\/kirby-achterplaat-vaste-steel-nl3012\/\" \/>\n<meta property=\"og:locale\" content=\"fr_FR\" \/>\n<meta property=\"og:type\" content=\"article\" \/>\n<meta property=\"og:title\" content=\"Plaque arri\u00e8re de manche fixe Kirby\" \/>\n<meta property=\"og:description\" content=\"La plaque arri\u00e8re \u00e0 manche fixe Kirby est une pi\u00e8ce de rechange d&#039;origine qui s&#039;adapte parfaitement \u00e0 divers mod\u00e8les Kirby. Facile \u00e0 installer et durable.    En stock   Command\u00e9 23:59, exp\u00e9di\u00e9 demain  &nbsp;\" \/>\n<meta property=\"og:url\" content=\"https:\/\/www.veltec.eu\/nl\/product\/kirby-achterplaat-vaste-steel-nl3012\/\" \/>\n<meta property=\"og:site_name\" content=\"Veltec Kirby specialist\" \/>\n<meta property=\"article:publisher\" content=\"https:\/\/www.facebook.com\/Veltec-Kirby-Specialist-236746293374877\/\" \/>\n<meta property=\"article:modified_time\" content=\"2026-03-10T09:45:45+00:00\" \/>\n<meta property=\"og:image\" content=\"https:\/\/www.veltec.eu\/wp-content\/uploads\/2018\/10\/kirby_achterplaat_steel_generation-3.jpg\" \/>\n\t<meta property=\"og:image:width\" content=\"300\" \/>\n\t<meta property=\"og:image:height\" content=\"300\" \/>\n\t<meta property=\"og:image:type\" content=\"image\/jpeg\" \/>\n<meta name=\"twitter:card\" content=\"summary_large_image\" \/>\n<meta name=\"twitter:label1\" content=\"Dur\u00e9e de lecture estim\u00e9e\" \/>\n\t<meta name=\"twitter:data1\" content=\"3 minutes\" \/>\n<script type=\"application\/ld+json\" class=\"yoast-schema-graph\">{\"@context\":\"https:\\\/\\\/schema.org\",\"@graph\":[{\"@type\":\"WebPage\",\"@id\":\"https:\\\/\\\/www.veltec.eu\\\/nl\\\/product\\\/kirby-achterplaat-vaste-steel-nl3012\\\/\",\"url\":\"https:\\\/\\\/www.veltec.eu\\\/nl\\\/product\\\/kirby-achterplaat-vaste-steel-nl3012\\\/\",\"name\":\"Plaque arri\u00e8re de manche fixe Kirby - Remplacement d'origine\",\"isPartOf\":{\"@id\":\"https:\\\/\\\/www.veltec.eu\\\/en\\\/#website\"},\"primaryImageOfPage\":{\"@id\":\"https:\\\/\\\/www.veltec.eu\\\/nl\\\/product\\\/kirby-achterplaat-vaste-steel-nl3012\\\/#primaryimage\"},\"image\":{\"@id\":\"https:\\\/\\\/www.veltec.eu\\\/nl\\\/product\\\/kirby-achterplaat-vaste-steel-nl3012\\\/#primaryimage\"},\"thumbnailUrl\":\"https:\\\/\\\/www.veltec.eu\\\/wp-content\\\/uploads\\\/2018\\\/10\\\/Kirby-achterplaat-vaste-steel.jpg\",\"datePublished\":\"2018-10-22T09:39:55+00:00\",\"dateModified\":\"2026-03-10T09:45:45+00:00\",\"description\":\"Plaque arri\u00e8re Kirby d'origine facile \u00e0 installer pour manche fixe. Durable, fiable et compatible avec divers aspirateurs Kirby.\",\"breadcrumb\":{\"@id\":\"https:\\\/\\\/www.veltec.eu\\\/nl\\\/product\\\/kirby-achterplaat-vaste-steel-nl3012\\\/#breadcrumb\"},\"inLanguage\":\"fr-FR\",\"potentialAction\":[{\"@type\":\"ReadAction\",\"target\":[\"https:\\\/\\\/www.veltec.eu\\\/nl\\\/product\\\/kirby-achterplaat-vaste-steel-nl3012\\\/\"]}]},{\"@type\":\"ImageObject\",\"inLanguage\":\"fr-FR\",\"@id\":\"https:\\\/\\\/www.veltec.eu\\\/nl\\\/product\\\/kirby-achterplaat-vaste-steel-nl3012\\\/#primaryimage\",\"url\":\"https:\\\/\\\/www.veltec.eu\\\/wp-content\\\/uploads\\\/2018\\\/10\\\/Kirby-achterplaat-vaste-steel.jpg\",\"contentUrl\":\"https:\\\/\\\/www.veltec.eu\\\/wp-content\\\/uploads\\\/2018\\\/10\\\/Kirby-achterplaat-vaste-steel.jpg\",\"width\":600,\"height\":600},{\"@type\":\"BreadcrumbList\",\"@id\":\"https:\\\/\\\/www.veltec.eu\\\/nl\\\/product\\\/kirby-achterplaat-vaste-steel-nl3012\\\/#breadcrumb\",\"itemListElement\":[{\"@type\":\"ListItem\",\"position\":1,\"name\":\"Home\",\"item\":\"https:\\\/\\\/www.veltec.eu\\\/fr\\\/\"},{\"@type\":\"ListItem\",\"position\":2,\"name\":\"Produits\",\"item\":\"https:\\\/\\\/www.veltec.eu\\\/fr\\\/shop\\\/\"},{\"@type\":\"ListItem\",\"position\":3,\"name\":\"Plaque arri\u00e8re de manche fixe Kirby\"}]},{\"@type\":\"WebSite\",\"@id\":\"https:\\\/\\\/www.veltec.eu\\\/en\\\/#website\",\"url\":\"https:\\\/\\\/www.veltec.eu\\\/en\\\/\",\"name\":\"Veltec Kirby specialist\",\"description\":\"Kirby stofzuiger producten\",\"publisher\":{\"@id\":\"https:\\\/\\\/www.veltec.eu\\\/en\\\/#organization\"},\"potentialAction\":[{\"@type\":\"SearchAction\",\"target\":{\"@type\":\"EntryPoint\",\"urlTemplate\":\"https:\\\/\\\/www.veltec.eu\\\/en\\\/?s={search_term_string}\"},\"query-input\":{\"@type\":\"PropertyValueSpecification\",\"valueRequired\":true,\"valueName\":\"search_term_string\"}}],\"inLanguage\":\"fr-FR\"},{\"@type\":\"Organization\",\"@id\":\"https:\\\/\\\/www.veltec.eu\\\/en\\\/#organization\",\"name\":\"Veltec Kirby Specialist\",\"url\":\"https:\\\/\\\/www.veltec.eu\\\/en\\\/\",\"logo\":{\"@type\":\"ImageObject\",\"inLanguage\":\"fr-FR\",\"@id\":\"https:\\\/\\\/www.veltec.eu\\\/en\\\/#\\\/schema\\\/logo\\\/image\\\/\",\"url\":\"https:\\\/\\\/www.veltec.eu\\\/wp-content\\\/uploads\\\/2021\\\/12\\\/Veltec-log-groot-e1537260889125.png\",\"contentUrl\":\"https:\\\/\\\/www.veltec.eu\\\/wp-content\\\/uploads\\\/2021\\\/12\\\/Veltec-log-groot-e1537260889125.png\",\"width\":200,\"height\":60,\"caption\":\"Veltec Kirby Specialist\"},\"image\":{\"@id\":\"https:\\\/\\\/www.veltec.eu\\\/en\\\/#\\\/schema\\\/logo\\\/image\\\/\"},\"sameAs\":[\"https:\\\/\\\/www.facebook.com\\\/Veltec-Kirby-Specialist-236746293374877\\\/\",\"https:\\\/\\\/www.youtube.com\\\/user\\\/VeltecService\"]}]}<\/script>\n<!-- \/ Yoast SEO Premium plugin. -->","yoast_head_json":{"title":"Plaque arri\u00e8re de manche fixe Kirby - Remplacement d'origine","description":"Plaque arri\u00e8re Kirby d'origine facile \u00e0 installer pour manche fixe. Durable, fiable et compatible avec divers aspirateurs Kirby.","robots":{"index":"index","follow":"follow","max-snippet":"max-snippet:-1","max-image-preview":"max-image-preview:large","max-video-preview":"max-video-preview:-1"},"canonical":"https:\/\/www.veltec.eu\/nl\/product\/kirby-achterplaat-vaste-steel-nl3012\/","og_locale":"fr_FR","og_type":"article","og_title":"Plaque arri\u00e8re de manche fixe Kirby","og_description":"La plaque arri\u00e8re \u00e0 manche fixe Kirby est une pi\u00e8ce de rechange d'origine qui s'adapte parfaitement \u00e0 divers mod\u00e8les Kirby. Facile \u00e0 installer et durable.    En stock   Command\u00e9 23:59, exp\u00e9di\u00e9 demain  &nbsp;","og_url":"https:\/\/www.veltec.eu\/nl\/product\/kirby-achterplaat-vaste-steel-nl3012\/","og_site_name":"Veltec Kirby specialist","article_publisher":"https:\/\/www.facebook.com\/Veltec-Kirby-Specialist-236746293374877\/","article_modified_time":"2026-03-10T09:45:45+00:00","og_image":[{"width":300,"height":300,"url":"https:\/\/www.veltec.eu\/wp-content\/uploads\/2018\/10\/kirby_achterplaat_steel_generation-3.jpg","type":"image\/jpeg"}],"twitter_card":"summary_large_image","twitter_misc":{"Dur\u00e9e de lecture estim\u00e9e":"3 minutes"},"schema":{"@context":"https:\/\/schema.org","@graph":[{"@type":"WebPage","@id":"https:\/\/www.veltec.eu\/nl\/product\/kirby-achterplaat-vaste-steel-nl3012\/","url":"https:\/\/www.veltec.eu\/nl\/product\/kirby-achterplaat-vaste-steel-nl3012\/","name":"Plaque arri\u00e8re de manche fixe Kirby - Remplacement d'origine","isPartOf":{"@id":"https:\/\/www.veltec.eu\/en\/#website"},"primaryImageOfPage":{"@id":"https:\/\/www.veltec.eu\/nl\/product\/kirby-achterplaat-vaste-steel-nl3012\/#primaryimage"},"image":{"@id":"https:\/\/www.veltec.eu\/nl\/product\/kirby-achterplaat-vaste-steel-nl3012\/#primaryimage"},"thumbnailUrl":"https:\/\/www.veltec.eu\/wp-content\/uploads\/2018\/10\/Kirby-achterplaat-vaste-steel.jpg","datePublished":"2018-10-22T09:39:55+00:00","dateModified":"2026-03-10T09:45:45+00:00","description":"Plaque arri\u00e8re Kirby d'origine facile \u00e0 installer pour manche fixe. Durable, fiable et compatible avec divers aspirateurs Kirby.","breadcrumb":{"@id":"https:\/\/www.veltec.eu\/nl\/product\/kirby-achterplaat-vaste-steel-nl3012\/#breadcrumb"},"inLanguage":"fr-FR","potentialAction":[{"@type":"ReadAction","target":["https:\/\/www.veltec.eu\/nl\/product\/kirby-achterplaat-vaste-steel-nl3012\/"]}]},{"@type":"ImageObject","inLanguage":"fr-FR","@id":"https:\/\/www.veltec.eu\/nl\/product\/kirby-achterplaat-vaste-steel-nl3012\/#primaryimage","url":"https:\/\/www.veltec.eu\/wp-content\/uploads\/2018\/10\/Kirby-achterplaat-vaste-steel.jpg","contentUrl":"https:\/\/www.veltec.eu\/wp-content\/uploads\/2018\/10\/Kirby-achterplaat-vaste-steel.jpg","width":600,"height":600},{"@type":"BreadcrumbList","@id":"https:\/\/www.veltec.eu\/nl\/product\/kirby-achterplaat-vaste-steel-nl3012\/#breadcrumb","itemListElement":[{"@type":"ListItem","position":1,"name":"Home","item":"https:\/\/www.veltec.eu\/fr\/"},{"@type":"ListItem","position":2,"name":"Produits","item":"https:\/\/www.veltec.eu\/fr\/shop\/"},{"@type":"ListItem","position":3,"name":"Plaque arri\u00e8re de manche fixe Kirby"}]},{"@type":"WebSite","@id":"https:\/\/www.veltec.eu\/en\/#website","url":"https:\/\/www.veltec.eu\/en\/","name":"Veltec Kirby specialist","description":"Kirby stofzuiger producten","publisher":{"@id":"https:\/\/www.veltec.eu\/en\/#organization"},"potentialAction":[{"@type":"SearchAction","target":{"@type":"EntryPoint","urlTemplate":"https:\/\/www.veltec.eu\/en\/?s={search_term_string}"},"query-input":{"@type":"PropertyValueSpecification","valueRequired":true,"valueName":"search_term_string"}}],"inLanguage":"fr-FR"},{"@type":"Organization","@id":"https:\/\/www.veltec.eu\/en\/#organization","name":"Veltec Kirby Specialist","url":"https:\/\/www.veltec.eu\/en\/","logo":{"@type":"ImageObject","inLanguage":"fr-FR","@id":"https:\/\/www.veltec.eu\/en\/#\/schema\/logo\/image\/","url":"https:\/\/www.veltec.eu\/wp-content\/uploads\/2021\/12\/Veltec-log-groot-e1537260889125.png","contentUrl":"https:\/\/www.veltec.eu\/wp-content\/uploads\/2021\/12\/Veltec-log-groot-e1537260889125.png","width":200,"height":60,"caption":"Veltec Kirby Specialist"},"image":{"@id":"https:\/\/www.veltec.eu\/en\/#\/schema\/logo\/image\/"},"sameAs":["https:\/\/www.facebook.com\/Veltec-Kirby-Specialist-236746293374877\/","https:\/\/www.youtube.com\/user\/VeltecService"]}]}},"_links":{"self":[{"href":"https:\/\/www.veltec.eu\/fr\/wp-json\/wp\/v2\/product\/10990","targetHints":{"allow":["GET"]}}],"collection":[{"href":"https:\/\/www.veltec.eu\/fr\/wp-json\/wp\/v2\/product"}],"about":[{"href":"https:\/\/www.veltec.eu\/fr\/wp-json\/wp\/v2\/types\/product"}],"replies":[{"embeddable":true,"href":"https:\/\/www.veltec.eu\/fr\/wp-json\/wp\/v2\/comments?post=10990"}],"wp:featuredmedia":[{"embeddable":true,"href":"https:\/\/www.veltec.eu\/fr\/wp-json\/wp\/v2\/media\/90963"}],"wp:attachment":[{"href":"https:\/\/www.veltec.eu\/fr\/wp-json\/wp\/v2\/media?parent=10990"}],"wp:term":[{"taxonomy":"product_brand","embeddable":true,"href":"https:\/\/www.veltec.eu\/fr\/wp-json\/wp\/v2\/product_brand?post=10990"},{"taxonomy":"product_cat","embeddable":true,"href":"https:\/\/www.veltec.eu\/fr\/wp-json\/wp\/v2\/product_cat?post=10990"},{"taxonomy":"product_tag","embeddable":true,"href":"https:\/\/www.veltec.eu\/fr\/wp-json\/wp\/v2\/product_tag?post=10990"}],"curies":[{"name":"wp","href":"https:\/\/api.w.org\/{rel}","templated":true}]}}