{"id":10920,"date":"2018-10-22T13:19:55","date_gmt":"2018-10-22T11:19:55","guid":{"rendered":"https:\/\/www.veltec.eu\/kirby-webshop\/plaque-coulissante-nl3097-2\/"},"modified":"2025-03-31T11:42:33","modified_gmt":"2025-03-31T09:42:33","slug":"kirby-console-coulissante-nl3097","status":"publish","type":"product","link":"https:\/\/www.veltec.eu\/fr\/product\/kirby-console-coulissante-nl3097\/","title":{"rendered":"Kirby Console Coulissante"},"content":{"rendered":"<h1>Kirby Console Coulissante<\/h1>\n<p>Kirby Console Coulissante est une console coulissante pour la commande de la traction arri\u00e8re.<\/p>\n<h2>Console Coulissante Kirby &#8211; Le fonctionnement parfait pour votre aspirateur Kirby<\/h2>\n<p>Vous cherchez une console coulissante efficace et facile \u00e0 utiliser pour votre aspirateur Kirby ? La console coulissante est un \u00e9l\u00e9ment essentiel pour le fonctionnement de la traction arri\u00e8re de votre aspirateur. Gr\u00e2ce \u00e0 cette console coulissante, vous pouvez r\u00e9gler l&#8217;acc\u00e9l\u00e9ration de votre aspirateur Kirby avec un minimum d&#8217;effort et man\u0153uvrer sans effort pendant le nettoyage. D\u00e9couvrez ci-dessous pourquoi ce produit est indispensable \u00e0 tout utilisateur de Kirby.<\/p>\n<p><a href=\"https:\/\/www.veltec.eu\/fr\/kirby-boitier\/\">Retrouvez tous les bo\u00eetiers Kirby ici<\/a><\/p>\n<h3>Qu&#8217;est-ce que la Console glissante Kirby ?<\/h3>\n<p>La console coulissante est un m\u00e9canisme coulissant sp\u00e9cialement con\u00e7u pour assurer la liaison entre la poign\u00e9e et\/ou la poign\u00e9e et la roue arri\u00e8re de votre aspirateur Kirby. Ce syst\u00e8me permet de mettre l&#8217;aspirateur dans la vitesse souhait\u00e9e d&#8217;un simple mouvement de la main. Vous gardez ainsi le contr\u00f4le total du mouvement et de la vitesse de votre aspirateur, ce qui vous permet de nettoyer plus efficacement.<\/p>\n<h3>Compatibilit\u00e9 universelle<\/h3>\n<p>L&#8217;un des principaux avantages de la console glissante est qu&#8217;elle est compatible avec tous les aspirateurs Kirby. Cela signifie que vous n&#8217;avez pas \u00e0 vous soucier de la compatibilit\u00e9 avec votre mod\u00e8le sp\u00e9cifique. Que vous utilisiez un mod\u00e8le Kirby plus ancien ou plus r\u00e9cent, cette console glissante s&#8217;adaptera parfaitement et assurera un fonctionnement optimal de votre aspirateur.<\/p>\n<h3>Trois positions pour une flexibilit\u00e9 maximale<\/h3>\n<p>La console glissante Kirby offre trois positions diff\u00e9rentes, ce qui vous permet de verrouiller la poign\u00e9e dans la position souhait\u00e9e. Vous pouvez ainsi r\u00e9gler l&#8217;aspirateur en fonction de vos besoins. Que vous passiez l&#8217;aspirateur dans une grande pi\u00e8ce ou que vous ayez besoin d&#8217;atteindre de petits coins, les positions r\u00e9glables vous offrent un confort suppl\u00e9mentaire.<\/p>\n<h3>Avantages de la Console glissante Kirby<\/h3>\n<p>En choisissant la console glissante, vous b\u00e9n\u00e9ficierez de plusieurs avantages :<\/p>\n<ul>\n<li><strong>Meilleur contr\u00f4le :<\/strong> Gr\u00e2ce \u00e0 la console coulissante, vous pouvez facilement passer d&#8217;une vitesse \u00e0 l&#8217;autre et d&#8217;un mouvement \u00e0 l&#8217;autre.<\/li>\n<li><strong>Facilit\u00e9 d&#8217;utilisation :<\/strong> d&#8217;un simple geste de la main, vous r\u00e9glez l&#8217;aspirateur \u00e0 la bonne vitesse et dans la bonne direction.<\/li>\n<li><strong>Durabilit\u00e9 :<\/strong> La console coulissante est fabriqu\u00e9e dans des mat\u00e9riaux robustes qui durent et r\u00e9sistent \u00e0 une utilisation intensive.<\/li>\n<li><strong>Installation facile :<\/strong> La console coulissante est facile \u00e0 installer sans avoir besoin d&#8217;outils compliqu\u00e9s.<\/li>\n<\/ul>\n<h3>Commandez votre console coulissante Kirby d\u00e8s aujourd&#8217;hui<\/h3>\n<p>Vous souhaitez am\u00e9liorer le contr\u00f4le et la facilit\u00e9 d&#8217;utilisation de votre aspirateur Kirby ? Commandez d\u00e8s aujourd&#8217;hui la console glissante Kirby et d\u00e9couvrez-en les avantages par vous-m\u00eame. Avec cette pi\u00e8ce pratique, vous vous assurez que votre aspirateur fonctionne toujours en douceur et efficacement. N&#8217;attendez plus et profitez d&#8217;une meilleure exp\u00e9rience de nettoyage !<\/p>\n","protected":false},"excerpt":{"rendered":"<p>Plaque coulissante de commande de l\u2019entra\u00eenement des roues arri\u00e8re.<\/p>\n[trustindex data-widget-id=e3bb80b24fa128098b960fc2439]\n<h3><span style=\"color: #008000;\"><br \/>\nEn stock<\/span><\/h3>\n[av_font_icon icon='ue812' font='entypo-fontello' style='' caption='' size='25px' position='left' color='#43ad66' link='' linktarget='' title_attr='' sonar_effect_effect='' sonar_effect_color='' sonar_effect_duration='1' sonar_effect_scale='' sonar_effect_opac='0.5' animation='' id='' custom_class='' template_class='' av_uid='' sc_version='1.0' admin_preview_bg=''][\/av_font_icon]\n<p><span style=\"color: #008000;\">Command\u00e9 23:59, exp\u00e9di\u00e9 demain<\/span><\/p>\n<p>&nbsp;<\/p>\n","protected":false},"featured_media":89916,"comment_status":"open","ping_status":"closed","template":"","meta":[],"product_brand":[],"product_cat":[304],"product_tag":[],"class_list":{"0":"post-10920","1":"product","2":"type-product","3":"status-publish","4":"has-post-thumbnail","6":"product_cat-kirby-boitier","7":"product_shipping_class-klein-de-fr","9":"first","10":"instock","11":"taxable","12":"shipping-taxable","13":"purchasable","14":"product-type-simple"},"yoast_head":"<!-- This site is optimized with the Yoast SEO Premium plugin v27.1 (Yoast SEO v27.4) - https:\/\/yoast.com\/product\/yoast-seo-premium-wordpress\/ -->\n<title>Kirby Console Coulissante - Veltec Kirby specialist<\/title>\n<meta name=\"description\" content=\"Kirby Console Coulissante - Veltec est le fournisseur des aspirateurs Kirby depuis plus de 25 ans. Et est votre sp\u00e9cialiste de confiance\" \/>\n<meta name=\"robots\" content=\"index, follow, max-snippet:-1, max-image-preview:large, max-video-preview:-1\" \/>\n<link rel=\"canonical\" href=\"https:\/\/www.veltec.eu\/nl\/product\/kirby-schuif-console-nl3097\/\" \/>\n<meta property=\"og:locale\" content=\"fr_FR\" \/>\n<meta property=\"og:type\" content=\"article\" \/>\n<meta property=\"og:title\" content=\"Kirby Console Coulissante\" \/>\n<meta property=\"og:description\" content=\"Plaque coulissante de commande de l\u2019entra\u00eenement des roues arri\u00e8re.    En stock   Command\u00e9 23:59, exp\u00e9di\u00e9 demain  &nbsp;\" \/>\n<meta property=\"og:url\" content=\"https:\/\/www.veltec.eu\/nl\/product\/kirby-schuif-console-nl3097\/\" \/>\n<meta property=\"og:site_name\" content=\"Veltec Kirby specialist\" \/>\n<meta property=\"article:publisher\" content=\"https:\/\/www.facebook.com\/Veltec-Kirby-Specialist-236746293374877\/\" \/>\n<meta property=\"article:modified_time\" content=\"2025-03-31T09:42:33+00:00\" \/>\n<meta property=\"og:image\" content=\"https:\/\/www.veltec.eu\/wp-content\/uploads\/2018\/10\/Kirby-schuifconsole.jpg\" \/>\n\t<meta property=\"og:image:width\" content=\"300\" \/>\n\t<meta property=\"og:image:height\" content=\"300\" \/>\n\t<meta property=\"og:image:type\" content=\"image\/jpeg\" \/>\n<meta name=\"twitter:card\" content=\"summary_large_image\" \/>\n<meta name=\"twitter:label1\" content=\"Dur\u00e9e de lecture estim\u00e9e\" \/>\n\t<meta name=\"twitter:data1\" content=\"3 minutes\" \/>\n<script type=\"application\/ld+json\" class=\"yoast-schema-graph\">{\"@context\":\"https:\\\/\\\/schema.org\",\"@graph\":[{\"@type\":\"WebPage\",\"@id\":\"https:\\\/\\\/www.veltec.eu\\\/nl\\\/product\\\/kirby-schuif-console-nl3097\\\/\",\"url\":\"https:\\\/\\\/www.veltec.eu\\\/nl\\\/product\\\/kirby-schuif-console-nl3097\\\/\",\"name\":\"Kirby Console Coulissante - Veltec Kirby specialist\",\"isPartOf\":{\"@id\":\"https:\\\/\\\/www.veltec.eu\\\/en\\\/#website\"},\"primaryImageOfPage\":{\"@id\":\"https:\\\/\\\/www.veltec.eu\\\/nl\\\/product\\\/kirby-schuif-console-nl3097\\\/#primaryimage\"},\"image\":{\"@id\":\"https:\\\/\\\/www.veltec.eu\\\/nl\\\/product\\\/kirby-schuif-console-nl3097\\\/#primaryimage\"},\"thumbnailUrl\":\"https:\\\/\\\/www.veltec.eu\\\/wp-content\\\/uploads\\\/2018\\\/10\\\/Kirby-schuifconsole-1.jpg\",\"datePublished\":\"2018-10-22T11:19:55+00:00\",\"dateModified\":\"2025-03-31T09:42:33+00:00\",\"description\":\"Kirby Console Coulissante - Veltec est le fournisseur des aspirateurs Kirby depuis plus de 25 ans. Et est votre sp\u00e9cialiste de confiance\",\"breadcrumb\":{\"@id\":\"https:\\\/\\\/www.veltec.eu\\\/nl\\\/product\\\/kirby-schuif-console-nl3097\\\/#breadcrumb\"},\"inLanguage\":\"fr-FR\",\"potentialAction\":[{\"@type\":\"ReadAction\",\"target\":[\"https:\\\/\\\/www.veltec.eu\\\/nl\\\/product\\\/kirby-schuif-console-nl3097\\\/\"]}]},{\"@type\":\"ImageObject\",\"inLanguage\":\"fr-FR\",\"@id\":\"https:\\\/\\\/www.veltec.eu\\\/nl\\\/product\\\/kirby-schuif-console-nl3097\\\/#primaryimage\",\"url\":\"https:\\\/\\\/www.veltec.eu\\\/wp-content\\\/uploads\\\/2018\\\/10\\\/Kirby-schuifconsole-1.jpg\",\"contentUrl\":\"https:\\\/\\\/www.veltec.eu\\\/wp-content\\\/uploads\\\/2018\\\/10\\\/Kirby-schuifconsole-1.jpg\",\"width\":600,\"height\":600},{\"@type\":\"BreadcrumbList\",\"@id\":\"https:\\\/\\\/www.veltec.eu\\\/nl\\\/product\\\/kirby-schuif-console-nl3097\\\/#breadcrumb\",\"itemListElement\":[{\"@type\":\"ListItem\",\"position\":1,\"name\":\"Home\",\"item\":\"https:\\\/\\\/www.veltec.eu\\\/fr\\\/\"},{\"@type\":\"ListItem\",\"position\":2,\"name\":\"Produits\",\"item\":\"https:\\\/\\\/www.veltec.eu\\\/fr\\\/shop\\\/\"},{\"@type\":\"ListItem\",\"position\":3,\"name\":\"Kirby Console Coulissante\"}]},{\"@type\":\"WebSite\",\"@id\":\"https:\\\/\\\/www.veltec.eu\\\/en\\\/#website\",\"url\":\"https:\\\/\\\/www.veltec.eu\\\/en\\\/\",\"name\":\"Veltec Kirby specialist\",\"description\":\"Kirby stofzuiger producten\",\"publisher\":{\"@id\":\"https:\\\/\\\/www.veltec.eu\\\/en\\\/#organization\"},\"potentialAction\":[{\"@type\":\"SearchAction\",\"target\":{\"@type\":\"EntryPoint\",\"urlTemplate\":\"https:\\\/\\\/www.veltec.eu\\\/en\\\/?s={search_term_string}\"},\"query-input\":{\"@type\":\"PropertyValueSpecification\",\"valueRequired\":true,\"valueName\":\"search_term_string\"}}],\"inLanguage\":\"fr-FR\"},{\"@type\":\"Organization\",\"@id\":\"https:\\\/\\\/www.veltec.eu\\\/en\\\/#organization\",\"name\":\"Veltec Kirby Specialist\",\"url\":\"https:\\\/\\\/www.veltec.eu\\\/en\\\/\",\"logo\":{\"@type\":\"ImageObject\",\"inLanguage\":\"fr-FR\",\"@id\":\"https:\\\/\\\/www.veltec.eu\\\/en\\\/#\\\/schema\\\/logo\\\/image\\\/\",\"url\":\"https:\\\/\\\/www.veltec.eu\\\/wp-content\\\/uploads\\\/2021\\\/12\\\/Veltec-log-groot-e1537260889125.png\",\"contentUrl\":\"https:\\\/\\\/www.veltec.eu\\\/wp-content\\\/uploads\\\/2021\\\/12\\\/Veltec-log-groot-e1537260889125.png\",\"width\":200,\"height\":60,\"caption\":\"Veltec Kirby Specialist\"},\"image\":{\"@id\":\"https:\\\/\\\/www.veltec.eu\\\/en\\\/#\\\/schema\\\/logo\\\/image\\\/\"},\"sameAs\":[\"https:\\\/\\\/www.facebook.com\\\/Veltec-Kirby-Specialist-236746293374877\\\/\",\"https:\\\/\\\/www.youtube.com\\\/user\\\/VeltecService\"]}]}<\/script>\n<!-- \/ Yoast SEO Premium plugin. -->","yoast_head_json":{"title":"Kirby Console Coulissante - Veltec Kirby specialist","description":"Kirby Console Coulissante - Veltec est le fournisseur des aspirateurs Kirby depuis plus de 25 ans. Et est votre sp\u00e9cialiste de confiance","robots":{"index":"index","follow":"follow","max-snippet":"max-snippet:-1","max-image-preview":"max-image-preview:large","max-video-preview":"max-video-preview:-1"},"canonical":"https:\/\/www.veltec.eu\/nl\/product\/kirby-schuif-console-nl3097\/","og_locale":"fr_FR","og_type":"article","og_title":"Kirby Console Coulissante","og_description":"Plaque coulissante de commande de l\u2019entra\u00eenement des roues arri\u00e8re.    En stock   Command\u00e9 23:59, exp\u00e9di\u00e9 demain  &nbsp;","og_url":"https:\/\/www.veltec.eu\/nl\/product\/kirby-schuif-console-nl3097\/","og_site_name":"Veltec Kirby specialist","article_publisher":"https:\/\/www.facebook.com\/Veltec-Kirby-Specialist-236746293374877\/","article_modified_time":"2025-03-31T09:42:33+00:00","og_image":[{"width":300,"height":300,"url":"https:\/\/www.veltec.eu\/wp-content\/uploads\/2018\/10\/Kirby-schuifconsole.jpg","type":"image\/jpeg"}],"twitter_card":"summary_large_image","twitter_misc":{"Dur\u00e9e de lecture estim\u00e9e":"3 minutes"},"schema":{"@context":"https:\/\/schema.org","@graph":[{"@type":"WebPage","@id":"https:\/\/www.veltec.eu\/nl\/product\/kirby-schuif-console-nl3097\/","url":"https:\/\/www.veltec.eu\/nl\/product\/kirby-schuif-console-nl3097\/","name":"Kirby Console Coulissante - Veltec Kirby specialist","isPartOf":{"@id":"https:\/\/www.veltec.eu\/en\/#website"},"primaryImageOfPage":{"@id":"https:\/\/www.veltec.eu\/nl\/product\/kirby-schuif-console-nl3097\/#primaryimage"},"image":{"@id":"https:\/\/www.veltec.eu\/nl\/product\/kirby-schuif-console-nl3097\/#primaryimage"},"thumbnailUrl":"https:\/\/www.veltec.eu\/wp-content\/uploads\/2018\/10\/Kirby-schuifconsole-1.jpg","datePublished":"2018-10-22T11:19:55+00:00","dateModified":"2025-03-31T09:42:33+00:00","description":"Kirby Console Coulissante - Veltec est le fournisseur des aspirateurs Kirby depuis plus de 25 ans. Et est votre sp\u00e9cialiste de confiance","breadcrumb":{"@id":"https:\/\/www.veltec.eu\/nl\/product\/kirby-schuif-console-nl3097\/#breadcrumb"},"inLanguage":"fr-FR","potentialAction":[{"@type":"ReadAction","target":["https:\/\/www.veltec.eu\/nl\/product\/kirby-schuif-console-nl3097\/"]}]},{"@type":"ImageObject","inLanguage":"fr-FR","@id":"https:\/\/www.veltec.eu\/nl\/product\/kirby-schuif-console-nl3097\/#primaryimage","url":"https:\/\/www.veltec.eu\/wp-content\/uploads\/2018\/10\/Kirby-schuifconsole-1.jpg","contentUrl":"https:\/\/www.veltec.eu\/wp-content\/uploads\/2018\/10\/Kirby-schuifconsole-1.jpg","width":600,"height":600},{"@type":"BreadcrumbList","@id":"https:\/\/www.veltec.eu\/nl\/product\/kirby-schuif-console-nl3097\/#breadcrumb","itemListElement":[{"@type":"ListItem","position":1,"name":"Home","item":"https:\/\/www.veltec.eu\/fr\/"},{"@type":"ListItem","position":2,"name":"Produits","item":"https:\/\/www.veltec.eu\/fr\/shop\/"},{"@type":"ListItem","position":3,"name":"Kirby Console Coulissante"}]},{"@type":"WebSite","@id":"https:\/\/www.veltec.eu\/en\/#website","url":"https:\/\/www.veltec.eu\/en\/","name":"Veltec Kirby specialist","description":"Kirby stofzuiger producten","publisher":{"@id":"https:\/\/www.veltec.eu\/en\/#organization"},"potentialAction":[{"@type":"SearchAction","target":{"@type":"EntryPoint","urlTemplate":"https:\/\/www.veltec.eu\/en\/?s={search_term_string}"},"query-input":{"@type":"PropertyValueSpecification","valueRequired":true,"valueName":"search_term_string"}}],"inLanguage":"fr-FR"},{"@type":"Organization","@id":"https:\/\/www.veltec.eu\/en\/#organization","name":"Veltec Kirby Specialist","url":"https:\/\/www.veltec.eu\/en\/","logo":{"@type":"ImageObject","inLanguage":"fr-FR","@id":"https:\/\/www.veltec.eu\/en\/#\/schema\/logo\/image\/","url":"https:\/\/www.veltec.eu\/wp-content\/uploads\/2021\/12\/Veltec-log-groot-e1537260889125.png","contentUrl":"https:\/\/www.veltec.eu\/wp-content\/uploads\/2021\/12\/Veltec-log-groot-e1537260889125.png","width":200,"height":60,"caption":"Veltec Kirby Specialist"},"image":{"@id":"https:\/\/www.veltec.eu\/en\/#\/schema\/logo\/image\/"},"sameAs":["https:\/\/www.facebook.com\/Veltec-Kirby-Specialist-236746293374877\/","https:\/\/www.youtube.com\/user\/VeltecService"]}]}},"_links":{"self":[{"href":"https:\/\/www.veltec.eu\/fr\/wp-json\/wp\/v2\/product\/10920","targetHints":{"allow":["GET"]}}],"collection":[{"href":"https:\/\/www.veltec.eu\/fr\/wp-json\/wp\/v2\/product"}],"about":[{"href":"https:\/\/www.veltec.eu\/fr\/wp-json\/wp\/v2\/types\/product"}],"replies":[{"embeddable":true,"href":"https:\/\/www.veltec.eu\/fr\/wp-json\/wp\/v2\/comments?post=10920"}],"wp:featuredmedia":[{"embeddable":true,"href":"https:\/\/www.veltec.eu\/fr\/wp-json\/wp\/v2\/media\/89916"}],"wp:attachment":[{"href":"https:\/\/www.veltec.eu\/fr\/wp-json\/wp\/v2\/media?parent=10920"}],"wp:term":[{"taxonomy":"product_brand","embeddable":true,"href":"https:\/\/www.veltec.eu\/fr\/wp-json\/wp\/v2\/product_brand?post=10920"},{"taxonomy":"product_cat","embeddable":true,"href":"https:\/\/www.veltec.eu\/fr\/wp-json\/wp\/v2\/product_cat?post=10920"},{"taxonomy":"product_tag","embeddable":true,"href":"https:\/\/www.veltec.eu\/fr\/wp-json\/wp\/v2\/product_tag?post=10920"}],"curies":[{"name":"wp","href":"https:\/\/api.w.org\/{rel}","templated":true}]}}