{"id":10900,"date":"2018-10-22T13:46:26","date_gmt":"2018-10-22T11:46:26","guid":{"rendered":"https:\/\/www.veltec.eu\/kirby-webshop\/turbobrosse-nl3127\/"},"modified":"2025-11-24T12:34:15","modified_gmt":"2025-11-24T10:34:15","slug":"turbobrosse-kirby-remis-a-neuf-nl3127","status":"publish","type":"product","link":"https:\/\/www.veltec.eu\/fr\/product\/turbobrosse-kirby-remis-a-neuf-nl3127\/","title":{"rendered":"Turbobrosse Kirby Remis \u00e0 neuf"},"content":{"rendered":"<h1>Turbobrosse Kirby Remis \u00e0 neuf : Pour un nettoyage en profondeur des tissus d&#8217;ameublement<\/h1>\n<h3>Qu&#8217;est-ce qui rend la Turbobrosse Kirby Remis \u00e0 neuf unique ?<\/h3>\n<p>La Turbobrosse Kirby Remis \u00e0 neuf est un excellent choix pour le nettoyage en profondeur des tissus d&#8217;ameublement tels que les fauteuils, les canap\u00e9s, les escaliers et les rev\u00eatements de voiture. Gr\u00e2ce \u00e0 son rotor int\u00e9gr\u00e9, cette turbo-brosse offre une performance puissante qui \u00e9limine la salet\u00e9 et la poussi\u00e8re en profondeur des fibres. Elle est donc id\u00e9ale pour tous ceux qui souhaitent un environnement propre et frais.<\/p>\n<p>Cette brosse reconditionn\u00e9e a \u00e9t\u00e9 enti\u00e8rement nettoy\u00e9e et restaur\u00e9e pour fonctionner comme si elle \u00e9tait neuve. Avec une construction durable et de haute qualit\u00e9, vous \u00eates assur\u00e9 d&#8217;un produit qui durera longtemps sans compromis sur la performance.<\/p>\n<p><a href=\"https:\/\/www.veltec.eu\/fr\/?page_id=60087\">Vous trouverez ci-dessous toutes les pi\u00e8ces d\u00e9tach\u00e9es pour la brosse Kirby Turbo<\/a><\/p>\n<p>Cette brosse Kirby Turbo est universelle et convient \u00e0 tous les aspirateurs Kirby ;<\/p>\n<ul>\n<li>Avalir Platinum<\/li>\n<li>Avalir 2<\/li>\n<li>Avalir 1<\/li>\n<li>Sentria 2 (G10D)<\/li>\n<li>Sentria 1 (G10)<\/li>\n<li>Ultimate G Diamond Ed.(G7D or DE)<\/li>\n<li>Ultimate G (G7 or UG)<\/li>\n<li>Generation 6 (G6)<\/li>\n<li>Generation 5 (G5)<\/li>\n<li>Generation 4 (G4)<\/li>\n<li>Generation 3 (G3)<\/li>\n<\/ul>\n<h3>Principaux avantages de la brosse Turbo<\/h3>\n<p><strong>Effet de nettoyage en profondeur<\/strong><br \/>\nLe rotor de la brosse assure un nettoyage intensif, m\u00eame des salet\u00e9s les plus tenaces. Qu&#8217;il s&#8217;agisse de poils d&#8217;animaux ou de poussi\u00e8re incrust\u00e9e, cette turbo-brosse rendra vos tissus d&#8217;ameublement propres et frais.<br \/>\n<strong>Compatibilit\u00e9<\/strong><br \/>\nLa turbo-brosse Kirby fonctionne non seulement avec les aspirateurs Kirby, mais aussi avec ceux d&#8217;autres marques, \u00e0 condition qu&#8217;ils g\u00e9n\u00e8rent un d\u00e9bit d&#8217;air suffisant. C&#8217;est donc un choix polyvalent pour tous les m\u00e9nages.<br \/>\n<strong>Reconditionnement respectueux de l&#8217;environnement<\/strong><br \/>\nEn choisissant une brosse reconditionn\u00e9e, vous contribuez \u00e0 un monde plus durable. Le produit a \u00e9t\u00e9 nettoy\u00e9 en profondeur, ce qui lui permet de fonctionner comme s&#8217;il \u00e9tait neuf, sans qu&#8217;il soit n\u00e9cessaire d&#8217;utiliser de nouveaux mat\u00e9riaux.<\/p>\n<h3>Avertissement : utilisez le produit en toute s\u00e9curit\u00e9<\/h3>\n<p>Lors de l&#8217;utilisation de la brosse Kirby Turbo, il est important de faire attention \u00e0 l&#8217;humidit\u00e9. N&#8217;utilisez jamais cette brosse en combinaison avec le shampooing Kirby, car l&#8217;aspirateur Kirby n&#8217;est pas adapt\u00e9 \u00e0 un usage humide. L&#8217;humidit\u00e9 peut entra\u00eener une accumulation de salet\u00e9s dans le tuyau, la chambre du ventilateur et le sac d&#8217;aspirateur, ce qui, \u00e0 terme, provoque des moisissures et des odeurs naus\u00e9abondes.<\/p>\n<p>En suivant ces conseils, vous vous assurerez que la brosse Kirby Turbo dure longtemps et conserve ses performances.<\/p>\n<h3>Pourquoi choisir une Turbobrosse Kirby Remis \u00e0 neuf ?<\/h3>\n<p>Avec la Turbo brosse Kirby reconditionn\u00e9e, vous disposez chez vous d&#8217;un produit de premi\u00e8re qualit\u00e9, efficace, durable et polyvalent. Que vous ayez des animaux domestiques ou que vous aspiriez simplement \u00e0 un environnement propre, cette brosse est une aide indispensable \u00e0 votre routine de nettoyage. Investissez dans la qualit\u00e9 et profitez d&#8217;une maison fra\u00eeche et confortable !<\/p>\n","protected":false},"excerpt":{"rendered":"<p>Turbobrosse avec rotor, pour le nettoyage en profondeur de rev\u00eatements textiles, comme sur chaises et canap\u00e9s, escaliers et int\u00e9rieurs de voitures.<\/p>\n[trustindex data-widget-id=e3bb80b24fa128098b960fc2439]\n<h3><span style=\"color: #008000;\"><br \/>\nEn stock<\/span><\/h3>\n[av_font_icon icon='ue812' font='entypo-fontello' style='' caption='' size='25px' position='left' color='#43ad66' link='' linktarget='' title_attr='' sonar_effect_effect='' sonar_effect_color='' sonar_effect_duration='1' sonar_effect_scale='' sonar_effect_opac='0.5' animation='' id='' custom_class='' template_class='' av_uid='' sc_version='1.0' admin_preview_bg=''][\/av_font_icon]\n<p><span style=\"color: #008000;\">Command\u00e9 23:59, exp\u00e9di\u00e9 demain<\/span><\/p>\n<p>&nbsp;<\/p>\n","protected":false},"featured_media":86455,"comment_status":"open","ping_status":"closed","template":"","meta":{"_acf_changed":false},"product_brand":[],"product_cat":[377],"product_tag":[],"class_list":{"0":"post-10900","1":"product","2":"type-product","3":"status-publish","4":"has-post-thumbnail","6":"product_cat-kirby-turbobrosse","7":"product_shipping_class-klein-de-fr","9":"first","10":"instock","11":"sale","12":"taxable","13":"shipping-taxable","14":"purchasable","15":"product-type-simple"},"acf":[],"yoast_head":"<!-- This site is optimized with the Yoast SEO Premium plugin v27.1 (Yoast SEO v27.5) - https:\/\/yoast.com\/product\/yoast-seo-premium-wordpress\/ -->\n<title>Turbobrosse Kirby Remis \u00e0 neuf - Veltec Kirby specialist<\/title>\n<meta name=\"description\" content=\"Turbobrosse Kirby Remis \u00e0 neuf Veltec est le fournisseur des aspirateurs Kirby depuis plus de 25 ans. Et est votre sp\u00e9cialiste de confiance\" \/>\n<meta name=\"robots\" content=\"index, follow, max-snippet:-1, max-image-preview:large, max-video-preview:-1\" \/>\n<link rel=\"canonical\" href=\"https:\/\/www.veltec.eu\/fr\/product\/turbobrosse-kirby-remis-a-neuf-nl3127\/\" \/>\n<meta property=\"og:locale\" content=\"fr_FR\" \/>\n<meta property=\"og:type\" content=\"article\" \/>\n<meta property=\"og:title\" content=\"Turbobrosse Kirby Remis \u00e0 neuf\" \/>\n<meta property=\"og:description\" content=\"Turbobrosse avec rotor, pour le nettoyage en profondeur de rev\u00eatements textiles, comme sur chaises et canap\u00e9s, escaliers et int\u00e9rieurs de voitures.    En stock   Command\u00e9 23:59, exp\u00e9di\u00e9 demain  &nbsp;\" \/>\n<meta property=\"og:url\" content=\"https:\/\/www.veltec.eu\/fr\/product\/turbobrosse-kirby-remis-a-neuf-nl3127\/\" \/>\n<meta property=\"og:site_name\" content=\"Veltec Kirby specialist\" \/>\n<meta property=\"article:publisher\" content=\"https:\/\/www.facebook.com\/Veltec-Kirby-Specialist-236746293374877\/\" \/>\n<meta property=\"article:modified_time\" content=\"2025-11-24T10:34:15+00:00\" \/>\n<meta property=\"og:image\" content=\"https:\/\/www.veltec.eu\/wp-content\/uploads\/2018\/10\/Kirby-turbobrush567.png\" \/>\n\t<meta property=\"og:image:width\" content=\"300\" \/>\n\t<meta property=\"og:image:height\" content=\"300\" \/>\n\t<meta property=\"og:image:type\" content=\"image\/png\" \/>\n<meta name=\"twitter:card\" content=\"summary_large_image\" \/>\n<meta name=\"twitter:label1\" content=\"Dur\u00e9e de lecture estim\u00e9e\" \/>\n\t<meta name=\"twitter:data1\" content=\"3 minutes\" \/>\n<script type=\"application\/ld+json\" class=\"yoast-schema-graph\">{\"@context\":\"https:\\\/\\\/schema.org\",\"@graph\":[{\"@type\":\"WebPage\",\"@id\":\"https:\\\/\\\/www.veltec.eu\\\/fr\\\/product\\\/turbobrosse-kirby-remis-a-neuf-nl3127\\\/\",\"url\":\"https:\\\/\\\/www.veltec.eu\\\/fr\\\/product\\\/turbobrosse-kirby-remis-a-neuf-nl3127\\\/\",\"name\":\"Turbobrosse Kirby Remis \u00e0 neuf - Veltec Kirby specialist\",\"isPartOf\":{\"@id\":\"https:\\\/\\\/www.veltec.eu\\\/en\\\/#website\"},\"primaryImageOfPage\":{\"@id\":\"https:\\\/\\\/www.veltec.eu\\\/fr\\\/product\\\/turbobrosse-kirby-remis-a-neuf-nl3127\\\/#primaryimage\"},\"image\":{\"@id\":\"https:\\\/\\\/www.veltec.eu\\\/fr\\\/product\\\/turbobrosse-kirby-remis-a-neuf-nl3127\\\/#primaryimage\"},\"thumbnailUrl\":\"https:\\\/\\\/www.veltec.eu\\\/wp-content\\\/uploads\\\/2018\\\/10\\\/Kirby-turbobrush567.png\",\"datePublished\":\"2018-10-22T11:46:26+00:00\",\"dateModified\":\"2025-11-24T10:34:15+00:00\",\"description\":\"Turbobrosse Kirby Remis \u00e0 neuf Veltec est le fournisseur des aspirateurs Kirby depuis plus de 25 ans. Et est votre sp\u00e9cialiste de confiance\",\"breadcrumb\":{\"@id\":\"https:\\\/\\\/www.veltec.eu\\\/fr\\\/product\\\/turbobrosse-kirby-remis-a-neuf-nl3127\\\/#breadcrumb\"},\"inLanguage\":\"fr-FR\",\"potentialAction\":[{\"@type\":\"ReadAction\",\"target\":[\"https:\\\/\\\/www.veltec.eu\\\/fr\\\/product\\\/turbobrosse-kirby-remis-a-neuf-nl3127\\\/\"]}]},{\"@type\":\"ImageObject\",\"inLanguage\":\"fr-FR\",\"@id\":\"https:\\\/\\\/www.veltec.eu\\\/fr\\\/product\\\/turbobrosse-kirby-remis-a-neuf-nl3127\\\/#primaryimage\",\"url\":\"https:\\\/\\\/www.veltec.eu\\\/wp-content\\\/uploads\\\/2018\\\/10\\\/Kirby-turbobrush567.png\",\"contentUrl\":\"https:\\\/\\\/www.veltec.eu\\\/wp-content\\\/uploads\\\/2018\\\/10\\\/Kirby-turbobrush567.png\",\"width\":300,\"height\":300},{\"@type\":\"BreadcrumbList\",\"@id\":\"https:\\\/\\\/www.veltec.eu\\\/fr\\\/product\\\/turbobrosse-kirby-remis-a-neuf-nl3127\\\/#breadcrumb\",\"itemListElement\":[{\"@type\":\"ListItem\",\"position\":1,\"name\":\"Home\",\"item\":\"https:\\\/\\\/www.veltec.eu\\\/fr\\\/accueil\\\/\"},{\"@type\":\"ListItem\",\"position\":2,\"name\":\"Boutique Kirby\",\"item\":\"https:\\\/\\\/www.veltec.eu\\\/fr\\\/boutique-kirby\\\/\"},{\"@type\":\"ListItem\",\"position\":3,\"name\":\"Turbobrosse Kirby Remis \u00e0 neuf\"}]},{\"@type\":\"WebSite\",\"@id\":\"https:\\\/\\\/www.veltec.eu\\\/en\\\/#website\",\"url\":\"https:\\\/\\\/www.veltec.eu\\\/en\\\/\",\"name\":\"Veltec Kirby specialist\",\"description\":\"Kirby stofzuiger producten\",\"publisher\":{\"@id\":\"https:\\\/\\\/www.veltec.eu\\\/en\\\/#organization\"},\"potentialAction\":[{\"@type\":\"SearchAction\",\"target\":{\"@type\":\"EntryPoint\",\"urlTemplate\":\"https:\\\/\\\/www.veltec.eu\\\/en\\\/?s={search_term_string}\"},\"query-input\":{\"@type\":\"PropertyValueSpecification\",\"valueRequired\":true,\"valueName\":\"search_term_string\"}}],\"inLanguage\":\"fr-FR\"},{\"@type\":\"Organization\",\"@id\":\"https:\\\/\\\/www.veltec.eu\\\/en\\\/#organization\",\"name\":\"Veltec Kirby Specialist\",\"url\":\"https:\\\/\\\/www.veltec.eu\\\/en\\\/\",\"logo\":{\"@type\":\"ImageObject\",\"inLanguage\":\"fr-FR\",\"@id\":\"https:\\\/\\\/www.veltec.eu\\\/en\\\/#\\\/schema\\\/logo\\\/image\\\/\",\"url\":\"https:\\\/\\\/www.veltec.eu\\\/wp-content\\\/uploads\\\/2021\\\/12\\\/Veltec-log-groot-e1537260889125.png\",\"contentUrl\":\"https:\\\/\\\/www.veltec.eu\\\/wp-content\\\/uploads\\\/2021\\\/12\\\/Veltec-log-groot-e1537260889125.png\",\"width\":200,\"height\":60,\"caption\":\"Veltec Kirby Specialist\"},\"image\":{\"@id\":\"https:\\\/\\\/www.veltec.eu\\\/en\\\/#\\\/schema\\\/logo\\\/image\\\/\"},\"sameAs\":[\"https:\\\/\\\/www.facebook.com\\\/Veltec-Kirby-Specialist-236746293374877\\\/\",\"https:\\\/\\\/www.youtube.com\\\/user\\\/VeltecService\"]}]}<\/script>\n<!-- \/ Yoast SEO Premium plugin. -->","yoast_head_json":{"title":"Turbobrosse Kirby Remis \u00e0 neuf - Veltec Kirby specialist","description":"Turbobrosse Kirby Remis \u00e0 neuf Veltec est le fournisseur des aspirateurs Kirby depuis plus de 25 ans. Et est votre sp\u00e9cialiste de confiance","robots":{"index":"index","follow":"follow","max-snippet":"max-snippet:-1","max-image-preview":"max-image-preview:large","max-video-preview":"max-video-preview:-1"},"canonical":"https:\/\/www.veltec.eu\/fr\/product\/turbobrosse-kirby-remis-a-neuf-nl3127\/","og_locale":"fr_FR","og_type":"article","og_title":"Turbobrosse Kirby Remis \u00e0 neuf","og_description":"Turbobrosse avec rotor, pour le nettoyage en profondeur de rev\u00eatements textiles, comme sur chaises et canap\u00e9s, escaliers et int\u00e9rieurs de voitures.    En stock   Command\u00e9 23:59, exp\u00e9di\u00e9 demain  &nbsp;","og_url":"https:\/\/www.veltec.eu\/fr\/product\/turbobrosse-kirby-remis-a-neuf-nl3127\/","og_site_name":"Veltec Kirby specialist","article_publisher":"https:\/\/www.facebook.com\/Veltec-Kirby-Specialist-236746293374877\/","article_modified_time":"2025-11-24T10:34:15+00:00","og_image":[{"width":300,"height":300,"url":"https:\/\/www.veltec.eu\/wp-content\/uploads\/2018\/10\/Kirby-turbobrush567.png","type":"image\/png"}],"twitter_card":"summary_large_image","twitter_misc":{"Dur\u00e9e de lecture estim\u00e9e":"3 minutes"},"schema":{"@context":"https:\/\/schema.org","@graph":[{"@type":"WebPage","@id":"https:\/\/www.veltec.eu\/fr\/product\/turbobrosse-kirby-remis-a-neuf-nl3127\/","url":"https:\/\/www.veltec.eu\/fr\/product\/turbobrosse-kirby-remis-a-neuf-nl3127\/","name":"Turbobrosse Kirby Remis \u00e0 neuf - Veltec Kirby specialist","isPartOf":{"@id":"https:\/\/www.veltec.eu\/en\/#website"},"primaryImageOfPage":{"@id":"https:\/\/www.veltec.eu\/fr\/product\/turbobrosse-kirby-remis-a-neuf-nl3127\/#primaryimage"},"image":{"@id":"https:\/\/www.veltec.eu\/fr\/product\/turbobrosse-kirby-remis-a-neuf-nl3127\/#primaryimage"},"thumbnailUrl":"https:\/\/www.veltec.eu\/wp-content\/uploads\/2018\/10\/Kirby-turbobrush567.png","datePublished":"2018-10-22T11:46:26+00:00","dateModified":"2025-11-24T10:34:15+00:00","description":"Turbobrosse Kirby Remis \u00e0 neuf Veltec est le fournisseur des aspirateurs Kirby depuis plus de 25 ans. Et est votre sp\u00e9cialiste de confiance","breadcrumb":{"@id":"https:\/\/www.veltec.eu\/fr\/product\/turbobrosse-kirby-remis-a-neuf-nl3127\/#breadcrumb"},"inLanguage":"fr-FR","potentialAction":[{"@type":"ReadAction","target":["https:\/\/www.veltec.eu\/fr\/product\/turbobrosse-kirby-remis-a-neuf-nl3127\/"]}]},{"@type":"ImageObject","inLanguage":"fr-FR","@id":"https:\/\/www.veltec.eu\/fr\/product\/turbobrosse-kirby-remis-a-neuf-nl3127\/#primaryimage","url":"https:\/\/www.veltec.eu\/wp-content\/uploads\/2018\/10\/Kirby-turbobrush567.png","contentUrl":"https:\/\/www.veltec.eu\/wp-content\/uploads\/2018\/10\/Kirby-turbobrush567.png","width":300,"height":300},{"@type":"BreadcrumbList","@id":"https:\/\/www.veltec.eu\/fr\/product\/turbobrosse-kirby-remis-a-neuf-nl3127\/#breadcrumb","itemListElement":[{"@type":"ListItem","position":1,"name":"Home","item":"https:\/\/www.veltec.eu\/fr\/accueil\/"},{"@type":"ListItem","position":2,"name":"Boutique Kirby","item":"https:\/\/www.veltec.eu\/fr\/boutique-kirby\/"},{"@type":"ListItem","position":3,"name":"Turbobrosse Kirby Remis \u00e0 neuf"}]},{"@type":"WebSite","@id":"https:\/\/www.veltec.eu\/en\/#website","url":"https:\/\/www.veltec.eu\/en\/","name":"Veltec Kirby specialist","description":"Kirby stofzuiger producten","publisher":{"@id":"https:\/\/www.veltec.eu\/en\/#organization"},"potentialAction":[{"@type":"SearchAction","target":{"@type":"EntryPoint","urlTemplate":"https:\/\/www.veltec.eu\/en\/?s={search_term_string}"},"query-input":{"@type":"PropertyValueSpecification","valueRequired":true,"valueName":"search_term_string"}}],"inLanguage":"fr-FR"},{"@type":"Organization","@id":"https:\/\/www.veltec.eu\/en\/#organization","name":"Veltec Kirby Specialist","url":"https:\/\/www.veltec.eu\/en\/","logo":{"@type":"ImageObject","inLanguage":"fr-FR","@id":"https:\/\/www.veltec.eu\/en\/#\/schema\/logo\/image\/","url":"https:\/\/www.veltec.eu\/wp-content\/uploads\/2021\/12\/Veltec-log-groot-e1537260889125.png","contentUrl":"https:\/\/www.veltec.eu\/wp-content\/uploads\/2021\/12\/Veltec-log-groot-e1537260889125.png","width":200,"height":60,"caption":"Veltec Kirby Specialist"},"image":{"@id":"https:\/\/www.veltec.eu\/en\/#\/schema\/logo\/image\/"},"sameAs":["https:\/\/www.facebook.com\/Veltec-Kirby-Specialist-236746293374877\/","https:\/\/www.youtube.com\/user\/VeltecService"]}]}},"_links":{"self":[{"href":"https:\/\/www.veltec.eu\/fr\/wp-json\/wp\/v2\/product\/10900","targetHints":{"allow":["GET"]}}],"collection":[{"href":"https:\/\/www.veltec.eu\/fr\/wp-json\/wp\/v2\/product"}],"about":[{"href":"https:\/\/www.veltec.eu\/fr\/wp-json\/wp\/v2\/types\/product"}],"replies":[{"embeddable":true,"href":"https:\/\/www.veltec.eu\/fr\/wp-json\/wp\/v2\/comments?post=10900"}],"wp:featuredmedia":[{"embeddable":true,"href":"https:\/\/www.veltec.eu\/fr\/wp-json\/wp\/v2\/media\/86455"}],"wp:attachment":[{"href":"https:\/\/www.veltec.eu\/fr\/wp-json\/wp\/v2\/media?parent=10900"}],"wp:term":[{"taxonomy":"product_brand","embeddable":true,"href":"https:\/\/www.veltec.eu\/fr\/wp-json\/wp\/v2\/product_brand?post=10900"},{"taxonomy":"product_cat","embeddable":true,"href":"https:\/\/www.veltec.eu\/fr\/wp-json\/wp\/v2\/product_cat?post=10900"},{"taxonomy":"product_tag","embeddable":true,"href":"https:\/\/www.veltec.eu\/fr\/wp-json\/wp\/v2\/product_tag?post=10900"}],"curies":[{"name":"wp","href":"https:\/\/api.w.org\/{rel}","templated":true}]}}