{"id":10890,"date":"2018-10-22T13:57:30","date_gmt":"2018-10-22T11:57:30","guid":{"rendered":"https:\/\/www.veltec.eu\/kirby-webshop\/rotor-de-turbobrosse-nl3093\/"},"modified":"2025-11-24T12:31:07","modified_gmt":"2025-11-24T10:31:07","slug":"rotor-de-turbobrosse-kirby-nl3093","status":"publish","type":"product","link":"https:\/\/www.veltec.eu\/fr\/product\/rotor-de-turbobrosse-kirby-nl3093\/","title":{"rendered":"Rotor de turbobrosse Kirby"},"content":{"rendered":"<h1>Rotor de turbobrosse Kirby<\/h1>\n<p>Rotor de turbobrosse Kirby, convient aussi bien \u00e0 l&#8217;ancienne qu&#8217;\u00e0 la nouvelle turbo brosse.<\/p>\n<h2>Introduction du Rotor de turbobrosse Kirby<\/h2>\n<p>En tant que fier propri\u00e9taire d&#8217;un aspirateur Kirby, vous savez \u00e0 quel point il est essentiel de maintenir votre appareil en parfait \u00e9tat. Le rotor Kirby pour turbo-brosse est l&#8217;un des \u00e9l\u00e9ments cl\u00e9s qui garantissent un nettoyage en profondeur. Situ\u00e9 \u00e0 l&#8217;int\u00e9rieur de la turbo-brosse, ce rotor joue un r\u00f4le crucial dans l&#8217;efficacit\u00e9 de la turbo-brosse Kirby.<\/p>\n<h3>La fonction du Rotor de turbobrosse Kirby<\/h3>\n<p>Le rotor de la <a href=\"https:\/\/www.veltec.eu\/fr\/kirby-turbobrosse\/\">Kirby turbo-brosse<\/a> est sp\u00e9cialement con\u00e7u pour garantir les performances optimales de votre aspirateur Kirby. Le rotor permet \u00e0 la turbo-brosse de tourner efficacement et d&#8217;\u00e9liminer sans effort la salet\u00e9, la poussi\u00e8re et les cheveux des diff\u00e9rentes surfaces. Vous obtenez ainsi des r\u00e9sultats optimaux lors du nettoyage de votre maison, avec un minimum d&#8217;efforts.<\/p>\n<h3>Avantages d&#8217;un rotor Kirby en bon \u00e9tat de marche<\/h3>\n<p><strong>Efficacit\u00e9 accrue<\/strong><\/p>\n<p>Avec un rotor en bon \u00e9tat de marche, l&#8217;efficacit\u00e9 de la brosse turbo s&#8217;am\u00e9liore consid\u00e9rablement. La turbo-brosse tourne en douceur et rapidement, ramassant sans effort les salet\u00e9s les plus tenaces. Vos tapis et vos meubles sont ainsi toujours propres et frais.<\/p>\n<h3>Une dur\u00e9e de vie plus longue pour votre aspirateur<\/h3>\n<p>Le remplacement d&#8217;un rotor us\u00e9 peut prolonger la dur\u00e9e de vie de votre aspirateur Kirby. En investissant dans un nouveau rotor pour turbo-brosse, vous \u00e9viterez une usure inutile et vous assurerez que votre appareil dure des ann\u00e9es sans perte de performance.<\/p>\n<h3>Pourquoi choisir le Rotor de turbobrosse Kirby ?<\/h3>\n<p><strong>Une adaptation parfaite<\/strong><\/p>\n<p>Ce rotor est sp\u00e9cialement con\u00e7u pour la Turbo Brush de Kirby et garantit donc une adaptation parfaite. Cela signifie que vous n&#8217;avez pas besoin de perdre du temps \u00e0 ajuster ou \u00e0 modifier des pi\u00e8ces ; le rotor s&#8217;adapte parfaitement et garantit une installation sans probl\u00e8me.<\/p>\n<p><strong>Mat\u00e9riaux de haute qualit\u00e9<\/strong><\/p>\n<p>Le rotor pour turbo-brosse est fabriqu\u00e9 \u00e0 partir de mat\u00e9riaux de haute qualit\u00e9 qui garantissent sa durabilit\u00e9 et sa fiabilit\u00e9. Vous pouvez faire confiance \u00e0 ce rotor pour r\u00e9sister \u00e0 une utilisation intensive et fournir des performances durables.<\/p>\n<div class=\"flex-1 overflow-hidden\">\n<div class=\"h-full\">\n<div class=\"react-scroll-to-bottom--css-jsrur-79elbk h-full\">\n<div class=\"react-scroll-to-bottom--css-jsrur-1n7m0yu\">\n<div class=\"flex flex-col text-sm md:pb-9\">\n<div class=\"w-full text-token-text-primary\" dir=\"auto\" data-testid=\"conversation-turn-3\" data-scroll-anchor=\"true\">\n<div class=\"text-base py-[18px] px-3 md:px-4 m-auto md:px-5 lg:px-1 xl:px-5\">\n<div class=\"mx-auto flex flex-1 gap-4 text-base md:gap-5 lg:gap-6 md:max-w-3xl lg:max-w-[40rem] xl:max-w-[48rem]\">\n<div class=\"group\/conversation-turn relative flex w-full min-w-0 flex-col agent-turn\">\n<div class=\"flex-col gap-1 md:gap-3\">\n<div class=\"flex flex-grow flex-col max-w-full\">\n<div class=\"min-h-[20px] text-message flex w-full flex-col items-end gap-2 whitespace-pre-wrap break-words [.text-message+&amp;]:mt-5 overflow-x-auto\" dir=\"auto\" data-message-author-role=\"assistant\" data-message-id=\"bb767f65-21d0-4622-ad95-c1af5f6f3b66\">\n<div class=\"flex w-full flex-col gap-1 empty:hidden first:pt-[3px]\">\n<div class=\"markdown prose w-full break-words dark:prose-invert light\">\n<h3>Installation facile<\/h3>\n<p>Gr\u00e2ce \u00e0 sa conception, le rotor pour turbo-brosse est facile \u00e0 installer. Vous n&#8217;avez pas besoin de connaissances sp\u00e9cialis\u00e9es ; en quelques \u00e9tapes simples, vous pouvez remplacer le rotor et remettre votre aspirateur dans son \u00e9tat optimal.<\/p>\n<h3>Conseils pour l&#8217;entretien et le remplacement<\/h3>\n<p>Pour que votre aspirateur Kirby fonctionne toujours de mani\u00e8re optimale, il est important de contr\u00f4ler r\u00e9guli\u00e8rement le rotor et de le remplacer si n\u00e9cessaire. Voici quelques conseils pour vous aider :<\/p>\n<ul>\n<li>Contr\u00f4le r\u00e9gulier : Contr\u00f4lez le rotor au moins une fois par mois pour v\u00e9rifier qu&#8217;il n&#8217;est pas us\u00e9 ou endommag\u00e9. Cela permet d&#8217;identifier et de r\u00e9soudre les probl\u00e8mes \u00e0 temps.<\/li>\n<li>Nettoyage : Gardez le rotor et le turbo-brosse propres en les d\u00e9barrassant r\u00e9guli\u00e8rement des poils et de la salet\u00e9 accumul\u00e9s. Cela prolonge la dur\u00e9e de vie des pi\u00e8ces et garantit de meilleures performances.<\/li>\n<li>Remplacement : n&#8217;attendez pas trop longtemps pour remplacer un rotor us\u00e9. D\u00e8s que vous constatez une baisse des performances du balai turbo, il est temps d&#8217;installer un nouveau rotor.<\/li>\n<\/ul>\n<h3>Conclusion<\/h3>\n<p>Le rotor Kirby pour turbo-brosse est une pi\u00e8ce indispensable pour maintenir la puissance de nettoyage et l&#8217;efficacit\u00e9 de votre aspirateur Kirby. En investissant dans un nouveau rotor, vous vous assurez que votre appareil est toujours en parfait \u00e9tat, ce qui vous permet d&#8217;avoir une maison plus propre et de passer moins de temps \u00e0 nettoyer. Commandez votre rotor Kirby pour Turbo Brush d\u00e8s aujourd&#8217;hui et d\u00e9couvrez la diff\u00e9rence en termes de puissance de nettoyage et de commodit\u00e9 !<\/p>\n<\/div>\n<\/div>\n<\/div>\n<\/div>\n<\/div>\n<\/div>\n<\/div>\n<\/div>\n<\/div>\n<\/div>\n<\/div>\n<\/div>\n<\/div>\n<\/div>\n","protected":false},"excerpt":{"rendered":"<p>Rotor de turbobrosse.<\/p>\n[trustindex data-widget-id=e3bb80b24fa128098b960fc2439]\n<h3><span style=\"color: #008000;\"><br \/>\nEn stock<\/span><\/h3>\n[av_font_icon icon='ue812' font='entypo-fontello' style='' caption='' size='25px' position='left' color='#43ad66' link='' linktarget='' title_attr='' sonar_effect_effect='' sonar_effect_color='' sonar_effect_duration='1' sonar_effect_scale='' sonar_effect_opac='0.5' animation='' id='' custom_class='' template_class='' av_uid='' sc_version='1.0' admin_preview_bg=''][\/av_font_icon]\n<p><span style=\"color: #008000;\">Command\u00e9 23:59, exp\u00e9di\u00e9 demain<\/span><\/p>\n<p>&nbsp;<\/p>\n","protected":false},"featured_media":86445,"comment_status":"open","ping_status":"closed","template":"","meta":[],"product_brand":[],"product_cat":[377],"product_tag":[],"class_list":{"0":"post-10890","1":"product","2":"type-product","3":"status-publish","4":"has-post-thumbnail","6":"product_cat-kirby-turbobrosse","7":"product_shipping_class-klein-de-fr","9":"first","10":"instock","11":"taxable","12":"shipping-taxable","13":"purchasable","14":"product-type-simple"},"yoast_head":"<!-- This site is optimized with the Yoast SEO Premium plugin v27.1 (Yoast SEO v27.4) - https:\/\/yoast.com\/product\/yoast-seo-premium-wordpress\/ -->\n<title>Rotor de turbobrosse Kirby - Veltec Kirby specialist<\/title>\n<meta name=\"description\" content=\"Rotor de turbobrosse Kirby Veltec est le fournisseur des aspirateurs Kirby depuis plus de 25 ans. Et est votre sp\u00e9cialiste de confiance\" \/>\n<meta name=\"robots\" content=\"index, follow, max-snippet:-1, max-image-preview:large, max-video-preview:-1\" \/>\n<link rel=\"canonical\" href=\"https:\/\/www.veltec.eu\/fr\/product\/rotor-de-turbobrosse-kirby-nl3093\/\" \/>\n<meta property=\"og:locale\" content=\"fr_FR\" \/>\n<meta property=\"og:type\" content=\"article\" \/>\n<meta property=\"og:title\" content=\"Rotor de turbobrosse Kirby\" \/>\n<meta property=\"og:description\" content=\"Rotor de turbobrosse.    En stock   Command\u00e9 23:59, exp\u00e9di\u00e9 demain  &nbsp;\" \/>\n<meta property=\"og:url\" content=\"https:\/\/www.veltec.eu\/fr\/product\/rotor-de-turbobrosse-kirby-nl3093\/\" \/>\n<meta property=\"og:site_name\" content=\"Veltec Kirby specialist\" \/>\n<meta property=\"article:publisher\" content=\"https:\/\/www.facebook.com\/Veltec-Kirby-Specialist-236746293374877\/\" \/>\n<meta property=\"article:modified_time\" content=\"2025-11-24T10:31:07+00:00\" \/>\n<meta property=\"og:image\" content=\"https:\/\/www.veltec.eu\/wp-content\/uploads\/2018\/10\/Rotor-TB.png\" \/>\n\t<meta property=\"og:image:width\" content=\"500\" \/>\n\t<meta property=\"og:image:height\" content=\"500\" \/>\n\t<meta property=\"og:image:type\" content=\"image\/png\" \/>\n<meta name=\"twitter:card\" content=\"summary_large_image\" \/>\n<meta name=\"twitter:label1\" content=\"Dur\u00e9e de lecture estim\u00e9e\" \/>\n\t<meta name=\"twitter:data1\" content=\"3 minutes\" \/>\n<script type=\"application\/ld+json\" class=\"yoast-schema-graph\">{\"@context\":\"https:\\\/\\\/schema.org\",\"@graph\":[{\"@type\":\"WebPage\",\"@id\":\"https:\\\/\\\/www.veltec.eu\\\/fr\\\/product\\\/rotor-de-turbobrosse-kirby-nl3093\\\/\",\"url\":\"https:\\\/\\\/www.veltec.eu\\\/fr\\\/product\\\/rotor-de-turbobrosse-kirby-nl3093\\\/\",\"name\":\"Rotor de turbobrosse Kirby - Veltec Kirby specialist\",\"isPartOf\":{\"@id\":\"https:\\\/\\\/www.veltec.eu\\\/en\\\/#website\"},\"primaryImageOfPage\":{\"@id\":\"https:\\\/\\\/www.veltec.eu\\\/fr\\\/product\\\/rotor-de-turbobrosse-kirby-nl3093\\\/#primaryimage\"},\"image\":{\"@id\":\"https:\\\/\\\/www.veltec.eu\\\/fr\\\/product\\\/rotor-de-turbobrosse-kirby-nl3093\\\/#primaryimage\"},\"thumbnailUrl\":\"https:\\\/\\\/www.veltec.eu\\\/wp-content\\\/uploads\\\/2018\\\/10\\\/Rotor-TB.png\",\"datePublished\":\"2018-10-22T11:57:30+00:00\",\"dateModified\":\"2025-11-24T10:31:07+00:00\",\"description\":\"Rotor de turbobrosse Kirby Veltec est le fournisseur des aspirateurs Kirby depuis plus de 25 ans. Et est votre sp\u00e9cialiste de confiance\",\"breadcrumb\":{\"@id\":\"https:\\\/\\\/www.veltec.eu\\\/fr\\\/product\\\/rotor-de-turbobrosse-kirby-nl3093\\\/#breadcrumb\"},\"inLanguage\":\"fr-FR\",\"potentialAction\":[{\"@type\":\"ReadAction\",\"target\":[\"https:\\\/\\\/www.veltec.eu\\\/fr\\\/product\\\/rotor-de-turbobrosse-kirby-nl3093\\\/\"]}]},{\"@type\":\"ImageObject\",\"inLanguage\":\"fr-FR\",\"@id\":\"https:\\\/\\\/www.veltec.eu\\\/fr\\\/product\\\/rotor-de-turbobrosse-kirby-nl3093\\\/#primaryimage\",\"url\":\"https:\\\/\\\/www.veltec.eu\\\/wp-content\\\/uploads\\\/2018\\\/10\\\/Rotor-TB.png\",\"contentUrl\":\"https:\\\/\\\/www.veltec.eu\\\/wp-content\\\/uploads\\\/2018\\\/10\\\/Rotor-TB.png\",\"width\":500,\"height\":500},{\"@type\":\"BreadcrumbList\",\"@id\":\"https:\\\/\\\/www.veltec.eu\\\/fr\\\/product\\\/rotor-de-turbobrosse-kirby-nl3093\\\/#breadcrumb\",\"itemListElement\":[{\"@type\":\"ListItem\",\"position\":1,\"name\":\"Home\",\"item\":\"https:\\\/\\\/www.veltec.eu\\\/fr\\\/\"},{\"@type\":\"ListItem\",\"position\":2,\"name\":\"Produits\",\"item\":\"https:\\\/\\\/www.veltec.eu\\\/fr\\\/shop\\\/\"},{\"@type\":\"ListItem\",\"position\":3,\"name\":\"Rotor de turbobrosse Kirby\"}]},{\"@type\":\"WebSite\",\"@id\":\"https:\\\/\\\/www.veltec.eu\\\/en\\\/#website\",\"url\":\"https:\\\/\\\/www.veltec.eu\\\/en\\\/\",\"name\":\"Veltec Kirby specialist\",\"description\":\"Kirby stofzuiger producten\",\"publisher\":{\"@id\":\"https:\\\/\\\/www.veltec.eu\\\/en\\\/#organization\"},\"potentialAction\":[{\"@type\":\"SearchAction\",\"target\":{\"@type\":\"EntryPoint\",\"urlTemplate\":\"https:\\\/\\\/www.veltec.eu\\\/en\\\/?s={search_term_string}\"},\"query-input\":{\"@type\":\"PropertyValueSpecification\",\"valueRequired\":true,\"valueName\":\"search_term_string\"}}],\"inLanguage\":\"fr-FR\"},{\"@type\":\"Organization\",\"@id\":\"https:\\\/\\\/www.veltec.eu\\\/en\\\/#organization\",\"name\":\"Veltec Kirby Specialist\",\"url\":\"https:\\\/\\\/www.veltec.eu\\\/en\\\/\",\"logo\":{\"@type\":\"ImageObject\",\"inLanguage\":\"fr-FR\",\"@id\":\"https:\\\/\\\/www.veltec.eu\\\/en\\\/#\\\/schema\\\/logo\\\/image\\\/\",\"url\":\"https:\\\/\\\/www.veltec.eu\\\/wp-content\\\/uploads\\\/2021\\\/12\\\/Veltec-log-groot-e1537260889125.png\",\"contentUrl\":\"https:\\\/\\\/www.veltec.eu\\\/wp-content\\\/uploads\\\/2021\\\/12\\\/Veltec-log-groot-e1537260889125.png\",\"width\":200,\"height\":60,\"caption\":\"Veltec Kirby Specialist\"},\"image\":{\"@id\":\"https:\\\/\\\/www.veltec.eu\\\/en\\\/#\\\/schema\\\/logo\\\/image\\\/\"},\"sameAs\":[\"https:\\\/\\\/www.facebook.com\\\/Veltec-Kirby-Specialist-236746293374877\\\/\",\"https:\\\/\\\/www.youtube.com\\\/user\\\/VeltecService\"]}]}<\/script>\n<!-- \/ Yoast SEO Premium plugin. -->","yoast_head_json":{"title":"Rotor de turbobrosse Kirby - Veltec Kirby specialist","description":"Rotor de turbobrosse Kirby Veltec est le fournisseur des aspirateurs Kirby depuis plus de 25 ans. Et est votre sp\u00e9cialiste de confiance","robots":{"index":"index","follow":"follow","max-snippet":"max-snippet:-1","max-image-preview":"max-image-preview:large","max-video-preview":"max-video-preview:-1"},"canonical":"https:\/\/www.veltec.eu\/fr\/product\/rotor-de-turbobrosse-kirby-nl3093\/","og_locale":"fr_FR","og_type":"article","og_title":"Rotor de turbobrosse Kirby","og_description":"Rotor de turbobrosse.    En stock   Command\u00e9 23:59, exp\u00e9di\u00e9 demain  &nbsp;","og_url":"https:\/\/www.veltec.eu\/fr\/product\/rotor-de-turbobrosse-kirby-nl3093\/","og_site_name":"Veltec Kirby specialist","article_publisher":"https:\/\/www.facebook.com\/Veltec-Kirby-Specialist-236746293374877\/","article_modified_time":"2025-11-24T10:31:07+00:00","og_image":[{"width":500,"height":500,"url":"https:\/\/www.veltec.eu\/wp-content\/uploads\/2018\/10\/Rotor-TB.png","type":"image\/png"}],"twitter_card":"summary_large_image","twitter_misc":{"Dur\u00e9e de lecture estim\u00e9e":"3 minutes"},"schema":{"@context":"https:\/\/schema.org","@graph":[{"@type":"WebPage","@id":"https:\/\/www.veltec.eu\/fr\/product\/rotor-de-turbobrosse-kirby-nl3093\/","url":"https:\/\/www.veltec.eu\/fr\/product\/rotor-de-turbobrosse-kirby-nl3093\/","name":"Rotor de turbobrosse Kirby - Veltec Kirby specialist","isPartOf":{"@id":"https:\/\/www.veltec.eu\/en\/#website"},"primaryImageOfPage":{"@id":"https:\/\/www.veltec.eu\/fr\/product\/rotor-de-turbobrosse-kirby-nl3093\/#primaryimage"},"image":{"@id":"https:\/\/www.veltec.eu\/fr\/product\/rotor-de-turbobrosse-kirby-nl3093\/#primaryimage"},"thumbnailUrl":"https:\/\/www.veltec.eu\/wp-content\/uploads\/2018\/10\/Rotor-TB.png","datePublished":"2018-10-22T11:57:30+00:00","dateModified":"2025-11-24T10:31:07+00:00","description":"Rotor de turbobrosse Kirby Veltec est le fournisseur des aspirateurs Kirby depuis plus de 25 ans. Et est votre sp\u00e9cialiste de confiance","breadcrumb":{"@id":"https:\/\/www.veltec.eu\/fr\/product\/rotor-de-turbobrosse-kirby-nl3093\/#breadcrumb"},"inLanguage":"fr-FR","potentialAction":[{"@type":"ReadAction","target":["https:\/\/www.veltec.eu\/fr\/product\/rotor-de-turbobrosse-kirby-nl3093\/"]}]},{"@type":"ImageObject","inLanguage":"fr-FR","@id":"https:\/\/www.veltec.eu\/fr\/product\/rotor-de-turbobrosse-kirby-nl3093\/#primaryimage","url":"https:\/\/www.veltec.eu\/wp-content\/uploads\/2018\/10\/Rotor-TB.png","contentUrl":"https:\/\/www.veltec.eu\/wp-content\/uploads\/2018\/10\/Rotor-TB.png","width":500,"height":500},{"@type":"BreadcrumbList","@id":"https:\/\/www.veltec.eu\/fr\/product\/rotor-de-turbobrosse-kirby-nl3093\/#breadcrumb","itemListElement":[{"@type":"ListItem","position":1,"name":"Home","item":"https:\/\/www.veltec.eu\/fr\/"},{"@type":"ListItem","position":2,"name":"Produits","item":"https:\/\/www.veltec.eu\/fr\/shop\/"},{"@type":"ListItem","position":3,"name":"Rotor de turbobrosse Kirby"}]},{"@type":"WebSite","@id":"https:\/\/www.veltec.eu\/en\/#website","url":"https:\/\/www.veltec.eu\/en\/","name":"Veltec Kirby specialist","description":"Kirby stofzuiger producten","publisher":{"@id":"https:\/\/www.veltec.eu\/en\/#organization"},"potentialAction":[{"@type":"SearchAction","target":{"@type":"EntryPoint","urlTemplate":"https:\/\/www.veltec.eu\/en\/?s={search_term_string}"},"query-input":{"@type":"PropertyValueSpecification","valueRequired":true,"valueName":"search_term_string"}}],"inLanguage":"fr-FR"},{"@type":"Organization","@id":"https:\/\/www.veltec.eu\/en\/#organization","name":"Veltec Kirby Specialist","url":"https:\/\/www.veltec.eu\/en\/","logo":{"@type":"ImageObject","inLanguage":"fr-FR","@id":"https:\/\/www.veltec.eu\/en\/#\/schema\/logo\/image\/","url":"https:\/\/www.veltec.eu\/wp-content\/uploads\/2021\/12\/Veltec-log-groot-e1537260889125.png","contentUrl":"https:\/\/www.veltec.eu\/wp-content\/uploads\/2021\/12\/Veltec-log-groot-e1537260889125.png","width":200,"height":60,"caption":"Veltec Kirby Specialist"},"image":{"@id":"https:\/\/www.veltec.eu\/en\/#\/schema\/logo\/image\/"},"sameAs":["https:\/\/www.facebook.com\/Veltec-Kirby-Specialist-236746293374877\/","https:\/\/www.youtube.com\/user\/VeltecService"]}]}},"_links":{"self":[{"href":"https:\/\/www.veltec.eu\/fr\/wp-json\/wp\/v2\/product\/10890","targetHints":{"allow":["GET"]}}],"collection":[{"href":"https:\/\/www.veltec.eu\/fr\/wp-json\/wp\/v2\/product"}],"about":[{"href":"https:\/\/www.veltec.eu\/fr\/wp-json\/wp\/v2\/types\/product"}],"replies":[{"embeddable":true,"href":"https:\/\/www.veltec.eu\/fr\/wp-json\/wp\/v2\/comments?post=10890"}],"wp:featuredmedia":[{"embeddable":true,"href":"https:\/\/www.veltec.eu\/fr\/wp-json\/wp\/v2\/media\/86445"}],"wp:attachment":[{"href":"https:\/\/www.veltec.eu\/fr\/wp-json\/wp\/v2\/media?parent=10890"}],"wp:term":[{"taxonomy":"product_brand","embeddable":true,"href":"https:\/\/www.veltec.eu\/fr\/wp-json\/wp\/v2\/product_brand?post=10890"},{"taxonomy":"product_cat","embeddable":true,"href":"https:\/\/www.veltec.eu\/fr\/wp-json\/wp\/v2\/product_cat?post=10890"},{"taxonomy":"product_tag","embeddable":true,"href":"https:\/\/www.veltec.eu\/fr\/wp-json\/wp\/v2\/product_tag?post=10890"}],"curies":[{"name":"wp","href":"https:\/\/api.w.org\/{rel}","templated":true}]}}