{"id":10885,"date":"2018-10-22T14:14:39","date_gmt":"2018-10-22T12:14:39","guid":{"rendered":"https:\/\/www.veltec.eu\/kirby-webshop\/support-vide-de-turbobrosse-nl3071\/"},"modified":"2024-12-05T16:56:19","modified_gmt":"2024-12-05T14:56:19","slug":"support-vide-de-turbobrosse-kirby-nl3071","status":"publish","type":"product","link":"https:\/\/www.veltec.eu\/fr\/product\/support-vide-de-turbobrosse-kirby-nl3071\/","title":{"rendered":"Support vide de turbobrosse Kirby"},"content":{"rendered":"<div class=\"flex-1 overflow-hidden\">\n<div class=\"h-full\">\n<div class=\"react-scroll-to-bottom--css-jsrur-79elbk h-full\">\n<div class=\"react-scroll-to-bottom--css-jsrur-1n7m0yu\">\n<div class=\"flex flex-col text-sm md:pb-9\">\n<div class=\"w-full text-token-text-primary\" dir=\"auto\" data-testid=\"conversation-turn-3\" data-scroll-anchor=\"true\">\n<div class=\"text-base py-[18px] px-3 md:px-4 m-auto md:px-5 lg:px-1 xl:px-5\">\n<div class=\"mx-auto flex flex-1 gap-4 text-base md:gap-5 lg:gap-6 md:max-w-3xl lg:max-w-[40rem] xl:max-w-[48rem]\">\n<div class=\"group\/conversation-turn relative flex w-full min-w-0 flex-col agent-turn\">\n<div class=\"flex-col gap-1 md:gap-3\">\n<div class=\"flex flex-grow flex-col max-w-full\">\n<div class=\"min-h-[20px] text-message flex w-full flex-col items-end gap-2 whitespace-pre-wrap break-words [.text-message+&amp;]:mt-5 overflow-x-auto\" dir=\"auto\" data-message-author-role=\"assistant\" data-message-id=\"1a4fba8c-e884-4dd0-a736-ba3edbc40dd9\">\n<div class=\"flex w-full flex-col gap-1 empty:hidden first:pt-[3px]\">\n<div class=\"markdown prose w-full break-words dark:prose-invert light\">\n<h2>D\u00e9couvrez la Support vide de turbobrosse Kirby : un accessoire indispensable pour votre aspirateur<\/h2>\n<p>Vous cherchez le compl\u00e9ment id\u00e9al pour votre aspirateur Kirby ? Ne cherchez plus ! La Support vide de turbobrosse Kirby ce qu&#8217;il vous faut pour faire passer votre exp\u00e9rience de nettoyage au niveau sup\u00e9rieur. Con\u00e7u sp\u00e9cialement pour tirer le meilleur parti de votre aspirateur, cet accessoire de haute qualit\u00e9 offre de nombreux avantages qui rendront votre routine de nettoyage beaucoup plus efficace.<\/p>\n<h3>Qu&#8217;est-ce qu&#8217;un Support vide de <a href=\"https:\/\/www.veltec.eu\/fr\/?page_id=60087\">turbobrosse Kirby<\/a> ?<\/h3>\n<p>Le support vide est un accessoire polyvalent con\u00e7u sp\u00e9cifiquement pour la turbo-brosse Kirby. Gr\u00e2ce \u00e0 cette turbo-brosse, vous pouvez facilement et compl\u00e8tement \u00e9liminer la salet\u00e9, la poussi\u00e8re et les cheveux de diff\u00e9rentes surfaces. La brosse est \u00e9quip\u00e9e de brosses rotatives puissantes qui p\u00e9n\u00e8trent profond\u00e9ment dans la moquette, ne laissant aucune chance aux salet\u00e9s les plus tenaces. De plus, l&#8217;utilisation de la turbo-brosse est extr\u00eamement facile, ce qui vous permet de maintenir une maison propre et fra\u00eeche sans effort.<\/p>\n<h3>Principales caract\u00e9ristiques de la Support vide de turbobrosse Kirby<\/h3>\n<ul>\n<li>Brosses rotatives puissantes : La turbo-brosse est dot\u00e9e de brosses rotatives puissantes qui d\u00e9collent et aspirent efficacement la salet\u00e9 et la poussi\u00e8re.<\/li>\n<li>Convient \u00e0 de multiples surfaces : Que vous souhaitiez nettoyer des tapis, des moquettes, des sols durs ou des tissus d&#8217;ameublement, cette brosse peut tout faire.<\/li>\n<li>Installation facile : La turbo-brosse Kirby Empty Holder est facile \u00e0 fixer sur votre aspirateur Kirby, ce qui vous permet de commencer rapidement.<\/li>\n<li>Durable et fiable : Fabriqu\u00e9e \u00e0 partir de mat\u00e9riaux de haute qualit\u00e9, cette brosse offre des performances et une fiabilit\u00e9 durables.<\/li>\n<\/ul>\n<h3>Pourquoi choisir le support vide ?<\/h3>\n<p>Il y a de nombreuses raisons pour lesquelles le support vide est un excellent choix pour vos besoins de nettoyage. Tout d&#8217;abord, la turbo-brosse rend votre aspirateur encore plus efficace. Vous passez donc moins de temps \u00e0 nettoyer tout en obtenant un r\u00e9sultat plus complet. En outre, la brosse est particuli\u00e8rement efficace pour \u00e9liminer les poils d&#8217;animaux, ce qui est id\u00e9al pour les m\u00e9nages avec des animaux domestiques.<\/p>\n<h3>Avantages de la turbo-brosse Kirby<\/h3>\n<ul>\n<li>Nettoyage plus efficace : Les brosses puissantes vous permettent de nettoyer plus rapidement et plus efficacement.<\/li>\n<li>Moins de temps et d&#8217;efforts : la turbo-brosse vous d\u00e9charge d&#8217;une grande partie du travail, ce qui vous laisse plus de temps pour d&#8217;autres activit\u00e9s.<\/li>\n<li>Convient aux personnes souffrant d&#8217;allergies : La brosse permet de r\u00e9duire la poussi\u00e8re et les allerg\u00e8nes dans votre maison, am\u00e9liorant ainsi la qualit\u00e9 de l&#8217;air.<\/li>\n<li>Puissance d&#8217;aspiration am\u00e9lior\u00e9e : Votre aspirateur fonctionne mieux avec cette brosse, \u00e9liminant la salet\u00e9 plus rapidement et plus efficacement.<\/li>\n<\/ul>\n<h3>Comment l&#8217;utiliser<\/h3>\n<p>L&#8217;utilisation du support vide Kirby est simple et intuitive. Suivez les \u00e9tapes suivantes pour tirer le meilleur parti de votre brosse :<\/p>\n<ul>\n<li>Fixer : Fixez le rotor et l&#8217;anneau ext\u00e9rieur Kirby au support vide de la brosse Turbo.<\/li>\n<li>Choisissez le bon support vide : Ce support ne convient qu&#8217;\u00e0 la turbo-brosse Kirby nouveau style.<\/li>\n<li>Entretien et nettoyage : Apr\u00e8s utilisation, il suffit de d\u00e9tacher et de nettoyer la brosse pour qu&#8217;elle continue \u00e0 fonctionner de mani\u00e8re optimale.<\/li>\n<\/ul>\n<h3>Conseils pour une utilisation optimale<\/h3>\n<p>Entretien r\u00e9gulier : Veillez \u00e0 nettoyer r\u00e9guli\u00e8rement la brosse pour \u00e9viter l&#8217;accumulation de salet\u00e9s et de poils.<br \/>\nR\u00e9glages appropri\u00e9s : Utilisez les bons r\u00e9glages de votre aspirateur pour obtenir les meilleurs r\u00e9sultats sur diff\u00e9rentes surfaces.<br \/>\nRangement dans un endroit sec : Rangez la brosse dans un endroit sec pour prolonger sa dur\u00e9e de vie et \u00e9viter qu&#8217;elle ne s&#8217;ab\u00eeme.<\/p>\n<h3>Conclusion : le compl\u00e9ment parfait de votre aspirateur Kirby<\/h3>\n<p>La turbo-brosse Kirby Empty Holder est un accessoire essentiel pour tous ceux qui souhaitent nettoyer leur maison en profondeur et de mani\u00e8re efficace. Avec ses brosses rotatives puissantes, sa polyvalence et sa facilit\u00e9 d&#8217;utilisation, cette brosse est un compl\u00e9ment pr\u00e9cieux \u00e0 votre arsenal de nettoyage. N&#8217;attendez plus et d\u00e9couvrez les avantages de la turbo-brosse Kirby Empty Holder par vous-m\u00eame &#8211; votre maison n&#8217;aura jamais \u00e9t\u00e9 aussi propre et fra\u00eeche !<\/p>\n<\/div>\n<\/div>\n<\/div>\n<\/div>\n<\/div>\n<\/div>\n<\/div>\n<\/div>\n<\/div>\n<\/div>\n<\/div>\n<\/div>\n<\/div>\n<\/div>\n","protected":false},"excerpt":{"rendered":"<p>Support vide de turbobrosse.<\/p>\n[trustindex data-widget-id=e3bb80b24fa128098b960fc2439]\n<h3><span style=\"color: #008000;\"><br \/>\nEn stock<\/span><\/h3>\n[av_font_icon icon='ue812' font='entypo-fontello' style='' caption='' size='25px' position='left' color='#43ad66' link='' linktarget='' title_attr='' sonar_effect_effect='' sonar_effect_color='' sonar_effect_duration='1' sonar_effect_scale='' sonar_effect_opac='0.5' animation='' id='' custom_class='' template_class='' av_uid='' sc_version='1.0' admin_preview_bg=''][\/av_font_icon]\n<p><span style=\"color: #008000;\">Command\u00e9 23:59, exp\u00e9di\u00e9 demain<\/span><\/p>\n<p>&nbsp;<\/p>\n","protected":false},"featured_media":7644,"comment_status":"open","ping_status":"closed","template":"","meta":{"_acf_changed":false},"product_brand":[],"product_cat":[377],"product_tag":[],"class_list":{"0":"post-10885","1":"product","2":"type-product","3":"status-publish","4":"has-post-thumbnail","6":"product_cat-kirby-turbobrosse","7":"product_shipping_class-klein-de-fr","9":"first","10":"instock","11":"taxable","12":"shipping-taxable","13":"purchasable","14":"product-type-simple"},"acf":[],"yoast_head":"<!-- This site is optimized with the Yoast SEO Premium plugin v27.1 (Yoast SEO v27.5) - https:\/\/yoast.com\/product\/yoast-seo-premium-wordpress\/ -->\n<title>Support vide de turbobrosse Kirby - Veltec Kirby specialist<\/title>\n<meta name=\"description\" content=\"Support vide de turbobrosse Kirby Veltec est le fournisseur des aspirateurs Kirby depuis plus de 25 ans. Sp\u00e9cialiste Veltec Kirby.\" \/>\n<meta name=\"robots\" content=\"index, follow, max-snippet:-1, max-image-preview:large, max-video-preview:-1\" \/>\n<link rel=\"canonical\" href=\"https:\/\/www.veltec.eu\/fr\/product\/support-vide-de-turbobrosse-kirby-nl3071\/\" \/>\n<meta property=\"og:locale\" content=\"fr_FR\" \/>\n<meta property=\"og:type\" content=\"article\" \/>\n<meta property=\"og:title\" content=\"Support vide de turbobrosse Kirby\" \/>\n<meta property=\"og:description\" content=\"Support vide de turbobrosse.    En stock   Command\u00e9 23:59, exp\u00e9di\u00e9 demain  &nbsp;\" \/>\n<meta property=\"og:url\" content=\"https:\/\/www.veltec.eu\/fr\/product\/support-vide-de-turbobrosse-kirby-nl3071\/\" \/>\n<meta property=\"og:site_name\" content=\"Veltec Kirby specialist\" \/>\n<meta property=\"article:publisher\" content=\"https:\/\/www.facebook.com\/Veltec-Kirby-Specialist-236746293374877\/\" \/>\n<meta property=\"article:modified_time\" content=\"2024-12-05T14:56:19+00:00\" \/>\n<meta property=\"og:image\" content=\"https:\/\/www.veltec.eu\/wp-content\/uploads\/2018\/10\/lege_huder_tb_1.jpg\" \/>\n\t<meta property=\"og:image:width\" content=\"300\" \/>\n\t<meta property=\"og:image:height\" content=\"300\" \/>\n\t<meta property=\"og:image:type\" content=\"image\/jpeg\" \/>\n<meta name=\"twitter:card\" content=\"summary_large_image\" \/>\n<meta name=\"twitter:label1\" content=\"Dur\u00e9e de lecture estim\u00e9e\" \/>\n\t<meta name=\"twitter:data1\" content=\"4 minutes\" \/>\n<script type=\"application\/ld+json\" class=\"yoast-schema-graph\">{\"@context\":\"https:\\\/\\\/schema.org\",\"@graph\":[{\"@type\":\"WebPage\",\"@id\":\"https:\\\/\\\/www.veltec.eu\\\/fr\\\/product\\\/support-vide-de-turbobrosse-kirby-nl3071\\\/\",\"url\":\"https:\\\/\\\/www.veltec.eu\\\/fr\\\/product\\\/support-vide-de-turbobrosse-kirby-nl3071\\\/\",\"name\":\"Support vide de turbobrosse Kirby - Veltec Kirby specialist\",\"isPartOf\":{\"@id\":\"https:\\\/\\\/www.veltec.eu\\\/en\\\/#website\"},\"primaryImageOfPage\":{\"@id\":\"https:\\\/\\\/www.veltec.eu\\\/fr\\\/product\\\/support-vide-de-turbobrosse-kirby-nl3071\\\/#primaryimage\"},\"image\":{\"@id\":\"https:\\\/\\\/www.veltec.eu\\\/fr\\\/product\\\/support-vide-de-turbobrosse-kirby-nl3071\\\/#primaryimage\"},\"thumbnailUrl\":\"https:\\\/\\\/www.veltec.eu\\\/wp-content\\\/uploads\\\/2018\\\/10\\\/lege_huder_tb_1.jpg\",\"datePublished\":\"2018-10-22T12:14:39+00:00\",\"dateModified\":\"2024-12-05T14:56:19+00:00\",\"description\":\"Support vide de turbobrosse Kirby Veltec est le fournisseur des aspirateurs Kirby depuis plus de 25 ans. Sp\u00e9cialiste Veltec Kirby.\",\"breadcrumb\":{\"@id\":\"https:\\\/\\\/www.veltec.eu\\\/fr\\\/product\\\/support-vide-de-turbobrosse-kirby-nl3071\\\/#breadcrumb\"},\"inLanguage\":\"fr-FR\",\"potentialAction\":[{\"@type\":\"ReadAction\",\"target\":[\"https:\\\/\\\/www.veltec.eu\\\/fr\\\/product\\\/support-vide-de-turbobrosse-kirby-nl3071\\\/\"]}]},{\"@type\":\"ImageObject\",\"inLanguage\":\"fr-FR\",\"@id\":\"https:\\\/\\\/www.veltec.eu\\\/fr\\\/product\\\/support-vide-de-turbobrosse-kirby-nl3071\\\/#primaryimage\",\"url\":\"https:\\\/\\\/www.veltec.eu\\\/wp-content\\\/uploads\\\/2018\\\/10\\\/lege_huder_tb_1.jpg\",\"contentUrl\":\"https:\\\/\\\/www.veltec.eu\\\/wp-content\\\/uploads\\\/2018\\\/10\\\/lege_huder_tb_1.jpg\",\"width\":300,\"height\":300},{\"@type\":\"BreadcrumbList\",\"@id\":\"https:\\\/\\\/www.veltec.eu\\\/fr\\\/product\\\/support-vide-de-turbobrosse-kirby-nl3071\\\/#breadcrumb\",\"itemListElement\":[{\"@type\":\"ListItem\",\"position\":1,\"name\":\"Home\",\"item\":\"https:\\\/\\\/www.veltec.eu\\\/fr\\\/accueil\\\/\"},{\"@type\":\"ListItem\",\"position\":2,\"name\":\"Boutique Kirby\",\"item\":\"https:\\\/\\\/www.veltec.eu\\\/fr\\\/boutique-kirby\\\/\"},{\"@type\":\"ListItem\",\"position\":3,\"name\":\"Support vide de turbobrosse Kirby\"}]},{\"@type\":\"WebSite\",\"@id\":\"https:\\\/\\\/www.veltec.eu\\\/en\\\/#website\",\"url\":\"https:\\\/\\\/www.veltec.eu\\\/en\\\/\",\"name\":\"Veltec Kirby specialist\",\"description\":\"Kirby stofzuiger producten\",\"publisher\":{\"@id\":\"https:\\\/\\\/www.veltec.eu\\\/en\\\/#organization\"},\"potentialAction\":[{\"@type\":\"SearchAction\",\"target\":{\"@type\":\"EntryPoint\",\"urlTemplate\":\"https:\\\/\\\/www.veltec.eu\\\/en\\\/?s={search_term_string}\"},\"query-input\":{\"@type\":\"PropertyValueSpecification\",\"valueRequired\":true,\"valueName\":\"search_term_string\"}}],\"inLanguage\":\"fr-FR\"},{\"@type\":\"Organization\",\"@id\":\"https:\\\/\\\/www.veltec.eu\\\/en\\\/#organization\",\"name\":\"Veltec Kirby Specialist\",\"url\":\"https:\\\/\\\/www.veltec.eu\\\/en\\\/\",\"logo\":{\"@type\":\"ImageObject\",\"inLanguage\":\"fr-FR\",\"@id\":\"https:\\\/\\\/www.veltec.eu\\\/en\\\/#\\\/schema\\\/logo\\\/image\\\/\",\"url\":\"https:\\\/\\\/www.veltec.eu\\\/wp-content\\\/uploads\\\/2021\\\/12\\\/Veltec-log-groot-e1537260889125.png\",\"contentUrl\":\"https:\\\/\\\/www.veltec.eu\\\/wp-content\\\/uploads\\\/2021\\\/12\\\/Veltec-log-groot-e1537260889125.png\",\"width\":200,\"height\":60,\"caption\":\"Veltec Kirby Specialist\"},\"image\":{\"@id\":\"https:\\\/\\\/www.veltec.eu\\\/en\\\/#\\\/schema\\\/logo\\\/image\\\/\"},\"sameAs\":[\"https:\\\/\\\/www.facebook.com\\\/Veltec-Kirby-Specialist-236746293374877\\\/\",\"https:\\\/\\\/www.youtube.com\\\/user\\\/VeltecService\"]}]}<\/script>\n<!-- \/ Yoast SEO Premium plugin. -->","yoast_head_json":{"title":"Support vide de turbobrosse Kirby - Veltec Kirby specialist","description":"Support vide de turbobrosse Kirby Veltec est le fournisseur des aspirateurs Kirby depuis plus de 25 ans. Sp\u00e9cialiste Veltec Kirby.","robots":{"index":"index","follow":"follow","max-snippet":"max-snippet:-1","max-image-preview":"max-image-preview:large","max-video-preview":"max-video-preview:-1"},"canonical":"https:\/\/www.veltec.eu\/fr\/product\/support-vide-de-turbobrosse-kirby-nl3071\/","og_locale":"fr_FR","og_type":"article","og_title":"Support vide de turbobrosse Kirby","og_description":"Support vide de turbobrosse.    En stock   Command\u00e9 23:59, exp\u00e9di\u00e9 demain  &nbsp;","og_url":"https:\/\/www.veltec.eu\/fr\/product\/support-vide-de-turbobrosse-kirby-nl3071\/","og_site_name":"Veltec Kirby specialist","article_publisher":"https:\/\/www.facebook.com\/Veltec-Kirby-Specialist-236746293374877\/","article_modified_time":"2024-12-05T14:56:19+00:00","og_image":[{"width":300,"height":300,"url":"https:\/\/www.veltec.eu\/wp-content\/uploads\/2018\/10\/lege_huder_tb_1.jpg","type":"image\/jpeg"}],"twitter_card":"summary_large_image","twitter_misc":{"Dur\u00e9e de lecture estim\u00e9e":"4 minutes"},"schema":{"@context":"https:\/\/schema.org","@graph":[{"@type":"WebPage","@id":"https:\/\/www.veltec.eu\/fr\/product\/support-vide-de-turbobrosse-kirby-nl3071\/","url":"https:\/\/www.veltec.eu\/fr\/product\/support-vide-de-turbobrosse-kirby-nl3071\/","name":"Support vide de turbobrosse Kirby - Veltec Kirby specialist","isPartOf":{"@id":"https:\/\/www.veltec.eu\/en\/#website"},"primaryImageOfPage":{"@id":"https:\/\/www.veltec.eu\/fr\/product\/support-vide-de-turbobrosse-kirby-nl3071\/#primaryimage"},"image":{"@id":"https:\/\/www.veltec.eu\/fr\/product\/support-vide-de-turbobrosse-kirby-nl3071\/#primaryimage"},"thumbnailUrl":"https:\/\/www.veltec.eu\/wp-content\/uploads\/2018\/10\/lege_huder_tb_1.jpg","datePublished":"2018-10-22T12:14:39+00:00","dateModified":"2024-12-05T14:56:19+00:00","description":"Support vide de turbobrosse Kirby Veltec est le fournisseur des aspirateurs Kirby depuis plus de 25 ans. Sp\u00e9cialiste Veltec Kirby.","breadcrumb":{"@id":"https:\/\/www.veltec.eu\/fr\/product\/support-vide-de-turbobrosse-kirby-nl3071\/#breadcrumb"},"inLanguage":"fr-FR","potentialAction":[{"@type":"ReadAction","target":["https:\/\/www.veltec.eu\/fr\/product\/support-vide-de-turbobrosse-kirby-nl3071\/"]}]},{"@type":"ImageObject","inLanguage":"fr-FR","@id":"https:\/\/www.veltec.eu\/fr\/product\/support-vide-de-turbobrosse-kirby-nl3071\/#primaryimage","url":"https:\/\/www.veltec.eu\/wp-content\/uploads\/2018\/10\/lege_huder_tb_1.jpg","contentUrl":"https:\/\/www.veltec.eu\/wp-content\/uploads\/2018\/10\/lege_huder_tb_1.jpg","width":300,"height":300},{"@type":"BreadcrumbList","@id":"https:\/\/www.veltec.eu\/fr\/product\/support-vide-de-turbobrosse-kirby-nl3071\/#breadcrumb","itemListElement":[{"@type":"ListItem","position":1,"name":"Home","item":"https:\/\/www.veltec.eu\/fr\/accueil\/"},{"@type":"ListItem","position":2,"name":"Boutique Kirby","item":"https:\/\/www.veltec.eu\/fr\/boutique-kirby\/"},{"@type":"ListItem","position":3,"name":"Support vide de turbobrosse Kirby"}]},{"@type":"WebSite","@id":"https:\/\/www.veltec.eu\/en\/#website","url":"https:\/\/www.veltec.eu\/en\/","name":"Veltec Kirby specialist","description":"Kirby stofzuiger producten","publisher":{"@id":"https:\/\/www.veltec.eu\/en\/#organization"},"potentialAction":[{"@type":"SearchAction","target":{"@type":"EntryPoint","urlTemplate":"https:\/\/www.veltec.eu\/en\/?s={search_term_string}"},"query-input":{"@type":"PropertyValueSpecification","valueRequired":true,"valueName":"search_term_string"}}],"inLanguage":"fr-FR"},{"@type":"Organization","@id":"https:\/\/www.veltec.eu\/en\/#organization","name":"Veltec Kirby Specialist","url":"https:\/\/www.veltec.eu\/en\/","logo":{"@type":"ImageObject","inLanguage":"fr-FR","@id":"https:\/\/www.veltec.eu\/en\/#\/schema\/logo\/image\/","url":"https:\/\/www.veltec.eu\/wp-content\/uploads\/2021\/12\/Veltec-log-groot-e1537260889125.png","contentUrl":"https:\/\/www.veltec.eu\/wp-content\/uploads\/2021\/12\/Veltec-log-groot-e1537260889125.png","width":200,"height":60,"caption":"Veltec Kirby Specialist"},"image":{"@id":"https:\/\/www.veltec.eu\/en\/#\/schema\/logo\/image\/"},"sameAs":["https:\/\/www.facebook.com\/Veltec-Kirby-Specialist-236746293374877\/","https:\/\/www.youtube.com\/user\/VeltecService"]}]}},"_links":{"self":[{"href":"https:\/\/www.veltec.eu\/fr\/wp-json\/wp\/v2\/product\/10885","targetHints":{"allow":["GET"]}}],"collection":[{"href":"https:\/\/www.veltec.eu\/fr\/wp-json\/wp\/v2\/product"}],"about":[{"href":"https:\/\/www.veltec.eu\/fr\/wp-json\/wp\/v2\/types\/product"}],"replies":[{"embeddable":true,"href":"https:\/\/www.veltec.eu\/fr\/wp-json\/wp\/v2\/comments?post=10885"}],"wp:featuredmedia":[{"embeddable":true,"href":"https:\/\/www.veltec.eu\/fr\/wp-json\/wp\/v2\/media\/7644"}],"wp:attachment":[{"href":"https:\/\/www.veltec.eu\/fr\/wp-json\/wp\/v2\/media?parent=10885"}],"wp:term":[{"taxonomy":"product_brand","embeddable":true,"href":"https:\/\/www.veltec.eu\/fr\/wp-json\/wp\/v2\/product_brand?post=10885"},{"taxonomy":"product_cat","embeddable":true,"href":"https:\/\/www.veltec.eu\/fr\/wp-json\/wp\/v2\/product_cat?post=10885"},{"taxonomy":"product_tag","embeddable":true,"href":"https:\/\/www.veltec.eu\/fr\/wp-json\/wp\/v2\/product_tag?post=10885"}],"curies":[{"name":"wp","href":"https:\/\/api.w.org\/{rel}","templated":true}]}}