{"id":10880,"date":"2018-10-22T14:23:06","date_gmt":"2018-10-22T12:23:06","guid":{"rendered":"https:\/\/www.veltec.eu\/kirby-webshop\/nouvel-kirby-turbobrosse-nl3128\/"},"modified":"2026-04-08T10:48:29","modified_gmt":"2026-04-08T08:48:29","slug":"nouvel-kirby-turbobrosse-nl3128","status":"publish","type":"product","link":"https:\/\/www.veltec.eu\/fr\/product\/nouvel-kirby-turbobrosse-nl3128\/","title":{"rendered":"Nouvel Kirby Turbobrosse"},"content":{"rendered":"<div class=\"text-base my-auto mx-auto [--thread-content-margin:var(--thread-content-margin-xs,calc(var(--spacing)*4))] @w-sm\/main:[--thread-content-margin:var(--thread-content-margin-sm,calc(var(--spacing)*6))] @w-lg\/main:[--thread-content-margin:var(--thread-content-margin-lg,calc(var(--spacing)*16))] px-(--thread-content-margin)\">\n<div class=\"[--thread-content-max-width:40rem] @w-lg\/main:[--thread-content-max-width:48rem] mx-auto max-w-(--thread-content-max-width) flex-1 group\/turn-messages focus-visible:outline-hidden relative flex w-full min-w-0 flex-col agent-turn\">\n<div class=\"flex max-w-full flex-col gap-4 grow\">\n<div class=\"min-h-8 text-message relative flex w-full flex-col items-end gap-2 text-start break-words whitespace-normal outline-none keyboard-focused:focus-ring [.text-message+&amp;]:mt-1\" dir=\"auto\" data-message-author-role=\"assistant\" data-message-id=\"4081ec7a-caa2-4ac9-9c83-6cf5aba3655d\" data-message-model-slug=\"gpt-5-3\">\n<div class=\"flex w-full flex-col gap-1 empty:hidden\">\n<div class=\"markdown prose dark:prose-invert w-full wrap-break-word light markdown-new-styling\">\n<h1 data-section-id=\"10s904w\" data-start=\"0\" data-end=\"34\">Nouvel Kirby Turbobrosse<\/h1>\n<p data-start=\"36\" data-end=\"390\">La Nouvel Kirby Turbobrosse est con\u00e7ue pour le nettoyage en profondeur des tissus, escaliers et int\u00e9rieurs de voiture. Gr\u00e2ce au rotor et au flux d&#8217;air optimis\u00e9, cette brosse turbo \u00e9limine efficacement la salet\u00e9 et les poils. Avec un design silencieux et durable, elle est compatible avec tous les <a href=\"https:\/\/www.veltec.eu\/fr\/aspirateurs-kirby\/\" target=\"_blank\" rel=\"noopener\">aspirateurs Kirby.<\/a><\/p>\n<h2>Nettoyage en profondeur avec la\u00a0Kirby Turbobrosse<\/h2>\n<p>La brosse rotative de cette nouvelle version p\u00e9n\u00e8tre profond\u00e9ment dans les surfaces en tissu. Elle \u00e9limine efficacement les poils tenaces et la poussi\u00e8re. Les tapis et moquettes sont \u00e9galement nettoy\u00e9s avec un minimum d&#8217;effort.<\/p>\n<p data-start=\"767\" data-end=\"1000\">De plus, cette brosse turbo est id\u00e9ale pour les meubles, les escaliers et les int\u00e9rieurs de voiture, car elle nettoie de mani\u00e8re cibl\u00e9e sans endommager. D\u00e9couvrez \u00e9galement nos <a href=\"https:\/\/www.veltec.eu\/fr\/kirby-brosses-et-des-accessoires\/\" target=\"_blank\" rel=\"noopener\">brosses Kirby<\/a> pour des solutions de nettoyage suppl\u00e9mentaires ou toutes les pi\u00e8ces pour la <a href=\"https:\/\/www.veltec.eu\/fr\/kirby-turbobrosse\/\" target=\"_blank\" rel=\"noopener\">Brosse Turbo Kirby<\/a><\/p>\n<h3 data-section-id=\"1g7w1p7\" data-start=\"1002\" data-end=\"1065\">Technologie de brosse innovante<\/h3>\n<p data-start=\"1067\" data-end=\"1359\">Le rotor am\u00e9lior\u00e9 garantit une aspiration maximale, tandis que le flux d&#8217;air est optimis\u00e9 pour un r\u00e9sultat uniforme. La t\u00eate de brosse est facile \u00e0 d\u00e9monter, ce qui facilite l&#8217;entretien. Ainsi, les performances restent optimales \u00e0 long terme.<\/p>\n<p data-start=\"1361\" data-end=\"1535\">De plus, la m\u00e9canique interne a \u00e9t\u00e9 simplifi\u00e9e, rendant le d\u00e9montage plus rapide et l&#8217;entretien plus facile. La brosse continue ainsi de fonctionner de mani\u00e8re optimale pendant longtemps.<\/p>\n<h2>Design durable et ergonomique<\/h2>\n<p>Le design moderne allie style et confort d&#8217;utilisation. La brosse est ergonomique pour une prise en main confortable, rendant le nettoyage prolong\u00e9 moins fatigant. Les mat\u00e9riaux utilis\u00e9s sont r\u00e9sistants aux chocs et aux impacts pour une plus grande durabilit\u00e9.<\/p>\n<h3>Pratique \u00e0 l&#8217;utilisation<\/h3>\n<p>La brosse turbo Kirby nouvelle version convient \u00e0 diff\u00e9rents types de surfaces. Des tapis doux aux sols durs : la brosse s&#8217;adapte gr\u00e2ce \u00e0 l&#8217;aspiration r\u00e9glable et aux brosses rotatives. Il est recommand\u00e9 de nettoyer r\u00e9guli\u00e8rement la t\u00eate de brosse pour l&#8217;entretien.<\/p>\n<p data-start=\"2464\" data-end=\"2635\">Pour plus d&#8217;informations et de conseils, consultez l&#8217;<a href=\"https:\/\/www.service-aspirateur-kirby.fr\/la-kirby-zipp-brush\/\" target=\"_blank\" rel=\"noopener\">article de blog : Tout sur la Kirby Zipp Brush ou Turbo Brush<\/a>.<\/p>\n<h2 data-section-id=\"1rmy45g\" data-start=\"2637\" data-end=\"2695\">Compatibilit\u00e9 de la Nouvel Kirby Turbobrosse<\/h2>\n<p data-start=\"2697\" data-end=\"2899\">Cette brosse turbo est universelle et donc adapt\u00e9e \u00e0 presque tous les aspirateurs Kirby. Vous n&#8217;avez donc pas besoin d&#8217;acheter des accessoires s\u00e9par\u00e9s pour diff\u00e9rents mod\u00e8les.<\/p>\n<p data-start=\"2901\" data-end=\"2929\">Compatible notamment avec :<\/p>\n<ul data-start=\"2930\" data-end=\"3113\">\n<li data-section-id=\"1jnepvj\" data-start=\"2930\" data-end=\"2949\">Avalir Platinum<\/li>\n<li data-section-id=\"20vfq8\" data-start=\"2950\" data-end=\"2974\">Avalir 2 et Avalir 1<\/li>\n<li data-section-id=\"1p695yc\" data-start=\"2975\" data-end=\"3014\">Sentria 2 (G10D) et Sentria 1 (G10)<\/li>\n<li data-section-id=\"1sk6jdp\" data-start=\"3015\" data-end=\"3054\">Ultimate G Diamond Edition (G7D\/DE)<\/li>\n<li data-section-id=\"vl5rqy\" data-start=\"3055\" data-end=\"3077\">Ultimate G (G7\/UG)<\/li>\n<li data-section-id=\"1t7fo0m\" data-start=\"3078\" data-end=\"3113\">Generation 6 (G6), G5, G4 et G3<\/li>\n<\/ul>\n<p data-start=\"3115\" data-end=\"3223\">De plus, la brosse turbo fonctionne \u00e9galement sur d&#8217;autres aspirateurs, \u00e0 condition qu&#8217;ils g\u00e9n\u00e8rent un flux d&#8217;air suffisant.<\/p>\n<h3 data-section-id=\"1ty10vh\" data-start=\"3225\" data-end=\"3276\">Utilisation s\u00e9curis\u00e9e de la Brosse Turbo<\/h3>\n<p data-start=\"3278\" data-end=\"3563\">Pour un r\u00e9sultat optimal, il est essentiel d&#8217;utiliser correctement la brosse turbo Kirby nouvelle version. Utilisez cette brosse uniquement pour le nettoyage \u00e0 sec. L&#8217;utilisation avec du shampooing ou de l&#8217;humidit\u00e9 est d\u00e9conseill\u00e9e, car elle peut provoquer des accumulations de salet\u00e9, de la moisissure et des odeurs d\u00e9sagr\u00e9ables.<\/p>\n<h2 data-section-id=\"19v9qiv\" data-start=\"3565\" data-end=\"3622\">Pourquoi choisir la Nouvel Kirby Turbobrosse<\/h2>\n<p data-start=\"3624\" data-end=\"3891\">La nouvel Kirby turbobrosse combine puissance, durabilit\u00e9 et facilit\u00e9 d&#8217;utilisation en un seul accessoire. Cela rend le nettoyage plus efficace et approfondi. De plus, le design moderne offre une exp\u00e9rience agr\u00e9able pour chaque t\u00e2che de nettoyage.<\/p>\n<p data-start=\"3893\" data-end=\"4049\" data-is-last-node=\"\" data-is-only-node=\"\">Avec la brosse turbo Kirby nouvelle version, vous choisissez une solution fiable et polyvalente qui simplifie consid\u00e9rablement chaque session de nettoyage.<\/p>\n<\/div>\n<\/div>\n<\/div>\n<\/div>\n<\/div>\n<\/div>\n","protected":false},"excerpt":{"rendered":"<p>La brosse turbo Kirby nouvelle version \u00e9limine facilement la salet\u00e9, les poils d\u2019animaux et la poussi\u00e8re des tissus, escaliers et sols. Sa technologie rotative et son flux d\u2019air optimis\u00e9 assurent un nettoyage efficace et silencieux. Universelle, elle est compatible avec tous les mod\u00e8les d\u2019aspirateurs Kirby pour un usage fiable et durable.<\/p>\n[trustindex data-widget-id=e3bb80b24fa128098b960fc2439]\n<h3><span style=\"color: #008000;\"><br \/>\nEn stock<\/span><\/h3>\n[av_font_icon icon='ue812' font='entypo-fontello' style='' caption='' size='25px' position='left' color='#43ad66' link='' linktarget='' title_attr='' sonar_effect_effect='' sonar_effect_color='' sonar_effect_duration='1' sonar_effect_scale='' sonar_effect_opac='0.5' animation='' id='' custom_class='' template_class='' av_uid='' sc_version='1.0' admin_preview_bg=''][\/av_font_icon]\n<p><span style=\"color: #008000;\">Command\u00e9 23:59, exp\u00e9di\u00e9 demain<\/span><\/p>\n<p>&nbsp;<\/p>\n","protected":false},"featured_media":86419,"comment_status":"open","ping_status":"closed","template":"","meta":[],"product_brand":[],"product_cat":[377],"product_tag":[],"class_list":{"0":"post-10880","1":"product","2":"type-product","3":"status-publish","4":"has-post-thumbnail","6":"product_cat-kirby-turbobrosse","7":"product_shipping_class-klein-de-fr","9":"first","10":"instock","11":"sale","12":"taxable","13":"shipping-taxable","14":"purchasable","15":"product-type-simple"},"yoast_head":"<!-- This site is optimized with the Yoast SEO Premium plugin v27.1 (Yoast SEO v27.4) - https:\/\/yoast.com\/product\/yoast-seo-premium-wordpress\/ -->\n<title>Nouvel Kirby Turbobrosse \u2013 Nettoyage en profondeur<\/title>\n<meta name=\"description\" content=\"D\u00e9couvrez la Nouvel Kirby Turbobrosse : silencieuse, durable et efficace pour tapis, meubles et tous aspirateurs Kirby...\" \/>\n<meta name=\"robots\" content=\"index, follow, max-snippet:-1, max-image-preview:large, max-video-preview:-1\" \/>\n<link rel=\"canonical\" href=\"https:\/\/www.veltec.eu\/nl\/product\/kirby-turbo-borstel-nieuwe-style-nl3128\/\" \/>\n<meta property=\"og:locale\" content=\"fr_FR\" \/>\n<meta property=\"og:type\" content=\"article\" \/>\n<meta property=\"og:title\" content=\"Nouvel Kirby Turbobrosse\" \/>\n<meta property=\"og:description\" content=\"La brosse turbo Kirby nouvelle version \u00e9limine facilement la salet\u00e9, les poils d\u2019animaux et la poussi\u00e8re des tissus, escaliers et sols. Sa technologie rotative et son flux d\u2019air optimis\u00e9 assurent un nettoyage efficace et silencieux. Universelle, elle est compatible avec tous les mod\u00e8les d\u2019aspirateurs Kirby pour un usage fiable et durable.    En stock   Command\u00e9 23:59, exp\u00e9di\u00e9 demain  &nbsp;\" \/>\n<meta property=\"og:url\" content=\"https:\/\/www.veltec.eu\/nl\/product\/kirby-turbo-borstel-nieuwe-style-nl3128\/\" \/>\n<meta property=\"og:site_name\" content=\"Veltec Kirby specialist\" \/>\n<meta property=\"article:publisher\" content=\"https:\/\/www.facebook.com\/Veltec-Kirby-Specialist-236746293374877\/\" \/>\n<meta property=\"article:modified_time\" content=\"2026-04-08T08:48:29+00:00\" \/>\n<meta property=\"og:image\" content=\"https:\/\/www.veltec.eu\/wp-content\/uploads\/2018\/10\/Kirby-Zipp-brush.png\" \/>\n\t<meta property=\"og:image:width\" content=\"600\" \/>\n\t<meta property=\"og:image:height\" content=\"600\" \/>\n\t<meta property=\"og:image:type\" content=\"image\/png\" \/>\n<meta name=\"twitter:card\" content=\"summary_large_image\" \/>\n<meta name=\"twitter:label1\" content=\"Dur\u00e9e de lecture estim\u00e9e\" \/>\n\t<meta name=\"twitter:data1\" content=\"3 minutes\" \/>\n<script type=\"application\/ld+json\" class=\"yoast-schema-graph\">{\"@context\":\"https:\\\/\\\/schema.org\",\"@graph\":[{\"@type\":\"WebPage\",\"@id\":\"https:\\\/\\\/www.veltec.eu\\\/nl\\\/product\\\/kirby-turbo-borstel-nieuwe-style-nl3128\\\/\",\"url\":\"https:\\\/\\\/www.veltec.eu\\\/nl\\\/product\\\/kirby-turbo-borstel-nieuwe-style-nl3128\\\/\",\"name\":\"Nouvel Kirby Turbobrosse \u2013 Nettoyage en profondeur\",\"isPartOf\":{\"@id\":\"https:\\\/\\\/www.veltec.eu\\\/en\\\/#website\"},\"primaryImageOfPage\":{\"@id\":\"https:\\\/\\\/www.veltec.eu\\\/nl\\\/product\\\/kirby-turbo-borstel-nieuwe-style-nl3128\\\/#primaryimage\"},\"image\":{\"@id\":\"https:\\\/\\\/www.veltec.eu\\\/nl\\\/product\\\/kirby-turbo-borstel-nieuwe-style-nl3128\\\/#primaryimage\"},\"thumbnailUrl\":\"https:\\\/\\\/www.veltec.eu\\\/wp-content\\\/uploads\\\/2018\\\/10\\\/Kirby-Zipp-brush.png\",\"datePublished\":\"2018-10-22T12:23:06+00:00\",\"dateModified\":\"2026-04-08T08:48:29+00:00\",\"description\":\"D\u00e9couvrez la Nouvel Kirby Turbobrosse : silencieuse, durable et efficace pour tapis, meubles et tous aspirateurs Kirby...\",\"breadcrumb\":{\"@id\":\"https:\\\/\\\/www.veltec.eu\\\/nl\\\/product\\\/kirby-turbo-borstel-nieuwe-style-nl3128\\\/#breadcrumb\"},\"inLanguage\":\"fr-FR\",\"potentialAction\":[{\"@type\":\"ReadAction\",\"target\":[\"https:\\\/\\\/www.veltec.eu\\\/nl\\\/product\\\/kirby-turbo-borstel-nieuwe-style-nl3128\\\/\"]}]},{\"@type\":\"ImageObject\",\"inLanguage\":\"fr-FR\",\"@id\":\"https:\\\/\\\/www.veltec.eu\\\/nl\\\/product\\\/kirby-turbo-borstel-nieuwe-style-nl3128\\\/#primaryimage\",\"url\":\"https:\\\/\\\/www.veltec.eu\\\/wp-content\\\/uploads\\\/2018\\\/10\\\/Kirby-Zipp-brush.png\",\"contentUrl\":\"https:\\\/\\\/www.veltec.eu\\\/wp-content\\\/uploads\\\/2018\\\/10\\\/Kirby-Zipp-brush.png\",\"width\":600,\"height\":600},{\"@type\":\"BreadcrumbList\",\"@id\":\"https:\\\/\\\/www.veltec.eu\\\/nl\\\/product\\\/kirby-turbo-borstel-nieuwe-style-nl3128\\\/#breadcrumb\",\"itemListElement\":[{\"@type\":\"ListItem\",\"position\":1,\"name\":\"Home\",\"item\":\"https:\\\/\\\/www.veltec.eu\\\/fr\\\/\"},{\"@type\":\"ListItem\",\"position\":2,\"name\":\"Shop page\",\"item\":\"https:\\\/\\\/www.veltec.eu\\\/nl\\\/shop-page\\\/\"},{\"@type\":\"ListItem\",\"position\":3,\"name\":\"Nouvel Kirby Turbobrosse\"}]},{\"@type\":\"WebSite\",\"@id\":\"https:\\\/\\\/www.veltec.eu\\\/en\\\/#website\",\"url\":\"https:\\\/\\\/www.veltec.eu\\\/en\\\/\",\"name\":\"Veltec Kirby specialist\",\"description\":\"Kirby stofzuiger producten\",\"publisher\":{\"@id\":\"https:\\\/\\\/www.veltec.eu\\\/en\\\/#organization\"},\"potentialAction\":[{\"@type\":\"SearchAction\",\"target\":{\"@type\":\"EntryPoint\",\"urlTemplate\":\"https:\\\/\\\/www.veltec.eu\\\/en\\\/?s={search_term_string}\"},\"query-input\":{\"@type\":\"PropertyValueSpecification\",\"valueRequired\":true,\"valueName\":\"search_term_string\"}}],\"inLanguage\":\"fr-FR\"},{\"@type\":\"Organization\",\"@id\":\"https:\\\/\\\/www.veltec.eu\\\/en\\\/#organization\",\"name\":\"Veltec Kirby Specialist\",\"url\":\"https:\\\/\\\/www.veltec.eu\\\/en\\\/\",\"logo\":{\"@type\":\"ImageObject\",\"inLanguage\":\"fr-FR\",\"@id\":\"https:\\\/\\\/www.veltec.eu\\\/en\\\/#\\\/schema\\\/logo\\\/image\\\/\",\"url\":\"https:\\\/\\\/www.veltec.eu\\\/wp-content\\\/uploads\\\/2021\\\/12\\\/Veltec-log-groot-e1537260889125.png\",\"contentUrl\":\"https:\\\/\\\/www.veltec.eu\\\/wp-content\\\/uploads\\\/2021\\\/12\\\/Veltec-log-groot-e1537260889125.png\",\"width\":200,\"height\":60,\"caption\":\"Veltec Kirby Specialist\"},\"image\":{\"@id\":\"https:\\\/\\\/www.veltec.eu\\\/en\\\/#\\\/schema\\\/logo\\\/image\\\/\"},\"sameAs\":[\"https:\\\/\\\/www.facebook.com\\\/Veltec-Kirby-Specialist-236746293374877\\\/\",\"https:\\\/\\\/www.youtube.com\\\/user\\\/VeltecService\"]}]}<\/script>\n<!-- \/ Yoast SEO Premium plugin. -->","yoast_head_json":{"title":"Nouvel Kirby Turbobrosse \u2013 Nettoyage en profondeur","description":"D\u00e9couvrez la Nouvel Kirby Turbobrosse : silencieuse, durable et efficace pour tapis, meubles et tous aspirateurs Kirby...","robots":{"index":"index","follow":"follow","max-snippet":"max-snippet:-1","max-image-preview":"max-image-preview:large","max-video-preview":"max-video-preview:-1"},"canonical":"https:\/\/www.veltec.eu\/nl\/product\/kirby-turbo-borstel-nieuwe-style-nl3128\/","og_locale":"fr_FR","og_type":"article","og_title":"Nouvel Kirby Turbobrosse","og_description":"La brosse turbo Kirby nouvelle version \u00e9limine facilement la salet\u00e9, les poils d\u2019animaux et la poussi\u00e8re des tissus, escaliers et sols. Sa technologie rotative et son flux d\u2019air optimis\u00e9 assurent un nettoyage efficace et silencieux. Universelle, elle est compatible avec tous les mod\u00e8les d\u2019aspirateurs Kirby pour un usage fiable et durable.    En stock   Command\u00e9 23:59, exp\u00e9di\u00e9 demain  &nbsp;","og_url":"https:\/\/www.veltec.eu\/nl\/product\/kirby-turbo-borstel-nieuwe-style-nl3128\/","og_site_name":"Veltec Kirby specialist","article_publisher":"https:\/\/www.facebook.com\/Veltec-Kirby-Specialist-236746293374877\/","article_modified_time":"2026-04-08T08:48:29+00:00","og_image":[{"width":600,"height":600,"url":"https:\/\/www.veltec.eu\/wp-content\/uploads\/2018\/10\/Kirby-Zipp-brush.png","type":"image\/png"}],"twitter_card":"summary_large_image","twitter_misc":{"Dur\u00e9e de lecture estim\u00e9e":"3 minutes"},"schema":{"@context":"https:\/\/schema.org","@graph":[{"@type":"WebPage","@id":"https:\/\/www.veltec.eu\/nl\/product\/kirby-turbo-borstel-nieuwe-style-nl3128\/","url":"https:\/\/www.veltec.eu\/nl\/product\/kirby-turbo-borstel-nieuwe-style-nl3128\/","name":"Nouvel Kirby Turbobrosse \u2013 Nettoyage en profondeur","isPartOf":{"@id":"https:\/\/www.veltec.eu\/en\/#website"},"primaryImageOfPage":{"@id":"https:\/\/www.veltec.eu\/nl\/product\/kirby-turbo-borstel-nieuwe-style-nl3128\/#primaryimage"},"image":{"@id":"https:\/\/www.veltec.eu\/nl\/product\/kirby-turbo-borstel-nieuwe-style-nl3128\/#primaryimage"},"thumbnailUrl":"https:\/\/www.veltec.eu\/wp-content\/uploads\/2018\/10\/Kirby-Zipp-brush.png","datePublished":"2018-10-22T12:23:06+00:00","dateModified":"2026-04-08T08:48:29+00:00","description":"D\u00e9couvrez la Nouvel Kirby Turbobrosse : silencieuse, durable et efficace pour tapis, meubles et tous aspirateurs Kirby...","breadcrumb":{"@id":"https:\/\/www.veltec.eu\/nl\/product\/kirby-turbo-borstel-nieuwe-style-nl3128\/#breadcrumb"},"inLanguage":"fr-FR","potentialAction":[{"@type":"ReadAction","target":["https:\/\/www.veltec.eu\/nl\/product\/kirby-turbo-borstel-nieuwe-style-nl3128\/"]}]},{"@type":"ImageObject","inLanguage":"fr-FR","@id":"https:\/\/www.veltec.eu\/nl\/product\/kirby-turbo-borstel-nieuwe-style-nl3128\/#primaryimage","url":"https:\/\/www.veltec.eu\/wp-content\/uploads\/2018\/10\/Kirby-Zipp-brush.png","contentUrl":"https:\/\/www.veltec.eu\/wp-content\/uploads\/2018\/10\/Kirby-Zipp-brush.png","width":600,"height":600},{"@type":"BreadcrumbList","@id":"https:\/\/www.veltec.eu\/nl\/product\/kirby-turbo-borstel-nieuwe-style-nl3128\/#breadcrumb","itemListElement":[{"@type":"ListItem","position":1,"name":"Home","item":"https:\/\/www.veltec.eu\/fr\/"},{"@type":"ListItem","position":2,"name":"Shop page","item":"https:\/\/www.veltec.eu\/nl\/shop-page\/"},{"@type":"ListItem","position":3,"name":"Nouvel Kirby Turbobrosse"}]},{"@type":"WebSite","@id":"https:\/\/www.veltec.eu\/en\/#website","url":"https:\/\/www.veltec.eu\/en\/","name":"Veltec Kirby specialist","description":"Kirby stofzuiger producten","publisher":{"@id":"https:\/\/www.veltec.eu\/en\/#organization"},"potentialAction":[{"@type":"SearchAction","target":{"@type":"EntryPoint","urlTemplate":"https:\/\/www.veltec.eu\/en\/?s={search_term_string}"},"query-input":{"@type":"PropertyValueSpecification","valueRequired":true,"valueName":"search_term_string"}}],"inLanguage":"fr-FR"},{"@type":"Organization","@id":"https:\/\/www.veltec.eu\/en\/#organization","name":"Veltec Kirby Specialist","url":"https:\/\/www.veltec.eu\/en\/","logo":{"@type":"ImageObject","inLanguage":"fr-FR","@id":"https:\/\/www.veltec.eu\/en\/#\/schema\/logo\/image\/","url":"https:\/\/www.veltec.eu\/wp-content\/uploads\/2021\/12\/Veltec-log-groot-e1537260889125.png","contentUrl":"https:\/\/www.veltec.eu\/wp-content\/uploads\/2021\/12\/Veltec-log-groot-e1537260889125.png","width":200,"height":60,"caption":"Veltec Kirby Specialist"},"image":{"@id":"https:\/\/www.veltec.eu\/en\/#\/schema\/logo\/image\/"},"sameAs":["https:\/\/www.facebook.com\/Veltec-Kirby-Specialist-236746293374877\/","https:\/\/www.youtube.com\/user\/VeltecService"]}]}},"_links":{"self":[{"href":"https:\/\/www.veltec.eu\/fr\/wp-json\/wp\/v2\/product\/10880","targetHints":{"allow":["GET"]}}],"collection":[{"href":"https:\/\/www.veltec.eu\/fr\/wp-json\/wp\/v2\/product"}],"about":[{"href":"https:\/\/www.veltec.eu\/fr\/wp-json\/wp\/v2\/types\/product"}],"replies":[{"embeddable":true,"href":"https:\/\/www.veltec.eu\/fr\/wp-json\/wp\/v2\/comments?post=10880"}],"wp:featuredmedia":[{"embeddable":true,"href":"https:\/\/www.veltec.eu\/fr\/wp-json\/wp\/v2\/media\/86419"}],"wp:attachment":[{"href":"https:\/\/www.veltec.eu\/fr\/wp-json\/wp\/v2\/media?parent=10880"}],"wp:term":[{"taxonomy":"product_brand","embeddable":true,"href":"https:\/\/www.veltec.eu\/fr\/wp-json\/wp\/v2\/product_brand?post=10880"},{"taxonomy":"product_cat","embeddable":true,"href":"https:\/\/www.veltec.eu\/fr\/wp-json\/wp\/v2\/product_cat?post=10880"},{"taxonomy":"product_tag","embeddable":true,"href":"https:\/\/www.veltec.eu\/fr\/wp-json\/wp\/v2\/product_tag?post=10880"}],"curies":[{"name":"wp","href":"https:\/\/api.w.org\/{rel}","templated":true}]}}