{"id":10844,"date":"2018-10-26T10:52:39","date_gmt":"2018-10-26T08:52:39","guid":{"rendered":"https:\/\/www.veltec.eu\/kirby-webshop\/chapeaux-de-roues-arriere-2x-nl3019\/"},"modified":"2025-03-28T14:35:05","modified_gmt":"2025-03-28T12:35:05","slug":"chapeaux-de-roues-arriere-kirby-2x-nl3019","status":"publish","type":"product","link":"https:\/\/www.veltec.eu\/fr\/product\/chapeaux-de-roues-arriere-kirby-2x-nl3019\/","title":{"rendered":"Chapeaux de roues arri\u00e8re Kirby 2x"},"content":{"rendered":"<h1>Chapeaux de roues arri\u00e8re Kirby 2x<\/h1>\n<p>Chapeaux de roues arri\u00e8re Kirby 2x<\/p>\n<p>Ces capuchons sont universels et conviennent \u00e0 tous les aspirateurs Kirby ;<\/p>\n<ul>\n<li>Avalir Platinum<\/li>\n<li>Avalir 2<\/li>\n<li>Avalir 1<\/li>\n<li>Sentria 2 (G10D)<\/li>\n<li>Sentria 1 (G10)<\/li>\n<li>Ultimate G Diamond Ed.(G7D or DE)<\/li>\n<li>Ultimate G (G7 or UG)<\/li>\n<li>Generation 6 (G6)<\/li>\n<li>Generation 5 (G5)<\/li>\n<li>Generation 4 (G4)<\/li>\n<li>Generation 3 (G3)<\/li>\n<\/ul>\n<h2>Chapeaux de roues arri\u00e8re Kirby 2x &#8211; Protection optimale pour votre aspirateur<\/h2>\n<p>Vous cherchez des protections de haute qualit\u00e9 pour les roues arri\u00e8re de votre aspirateur Kirby ? Les Chapeaux de roues arri\u00e8re Kirby 2x sont la solution id\u00e9ale. Ces housses sont sp\u00e9cialement con\u00e7ues pour recouvrir l&#8217;ext\u00e9rieur des roues, assurant ainsi une protection suppl\u00e9mentaire et une plus longue dur\u00e9e de vie \u00e0 votre aspirateur. Gr\u00e2ce \u00e0 leur conception robuste et \u00e0 leur facilit\u00e9 d&#8217;installation, ils constituent un \u00e9l\u00e9ment indispensable pour tous ceux qui souhaitent conserver leur aspirateur Kirby en parfait \u00e9tat.<\/p>\n<p><a href=\"https:\/\/www.veltec.eu\/fr\/kirby-roulettes-et-accessoires\/\">Vous trouverez ici toutes les roues et tous les accessoires Kirby.<\/a><\/p>\n<h3>Pourquoi choisir les enjoliveurs de roues arri\u00e8re Kirby ?<\/h3>\n<p>Si vous attachez de l&#8217;importance \u00e0 la durabilit\u00e9 et \u00e0 la qualit\u00e9, ces enjoliveurs sont un investissement judicieux. En voici les principaux avantages :<\/p>\n<ul>\n<li>Protection contre la salet\u00e9 et la poussi\u00e8re &#8211; emp\u00eache la poussi\u00e8re et la salet\u00e9 de s&#8217;accumuler autour des roues.<\/li>\n<li>Prolonge la dur\u00e9e de vie de votre aspirateur &#8211; prot\u00e8ge les pi\u00e8ces rotatives de l&#8217;usure.<\/li>\n<li>Installation facile &#8211; vous pouvez fixer les capuchons rapidement et sans outils.<\/li>\n<li>Adaptation originale &#8211; sp\u00e9cialement con\u00e7us pour s&#8217;adapter parfaitement \u00e0 votre aspirateur Kirby.<\/li>\n<\/ul>\n<p>Gr\u00e2ce \u00e0 ces capuchons, vous pr\u00e9serverez la fluidit\u00e9 du mouvement de votre aspirateur et \u00e9viterez l&#8217;usure pr\u00e9matur\u00e9e des roues.<\/p>\n<h3>Installation simple et facilit\u00e9 d&#8217;utilisation<\/h3>\n<p>L&#8217;installation des capuchons de roues arri\u00e8re Kirby est tr\u00e8s facile. Il vous suffit d&#8217;enlever les anciens capuchons et de cliquer fermement sur les nouveaux. Cette op\u00e9ration ne prend que quelques minutes, ce qui vous permet de vous remettre rapidement au travail avec un aspirateur qui fonctionne de mani\u00e8re optimale.<\/p>\n<p>En outre, ces capuchons garantissent que votre aspirateur continue \u00e0 rouler sans effort, sans \u00eatre g\u00ean\u00e9 par l&#8217;accumulation de salet\u00e9s ou l&#8217;endommagement des roues. Cela contribue non seulement \u00e0 am\u00e9liorer le fonctionnement de l&#8217;appareil, mais aussi \u00e0 \u00e9viter d&#8217;endommager vos sols.<\/p>\n<h3>Compatibilit\u00e9 et durabilit\u00e9<\/h3>\n<p>Les capuchons de roues arri\u00e8re Kirby sont compatibles avec diff\u00e9rents mod\u00e8les d&#8217;aspirateurs Kirby. Gr\u00e2ce \u00e0 l&#8217;utilisation de mat\u00e9riaux de haute qualit\u00e9, ils peuvent r\u00e9sister \u00e0 une utilisation intensive et assurer une protection \u00e0 long terme.<\/p>\n<p>Votre aspirateur a besoin de housses qui lui assurent une protection optimale et une plus grande long\u00e9vit\u00e9 ? Choisissez alors les Chapeaux de roues arri\u00e8re Kirby 2x et constatez imm\u00e9diatement la diff\u00e9rence !<\/p>\n","protected":false},"excerpt":{"rendered":"<p>2 chapeaux de roues arri\u00e8re.<\/p>\n[trustindex data-widget-id=e3bb80b24fa128098b960fc2439]\n<h3><span style=\"color: #008000;\"><br \/>\nEn stock<\/span><\/h3>\n[av_font_icon icon='ue812' font='entypo-fontello' style='' caption='' size='25px' position='left' color='#43ad66' link='' linktarget='' title_attr='' sonar_effect_effect='' sonar_effect_color='' sonar_effect_duration='1' sonar_effect_scale='' sonar_effect_opac='0.5' animation='' id='' custom_class='' template_class='' av_uid='' sc_version='1.0' admin_preview_bg=''][\/av_font_icon]\n<p><span style=\"color: #008000;\">Command\u00e9 23:59, exp\u00e9di\u00e9 demain<\/span><\/p>\n<p>&nbsp;<\/p>\n","protected":false},"featured_media":8339,"comment_status":"open","ping_status":"closed","template":"","meta":[],"product_brand":[],"product_cat":[329,294],"product_tag":[],"class_list":{"0":"post-10844","1":"product","2":"type-product","3":"status-publish","4":"has-post-thumbnail","6":"product_cat-kirby-commande-des-roues-arriere","7":"product_cat-kirby-roulettes-et-accessoires","8":"product_shipping_class-klein-de-fr","10":"first","11":"instock","12":"taxable","13":"shipping-taxable","14":"purchasable","15":"product-type-simple"},"yoast_head":"<!-- This site is optimized with the Yoast SEO Premium plugin v27.1 (Yoast SEO v27.4) - https:\/\/yoast.com\/product\/yoast-seo-premium-wordpress\/ -->\n<title>Chapeaux de roues arri\u00e8re Kirby 2x - Veltec Kirby specialist<\/title>\n<meta name=\"description\" content=\"Chapeaux de roues arri\u00e8re Kirby 2x - Veltec est le fournisseur des aspirateurs Kirby depuis plus de 25 ans. Et est votre sp\u00e9cialiste\" \/>\n<meta name=\"robots\" content=\"index, follow, max-snippet:-1, max-image-preview:large, max-video-preview:-1\" \/>\n<link rel=\"canonical\" href=\"https:\/\/www.veltec.eu\/nl\/product\/kirby-afdekkapjes-achterwiel-2x-nl3019\/\" \/>\n<meta property=\"og:locale\" content=\"fr_FR\" \/>\n<meta property=\"og:type\" content=\"article\" \/>\n<meta property=\"og:title\" content=\"Chapeaux de roues arri\u00e8re Kirby 2x\" \/>\n<meta property=\"og:description\" content=\"2 chapeaux de roues arri\u00e8re.    En stock   Command\u00e9 23:59, exp\u00e9di\u00e9 demain  &nbsp;\" \/>\n<meta property=\"og:url\" content=\"https:\/\/www.veltec.eu\/nl\/product\/kirby-afdekkapjes-achterwiel-2x-nl3019\/\" \/>\n<meta property=\"og:site_name\" content=\"Veltec Kirby specialist\" \/>\n<meta property=\"article:publisher\" content=\"https:\/\/www.facebook.com\/Veltec-Kirby-Specialist-236746293374877\/\" \/>\n<meta property=\"article:modified_time\" content=\"2025-03-28T12:35:05+00:00\" \/>\n<meta property=\"og:image\" content=\"https:\/\/www.veltec.eu\/wp-content\/uploads\/2018\/10\/afdekkepjes_achterwiel.jpg\" \/>\n\t<meta property=\"og:image:width\" content=\"300\" \/>\n\t<meta property=\"og:image:height\" content=\"300\" \/>\n\t<meta property=\"og:image:type\" content=\"image\/jpeg\" \/>\n<meta name=\"twitter:card\" content=\"summary_large_image\" \/>\n<meta name=\"twitter:label1\" content=\"Dur\u00e9e de lecture estim\u00e9e\" \/>\n\t<meta name=\"twitter:data1\" content=\"3 minutes\" \/>\n<script type=\"application\/ld+json\" class=\"yoast-schema-graph\">{\"@context\":\"https:\\\/\\\/schema.org\",\"@graph\":[{\"@type\":\"WebPage\",\"@id\":\"https:\\\/\\\/www.veltec.eu\\\/nl\\\/product\\\/kirby-afdekkapjes-achterwiel-2x-nl3019\\\/\",\"url\":\"https:\\\/\\\/www.veltec.eu\\\/nl\\\/product\\\/kirby-afdekkapjes-achterwiel-2x-nl3019\\\/\",\"name\":\"Chapeaux de roues arri\u00e8re Kirby 2x - Veltec Kirby specialist\",\"isPartOf\":{\"@id\":\"https:\\\/\\\/www.veltec.eu\\\/en\\\/#website\"},\"primaryImageOfPage\":{\"@id\":\"https:\\\/\\\/www.veltec.eu\\\/nl\\\/product\\\/kirby-afdekkapjes-achterwiel-2x-nl3019\\\/#primaryimage\"},\"image\":{\"@id\":\"https:\\\/\\\/www.veltec.eu\\\/nl\\\/product\\\/kirby-afdekkapjes-achterwiel-2x-nl3019\\\/#primaryimage\"},\"thumbnailUrl\":\"https:\\\/\\\/www.veltec.eu\\\/wp-content\\\/uploads\\\/2018\\\/10\\\/afdekkepjes_achterwiel.jpg\",\"datePublished\":\"2018-10-26T08:52:39+00:00\",\"dateModified\":\"2025-03-28T12:35:05+00:00\",\"description\":\"Chapeaux de roues arri\u00e8re Kirby 2x - Veltec est le fournisseur des aspirateurs Kirby depuis plus de 25 ans. Et est votre sp\u00e9cialiste\",\"breadcrumb\":{\"@id\":\"https:\\\/\\\/www.veltec.eu\\\/nl\\\/product\\\/kirby-afdekkapjes-achterwiel-2x-nl3019\\\/#breadcrumb\"},\"inLanguage\":\"fr-FR\",\"potentialAction\":[{\"@type\":\"ReadAction\",\"target\":[\"https:\\\/\\\/www.veltec.eu\\\/nl\\\/product\\\/kirby-afdekkapjes-achterwiel-2x-nl3019\\\/\"]}]},{\"@type\":\"ImageObject\",\"inLanguage\":\"fr-FR\",\"@id\":\"https:\\\/\\\/www.veltec.eu\\\/nl\\\/product\\\/kirby-afdekkapjes-achterwiel-2x-nl3019\\\/#primaryimage\",\"url\":\"https:\\\/\\\/www.veltec.eu\\\/wp-content\\\/uploads\\\/2018\\\/10\\\/afdekkepjes_achterwiel.jpg\",\"contentUrl\":\"https:\\\/\\\/www.veltec.eu\\\/wp-content\\\/uploads\\\/2018\\\/10\\\/afdekkepjes_achterwiel.jpg\",\"width\":300,\"height\":300,\"caption\":\"afdekkepjes achterwiel\"},{\"@type\":\"BreadcrumbList\",\"@id\":\"https:\\\/\\\/www.veltec.eu\\\/nl\\\/product\\\/kirby-afdekkapjes-achterwiel-2x-nl3019\\\/#breadcrumb\",\"itemListElement\":[{\"@type\":\"ListItem\",\"position\":1,\"name\":\"Home\",\"item\":\"https:\\\/\\\/www.veltec.eu\\\/fr\\\/\"},{\"@type\":\"ListItem\",\"position\":2,\"name\":\"Produits\",\"item\":\"https:\\\/\\\/www.veltec.eu\\\/fr\\\/shop\\\/\"},{\"@type\":\"ListItem\",\"position\":3,\"name\":\"Chapeaux de roues arri\u00e8re Kirby 2x\"}]},{\"@type\":\"WebSite\",\"@id\":\"https:\\\/\\\/www.veltec.eu\\\/en\\\/#website\",\"url\":\"https:\\\/\\\/www.veltec.eu\\\/en\\\/\",\"name\":\"Veltec Kirby specialist\",\"description\":\"Kirby stofzuiger producten\",\"publisher\":{\"@id\":\"https:\\\/\\\/www.veltec.eu\\\/en\\\/#organization\"},\"potentialAction\":[{\"@type\":\"SearchAction\",\"target\":{\"@type\":\"EntryPoint\",\"urlTemplate\":\"https:\\\/\\\/www.veltec.eu\\\/en\\\/?s={search_term_string}\"},\"query-input\":{\"@type\":\"PropertyValueSpecification\",\"valueRequired\":true,\"valueName\":\"search_term_string\"}}],\"inLanguage\":\"fr-FR\"},{\"@type\":\"Organization\",\"@id\":\"https:\\\/\\\/www.veltec.eu\\\/en\\\/#organization\",\"name\":\"Veltec Kirby Specialist\",\"url\":\"https:\\\/\\\/www.veltec.eu\\\/en\\\/\",\"logo\":{\"@type\":\"ImageObject\",\"inLanguage\":\"fr-FR\",\"@id\":\"https:\\\/\\\/www.veltec.eu\\\/en\\\/#\\\/schema\\\/logo\\\/image\\\/\",\"url\":\"https:\\\/\\\/www.veltec.eu\\\/wp-content\\\/uploads\\\/2021\\\/12\\\/Veltec-log-groot-e1537260889125.png\",\"contentUrl\":\"https:\\\/\\\/www.veltec.eu\\\/wp-content\\\/uploads\\\/2021\\\/12\\\/Veltec-log-groot-e1537260889125.png\",\"width\":200,\"height\":60,\"caption\":\"Veltec Kirby Specialist\"},\"image\":{\"@id\":\"https:\\\/\\\/www.veltec.eu\\\/en\\\/#\\\/schema\\\/logo\\\/image\\\/\"},\"sameAs\":[\"https:\\\/\\\/www.facebook.com\\\/Veltec-Kirby-Specialist-236746293374877\\\/\",\"https:\\\/\\\/www.youtube.com\\\/user\\\/VeltecService\"]}]}<\/script>\n<!-- \/ Yoast SEO Premium plugin. -->","yoast_head_json":{"title":"Chapeaux de roues arri\u00e8re Kirby 2x - Veltec Kirby specialist","description":"Chapeaux de roues arri\u00e8re Kirby 2x - Veltec est le fournisseur des aspirateurs Kirby depuis plus de 25 ans. Et est votre sp\u00e9cialiste","robots":{"index":"index","follow":"follow","max-snippet":"max-snippet:-1","max-image-preview":"max-image-preview:large","max-video-preview":"max-video-preview:-1"},"canonical":"https:\/\/www.veltec.eu\/nl\/product\/kirby-afdekkapjes-achterwiel-2x-nl3019\/","og_locale":"fr_FR","og_type":"article","og_title":"Chapeaux de roues arri\u00e8re Kirby 2x","og_description":"2 chapeaux de roues arri\u00e8re.    En stock   Command\u00e9 23:59, exp\u00e9di\u00e9 demain  &nbsp;","og_url":"https:\/\/www.veltec.eu\/nl\/product\/kirby-afdekkapjes-achterwiel-2x-nl3019\/","og_site_name":"Veltec Kirby specialist","article_publisher":"https:\/\/www.facebook.com\/Veltec-Kirby-Specialist-236746293374877\/","article_modified_time":"2025-03-28T12:35:05+00:00","og_image":[{"width":300,"height":300,"url":"https:\/\/www.veltec.eu\/wp-content\/uploads\/2018\/10\/afdekkepjes_achterwiel.jpg","type":"image\/jpeg"}],"twitter_card":"summary_large_image","twitter_misc":{"Dur\u00e9e de lecture estim\u00e9e":"3 minutes"},"schema":{"@context":"https:\/\/schema.org","@graph":[{"@type":"WebPage","@id":"https:\/\/www.veltec.eu\/nl\/product\/kirby-afdekkapjes-achterwiel-2x-nl3019\/","url":"https:\/\/www.veltec.eu\/nl\/product\/kirby-afdekkapjes-achterwiel-2x-nl3019\/","name":"Chapeaux de roues arri\u00e8re Kirby 2x - Veltec Kirby specialist","isPartOf":{"@id":"https:\/\/www.veltec.eu\/en\/#website"},"primaryImageOfPage":{"@id":"https:\/\/www.veltec.eu\/nl\/product\/kirby-afdekkapjes-achterwiel-2x-nl3019\/#primaryimage"},"image":{"@id":"https:\/\/www.veltec.eu\/nl\/product\/kirby-afdekkapjes-achterwiel-2x-nl3019\/#primaryimage"},"thumbnailUrl":"https:\/\/www.veltec.eu\/wp-content\/uploads\/2018\/10\/afdekkepjes_achterwiel.jpg","datePublished":"2018-10-26T08:52:39+00:00","dateModified":"2025-03-28T12:35:05+00:00","description":"Chapeaux de roues arri\u00e8re Kirby 2x - Veltec est le fournisseur des aspirateurs Kirby depuis plus de 25 ans. Et est votre sp\u00e9cialiste","breadcrumb":{"@id":"https:\/\/www.veltec.eu\/nl\/product\/kirby-afdekkapjes-achterwiel-2x-nl3019\/#breadcrumb"},"inLanguage":"fr-FR","potentialAction":[{"@type":"ReadAction","target":["https:\/\/www.veltec.eu\/nl\/product\/kirby-afdekkapjes-achterwiel-2x-nl3019\/"]}]},{"@type":"ImageObject","inLanguage":"fr-FR","@id":"https:\/\/www.veltec.eu\/nl\/product\/kirby-afdekkapjes-achterwiel-2x-nl3019\/#primaryimage","url":"https:\/\/www.veltec.eu\/wp-content\/uploads\/2018\/10\/afdekkepjes_achterwiel.jpg","contentUrl":"https:\/\/www.veltec.eu\/wp-content\/uploads\/2018\/10\/afdekkepjes_achterwiel.jpg","width":300,"height":300,"caption":"afdekkepjes achterwiel"},{"@type":"BreadcrumbList","@id":"https:\/\/www.veltec.eu\/nl\/product\/kirby-afdekkapjes-achterwiel-2x-nl3019\/#breadcrumb","itemListElement":[{"@type":"ListItem","position":1,"name":"Home","item":"https:\/\/www.veltec.eu\/fr\/"},{"@type":"ListItem","position":2,"name":"Produits","item":"https:\/\/www.veltec.eu\/fr\/shop\/"},{"@type":"ListItem","position":3,"name":"Chapeaux de roues arri\u00e8re Kirby 2x"}]},{"@type":"WebSite","@id":"https:\/\/www.veltec.eu\/en\/#website","url":"https:\/\/www.veltec.eu\/en\/","name":"Veltec Kirby specialist","description":"Kirby stofzuiger producten","publisher":{"@id":"https:\/\/www.veltec.eu\/en\/#organization"},"potentialAction":[{"@type":"SearchAction","target":{"@type":"EntryPoint","urlTemplate":"https:\/\/www.veltec.eu\/en\/?s={search_term_string}"},"query-input":{"@type":"PropertyValueSpecification","valueRequired":true,"valueName":"search_term_string"}}],"inLanguage":"fr-FR"},{"@type":"Organization","@id":"https:\/\/www.veltec.eu\/en\/#organization","name":"Veltec Kirby Specialist","url":"https:\/\/www.veltec.eu\/en\/","logo":{"@type":"ImageObject","inLanguage":"fr-FR","@id":"https:\/\/www.veltec.eu\/en\/#\/schema\/logo\/image\/","url":"https:\/\/www.veltec.eu\/wp-content\/uploads\/2021\/12\/Veltec-log-groot-e1537260889125.png","contentUrl":"https:\/\/www.veltec.eu\/wp-content\/uploads\/2021\/12\/Veltec-log-groot-e1537260889125.png","width":200,"height":60,"caption":"Veltec Kirby Specialist"},"image":{"@id":"https:\/\/www.veltec.eu\/en\/#\/schema\/logo\/image\/"},"sameAs":["https:\/\/www.facebook.com\/Veltec-Kirby-Specialist-236746293374877\/","https:\/\/www.youtube.com\/user\/VeltecService"]}]}},"_links":{"self":[{"href":"https:\/\/www.veltec.eu\/fr\/wp-json\/wp\/v2\/product\/10844","targetHints":{"allow":["GET"]}}],"collection":[{"href":"https:\/\/www.veltec.eu\/fr\/wp-json\/wp\/v2\/product"}],"about":[{"href":"https:\/\/www.veltec.eu\/fr\/wp-json\/wp\/v2\/types\/product"}],"replies":[{"embeddable":true,"href":"https:\/\/www.veltec.eu\/fr\/wp-json\/wp\/v2\/comments?post=10844"}],"wp:featuredmedia":[{"embeddable":true,"href":"https:\/\/www.veltec.eu\/fr\/wp-json\/wp\/v2\/media\/8339"}],"wp:attachment":[{"href":"https:\/\/www.veltec.eu\/fr\/wp-json\/wp\/v2\/media?parent=10844"}],"wp:term":[{"taxonomy":"product_brand","embeddable":true,"href":"https:\/\/www.veltec.eu\/fr\/wp-json\/wp\/v2\/product_brand?post=10844"},{"taxonomy":"product_cat","embeddable":true,"href":"https:\/\/www.veltec.eu\/fr\/wp-json\/wp\/v2\/product_cat?post=10844"},{"taxonomy":"product_tag","embeddable":true,"href":"https:\/\/www.veltec.eu\/fr\/wp-json\/wp\/v2\/product_tag?post=10844"}],"curies":[{"name":"wp","href":"https:\/\/api.w.org\/{rel}","templated":true}]}}