{"id":10834,"date":"2018-10-26T11:01:27","date_gmt":"2018-10-26T09:01:27","guid":{"rendered":"https:\/\/www.veltec.eu\/kirby-webshop\/courroie-td-d-entrainement-de-roues-arriere-nl3001\/"},"modified":"2025-03-28T13:52:08","modified_gmt":"2025-03-28T11:52:08","slug":"courroie-td-d-entrainement-de-roues-arriere-kirby-nl3001","status":"publish","type":"product","link":"https:\/\/www.veltec.eu\/fr\/product\/courroie-td-d-entrainement-de-roues-arriere-kirby-nl3001\/","title":{"rendered":"Courroie TD d\u2019entra\u00eenement de roues arri\u00e8re Kirby"},"content":{"rendered":"<h1>Courroie TD d\u2019entra\u00eenement de roues arri\u00e8re Kirby<\/h1>\n<p>Courroie TD d\u2019entra\u00eenement de roues arri\u00e8re Kirby<\/p>\n<p><strong>Ce produit est adapt\u00e9 pour les types:<\/strong><\/p>\n<ul>\n<li>Avalir Platinum<\/li>\n<li>Avalir 2<\/li>\n<li>Avalir 1<\/li>\n<li>Sentria 2 (G10D)<\/li>\n<li>Sentria 1 (G10)<\/li>\n<li>Ultimate G Diamond Ed.(G7D or DE)<\/li>\n<li>Ultimate G (G7 or UG)<\/li>\n<li>Generation 6 (G6)<\/li>\n<li>Generation 5 (G5)<\/li>\n<li>Generation 4 (G4)<\/li>\n<li>Generation 3 (G3)<\/li>\n<\/ul>\n<h3>Courroie TD de l&#8217;entra\u00eenement arri\u00e8re pour les aspirateurs Kirby<\/h3>\n<p>Vous \u00eates \u00e0 la recherche d&#8217;une courroie de remplacement de haute qualit\u00e9 pour la courroie TD de votre aspirateur Kirby ? Cette courroie de distribution molet\u00e9e est la solution pour que l&#8217;entra\u00eenement de la roue arri\u00e8re de votre aspirateur fonctionne \u00e0 nouveau en douceur. Sp\u00e9cialement con\u00e7ue pour relier l&#8217;entra\u00eenement de la roue arri\u00e8re au rotor du puissant moteur Kirby, cette courroie convient \u00e0 tous les types d&#8217;aspirateurs Kirby.<\/p>\n<p><a href=\"https:\/\/www.veltec.eu\/fr\/?page_id=59333\">Vous trouverez ici toutes les pi\u00e8ces d\u00e9tach\u00e9es du moteur Kirby<\/a><\/p>\n<h3>Pourquoi choisir la courroie TD pour la transmission de la roue arri\u00e8re ?<\/h3>\n<p>Une courroie TD en bon \u00e9tat de fonctionnement est essentielle pour une performance optimale de votre aspirateur Kirby. Cette courroie :<\/p>\n<ul>\n<li>Assure une transmission efficace de la puissance entre le moteur et l&#8217;entra\u00eenement.<\/li>\n<li>Minimise l&#8217;usure gr\u00e2ce \u00e0 sa conception molet\u00e9e, assurant un fonctionnement en douceur.<\/li>\n<li>Est fabriqu\u00e9e \u00e0 partir de mat\u00e9riaux durables pour garantir une longue dur\u00e9e de vie.<\/li>\n<\/ul>\n<p>Avec cette pi\u00e8ce de rechange, vous \u00e9vitez les r\u00e9parations co\u00fbteuses et vous prolongez consid\u00e9rablement la dur\u00e9e de vie de votre aspirateur Kirby.<\/p>\n<h3>Convient \u00e0 tous les mod\u00e8les Kirby<\/h3>\n<p>Quel que soit le mod\u00e8le de votre aspirateur Kirby, cette courroie TD \u00e0 traction arri\u00e8re s&#8217;adapte parfaitement. La conception est universelle et s&#8217;adapte parfaitement \u00e0 tous les mod\u00e8les. De plus, elle est facile \u00e0 remplacer vous-m\u00eame, ce qui vous permet d&#8217;\u00e9conomiser du temps et des co\u00fbts suppl\u00e9mentaires.<\/p>\n<h3>Caract\u00e9ristiques principales Courroie TD d\u2019entra\u00eenement de roues arri\u00e8re:<\/h3>\n<ul>\n<li>Conception molet\u00e9e pour une meilleure prise en main.<\/li>\n<li>Compatible avec tous les aspirateurs Kirby.<\/li>\n<li>Grande r\u00e9sistance \u00e0 l&#8217;usure, m\u00eame en cas d&#8217;utilisation intensive.<\/li>\n<\/ul>\n<h2>Comment remplacer la Courroie TD d\u2019entra\u00eenement de roues arri\u00e8re ?<\/h2>\n<h3>Le remplacement de cette courroie est une op\u00e9ration simple que vous pouvez effectuer vous-m\u00eame :<\/h3>\n<ol>\n<li>Coupez le courant et d\u00e9branchez l&#8217;aspirateur.<\/li>\n<li>Ouvrez le panneau arri\u00e8re de votre Kirby.<\/li>\n<li>Retirez l&#8217;ancienne courroie et placez la nouvelle avec le c\u00f4t\u00e9 dentel\u00e9 sur le rotor.<\/li>\n<li>Refermez le panneau et testez le fonctionnement.<\/li>\n<\/ol>\n<p>Ces mesures vous permettront d&#8217;\u00e9conomiser non seulement du temps, mais aussi les frais d&#8217;un m\u00e9canicien.<\/p>\n<h2>Commander aujourd&#8217;hui Courroie TD d\u2019entra\u00eenement de roues arri\u00e8re Kirby<\/h2>\n<p>Vous voulez que votre aspirateur Kirby fonctionne \u00e0 nouveau de mani\u00e8re optimale ? Choisissez alors la Courroie TD d\u2019entra\u00eenement de roues arri\u00e8re Kirby et profitez d&#8217;un nettoyage sans effort. Commandez maintenant et b\u00e9n\u00e9ficiez d&#8217;une livraison rapide !<\/p>\n","protected":false},"excerpt":{"rendered":"<p>Courroie TD pour entra\u00eenement des roues arri\u00e8re.<\/p>\n[trustindex data-widget-id=e3bb80b24fa128098b960fc2439]\n<h3><span style=\"color: #008000;\"><br \/>\nEn stock<\/span><\/h3>\n[av_font_icon icon='ue812' font='entypo-fontello' style='' caption='' size='25px' position='left' color='#43ad66' link='' linktarget='' title_attr='' sonar_effect_effect='' sonar_effect_color='' sonar_effect_duration='1' sonar_effect_scale='' sonar_effect_opac='0.5' animation='' id='' custom_class='' template_class='' av_uid='' sc_version='1.0' admin_preview_bg=''][\/av_font_icon]\n<p><span style=\"color: #008000;\">Command\u00e9 23:59, exp\u00e9di\u00e9 demain<\/span><\/p>\n<p>&nbsp;<\/p>\n","protected":false},"featured_media":8355,"comment_status":"open","ping_status":"closed","template":"","meta":{"_acf_changed":false},"product_brand":[],"product_cat":[359,329],"product_tag":[],"class_list":{"0":"post-10834","1":"product","2":"type-product","3":"status-publish","4":"has-post-thumbnail","6":"product_cat-kirby-pieces-detachees-de-moteur","7":"product_cat-kirby-transmission-arriere-et-accessoires","8":"product_shipping_class-klein-de-fr","10":"first","11":"outofstock","12":"taxable","13":"shipping-taxable","14":"purchasable","15":"product-type-simple"},"acf":[],"yoast_head":"<!-- This site is optimized with the Yoast SEO Premium plugin v27.1 (Yoast SEO v27.5) - https:\/\/yoast.com\/product\/yoast-seo-premium-wordpress\/ -->\n<title>Courroie TD d\u2019entra\u00eenement de roues arri\u00e8re Kirby - Veltec Kirby specialist<\/title>\n<meta name=\"description\" content=\"Courroie TD d\u2019entra\u00eenement de roues arri\u00e8re Kirby Veltec est le fournisseur des aspirateurs Kirby depuis plus de 25 ans. Pour r\u00e9parations\" \/>\n<meta name=\"robots\" content=\"index, follow, max-snippet:-1, max-image-preview:large, max-video-preview:-1\" \/>\n<link rel=\"canonical\" href=\"https:\/\/www.veltec.eu\/fr\/product\/courroie-td-d-entrainement-de-roues-arriere-kirby-nl3001\/\" \/>\n<meta property=\"og:locale\" content=\"fr_FR\" \/>\n<meta property=\"og:type\" content=\"article\" \/>\n<meta property=\"og:title\" content=\"Courroie TD d\u2019entra\u00eenement de roues arri\u00e8re Kirby\" \/>\n<meta property=\"og:description\" content=\"Courroie TD pour entra\u00eenement des roues arri\u00e8re.    En stock   Command\u00e9 23:59, exp\u00e9di\u00e9 demain  &nbsp;\" \/>\n<meta property=\"og:url\" content=\"https:\/\/www.veltec.eu\/fr\/product\/courroie-td-d-entrainement-de-roues-arriere-kirby-nl3001\/\" \/>\n<meta property=\"og:site_name\" content=\"Veltec Kirby specialist\" \/>\n<meta property=\"article:publisher\" content=\"https:\/\/www.facebook.com\/Veltec-Kirby-Specialist-236746293374877\/\" \/>\n<meta property=\"article:modified_time\" content=\"2025-03-28T11:52:08+00:00\" \/>\n<meta property=\"og:image\" content=\"https:\/\/www.veltec.eu\/wp-content\/uploads\/2018\/10\/kirby_td_riempje.jpg\" \/>\n\t<meta property=\"og:image:width\" content=\"300\" \/>\n\t<meta property=\"og:image:height\" content=\"300\" \/>\n\t<meta property=\"og:image:type\" content=\"image\/jpeg\" \/>\n<meta name=\"twitter:card\" content=\"summary_large_image\" \/>\n<meta name=\"twitter:label1\" content=\"Dur\u00e9e de lecture estim\u00e9e\" \/>\n\t<meta name=\"twitter:data1\" content=\"3 minutes\" \/>\n<script type=\"application\/ld+json\" class=\"yoast-schema-graph\">{\"@context\":\"https:\\\/\\\/schema.org\",\"@graph\":[{\"@type\":\"WebPage\",\"@id\":\"https:\\\/\\\/www.veltec.eu\\\/fr\\\/product\\\/courroie-td-d-entrainement-de-roues-arriere-kirby-nl3001\\\/\",\"url\":\"https:\\\/\\\/www.veltec.eu\\\/fr\\\/product\\\/courroie-td-d-entrainement-de-roues-arriere-kirby-nl3001\\\/\",\"name\":\"Courroie TD d\u2019entra\u00eenement de roues arri\u00e8re Kirby - Veltec Kirby specialist\",\"isPartOf\":{\"@id\":\"https:\\\/\\\/www.veltec.eu\\\/en\\\/#website\"},\"primaryImageOfPage\":{\"@id\":\"https:\\\/\\\/www.veltec.eu\\\/fr\\\/product\\\/courroie-td-d-entrainement-de-roues-arriere-kirby-nl3001\\\/#primaryimage\"},\"image\":{\"@id\":\"https:\\\/\\\/www.veltec.eu\\\/fr\\\/product\\\/courroie-td-d-entrainement-de-roues-arriere-kirby-nl3001\\\/#primaryimage\"},\"thumbnailUrl\":\"https:\\\/\\\/www.veltec.eu\\\/wp-content\\\/uploads\\\/2018\\\/10\\\/kirby_td_riempje.jpg\",\"datePublished\":\"2018-10-26T09:01:27+00:00\",\"dateModified\":\"2025-03-28T11:52:08+00:00\",\"description\":\"Courroie TD d\u2019entra\u00eenement de roues arri\u00e8re Kirby Veltec est le fournisseur des aspirateurs Kirby depuis plus de 25 ans. Pour r\u00e9parations\",\"breadcrumb\":{\"@id\":\"https:\\\/\\\/www.veltec.eu\\\/fr\\\/product\\\/courroie-td-d-entrainement-de-roues-arriere-kirby-nl3001\\\/#breadcrumb\"},\"inLanguage\":\"fr-FR\",\"potentialAction\":[{\"@type\":\"ReadAction\",\"target\":[\"https:\\\/\\\/www.veltec.eu\\\/fr\\\/product\\\/courroie-td-d-entrainement-de-roues-arriere-kirby-nl3001\\\/\"]}]},{\"@type\":\"ImageObject\",\"inLanguage\":\"fr-FR\",\"@id\":\"https:\\\/\\\/www.veltec.eu\\\/fr\\\/product\\\/courroie-td-d-entrainement-de-roues-arriere-kirby-nl3001\\\/#primaryimage\",\"url\":\"https:\\\/\\\/www.veltec.eu\\\/wp-content\\\/uploads\\\/2018\\\/10\\\/kirby_td_riempje.jpg\",\"contentUrl\":\"https:\\\/\\\/www.veltec.eu\\\/wp-content\\\/uploads\\\/2018\\\/10\\\/kirby_td_riempje.jpg\",\"width\":300,\"height\":300},{\"@type\":\"BreadcrumbList\",\"@id\":\"https:\\\/\\\/www.veltec.eu\\\/fr\\\/product\\\/courroie-td-d-entrainement-de-roues-arriere-kirby-nl3001\\\/#breadcrumb\",\"itemListElement\":[{\"@type\":\"ListItem\",\"position\":1,\"name\":\"Home\",\"item\":\"https:\\\/\\\/www.veltec.eu\\\/fr\\\/accueil\\\/\"},{\"@type\":\"ListItem\",\"position\":2,\"name\":\"Boutique Kirby\",\"item\":\"https:\\\/\\\/www.veltec.eu\\\/fr\\\/boutique-kirby\\\/\"},{\"@type\":\"ListItem\",\"position\":3,\"name\":\"Courroie TD d\u2019entra\u00eenement de roues arri\u00e8re Kirby\"}]},{\"@type\":\"WebSite\",\"@id\":\"https:\\\/\\\/www.veltec.eu\\\/en\\\/#website\",\"url\":\"https:\\\/\\\/www.veltec.eu\\\/en\\\/\",\"name\":\"Veltec Kirby specialist\",\"description\":\"Kirby stofzuiger producten\",\"publisher\":{\"@id\":\"https:\\\/\\\/www.veltec.eu\\\/en\\\/#organization\"},\"potentialAction\":[{\"@type\":\"SearchAction\",\"target\":{\"@type\":\"EntryPoint\",\"urlTemplate\":\"https:\\\/\\\/www.veltec.eu\\\/en\\\/?s={search_term_string}\"},\"query-input\":{\"@type\":\"PropertyValueSpecification\",\"valueRequired\":true,\"valueName\":\"search_term_string\"}}],\"inLanguage\":\"fr-FR\"},{\"@type\":\"Organization\",\"@id\":\"https:\\\/\\\/www.veltec.eu\\\/en\\\/#organization\",\"name\":\"Veltec Kirby Specialist\",\"url\":\"https:\\\/\\\/www.veltec.eu\\\/en\\\/\",\"logo\":{\"@type\":\"ImageObject\",\"inLanguage\":\"fr-FR\",\"@id\":\"https:\\\/\\\/www.veltec.eu\\\/en\\\/#\\\/schema\\\/logo\\\/image\\\/\",\"url\":\"https:\\\/\\\/www.veltec.eu\\\/wp-content\\\/uploads\\\/2021\\\/12\\\/Veltec-log-groot-e1537260889125.png\",\"contentUrl\":\"https:\\\/\\\/www.veltec.eu\\\/wp-content\\\/uploads\\\/2021\\\/12\\\/Veltec-log-groot-e1537260889125.png\",\"width\":200,\"height\":60,\"caption\":\"Veltec Kirby Specialist\"},\"image\":{\"@id\":\"https:\\\/\\\/www.veltec.eu\\\/en\\\/#\\\/schema\\\/logo\\\/image\\\/\"},\"sameAs\":[\"https:\\\/\\\/www.facebook.com\\\/Veltec-Kirby-Specialist-236746293374877\\\/\",\"https:\\\/\\\/www.youtube.com\\\/user\\\/VeltecService\"]}]}<\/script>\n<!-- \/ Yoast SEO Premium plugin. -->","yoast_head_json":{"title":"Courroie TD d\u2019entra\u00eenement de roues arri\u00e8re Kirby - Veltec Kirby specialist","description":"Courroie TD d\u2019entra\u00eenement de roues arri\u00e8re Kirby Veltec est le fournisseur des aspirateurs Kirby depuis plus de 25 ans. Pour r\u00e9parations","robots":{"index":"index","follow":"follow","max-snippet":"max-snippet:-1","max-image-preview":"max-image-preview:large","max-video-preview":"max-video-preview:-1"},"canonical":"https:\/\/www.veltec.eu\/fr\/product\/courroie-td-d-entrainement-de-roues-arriere-kirby-nl3001\/","og_locale":"fr_FR","og_type":"article","og_title":"Courroie TD d\u2019entra\u00eenement de roues arri\u00e8re Kirby","og_description":"Courroie TD pour entra\u00eenement des roues arri\u00e8re.    En stock   Command\u00e9 23:59, exp\u00e9di\u00e9 demain  &nbsp;","og_url":"https:\/\/www.veltec.eu\/fr\/product\/courroie-td-d-entrainement-de-roues-arriere-kirby-nl3001\/","og_site_name":"Veltec Kirby specialist","article_publisher":"https:\/\/www.facebook.com\/Veltec-Kirby-Specialist-236746293374877\/","article_modified_time":"2025-03-28T11:52:08+00:00","og_image":[{"width":300,"height":300,"url":"https:\/\/www.veltec.eu\/wp-content\/uploads\/2018\/10\/kirby_td_riempje.jpg","type":"image\/jpeg"}],"twitter_card":"summary_large_image","twitter_misc":{"Dur\u00e9e de lecture estim\u00e9e":"3 minutes"},"schema":{"@context":"https:\/\/schema.org","@graph":[{"@type":"WebPage","@id":"https:\/\/www.veltec.eu\/fr\/product\/courroie-td-d-entrainement-de-roues-arriere-kirby-nl3001\/","url":"https:\/\/www.veltec.eu\/fr\/product\/courroie-td-d-entrainement-de-roues-arriere-kirby-nl3001\/","name":"Courroie TD d\u2019entra\u00eenement de roues arri\u00e8re Kirby - Veltec Kirby specialist","isPartOf":{"@id":"https:\/\/www.veltec.eu\/en\/#website"},"primaryImageOfPage":{"@id":"https:\/\/www.veltec.eu\/fr\/product\/courroie-td-d-entrainement-de-roues-arriere-kirby-nl3001\/#primaryimage"},"image":{"@id":"https:\/\/www.veltec.eu\/fr\/product\/courroie-td-d-entrainement-de-roues-arriere-kirby-nl3001\/#primaryimage"},"thumbnailUrl":"https:\/\/www.veltec.eu\/wp-content\/uploads\/2018\/10\/kirby_td_riempje.jpg","datePublished":"2018-10-26T09:01:27+00:00","dateModified":"2025-03-28T11:52:08+00:00","description":"Courroie TD d\u2019entra\u00eenement de roues arri\u00e8re Kirby Veltec est le fournisseur des aspirateurs Kirby depuis plus de 25 ans. Pour r\u00e9parations","breadcrumb":{"@id":"https:\/\/www.veltec.eu\/fr\/product\/courroie-td-d-entrainement-de-roues-arriere-kirby-nl3001\/#breadcrumb"},"inLanguage":"fr-FR","potentialAction":[{"@type":"ReadAction","target":["https:\/\/www.veltec.eu\/fr\/product\/courroie-td-d-entrainement-de-roues-arriere-kirby-nl3001\/"]}]},{"@type":"ImageObject","inLanguage":"fr-FR","@id":"https:\/\/www.veltec.eu\/fr\/product\/courroie-td-d-entrainement-de-roues-arriere-kirby-nl3001\/#primaryimage","url":"https:\/\/www.veltec.eu\/wp-content\/uploads\/2018\/10\/kirby_td_riempje.jpg","contentUrl":"https:\/\/www.veltec.eu\/wp-content\/uploads\/2018\/10\/kirby_td_riempje.jpg","width":300,"height":300},{"@type":"BreadcrumbList","@id":"https:\/\/www.veltec.eu\/fr\/product\/courroie-td-d-entrainement-de-roues-arriere-kirby-nl3001\/#breadcrumb","itemListElement":[{"@type":"ListItem","position":1,"name":"Home","item":"https:\/\/www.veltec.eu\/fr\/accueil\/"},{"@type":"ListItem","position":2,"name":"Boutique Kirby","item":"https:\/\/www.veltec.eu\/fr\/boutique-kirby\/"},{"@type":"ListItem","position":3,"name":"Courroie TD d\u2019entra\u00eenement de roues arri\u00e8re Kirby"}]},{"@type":"WebSite","@id":"https:\/\/www.veltec.eu\/en\/#website","url":"https:\/\/www.veltec.eu\/en\/","name":"Veltec Kirby specialist","description":"Kirby stofzuiger producten","publisher":{"@id":"https:\/\/www.veltec.eu\/en\/#organization"},"potentialAction":[{"@type":"SearchAction","target":{"@type":"EntryPoint","urlTemplate":"https:\/\/www.veltec.eu\/en\/?s={search_term_string}"},"query-input":{"@type":"PropertyValueSpecification","valueRequired":true,"valueName":"search_term_string"}}],"inLanguage":"fr-FR"},{"@type":"Organization","@id":"https:\/\/www.veltec.eu\/en\/#organization","name":"Veltec Kirby Specialist","url":"https:\/\/www.veltec.eu\/en\/","logo":{"@type":"ImageObject","inLanguage":"fr-FR","@id":"https:\/\/www.veltec.eu\/en\/#\/schema\/logo\/image\/","url":"https:\/\/www.veltec.eu\/wp-content\/uploads\/2021\/12\/Veltec-log-groot-e1537260889125.png","contentUrl":"https:\/\/www.veltec.eu\/wp-content\/uploads\/2021\/12\/Veltec-log-groot-e1537260889125.png","width":200,"height":60,"caption":"Veltec Kirby Specialist"},"image":{"@id":"https:\/\/www.veltec.eu\/en\/#\/schema\/logo\/image\/"},"sameAs":["https:\/\/www.facebook.com\/Veltec-Kirby-Specialist-236746293374877\/","https:\/\/www.youtube.com\/user\/VeltecService"]}]}},"_links":{"self":[{"href":"https:\/\/www.veltec.eu\/fr\/wp-json\/wp\/v2\/product\/10834","targetHints":{"allow":["GET"]}}],"collection":[{"href":"https:\/\/www.veltec.eu\/fr\/wp-json\/wp\/v2\/product"}],"about":[{"href":"https:\/\/www.veltec.eu\/fr\/wp-json\/wp\/v2\/types\/product"}],"replies":[{"embeddable":true,"href":"https:\/\/www.veltec.eu\/fr\/wp-json\/wp\/v2\/comments?post=10834"}],"wp:featuredmedia":[{"embeddable":true,"href":"https:\/\/www.veltec.eu\/fr\/wp-json\/wp\/v2\/media\/8355"}],"wp:attachment":[{"href":"https:\/\/www.veltec.eu\/fr\/wp-json\/wp\/v2\/media?parent=10834"}],"wp:term":[{"taxonomy":"product_brand","embeddable":true,"href":"https:\/\/www.veltec.eu\/fr\/wp-json\/wp\/v2\/product_brand?post=10834"},{"taxonomy":"product_cat","embeddable":true,"href":"https:\/\/www.veltec.eu\/fr\/wp-json\/wp\/v2\/product_cat?post=10834"},{"taxonomy":"product_tag","embeddable":true,"href":"https:\/\/www.veltec.eu\/fr\/wp-json\/wp\/v2\/product_tag?post=10834"}],"curies":[{"name":"wp","href":"https:\/\/api.w.org\/{rel}","templated":true}]}}