{"id":10829,"date":"2018-10-26T11:04:25","date_gmt":"2018-10-26T09:04:25","guid":{"rendered":"https:\/\/www.veltec.eu\/kirby-webshop\/tringle-de-liaison-de-pedale-nl3129\/"},"modified":"2025-03-28T14:12:09","modified_gmt":"2025-03-28T12:12:09","slug":"tringle-de-liaison-de-pedale-kirby-nl3129","status":"publish","type":"product","link":"https:\/\/www.veltec.eu\/fr\/product\/tringle-de-liaison-de-pedale-kirby-nl3129\/","title":{"rendered":"Tringle de liaison de p\u00e9dale Kirby"},"content":{"rendered":"<h1>Tringle de liaison de p\u00e9dale Kirby<\/h1>\n<p>Tringle de liaison de p\u00e9dale Kirby<\/p>\n<p><strong>Ce produit est adapt\u00e9 pour les types:<\/strong><\/p>\n<ul>\n<li>Avalir Platinum<\/li>\n<li>Avalir 2<\/li>\n<li>Avalir 1<\/li>\n<li>Sentria 2 (G10D)<\/li>\n<li>Sentria 1 (G10)<\/li>\n<li>Ultimate G Diamond Ed.(G7D or DE)<\/li>\n<li>Ultimate G (G7 or UG)<\/li>\n<li>Generation 6 (G6)<\/li>\n<li>Generation 5 (G5)<\/li>\n<li>Generation 4 (G4)<\/li>\n<li>Generation 3 (G3)<\/li>\n<\/ul>\n<h2>Tringle de liaison de p\u00e9dale Kirby &#8211; Indispensable pour un aspirateur qui fonctionne parfaitement<\/h2>\n<p>La tige de connexion est une pi\u00e8ce essentielle pour le fonctionnement optimal de votre aspirateur Kirby. Cette tige de connexion relie la p\u00e9dale de commande \u00e0 l&#8217;interrupteur du moteur, ce qui vous permet d&#8217;allumer et d&#8217;\u00e9teindre votre aspirateur en toute simplicit\u00e9. Adapt\u00e9 \u00e0 tous les types d&#8217;aspirateurs Kirby, ce produit est une solution durable et fiable pour remplacer une pi\u00e8ce d\u00e9fectueuse ou us\u00e9e.<\/p>\n<p><a href=\"https:\/\/www.veltec.eu\/fr\/kirby-pieces-detachees-de-moteur\/\">Vous trouverez ici toutes les pi\u00e8ces de moteur Kirby<\/a><\/p>\n<h3>Pourquoi choisir la Tringle de liaison de p\u00e9dale Kirby ?<\/h3>\n<p>Le bon fonctionnement de votre aspirateur Kirby d\u00e9pend de la coop\u00e9ration entre diff\u00e9rentes pi\u00e8ces. Une bielle endommag\u00e9e ou manquante peut rendre l&#8217;utilisation de l&#8217;aspirateur moins conviviale, voire inutilisable. Il est donc important de remplacer les pi\u00e8ces d\u00e9fectueuses par des pi\u00e8ces d&#8217;origine de haute qualit\u00e9, comme cette bielle.<\/p>\n<h3>Principaux avantages :<\/h3>\n<ul>\n<li>Fonctionnement fiable : r\u00e9tablit la connexion entre la p\u00e9dale de commande et l&#8217;interrupteur du moteur, ce qui permet \u00e0 l&#8217;aspirateur de fonctionner en douceur.<\/li>\n<li>Compatibilit\u00e9 : Con\u00e7ue pour s&#8217;adapter \u00e0 tous les mod\u00e8les d&#8217;aspirateurs Kirby, ce qui en fait un choix polyvalent.<\/li>\n<li>Installation facile : Vous n&#8217;avez pas besoin d&#8217;\u00eatre un expert ; avec un minimum d&#8217;effort, vous pouvez remplacer la pi\u00e8ce vous-m\u00eame.<\/li>\n<\/ul>\n<h3>Quand faut-il remplacer la bielle ?<\/h3>\n<p>On reconna\u00eet g\u00e9n\u00e9ralement une bielle cass\u00e9e \u00e0 une p\u00e9dale qui ne r\u00e9pond plus ou \u00e0 un aspirateur qui ne s&#8217;allume pas ou ne s&#8217;\u00e9teint pas correctement. Si vous remarquez que votre aspirateur Kirby ne fonctionne plus de mani\u00e8re optimale, une bielle cass\u00e9e pourrait en \u00eatre la cause.<\/p>\n<h3>Commandez votre bielle aujourd&#8217;hui !<\/h3>\n<p>N&#8217;attendez plus et remettez votre aspirateur Kirby en \u00e9tat de marche. Commandez facilement la tige de connexion en ligne et b\u00e9n\u00e9ficiez d&#8217;une livraison rapide. Le bon fonctionnement de votre aspirateur est \u00e0 port\u00e9e de main !<\/p>\n<p>Facilitez-vous la vie et pr\u00e9servez votre maison de la poussi\u00e8re gr\u00e2ce \u00e0 cette pi\u00e8ce indispensable.<\/p>\n","protected":false},"excerpt":{"rendered":"<p>Tringle de liaison pour p\u00e9dale.<\/p>\n[trustindex data-widget-id=e3bb80b24fa128098b960fc2439]\n<h3><span style=\"color: #008000;\"><br \/>\nEn stock<\/span><\/h3>\n[av_font_icon icon='ue812' font='entypo-fontello' style='' caption='' size='25px' position='left' color='#43ad66' link='' linktarget='' title_attr='' sonar_effect_effect='' sonar_effect_color='' sonar_effect_duration='1' sonar_effect_scale='' sonar_effect_opac='0.5' animation='' id='' custom_class='' template_class='' av_uid='' sc_version='1.0' admin_preview_bg=''][\/av_font_icon]\n<p><span style=\"color: #008000;\">Command\u00e9 23:59, exp\u00e9di\u00e9 demain<\/span><\/p>\n<p>&nbsp;<\/p>\n","protected":false},"featured_media":91642,"comment_status":"open","ping_status":"closed","template":"","meta":[],"product_brand":[],"product_cat":[329,359],"product_tag":[],"class_list":{"0":"post-10829","1":"product","2":"type-product","3":"status-publish","4":"has-post-thumbnail","6":"product_cat-kirby-commande-des-roues-arriere","7":"product_cat-kirby-pieces-detachees-de-moteur","8":"product_shipping_class-klein-de-fr","10":"first","11":"instock","12":"taxable","13":"shipping-taxable","14":"purchasable","15":"product-type-simple"},"yoast_head":"<!-- This site is optimized with the Yoast SEO Premium plugin v27.1 (Yoast SEO v27.4) - https:\/\/yoast.com\/product\/yoast-seo-premium-wordpress\/ -->\n<title>Tringle de liaison de p\u00e9dale Kirby - Veltec Kirby specialist<\/title>\n<meta name=\"description\" content=\"Tringle de liaison de p\u00e9dale Kirby Veltec est le fournisseur des aspirateurs Kirby depuis plus de 25 ans. Et est votre sp\u00e9cialiste\" \/>\n<meta name=\"robots\" content=\"index, follow, max-snippet:-1, max-image-preview:large, max-video-preview:-1\" \/>\n<link rel=\"canonical\" href=\"https:\/\/www.veltec.eu\/nl\/product\/kirby-verbinding-stang-voetpedaal-nl3129\/\" \/>\n<meta property=\"og:locale\" content=\"fr_FR\" \/>\n<meta property=\"og:type\" content=\"article\" \/>\n<meta property=\"og:title\" content=\"Tringle de liaison de p\u00e9dale Kirby\" \/>\n<meta property=\"og:description\" content=\"Tringle de liaison pour p\u00e9dale.    En stock   Command\u00e9 23:59, exp\u00e9di\u00e9 demain  &nbsp;\" \/>\n<meta property=\"og:url\" content=\"https:\/\/www.veltec.eu\/nl\/product\/kirby-verbinding-stang-voetpedaal-nl3129\/\" \/>\n<meta property=\"og:site_name\" content=\"Veltec Kirby specialist\" \/>\n<meta property=\"article:publisher\" content=\"https:\/\/www.facebook.com\/Veltec-Kirby-Specialist-236746293374877\/\" \/>\n<meta property=\"article:modified_time\" content=\"2025-03-28T12:12:09+00:00\" \/>\n<meta property=\"og:image\" content=\"https:\/\/www.veltec.eu\/wp-content\/uploads\/2018\/10\/kirby-actuating-rod-k-608789.jpg\" \/>\n\t<meta property=\"og:image:width\" content=\"300\" \/>\n\t<meta property=\"og:image:height\" content=\"300\" \/>\n\t<meta property=\"og:image:type\" content=\"image\/jpeg\" \/>\n<meta name=\"twitter:card\" content=\"summary_large_image\" \/>\n<meta name=\"twitter:label1\" content=\"Dur\u00e9e de lecture estim\u00e9e\" \/>\n\t<meta name=\"twitter:data1\" content=\"2 minutes\" \/>\n<script type=\"application\/ld+json\" class=\"yoast-schema-graph\">{\"@context\":\"https:\\\/\\\/schema.org\",\"@graph\":[{\"@type\":\"WebPage\",\"@id\":\"https:\\\/\\\/www.veltec.eu\\\/nl\\\/product\\\/kirby-verbinding-stang-voetpedaal-nl3129\\\/\",\"url\":\"https:\\\/\\\/www.veltec.eu\\\/nl\\\/product\\\/kirby-verbinding-stang-voetpedaal-nl3129\\\/\",\"name\":\"Tringle de liaison de p\u00e9dale Kirby - Veltec Kirby specialist\",\"isPartOf\":{\"@id\":\"https:\\\/\\\/www.veltec.eu\\\/en\\\/#website\"},\"primaryImageOfPage\":{\"@id\":\"https:\\\/\\\/www.veltec.eu\\\/nl\\\/product\\\/kirby-verbinding-stang-voetpedaal-nl3129\\\/#primaryimage\"},\"image\":{\"@id\":\"https:\\\/\\\/www.veltec.eu\\\/nl\\\/product\\\/kirby-verbinding-stang-voetpedaal-nl3129\\\/#primaryimage\"},\"thumbnailUrl\":\"https:\\\/\\\/www.veltec.eu\\\/wp-content\\\/uploads\\\/2018\\\/10\\\/Kirby-verbinding-stang-voetpedaal.jpg\",\"datePublished\":\"2018-10-26T09:04:25+00:00\",\"dateModified\":\"2025-03-28T12:12:09+00:00\",\"description\":\"Tringle de liaison de p\u00e9dale Kirby Veltec est le fournisseur des aspirateurs Kirby depuis plus de 25 ans. Et est votre sp\u00e9cialiste\",\"breadcrumb\":{\"@id\":\"https:\\\/\\\/www.veltec.eu\\\/nl\\\/product\\\/kirby-verbinding-stang-voetpedaal-nl3129\\\/#breadcrumb\"},\"inLanguage\":\"fr-FR\",\"potentialAction\":[{\"@type\":\"ReadAction\",\"target\":[\"https:\\\/\\\/www.veltec.eu\\\/nl\\\/product\\\/kirby-verbinding-stang-voetpedaal-nl3129\\\/\"]}]},{\"@type\":\"ImageObject\",\"inLanguage\":\"fr-FR\",\"@id\":\"https:\\\/\\\/www.veltec.eu\\\/nl\\\/product\\\/kirby-verbinding-stang-voetpedaal-nl3129\\\/#primaryimage\",\"url\":\"https:\\\/\\\/www.veltec.eu\\\/wp-content\\\/uploads\\\/2018\\\/10\\\/Kirby-verbinding-stang-voetpedaal.jpg\",\"contentUrl\":\"https:\\\/\\\/www.veltec.eu\\\/wp-content\\\/uploads\\\/2018\\\/10\\\/Kirby-verbinding-stang-voetpedaal.jpg\",\"width\":600,\"height\":600},{\"@type\":\"BreadcrumbList\",\"@id\":\"https:\\\/\\\/www.veltec.eu\\\/nl\\\/product\\\/kirby-verbinding-stang-voetpedaal-nl3129\\\/#breadcrumb\",\"itemListElement\":[{\"@type\":\"ListItem\",\"position\":1,\"name\":\"Home\",\"item\":\"https:\\\/\\\/www.veltec.eu\\\/fr\\\/\"},{\"@type\":\"ListItem\",\"position\":2,\"name\":\"Produits\",\"item\":\"https:\\\/\\\/www.veltec.eu\\\/fr\\\/shop\\\/\"},{\"@type\":\"ListItem\",\"position\":3,\"name\":\"Tringle de liaison de p\u00e9dale Kirby\"}]},{\"@type\":\"WebSite\",\"@id\":\"https:\\\/\\\/www.veltec.eu\\\/en\\\/#website\",\"url\":\"https:\\\/\\\/www.veltec.eu\\\/en\\\/\",\"name\":\"Veltec Kirby specialist\",\"description\":\"Kirby stofzuiger producten\",\"publisher\":{\"@id\":\"https:\\\/\\\/www.veltec.eu\\\/en\\\/#organization\"},\"potentialAction\":[{\"@type\":\"SearchAction\",\"target\":{\"@type\":\"EntryPoint\",\"urlTemplate\":\"https:\\\/\\\/www.veltec.eu\\\/en\\\/?s={search_term_string}\"},\"query-input\":{\"@type\":\"PropertyValueSpecification\",\"valueRequired\":true,\"valueName\":\"search_term_string\"}}],\"inLanguage\":\"fr-FR\"},{\"@type\":\"Organization\",\"@id\":\"https:\\\/\\\/www.veltec.eu\\\/en\\\/#organization\",\"name\":\"Veltec Kirby Specialist\",\"url\":\"https:\\\/\\\/www.veltec.eu\\\/en\\\/\",\"logo\":{\"@type\":\"ImageObject\",\"inLanguage\":\"fr-FR\",\"@id\":\"https:\\\/\\\/www.veltec.eu\\\/en\\\/#\\\/schema\\\/logo\\\/image\\\/\",\"url\":\"https:\\\/\\\/www.veltec.eu\\\/wp-content\\\/uploads\\\/2021\\\/12\\\/Veltec-log-groot-e1537260889125.png\",\"contentUrl\":\"https:\\\/\\\/www.veltec.eu\\\/wp-content\\\/uploads\\\/2021\\\/12\\\/Veltec-log-groot-e1537260889125.png\",\"width\":200,\"height\":60,\"caption\":\"Veltec Kirby Specialist\"},\"image\":{\"@id\":\"https:\\\/\\\/www.veltec.eu\\\/en\\\/#\\\/schema\\\/logo\\\/image\\\/\"},\"sameAs\":[\"https:\\\/\\\/www.facebook.com\\\/Veltec-Kirby-Specialist-236746293374877\\\/\",\"https:\\\/\\\/www.youtube.com\\\/user\\\/VeltecService\"]}]}<\/script>\n<!-- \/ Yoast SEO Premium plugin. -->","yoast_head_json":{"title":"Tringle de liaison de p\u00e9dale Kirby - Veltec Kirby specialist","description":"Tringle de liaison de p\u00e9dale Kirby Veltec est le fournisseur des aspirateurs Kirby depuis plus de 25 ans. Et est votre sp\u00e9cialiste","robots":{"index":"index","follow":"follow","max-snippet":"max-snippet:-1","max-image-preview":"max-image-preview:large","max-video-preview":"max-video-preview:-1"},"canonical":"https:\/\/www.veltec.eu\/nl\/product\/kirby-verbinding-stang-voetpedaal-nl3129\/","og_locale":"fr_FR","og_type":"article","og_title":"Tringle de liaison de p\u00e9dale Kirby","og_description":"Tringle de liaison pour p\u00e9dale.    En stock   Command\u00e9 23:59, exp\u00e9di\u00e9 demain  &nbsp;","og_url":"https:\/\/www.veltec.eu\/nl\/product\/kirby-verbinding-stang-voetpedaal-nl3129\/","og_site_name":"Veltec Kirby specialist","article_publisher":"https:\/\/www.facebook.com\/Veltec-Kirby-Specialist-236746293374877\/","article_modified_time":"2025-03-28T12:12:09+00:00","og_image":[{"width":300,"height":300,"url":"https:\/\/www.veltec.eu\/wp-content\/uploads\/2018\/10\/kirby-actuating-rod-k-608789.jpg","type":"image\/jpeg"}],"twitter_card":"summary_large_image","twitter_misc":{"Dur\u00e9e de lecture estim\u00e9e":"2 minutes"},"schema":{"@context":"https:\/\/schema.org","@graph":[{"@type":"WebPage","@id":"https:\/\/www.veltec.eu\/nl\/product\/kirby-verbinding-stang-voetpedaal-nl3129\/","url":"https:\/\/www.veltec.eu\/nl\/product\/kirby-verbinding-stang-voetpedaal-nl3129\/","name":"Tringle de liaison de p\u00e9dale Kirby - Veltec Kirby specialist","isPartOf":{"@id":"https:\/\/www.veltec.eu\/en\/#website"},"primaryImageOfPage":{"@id":"https:\/\/www.veltec.eu\/nl\/product\/kirby-verbinding-stang-voetpedaal-nl3129\/#primaryimage"},"image":{"@id":"https:\/\/www.veltec.eu\/nl\/product\/kirby-verbinding-stang-voetpedaal-nl3129\/#primaryimage"},"thumbnailUrl":"https:\/\/www.veltec.eu\/wp-content\/uploads\/2018\/10\/Kirby-verbinding-stang-voetpedaal.jpg","datePublished":"2018-10-26T09:04:25+00:00","dateModified":"2025-03-28T12:12:09+00:00","description":"Tringle de liaison de p\u00e9dale Kirby Veltec est le fournisseur des aspirateurs Kirby depuis plus de 25 ans. Et est votre sp\u00e9cialiste","breadcrumb":{"@id":"https:\/\/www.veltec.eu\/nl\/product\/kirby-verbinding-stang-voetpedaal-nl3129\/#breadcrumb"},"inLanguage":"fr-FR","potentialAction":[{"@type":"ReadAction","target":["https:\/\/www.veltec.eu\/nl\/product\/kirby-verbinding-stang-voetpedaal-nl3129\/"]}]},{"@type":"ImageObject","inLanguage":"fr-FR","@id":"https:\/\/www.veltec.eu\/nl\/product\/kirby-verbinding-stang-voetpedaal-nl3129\/#primaryimage","url":"https:\/\/www.veltec.eu\/wp-content\/uploads\/2018\/10\/Kirby-verbinding-stang-voetpedaal.jpg","contentUrl":"https:\/\/www.veltec.eu\/wp-content\/uploads\/2018\/10\/Kirby-verbinding-stang-voetpedaal.jpg","width":600,"height":600},{"@type":"BreadcrumbList","@id":"https:\/\/www.veltec.eu\/nl\/product\/kirby-verbinding-stang-voetpedaal-nl3129\/#breadcrumb","itemListElement":[{"@type":"ListItem","position":1,"name":"Home","item":"https:\/\/www.veltec.eu\/fr\/"},{"@type":"ListItem","position":2,"name":"Produits","item":"https:\/\/www.veltec.eu\/fr\/shop\/"},{"@type":"ListItem","position":3,"name":"Tringle de liaison de p\u00e9dale Kirby"}]},{"@type":"WebSite","@id":"https:\/\/www.veltec.eu\/en\/#website","url":"https:\/\/www.veltec.eu\/en\/","name":"Veltec Kirby specialist","description":"Kirby stofzuiger producten","publisher":{"@id":"https:\/\/www.veltec.eu\/en\/#organization"},"potentialAction":[{"@type":"SearchAction","target":{"@type":"EntryPoint","urlTemplate":"https:\/\/www.veltec.eu\/en\/?s={search_term_string}"},"query-input":{"@type":"PropertyValueSpecification","valueRequired":true,"valueName":"search_term_string"}}],"inLanguage":"fr-FR"},{"@type":"Organization","@id":"https:\/\/www.veltec.eu\/en\/#organization","name":"Veltec Kirby Specialist","url":"https:\/\/www.veltec.eu\/en\/","logo":{"@type":"ImageObject","inLanguage":"fr-FR","@id":"https:\/\/www.veltec.eu\/en\/#\/schema\/logo\/image\/","url":"https:\/\/www.veltec.eu\/wp-content\/uploads\/2021\/12\/Veltec-log-groot-e1537260889125.png","contentUrl":"https:\/\/www.veltec.eu\/wp-content\/uploads\/2021\/12\/Veltec-log-groot-e1537260889125.png","width":200,"height":60,"caption":"Veltec Kirby Specialist"},"image":{"@id":"https:\/\/www.veltec.eu\/en\/#\/schema\/logo\/image\/"},"sameAs":["https:\/\/www.facebook.com\/Veltec-Kirby-Specialist-236746293374877\/","https:\/\/www.youtube.com\/user\/VeltecService"]}]}},"_links":{"self":[{"href":"https:\/\/www.veltec.eu\/fr\/wp-json\/wp\/v2\/product\/10829","targetHints":{"allow":["GET"]}}],"collection":[{"href":"https:\/\/www.veltec.eu\/fr\/wp-json\/wp\/v2\/product"}],"about":[{"href":"https:\/\/www.veltec.eu\/fr\/wp-json\/wp\/v2\/types\/product"}],"replies":[{"embeddable":true,"href":"https:\/\/www.veltec.eu\/fr\/wp-json\/wp\/v2\/comments?post=10829"}],"wp:featuredmedia":[{"embeddable":true,"href":"https:\/\/www.veltec.eu\/fr\/wp-json\/wp\/v2\/media\/91642"}],"wp:attachment":[{"href":"https:\/\/www.veltec.eu\/fr\/wp-json\/wp\/v2\/media?parent=10829"}],"wp:term":[{"taxonomy":"product_brand","embeddable":true,"href":"https:\/\/www.veltec.eu\/fr\/wp-json\/wp\/v2\/product_brand?post=10829"},{"taxonomy":"product_cat","embeddable":true,"href":"https:\/\/www.veltec.eu\/fr\/wp-json\/wp\/v2\/product_cat?post=10829"},{"taxonomy":"product_tag","embeddable":true,"href":"https:\/\/www.veltec.eu\/fr\/wp-json\/wp\/v2\/product_tag?post=10829"}],"curies":[{"name":"wp","href":"https:\/\/api.w.org\/{rel}","templated":true}]}}