{"id":10824,"date":"2018-10-26T11:12:23","date_gmt":"2018-10-26T09:12:23","guid":{"rendered":"https:\/\/www.veltec.eu\/kirby-webshop\/pedale-nl3134\/"},"modified":"2025-03-28T15:06:23","modified_gmt":"2025-03-28T13:06:23","slug":"pedale-kirby-nl3134","status":"publish","type":"product","link":"https:\/\/www.veltec.eu\/fr\/product\/pedale-kirby-nl3134\/","title":{"rendered":"P\u00e9dale Kirby"},"content":{"rendered":"<h1>P\u00e9dale Kirby<\/h1>\n<p>P\u00e9dale Kirby pour la mise en marche du moteur.<\/p>\n<p><strong>Cette p\u00e9dale est universelle et convient \u00e0 tous les aspirateurs Kirby ;<\/strong><\/p>\n<ul>\n<li>Avalir Platinum<\/li>\n<li>Avalir 2<\/li>\n<li>Avalir 1<\/li>\n<li>Sentria 2 (G10D)<\/li>\n<li>Sentria 1 (G10)<\/li>\n<li>Ultimate G Diamond Ed.(G7D or DE)<\/li>\n<li>Ultimate G (G7 or UG)<\/li>\n<li>Generation 6 (G6)<\/li>\n<li>Generation 5 (G5)<\/li>\n<li>Generation 4 (G4)<\/li>\n<li>Generation 3 (G3)<\/li>\n<\/ul>\n<h2>P\u00e9dale Kirby &#8211; universelle et efficace<\/h2>\n<p>La p\u00e9dale de commande est un \u00e9l\u00e9ment essentiel de tous les aspirateurs Kirby. Cette p\u00e9dale vous permet de mettre le moteur en marche et de l&#8217;arr\u00eater sans effort et sans utiliser vos mains. Il s&#8217;agit d&#8217;un mod\u00e8le universel, c&#8217;est-\u00e0-dire compatible avec tous les aspirateurs Kirby. Vous n&#8217;avez donc pas \u00e0 vous soucier de la compatibilit\u00e9 avec votre mod\u00e8le sp\u00e9cifique.<\/p>\n<p><a href=\"https:\/\/www.veltec.eu\/fr\/?page_id=58979\">Vous trouverez ici tous les mod\u00e8les d&#8217;aspirateurs Kirby \u00e0 traction arri\u00e8re.<\/a><\/p>\n<h3>Pourquoi choisir la p\u00e9dale Kirby ?<\/h3>\n<p>Lorsque vous utilisez un aspirateur, la facilit\u00e9 d&#8217;utilisation est l&#8217;un des facteurs les plus importants. Avec la p\u00e9dale de commande, vous b\u00e9n\u00e9ficiez d&#8217;un confort et d&#8217;une efficacit\u00e9 accrus. Cette p\u00e9dale est con\u00e7ue pour \u00eatre durable et robuste, afin que vous puissiez en profiter longtemps. En outre, elle est facile \u00e0 installer, de sorte que vous n&#8217;avez besoin d&#8217;aucune connaissance technique pour la remplacer.<\/p>\n<h3>Avantages de la p\u00e9dale de commande<\/h3>\n<ul>\n<li>Compatibilit\u00e9 universelle &#8211; convient \u00e0 tous les aspirateurs Kirby.<\/li>\n<li>Facilit\u00e9 d&#8217;utilisation &#8211; le moteur s&#8217;allume et s&#8217;\u00e9teint facilement avec le pied.<\/li>\n<li>Mat\u00e9riau durable &#8211; utilisation durable sans usure.<\/li>\n<li>Installation facile &#8211; aucun assemblage compliqu\u00e9 n&#8217;est n\u00e9cessaire.<\/li>\n<li>Conception ergonomique &#8211; \u00e9vite les tensions inutiles sur le dos et les mains.<\/li>\n<\/ul>\n<h3>Installation et utilisation faciles<\/h3>\n<p>L&#8217;installation de la p\u00e9dale est un processus simple qui ne prend que quelques minutes. Il suffit de d\u00e9brancher l&#8217;ancienne p\u00e9dale et de fixer le nouveau mod\u00e8le. En quelques \u00e9tapes, votre aspirateur sera \u00e0 nouveau pr\u00eat \u00e0 l&#8217;emploi. Gr\u00e2ce \u00e0 la conception ergonomique, vous n&#8217;avez plus besoin de vous pencher ou d&#8217;appuyer sur des boutons g\u00eanants. Cela vous assure une meilleure posture et une plus grande facilit\u00e9 d&#8217;utilisation.<\/p>\n<h3>Commandez votre p\u00e9dale Kirby d\u00e8s aujourd&#8217;hui !<\/h3>\n<p>Vous voulez que votre aspirateur fonctionne \u00e0 nouveau de mani\u00e8re optimale ? Optez pour la p\u00e9dale de commande et profitez imm\u00e9diatement de sa commodit\u00e9 et de son efficacit\u00e9. Commandez aujourd&#8217;hui et b\u00e9n\u00e9ficiez d&#8217;une livraison rapide et d&#8217;une garantie de satisfaction \u00e0 100%.\u00a0 \u00a0N&#8217;attendez plus et facilitez votre routine de nettoyage avec cette pi\u00e8ce essentielle !<\/p>\n","protected":false},"excerpt":{"rendered":"<p>P\u00e9dale de mise en marche du moteur.<\/p>\n[trustindex data-widget-id=e3bb80b24fa128098b960fc2439]\n<h3><span style=\"color: #008000;\"><br \/>\nEn stock<\/span><\/h3>\n[av_font_icon icon='ue812' font='entypo-fontello' style='' caption='' size='25px' position='left' color='#43ad66' link='' linktarget='' title_attr='' sonar_effect_effect='' sonar_effect_color='' sonar_effect_duration='1' sonar_effect_scale='' sonar_effect_opac='0.5' animation='' id='' custom_class='' template_class='' av_uid='' sc_version='1.0' admin_preview_bg=''][\/av_font_icon]\n<p><span style=\"color: #008000;\">Command\u00e9 23:59, exp\u00e9di\u00e9 demain<\/span><\/p>\n<p>&nbsp;<\/p>\n","protected":false},"featured_media":90534,"comment_status":"open","ping_status":"closed","template":"","meta":{"_acf_changed":false},"product_brand":[],"product_cat":[329],"product_tag":[],"class_list":{"0":"post-10824","1":"product","2":"type-product","3":"status-publish","4":"has-post-thumbnail","6":"product_cat-kirby-transmission-arriere-et-accessoires","7":"product_shipping_class-klein-de-fr","9":"first","10":"instock","11":"taxable","12":"shipping-taxable","13":"purchasable","14":"product-type-simple"},"acf":[],"yoast_head":"<!-- This site is optimized with the Yoast SEO Premium plugin v27.1 (Yoast SEO v27.5) - https:\/\/yoast.com\/product\/yoast-seo-premium-wordpress\/ -->\n<title>P\u00e9dale Kirby - Veltec Kirby specialist<\/title>\n<meta name=\"description\" content=\"P\u00e9dale Kirby Veltec est le fournisseur des aspirateurs Kirby depuis plus de 25 ans. Et est votre sp\u00e9cialiste de confiance\" \/>\n<meta name=\"robots\" content=\"index, follow, max-snippet:-1, max-image-preview:large, max-video-preview:-1\" \/>\n<link rel=\"canonical\" href=\"https:\/\/www.veltec.eu\/fr\/product\/pedale-kirby-nl3134\/\" \/>\n<meta property=\"og:locale\" content=\"fr_FR\" \/>\n<meta property=\"og:type\" content=\"article\" \/>\n<meta property=\"og:title\" content=\"P\u00e9dale Kirby\" \/>\n<meta property=\"og:description\" content=\"P\u00e9dale de mise en marche du moteur.    En stock   Command\u00e9 23:59, exp\u00e9di\u00e9 demain  &nbsp;\" \/>\n<meta property=\"og:url\" content=\"https:\/\/www.veltec.eu\/fr\/product\/pedale-kirby-nl3134\/\" \/>\n<meta property=\"og:site_name\" content=\"Veltec Kirby specialist\" \/>\n<meta property=\"article:publisher\" content=\"https:\/\/www.facebook.com\/Veltec-Kirby-Specialist-236746293374877\/\" \/>\n<meta property=\"article:modified_time\" content=\"2025-03-28T13:06:23+00:00\" \/>\n<meta property=\"og:image\" content=\"https:\/\/www.veltec.eu\/wp-content\/uploads\/2018\/10\/kirby-sentria-foot-pedal-110306-_43910.jpg\" \/>\n\t<meta property=\"og:image:width\" content=\"300\" \/>\n\t<meta property=\"og:image:height\" content=\"300\" \/>\n\t<meta property=\"og:image:type\" content=\"image\/jpeg\" \/>\n<meta name=\"twitter:card\" content=\"summary_large_image\" \/>\n<meta name=\"twitter:label1\" content=\"Dur\u00e9e de lecture estim\u00e9e\" \/>\n\t<meta name=\"twitter:data1\" content=\"2 minutes\" \/>\n<script type=\"application\/ld+json\" class=\"yoast-schema-graph\">{\"@context\":\"https:\\\/\\\/schema.org\",\"@graph\":[{\"@type\":\"WebPage\",\"@id\":\"https:\\\/\\\/www.veltec.eu\\\/fr\\\/product\\\/pedale-kirby-nl3134\\\/\",\"url\":\"https:\\\/\\\/www.veltec.eu\\\/fr\\\/product\\\/pedale-kirby-nl3134\\\/\",\"name\":\"P\u00e9dale Kirby - Veltec Kirby specialist\",\"isPartOf\":{\"@id\":\"https:\\\/\\\/www.veltec.eu\\\/en\\\/#website\"},\"primaryImageOfPage\":{\"@id\":\"https:\\\/\\\/www.veltec.eu\\\/fr\\\/product\\\/pedale-kirby-nl3134\\\/#primaryimage\"},\"image\":{\"@id\":\"https:\\\/\\\/www.veltec.eu\\\/fr\\\/product\\\/pedale-kirby-nl3134\\\/#primaryimage\"},\"thumbnailUrl\":\"https:\\\/\\\/www.veltec.eu\\\/wp-content\\\/uploads\\\/2018\\\/10\\\/Kirby-aan-uit-schakelaar-knop.jpg\",\"datePublished\":\"2018-10-26T09:12:23+00:00\",\"dateModified\":\"2025-03-28T13:06:23+00:00\",\"description\":\"P\u00e9dale Kirby Veltec est le fournisseur des aspirateurs Kirby depuis plus de 25 ans. Et est votre sp\u00e9cialiste de confiance\",\"breadcrumb\":{\"@id\":\"https:\\\/\\\/www.veltec.eu\\\/fr\\\/product\\\/pedale-kirby-nl3134\\\/#breadcrumb\"},\"inLanguage\":\"fr-FR\",\"potentialAction\":[{\"@type\":\"ReadAction\",\"target\":[\"https:\\\/\\\/www.veltec.eu\\\/fr\\\/product\\\/pedale-kirby-nl3134\\\/\"]}]},{\"@type\":\"ImageObject\",\"inLanguage\":\"fr-FR\",\"@id\":\"https:\\\/\\\/www.veltec.eu\\\/fr\\\/product\\\/pedale-kirby-nl3134\\\/#primaryimage\",\"url\":\"https:\\\/\\\/www.veltec.eu\\\/wp-content\\\/uploads\\\/2018\\\/10\\\/Kirby-aan-uit-schakelaar-knop.jpg\",\"contentUrl\":\"https:\\\/\\\/www.veltec.eu\\\/wp-content\\\/uploads\\\/2018\\\/10\\\/Kirby-aan-uit-schakelaar-knop.jpg\",\"width\":600,\"height\":600},{\"@type\":\"BreadcrumbList\",\"@id\":\"https:\\\/\\\/www.veltec.eu\\\/fr\\\/product\\\/pedale-kirby-nl3134\\\/#breadcrumb\",\"itemListElement\":[{\"@type\":\"ListItem\",\"position\":1,\"name\":\"Home\",\"item\":\"https:\\\/\\\/www.veltec.eu\\\/fr\\\/accueil\\\/\"},{\"@type\":\"ListItem\",\"position\":2,\"name\":\"Boutique Kirby\",\"item\":\"https:\\\/\\\/www.veltec.eu\\\/fr\\\/boutique-kirby\\\/\"},{\"@type\":\"ListItem\",\"position\":3,\"name\":\"P\u00e9dale Kirby\"}]},{\"@type\":\"WebSite\",\"@id\":\"https:\\\/\\\/www.veltec.eu\\\/en\\\/#website\",\"url\":\"https:\\\/\\\/www.veltec.eu\\\/en\\\/\",\"name\":\"Veltec Kirby specialist\",\"description\":\"Kirby stofzuiger producten\",\"publisher\":{\"@id\":\"https:\\\/\\\/www.veltec.eu\\\/en\\\/#organization\"},\"potentialAction\":[{\"@type\":\"SearchAction\",\"target\":{\"@type\":\"EntryPoint\",\"urlTemplate\":\"https:\\\/\\\/www.veltec.eu\\\/en\\\/?s={search_term_string}\"},\"query-input\":{\"@type\":\"PropertyValueSpecification\",\"valueRequired\":true,\"valueName\":\"search_term_string\"}}],\"inLanguage\":\"fr-FR\"},{\"@type\":\"Organization\",\"@id\":\"https:\\\/\\\/www.veltec.eu\\\/en\\\/#organization\",\"name\":\"Veltec Kirby Specialist\",\"url\":\"https:\\\/\\\/www.veltec.eu\\\/en\\\/\",\"logo\":{\"@type\":\"ImageObject\",\"inLanguage\":\"fr-FR\",\"@id\":\"https:\\\/\\\/www.veltec.eu\\\/en\\\/#\\\/schema\\\/logo\\\/image\\\/\",\"url\":\"https:\\\/\\\/www.veltec.eu\\\/wp-content\\\/uploads\\\/2021\\\/12\\\/Veltec-log-groot-e1537260889125.png\",\"contentUrl\":\"https:\\\/\\\/www.veltec.eu\\\/wp-content\\\/uploads\\\/2021\\\/12\\\/Veltec-log-groot-e1537260889125.png\",\"width\":200,\"height\":60,\"caption\":\"Veltec Kirby Specialist\"},\"image\":{\"@id\":\"https:\\\/\\\/www.veltec.eu\\\/en\\\/#\\\/schema\\\/logo\\\/image\\\/\"},\"sameAs\":[\"https:\\\/\\\/www.facebook.com\\\/Veltec-Kirby-Specialist-236746293374877\\\/\",\"https:\\\/\\\/www.youtube.com\\\/user\\\/VeltecService\"]}]}<\/script>\n<!-- \/ Yoast SEO Premium plugin. -->","yoast_head_json":{"title":"P\u00e9dale Kirby - Veltec Kirby specialist","description":"P\u00e9dale Kirby Veltec est le fournisseur des aspirateurs Kirby depuis plus de 25 ans. Et est votre sp\u00e9cialiste de confiance","robots":{"index":"index","follow":"follow","max-snippet":"max-snippet:-1","max-image-preview":"max-image-preview:large","max-video-preview":"max-video-preview:-1"},"canonical":"https:\/\/www.veltec.eu\/fr\/product\/pedale-kirby-nl3134\/","og_locale":"fr_FR","og_type":"article","og_title":"P\u00e9dale Kirby","og_description":"P\u00e9dale de mise en marche du moteur.    En stock   Command\u00e9 23:59, exp\u00e9di\u00e9 demain  &nbsp;","og_url":"https:\/\/www.veltec.eu\/fr\/product\/pedale-kirby-nl3134\/","og_site_name":"Veltec Kirby specialist","article_publisher":"https:\/\/www.facebook.com\/Veltec-Kirby-Specialist-236746293374877\/","article_modified_time":"2025-03-28T13:06:23+00:00","og_image":[{"width":300,"height":300,"url":"https:\/\/www.veltec.eu\/wp-content\/uploads\/2018\/10\/kirby-sentria-foot-pedal-110306-_43910.jpg","type":"image\/jpeg"}],"twitter_card":"summary_large_image","twitter_misc":{"Dur\u00e9e de lecture estim\u00e9e":"2 minutes"},"schema":{"@context":"https:\/\/schema.org","@graph":[{"@type":"WebPage","@id":"https:\/\/www.veltec.eu\/fr\/product\/pedale-kirby-nl3134\/","url":"https:\/\/www.veltec.eu\/fr\/product\/pedale-kirby-nl3134\/","name":"P\u00e9dale Kirby - Veltec Kirby specialist","isPartOf":{"@id":"https:\/\/www.veltec.eu\/en\/#website"},"primaryImageOfPage":{"@id":"https:\/\/www.veltec.eu\/fr\/product\/pedale-kirby-nl3134\/#primaryimage"},"image":{"@id":"https:\/\/www.veltec.eu\/fr\/product\/pedale-kirby-nl3134\/#primaryimage"},"thumbnailUrl":"https:\/\/www.veltec.eu\/wp-content\/uploads\/2018\/10\/Kirby-aan-uit-schakelaar-knop.jpg","datePublished":"2018-10-26T09:12:23+00:00","dateModified":"2025-03-28T13:06:23+00:00","description":"P\u00e9dale Kirby Veltec est le fournisseur des aspirateurs Kirby depuis plus de 25 ans. Et est votre sp\u00e9cialiste de confiance","breadcrumb":{"@id":"https:\/\/www.veltec.eu\/fr\/product\/pedale-kirby-nl3134\/#breadcrumb"},"inLanguage":"fr-FR","potentialAction":[{"@type":"ReadAction","target":["https:\/\/www.veltec.eu\/fr\/product\/pedale-kirby-nl3134\/"]}]},{"@type":"ImageObject","inLanguage":"fr-FR","@id":"https:\/\/www.veltec.eu\/fr\/product\/pedale-kirby-nl3134\/#primaryimage","url":"https:\/\/www.veltec.eu\/wp-content\/uploads\/2018\/10\/Kirby-aan-uit-schakelaar-knop.jpg","contentUrl":"https:\/\/www.veltec.eu\/wp-content\/uploads\/2018\/10\/Kirby-aan-uit-schakelaar-knop.jpg","width":600,"height":600},{"@type":"BreadcrumbList","@id":"https:\/\/www.veltec.eu\/fr\/product\/pedale-kirby-nl3134\/#breadcrumb","itemListElement":[{"@type":"ListItem","position":1,"name":"Home","item":"https:\/\/www.veltec.eu\/fr\/accueil\/"},{"@type":"ListItem","position":2,"name":"Boutique Kirby","item":"https:\/\/www.veltec.eu\/fr\/boutique-kirby\/"},{"@type":"ListItem","position":3,"name":"P\u00e9dale Kirby"}]},{"@type":"WebSite","@id":"https:\/\/www.veltec.eu\/en\/#website","url":"https:\/\/www.veltec.eu\/en\/","name":"Veltec Kirby specialist","description":"Kirby stofzuiger producten","publisher":{"@id":"https:\/\/www.veltec.eu\/en\/#organization"},"potentialAction":[{"@type":"SearchAction","target":{"@type":"EntryPoint","urlTemplate":"https:\/\/www.veltec.eu\/en\/?s={search_term_string}"},"query-input":{"@type":"PropertyValueSpecification","valueRequired":true,"valueName":"search_term_string"}}],"inLanguage":"fr-FR"},{"@type":"Organization","@id":"https:\/\/www.veltec.eu\/en\/#organization","name":"Veltec Kirby Specialist","url":"https:\/\/www.veltec.eu\/en\/","logo":{"@type":"ImageObject","inLanguage":"fr-FR","@id":"https:\/\/www.veltec.eu\/en\/#\/schema\/logo\/image\/","url":"https:\/\/www.veltec.eu\/wp-content\/uploads\/2021\/12\/Veltec-log-groot-e1537260889125.png","contentUrl":"https:\/\/www.veltec.eu\/wp-content\/uploads\/2021\/12\/Veltec-log-groot-e1537260889125.png","width":200,"height":60,"caption":"Veltec Kirby Specialist"},"image":{"@id":"https:\/\/www.veltec.eu\/en\/#\/schema\/logo\/image\/"},"sameAs":["https:\/\/www.facebook.com\/Veltec-Kirby-Specialist-236746293374877\/","https:\/\/www.youtube.com\/user\/VeltecService"]}]}},"_links":{"self":[{"href":"https:\/\/www.veltec.eu\/fr\/wp-json\/wp\/v2\/product\/10824","targetHints":{"allow":["GET"]}}],"collection":[{"href":"https:\/\/www.veltec.eu\/fr\/wp-json\/wp\/v2\/product"}],"about":[{"href":"https:\/\/www.veltec.eu\/fr\/wp-json\/wp\/v2\/types\/product"}],"replies":[{"embeddable":true,"href":"https:\/\/www.veltec.eu\/fr\/wp-json\/wp\/v2\/comments?post=10824"}],"wp:featuredmedia":[{"embeddable":true,"href":"https:\/\/www.veltec.eu\/fr\/wp-json\/wp\/v2\/media\/90534"}],"wp:attachment":[{"href":"https:\/\/www.veltec.eu\/fr\/wp-json\/wp\/v2\/media?parent=10824"}],"wp:term":[{"taxonomy":"product_brand","embeddable":true,"href":"https:\/\/www.veltec.eu\/fr\/wp-json\/wp\/v2\/product_brand?post=10824"},{"taxonomy":"product_cat","embeddable":true,"href":"https:\/\/www.veltec.eu\/fr\/wp-json\/wp\/v2\/product_cat?post=10824"},{"taxonomy":"product_tag","embeddable":true,"href":"https:\/\/www.veltec.eu\/fr\/wp-json\/wp\/v2\/product_tag?post=10824"}],"curies":[{"name":"wp","href":"https:\/\/api.w.org\/{rel}","templated":true}]}}