{"id":10819,"date":"2018-10-26T11:16:58","date_gmt":"2018-10-26T09:16:58","guid":{"rendered":"https:\/\/www.veltec.eu\/kirby-webshop\/connecteur-pour-interrupteur-nl3062\/"},"modified":"2025-03-28T11:59:11","modified_gmt":"2025-03-28T09:59:11","slug":"connecteur-pour-interrupteur-kirby-nl3062","status":"publish","type":"product","link":"https:\/\/www.veltec.eu\/fr\/product\/connecteur-pour-interrupteur-kirby-nl3062\/","title":{"rendered":"Connecteur pour interrupteur Kirby"},"content":{"rendered":"<h1>Connecteur pour interrupteur Kirby<\/h1>\n<p>Connecteur pour interrupteur Kirby<\/p>\n<p><strong>Ce raccord est universel et convient \u00e0 tous les aspirateurs Kirby ;<\/strong><\/p>\n<ul>\n<li>Avalir Platinum<\/li>\n<li>Avalir 2<\/li>\n<li>Avalir 1<\/li>\n<li>Sentria 2 (G10D)<\/li>\n<li>Sentria 1 (G10)<\/li>\n<li>Ultimate G Diamond Ed.(G7D or DE)<\/li>\n<li>Ultimate G (G7 or UG)<\/li>\n<li>Generation 6 (G6)<\/li>\n<li>Generation 5 (G5)<\/li>\n<li>Generation 4 (G4)<\/li>\n<li>Generation 3 (G3)<\/li>\n<\/ul>\n<h2>Kirby Support de couplage pour interrupteur &#8211; Universel et fiable<\/h2>\n<p>Le support d&#8217;accouplement Kirby pour interrupteur est une pi\u00e8ce essentielle pour votre aspirateur Kirby. Ce m\u00e9canisme garantit que l&#8217;interrupteur reste fermement en place et qu&#8217;il est directement reli\u00e9 \u00e0 l&#8217;entra\u00eenement de la roue arri\u00e8re. Gr\u00e2ce \u00e0 sa conception universelle, ce support de couplage convient \u00e0 tous les aspirateurs Kirby. Vous n&#8217;avez donc pas \u00e0 vous soucier de la compatibilit\u00e9 et vous pouvez facilement remettre votre appareil en \u00e9tat.<\/p>\n<h3>Pourquoi choisir le support de couplage Kirby pour l&#8217;interrupteur ?<\/h3>\n<p>Un aspirateur qui fonctionne correctement est essentiel pour un nettoyage en profondeur. Le support de couplage joue un r\u00f4le important \u00e0 cet \u00e9gard en veillant \u00e0 ce que l&#8217;interrupteur fonctionne de mani\u00e8re optimale et soit correctement connect\u00e9 \u00e0 l&#8217;unit\u00e9 d&#8217;entra\u00eenement. Cela contribue \u00e0 une utilisation fluide et efficace de votre aspirateur Kirby.<\/p>\n<p><a href=\"https:\/\/www.veltec.eu\/fr\/kirby-transmission-arriere-et-accessoires\/\">Vous trouverez ici tous les supports de couplage Kirby<\/a><\/p>\n<h3>Avantages du support de couplage Kirby :<\/h3>\n<ul>\n<li>Adaptation universelle &#8211; Convient \u00e0 tous les aspirateurs Kirby, sans ajustement.<\/li>\n<li>Durable et solide &#8211; Fabriqu\u00e9 \u00e0 partir de mat\u00e9riaux de haute qualit\u00e9 pour une utilisation durable.<\/li>\n<li>Installation facile &#8211; Assemblage rapide sans op\u00e9rations compliqu\u00e9es.<\/li>\n<li>Fonctionnement optimal &#8211; Garantit le bon fonctionnement de votre aspirateur.<\/li>\n<\/ul>\n<h3>Installation facile et longue dur\u00e9e de vie<\/h3>\n<p>Le remplacement d&#8217;un support de couple peut se faire en quelques minutes. Gr\u00e2ce \u00e0 sa conception universelle, vous n&#8217;avez pas \u00e0 vous soucier de la taille ou de la compatibilit\u00e9. La construction robuste garantit que le support de couple peut r\u00e9sister \u00e0 une utilisation quotidienne et \u00e0 une sollicitation \u00e0 long terme, r\u00e9duisant ainsi la n\u00e9cessit\u00e9 de remplacer les pi\u00e8ces.<\/p>\n<h3>Convient \u00e0 tous les aspirateurs Kirby<\/h3>\n<p>Que vous ayez un ancien ou un nouveau mod\u00e8le d&#8217;aspirateur Kirby, ce support de couple est toujours adapt\u00e9. Cela vous \u00e9vite de perdre du temps \u00e0 chercher la bonne pi\u00e8ce et vous garantit que votre aspirateur fonctionnera \u00e0 nouveau correctement. En choisissant une pi\u00e8ce d&#8217;origine et universellement compatible, vous prolongez la dur\u00e9e de vie de votre appareil et maintenez ses performances optimales.<\/p>\n<h3>Commandez d\u00e8s aujourd&#8217;hui !<\/h3>\n<p>Vous voulez que votre aspirateur Kirby fonctionne \u00e0 nouveau sans probl\u00e8me ? Commandez d\u00e8s maintenant le support de couplage Kirby pour interrupteur et b\u00e9n\u00e9ficiez d&#8217;une livraison rapide et d&#8217;un remplacement de haute qualit\u00e9. Avec une installation facile et une construction robuste, vous \u00eates assur\u00e9 d&#8217;avoir une pi\u00e8ce durable et fiable. Assurez-vous que votre aspirateur reste toujours en parfait \u00e9tat gr\u00e2ce \u00e0 ce support de couplage pratique et universel !<\/p>\n","protected":false},"excerpt":{"rendered":"<p>Connecteur pour interrupteur d\u2019entra\u00eenement des roues arri\u00e8re.<\/p>\n[trustindex data-widget-id=e3bb80b24fa128098b960fc2439]\n<h3><span style=\"color: #008000;\"><br \/>\nEn stock<\/span><\/h3>\n[av_font_icon icon='ue812' font='entypo-fontello' style='' caption='' size='25px' position='left' color='#43ad66' link='' linktarget='' title_attr='' sonar_effect_effect='' sonar_effect_color='' sonar_effect_duration='1' sonar_effect_scale='' sonar_effect_opac='0.5' animation='' id='' custom_class='' template_class='' av_uid='' sc_version='1.0' admin_preview_bg=''][\/av_font_icon]\n<p><span style=\"color: #008000;\">Command\u00e9 23:59, exp\u00e9di\u00e9 demain<\/span><\/p>\n<p>&nbsp;<\/p>\n","protected":false},"featured_media":8382,"comment_status":"open","ping_status":"closed","template":"","meta":[],"product_brand":[],"product_cat":[329],"product_tag":[],"class_list":{"0":"post-10819","1":"product","2":"type-product","3":"status-publish","4":"has-post-thumbnail","6":"product_cat-kirby-commande-des-roues-arriere","7":"product_shipping_class-klein-de-fr","9":"first","10":"instock","11":"taxable","12":"shipping-taxable","13":"purchasable","14":"product-type-simple"},"yoast_head":"<!-- This site is optimized with the Yoast SEO Premium plugin v27.1 (Yoast SEO v27.4) - https:\/\/yoast.com\/product\/yoast-seo-premium-wordpress\/ -->\n<title>Connecteur pour interrupteur Kirby - Veltec Kirby specialist<\/title>\n<meta name=\"description\" content=\"Connecteur pour interrupteur Kirby Veltec est le fournisseur des aspirateurs Kirby depuis plus de 25 ans. Et est votre sp\u00e9cialiste\" \/>\n<meta name=\"robots\" content=\"index, follow, max-snippet:-1, max-image-preview:large, max-video-preview:-1\" \/>\n<link rel=\"canonical\" href=\"https:\/\/www.veltec.eu\/nl\/product\/kirby-koppelsteun-voor-schakelaar-nl3062\/\" \/>\n<meta property=\"og:locale\" content=\"fr_FR\" \/>\n<meta property=\"og:type\" content=\"article\" \/>\n<meta property=\"og:title\" content=\"Connecteur pour interrupteur Kirby\" \/>\n<meta property=\"og:description\" content=\"Connecteur pour interrupteur d\u2019entra\u00eenement des roues arri\u00e8re.    En stock   Command\u00e9 23:59, exp\u00e9di\u00e9 demain  &nbsp;\" \/>\n<meta property=\"og:url\" content=\"https:\/\/www.veltec.eu\/nl\/product\/kirby-koppelsteun-voor-schakelaar-nl3062\/\" \/>\n<meta property=\"og:site_name\" content=\"Veltec Kirby specialist\" \/>\n<meta property=\"article:publisher\" content=\"https:\/\/www.facebook.com\/Veltec-Kirby-Specialist-236746293374877\/\" \/>\n<meta property=\"article:modified_time\" content=\"2025-03-28T09:59:11+00:00\" \/>\n<meta property=\"og:image\" content=\"https:\/\/www.veltec.eu\/wp-content\/uploads\/2018\/10\/kirby_koppelsteun_voor_schakelaar.jpg\" \/>\n\t<meta property=\"og:image:width\" content=\"300\" \/>\n\t<meta property=\"og:image:height\" content=\"300\" \/>\n\t<meta property=\"og:image:type\" content=\"image\/jpeg\" \/>\n<meta name=\"twitter:card\" content=\"summary_large_image\" \/>\n<meta name=\"twitter:label1\" content=\"Dur\u00e9e de lecture estim\u00e9e\" \/>\n\t<meta name=\"twitter:data1\" content=\"3 minutes\" \/>\n<script type=\"application\/ld+json\" class=\"yoast-schema-graph\">{\"@context\":\"https:\\\/\\\/schema.org\",\"@graph\":[{\"@type\":\"WebPage\",\"@id\":\"https:\\\/\\\/www.veltec.eu\\\/nl\\\/product\\\/kirby-koppelsteun-voor-schakelaar-nl3062\\\/\",\"url\":\"https:\\\/\\\/www.veltec.eu\\\/nl\\\/product\\\/kirby-koppelsteun-voor-schakelaar-nl3062\\\/\",\"name\":\"Connecteur pour interrupteur Kirby - Veltec Kirby specialist\",\"isPartOf\":{\"@id\":\"https:\\\/\\\/www.veltec.eu\\\/en\\\/#website\"},\"primaryImageOfPage\":{\"@id\":\"https:\\\/\\\/www.veltec.eu\\\/nl\\\/product\\\/kirby-koppelsteun-voor-schakelaar-nl3062\\\/#primaryimage\"},\"image\":{\"@id\":\"https:\\\/\\\/www.veltec.eu\\\/nl\\\/product\\\/kirby-koppelsteun-voor-schakelaar-nl3062\\\/#primaryimage\"},\"thumbnailUrl\":\"https:\\\/\\\/www.veltec.eu\\\/wp-content\\\/uploads\\\/2018\\\/10\\\/kirby_koppelsteun_voor_schakelaar.jpg\",\"datePublished\":\"2018-10-26T09:16:58+00:00\",\"dateModified\":\"2025-03-28T09:59:11+00:00\",\"description\":\"Connecteur pour interrupteur Kirby Veltec est le fournisseur des aspirateurs Kirby depuis plus de 25 ans. Et est votre sp\u00e9cialiste\",\"breadcrumb\":{\"@id\":\"https:\\\/\\\/www.veltec.eu\\\/nl\\\/product\\\/kirby-koppelsteun-voor-schakelaar-nl3062\\\/#breadcrumb\"},\"inLanguage\":\"fr-FR\",\"potentialAction\":[{\"@type\":\"ReadAction\",\"target\":[\"https:\\\/\\\/www.veltec.eu\\\/nl\\\/product\\\/kirby-koppelsteun-voor-schakelaar-nl3062\\\/\"]}]},{\"@type\":\"ImageObject\",\"inLanguage\":\"fr-FR\",\"@id\":\"https:\\\/\\\/www.veltec.eu\\\/nl\\\/product\\\/kirby-koppelsteun-voor-schakelaar-nl3062\\\/#primaryimage\",\"url\":\"https:\\\/\\\/www.veltec.eu\\\/wp-content\\\/uploads\\\/2018\\\/10\\\/kirby_koppelsteun_voor_schakelaar.jpg\",\"contentUrl\":\"https:\\\/\\\/www.veltec.eu\\\/wp-content\\\/uploads\\\/2018\\\/10\\\/kirby_koppelsteun_voor_schakelaar.jpg\",\"width\":300,\"height\":300},{\"@type\":\"BreadcrumbList\",\"@id\":\"https:\\\/\\\/www.veltec.eu\\\/nl\\\/product\\\/kirby-koppelsteun-voor-schakelaar-nl3062\\\/#breadcrumb\",\"itemListElement\":[{\"@type\":\"ListItem\",\"position\":1,\"name\":\"Home\",\"item\":\"https:\\\/\\\/www.veltec.eu\\\/fr\\\/\"},{\"@type\":\"ListItem\",\"position\":2,\"name\":\"Produits\",\"item\":\"https:\\\/\\\/www.veltec.eu\\\/fr\\\/shop\\\/\"},{\"@type\":\"ListItem\",\"position\":3,\"name\":\"Connecteur pour interrupteur Kirby\"}]},{\"@type\":\"WebSite\",\"@id\":\"https:\\\/\\\/www.veltec.eu\\\/en\\\/#website\",\"url\":\"https:\\\/\\\/www.veltec.eu\\\/en\\\/\",\"name\":\"Veltec Kirby specialist\",\"description\":\"Kirby stofzuiger producten\",\"publisher\":{\"@id\":\"https:\\\/\\\/www.veltec.eu\\\/en\\\/#organization\"},\"potentialAction\":[{\"@type\":\"SearchAction\",\"target\":{\"@type\":\"EntryPoint\",\"urlTemplate\":\"https:\\\/\\\/www.veltec.eu\\\/en\\\/?s={search_term_string}\"},\"query-input\":{\"@type\":\"PropertyValueSpecification\",\"valueRequired\":true,\"valueName\":\"search_term_string\"}}],\"inLanguage\":\"fr-FR\"},{\"@type\":\"Organization\",\"@id\":\"https:\\\/\\\/www.veltec.eu\\\/en\\\/#organization\",\"name\":\"Veltec Kirby Specialist\",\"url\":\"https:\\\/\\\/www.veltec.eu\\\/en\\\/\",\"logo\":{\"@type\":\"ImageObject\",\"inLanguage\":\"fr-FR\",\"@id\":\"https:\\\/\\\/www.veltec.eu\\\/en\\\/#\\\/schema\\\/logo\\\/image\\\/\",\"url\":\"https:\\\/\\\/www.veltec.eu\\\/wp-content\\\/uploads\\\/2021\\\/12\\\/Veltec-log-groot-e1537260889125.png\",\"contentUrl\":\"https:\\\/\\\/www.veltec.eu\\\/wp-content\\\/uploads\\\/2021\\\/12\\\/Veltec-log-groot-e1537260889125.png\",\"width\":200,\"height\":60,\"caption\":\"Veltec Kirby Specialist\"},\"image\":{\"@id\":\"https:\\\/\\\/www.veltec.eu\\\/en\\\/#\\\/schema\\\/logo\\\/image\\\/\"},\"sameAs\":[\"https:\\\/\\\/www.facebook.com\\\/Veltec-Kirby-Specialist-236746293374877\\\/\",\"https:\\\/\\\/www.youtube.com\\\/user\\\/VeltecService\"]}]}<\/script>\n<!-- \/ Yoast SEO Premium plugin. -->","yoast_head_json":{"title":"Connecteur pour interrupteur Kirby - Veltec Kirby specialist","description":"Connecteur pour interrupteur Kirby Veltec est le fournisseur des aspirateurs Kirby depuis plus de 25 ans. Et est votre sp\u00e9cialiste","robots":{"index":"index","follow":"follow","max-snippet":"max-snippet:-1","max-image-preview":"max-image-preview:large","max-video-preview":"max-video-preview:-1"},"canonical":"https:\/\/www.veltec.eu\/nl\/product\/kirby-koppelsteun-voor-schakelaar-nl3062\/","og_locale":"fr_FR","og_type":"article","og_title":"Connecteur pour interrupteur Kirby","og_description":"Connecteur pour interrupteur d\u2019entra\u00eenement des roues arri\u00e8re.    En stock   Command\u00e9 23:59, exp\u00e9di\u00e9 demain  &nbsp;","og_url":"https:\/\/www.veltec.eu\/nl\/product\/kirby-koppelsteun-voor-schakelaar-nl3062\/","og_site_name":"Veltec Kirby specialist","article_publisher":"https:\/\/www.facebook.com\/Veltec-Kirby-Specialist-236746293374877\/","article_modified_time":"2025-03-28T09:59:11+00:00","og_image":[{"width":300,"height":300,"url":"https:\/\/www.veltec.eu\/wp-content\/uploads\/2018\/10\/kirby_koppelsteun_voor_schakelaar.jpg","type":"image\/jpeg"}],"twitter_card":"summary_large_image","twitter_misc":{"Dur\u00e9e de lecture estim\u00e9e":"3 minutes"},"schema":{"@context":"https:\/\/schema.org","@graph":[{"@type":"WebPage","@id":"https:\/\/www.veltec.eu\/nl\/product\/kirby-koppelsteun-voor-schakelaar-nl3062\/","url":"https:\/\/www.veltec.eu\/nl\/product\/kirby-koppelsteun-voor-schakelaar-nl3062\/","name":"Connecteur pour interrupteur Kirby - Veltec Kirby specialist","isPartOf":{"@id":"https:\/\/www.veltec.eu\/en\/#website"},"primaryImageOfPage":{"@id":"https:\/\/www.veltec.eu\/nl\/product\/kirby-koppelsteun-voor-schakelaar-nl3062\/#primaryimage"},"image":{"@id":"https:\/\/www.veltec.eu\/nl\/product\/kirby-koppelsteun-voor-schakelaar-nl3062\/#primaryimage"},"thumbnailUrl":"https:\/\/www.veltec.eu\/wp-content\/uploads\/2018\/10\/kirby_koppelsteun_voor_schakelaar.jpg","datePublished":"2018-10-26T09:16:58+00:00","dateModified":"2025-03-28T09:59:11+00:00","description":"Connecteur pour interrupteur Kirby Veltec est le fournisseur des aspirateurs Kirby depuis plus de 25 ans. Et est votre sp\u00e9cialiste","breadcrumb":{"@id":"https:\/\/www.veltec.eu\/nl\/product\/kirby-koppelsteun-voor-schakelaar-nl3062\/#breadcrumb"},"inLanguage":"fr-FR","potentialAction":[{"@type":"ReadAction","target":["https:\/\/www.veltec.eu\/nl\/product\/kirby-koppelsteun-voor-schakelaar-nl3062\/"]}]},{"@type":"ImageObject","inLanguage":"fr-FR","@id":"https:\/\/www.veltec.eu\/nl\/product\/kirby-koppelsteun-voor-schakelaar-nl3062\/#primaryimage","url":"https:\/\/www.veltec.eu\/wp-content\/uploads\/2018\/10\/kirby_koppelsteun_voor_schakelaar.jpg","contentUrl":"https:\/\/www.veltec.eu\/wp-content\/uploads\/2018\/10\/kirby_koppelsteun_voor_schakelaar.jpg","width":300,"height":300},{"@type":"BreadcrumbList","@id":"https:\/\/www.veltec.eu\/nl\/product\/kirby-koppelsteun-voor-schakelaar-nl3062\/#breadcrumb","itemListElement":[{"@type":"ListItem","position":1,"name":"Home","item":"https:\/\/www.veltec.eu\/fr\/"},{"@type":"ListItem","position":2,"name":"Produits","item":"https:\/\/www.veltec.eu\/fr\/shop\/"},{"@type":"ListItem","position":3,"name":"Connecteur pour interrupteur Kirby"}]},{"@type":"WebSite","@id":"https:\/\/www.veltec.eu\/en\/#website","url":"https:\/\/www.veltec.eu\/en\/","name":"Veltec Kirby specialist","description":"Kirby stofzuiger producten","publisher":{"@id":"https:\/\/www.veltec.eu\/en\/#organization"},"potentialAction":[{"@type":"SearchAction","target":{"@type":"EntryPoint","urlTemplate":"https:\/\/www.veltec.eu\/en\/?s={search_term_string}"},"query-input":{"@type":"PropertyValueSpecification","valueRequired":true,"valueName":"search_term_string"}}],"inLanguage":"fr-FR"},{"@type":"Organization","@id":"https:\/\/www.veltec.eu\/en\/#organization","name":"Veltec Kirby Specialist","url":"https:\/\/www.veltec.eu\/en\/","logo":{"@type":"ImageObject","inLanguage":"fr-FR","@id":"https:\/\/www.veltec.eu\/en\/#\/schema\/logo\/image\/","url":"https:\/\/www.veltec.eu\/wp-content\/uploads\/2021\/12\/Veltec-log-groot-e1537260889125.png","contentUrl":"https:\/\/www.veltec.eu\/wp-content\/uploads\/2021\/12\/Veltec-log-groot-e1537260889125.png","width":200,"height":60,"caption":"Veltec Kirby Specialist"},"image":{"@id":"https:\/\/www.veltec.eu\/en\/#\/schema\/logo\/image\/"},"sameAs":["https:\/\/www.facebook.com\/Veltec-Kirby-Specialist-236746293374877\/","https:\/\/www.youtube.com\/user\/VeltecService"]}]}},"_links":{"self":[{"href":"https:\/\/www.veltec.eu\/fr\/wp-json\/wp\/v2\/product\/10819","targetHints":{"allow":["GET"]}}],"collection":[{"href":"https:\/\/www.veltec.eu\/fr\/wp-json\/wp\/v2\/product"}],"about":[{"href":"https:\/\/www.veltec.eu\/fr\/wp-json\/wp\/v2\/types\/product"}],"replies":[{"embeddable":true,"href":"https:\/\/www.veltec.eu\/fr\/wp-json\/wp\/v2\/comments?post=10819"}],"wp:featuredmedia":[{"embeddable":true,"href":"https:\/\/www.veltec.eu\/fr\/wp-json\/wp\/v2\/media\/8382"}],"wp:attachment":[{"href":"https:\/\/www.veltec.eu\/fr\/wp-json\/wp\/v2\/media?parent=10819"}],"wp:term":[{"taxonomy":"product_brand","embeddable":true,"href":"https:\/\/www.veltec.eu\/fr\/wp-json\/wp\/v2\/product_brand?post=10819"},{"taxonomy":"product_cat","embeddable":true,"href":"https:\/\/www.veltec.eu\/fr\/wp-json\/wp\/v2\/product_cat?post=10819"},{"taxonomy":"product_tag","embeddable":true,"href":"https:\/\/www.veltec.eu\/fr\/wp-json\/wp\/v2\/product_tag?post=10819"}],"curies":[{"name":"wp","href":"https:\/\/api.w.org\/{rel}","templated":true}]}}