{"id":10814,"date":"2018-10-26T11:21:34","date_gmt":"2018-10-26T09:21:34","guid":{"rendered":"https:\/\/www.veltec.eu\/kirby-webshop\/interrupteur-dentrainement-de-roues-arriere-nl3000\/"},"modified":"2025-11-11T22:19:13","modified_gmt":"2025-11-11T20:19:13","slug":"interrupteur-dentrainement-de-roues-arriere-kirby-nl3000","status":"publish","type":"product","link":"https:\/\/www.veltec.eu\/fr\/product\/interrupteur-dentrainement-de-roues-arriere-kirby-nl3000\/","title":{"rendered":"Interrupteur d&#8217;entra\u00eenement de roues arri\u00e8re Kirby"},"content":{"rendered":"<h1>Interrupteur d&#8217;entra\u00eenement de roues arri\u00e8re Kirby<\/h1>\n<p>Interrupteur d&#8217;entra\u00eenement de roues arri\u00e8re Kirby.<\/p>\n<p><strong>Cet interrupteur est universel et convient \u00e0 tous les aspirateurs Kirby ;<\/strong><\/p>\n<ul>\n<li>Avalir Platinum<\/li>\n<li>Avalir 2<\/li>\n<li>Avalir 1<\/li>\n<li>Sentria 2 (G10D)<\/li>\n<li>Sentria 1 (G10)<\/li>\n<li>Ultimate G Diamond Ed.(G7D or DE)<\/li>\n<li>Ultimate G (G7 or UG)<\/li>\n<li>Generation 6 (G6)<\/li>\n<li>Generation 5 (G5)<\/li>\n<li>Generation 4 (G4)<\/li>\n<li>Generation 3 (G3)<\/li>\n<\/ul>\n<h2>Commutateur d&#8217;entra\u00eenement des roues arri\u00e8re pour aspirateurs Kirby &#8211; Universel et indispensable<\/h2>\n<p>Vous \u00eates \u00e0 la recherche d&#8217;un interrupteur de remplacement pour votre aspirateur Kirby ? Ce m\u00e9canisme de commutation essentiel permet \u00e0 votre aspirateur de passer en douceur du mode neutre au mode propulsion. Lorsque ce commutateur tombe en panne ou se d\u00e9tache, la seule solution est de le remplacer. Heureusement, ce commutateur est universel et convient \u00e0 tous les mod\u00e8les Kirby.<\/p>\n<p><a href=\"https:\/\/www.veltec.eu\/fr\/?page_id=58979\">Vous trouverez ici tous les commutateurs d&#8217;entra\u00eenement arri\u00e8re de Kirby.<\/a><\/p>\n<h3>Pourquoi votre Kirby a-t-il besoin d&#8217;un nouveau commutateur de transmission arri\u00e8re ?<\/h3>\n<p>L&#8217;entra\u00eenement de la roue arri\u00e8re de votre aspirateur Kirby garantit un d\u00e9placement sans effort pendant l&#8217;aspiration. L&#8217;interrupteur est un petit \u00e9l\u00e9ment crucial qui permet de mettre l&#8217;entra\u00eenement au point mort ou de le d\u00e9sactiver. S&#8217;il se desserre ou s&#8217;use, l&#8217;entra\u00eenement ne fonctionne plus correctement. Cela peut entra\u00eener une baisse des performances et une diminution de l&#8217;efficacit\u00e9 de l&#8217;aspirateur. Comme ce commutateur n&#8217;est pas r\u00e9parable, remplacez-le d\u00e8s que vous remarquez que votre aspirateur a du mal \u00e0 se d\u00e9placer.<\/p>\n<h3>Universel et adapt\u00e9 \u00e0 tous les mod\u00e8les Kirby<\/h3>\n<p>Cet interrupteur est con\u00e7u pour s&#8217;adapter parfaitement \u00e0 tous les mod\u00e8les d&#8217;aspirateurs Kirby. Vous n&#8217;avez donc pas \u00e0 vous soucier de la compatibilit\u00e9. Que vous ayez un mod\u00e8le plus ancien ou plus r\u00e9cent, cet interrupteur fournit la solution dont vous avez besoin pour que votre aspirateur fonctionne \u00e0 nouveau sans probl\u00e8me.<\/p>\n<h3>Installation facile et imm\u00e9diatement pr\u00eate \u00e0 l&#8217;emploi<\/h3>\n<p>L&#8217;un des grands avantages de cet interrupteur est qu&#8217;il est facile \u00e0 installer. Avec un minimum de connaissances techniques, vous pouvez remplacer ce commutateur vous-m\u00eame, \u00e9vitant ainsi des co\u00fbts de r\u00e9paration \u00e9lev\u00e9s. En quelques minutes, votre aspirateur Kirby sera \u00e0 nouveau pr\u00eat \u00e0 l&#8217;emploi.<\/p>\n<h3>Commandez d\u00e8s aujourd&#8217;hui votre Interrupteur d&#8217;entra\u00eenement de roues arri\u00e8re Kirby<\/h3>\n<p>N&#8217;attendez plus pour r\u00e9parer votre aspirateur Kirby. Commandez d\u00e8s aujourd&#8217;hui ce commutateur universel d&#8217;entra\u00eenement des roues arri\u00e8re et profitez \u00e0 nouveau d&#8217;un aspirateur qui fonctionne en douceur. Avec une livraison rapide et une compatibilit\u00e9 garantie, c&#8217;est la solution id\u00e9ale pour tous les mod\u00e8les Kirby !<\/p>\n","protected":false},"excerpt":{"rendered":"<p>Interrupteur pour entra\u00eenement de roues arri\u00e8re.<\/p>\n[trustindex data-widget-id=e3bb80b24fa128098b960fc2439]\n<h3><span style=\"color: #008000;\"><br \/>\nEn stock<\/span><\/h3>\n[av_font_icon icon='ue812' font='entypo-fontello' style='' caption='' size='25px' position='left' color='#43ad66' link='' linktarget='' title_attr='' sonar_effect_effect='' sonar_effect_color='' sonar_effect_duration='1' sonar_effect_scale='' sonar_effect_opac='0.5' animation='' id='' custom_class='' template_class='' av_uid='' sc_version='1.0' admin_preview_bg=''][\/av_font_icon]\n<p><span style=\"color: #008000;\">Command\u00e9 23:59, exp\u00e9di\u00e9 demain<\/span><\/p>\n<p>&nbsp;<\/p>\n","protected":false},"featured_media":90515,"comment_status":"open","ping_status":"closed","template":"","meta":{"_acf_changed":false},"product_brand":[],"product_cat":[329],"product_tag":[],"class_list":{"0":"post-10814","1":"product","2":"type-product","3":"status-publish","4":"has-post-thumbnail","6":"product_cat-kirby-transmission-arriere-et-accessoires","7":"product_shipping_class-klein-de-fr","9":"first","10":"instock","11":"taxable","12":"shipping-taxable","13":"purchasable","14":"product-type-simple"},"acf":[],"yoast_head":"<!-- This site is optimized with the Yoast SEO Premium plugin v27.1 (Yoast SEO v27.5) - https:\/\/yoast.com\/product\/yoast-seo-premium-wordpress\/ -->\n<title>Interrupteur d&#039;entra\u00eenement de roues arri\u00e8re Kirby - Veltec Kirby specialist<\/title>\n<meta name=\"description\" content=\"Interrupteur d&#039;entra\u00eenement de roues arri\u00e8re Kirby Veltec est le fournisseur des aspirateurs Kirby depuis plus de 25 ans.\" \/>\n<meta name=\"robots\" content=\"index, follow, max-snippet:-1, max-image-preview:large, max-video-preview:-1\" \/>\n<link rel=\"canonical\" href=\"https:\/\/www.veltec.eu\/fr\/product\/interrupteur-dentrainement-de-roues-arriere-kirby-nl3000\/\" \/>\n<meta property=\"og:locale\" content=\"fr_FR\" \/>\n<meta property=\"og:type\" content=\"article\" \/>\n<meta property=\"og:title\" content=\"Interrupteur d&#039;entra\u00eenement de roues arri\u00e8re Kirby\" \/>\n<meta property=\"og:description\" content=\"Interrupteur pour entra\u00eenement de roues arri\u00e8re.    En stock   Command\u00e9 23:59, exp\u00e9di\u00e9 demain  &nbsp;\" \/>\n<meta property=\"og:url\" content=\"https:\/\/www.veltec.eu\/fr\/product\/interrupteur-dentrainement-de-roues-arriere-kirby-nl3000\/\" \/>\n<meta property=\"og:site_name\" content=\"Veltec Kirby specialist\" \/>\n<meta property=\"article:publisher\" content=\"https:\/\/www.facebook.com\/Veltec-Kirby-Specialist-236746293374877\/\" \/>\n<meta property=\"article:modified_time\" content=\"2025-11-11T20:19:13+00:00\" \/>\n<meta property=\"og:image\" content=\"https:\/\/www.veltec.eu\/wp-content\/uploads\/2018\/10\/achterwielaandrijving_schakelaar.jpg\" \/>\n\t<meta property=\"og:image:width\" content=\"300\" \/>\n\t<meta property=\"og:image:height\" content=\"300\" \/>\n\t<meta property=\"og:image:type\" content=\"image\/jpeg\" \/>\n<meta name=\"twitter:card\" content=\"summary_large_image\" \/>\n<meta name=\"twitter:label1\" content=\"Dur\u00e9e de lecture estim\u00e9e\" \/>\n\t<meta name=\"twitter:data1\" content=\"2 minutes\" \/>\n<script type=\"application\/ld+json\" class=\"yoast-schema-graph\">{\"@context\":\"https:\\\/\\\/schema.org\",\"@graph\":[{\"@type\":\"WebPage\",\"@id\":\"https:\\\/\\\/www.veltec.eu\\\/fr\\\/product\\\/interrupteur-dentrainement-de-roues-arriere-kirby-nl3000\\\/\",\"url\":\"https:\\\/\\\/www.veltec.eu\\\/fr\\\/product\\\/interrupteur-dentrainement-de-roues-arriere-kirby-nl3000\\\/\",\"name\":\"Interrupteur d'entra\u00eenement de roues arri\u00e8re Kirby - Veltec Kirby specialist\",\"isPartOf\":{\"@id\":\"https:\\\/\\\/www.veltec.eu\\\/en\\\/#website\"},\"primaryImageOfPage\":{\"@id\":\"https:\\\/\\\/www.veltec.eu\\\/fr\\\/product\\\/interrupteur-dentrainement-de-roues-arriere-kirby-nl3000\\\/#primaryimage\"},\"image\":{\"@id\":\"https:\\\/\\\/www.veltec.eu\\\/fr\\\/product\\\/interrupteur-dentrainement-de-roues-arriere-kirby-nl3000\\\/#primaryimage\"},\"thumbnailUrl\":\"https:\\\/\\\/www.veltec.eu\\\/wp-content\\\/uploads\\\/2018\\\/10\\\/Kirby-achterwielschakelaar1.jpg\",\"datePublished\":\"2018-10-26T09:21:34+00:00\",\"dateModified\":\"2025-11-11T20:19:13+00:00\",\"description\":\"Interrupteur d'entra\u00eenement de roues arri\u00e8re Kirby Veltec est le fournisseur des aspirateurs Kirby depuis plus de 25 ans.\",\"breadcrumb\":{\"@id\":\"https:\\\/\\\/www.veltec.eu\\\/fr\\\/product\\\/interrupteur-dentrainement-de-roues-arriere-kirby-nl3000\\\/#breadcrumb\"},\"inLanguage\":\"fr-FR\",\"potentialAction\":[{\"@type\":\"ReadAction\",\"target\":[\"https:\\\/\\\/www.veltec.eu\\\/fr\\\/product\\\/interrupteur-dentrainement-de-roues-arriere-kirby-nl3000\\\/\"]}]},{\"@type\":\"ImageObject\",\"inLanguage\":\"fr-FR\",\"@id\":\"https:\\\/\\\/www.veltec.eu\\\/fr\\\/product\\\/interrupteur-dentrainement-de-roues-arriere-kirby-nl3000\\\/#primaryimage\",\"url\":\"https:\\\/\\\/www.veltec.eu\\\/wp-content\\\/uploads\\\/2018\\\/10\\\/Kirby-achterwielschakelaar1.jpg\",\"contentUrl\":\"https:\\\/\\\/www.veltec.eu\\\/wp-content\\\/uploads\\\/2018\\\/10\\\/Kirby-achterwielschakelaar1.jpg\",\"width\":600,\"height\":600},{\"@type\":\"BreadcrumbList\",\"@id\":\"https:\\\/\\\/www.veltec.eu\\\/fr\\\/product\\\/interrupteur-dentrainement-de-roues-arriere-kirby-nl3000\\\/#breadcrumb\",\"itemListElement\":[{\"@type\":\"ListItem\",\"position\":1,\"name\":\"Home\",\"item\":\"https:\\\/\\\/www.veltec.eu\\\/fr\\\/accueil\\\/\"},{\"@type\":\"ListItem\",\"position\":2,\"name\":\"Boutique Kirby\",\"item\":\"https:\\\/\\\/www.veltec.eu\\\/fr\\\/boutique-kirby\\\/\"},{\"@type\":\"ListItem\",\"position\":3,\"name\":\"Interrupteur d&#8217;entra\u00eenement de roues arri\u00e8re Kirby\"}]},{\"@type\":\"WebSite\",\"@id\":\"https:\\\/\\\/www.veltec.eu\\\/en\\\/#website\",\"url\":\"https:\\\/\\\/www.veltec.eu\\\/en\\\/\",\"name\":\"Veltec Kirby specialist\",\"description\":\"Kirby stofzuiger producten\",\"publisher\":{\"@id\":\"https:\\\/\\\/www.veltec.eu\\\/en\\\/#organization\"},\"potentialAction\":[{\"@type\":\"SearchAction\",\"target\":{\"@type\":\"EntryPoint\",\"urlTemplate\":\"https:\\\/\\\/www.veltec.eu\\\/en\\\/?s={search_term_string}\"},\"query-input\":{\"@type\":\"PropertyValueSpecification\",\"valueRequired\":true,\"valueName\":\"search_term_string\"}}],\"inLanguage\":\"fr-FR\"},{\"@type\":\"Organization\",\"@id\":\"https:\\\/\\\/www.veltec.eu\\\/en\\\/#organization\",\"name\":\"Veltec Kirby Specialist\",\"url\":\"https:\\\/\\\/www.veltec.eu\\\/en\\\/\",\"logo\":{\"@type\":\"ImageObject\",\"inLanguage\":\"fr-FR\",\"@id\":\"https:\\\/\\\/www.veltec.eu\\\/en\\\/#\\\/schema\\\/logo\\\/image\\\/\",\"url\":\"https:\\\/\\\/www.veltec.eu\\\/wp-content\\\/uploads\\\/2021\\\/12\\\/Veltec-log-groot-e1537260889125.png\",\"contentUrl\":\"https:\\\/\\\/www.veltec.eu\\\/wp-content\\\/uploads\\\/2021\\\/12\\\/Veltec-log-groot-e1537260889125.png\",\"width\":200,\"height\":60,\"caption\":\"Veltec Kirby Specialist\"},\"image\":{\"@id\":\"https:\\\/\\\/www.veltec.eu\\\/en\\\/#\\\/schema\\\/logo\\\/image\\\/\"},\"sameAs\":[\"https:\\\/\\\/www.facebook.com\\\/Veltec-Kirby-Specialist-236746293374877\\\/\",\"https:\\\/\\\/www.youtube.com\\\/user\\\/VeltecService\"]}]}<\/script>\n<!-- \/ Yoast SEO Premium plugin. -->","yoast_head_json":{"title":"Interrupteur d'entra\u00eenement de roues arri\u00e8re Kirby - Veltec Kirby specialist","description":"Interrupteur d'entra\u00eenement de roues arri\u00e8re Kirby Veltec est le fournisseur des aspirateurs Kirby depuis plus de 25 ans.","robots":{"index":"index","follow":"follow","max-snippet":"max-snippet:-1","max-image-preview":"max-image-preview:large","max-video-preview":"max-video-preview:-1"},"canonical":"https:\/\/www.veltec.eu\/fr\/product\/interrupteur-dentrainement-de-roues-arriere-kirby-nl3000\/","og_locale":"fr_FR","og_type":"article","og_title":"Interrupteur d'entra\u00eenement de roues arri\u00e8re Kirby","og_description":"Interrupteur pour entra\u00eenement de roues arri\u00e8re.    En stock   Command\u00e9 23:59, exp\u00e9di\u00e9 demain  &nbsp;","og_url":"https:\/\/www.veltec.eu\/fr\/product\/interrupteur-dentrainement-de-roues-arriere-kirby-nl3000\/","og_site_name":"Veltec Kirby specialist","article_publisher":"https:\/\/www.facebook.com\/Veltec-Kirby-Specialist-236746293374877\/","article_modified_time":"2025-11-11T20:19:13+00:00","og_image":[{"width":300,"height":300,"url":"https:\/\/www.veltec.eu\/wp-content\/uploads\/2018\/10\/achterwielaandrijving_schakelaar.jpg","type":"image\/jpeg"}],"twitter_card":"summary_large_image","twitter_misc":{"Dur\u00e9e de lecture estim\u00e9e":"2 minutes"},"schema":{"@context":"https:\/\/schema.org","@graph":[{"@type":"WebPage","@id":"https:\/\/www.veltec.eu\/fr\/product\/interrupteur-dentrainement-de-roues-arriere-kirby-nl3000\/","url":"https:\/\/www.veltec.eu\/fr\/product\/interrupteur-dentrainement-de-roues-arriere-kirby-nl3000\/","name":"Interrupteur d'entra\u00eenement de roues arri\u00e8re Kirby - Veltec Kirby specialist","isPartOf":{"@id":"https:\/\/www.veltec.eu\/en\/#website"},"primaryImageOfPage":{"@id":"https:\/\/www.veltec.eu\/fr\/product\/interrupteur-dentrainement-de-roues-arriere-kirby-nl3000\/#primaryimage"},"image":{"@id":"https:\/\/www.veltec.eu\/fr\/product\/interrupteur-dentrainement-de-roues-arriere-kirby-nl3000\/#primaryimage"},"thumbnailUrl":"https:\/\/www.veltec.eu\/wp-content\/uploads\/2018\/10\/Kirby-achterwielschakelaar1.jpg","datePublished":"2018-10-26T09:21:34+00:00","dateModified":"2025-11-11T20:19:13+00:00","description":"Interrupteur d'entra\u00eenement de roues arri\u00e8re Kirby Veltec est le fournisseur des aspirateurs Kirby depuis plus de 25 ans.","breadcrumb":{"@id":"https:\/\/www.veltec.eu\/fr\/product\/interrupteur-dentrainement-de-roues-arriere-kirby-nl3000\/#breadcrumb"},"inLanguage":"fr-FR","potentialAction":[{"@type":"ReadAction","target":["https:\/\/www.veltec.eu\/fr\/product\/interrupteur-dentrainement-de-roues-arriere-kirby-nl3000\/"]}]},{"@type":"ImageObject","inLanguage":"fr-FR","@id":"https:\/\/www.veltec.eu\/fr\/product\/interrupteur-dentrainement-de-roues-arriere-kirby-nl3000\/#primaryimage","url":"https:\/\/www.veltec.eu\/wp-content\/uploads\/2018\/10\/Kirby-achterwielschakelaar1.jpg","contentUrl":"https:\/\/www.veltec.eu\/wp-content\/uploads\/2018\/10\/Kirby-achterwielschakelaar1.jpg","width":600,"height":600},{"@type":"BreadcrumbList","@id":"https:\/\/www.veltec.eu\/fr\/product\/interrupteur-dentrainement-de-roues-arriere-kirby-nl3000\/#breadcrumb","itemListElement":[{"@type":"ListItem","position":1,"name":"Home","item":"https:\/\/www.veltec.eu\/fr\/accueil\/"},{"@type":"ListItem","position":2,"name":"Boutique Kirby","item":"https:\/\/www.veltec.eu\/fr\/boutique-kirby\/"},{"@type":"ListItem","position":3,"name":"Interrupteur d&#8217;entra\u00eenement de roues arri\u00e8re Kirby"}]},{"@type":"WebSite","@id":"https:\/\/www.veltec.eu\/en\/#website","url":"https:\/\/www.veltec.eu\/en\/","name":"Veltec Kirby specialist","description":"Kirby stofzuiger producten","publisher":{"@id":"https:\/\/www.veltec.eu\/en\/#organization"},"potentialAction":[{"@type":"SearchAction","target":{"@type":"EntryPoint","urlTemplate":"https:\/\/www.veltec.eu\/en\/?s={search_term_string}"},"query-input":{"@type":"PropertyValueSpecification","valueRequired":true,"valueName":"search_term_string"}}],"inLanguage":"fr-FR"},{"@type":"Organization","@id":"https:\/\/www.veltec.eu\/en\/#organization","name":"Veltec Kirby Specialist","url":"https:\/\/www.veltec.eu\/en\/","logo":{"@type":"ImageObject","inLanguage":"fr-FR","@id":"https:\/\/www.veltec.eu\/en\/#\/schema\/logo\/image\/","url":"https:\/\/www.veltec.eu\/wp-content\/uploads\/2021\/12\/Veltec-log-groot-e1537260889125.png","contentUrl":"https:\/\/www.veltec.eu\/wp-content\/uploads\/2021\/12\/Veltec-log-groot-e1537260889125.png","width":200,"height":60,"caption":"Veltec Kirby Specialist"},"image":{"@id":"https:\/\/www.veltec.eu\/en\/#\/schema\/logo\/image\/"},"sameAs":["https:\/\/www.facebook.com\/Veltec-Kirby-Specialist-236746293374877\/","https:\/\/www.youtube.com\/user\/VeltecService"]}]}},"_links":{"self":[{"href":"https:\/\/www.veltec.eu\/fr\/wp-json\/wp\/v2\/product\/10814","targetHints":{"allow":["GET"]}}],"collection":[{"href":"https:\/\/www.veltec.eu\/fr\/wp-json\/wp\/v2\/product"}],"about":[{"href":"https:\/\/www.veltec.eu\/fr\/wp-json\/wp\/v2\/types\/product"}],"replies":[{"embeddable":true,"href":"https:\/\/www.veltec.eu\/fr\/wp-json\/wp\/v2\/comments?post=10814"}],"wp:featuredmedia":[{"embeddable":true,"href":"https:\/\/www.veltec.eu\/fr\/wp-json\/wp\/v2\/media\/90515"}],"wp:attachment":[{"href":"https:\/\/www.veltec.eu\/fr\/wp-json\/wp\/v2\/media?parent=10814"}],"wp:term":[{"taxonomy":"product_brand","embeddable":true,"href":"https:\/\/www.veltec.eu\/fr\/wp-json\/wp\/v2\/product_brand?post=10814"},{"taxonomy":"product_cat","embeddable":true,"href":"https:\/\/www.veltec.eu\/fr\/wp-json\/wp\/v2\/product_cat?post=10814"},{"taxonomy":"product_tag","embeddable":true,"href":"https:\/\/www.veltec.eu\/fr\/wp-json\/wp\/v2\/product_tag?post=10814"}],"curies":[{"name":"wp","href":"https:\/\/api.w.org\/{rel}","templated":true}]}}