{"id":10799,"date":"2018-10-26T12:19:46","date_gmt":"2018-10-26T10:19:46","guid":{"rendered":"https:\/\/www.veltec.eu\/kirby-webshop\/kirby-turbo-accessoires-systeem-motor-unit\/"},"modified":"2025-04-14T16:34:22","modified_gmt":"2025-04-14T14:34:22","slug":"systeme-de-turbo-accessoires-bloc-moteur-kirby","status":"publish","type":"product","link":"https:\/\/www.veltec.eu\/fr\/product\/systeme-de-turbo-accessoires-bloc-moteur-kirby\/","title":{"rendered":"Syst\u00e8me de Turbo Accessoires bloc moteur Kirby"},"content":{"rendered":"<h2>Syst\u00e8me de Turbo Accessories bloc moteur Kirby &#8211; Puissant, polyvalent et universel<\/h2>\n<p>Vous \u00eates \u00e0 la recherche d&#8217;une extension puissante pour votre aspirateur Kirby ? Le Syst\u00e8me de Turbo Accessories bloc moteur Kirby est exactement ce qu&#8217;il vous faut. Ce bloc moteur est sp\u00e9cialement con\u00e7u pour \u00eatre la force motrice du Syst\u00e8me de Turbo Accessoires Kirby. Bien qu&#8217;il ne s&#8217;agisse que de la partie moteur, ce bloc permet d&#8217;effectuer plusieurs t\u00e2ches sp\u00e9cialis\u00e9es telles que le pon\u00e7age, le brossage, le polissage et m\u00eame le massage.<\/p>\n<p>Gr\u00e2ce \u00e0 sa conception bien pens\u00e9e, cette unit\u00e9 moteur est compatible avec tous les <a href=\"https:\/\/www.veltec.eu\/fr\/aspirateurs-kirby\/\">aspirateurs Kirby<\/a>, quel que soit le mod\u00e8le. Vous n&#8217;aurez donc jamais \u00e0 vous soucier de l&#8217;adaptation ou de la connexion, ce qui constitue d&#8217;embl\u00e9e un avantage consid\u00e9rable par rapport \u00e0 d&#8217;autres marques.<\/p>\n<p><strong>Ce syst\u00e8me d&#8217;accessoires Turbo est universel et convient \u00e0 tous les aspirateurs Kirby ;<\/strong><\/p>\n<ul>\n<li>Avalir Platinum<\/li>\n<li>Avalir 2<\/li>\n<li>Avalir 1<\/li>\n<li>Sentria 2 (G10D)<\/li>\n<li>Sentria 1 (G10)<\/li>\n<li>Ultimate G Diamond Ed.(G7D or DE)<\/li>\n<li>Ultimate G (G7 or UG)<\/li>\n<li>Generation 6 (G6)<\/li>\n<li>Generation 5 (G5)<\/li>\n<li>Generation 4 (G4)<\/li>\n<li>Generation 3 (G3)<\/li>\n<\/ul>\n<p><a href=\"https:\/\/www.veltec.eu\/fr\/accessoires-kirby-turbo\/\">Vous trouverez ici tous les Accessoires Turbo Kirby<\/a><\/p>\n<h2>Qu&#8217;est-ce qui rend le Syst\u00e8me de Turbo Accessories bloc moteur Kirby si sp\u00e9cial ?<\/h2>\n<h3>Compact mais extr\u00eamement puissant<\/h3>\n<p>Bien qu&#8217;\u00e0 premi\u00e8re vue, il s&#8217;agisse d&#8217;un composant compact, ce bloc moteur d\u00e9livre une puissance surprenante. Vous pouvez ainsi effectuer sans probl\u00e8me les travaux les plus intensifs. Que vous souhaitiez polir des sols en bois, frotter des carreaux encrass\u00e9s ou vous offrir un massage relaxant, cet appareil fournit la puissance n\u00e9cessaire.<\/p>\n<p>En outre, il est bon de savoir que ce moteur est sp\u00e9cialement adapt\u00e9 aux autres accessoires du syst\u00e8me Kirby Turbo. Ainsi, tout fonctionne ensemble d&#8217;une mani\u00e8re \u00e0 la fois efficace et s\u00fbre.<\/p>\n<h3>Quatre applications dans un seul module puissant<\/h3>\n<p>Ce qui distingue vraiment ce produit, c&#8217;est sa polyvalence. L&#8217;unit\u00e9 moteur convient pour :<\/p>\n<ul>\n<li>Poncer le bois ou d&#8217;autres surfaces.<\/li>\n<li>R\u00e9curer les salissures tenaces sur les sols ou les carrelages.<\/li>\n<li>Polir le bois, la pierre naturelle ou d&#8217;autres surfaces lisses.<\/li>\n<li>Massage &#8211; en utilisant l&#8217;accessoire appropri\u00e9, vous pouvez m\u00eame d\u00e9tendre les muscles.<\/li>\n<\/ul>\n<p>Gr\u00e2ce \u00e0 ces fonctions, l&#8217;unit\u00e9 motrice Kirby Turbo est un compl\u00e9ment indispensable pour un usage domestique et semi-professionnel. De plus, il vous permet d&#8217;\u00e9conomiser du temps et des efforts, car vous ne devez pas changer d&#8217;appareil \u00e0 chaque fois.<\/p>\n<h2>Compatibilit\u00e9 universelle pour une utilisation sans souci<\/h2>\n<p>La compatibilit\u00e9 universelle est un autre grand avantage. L&#8217;unit\u00e9 moteur peut \u00eatre utilis\u00e9e avec tous les <a href=\"https:\/\/www.veltec.eu\/fr\/aspirateurs-kirby\/\">aspirateurs Kirby<\/a>, des anciens mod\u00e8les aux nouvelles g\u00e9n\u00e9rations. Il n&#8217;est donc pas n\u00e9cessaire d&#8217;acheter un nouvel aspirateur pour utiliser ce syst\u00e8me.<\/p>\n<p>De plus, la simplicit\u00e9 du branchement vous permet de d\u00e9marrer imm\u00e9diatement. Pas de manuels compliqu\u00e9s, pas de connaissances techniques requises &#8211; il suffit de brancher et de jouer.<\/p>\n<h2>Pourquoi choisir le Syst\u00e8me de Turbo Accessoires bloc moteur Kirby ?<\/h2>\n<p>Si vous recherchez un bloc moteur durable, puissant et polyvalent, ce produit est la solution id\u00e9ale. Vous b\u00e9n\u00e9ficierez des avantages suivants :<\/p>\n<ul>\n<li>Utilisation polyvalente pour diff\u00e9rents travaux.<\/li>\n<li>Compatibilit\u00e9 avec tous les aspirateurs Kirby.<\/li>\n<li>Gain de temps et facilit\u00e9 d&#8217;utilisation.<\/li>\n<li>Un r\u00e9sultat professionnel, chez vous.<\/li>\n<\/ul>\n<p>Vous souhaitez transformer votre aspirateur Kirby en un appareil multifonctionnel ? Alors ce Syst\u00e8me de Turbo Accessoires bloc moteur Kirby est sans aucun doute le choix le plus judicieux.<\/p>\n","protected":false},"excerpt":{"rendered":"<p>Syst\u00e8me de Turbo Accessoires bloc moteur.<\/p>\n[trustindex data-widget-id=e3bb80b24fa128098b960fc2439]\n<h3><span style=\"color: #008000;\"><br \/>\nEn stock<\/span><\/h3>\n[av_font_icon icon='ue812' font='entypo-fontello' style='' caption='' size='25px' position='left' color='#43ad66' link='' linktarget='' title_attr='' sonar_effect_effect='' sonar_effect_color='' sonar_effect_duration='1' sonar_effect_scale='' sonar_effect_opac='0.5' animation='' id='' custom_class='' template_class='' av_uid='' sc_version='1.0' admin_preview_bg=''][\/av_font_icon]\n<p><span style=\"color: #008000;\">Command\u00e9 23:59, exp\u00e9di\u00e9 demain<\/span><\/p>\n<p>&nbsp;<\/p>\n","protected":false},"featured_media":8421,"comment_status":"open","ping_status":"closed","template":"","meta":[],"product_brand":[],"product_cat":[324],"product_tag":[],"class_list":{"0":"post-10799","1":"product","2":"type-product","3":"status-publish","4":"has-post-thumbnail","6":"product_cat-kirby-turbo-accessoires","7":"product_shipping_class-klein-de-fr","9":"first","10":"instock","11":"taxable","12":"shipping-taxable","13":"purchasable","14":"product-type-simple"},"yoast_head":"<!-- This site is optimized with the Yoast SEO Premium plugin v27.1 (Yoast SEO v27.4) - https:\/\/yoast.com\/product\/yoast-seo-premium-wordpress\/ -->\n<title>Syst\u00e8me de Turbo Accessoires bloc moteur Kirby - Veltec Kirby specialist<\/title>\n<meta name=\"description\" content=\"Syst\u00e8me de Turbo Accessoires bloc moteur Kirby - Veltec est le fournisseur des aspirateurs Kirby depuis plus de 25 ans. Pour repaires\" \/>\n<meta name=\"robots\" content=\"index, follow, max-snippet:-1, max-image-preview:large, max-video-preview:-1\" \/>\n<link rel=\"canonical\" href=\"https:\/\/www.veltec.eu\/nl\/product\/kirby-turbo-accessoires-systeem-motor-unit\/\" \/>\n<meta property=\"og:locale\" content=\"fr_FR\" \/>\n<meta property=\"og:type\" content=\"article\" \/>\n<meta property=\"og:title\" content=\"Syst\u00e8me de Turbo Accessoires bloc moteur Kirby\" \/>\n<meta property=\"og:description\" content=\"Syst\u00e8me de Turbo Accessoires bloc moteur.    En stock   Command\u00e9 23:59, exp\u00e9di\u00e9 demain  &nbsp;\" \/>\n<meta property=\"og:url\" content=\"https:\/\/www.veltec.eu\/nl\/product\/kirby-turbo-accessoires-systeem-motor-unit\/\" \/>\n<meta property=\"og:site_name\" content=\"Veltec Kirby specialist\" \/>\n<meta property=\"article:publisher\" content=\"https:\/\/www.facebook.com\/Veltec-Kirby-Specialist-236746293374877\/\" \/>\n<meta property=\"article:modified_time\" content=\"2025-04-14T14:34:22+00:00\" \/>\n<meta property=\"og:image\" content=\"https:\/\/www.veltec.eu\/wp-content\/uploads\/2018\/10\/dsc0592_1.jpg\" \/>\n\t<meta property=\"og:image:width\" content=\"300\" \/>\n\t<meta property=\"og:image:height\" content=\"300\" \/>\n\t<meta property=\"og:image:type\" content=\"image\/jpeg\" \/>\n<meta name=\"twitter:card\" content=\"summary_large_image\" \/>\n<meta name=\"twitter:label1\" content=\"Dur\u00e9e de lecture estim\u00e9e\" \/>\n\t<meta name=\"twitter:data1\" content=\"3 minutes\" \/>\n<script type=\"application\/ld+json\" class=\"yoast-schema-graph\">{\"@context\":\"https:\\\/\\\/schema.org\",\"@graph\":[{\"@type\":\"WebPage\",\"@id\":\"https:\\\/\\\/www.veltec.eu\\\/nl\\\/product\\\/kirby-turbo-accessoires-systeem-motor-unit\\\/\",\"url\":\"https:\\\/\\\/www.veltec.eu\\\/nl\\\/product\\\/kirby-turbo-accessoires-systeem-motor-unit\\\/\",\"name\":\"Syst\u00e8me de Turbo Accessoires bloc moteur Kirby - Veltec Kirby specialist\",\"isPartOf\":{\"@id\":\"https:\\\/\\\/www.veltec.eu\\\/en\\\/#website\"},\"primaryImageOfPage\":{\"@id\":\"https:\\\/\\\/www.veltec.eu\\\/nl\\\/product\\\/kirby-turbo-accessoires-systeem-motor-unit\\\/#primaryimage\"},\"image\":{\"@id\":\"https:\\\/\\\/www.veltec.eu\\\/nl\\\/product\\\/kirby-turbo-accessoires-systeem-motor-unit\\\/#primaryimage\"},\"thumbnailUrl\":\"https:\\\/\\\/www.veltec.eu\\\/wp-content\\\/uploads\\\/2018\\\/10\\\/dsc0592_1.jpg\",\"datePublished\":\"2018-10-26T10:19:46+00:00\",\"dateModified\":\"2025-04-14T14:34:22+00:00\",\"description\":\"Syst\u00e8me de Turbo Accessoires bloc moteur Kirby - Veltec est le fournisseur des aspirateurs Kirby depuis plus de 25 ans. Pour repaires\",\"breadcrumb\":{\"@id\":\"https:\\\/\\\/www.veltec.eu\\\/nl\\\/product\\\/kirby-turbo-accessoires-systeem-motor-unit\\\/#breadcrumb\"},\"inLanguage\":\"fr-FR\",\"potentialAction\":[{\"@type\":\"ReadAction\",\"target\":[\"https:\\\/\\\/www.veltec.eu\\\/nl\\\/product\\\/kirby-turbo-accessoires-systeem-motor-unit\\\/\"]}]},{\"@type\":\"ImageObject\",\"inLanguage\":\"fr-FR\",\"@id\":\"https:\\\/\\\/www.veltec.eu\\\/nl\\\/product\\\/kirby-turbo-accessoires-systeem-motor-unit\\\/#primaryimage\",\"url\":\"https:\\\/\\\/www.veltec.eu\\\/wp-content\\\/uploads\\\/2018\\\/10\\\/dsc0592_1.jpg\",\"contentUrl\":\"https:\\\/\\\/www.veltec.eu\\\/wp-content\\\/uploads\\\/2018\\\/10\\\/dsc0592_1.jpg\",\"width\":300,\"height\":300},{\"@type\":\"BreadcrumbList\",\"@id\":\"https:\\\/\\\/www.veltec.eu\\\/nl\\\/product\\\/kirby-turbo-accessoires-systeem-motor-unit\\\/#breadcrumb\",\"itemListElement\":[{\"@type\":\"ListItem\",\"position\":1,\"name\":\"Home\",\"item\":\"https:\\\/\\\/www.veltec.eu\\\/fr\\\/\"},{\"@type\":\"ListItem\",\"position\":2,\"name\":\"Produits\",\"item\":\"https:\\\/\\\/www.veltec.eu\\\/fr\\\/shop\\\/\"},{\"@type\":\"ListItem\",\"position\":3,\"name\":\"Syst\u00e8me de Turbo Accessoires bloc moteur Kirby\"}]},{\"@type\":\"WebSite\",\"@id\":\"https:\\\/\\\/www.veltec.eu\\\/en\\\/#website\",\"url\":\"https:\\\/\\\/www.veltec.eu\\\/en\\\/\",\"name\":\"Veltec Kirby specialist\",\"description\":\"Kirby stofzuiger producten\",\"publisher\":{\"@id\":\"https:\\\/\\\/www.veltec.eu\\\/en\\\/#organization\"},\"potentialAction\":[{\"@type\":\"SearchAction\",\"target\":{\"@type\":\"EntryPoint\",\"urlTemplate\":\"https:\\\/\\\/www.veltec.eu\\\/en\\\/?s={search_term_string}\"},\"query-input\":{\"@type\":\"PropertyValueSpecification\",\"valueRequired\":true,\"valueName\":\"search_term_string\"}}],\"inLanguage\":\"fr-FR\"},{\"@type\":\"Organization\",\"@id\":\"https:\\\/\\\/www.veltec.eu\\\/en\\\/#organization\",\"name\":\"Veltec Kirby Specialist\",\"url\":\"https:\\\/\\\/www.veltec.eu\\\/en\\\/\",\"logo\":{\"@type\":\"ImageObject\",\"inLanguage\":\"fr-FR\",\"@id\":\"https:\\\/\\\/www.veltec.eu\\\/en\\\/#\\\/schema\\\/logo\\\/image\\\/\",\"url\":\"https:\\\/\\\/www.veltec.eu\\\/wp-content\\\/uploads\\\/2021\\\/12\\\/Veltec-log-groot-e1537260889125.png\",\"contentUrl\":\"https:\\\/\\\/www.veltec.eu\\\/wp-content\\\/uploads\\\/2021\\\/12\\\/Veltec-log-groot-e1537260889125.png\",\"width\":200,\"height\":60,\"caption\":\"Veltec Kirby Specialist\"},\"image\":{\"@id\":\"https:\\\/\\\/www.veltec.eu\\\/en\\\/#\\\/schema\\\/logo\\\/image\\\/\"},\"sameAs\":[\"https:\\\/\\\/www.facebook.com\\\/Veltec-Kirby-Specialist-236746293374877\\\/\",\"https:\\\/\\\/www.youtube.com\\\/user\\\/VeltecService\"]}]}<\/script>\n<!-- \/ Yoast SEO Premium plugin. -->","yoast_head_json":{"title":"Syst\u00e8me de Turbo Accessoires bloc moteur Kirby - Veltec Kirby specialist","description":"Syst\u00e8me de Turbo Accessoires bloc moteur Kirby - Veltec est le fournisseur des aspirateurs Kirby depuis plus de 25 ans. Pour repaires","robots":{"index":"index","follow":"follow","max-snippet":"max-snippet:-1","max-image-preview":"max-image-preview:large","max-video-preview":"max-video-preview:-1"},"canonical":"https:\/\/www.veltec.eu\/nl\/product\/kirby-turbo-accessoires-systeem-motor-unit\/","og_locale":"fr_FR","og_type":"article","og_title":"Syst\u00e8me de Turbo Accessoires bloc moteur Kirby","og_description":"Syst\u00e8me de Turbo Accessoires bloc moteur.    En stock   Command\u00e9 23:59, exp\u00e9di\u00e9 demain  &nbsp;","og_url":"https:\/\/www.veltec.eu\/nl\/product\/kirby-turbo-accessoires-systeem-motor-unit\/","og_site_name":"Veltec Kirby specialist","article_publisher":"https:\/\/www.facebook.com\/Veltec-Kirby-Specialist-236746293374877\/","article_modified_time":"2025-04-14T14:34:22+00:00","og_image":[{"width":300,"height":300,"url":"https:\/\/www.veltec.eu\/wp-content\/uploads\/2018\/10\/dsc0592_1.jpg","type":"image\/jpeg"}],"twitter_card":"summary_large_image","twitter_misc":{"Dur\u00e9e de lecture estim\u00e9e":"3 minutes"},"schema":{"@context":"https:\/\/schema.org","@graph":[{"@type":"WebPage","@id":"https:\/\/www.veltec.eu\/nl\/product\/kirby-turbo-accessoires-systeem-motor-unit\/","url":"https:\/\/www.veltec.eu\/nl\/product\/kirby-turbo-accessoires-systeem-motor-unit\/","name":"Syst\u00e8me de Turbo Accessoires bloc moteur Kirby - Veltec Kirby specialist","isPartOf":{"@id":"https:\/\/www.veltec.eu\/en\/#website"},"primaryImageOfPage":{"@id":"https:\/\/www.veltec.eu\/nl\/product\/kirby-turbo-accessoires-systeem-motor-unit\/#primaryimage"},"image":{"@id":"https:\/\/www.veltec.eu\/nl\/product\/kirby-turbo-accessoires-systeem-motor-unit\/#primaryimage"},"thumbnailUrl":"https:\/\/www.veltec.eu\/wp-content\/uploads\/2018\/10\/dsc0592_1.jpg","datePublished":"2018-10-26T10:19:46+00:00","dateModified":"2025-04-14T14:34:22+00:00","description":"Syst\u00e8me de Turbo Accessoires bloc moteur Kirby - Veltec est le fournisseur des aspirateurs Kirby depuis plus de 25 ans. Pour repaires","breadcrumb":{"@id":"https:\/\/www.veltec.eu\/nl\/product\/kirby-turbo-accessoires-systeem-motor-unit\/#breadcrumb"},"inLanguage":"fr-FR","potentialAction":[{"@type":"ReadAction","target":["https:\/\/www.veltec.eu\/nl\/product\/kirby-turbo-accessoires-systeem-motor-unit\/"]}]},{"@type":"ImageObject","inLanguage":"fr-FR","@id":"https:\/\/www.veltec.eu\/nl\/product\/kirby-turbo-accessoires-systeem-motor-unit\/#primaryimage","url":"https:\/\/www.veltec.eu\/wp-content\/uploads\/2018\/10\/dsc0592_1.jpg","contentUrl":"https:\/\/www.veltec.eu\/wp-content\/uploads\/2018\/10\/dsc0592_1.jpg","width":300,"height":300},{"@type":"BreadcrumbList","@id":"https:\/\/www.veltec.eu\/nl\/product\/kirby-turbo-accessoires-systeem-motor-unit\/#breadcrumb","itemListElement":[{"@type":"ListItem","position":1,"name":"Home","item":"https:\/\/www.veltec.eu\/fr\/"},{"@type":"ListItem","position":2,"name":"Produits","item":"https:\/\/www.veltec.eu\/fr\/shop\/"},{"@type":"ListItem","position":3,"name":"Syst\u00e8me de Turbo Accessoires bloc moteur Kirby"}]},{"@type":"WebSite","@id":"https:\/\/www.veltec.eu\/en\/#website","url":"https:\/\/www.veltec.eu\/en\/","name":"Veltec Kirby specialist","description":"Kirby stofzuiger producten","publisher":{"@id":"https:\/\/www.veltec.eu\/en\/#organization"},"potentialAction":[{"@type":"SearchAction","target":{"@type":"EntryPoint","urlTemplate":"https:\/\/www.veltec.eu\/en\/?s={search_term_string}"},"query-input":{"@type":"PropertyValueSpecification","valueRequired":true,"valueName":"search_term_string"}}],"inLanguage":"fr-FR"},{"@type":"Organization","@id":"https:\/\/www.veltec.eu\/en\/#organization","name":"Veltec Kirby Specialist","url":"https:\/\/www.veltec.eu\/en\/","logo":{"@type":"ImageObject","inLanguage":"fr-FR","@id":"https:\/\/www.veltec.eu\/en\/#\/schema\/logo\/image\/","url":"https:\/\/www.veltec.eu\/wp-content\/uploads\/2021\/12\/Veltec-log-groot-e1537260889125.png","contentUrl":"https:\/\/www.veltec.eu\/wp-content\/uploads\/2021\/12\/Veltec-log-groot-e1537260889125.png","width":200,"height":60,"caption":"Veltec Kirby Specialist"},"image":{"@id":"https:\/\/www.veltec.eu\/en\/#\/schema\/logo\/image\/"},"sameAs":["https:\/\/www.facebook.com\/Veltec-Kirby-Specialist-236746293374877\/","https:\/\/www.youtube.com\/user\/VeltecService"]}]}},"_links":{"self":[{"href":"https:\/\/www.veltec.eu\/fr\/wp-json\/wp\/v2\/product\/10799","targetHints":{"allow":["GET"]}}],"collection":[{"href":"https:\/\/www.veltec.eu\/fr\/wp-json\/wp\/v2\/product"}],"about":[{"href":"https:\/\/www.veltec.eu\/fr\/wp-json\/wp\/v2\/types\/product"}],"replies":[{"embeddable":true,"href":"https:\/\/www.veltec.eu\/fr\/wp-json\/wp\/v2\/comments?post=10799"}],"wp:featuredmedia":[{"embeddable":true,"href":"https:\/\/www.veltec.eu\/fr\/wp-json\/wp\/v2\/media\/8421"}],"wp:attachment":[{"href":"https:\/\/www.veltec.eu\/fr\/wp-json\/wp\/v2\/media?parent=10799"}],"wp:term":[{"taxonomy":"product_brand","embeddable":true,"href":"https:\/\/www.veltec.eu\/fr\/wp-json\/wp\/v2\/product_brand?post=10799"},{"taxonomy":"product_cat","embeddable":true,"href":"https:\/\/www.veltec.eu\/fr\/wp-json\/wp\/v2\/product_cat?post=10799"},{"taxonomy":"product_tag","embeddable":true,"href":"https:\/\/www.veltec.eu\/fr\/wp-json\/wp\/v2\/product_tag?post=10799"}],"curies":[{"name":"wp","href":"https:\/\/api.w.org\/{rel}","templated":true}]}}