{"id":10794,"date":"2018-10-26T12:24:04","date_gmt":"2018-10-26T10:24:04","guid":{"rendered":"https:\/\/www.veltec.eu\/kirby-webshop\/kirby-turbo-accessoires-systeem-beschermkap\/"},"modified":"2025-04-14T15:34:29","modified_gmt":"2025-04-14T13:34:29","slug":"systeme-de-turbo-accessoires-housse-de-protection-kirby","status":"publish","type":"product","link":"https:\/\/www.veltec.eu\/fr\/product\/systeme-de-turbo-accessoires-housse-de-protection-kirby\/","title":{"rendered":"Syst\u00e8me de Turbo Accessoires Housse de protection Kirby"},"content":{"rendered":"<h2>D\u00e9couvrez le Syst\u00e8me de Turbo Accessories Housse de protection Kirby<\/h2>\n<h4>Protection et aspiration maximales pour vos projets de pon\u00e7age<\/h4>\n<p>Lorsque vous travaillez avec le kit d&#8217;accessoires Turbo de Kirby, vous voulez naturellement que tout soit lisse, propre et efficace. C&#8217;est pourquoi le Syst\u00e8me de Turbo Accessoires Housse de protection Kirby est absolument indispensable. Cette housse de protection assure une fermeture herm\u00e9tique pendant le pon\u00e7age, de sorte que toute la sciure lib\u00e9r\u00e9e est imm\u00e9diatement aspir\u00e9e. Ce n&#8217;est pas seulement mieux pour votre aspirateur, mais aussi pour votre sant\u00e9 et votre espace de travail.<\/p>\n<p><strong>Ce capot de protection est universel et convient \u00e0 tous les aspirateurs Kirby ;<\/strong><\/p>\n<ul>\n<li>Avalir Platinum<\/li>\n<li>Avalir 2<\/li>\n<li>Avalir 1<\/li>\n<li>Sentria 2 (G10D)<\/li>\n<li>Sentria 1 (G10)<\/li>\n<li>Ultimate G Diamond Ed.(G7D or DE)<\/li>\n<li>Ultimate G (G7 or UG)<\/li>\n<li>Generation 6 (G6)<\/li>\n<li>Generation 5 (G5)<\/li>\n<li>Generation 4 (G4)<\/li>\n<li>Generation 3 (G3)<\/li>\n<\/ul>\n<p><a href=\"https:\/\/www.veltec.eu\/fr\/accessoires-kirby-turbo\/\">Vous trouverez ici tous les Accessoires Turbo Kirby<\/a><\/p>\n<h3>Pourquoi ce Syst\u00e8me de Turbo Accessories Housse de protection Kirby est indispensable<\/h3>\n<p>La housse de protection est sp\u00e9cialement con\u00e7ue pour assurer une \u00e9tanch\u00e9it\u00e9 parfaite lors de l&#8217;utilisation des Accessoires Turbo. Ainsi, aucune poussi\u00e8re ou sciure n&#8217;est oubli\u00e9e, ce qui garantit un r\u00e9sultat plus propre et une dur\u00e9e de vie plus longue de votre aspirateur Kirby.<\/p>\n<p>De plus, ce capot de protection est compatible avec tous les mod\u00e8les d&#8217;<a href=\"https:\/\/www.veltec.eu\/fr\/aspirateurs-kirby\/\">aspirateurs Kirby<\/a>, vous n&#8217;avez donc pas \u00e0 vous soucier de l&#8217;ajustement. Gr\u00e2ce \u00e0 sa conception intelligente, vous pouvez facilement mettre le capot en place, sans actions compliqu\u00e9es ni pi\u00e8ces suppl\u00e9mentaires. Vous travaillez ainsi plus rapidement, plus efficacement et, surtout, plus proprement.<\/p>\n<h2>Les avantages du Syst\u00e8me de Turbo Accessoires Housse de protection Kirby<\/h2>\n<p><strong>Un investissement intelligent pour tout utilisateur de Kirby<\/strong><\/p>\n<h3>Efficacit\u00e9 et s\u00e9curit\u00e9 en un seul<\/h3>\n<p>Lorsque vous commencez \u00e0 poncer avec le kit d&#8217;accessoires Turbo, il est important que la poussi\u00e8re soit imm\u00e9diatement et compl\u00e8tement \u00e9limin\u00e9e. Le capot de protection emp\u00eache la poussi\u00e8re fine de se r\u00e9pandre dans votre maison ou sur votre lieu de travail. Ce n&#8217;est pas seulement plus hygi\u00e9nique, mais cela emp\u00eache \u00e9galement la poussi\u00e8re de s&#8217;accumuler dans le moteur de votre aspirateur. Cela prolonge la dur\u00e9e de vie de votre Kirby et \u00e9vite des r\u00e9parations co\u00fbteuses.<\/p>\n<h3>Adaptation universelle &#8211; s&#8217;adapte toujours<\/h3>\n<p>Que vous ayez un ancien mod\u00e8le ou un Kirby r\u00e9cent, ce capot de protection est totalement universel. Gr\u00e2ce \u00e0 l&#8217;ajustement intelligent et au mat\u00e9riau flexible, la housse s&#8217;adapte toujours parfaitement. Vous n&#8217;avez donc pas besoin de vous demander si votre aspirateur est adapt\u00e9 &#8211; il est garanti qu&#8217;il s&#8217;adapte.<\/p>\n<h3>Mat\u00e9riau durable et fiable<\/h3>\n<p>Le capot de protection du syst\u00e8me d&#8217;accessoires Kirby Turbo est fabriqu\u00e9 dans un plastique de haute qualit\u00e9 qui ne craint rien. Que vous passiez le sable r\u00e9guli\u00e8rement ou que vous utilisiez le capot occasionnellement, il continue \u00e0 fonctionner de mani\u00e8re fiable. Cet accessoire est donc un compl\u00e9ment durable \u00e0 votre syst\u00e8me Kirby.<\/p>\n<h2>Conclusion : un accessoire essentiel pour tout bricoleur<\/h2>\n<p>Si vous cherchez un moyen simple mais efficace de rendre votre travail de pon\u00e7age plus propre, plus s\u00fbr et plus efficace, le Syst\u00e8me de Turbo Accessoires Housse de protection Kirby est exactement ce qu&#8217;il vous faut. Avec son \u00e9tanch\u00e9it\u00e9 parfaite, son adaptation universelle et son mat\u00e9riau robuste, cette hotte est la solution pour tous les utilisateurs de Kirby.<\/p>\n<p>N&#8217;attendez donc pas plus longtemps et achetez d\u00e8s aujourd&#8217;hui ce compl\u00e9ment intelligent pour votre maison. Vous tirerez ainsi le meilleur parti de votre aspirateur Kirby, \u00e0 chaque utilisation !<\/p>\n","protected":false},"excerpt":{"rendered":"<p>Syst\u00e8me de Turbo Accessoires Housse de protection.<\/p>\n[trustindex data-widget-id=e3bb80b24fa128098b960fc2439]\n<h3><span style=\"color: #008000;\"><br \/>\nEn stock<\/span><\/h3>\n[av_font_icon icon='ue812' font='entypo-fontello' style='' caption='' size='25px' position='left' color='#43ad66' link='' linktarget='' title_attr='' sonar_effect_effect='' sonar_effect_color='' sonar_effect_duration='1' sonar_effect_scale='' sonar_effect_opac='0.5' animation='' id='' custom_class='' template_class='' av_uid='' sc_version='1.0' admin_preview_bg=''][\/av_font_icon]\n<p><span style=\"color: #008000;\">Command\u00e9 23:59, exp\u00e9di\u00e9 demain<\/span><\/p>\n<p>&nbsp;<\/p>\n","protected":false},"featured_media":8429,"comment_status":"open","ping_status":"closed","template":"","meta":[],"product_brand":[],"product_cat":[324],"product_tag":[],"class_list":{"0":"post-10794","1":"product","2":"type-product","3":"status-publish","4":"has-post-thumbnail","6":"product_cat-kirby-turbo-accessoires","7":"product_shipping_class-klein-de-fr","9":"first","10":"instock","11":"taxable","12":"shipping-taxable","13":"purchasable","14":"product-type-simple"},"yoast_head":"<!-- This site is optimized with the Yoast SEO Premium plugin v27.1 (Yoast SEO v27.4) - https:\/\/yoast.com\/product\/yoast-seo-premium-wordpress\/ -->\n<title>Syst\u00e8me de Turbo Accessoires Housse de protection Kirby - Veltec Kirby specialist<\/title>\n<meta name=\"description\" content=\"Syst\u00e8me de Turbo Accessoires Housse de protection Kirby - Veltec est le fournisseur des aspirateurs Kirby depuis plus de 25 ans.\" \/>\n<meta name=\"robots\" content=\"index, follow, max-snippet:-1, max-image-preview:large, max-video-preview:-1\" \/>\n<link rel=\"canonical\" href=\"https:\/\/www.veltec.eu\/nl\/product\/kirby-turbo-accessoires-systeem-beschermkap\/\" \/>\n<meta property=\"og:locale\" content=\"fr_FR\" \/>\n<meta property=\"og:type\" content=\"article\" \/>\n<meta property=\"og:title\" content=\"Syst\u00e8me de Turbo Accessoires Housse de protection Kirby\" \/>\n<meta property=\"og:description\" content=\"Syst\u00e8me de Turbo Accessoires Housse de protection.    En stock   Command\u00e9 23:59, exp\u00e9di\u00e9 demain  &nbsp;\" \/>\n<meta property=\"og:url\" content=\"https:\/\/www.veltec.eu\/nl\/product\/kirby-turbo-accessoires-systeem-beschermkap\/\" \/>\n<meta property=\"og:site_name\" content=\"Veltec Kirby specialist\" \/>\n<meta property=\"article:publisher\" content=\"https:\/\/www.facebook.com\/Veltec-Kirby-Specialist-236746293374877\/\" \/>\n<meta property=\"article:modified_time\" content=\"2025-04-14T13:34:29+00:00\" \/>\n<meta property=\"og:image\" content=\"https:\/\/www.veltec.eu\/wp-content\/uploads\/2018\/10\/dsc0590_1.jpg\" \/>\n\t<meta property=\"og:image:width\" content=\"300\" \/>\n\t<meta property=\"og:image:height\" content=\"300\" \/>\n\t<meta property=\"og:image:type\" content=\"image\/jpeg\" \/>\n<meta name=\"twitter:card\" content=\"summary_large_image\" \/>\n<meta name=\"twitter:label1\" content=\"Dur\u00e9e de lecture estim\u00e9e\" \/>\n\t<meta name=\"twitter:data1\" content=\"3 minutes\" \/>\n<script type=\"application\/ld+json\" class=\"yoast-schema-graph\">{\"@context\":\"https:\\\/\\\/schema.org\",\"@graph\":[{\"@type\":\"WebPage\",\"@id\":\"https:\\\/\\\/www.veltec.eu\\\/nl\\\/product\\\/kirby-turbo-accessoires-systeem-beschermkap\\\/\",\"url\":\"https:\\\/\\\/www.veltec.eu\\\/nl\\\/product\\\/kirby-turbo-accessoires-systeem-beschermkap\\\/\",\"name\":\"Syst\u00e8me de Turbo Accessoires Housse de protection Kirby - Veltec Kirby specialist\",\"isPartOf\":{\"@id\":\"https:\\\/\\\/www.veltec.eu\\\/en\\\/#website\"},\"primaryImageOfPage\":{\"@id\":\"https:\\\/\\\/www.veltec.eu\\\/nl\\\/product\\\/kirby-turbo-accessoires-systeem-beschermkap\\\/#primaryimage\"},\"image\":{\"@id\":\"https:\\\/\\\/www.veltec.eu\\\/nl\\\/product\\\/kirby-turbo-accessoires-systeem-beschermkap\\\/#primaryimage\"},\"thumbnailUrl\":\"https:\\\/\\\/www.veltec.eu\\\/wp-content\\\/uploads\\\/2018\\\/10\\\/dsc0590_1.jpg\",\"datePublished\":\"2018-10-26T10:24:04+00:00\",\"dateModified\":\"2025-04-14T13:34:29+00:00\",\"description\":\"Syst\u00e8me de Turbo Accessoires Housse de protection Kirby - Veltec est le fournisseur des aspirateurs Kirby depuis plus de 25 ans.\",\"breadcrumb\":{\"@id\":\"https:\\\/\\\/www.veltec.eu\\\/nl\\\/product\\\/kirby-turbo-accessoires-systeem-beschermkap\\\/#breadcrumb\"},\"inLanguage\":\"fr-FR\",\"potentialAction\":[{\"@type\":\"ReadAction\",\"target\":[\"https:\\\/\\\/www.veltec.eu\\\/nl\\\/product\\\/kirby-turbo-accessoires-systeem-beschermkap\\\/\"]}]},{\"@type\":\"ImageObject\",\"inLanguage\":\"fr-FR\",\"@id\":\"https:\\\/\\\/www.veltec.eu\\\/nl\\\/product\\\/kirby-turbo-accessoires-systeem-beschermkap\\\/#primaryimage\",\"url\":\"https:\\\/\\\/www.veltec.eu\\\/wp-content\\\/uploads\\\/2018\\\/10\\\/dsc0590_1.jpg\",\"contentUrl\":\"https:\\\/\\\/www.veltec.eu\\\/wp-content\\\/uploads\\\/2018\\\/10\\\/dsc0590_1.jpg\",\"width\":300,\"height\":300},{\"@type\":\"BreadcrumbList\",\"@id\":\"https:\\\/\\\/www.veltec.eu\\\/nl\\\/product\\\/kirby-turbo-accessoires-systeem-beschermkap\\\/#breadcrumb\",\"itemListElement\":[{\"@type\":\"ListItem\",\"position\":1,\"name\":\"Home\",\"item\":\"https:\\\/\\\/www.veltec.eu\\\/fr\\\/\"},{\"@type\":\"ListItem\",\"position\":2,\"name\":\"Produits\",\"item\":\"https:\\\/\\\/www.veltec.eu\\\/fr\\\/shop\\\/\"},{\"@type\":\"ListItem\",\"position\":3,\"name\":\"Syst\u00e8me de Turbo Accessoires Housse de protection Kirby\"}]},{\"@type\":\"WebSite\",\"@id\":\"https:\\\/\\\/www.veltec.eu\\\/en\\\/#website\",\"url\":\"https:\\\/\\\/www.veltec.eu\\\/en\\\/\",\"name\":\"Veltec Kirby specialist\",\"description\":\"Kirby stofzuiger producten\",\"publisher\":{\"@id\":\"https:\\\/\\\/www.veltec.eu\\\/en\\\/#organization\"},\"potentialAction\":[{\"@type\":\"SearchAction\",\"target\":{\"@type\":\"EntryPoint\",\"urlTemplate\":\"https:\\\/\\\/www.veltec.eu\\\/en\\\/?s={search_term_string}\"},\"query-input\":{\"@type\":\"PropertyValueSpecification\",\"valueRequired\":true,\"valueName\":\"search_term_string\"}}],\"inLanguage\":\"fr-FR\"},{\"@type\":\"Organization\",\"@id\":\"https:\\\/\\\/www.veltec.eu\\\/en\\\/#organization\",\"name\":\"Veltec Kirby Specialist\",\"url\":\"https:\\\/\\\/www.veltec.eu\\\/en\\\/\",\"logo\":{\"@type\":\"ImageObject\",\"inLanguage\":\"fr-FR\",\"@id\":\"https:\\\/\\\/www.veltec.eu\\\/en\\\/#\\\/schema\\\/logo\\\/image\\\/\",\"url\":\"https:\\\/\\\/www.veltec.eu\\\/wp-content\\\/uploads\\\/2021\\\/12\\\/Veltec-log-groot-e1537260889125.png\",\"contentUrl\":\"https:\\\/\\\/www.veltec.eu\\\/wp-content\\\/uploads\\\/2021\\\/12\\\/Veltec-log-groot-e1537260889125.png\",\"width\":200,\"height\":60,\"caption\":\"Veltec Kirby Specialist\"},\"image\":{\"@id\":\"https:\\\/\\\/www.veltec.eu\\\/en\\\/#\\\/schema\\\/logo\\\/image\\\/\"},\"sameAs\":[\"https:\\\/\\\/www.facebook.com\\\/Veltec-Kirby-Specialist-236746293374877\\\/\",\"https:\\\/\\\/www.youtube.com\\\/user\\\/VeltecService\"]}]}<\/script>\n<!-- \/ Yoast SEO Premium plugin. -->","yoast_head_json":{"title":"Syst\u00e8me de Turbo Accessoires Housse de protection Kirby - Veltec Kirby specialist","description":"Syst\u00e8me de Turbo Accessoires Housse de protection Kirby - Veltec est le fournisseur des aspirateurs Kirby depuis plus de 25 ans.","robots":{"index":"index","follow":"follow","max-snippet":"max-snippet:-1","max-image-preview":"max-image-preview:large","max-video-preview":"max-video-preview:-1"},"canonical":"https:\/\/www.veltec.eu\/nl\/product\/kirby-turbo-accessoires-systeem-beschermkap\/","og_locale":"fr_FR","og_type":"article","og_title":"Syst\u00e8me de Turbo Accessoires Housse de protection Kirby","og_description":"Syst\u00e8me de Turbo Accessoires Housse de protection.    En stock   Command\u00e9 23:59, exp\u00e9di\u00e9 demain  &nbsp;","og_url":"https:\/\/www.veltec.eu\/nl\/product\/kirby-turbo-accessoires-systeem-beschermkap\/","og_site_name":"Veltec Kirby specialist","article_publisher":"https:\/\/www.facebook.com\/Veltec-Kirby-Specialist-236746293374877\/","article_modified_time":"2025-04-14T13:34:29+00:00","og_image":[{"width":300,"height":300,"url":"https:\/\/www.veltec.eu\/wp-content\/uploads\/2018\/10\/dsc0590_1.jpg","type":"image\/jpeg"}],"twitter_card":"summary_large_image","twitter_misc":{"Dur\u00e9e de lecture estim\u00e9e":"3 minutes"},"schema":{"@context":"https:\/\/schema.org","@graph":[{"@type":"WebPage","@id":"https:\/\/www.veltec.eu\/nl\/product\/kirby-turbo-accessoires-systeem-beschermkap\/","url":"https:\/\/www.veltec.eu\/nl\/product\/kirby-turbo-accessoires-systeem-beschermkap\/","name":"Syst\u00e8me de Turbo Accessoires Housse de protection Kirby - Veltec Kirby specialist","isPartOf":{"@id":"https:\/\/www.veltec.eu\/en\/#website"},"primaryImageOfPage":{"@id":"https:\/\/www.veltec.eu\/nl\/product\/kirby-turbo-accessoires-systeem-beschermkap\/#primaryimage"},"image":{"@id":"https:\/\/www.veltec.eu\/nl\/product\/kirby-turbo-accessoires-systeem-beschermkap\/#primaryimage"},"thumbnailUrl":"https:\/\/www.veltec.eu\/wp-content\/uploads\/2018\/10\/dsc0590_1.jpg","datePublished":"2018-10-26T10:24:04+00:00","dateModified":"2025-04-14T13:34:29+00:00","description":"Syst\u00e8me de Turbo Accessoires Housse de protection Kirby - Veltec est le fournisseur des aspirateurs Kirby depuis plus de 25 ans.","breadcrumb":{"@id":"https:\/\/www.veltec.eu\/nl\/product\/kirby-turbo-accessoires-systeem-beschermkap\/#breadcrumb"},"inLanguage":"fr-FR","potentialAction":[{"@type":"ReadAction","target":["https:\/\/www.veltec.eu\/nl\/product\/kirby-turbo-accessoires-systeem-beschermkap\/"]}]},{"@type":"ImageObject","inLanguage":"fr-FR","@id":"https:\/\/www.veltec.eu\/nl\/product\/kirby-turbo-accessoires-systeem-beschermkap\/#primaryimage","url":"https:\/\/www.veltec.eu\/wp-content\/uploads\/2018\/10\/dsc0590_1.jpg","contentUrl":"https:\/\/www.veltec.eu\/wp-content\/uploads\/2018\/10\/dsc0590_1.jpg","width":300,"height":300},{"@type":"BreadcrumbList","@id":"https:\/\/www.veltec.eu\/nl\/product\/kirby-turbo-accessoires-systeem-beschermkap\/#breadcrumb","itemListElement":[{"@type":"ListItem","position":1,"name":"Home","item":"https:\/\/www.veltec.eu\/fr\/"},{"@type":"ListItem","position":2,"name":"Produits","item":"https:\/\/www.veltec.eu\/fr\/shop\/"},{"@type":"ListItem","position":3,"name":"Syst\u00e8me de Turbo Accessoires Housse de protection Kirby"}]},{"@type":"WebSite","@id":"https:\/\/www.veltec.eu\/en\/#website","url":"https:\/\/www.veltec.eu\/en\/","name":"Veltec Kirby specialist","description":"Kirby stofzuiger producten","publisher":{"@id":"https:\/\/www.veltec.eu\/en\/#organization"},"potentialAction":[{"@type":"SearchAction","target":{"@type":"EntryPoint","urlTemplate":"https:\/\/www.veltec.eu\/en\/?s={search_term_string}"},"query-input":{"@type":"PropertyValueSpecification","valueRequired":true,"valueName":"search_term_string"}}],"inLanguage":"fr-FR"},{"@type":"Organization","@id":"https:\/\/www.veltec.eu\/en\/#organization","name":"Veltec Kirby Specialist","url":"https:\/\/www.veltec.eu\/en\/","logo":{"@type":"ImageObject","inLanguage":"fr-FR","@id":"https:\/\/www.veltec.eu\/en\/#\/schema\/logo\/image\/","url":"https:\/\/www.veltec.eu\/wp-content\/uploads\/2021\/12\/Veltec-log-groot-e1537260889125.png","contentUrl":"https:\/\/www.veltec.eu\/wp-content\/uploads\/2021\/12\/Veltec-log-groot-e1537260889125.png","width":200,"height":60,"caption":"Veltec Kirby Specialist"},"image":{"@id":"https:\/\/www.veltec.eu\/en\/#\/schema\/logo\/image\/"},"sameAs":["https:\/\/www.facebook.com\/Veltec-Kirby-Specialist-236746293374877\/","https:\/\/www.youtube.com\/user\/VeltecService"]}]}},"_links":{"self":[{"href":"https:\/\/www.veltec.eu\/fr\/wp-json\/wp\/v2\/product\/10794","targetHints":{"allow":["GET"]}}],"collection":[{"href":"https:\/\/www.veltec.eu\/fr\/wp-json\/wp\/v2\/product"}],"about":[{"href":"https:\/\/www.veltec.eu\/fr\/wp-json\/wp\/v2\/types\/product"}],"replies":[{"embeddable":true,"href":"https:\/\/www.veltec.eu\/fr\/wp-json\/wp\/v2\/comments?post=10794"}],"wp:featuredmedia":[{"embeddable":true,"href":"https:\/\/www.veltec.eu\/fr\/wp-json\/wp\/v2\/media\/8429"}],"wp:attachment":[{"href":"https:\/\/www.veltec.eu\/fr\/wp-json\/wp\/v2\/media?parent=10794"}],"wp:term":[{"taxonomy":"product_brand","embeddable":true,"href":"https:\/\/www.veltec.eu\/fr\/wp-json\/wp\/v2\/product_brand?post=10794"},{"taxonomy":"product_cat","embeddable":true,"href":"https:\/\/www.veltec.eu\/fr\/wp-json\/wp\/v2\/product_cat?post=10794"},{"taxonomy":"product_tag","embeddable":true,"href":"https:\/\/www.veltec.eu\/fr\/wp-json\/wp\/v2\/product_tag?post=10794"}],"curies":[{"name":"wp","href":"https:\/\/api.w.org\/{rel}","templated":true}]}}