{"id":10784,"date":"2018-10-26T12:34:50","date_gmt":"2018-10-26T10:34:50","guid":{"rendered":"https:\/\/www.veltec.eu\/kirby-webshop\/bloc-de-massage-nl3073\/"},"modified":"2025-04-15T15:59:07","modified_gmt":"2025-04-15T13:59:07","slug":"bloc-de-massage-kirby-nl3073","status":"publish","type":"product","link":"https:\/\/www.veltec.eu\/fr\/product\/bloc-de-massage-kirby-nl3073\/","title":{"rendered":"Bloc de massage Kirby"},"content":{"rendered":"<h2>D\u00e9couvrez le Bloc de massage Kirby &#8211; Transformez votre Turbo Accessory System en Massager<\/h2>\n<p>Vous cherchez un moyen d&#8217;obtenir encore plus de votre <a href=\"https:\/\/www.veltec.eu\/fr\/aspirateurs-kirby\/\">aspirateur Kirby<\/a> ? Le Bloc de massage Kirby est ce qu&#8217;il vous faut. Cet accessoire astucieux est sp\u00e9cialement con\u00e7u pour transformer facilement votre <a href=\"https:\/\/www.veltec.eu\/fr\/product\/systeme-de-turbo-accessoires-kirby-nl3126\/\">syst\u00e8me d&#8217;accessoires Turbo<\/a> en un puissant appareil de massage. Gr\u00e2ce \u00e0 sa fixation simple et \u00e0 son fonctionnement direct par vibration, vous pouvez profiter de massages relaxants en quelques secondes.<\/p>\n<p><strong>Ce bloc est universel et convient \u00e0 tous les aspirateurs Kirby ;<\/strong><\/p>\n<ul>\n<li>Avalir Platinum<\/li>\n<li>Avalir 2<\/li>\n<li>Avalir 1<\/li>\n<li>Sentria 2 (G10D)<\/li>\n<li>Sentria 1 (G10)<\/li>\n<li>Ultimate G Diamond Ed.(G7D or DE)<\/li>\n<li>Ultimate G (G7 or UG)<\/li>\n<li>Generation 6 (G6)<\/li>\n<li>Generation 5 (G5)<\/li>\n<li>Generation 4 (G4)<\/li>\n<li>Generation 3 (G3)<\/li>\n<\/ul>\n<p><a href=\"https:\/\/www.veltec.eu\/fr\/accessoires-kirby-turbo\/\">Vous trouverez ici tous les accessoires Turbo de Kirby<\/a><\/p>\n<h3>Qu&#8217;est-ce que le bloc de massage ?<\/h3>\n<p>Le Bloc de massage Kirby est un accessoire qui s&#8217;adapte \u00e0 tous les <a href=\"https:\/\/www.veltec.eu\/fr\/product\/systeme-de-turbo-accessoires-kirby-nl3126\/\">syst\u00e8mes d&#8217;accessoires Kirby Turbo<\/a>. Une fois fix\u00e9, ce bloc transforme votre syst\u00e8me Kirby existant en un outil de massage vibrant. Vous b\u00e9n\u00e9ficiez ainsi d&#8217;un appareil multifonctionnel, sans avoir \u00e0 faire de gros investissements suppl\u00e9mentaires. Cette extension vous permet de soulager facilement les muscles endoloris, de r\u00e9duire le stress et de faire l&#8217;exp\u00e9rience de la relaxation pure &#8211; simplement avec votre appareil Kirby.<\/p>\n<p>Comme le massage se fait par vibration, il stimule la circulation sanguine et aide \u00e0 d\u00e9tendre les groupes musculaires coinc\u00e9s. Il est particuli\u00e8rement utile apr\u00e8s une longue journ\u00e9e de travail, pendant la r\u00e9cup\u00e9ration apr\u00e8s un exercice physique ou simplement pour prendre soin de soi.<\/p>\n<h2>Pourquoi choisir l&#8217;accessoire de massage Kirby Turbo ?<\/h2>\n<h3>Compatibilit\u00e9 maximale et facilit\u00e9 d&#8217;utilisation<\/h3>\n<p>Le Bloc de massage Kirby pr\u00e9sente le grand avantage de s&#8217;adapter \u00e0 tous les accessoires Turbo. Il n&#8217;est donc pas n\u00e9cessaire d&#8217;avoir un mod\u00e8le sp\u00e9cial ou de proc\u00e9der \u00e0 des ajustements suppl\u00e9mentaires. Il s&#8217;agit donc d&#8217;une option int\u00e9ressante pour tous ceux qui disposent d\u00e9j\u00e0 d&#8217;un syst\u00e8me Kirby \u00e0 la maison. De plus, l&#8217;installation est facile : cliquez le bloc sur l&#8217;accessoire Turbo, allumez votre appareil et votre massage peut commencer imm\u00e9diatement.<\/p>\n<p>En outre, le coussin est fabriqu\u00e9 \u00e0 partir de mat\u00e9riaux durables qui sont agr\u00e9ables au contact de la peau. Cela garantit une exp\u00e9rience agr\u00e9able lors de chaque s\u00e9ance de massage. Comme le syst\u00e8me fonctionne par vibrations, vous pouvez d\u00e9cider de l&#8217;intensit\u00e9 du massage, en fonction de vos besoins du moment.<\/p>\n<h2>Conclusion : tirez le meilleur parti de votre Kirby avec le Massage Pad<\/h2>\n<p>Si vous poss\u00e9dez d\u00e9j\u00e0 un syst\u00e8me d&#8217;accessoires Kirby Turbo, il est dommage de ne pas utiliser cette possibilit\u00e9 polyvalente. Avec l&#8217;accessoire de massage Kirby, vous donnez \u00e0 votre appareil une toute nouvelle fonction, sans avoir \u00e0 acheter un \u00e9quipement de massage s\u00e9par\u00e9. Cela permet non seulement d&#8217;\u00e9conomiser de l&#8217;espace, mais aussi de l&#8217;argent.<\/p>\n<p>Vous souhaitez donc profiter de la relaxation, de la r\u00e9cup\u00e9ration musculaire et d&#8217;un plus grand confort, le tout avec un seul accessoire pratique ? Optez d\u00e8s aujourd&#8217;hui pour le Bloc de massage Kirby et d\u00e9couvrez par vous-m\u00eame la simplicit\u00e9 et l&#8217;efficacit\u00e9 de cette extension.<\/p>\n","protected":false},"excerpt":{"rendered":"<p>Bloc de massage pour le syst\u00e8me de turbo accessoires.<\/p>\n[trustindex data-widget-id=e3bb80b24fa128098b960fc2439]\n<h3><span style=\"color: #008000;\"><br \/>\nEn stock<\/span><\/h3>\n[av_font_icon icon='ue812' font='entypo-fontello' style='' caption='' size='25px' position='left' color='#43ad66' link='' linktarget='' title_attr='' sonar_effect_effect='' sonar_effect_color='' sonar_effect_duration='1' sonar_effect_scale='' sonar_effect_opac='0.5' animation='' id='' custom_class='' template_class='' av_uid='' sc_version='1.0' admin_preview_bg=''][\/av_font_icon]\n<p><span style=\"color: #008000;\">Command\u00e9 23:59, exp\u00e9di\u00e9 demain<\/span><\/p>\n<p>&nbsp;<\/p>\n","protected":false},"featured_media":8457,"comment_status":"open","ping_status":"closed","template":"","meta":{"_acf_changed":false},"product_brand":[],"product_cat":[324],"product_tag":[],"class_list":{"0":"post-10784","1":"product","2":"type-product","3":"status-publish","4":"has-post-thumbnail","6":"product_cat-kirby-turbo-accessoires","7":"product_shipping_class-klein-de-fr","9":"first","10":"instock","11":"taxable","12":"shipping-taxable","13":"purchasable","14":"product-type-simple"},"acf":[],"yoast_head":"<!-- This site is optimized with the Yoast SEO Premium plugin v27.1 (Yoast SEO v27.4) - https:\/\/yoast.com\/product\/yoast-seo-premium-wordpress\/ -->\n<title>Bloc de massage Kirby - Veltec Kirby specialist<\/title>\n<meta name=\"description\" content=\"Bloc de massage Kirby - Veltec est le fournisseur des aspirateurs Kirby depuis plus de 25 ans. Et est votre sp\u00e9cialiste de confiance\" \/>\n<meta name=\"robots\" content=\"index, follow, max-snippet:-1, max-image-preview:large, max-video-preview:-1\" \/>\n<link rel=\"canonical\" href=\"https:\/\/www.veltec.eu\/fr\/product\/bloc-de-massage-kirby-nl3073\/\" \/>\n<meta property=\"og:locale\" content=\"fr_FR\" \/>\n<meta property=\"og:type\" content=\"article\" \/>\n<meta property=\"og:title\" content=\"Bloc de massage Kirby\" \/>\n<meta property=\"og:description\" content=\"Bloc de massage pour le syst\u00e8me de turbo accessoires.    En stock   Command\u00e9 23:59, exp\u00e9di\u00e9 demain  &nbsp;\" \/>\n<meta property=\"og:url\" content=\"https:\/\/www.veltec.eu\/fr\/product\/bloc-de-massage-kirby-nl3073\/\" \/>\n<meta property=\"og:site_name\" content=\"Veltec Kirby specialist\" \/>\n<meta property=\"article:publisher\" content=\"https:\/\/www.facebook.com\/Veltec-Kirby-Specialist-236746293374877\/\" \/>\n<meta property=\"article:modified_time\" content=\"2025-04-15T13:59:07+00:00\" \/>\n<meta property=\"og:image\" content=\"https:\/\/www.veltec.eu\/wp-content\/uploads\/2018\/10\/dsc0578.jpg\" \/>\n\t<meta property=\"og:image:width\" content=\"300\" \/>\n\t<meta property=\"og:image:height\" content=\"300\" \/>\n\t<meta property=\"og:image:type\" content=\"image\/jpeg\" \/>\n<meta name=\"twitter:card\" content=\"summary_large_image\" \/>\n<meta name=\"twitter:label1\" content=\"Dur\u00e9e de lecture estim\u00e9e\" \/>\n\t<meta name=\"twitter:data1\" content=\"3 minutes\" \/>\n<script type=\"application\/ld+json\" class=\"yoast-schema-graph\">{\"@context\":\"https:\\\/\\\/schema.org\",\"@graph\":[{\"@type\":\"WebPage\",\"@id\":\"https:\\\/\\\/www.veltec.eu\\\/fr\\\/product\\\/bloc-de-massage-kirby-nl3073\\\/\",\"url\":\"https:\\\/\\\/www.veltec.eu\\\/fr\\\/product\\\/bloc-de-massage-kirby-nl3073\\\/\",\"name\":\"Bloc de massage Kirby - Veltec Kirby specialist\",\"isPartOf\":{\"@id\":\"https:\\\/\\\/www.veltec.eu\\\/en\\\/#website\"},\"primaryImageOfPage\":{\"@id\":\"https:\\\/\\\/www.veltec.eu\\\/fr\\\/product\\\/bloc-de-massage-kirby-nl3073\\\/#primaryimage\"},\"image\":{\"@id\":\"https:\\\/\\\/www.veltec.eu\\\/fr\\\/product\\\/bloc-de-massage-kirby-nl3073\\\/#primaryimage\"},\"thumbnailUrl\":\"https:\\\/\\\/www.veltec.eu\\\/wp-content\\\/uploads\\\/2018\\\/10\\\/dsc0578.jpg\",\"datePublished\":\"2018-10-26T10:34:50+00:00\",\"dateModified\":\"2025-04-15T13:59:07+00:00\",\"description\":\"Bloc de massage Kirby - Veltec est le fournisseur des aspirateurs Kirby depuis plus de 25 ans. Et est votre sp\u00e9cialiste de confiance\",\"breadcrumb\":{\"@id\":\"https:\\\/\\\/www.veltec.eu\\\/fr\\\/product\\\/bloc-de-massage-kirby-nl3073\\\/#breadcrumb\"},\"inLanguage\":\"fr-FR\",\"potentialAction\":[{\"@type\":\"ReadAction\",\"target\":[\"https:\\\/\\\/www.veltec.eu\\\/fr\\\/product\\\/bloc-de-massage-kirby-nl3073\\\/\"]}]},{\"@type\":\"ImageObject\",\"inLanguage\":\"fr-FR\",\"@id\":\"https:\\\/\\\/www.veltec.eu\\\/fr\\\/product\\\/bloc-de-massage-kirby-nl3073\\\/#primaryimage\",\"url\":\"https:\\\/\\\/www.veltec.eu\\\/wp-content\\\/uploads\\\/2018\\\/10\\\/dsc0578.jpg\",\"contentUrl\":\"https:\\\/\\\/www.veltec.eu\\\/wp-content\\\/uploads\\\/2018\\\/10\\\/dsc0578.jpg\",\"width\":300,\"height\":300,\"caption\":\"Schuurspons\"},{\"@type\":\"BreadcrumbList\",\"@id\":\"https:\\\/\\\/www.veltec.eu\\\/fr\\\/product\\\/bloc-de-massage-kirby-nl3073\\\/#breadcrumb\",\"itemListElement\":[{\"@type\":\"ListItem\",\"position\":1,\"name\":\"Home\",\"item\":\"https:\\\/\\\/www.veltec.eu\\\/fr\\\/\"},{\"@type\":\"ListItem\",\"position\":2,\"name\":\"Kirby Shop\",\"item\":\"https:\\\/\\\/www.veltec.eu\\\/nl\\\/shop-page\\\/\"},{\"@type\":\"ListItem\",\"position\":3,\"name\":\"Bloc de massage Kirby\"}]},{\"@type\":\"WebSite\",\"@id\":\"https:\\\/\\\/www.veltec.eu\\\/en\\\/#website\",\"url\":\"https:\\\/\\\/www.veltec.eu\\\/en\\\/\",\"name\":\"Veltec Kirby specialist\",\"description\":\"Kirby stofzuiger producten\",\"publisher\":{\"@id\":\"https:\\\/\\\/www.veltec.eu\\\/en\\\/#organization\"},\"potentialAction\":[{\"@type\":\"SearchAction\",\"target\":{\"@type\":\"EntryPoint\",\"urlTemplate\":\"https:\\\/\\\/www.veltec.eu\\\/en\\\/?s={search_term_string}\"},\"query-input\":{\"@type\":\"PropertyValueSpecification\",\"valueRequired\":true,\"valueName\":\"search_term_string\"}}],\"inLanguage\":\"fr-FR\"},{\"@type\":\"Organization\",\"@id\":\"https:\\\/\\\/www.veltec.eu\\\/en\\\/#organization\",\"name\":\"Veltec Kirby Specialist\",\"url\":\"https:\\\/\\\/www.veltec.eu\\\/en\\\/\",\"logo\":{\"@type\":\"ImageObject\",\"inLanguage\":\"fr-FR\",\"@id\":\"https:\\\/\\\/www.veltec.eu\\\/en\\\/#\\\/schema\\\/logo\\\/image\\\/\",\"url\":\"https:\\\/\\\/www.veltec.eu\\\/wp-content\\\/uploads\\\/2021\\\/12\\\/Veltec-log-groot-e1537260889125.png\",\"contentUrl\":\"https:\\\/\\\/www.veltec.eu\\\/wp-content\\\/uploads\\\/2021\\\/12\\\/Veltec-log-groot-e1537260889125.png\",\"width\":200,\"height\":60,\"caption\":\"Veltec Kirby Specialist\"},\"image\":{\"@id\":\"https:\\\/\\\/www.veltec.eu\\\/en\\\/#\\\/schema\\\/logo\\\/image\\\/\"},\"sameAs\":[\"https:\\\/\\\/www.facebook.com\\\/Veltec-Kirby-Specialist-236746293374877\\\/\",\"https:\\\/\\\/www.youtube.com\\\/user\\\/VeltecService\"]}]}<\/script>\n<!-- \/ Yoast SEO Premium plugin. -->","yoast_head_json":{"title":"Bloc de massage Kirby - Veltec Kirby specialist","description":"Bloc de massage Kirby - Veltec est le fournisseur des aspirateurs Kirby depuis plus de 25 ans. Et est votre sp\u00e9cialiste de confiance","robots":{"index":"index","follow":"follow","max-snippet":"max-snippet:-1","max-image-preview":"max-image-preview:large","max-video-preview":"max-video-preview:-1"},"canonical":"https:\/\/www.veltec.eu\/fr\/product\/bloc-de-massage-kirby-nl3073\/","og_locale":"fr_FR","og_type":"article","og_title":"Bloc de massage Kirby","og_description":"Bloc de massage pour le syst\u00e8me de turbo accessoires.    En stock   Command\u00e9 23:59, exp\u00e9di\u00e9 demain  &nbsp;","og_url":"https:\/\/www.veltec.eu\/fr\/product\/bloc-de-massage-kirby-nl3073\/","og_site_name":"Veltec Kirby specialist","article_publisher":"https:\/\/www.facebook.com\/Veltec-Kirby-Specialist-236746293374877\/","article_modified_time":"2025-04-15T13:59:07+00:00","og_image":[{"width":300,"height":300,"url":"https:\/\/www.veltec.eu\/wp-content\/uploads\/2018\/10\/dsc0578.jpg","type":"image\/jpeg"}],"twitter_card":"summary_large_image","twitter_misc":{"Dur\u00e9e de lecture estim\u00e9e":"3 minutes"},"schema":{"@context":"https:\/\/schema.org","@graph":[{"@type":"WebPage","@id":"https:\/\/www.veltec.eu\/fr\/product\/bloc-de-massage-kirby-nl3073\/","url":"https:\/\/www.veltec.eu\/fr\/product\/bloc-de-massage-kirby-nl3073\/","name":"Bloc de massage Kirby - Veltec Kirby specialist","isPartOf":{"@id":"https:\/\/www.veltec.eu\/en\/#website"},"primaryImageOfPage":{"@id":"https:\/\/www.veltec.eu\/fr\/product\/bloc-de-massage-kirby-nl3073\/#primaryimage"},"image":{"@id":"https:\/\/www.veltec.eu\/fr\/product\/bloc-de-massage-kirby-nl3073\/#primaryimage"},"thumbnailUrl":"https:\/\/www.veltec.eu\/wp-content\/uploads\/2018\/10\/dsc0578.jpg","datePublished":"2018-10-26T10:34:50+00:00","dateModified":"2025-04-15T13:59:07+00:00","description":"Bloc de massage Kirby - Veltec est le fournisseur des aspirateurs Kirby depuis plus de 25 ans. Et est votre sp\u00e9cialiste de confiance","breadcrumb":{"@id":"https:\/\/www.veltec.eu\/fr\/product\/bloc-de-massage-kirby-nl3073\/#breadcrumb"},"inLanguage":"fr-FR","potentialAction":[{"@type":"ReadAction","target":["https:\/\/www.veltec.eu\/fr\/product\/bloc-de-massage-kirby-nl3073\/"]}]},{"@type":"ImageObject","inLanguage":"fr-FR","@id":"https:\/\/www.veltec.eu\/fr\/product\/bloc-de-massage-kirby-nl3073\/#primaryimage","url":"https:\/\/www.veltec.eu\/wp-content\/uploads\/2018\/10\/dsc0578.jpg","contentUrl":"https:\/\/www.veltec.eu\/wp-content\/uploads\/2018\/10\/dsc0578.jpg","width":300,"height":300,"caption":"Schuurspons"},{"@type":"BreadcrumbList","@id":"https:\/\/www.veltec.eu\/fr\/product\/bloc-de-massage-kirby-nl3073\/#breadcrumb","itemListElement":[{"@type":"ListItem","position":1,"name":"Home","item":"https:\/\/www.veltec.eu\/fr\/"},{"@type":"ListItem","position":2,"name":"Kirby Shop","item":"https:\/\/www.veltec.eu\/nl\/shop-page\/"},{"@type":"ListItem","position":3,"name":"Bloc de massage Kirby"}]},{"@type":"WebSite","@id":"https:\/\/www.veltec.eu\/en\/#website","url":"https:\/\/www.veltec.eu\/en\/","name":"Veltec Kirby specialist","description":"Kirby stofzuiger producten","publisher":{"@id":"https:\/\/www.veltec.eu\/en\/#organization"},"potentialAction":[{"@type":"SearchAction","target":{"@type":"EntryPoint","urlTemplate":"https:\/\/www.veltec.eu\/en\/?s={search_term_string}"},"query-input":{"@type":"PropertyValueSpecification","valueRequired":true,"valueName":"search_term_string"}}],"inLanguage":"fr-FR"},{"@type":"Organization","@id":"https:\/\/www.veltec.eu\/en\/#organization","name":"Veltec Kirby Specialist","url":"https:\/\/www.veltec.eu\/en\/","logo":{"@type":"ImageObject","inLanguage":"fr-FR","@id":"https:\/\/www.veltec.eu\/en\/#\/schema\/logo\/image\/","url":"https:\/\/www.veltec.eu\/wp-content\/uploads\/2021\/12\/Veltec-log-groot-e1537260889125.png","contentUrl":"https:\/\/www.veltec.eu\/wp-content\/uploads\/2021\/12\/Veltec-log-groot-e1537260889125.png","width":200,"height":60,"caption":"Veltec Kirby Specialist"},"image":{"@id":"https:\/\/www.veltec.eu\/en\/#\/schema\/logo\/image\/"},"sameAs":["https:\/\/www.facebook.com\/Veltec-Kirby-Specialist-236746293374877\/","https:\/\/www.youtube.com\/user\/VeltecService"]}]}},"_links":{"self":[{"href":"https:\/\/www.veltec.eu\/fr\/wp-json\/wp\/v2\/product\/10784","targetHints":{"allow":["GET"]}}],"collection":[{"href":"https:\/\/www.veltec.eu\/fr\/wp-json\/wp\/v2\/product"}],"about":[{"href":"https:\/\/www.veltec.eu\/fr\/wp-json\/wp\/v2\/types\/product"}],"replies":[{"embeddable":true,"href":"https:\/\/www.veltec.eu\/fr\/wp-json\/wp\/v2\/comments?post=10784"}],"wp:featuredmedia":[{"embeddable":true,"href":"https:\/\/www.veltec.eu\/fr\/wp-json\/wp\/v2\/media\/8457"}],"wp:attachment":[{"href":"https:\/\/www.veltec.eu\/fr\/wp-json\/wp\/v2\/media?parent=10784"}],"wp:term":[{"taxonomy":"product_brand","embeddable":true,"href":"https:\/\/www.veltec.eu\/fr\/wp-json\/wp\/v2\/product_brand?post=10784"},{"taxonomy":"product_cat","embeddable":true,"href":"https:\/\/www.veltec.eu\/fr\/wp-json\/wp\/v2\/product_cat?post=10784"},{"taxonomy":"product_tag","embeddable":true,"href":"https:\/\/www.veltec.eu\/fr\/wp-json\/wp\/v2\/product_tag?post=10784"}],"curies":[{"name":"wp","href":"https:\/\/api.w.org\/{rel}","templated":true}]}}