{"id":10764,"date":"2018-10-26T12:49:03","date_gmt":"2018-10-26T10:49:03","guid":{"rendered":"https:\/\/www.veltec.eu\/kirby-webshop\/kirby-handi-butler\/"},"modified":"2025-04-14T12:55:33","modified_gmt":"2025-04-14T10:55:33","slug":"kit-daccessoires-kirby-handi-butler","status":"publish","type":"product","link":"https:\/\/www.veltec.eu\/fr\/product\/kit-daccessoires-kirby-handi-butler\/","title":{"rendered":"Kit d&#8217;accessoires Kirby Handi-Butler"},"content":{"rendered":"<h2>D\u00e9couvrez la polyvalence du Kit d&#8217;accessoires Kirby Handi-Butler<\/h2>\n<p>Vous \u00eates un bricoleur ou un amateur qui aime travailler avec pr\u00e9cision ? Le Kit d&#8217;accessoires Kirby Handi-Butler est exactement ce que vous recherchez. Ce kit d&#8217;accessoires multifonctionnel est sp\u00e9cialement con\u00e7u pour transformer votre aspirateur Kirby en un mini-outil puissant pour diverses applications. Ce kit vous permet d&#8217;obtenir bien plus que le simple nettoyage de votre aspirateur. Gr\u00e2ce aux fonctions intelligentes du Handi-Butler, vous \u00e9conomisez non seulement de l&#8217;espace, mais aussi du temps et de l&#8217;argent.<\/p>\n<p><strong>Ce Handi-Butler est universel et convient \u00e0 tous les aspirateurs Kirby ;<\/strong><\/p>\n<ul>\n<li>Avalir Platinum<\/li>\n<li>Avalir 2<\/li>\n<li>Avalir 1<\/li>\n<li>Sentria 2 (G10D)<\/li>\n<li>Sentria 1 (G10)<\/li>\n<li>Ultimate G Diamond Ed.(G7D or DE)<\/li>\n<li>Ultimate G (G7 or UG)<\/li>\n<li>Generation 6 (G6)<\/li>\n<li>Generation 5 (G5)<\/li>\n<li>Generation 4 (G4)<\/li>\n<li>Generation 3 (G3)<\/li>\n<\/ul>\n<p><a href=\"https:\/\/www.veltec.eu\/fr\/accessoires-kirby-turbo\/\">Vous trouverez ici tous les Accessoires Turbo<\/a><\/p>\n<h3>Pourquoi choisir l&#8217;Handi-Butler Kirby ?<\/h3>\n<p>L&#8217;ensemble d&#8217;outils multifonctions Kirby est un kit d&#8217;accessoires qui s&#8217;adapte directement \u00e0 votre <a href=\"https:\/\/www.veltec.eu\/fr\/aspirateurs-kirby\/\">aspirateur Kirby<\/a>. Ainsi, vous n&#8217;avez pas besoin d&#8217;acheter des machines s\u00e9par\u00e9es pour les petits travaux dans et autour de la maison. Gr\u00e2ce \u00e0 sa conception intelligente, ce kit est id\u00e9al pour les personnes qui travaillent r\u00e9guli\u00e8rement sur des projets cr\u00e9atifs ou techniques. Pour les petits bricoleurs, cet outil est la solution id\u00e9ale.<\/p>\n<p>Avec l&#8217;outil de bricolage Kirby, vous pouvez notamment<\/p>\n<ul>\n<li>Polir des surfaces m\u00e9talliques, comme des bijoux, des poign\u00e9es ou des outils.<\/li>\n<li>Aiguiser des couteaux, des petites pi\u00e8ces ou du mat\u00e9riel de bricolage.<\/li>\n<li>Percer, poncer ou graver \u00e0 l&#8217;aide d&#8217;accessoires optionnels (selon le kit).<\/li>\n<\/ul>\n<p>Le Kit d&#8217;accessoires Kirby Handi-Butler est donc un investissement judicieux pour tous ceux qui souhaitent tirer le meilleur parti de leur syst\u00e8me Kirby.<\/p>\n<h2>Facile \u00e0 utiliser et adapt\u00e9 \u00e0 tous les mod\u00e8les Kirby<\/h2>\n<p>L&#8217;un des grands avantages du Kit d&#8217;accessoires Kirby Handi-Butler est qu&#8217;il convient \u00e0 tous les mod\u00e8les Kirby. Que vous ayez un appareil plus ancien ou que vous utilisiez la derni\u00e8re g\u00e9n\u00e9ration, le Handi-Butler se connecte sans effort. Vous n&#8217;avez donc pas \u00e0 vous soucier de la compatibilit\u00e9, ce qui est bien s\u00fbr un crit\u00e8re d&#8217;achat important pour tout consommateur avis\u00e9.<\/p>\n<h3>Commencez rapidement et en toute s\u00e9curit\u00e9<\/h3>\n<p>Gr\u00e2ce \u00e0 l&#8217;installation facile, vous pouvez commencer votre travail presque imm\u00e9diatement. De plus, l&#8217;accessoire multifonctionnel Kirby a \u00e9t\u00e9 con\u00e7u dans un souci de s\u00e9curit\u00e9. Tous les accessoires s&#8217;enclenchent fermement et restent bien en place pendant l&#8217;utilisation. C&#8217;est non seulement pratique, mais cela permet \u00e9galement d&#8217;\u00e9viter les accidents pendant le travail.<\/p>\n<p>L&#8217;utilisation est intuitive, vous n&#8217;avez donc pas besoin d&#8217;un manuel d\u00e9taill\u00e9 pour commencer. En quelques minutes, vous aurez d\u00e9j\u00e0 effectu\u00e9 votre premier travail de polissage ou de pon\u00e7age !<\/p>\n<h2>Le compl\u00e9ment parfait de votre syst\u00e8me Kirby<\/h2>\n<p>En r\u00e9sum\u00e9, le Kit d&#8217;accessoires Kirby Handi-Butler est destin\u00e9 \u00e0 ceux qui veulent faire plus avec leur aspirateur que le simple nettoyage. Gr\u00e2ce \u00e0 sa polyvalence, sa compatibilit\u00e9 et sa facilit\u00e9 d&#8217;utilisation, ce kit est indispensable \u00e0 tout amateur ou bricoleur.<\/p>\n<p>Vous \u00eates \u00e0 la recherche d&#8217;un outil compact et multifonctionnel qui soutienne votre cr\u00e9ativit\u00e9 et fonctionne parfaitement avec votre Kirby ? Le kit d&#8217;accessoires Kirby Handi-Butler est sans aucun doute un choix judicieux.<\/p>\n","protected":false},"excerpt":{"rendered":"<p>Il s&#8217;agit d&#8217;un accessoire rotatif Kirby. Il transforme votre aspirateur Kirby en une machine \u00e0 couper, polir et frotter le m\u00e9tal.<\/p>\n[trustindex data-widget-id=e3bb80b24fa128098b960fc2439]\n<h3><span style=\"color: #008000;\"><br \/>\nEn stock<\/span><\/h3>\n[av_font_icon icon='ue812' font='entypo-fontello' style='' caption='' size='25px' position='left' color='#43ad66' link='' linktarget='' title_attr='' sonar_effect_effect='' sonar_effect_color='' sonar_effect_duration='1' sonar_effect_scale='' sonar_effect_opac='0.5' animation='' id='' custom_class='' template_class='' av_uid='' sc_version='1.0' admin_preview_bg=''][\/av_font_icon]\n<p><span style=\"color: #008000;\">Command\u00e9 23:59, exp\u00e9di\u00e9 demain<\/span><\/p>\n<p>&nbsp;<\/p>\n","protected":false},"featured_media":8489,"comment_status":"open","ping_status":"closed","template":"","meta":{"_acf_changed":false},"product_brand":[],"product_cat":[324],"product_tag":[],"class_list":{"0":"post-10764","1":"product","2":"type-product","3":"status-publish","4":"has-post-thumbnail","6":"product_cat-kirby-turbo-accessoires","7":"product_shipping_class-klein-de-fr","9":"first","10":"instock","11":"sale","12":"taxable","13":"shipping-taxable","14":"purchasable","15":"product-type-simple"},"acf":[],"yoast_head":"<!-- This site is optimized with the Yoast SEO Premium plugin v27.1 (Yoast SEO v27.4) - https:\/\/yoast.com\/product\/yoast-seo-premium-wordpress\/ -->\n<title>Kit d&#039;accessoires Kirby Handi-Butler - Veltec Kirby specialist<\/title>\n<meta name=\"description\" content=\"Kit d&#039;accessoires Kirby Handi-Butler - Veltec est le fournisseur des aspirateurs Kirby depuis plus de 25 ans. Et est votre sp\u00e9cialiste de confiance\" \/>\n<meta name=\"robots\" content=\"index, follow, max-snippet:-1, max-image-preview:large, max-video-preview:-1\" \/>\n<link rel=\"canonical\" href=\"https:\/\/www.veltec.eu\/fr\/product\/kit-daccessoires-kirby-handi-butler\/\" \/>\n<meta property=\"og:locale\" content=\"fr_FR\" \/>\n<meta property=\"og:type\" content=\"article\" \/>\n<meta property=\"og:title\" content=\"Kit d&#039;accessoires Kirby Handi-Butler\" \/>\n<meta property=\"og:description\" content=\"Il s&#039;agit d&#039;un accessoire rotatif Kirby. Il transforme votre aspirateur Kirby en une machine \u00e0 couper, polir et frotter le m\u00e9tal.    En stock   Command\u00e9 23:59, exp\u00e9di\u00e9 demain  &nbsp;\" \/>\n<meta property=\"og:url\" content=\"https:\/\/www.veltec.eu\/fr\/product\/kit-daccessoires-kirby-handi-butler\/\" \/>\n<meta property=\"og:site_name\" content=\"Veltec Kirby specialist\" \/>\n<meta property=\"article:publisher\" content=\"https:\/\/www.facebook.com\/Veltec-Kirby-Specialist-236746293374877\/\" \/>\n<meta property=\"article:modified_time\" content=\"2025-04-14T10:55:33+00:00\" \/>\n<meta property=\"og:image\" content=\"https:\/\/www.veltec.eu\/wp-content\/uploads\/2018\/10\/handi-butler_vs169p_1_large_2.jpg\" \/>\n\t<meta property=\"og:image:width\" content=\"300\" \/>\n\t<meta property=\"og:image:height\" content=\"300\" \/>\n\t<meta property=\"og:image:type\" content=\"image\/jpeg\" \/>\n<meta name=\"twitter:card\" content=\"summary_large_image\" \/>\n<meta name=\"twitter:label1\" content=\"Dur\u00e9e de lecture estim\u00e9e\" \/>\n\t<meta name=\"twitter:data1\" content=\"3 minutes\" \/>\n<script type=\"application\/ld+json\" class=\"yoast-schema-graph\">{\"@context\":\"https:\\\/\\\/schema.org\",\"@graph\":[{\"@type\":\"WebPage\",\"@id\":\"https:\\\/\\\/www.veltec.eu\\\/fr\\\/product\\\/kit-daccessoires-kirby-handi-butler\\\/\",\"url\":\"https:\\\/\\\/www.veltec.eu\\\/fr\\\/product\\\/kit-daccessoires-kirby-handi-butler\\\/\",\"name\":\"Kit d'accessoires Kirby Handi-Butler - Veltec Kirby specialist\",\"isPartOf\":{\"@id\":\"https:\\\/\\\/www.veltec.eu\\\/en\\\/#website\"},\"primaryImageOfPage\":{\"@id\":\"https:\\\/\\\/www.veltec.eu\\\/fr\\\/product\\\/kit-daccessoires-kirby-handi-butler\\\/#primaryimage\"},\"image\":{\"@id\":\"https:\\\/\\\/www.veltec.eu\\\/fr\\\/product\\\/kit-daccessoires-kirby-handi-butler\\\/#primaryimage\"},\"thumbnailUrl\":\"https:\\\/\\\/www.veltec.eu\\\/wp-content\\\/uploads\\\/2018\\\/10\\\/handi-butler_vs169p_1_large_2.jpg\",\"datePublished\":\"2018-10-26T10:49:03+00:00\",\"dateModified\":\"2025-04-14T10:55:33+00:00\",\"description\":\"Kit d'accessoires Kirby Handi-Butler - Veltec est le fournisseur des aspirateurs Kirby depuis plus de 25 ans. Et est votre sp\u00e9cialiste de confiance\",\"breadcrumb\":{\"@id\":\"https:\\\/\\\/www.veltec.eu\\\/fr\\\/product\\\/kit-daccessoires-kirby-handi-butler\\\/#breadcrumb\"},\"inLanguage\":\"fr-FR\",\"potentialAction\":[{\"@type\":\"ReadAction\",\"target\":[\"https:\\\/\\\/www.veltec.eu\\\/fr\\\/product\\\/kit-daccessoires-kirby-handi-butler\\\/\"]}]},{\"@type\":\"ImageObject\",\"inLanguage\":\"fr-FR\",\"@id\":\"https:\\\/\\\/www.veltec.eu\\\/fr\\\/product\\\/kit-daccessoires-kirby-handi-butler\\\/#primaryimage\",\"url\":\"https:\\\/\\\/www.veltec.eu\\\/wp-content\\\/uploads\\\/2018\\\/10\\\/handi-butler_vs169p_1_large_2.jpg\",\"contentUrl\":\"https:\\\/\\\/www.veltec.eu\\\/wp-content\\\/uploads\\\/2018\\\/10\\\/handi-butler_vs169p_1_large_2.jpg\",\"width\":300,\"height\":300},{\"@type\":\"BreadcrumbList\",\"@id\":\"https:\\\/\\\/www.veltec.eu\\\/fr\\\/product\\\/kit-daccessoires-kirby-handi-butler\\\/#breadcrumb\",\"itemListElement\":[{\"@type\":\"ListItem\",\"position\":1,\"name\":\"Home\",\"item\":\"https:\\\/\\\/www.veltec.eu\\\/fr\\\/\"},{\"@type\":\"ListItem\",\"position\":2,\"name\":\"Kirby Shop\",\"item\":\"https:\\\/\\\/www.veltec.eu\\\/nl\\\/shop-page\\\/\"},{\"@type\":\"ListItem\",\"position\":3,\"name\":\"Kit d&#8217;accessoires Kirby Handi-Butler\"}]},{\"@type\":\"WebSite\",\"@id\":\"https:\\\/\\\/www.veltec.eu\\\/en\\\/#website\",\"url\":\"https:\\\/\\\/www.veltec.eu\\\/en\\\/\",\"name\":\"Veltec Kirby specialist\",\"description\":\"Kirby stofzuiger producten\",\"publisher\":{\"@id\":\"https:\\\/\\\/www.veltec.eu\\\/en\\\/#organization\"},\"potentialAction\":[{\"@type\":\"SearchAction\",\"target\":{\"@type\":\"EntryPoint\",\"urlTemplate\":\"https:\\\/\\\/www.veltec.eu\\\/en\\\/?s={search_term_string}\"},\"query-input\":{\"@type\":\"PropertyValueSpecification\",\"valueRequired\":true,\"valueName\":\"search_term_string\"}}],\"inLanguage\":\"fr-FR\"},{\"@type\":\"Organization\",\"@id\":\"https:\\\/\\\/www.veltec.eu\\\/en\\\/#organization\",\"name\":\"Veltec Kirby Specialist\",\"url\":\"https:\\\/\\\/www.veltec.eu\\\/en\\\/\",\"logo\":{\"@type\":\"ImageObject\",\"inLanguage\":\"fr-FR\",\"@id\":\"https:\\\/\\\/www.veltec.eu\\\/en\\\/#\\\/schema\\\/logo\\\/image\\\/\",\"url\":\"https:\\\/\\\/www.veltec.eu\\\/wp-content\\\/uploads\\\/2021\\\/12\\\/Veltec-log-groot-e1537260889125.png\",\"contentUrl\":\"https:\\\/\\\/www.veltec.eu\\\/wp-content\\\/uploads\\\/2021\\\/12\\\/Veltec-log-groot-e1537260889125.png\",\"width\":200,\"height\":60,\"caption\":\"Veltec Kirby Specialist\"},\"image\":{\"@id\":\"https:\\\/\\\/www.veltec.eu\\\/en\\\/#\\\/schema\\\/logo\\\/image\\\/\"},\"sameAs\":[\"https:\\\/\\\/www.facebook.com\\\/Veltec-Kirby-Specialist-236746293374877\\\/\",\"https:\\\/\\\/www.youtube.com\\\/user\\\/VeltecService\"]}]}<\/script>\n<!-- \/ Yoast SEO Premium plugin. -->","yoast_head_json":{"title":"Kit d'accessoires Kirby Handi-Butler - Veltec Kirby specialist","description":"Kit d'accessoires Kirby Handi-Butler - Veltec est le fournisseur des aspirateurs Kirby depuis plus de 25 ans. Et est votre sp\u00e9cialiste de confiance","robots":{"index":"index","follow":"follow","max-snippet":"max-snippet:-1","max-image-preview":"max-image-preview:large","max-video-preview":"max-video-preview:-1"},"canonical":"https:\/\/www.veltec.eu\/fr\/product\/kit-daccessoires-kirby-handi-butler\/","og_locale":"fr_FR","og_type":"article","og_title":"Kit d'accessoires Kirby Handi-Butler","og_description":"Il s'agit d'un accessoire rotatif Kirby. Il transforme votre aspirateur Kirby en une machine \u00e0 couper, polir et frotter le m\u00e9tal.    En stock   Command\u00e9 23:59, exp\u00e9di\u00e9 demain  &nbsp;","og_url":"https:\/\/www.veltec.eu\/fr\/product\/kit-daccessoires-kirby-handi-butler\/","og_site_name":"Veltec Kirby specialist","article_publisher":"https:\/\/www.facebook.com\/Veltec-Kirby-Specialist-236746293374877\/","article_modified_time":"2025-04-14T10:55:33+00:00","og_image":[{"width":300,"height":300,"url":"https:\/\/www.veltec.eu\/wp-content\/uploads\/2018\/10\/handi-butler_vs169p_1_large_2.jpg","type":"image\/jpeg"}],"twitter_card":"summary_large_image","twitter_misc":{"Dur\u00e9e de lecture estim\u00e9e":"3 minutes"},"schema":{"@context":"https:\/\/schema.org","@graph":[{"@type":"WebPage","@id":"https:\/\/www.veltec.eu\/fr\/product\/kit-daccessoires-kirby-handi-butler\/","url":"https:\/\/www.veltec.eu\/fr\/product\/kit-daccessoires-kirby-handi-butler\/","name":"Kit d'accessoires Kirby Handi-Butler - Veltec Kirby specialist","isPartOf":{"@id":"https:\/\/www.veltec.eu\/en\/#website"},"primaryImageOfPage":{"@id":"https:\/\/www.veltec.eu\/fr\/product\/kit-daccessoires-kirby-handi-butler\/#primaryimage"},"image":{"@id":"https:\/\/www.veltec.eu\/fr\/product\/kit-daccessoires-kirby-handi-butler\/#primaryimage"},"thumbnailUrl":"https:\/\/www.veltec.eu\/wp-content\/uploads\/2018\/10\/handi-butler_vs169p_1_large_2.jpg","datePublished":"2018-10-26T10:49:03+00:00","dateModified":"2025-04-14T10:55:33+00:00","description":"Kit d'accessoires Kirby Handi-Butler - Veltec est le fournisseur des aspirateurs Kirby depuis plus de 25 ans. Et est votre sp\u00e9cialiste de confiance","breadcrumb":{"@id":"https:\/\/www.veltec.eu\/fr\/product\/kit-daccessoires-kirby-handi-butler\/#breadcrumb"},"inLanguage":"fr-FR","potentialAction":[{"@type":"ReadAction","target":["https:\/\/www.veltec.eu\/fr\/product\/kit-daccessoires-kirby-handi-butler\/"]}]},{"@type":"ImageObject","inLanguage":"fr-FR","@id":"https:\/\/www.veltec.eu\/fr\/product\/kit-daccessoires-kirby-handi-butler\/#primaryimage","url":"https:\/\/www.veltec.eu\/wp-content\/uploads\/2018\/10\/handi-butler_vs169p_1_large_2.jpg","contentUrl":"https:\/\/www.veltec.eu\/wp-content\/uploads\/2018\/10\/handi-butler_vs169p_1_large_2.jpg","width":300,"height":300},{"@type":"BreadcrumbList","@id":"https:\/\/www.veltec.eu\/fr\/product\/kit-daccessoires-kirby-handi-butler\/#breadcrumb","itemListElement":[{"@type":"ListItem","position":1,"name":"Home","item":"https:\/\/www.veltec.eu\/fr\/"},{"@type":"ListItem","position":2,"name":"Kirby Shop","item":"https:\/\/www.veltec.eu\/nl\/shop-page\/"},{"@type":"ListItem","position":3,"name":"Kit d&#8217;accessoires Kirby Handi-Butler"}]},{"@type":"WebSite","@id":"https:\/\/www.veltec.eu\/en\/#website","url":"https:\/\/www.veltec.eu\/en\/","name":"Veltec Kirby specialist","description":"Kirby stofzuiger producten","publisher":{"@id":"https:\/\/www.veltec.eu\/en\/#organization"},"potentialAction":[{"@type":"SearchAction","target":{"@type":"EntryPoint","urlTemplate":"https:\/\/www.veltec.eu\/en\/?s={search_term_string}"},"query-input":{"@type":"PropertyValueSpecification","valueRequired":true,"valueName":"search_term_string"}}],"inLanguage":"fr-FR"},{"@type":"Organization","@id":"https:\/\/www.veltec.eu\/en\/#organization","name":"Veltec Kirby Specialist","url":"https:\/\/www.veltec.eu\/en\/","logo":{"@type":"ImageObject","inLanguage":"fr-FR","@id":"https:\/\/www.veltec.eu\/en\/#\/schema\/logo\/image\/","url":"https:\/\/www.veltec.eu\/wp-content\/uploads\/2021\/12\/Veltec-log-groot-e1537260889125.png","contentUrl":"https:\/\/www.veltec.eu\/wp-content\/uploads\/2021\/12\/Veltec-log-groot-e1537260889125.png","width":200,"height":60,"caption":"Veltec Kirby Specialist"},"image":{"@id":"https:\/\/www.veltec.eu\/en\/#\/schema\/logo\/image\/"},"sameAs":["https:\/\/www.facebook.com\/Veltec-Kirby-Specialist-236746293374877\/","https:\/\/www.youtube.com\/user\/VeltecService"]}]}},"_links":{"self":[{"href":"https:\/\/www.veltec.eu\/fr\/wp-json\/wp\/v2\/product\/10764","targetHints":{"allow":["GET"]}}],"collection":[{"href":"https:\/\/www.veltec.eu\/fr\/wp-json\/wp\/v2\/product"}],"about":[{"href":"https:\/\/www.veltec.eu\/fr\/wp-json\/wp\/v2\/types\/product"}],"replies":[{"embeddable":true,"href":"https:\/\/www.veltec.eu\/fr\/wp-json\/wp\/v2\/comments?post=10764"}],"wp:featuredmedia":[{"embeddable":true,"href":"https:\/\/www.veltec.eu\/fr\/wp-json\/wp\/v2\/media\/8489"}],"wp:attachment":[{"href":"https:\/\/www.veltec.eu\/fr\/wp-json\/wp\/v2\/media?parent=10764"}],"wp:term":[{"taxonomy":"product_brand","embeddable":true,"href":"https:\/\/www.veltec.eu\/fr\/wp-json\/wp\/v2\/product_brand?post=10764"},{"taxonomy":"product_cat","embeddable":true,"href":"https:\/\/www.veltec.eu\/fr\/wp-json\/wp\/v2\/product_cat?post=10764"},{"taxonomy":"product_tag","embeddable":true,"href":"https:\/\/www.veltec.eu\/fr\/wp-json\/wp\/v2\/product_tag?post=10764"}],"curies":[{"name":"wp","href":"https:\/\/api.w.org\/{rel}","templated":true}]}}