{"id":10719,"date":"2018-10-26T13:09:22","date_gmt":"2018-10-26T11:09:22","guid":{"rendered":"https:\/\/www.veltec.eu\/kirby-webshop\/flexible-pour-kirby-1m-4m-nl3160\/"},"modified":"2026-03-02T08:02:51","modified_gmt":"2026-03-02T06:02:51","slug":"flexible-pour-kirby-1m-4m-nl3160","status":"publish","type":"product","link":"https:\/\/www.veltec.eu\/fr\/product\/flexible-pour-kirby-1m-4m-nl3160\/","title":{"rendered":"Flexible pour Kirby 1m-4m"},"content":{"rendered":"<h1 data-start=\"0\" data-end=\"35\">Flexible pour Kirby 1m-4m<\/h1>\n<p data-start=\"37\" data-end=\"393\">Le Flexible pour Kirby 1m-4m est livr\u00e9 complet avec raccords avant et arri\u00e8re, offrant ainsi une connexion fiable imm\u00e9diate \u00e0 votre aspirateur Kirby. Gr\u00e2ce \u00e0 sa longueur compacte de 1 m\u00e8tre, qui peut s\u2019\u00e9tendre jusqu\u2019\u00e0 4 m\u00e8tres, ce tuyau flexible pour Kirby combine une libert\u00e9 de mouvement maximale avec un rangement pratique.<\/p>\n<h2 data-start=\"395\" data-end=\"454\">Pourquoi choisir un flexible d&#8217;aspirateur ?<\/h2>\n<p data-start=\"456\" data-end=\"740\">Le tuyau flexible pour aspirateur Kirby a \u00e9t\u00e9 sp\u00e9cialement con\u00e7u pour les endroits difficiles d&#8217;acc\u00e8s, ce qui vous permet de nettoyer plus efficacement et plus en profondeur. Gr\u00e2ce \u00e0 sa conception extensible, vous pouvez travailler de mani\u00e8re compacte tout en atteignant facilement les plafonds hauts, les escaliers et les coins profonds.<\/p>\n<p data-start=\"742\" data-end=\"984\">En outre, sa conception flexible vous permet de nettoyer sans effort inutile, tout en garantissant la solidit\u00e9 et la stabilit\u00e9 du tuyau. Ce tuyau d&#8217;aspirateur extensible Kirby est donc id\u00e9al pour un usage domestique intensif.<\/p>\n<p data-start=\"986\" data-end=\"1067\">De plus, ce tuyau est universel et convient \u00e0 tous les mod\u00e8les, notamment :<\/p>\n<ul>\n<li>Avalir Platinum<\/li>\n<li>Avalir 2<\/li>\n<li>Avalir 1<\/li>\n<li>Sentria 2 (G10D)<\/li>\n<li>Sentria 1 (G10)<\/li>\n<li>Ultimate G Diamond Ed.(G7D or DE)<\/li>\n<li>Ultimate G (G7 or UG)<\/li>\n<li>Generation 6 (G6)<\/li>\n<li>Generation 5 (G5)<\/li>\n<li>Generation 4 (G4)<\/li>\n<li>Generation 3 (G3)<\/li>\n<\/ul>\n<div class=\"flex-1 overflow-hidden\">\n<div class=\"h-full\">\n<div class=\"react-scroll-to-bottom--css-ciwdx-79elbk h-full\">\n<div class=\"react-scroll-to-bottom--css-ciwdx-1n7m0yu\">\n<div class=\"flex flex-col text-sm md:pb-9\">\n<div class=\"w-full text-token-text-primary\" dir=\"auto\" data-testid=\"conversation-turn-3\" data-scroll-anchor=\"true\">\n<div class=\"text-base py-[18px] px-3 md:px-4 m-auto md:px-5 lg:px-1 xl:px-5\">\n<div class=\"mx-auto flex flex-1 gap-4 text-base md:gap-5 lg:gap-6 md:max-w-3xl lg:max-w-[40rem] xl:max-w-[48rem]\">\n<div class=\"group\/conversation-turn relative flex w-full min-w-0 flex-col agent-turn\">\n<div class=\"flex-col gap-1 md:gap-3\">\n<div class=\"flex flex-grow flex-col max-w-full\">\n<div class=\"min-h-[20px] text-message flex w-full flex-col items-end gap-2 whitespace-pre-wrap break-words [.text-message+&amp;]:mt-5 overflow-x-auto\" dir=\"auto\" data-message-author-role=\"assistant\" data-message-id=\"75e84a25-7f0c-45d2-8ea4-22e4da0190fb\">\n<div class=\"flex w-full flex-col gap-1 empty:hidden first:pt-[3px]\">\n<div class=\"markdown prose w-full break-words dark:prose-invert light\">\n<div class=\"flex flex-col text-sm pb-25\">\n<article class=\"text-token-text-primary w-full focus:outline-none [--shadow-height:45px] has-data-writing-block:pointer-events-none has-data-writing-block:-mt-(--shadow-height) has-data-writing-block:pt-(--shadow-height) [&amp;:has([data-writing-block])&gt;*]:pointer-events-auto scroll-mt-[calc(var(--header-height)+min(200px,max(70px,20svh)))]\" dir=\"auto\" tabindex=\"-1\" data-turn-id=\"request-WEB:22b633c4-4082-4f46-b35a-0e42ce4f3021-8\" data-testid=\"conversation-turn-2\" data-scroll-anchor=\"true\" data-turn=\"assistant\">\n<div class=\"text-base my-auto mx-auto pb-10 [--thread-content-margin:--spacing(4)] @w-sm\/main:[--thread-content-margin:--spacing(6)] @w-lg\/main:[--thread-content-margin:--spacing(16)] px-(--thread-content-margin)\">\n<div class=\"[--thread-content-max-width:40rem] @w-lg\/main:[--thread-content-max-width:48rem] mx-auto max-w-(--thread-content-max-width) flex-1 group\/turn-messages focus-visible:outline-hidden relative flex w-full min-w-0 flex-col agent-turn\" tabindex=\"-1\">\n<div class=\"flex max-w-full flex-col grow\">\n<div class=\"min-h-8 text-message relative flex w-full flex-col items-end gap-2 text-start break-words whitespace-normal [.text-message+&amp;]:mt-1\" dir=\"auto\" data-message-author-role=\"assistant\" data-message-id=\"f8790694-e7c6-474a-8612-60f2f19c16db\" data-message-model-slug=\"gpt-5-2\">\n<div class=\"flex w-full flex-col gap-1 empty:hidden first:pt-[1px]\">\n<div class=\"markdown prose dark:prose-invert w-full wrap-break-word light markdown-new-styling\">\n<p data-start=\"1311\" data-end=\"1415\">Consultez \u00e9galement nos autres <a href=\"https:\/\/www.veltec.eu\/fr\/kirby-flexibles\/\" target=\"_blank\" rel=\"noopener\">tuyaux d&#8217;aspirateur Kirby<\/a> pour d\u00e9couvrir d&#8217;autres options.<\/p>\n<h2 data-start=\"1417\" data-end=\"1473\">Flexible pour aspirateur avec port\u00e9e maximale<\/h2>\n<p data-start=\"1475\" data-end=\"1718\">Avec une longueur extensible de 1 \u00e0 4 m\u00e8tres, le tuyau d&#8217;aspirateur flexible Kirby offre une port\u00e9e exceptionnelle. Vous pouvez ainsi nettoyer facilement le dessus des armoires, sous les lits et derri\u00e8re les meubles, tout en vous baissant ou en soulevant moins.<\/p>\n<p data-start=\"1720\" data-end=\"1944\">En m\u00eame temps, le tuyau reste l\u00e9ger, ce qui vous permet de le d\u00e9placer facilement dans toute la maison. Une fois le travail termin\u00e9, vous pouvez replier le tuyau flexible Kirby pour le ranger sans encombrer votre espace.<\/p>\n<p data-start=\"1946\" data-end=\"2089\">Pour plus d&#8217;informations, consultez notre blog :<a href=\"https:\/\/www.service-aspirateur-kirby.fr\/tuyau-pour-aspirateur-kirby\/\" target=\"_blank\" rel=\"noopener\"><em> Tout savoir sur le tuyau d&#8217;aspirateur Kirby<\/em><\/a><\/p>\n<h2 data-start=\"2219\" data-end=\"2287\">Flexible d&#8217;aspirateur flexible et durable pour une utilisation intensive<\/h2>\n<p data-start=\"2289\" data-end=\"2529\">La rallonge flexible pour aspirateur Kirby est fabriqu\u00e9e dans un mat\u00e9riau haut de gamme et r\u00e9sistant \u00e0 l&#8217;usure, garantissant ainsi des performances durables. La puissance d&#8217;aspiration reste ainsi optimale, tandis que la rallonge r\u00e9siste \u00e0 une utilisation quotidienne.<\/p>\n<p data-start=\"2531\" data-end=\"2803\">Le tuyau extensible Kirby est \u00e9galement facile \u00e0 raccorder et \u00e0 d\u00e9connecter, ce qui vous permet de changer rapidement d&#8217;accessoire. D\u00e9couvrez <a href=\"https:\/\/www.veltec.eu\/fr\/kirby-accessoires\/\" target=\"_blank\" rel=\"noopener\">tous les accessoires Kirby<\/a> ici.<\/p>\n<h2 data-start=\"2805\" data-end=\"2872\">Flexible d&#8217;aspirateur polyvalent et flexible pour toutes les surfaces<\/h2>\n<p data-start=\"2874\" data-end=\"3103\">L&#8217;embout flexible pour aspirateur Kirby convient aux sols durs, aux tapis, aux escaliers, aux matelas et aux int\u00e9rieurs de voiture. Vous pouvez ainsi passer sans effort d&#8217;une t\u00e2che de nettoyage \u00e0 l&#8217;autre en utilisant un seul embout.<\/p>\n<p data-start=\"3105\" data-end=\"3343\">Ce tuyau flexible offre un confort suppl\u00e9mentaire, en particulier pour les m\u00e9nages avec des animaux domestiques, car il permet d&#8217;\u00e9liminer efficacement les poils et la poussi\u00e8re m\u00eame dans les endroits difficiles d&#8217;acc\u00e8s. Vous travaillez ainsi plus rapidement, tout en obtenant un r\u00e9sultat visiblement plus approfondi.<\/p>\n<p data-start=\"3345\" data-end=\"3496\" data-is-last-node=\"\" data-is-only-node=\"\">En bref, avec le tuyau d&#8217;aspirateur flexible Kirby, vous optez pour la flexibilit\u00e9, la durabilit\u00e9 et le confort d&#8217;un nettoyage professionnel dans une solution pratique unique.<\/p>\n<\/div>\n<\/div>\n<\/div>\n<\/div>\n<\/div>\n<\/div>\n<\/article>\n<\/div>\n<\/div>\n<\/div>\n<\/div>\n<\/div>\n<\/div>\n<\/div>\n<\/div>\n<\/div>\n<\/div>\n<\/div>\n<\/div>\n<\/div>\n<\/div>\n<\/div>\n","protected":false},"excerpt":{"rendered":"<p>Le tuyau flexible pour Kirby s\u2019\u00e9tend de 1 \u00e0 4 m\u00e8tres et se connecte facilement \u00e0 tous les mod\u00e8les. Parfait pour nettoyer trappes, plafonds et espaces \u00e9troits.<\/p>\n[trustindex data-widget-id=e3bb80b24fa128098b960fc2439]\n<h3><span style=\"color: #008000;\"><br \/>\nEn stock<\/span><\/h3>\n[av_font_icon icon='ue812' font='entypo-fontello' style='' caption='' size='25px' position='left' color='#43ad66' link='' linktarget='' title_attr='' sonar_effect_effect='' sonar_effect_color='' sonar_effect_duration='1' sonar_effect_scale='' sonar_effect_opac='0.5' animation='' id='' custom_class='' template_class='' av_uid='' sc_version='1.0' admin_preview_bg=''][\/av_font_icon]\n<p><span style=\"color: #008000;\">Command\u00e9 23:59, exp\u00e9di\u00e9 demain<\/span><\/p>\n<p>&nbsp;<\/p>\n","protected":false},"featured_media":66543,"comment_status":"open","ping_status":"closed","template":"","meta":{"_acf_changed":false},"product_brand":[],"product_cat":[319],"product_tag":[],"class_list":{"0":"post-10719","1":"product","2":"type-product","3":"status-publish","4":"has-post-thumbnail","6":"product_cat-flexibles-kirby-et-accessoires","7":"product_shipping_class-klein-de-fr","9":"first","10":"instock","11":"sale","12":"taxable","13":"shipping-taxable","14":"purchasable","15":"product-type-variable"},"acf":[],"yoast_head":"<!-- This site is optimized with the Yoast SEO Premium plugin v27.1 (Yoast SEO v27.4) - https:\/\/yoast.com\/product\/yoast-seo-premium-wordpress\/ -->\n<title>Flexible pour Kirby 1m-4m \u2013 Tuyau universel et extensible<\/title>\n<meta name=\"description\" content=\"Flexible pour Kirby 1m-4m, tuyau extensible pour zones difficiles \u00e0 atteindre. Compatible avec tous les mod\u00e8les Kirby pour un nettoyage facile.\" \/>\n<meta name=\"robots\" content=\"index, follow, max-snippet:-1, max-image-preview:large, max-video-preview:-1\" \/>\n<link rel=\"canonical\" href=\"https:\/\/www.veltec.eu\/fr\/product\/flexible-pour-kirby-1m-4m-nl3160\/\" \/>\n<meta property=\"og:locale\" content=\"fr_FR\" \/>\n<meta property=\"og:type\" content=\"article\" \/>\n<meta property=\"og:title\" content=\"Flexible pour Kirby 1m-4m\" \/>\n<meta property=\"og:description\" content=\"Le tuyau flexible pour Kirby s\u2019\u00e9tend de 1 \u00e0 4 m\u00e8tres et se connecte facilement \u00e0 tous les mod\u00e8les. Parfait pour nettoyer trappes, plafonds et espaces \u00e9troits.    En stock   Command\u00e9 23:59, exp\u00e9di\u00e9 demain  &nbsp;\" \/>\n<meta property=\"og:url\" content=\"https:\/\/www.veltec.eu\/fr\/product\/flexible-pour-kirby-1m-4m-nl3160\/\" \/>\n<meta property=\"og:site_name\" content=\"Veltec Kirby specialist\" \/>\n<meta property=\"article:publisher\" content=\"https:\/\/www.facebook.com\/Veltec-Kirby-Specialist-236746293374877\/\" \/>\n<meta property=\"article:modified_time\" content=\"2026-03-02T06:02:51+00:00\" \/>\n<meta property=\"og:image\" content=\"https:\/\/www.veltec.eu\/wp-content\/uploads\/2018\/10\/IMG_6684.jpg\" \/>\n\t<meta property=\"og:image:width\" content=\"500\" \/>\n\t<meta property=\"og:image:height\" content=\"500\" \/>\n\t<meta property=\"og:image:type\" content=\"image\/jpeg\" \/>\n<meta name=\"twitter:card\" content=\"summary_large_image\" \/>\n<meta name=\"twitter:label1\" content=\"Dur\u00e9e de lecture estim\u00e9e\" \/>\n\t<meta name=\"twitter:data1\" content=\"3 minutes\" \/>\n<script type=\"application\/ld+json\" class=\"yoast-schema-graph\">{\"@context\":\"https:\\\/\\\/schema.org\",\"@graph\":[{\"@type\":\"WebPage\",\"@id\":\"https:\\\/\\\/www.veltec.eu\\\/fr\\\/product\\\/flexible-pour-kirby-1m-4m-nl3160\\\/\",\"url\":\"https:\\\/\\\/www.veltec.eu\\\/fr\\\/product\\\/flexible-pour-kirby-1m-4m-nl3160\\\/\",\"name\":\"Flexible pour Kirby 1m-4m \u2013 Tuyau universel et extensible\",\"isPartOf\":{\"@id\":\"https:\\\/\\\/www.veltec.eu\\\/en\\\/#website\"},\"primaryImageOfPage\":{\"@id\":\"https:\\\/\\\/www.veltec.eu\\\/fr\\\/product\\\/flexible-pour-kirby-1m-4m-nl3160\\\/#primaryimage\"},\"image\":{\"@id\":\"https:\\\/\\\/www.veltec.eu\\\/fr\\\/product\\\/flexible-pour-kirby-1m-4m-nl3160\\\/#primaryimage\"},\"thumbnailUrl\":\"https:\\\/\\\/www.veltec.eu\\\/wp-content\\\/uploads\\\/2018\\\/10\\\/IMG_6684.jpg\",\"datePublished\":\"2018-10-26T11:09:22+00:00\",\"dateModified\":\"2026-03-02T06:02:51+00:00\",\"description\":\"Flexible pour Kirby 1m-4m, tuyau extensible pour zones difficiles \u00e0 atteindre. Compatible avec tous les mod\u00e8les Kirby pour un nettoyage facile.\",\"breadcrumb\":{\"@id\":\"https:\\\/\\\/www.veltec.eu\\\/fr\\\/product\\\/flexible-pour-kirby-1m-4m-nl3160\\\/#breadcrumb\"},\"inLanguage\":\"fr-FR\",\"potentialAction\":[{\"@type\":\"ReadAction\",\"target\":[\"https:\\\/\\\/www.veltec.eu\\\/fr\\\/product\\\/flexible-pour-kirby-1m-4m-nl3160\\\/\"]}]},{\"@type\":\"ImageObject\",\"inLanguage\":\"fr-FR\",\"@id\":\"https:\\\/\\\/www.veltec.eu\\\/fr\\\/product\\\/flexible-pour-kirby-1m-4m-nl3160\\\/#primaryimage\",\"url\":\"https:\\\/\\\/www.veltec.eu\\\/wp-content\\\/uploads\\\/2018\\\/10\\\/IMG_6684.jpg\",\"contentUrl\":\"https:\\\/\\\/www.veltec.eu\\\/wp-content\\\/uploads\\\/2018\\\/10\\\/IMG_6684.jpg\",\"width\":500,\"height\":500},{\"@type\":\"BreadcrumbList\",\"@id\":\"https:\\\/\\\/www.veltec.eu\\\/fr\\\/product\\\/flexible-pour-kirby-1m-4m-nl3160\\\/#breadcrumb\",\"itemListElement\":[{\"@type\":\"ListItem\",\"position\":1,\"name\":\"Home\",\"item\":\"https:\\\/\\\/www.veltec.eu\\\/fr\\\/\"},{\"@type\":\"ListItem\",\"position\":2,\"name\":\"Boutique Kirby\",\"item\":\"https:\\\/\\\/www.veltec.eu\\\/fr\\\/boutique-kirby\\\/\"},{\"@type\":\"ListItem\",\"position\":3,\"name\":\"Flexible pour Kirby 1m-4m\"}]},{\"@type\":\"WebSite\",\"@id\":\"https:\\\/\\\/www.veltec.eu\\\/en\\\/#website\",\"url\":\"https:\\\/\\\/www.veltec.eu\\\/en\\\/\",\"name\":\"Veltec Kirby specialist\",\"description\":\"Kirby stofzuiger producten\",\"publisher\":{\"@id\":\"https:\\\/\\\/www.veltec.eu\\\/en\\\/#organization\"},\"potentialAction\":[{\"@type\":\"SearchAction\",\"target\":{\"@type\":\"EntryPoint\",\"urlTemplate\":\"https:\\\/\\\/www.veltec.eu\\\/en\\\/?s={search_term_string}\"},\"query-input\":{\"@type\":\"PropertyValueSpecification\",\"valueRequired\":true,\"valueName\":\"search_term_string\"}}],\"inLanguage\":\"fr-FR\"},{\"@type\":\"Organization\",\"@id\":\"https:\\\/\\\/www.veltec.eu\\\/en\\\/#organization\",\"name\":\"Veltec Kirby Specialist\",\"url\":\"https:\\\/\\\/www.veltec.eu\\\/en\\\/\",\"logo\":{\"@type\":\"ImageObject\",\"inLanguage\":\"fr-FR\",\"@id\":\"https:\\\/\\\/www.veltec.eu\\\/en\\\/#\\\/schema\\\/logo\\\/image\\\/\",\"url\":\"https:\\\/\\\/www.veltec.eu\\\/wp-content\\\/uploads\\\/2021\\\/12\\\/Veltec-log-groot-e1537260889125.png\",\"contentUrl\":\"https:\\\/\\\/www.veltec.eu\\\/wp-content\\\/uploads\\\/2021\\\/12\\\/Veltec-log-groot-e1537260889125.png\",\"width\":200,\"height\":60,\"caption\":\"Veltec Kirby Specialist\"},\"image\":{\"@id\":\"https:\\\/\\\/www.veltec.eu\\\/en\\\/#\\\/schema\\\/logo\\\/image\\\/\"},\"sameAs\":[\"https:\\\/\\\/www.facebook.com\\\/Veltec-Kirby-Specialist-236746293374877\\\/\",\"https:\\\/\\\/www.youtube.com\\\/user\\\/VeltecService\"]}]}<\/script>\n<!-- \/ Yoast SEO Premium plugin. -->","yoast_head_json":{"title":"Flexible pour Kirby 1m-4m \u2013 Tuyau universel et extensible","description":"Flexible pour Kirby 1m-4m, tuyau extensible pour zones difficiles \u00e0 atteindre. Compatible avec tous les mod\u00e8les Kirby pour un nettoyage facile.","robots":{"index":"index","follow":"follow","max-snippet":"max-snippet:-1","max-image-preview":"max-image-preview:large","max-video-preview":"max-video-preview:-1"},"canonical":"https:\/\/www.veltec.eu\/fr\/product\/flexible-pour-kirby-1m-4m-nl3160\/","og_locale":"fr_FR","og_type":"article","og_title":"Flexible pour Kirby 1m-4m","og_description":"Le tuyau flexible pour Kirby s\u2019\u00e9tend de 1 \u00e0 4 m\u00e8tres et se connecte facilement \u00e0 tous les mod\u00e8les. Parfait pour nettoyer trappes, plafonds et espaces \u00e9troits.    En stock   Command\u00e9 23:59, exp\u00e9di\u00e9 demain  &nbsp;","og_url":"https:\/\/www.veltec.eu\/fr\/product\/flexible-pour-kirby-1m-4m-nl3160\/","og_site_name":"Veltec Kirby specialist","article_publisher":"https:\/\/www.facebook.com\/Veltec-Kirby-Specialist-236746293374877\/","article_modified_time":"2026-03-02T06:02:51+00:00","og_image":[{"width":500,"height":500,"url":"https:\/\/www.veltec.eu\/wp-content\/uploads\/2018\/10\/IMG_6684.jpg","type":"image\/jpeg"}],"twitter_card":"summary_large_image","twitter_misc":{"Dur\u00e9e de lecture estim\u00e9e":"3 minutes"},"schema":{"@context":"https:\/\/schema.org","@graph":[{"@type":"WebPage","@id":"https:\/\/www.veltec.eu\/fr\/product\/flexible-pour-kirby-1m-4m-nl3160\/","url":"https:\/\/www.veltec.eu\/fr\/product\/flexible-pour-kirby-1m-4m-nl3160\/","name":"Flexible pour Kirby 1m-4m \u2013 Tuyau universel et extensible","isPartOf":{"@id":"https:\/\/www.veltec.eu\/en\/#website"},"primaryImageOfPage":{"@id":"https:\/\/www.veltec.eu\/fr\/product\/flexible-pour-kirby-1m-4m-nl3160\/#primaryimage"},"image":{"@id":"https:\/\/www.veltec.eu\/fr\/product\/flexible-pour-kirby-1m-4m-nl3160\/#primaryimage"},"thumbnailUrl":"https:\/\/www.veltec.eu\/wp-content\/uploads\/2018\/10\/IMG_6684.jpg","datePublished":"2018-10-26T11:09:22+00:00","dateModified":"2026-03-02T06:02:51+00:00","description":"Flexible pour Kirby 1m-4m, tuyau extensible pour zones difficiles \u00e0 atteindre. Compatible avec tous les mod\u00e8les Kirby pour un nettoyage facile.","breadcrumb":{"@id":"https:\/\/www.veltec.eu\/fr\/product\/flexible-pour-kirby-1m-4m-nl3160\/#breadcrumb"},"inLanguage":"fr-FR","potentialAction":[{"@type":"ReadAction","target":["https:\/\/www.veltec.eu\/fr\/product\/flexible-pour-kirby-1m-4m-nl3160\/"]}]},{"@type":"ImageObject","inLanguage":"fr-FR","@id":"https:\/\/www.veltec.eu\/fr\/product\/flexible-pour-kirby-1m-4m-nl3160\/#primaryimage","url":"https:\/\/www.veltec.eu\/wp-content\/uploads\/2018\/10\/IMG_6684.jpg","contentUrl":"https:\/\/www.veltec.eu\/wp-content\/uploads\/2018\/10\/IMG_6684.jpg","width":500,"height":500},{"@type":"BreadcrumbList","@id":"https:\/\/www.veltec.eu\/fr\/product\/flexible-pour-kirby-1m-4m-nl3160\/#breadcrumb","itemListElement":[{"@type":"ListItem","position":1,"name":"Home","item":"https:\/\/www.veltec.eu\/fr\/"},{"@type":"ListItem","position":2,"name":"Boutique Kirby","item":"https:\/\/www.veltec.eu\/fr\/boutique-kirby\/"},{"@type":"ListItem","position":3,"name":"Flexible pour Kirby 1m-4m"}]},{"@type":"WebSite","@id":"https:\/\/www.veltec.eu\/en\/#website","url":"https:\/\/www.veltec.eu\/en\/","name":"Veltec Kirby specialist","description":"Kirby stofzuiger producten","publisher":{"@id":"https:\/\/www.veltec.eu\/en\/#organization"},"potentialAction":[{"@type":"SearchAction","target":{"@type":"EntryPoint","urlTemplate":"https:\/\/www.veltec.eu\/en\/?s={search_term_string}"},"query-input":{"@type":"PropertyValueSpecification","valueRequired":true,"valueName":"search_term_string"}}],"inLanguage":"fr-FR"},{"@type":"Organization","@id":"https:\/\/www.veltec.eu\/en\/#organization","name":"Veltec Kirby Specialist","url":"https:\/\/www.veltec.eu\/en\/","logo":{"@type":"ImageObject","inLanguage":"fr-FR","@id":"https:\/\/www.veltec.eu\/en\/#\/schema\/logo\/image\/","url":"https:\/\/www.veltec.eu\/wp-content\/uploads\/2021\/12\/Veltec-log-groot-e1537260889125.png","contentUrl":"https:\/\/www.veltec.eu\/wp-content\/uploads\/2021\/12\/Veltec-log-groot-e1537260889125.png","width":200,"height":60,"caption":"Veltec Kirby Specialist"},"image":{"@id":"https:\/\/www.veltec.eu\/en\/#\/schema\/logo\/image\/"},"sameAs":["https:\/\/www.facebook.com\/Veltec-Kirby-Specialist-236746293374877\/","https:\/\/www.youtube.com\/user\/VeltecService"]}]}},"_links":{"self":[{"href":"https:\/\/www.veltec.eu\/fr\/wp-json\/wp\/v2\/product\/10719","targetHints":{"allow":["GET"]}}],"collection":[{"href":"https:\/\/www.veltec.eu\/fr\/wp-json\/wp\/v2\/product"}],"about":[{"href":"https:\/\/www.veltec.eu\/fr\/wp-json\/wp\/v2\/types\/product"}],"replies":[{"embeddable":true,"href":"https:\/\/www.veltec.eu\/fr\/wp-json\/wp\/v2\/comments?post=10719"}],"wp:featuredmedia":[{"embeddable":true,"href":"https:\/\/www.veltec.eu\/fr\/wp-json\/wp\/v2\/media\/66543"}],"wp:attachment":[{"href":"https:\/\/www.veltec.eu\/fr\/wp-json\/wp\/v2\/media?parent=10719"}],"wp:term":[{"taxonomy":"product_brand","embeddable":true,"href":"https:\/\/www.veltec.eu\/fr\/wp-json\/wp\/v2\/product_brand?post=10719"},{"taxonomy":"product_cat","embeddable":true,"href":"https:\/\/www.veltec.eu\/fr\/wp-json\/wp\/v2\/product_cat?post=10719"},{"taxonomy":"product_tag","embeddable":true,"href":"https:\/\/www.veltec.eu\/fr\/wp-json\/wp\/v2\/product_tag?post=10719"}],"curies":[{"name":"wp","href":"https:\/\/api.w.org\/{rel}","templated":true}]}}