{"id":10704,"date":"2018-10-26T13:16:39","date_gmt":"2018-10-26T11:16:39","guid":{"rendered":"https:\/\/www.veltec.eu\/kirby-webshop\/embout-de-flexible-nl3048\/"},"modified":"2026-05-14T15:01:44","modified_gmt":"2026-05-14T13:01:44","slug":"embout-de-flexible-kirby-nl3048","status":"publish","type":"product","link":"https:\/\/www.veltec.eu\/fr\/product\/embout-de-flexible-kirby-nl3048\/","title":{"rendered":"Embout de flexible Kirby"},"content":{"rendered":"<div class=\"flex max-w-full flex-col grow\">\n<div class=\"min-h-8 text-message relative flex w-full flex-col items-end gap-2 text-start break-words whitespace-normal [.text-message+&amp;]:mt-1\" dir=\"auto\" data-message-author-role=\"assistant\" data-message-id=\"c5e7b5f0-bab9-46f2-adea-58f7b1a10d50\" data-message-model-slug=\"gpt-5-2\">\n<div class=\"flex w-full flex-col gap-1 empty:hidden first:pt-[1px]\">\n<div class=\"markdown prose dark:prose-invert w-full wrap-break-word light markdown-new-styling\">\n<h1 data-start=\"0\" data-end=\"24\">Embout de flexible Kirby<\/h1>\n<p data-start=\"26\" data-end=\"324\">Embout de flexible Kirby est un raccord essentiel pour fixer en toute s\u00e9curit\u00e9 les accessoires Kirby \u00e0 votre tuyau d&#8217;aspirateur. Gr\u00e2ce \u00e0 sa conception universelle et \u00e0 sa construction robuste, cet embout assure un raccordement stable et \u00e9tanche \u00e0 l&#8217;air et des performances optimales de votre aspirateur Kirby.<\/p>\n<h2 data-start=\"331\" data-end=\"395\">Embout Kirby pour un raccordement solide des accessoires<\/h2>\n<p data-start=\"397\" data-end=\"778\">Tout d&#8217;abord, l&#8217;embout de flexible Kirby permet de fixer rapidement et pr\u00e9cis\u00e9ment divers accessoires. Vous pouvez ainsi passer sans effort d&#8217;une buse \u00e0 une brosse ou \u00e0 un autre accessoire, tout en conservant une puissance d&#8217;aspiration optimale. De plus, l&#8217;ajustement pr\u00e9cis garantit une connexion stable, de sorte que les accessoires restent bien en place m\u00eame en cas d&#8217;utilisation intensive.<\/p>\n<p data-start=\"780\" data-end=\"1113\">Gr\u00e2ce \u00e0 son mat\u00e9riau durable, l&#8217;embout reste fiable \u00e0 long terme, m\u00eame en cas de changement fr\u00e9quent d&#8217;accessoires. Vous \u00e9vitez ainsi une usure inutile de votre tuyau ou de vos raccords. D\u00e9couvrez \u00e9galement notre gamme <a href=\"https:\/\/www.veltec.eu\/fr\/accessoires-et-tuyaux\/\">d&#8217;accessoires Kirby<\/a> pour \u00e9largir vos possibilit\u00e9s de nettoyage.<\/p>\n<p data-start=\"1115\" data-end=\"1264\">Vous trouverez plus d&#8217;informations techniques sur notre page blog : <a href=\"https:\/\/www.service-aspirateur-kirby.fr\/tuyau-pour-aspirateur-kirby\/\" target=\"_blank\" rel=\"noopener\">Tout savoir sur le tuyau d&#8217;aspirateur Kirby<\/a><\/p>\n<h2 data-start=\"1271\" data-end=\"1326\">Embout universel pour tuyau pour tous les mod\u00e8les<\/h2>\n<p data-start=\"1328\" data-end=\"1499\">L&#8217;embout de flexible est universel et s&#8217;adapte \u00e0 tous les aspirateurs Kirby, ce qui exclut tout probl\u00e8me de compatibilit\u00e9. L&#8217;embout s&#8217;adapte notamment aux mod\u00e8les suivants :<\/p>\n<ul data-start=\"1501\" data-end=\"1742\">\n<li data-start=\"1501\" data-end=\"1520\">Avalir Platinum<\/li>\n<li data-start=\"1521\" data-end=\"1533\">Avalir 2<\/li>\n<li data-start=\"1534\" data-end=\"1546\">Avalir 1<\/li>\n<li data-start=\"1547\" data-end=\"1567\">Sentria 2 (G10D)<\/li>\n<li data-start=\"1568\" data-end=\"1587\">Sentria 1 (G10)<\/li>\n<li data-start=\"1588\" data-end=\"1629\">Ultimate G Diamond Edition (G7D \/ DE)<\/li>\n<li data-start=\"1630\" data-end=\"1654\">Ultimate G (G7 \/ UG)<\/li>\n<li data-start=\"1655\" data-end=\"1676\">Generation 6 (G6)<\/li>\n<li data-start=\"1677\" data-end=\"1698\">Generation 5 (G5)<\/li>\n<li data-start=\"1699\" data-end=\"1720\">Generation 4 (G4)<\/li>\n<li data-start=\"1721\" data-end=\"1742\">Generation 3 (G3)<\/li>\n<\/ul>\n<p data-start=\"1744\" data-end=\"1983\">Il convient donc aussi bien aux anciens mod\u00e8les qu&#8217;aux nouveaux syst\u00e8mes Kirby. Alors que d&#8217;autres pi\u00e8ces peuvent d\u00e9pendre du mod\u00e8le, cet embout de tuyau universel offre une flexibilit\u00e9 maximale dans toute la gamme Kirby.<\/p>\n<p data-start=\"1985\" data-end=\"2118\">Pour des performances optimales, combinez ce produit avec un nouveau <a href=\"https:\/\/www.veltec.eu\/fr\/accessoires-et-tuyaux\/flexibles-kirby-et-accessoires\/\">tuyau d&#8217;aspirateur Kirby<\/a>.<\/p>\n<h2 data-start=\"2125\" data-end=\"2187\">Kirby Embout de tuyau avec construction pivotante \u00e0 360 degr\u00e9s<\/h2>\n<p data-start=\"2189\" data-end=\"2412\">De plus, l&#8217;embout du tuyau est dot\u00e9 d&#8217;un raccord flexible et pivotant \u00e0 360 degr\u00e9s. Cela permet au tuyau de bouger librement pendant le nettoyage, tout en \u00e9vitant efficacement les pliures ou les torsions.<\/p>\n<p data-start=\"2414\" data-end=\"2652\">Cette fonction pivotante est particuli\u00e8rement pratique pour nettoyer les escaliers, les meubles et les coins difficiles d&#8217;acc\u00e8s. De plus, la rotation souple r\u00e9duit la tension sur le tuyau, ce qui prolonge la dur\u00e9e de vie de vos accessoires Kirby.<\/p>\n<p data-start=\"2654\" data-end=\"2832\">Pour obtenir des instructions de montage et des explications pratiques, regardez la vid\u00e9o :<\/p>\n<div  class='avia-video av-kirbyvideo-7be79502974b0481fd5cf740e731c208 avia-video-16-9 av-no-preview-image avia-video-load-always av-lazyload-immediate av-lazyload-video-embed'  itemprop=\"video\" itemtype=\"https:\/\/schema.org\/VideoObject\"  data-original_url='https:\/\/youtu.be\/PsbmjyBy-Do'><script type='text\/html' class='av-video-tmpl'><div class='avia-iframe-wrap'><iframe loading=\"lazy\" title=\"Kirby vacuum Veltec - Replace the attachment parts\" width=\"1500\" height=\"844\" src=\"https:\/\/www.youtube.com\/embed\/PsbmjyBy-Do?feature=oembed&enablejsapi=1&origin=https:\/\/www.veltec.eu&autoplay=0&loop=0&controls=1&mute=0\" frameborder=\"0\" allow=\"accelerometer; autoplay; clipboard-write; encrypted-media; gyroscope; picture-in-picture; web-share\" referrerpolicy=\"strict-origin-when-cross-origin\" allowfullscreen><\/iframe><\/div><\/script><div class='av-click-to-play-overlay'><div class=\"avia_playpause_icon\"><\/div><\/div><\/div>\n<h2 data-start=\"2839\" data-end=\"2896\">Embout de tuyau, accessoire Kirby indispensable<\/h2>\n<p data-start=\"2898\" data-end=\"3150\">L&#8217;embout de flexible Kirby est un \u00e9l\u00e9ment de raccordement indispensable au sein du syst\u00e8me de flexibles Kirby. Gr\u00e2ce \u00e0 sa forme universelle, son raccord solide et sa construction pivotante, cet embout de flexible optimise \u00e0 la fois la facilit\u00e9 d&#8217;utilisation et les performances.<\/p>\n<p data-start=\"3152\" data-end=\"3422\" data-is-last-node=\"\" data-is-only-node=\"\">En optant pour une qualit\u00e9 d&#8217;origine et une connexion fiable, vous investissez dans la durabilit\u00e9 et l&#8217;efficacit\u00e9. Ainsi, votre aspirateur Kirby continuera \u00e0 fonctionner comme pr\u00e9vu, tout en vous offrant un contr\u00f4le et une flexibilit\u00e9 maximaux lors de chaque t\u00e2che de nettoyage.<\/p>\n<\/div>\n<\/div>\n<\/div>\n<\/div>\n","protected":false},"excerpt":{"rendered":"<p>L&#8217;embout de flexible Kirby assure un raccordement solide et \u00e9tanche \u00e0 l&#8217;air de vos accessoires Kirby. Universel et pivotant \u00e0 360 degr\u00e9s pour une facilit\u00e9 d&#8217;utilisation optimale.<\/p>\n[trustindex data-widget-id=e3bb80b24fa128098b960fc2439]\n<h3><span style=\"color: #008000;\"><br \/>\nEn stock<\/span><\/h3>\n[av_font_icon icon='ue812' font='entypo-fontello' style='' caption='' size='25px' position='left' color='#43ad66' link='' linktarget='' title_attr='' sonar_effect_effect='' sonar_effect_color='' sonar_effect_duration='1' sonar_effect_scale='' sonar_effect_opac='0.5' animation='' id='' custom_class='' template_class='' av_uid='' sc_version='1.0' admin_preview_bg=''][\/av_font_icon]\n<p><span style=\"color: #008000;\">Command\u00e9 23:59, exp\u00e9di\u00e9 demain<\/span><\/p>\n<p>&nbsp;<\/p>\n","protected":false},"featured_media":8540,"comment_status":"open","ping_status":"closed","template":"","meta":{"_acf_changed":false},"product_brand":[],"product_cat":[319],"product_tag":[],"class_list":{"0":"post-10704","1":"product","2":"type-product","3":"status-publish","4":"has-post-thumbnail","6":"product_cat-flexibles-kirby-et-accessoires","7":"product_shipping_class-klein-de-fr","9":"first","10":"instock","11":"taxable","12":"shipping-taxable","13":"purchasable","14":"product-type-simple"},"acf":[],"yoast_head":"<!-- This site is optimized with the Yoast SEO Premium plugin v27.1 (Yoast SEO v27.5) - https:\/\/yoast.com\/product\/yoast-seo-premium-wordpress\/ -->\n<title>Embout de flexible Kirby \u2013 Connexion universelle<\/title>\n<meta name=\"description\" content=\"Embout universel de flexible Kirby pour raccordement solide des accessoires. Convient \u00e0 tous les mod\u00e8les Kirby et pivotant \u00e0 360\u00b0.\" \/>\n<meta name=\"robots\" content=\"index, follow, max-snippet:-1, max-image-preview:large, max-video-preview:-1\" \/>\n<link rel=\"canonical\" href=\"https:\/\/www.veltec.eu\/fr\/product\/embout-de-flexible-kirby-nl3048\/\" \/>\n<meta property=\"og:locale\" content=\"fr_FR\" \/>\n<meta property=\"og:type\" content=\"article\" \/>\n<meta property=\"og:title\" content=\"Embout de flexible Kirby\" \/>\n<meta property=\"og:description\" content=\"L&#039;embout de flexible Kirby assure un raccordement solide et \u00e9tanche \u00e0 l&#039;air de vos accessoires Kirby. Universel et pivotant \u00e0 360 degr\u00e9s pour une facilit\u00e9 d&#039;utilisation optimale.    En stock   Command\u00e9 23:59, exp\u00e9di\u00e9 demain  &nbsp;\" \/>\n<meta property=\"og:url\" content=\"https:\/\/www.veltec.eu\/fr\/product\/embout-de-flexible-kirby-nl3048\/\" \/>\n<meta property=\"og:site_name\" content=\"Veltec Kirby specialist\" \/>\n<meta property=\"article:publisher\" content=\"https:\/\/www.facebook.com\/Veltec-Kirby-Specialist-236746293374877\/\" \/>\n<meta property=\"article:modified_time\" content=\"2026-05-14T13:01:44+00:00\" \/>\n<meta property=\"og:image\" content=\"https:\/\/www.veltec.eu\/wp-content\/uploads\/2018\/10\/kirby_eindstuk_slang.jpg\" \/>\n\t<meta property=\"og:image:width\" content=\"300\" \/>\n\t<meta property=\"og:image:height\" content=\"300\" \/>\n\t<meta property=\"og:image:type\" content=\"image\/jpeg\" \/>\n<meta name=\"twitter:card\" content=\"summary_large_image\" \/>\n<meta name=\"twitter:label1\" content=\"Dur\u00e9e de lecture estim\u00e9e\" \/>\n\t<meta name=\"twitter:data1\" content=\"3 minutes\" \/>\n<script type=\"application\/ld+json\" class=\"yoast-schema-graph\">{\"@context\":\"https:\\\/\\\/schema.org\",\"@graph\":[{\"@type\":\"WebPage\",\"@id\":\"https:\\\/\\\/www.veltec.eu\\\/fr\\\/product\\\/embout-de-flexible-kirby-nl3048\\\/\",\"url\":\"https:\\\/\\\/www.veltec.eu\\\/fr\\\/product\\\/embout-de-flexible-kirby-nl3048\\\/\",\"name\":\"Embout de flexible Kirby \u2013 Connexion universelle\",\"isPartOf\":{\"@id\":\"https:\\\/\\\/www.veltec.eu\\\/en\\\/#website\"},\"primaryImageOfPage\":{\"@id\":\"https:\\\/\\\/www.veltec.eu\\\/fr\\\/product\\\/embout-de-flexible-kirby-nl3048\\\/#primaryimage\"},\"image\":{\"@id\":\"https:\\\/\\\/www.veltec.eu\\\/fr\\\/product\\\/embout-de-flexible-kirby-nl3048\\\/#primaryimage\"},\"thumbnailUrl\":\"https:\\\/\\\/www.veltec.eu\\\/wp-content\\\/uploads\\\/2018\\\/10\\\/kirby_eindstuk_slang.jpg\",\"datePublished\":\"2018-10-26T11:16:39+00:00\",\"dateModified\":\"2026-05-14T13:01:44+00:00\",\"description\":\"Embout universel de flexible Kirby pour raccordement solide des accessoires. Convient \u00e0 tous les mod\u00e8les Kirby et pivotant \u00e0 360\u00b0.\",\"breadcrumb\":{\"@id\":\"https:\\\/\\\/www.veltec.eu\\\/fr\\\/product\\\/embout-de-flexible-kirby-nl3048\\\/#breadcrumb\"},\"inLanguage\":\"fr-FR\",\"potentialAction\":[{\"@type\":\"ReadAction\",\"target\":[\"https:\\\/\\\/www.veltec.eu\\\/fr\\\/product\\\/embout-de-flexible-kirby-nl3048\\\/\"]}]},{\"@type\":\"ImageObject\",\"inLanguage\":\"fr-FR\",\"@id\":\"https:\\\/\\\/www.veltec.eu\\\/fr\\\/product\\\/embout-de-flexible-kirby-nl3048\\\/#primaryimage\",\"url\":\"https:\\\/\\\/www.veltec.eu\\\/wp-content\\\/uploads\\\/2018\\\/10\\\/kirby_eindstuk_slang.jpg\",\"contentUrl\":\"https:\\\/\\\/www.veltec.eu\\\/wp-content\\\/uploads\\\/2018\\\/10\\\/kirby_eindstuk_slang.jpg\",\"width\":300,\"height\":300,\"caption\":\"Embout de flexible Kirby\"},{\"@type\":\"BreadcrumbList\",\"@id\":\"https:\\\/\\\/www.veltec.eu\\\/fr\\\/product\\\/embout-de-flexible-kirby-nl3048\\\/#breadcrumb\",\"itemListElement\":[{\"@type\":\"ListItem\",\"position\":1,\"name\":\"Home\",\"item\":\"https:\\\/\\\/www.veltec.eu\\\/fr\\\/accueil\\\/\"},{\"@type\":\"ListItem\",\"position\":2,\"name\":\"Boutique Kirby\",\"item\":\"https:\\\/\\\/www.veltec.eu\\\/fr\\\/boutique-kirby\\\/\"},{\"@type\":\"ListItem\",\"position\":3,\"name\":\"Embout de flexible Kirby\"}]},{\"@type\":\"WebSite\",\"@id\":\"https:\\\/\\\/www.veltec.eu\\\/en\\\/#website\",\"url\":\"https:\\\/\\\/www.veltec.eu\\\/en\\\/\",\"name\":\"Veltec Kirby specialist\",\"description\":\"Kirby stofzuiger producten\",\"publisher\":{\"@id\":\"https:\\\/\\\/www.veltec.eu\\\/en\\\/#organization\"},\"potentialAction\":[{\"@type\":\"SearchAction\",\"target\":{\"@type\":\"EntryPoint\",\"urlTemplate\":\"https:\\\/\\\/www.veltec.eu\\\/en\\\/?s={search_term_string}\"},\"query-input\":{\"@type\":\"PropertyValueSpecification\",\"valueRequired\":true,\"valueName\":\"search_term_string\"}}],\"inLanguage\":\"fr-FR\"},{\"@type\":\"Organization\",\"@id\":\"https:\\\/\\\/www.veltec.eu\\\/en\\\/#organization\",\"name\":\"Veltec Kirby Specialist\",\"url\":\"https:\\\/\\\/www.veltec.eu\\\/en\\\/\",\"logo\":{\"@type\":\"ImageObject\",\"inLanguage\":\"fr-FR\",\"@id\":\"https:\\\/\\\/www.veltec.eu\\\/en\\\/#\\\/schema\\\/logo\\\/image\\\/\",\"url\":\"https:\\\/\\\/www.veltec.eu\\\/wp-content\\\/uploads\\\/2021\\\/12\\\/Veltec-log-groot-e1537260889125.png\",\"contentUrl\":\"https:\\\/\\\/www.veltec.eu\\\/wp-content\\\/uploads\\\/2021\\\/12\\\/Veltec-log-groot-e1537260889125.png\",\"width\":200,\"height\":60,\"caption\":\"Veltec Kirby Specialist\"},\"image\":{\"@id\":\"https:\\\/\\\/www.veltec.eu\\\/en\\\/#\\\/schema\\\/logo\\\/image\\\/\"},\"sameAs\":[\"https:\\\/\\\/www.facebook.com\\\/Veltec-Kirby-Specialist-236746293374877\\\/\",\"https:\\\/\\\/www.youtube.com\\\/user\\\/VeltecService\"]}]}<\/script>\n<!-- \/ Yoast SEO Premium plugin. -->","yoast_head_json":{"title":"Embout de flexible Kirby \u2013 Connexion universelle","description":"Embout universel de flexible Kirby pour raccordement solide des accessoires. Convient \u00e0 tous les mod\u00e8les Kirby et pivotant \u00e0 360\u00b0.","robots":{"index":"index","follow":"follow","max-snippet":"max-snippet:-1","max-image-preview":"max-image-preview:large","max-video-preview":"max-video-preview:-1"},"canonical":"https:\/\/www.veltec.eu\/fr\/product\/embout-de-flexible-kirby-nl3048\/","og_locale":"fr_FR","og_type":"article","og_title":"Embout de flexible Kirby","og_description":"L'embout de flexible Kirby assure un raccordement solide et \u00e9tanche \u00e0 l'air de vos accessoires Kirby. Universel et pivotant \u00e0 360 degr\u00e9s pour une facilit\u00e9 d'utilisation optimale.    En stock   Command\u00e9 23:59, exp\u00e9di\u00e9 demain  &nbsp;","og_url":"https:\/\/www.veltec.eu\/fr\/product\/embout-de-flexible-kirby-nl3048\/","og_site_name":"Veltec Kirby specialist","article_publisher":"https:\/\/www.facebook.com\/Veltec-Kirby-Specialist-236746293374877\/","article_modified_time":"2026-05-14T13:01:44+00:00","og_image":[{"width":300,"height":300,"url":"https:\/\/www.veltec.eu\/wp-content\/uploads\/2018\/10\/kirby_eindstuk_slang.jpg","type":"image\/jpeg"}],"twitter_card":"summary_large_image","twitter_misc":{"Dur\u00e9e de lecture estim\u00e9e":"3 minutes"},"schema":{"@context":"https:\/\/schema.org","@graph":[{"@type":"WebPage","@id":"https:\/\/www.veltec.eu\/fr\/product\/embout-de-flexible-kirby-nl3048\/","url":"https:\/\/www.veltec.eu\/fr\/product\/embout-de-flexible-kirby-nl3048\/","name":"Embout de flexible Kirby \u2013 Connexion universelle","isPartOf":{"@id":"https:\/\/www.veltec.eu\/en\/#website"},"primaryImageOfPage":{"@id":"https:\/\/www.veltec.eu\/fr\/product\/embout-de-flexible-kirby-nl3048\/#primaryimage"},"image":{"@id":"https:\/\/www.veltec.eu\/fr\/product\/embout-de-flexible-kirby-nl3048\/#primaryimage"},"thumbnailUrl":"https:\/\/www.veltec.eu\/wp-content\/uploads\/2018\/10\/kirby_eindstuk_slang.jpg","datePublished":"2018-10-26T11:16:39+00:00","dateModified":"2026-05-14T13:01:44+00:00","description":"Embout universel de flexible Kirby pour raccordement solide des accessoires. Convient \u00e0 tous les mod\u00e8les Kirby et pivotant \u00e0 360\u00b0.","breadcrumb":{"@id":"https:\/\/www.veltec.eu\/fr\/product\/embout-de-flexible-kirby-nl3048\/#breadcrumb"},"inLanguage":"fr-FR","potentialAction":[{"@type":"ReadAction","target":["https:\/\/www.veltec.eu\/fr\/product\/embout-de-flexible-kirby-nl3048\/"]}]},{"@type":"ImageObject","inLanguage":"fr-FR","@id":"https:\/\/www.veltec.eu\/fr\/product\/embout-de-flexible-kirby-nl3048\/#primaryimage","url":"https:\/\/www.veltec.eu\/wp-content\/uploads\/2018\/10\/kirby_eindstuk_slang.jpg","contentUrl":"https:\/\/www.veltec.eu\/wp-content\/uploads\/2018\/10\/kirby_eindstuk_slang.jpg","width":300,"height":300,"caption":"Embout de flexible Kirby"},{"@type":"BreadcrumbList","@id":"https:\/\/www.veltec.eu\/fr\/product\/embout-de-flexible-kirby-nl3048\/#breadcrumb","itemListElement":[{"@type":"ListItem","position":1,"name":"Home","item":"https:\/\/www.veltec.eu\/fr\/accueil\/"},{"@type":"ListItem","position":2,"name":"Boutique Kirby","item":"https:\/\/www.veltec.eu\/fr\/boutique-kirby\/"},{"@type":"ListItem","position":3,"name":"Embout de flexible Kirby"}]},{"@type":"WebSite","@id":"https:\/\/www.veltec.eu\/en\/#website","url":"https:\/\/www.veltec.eu\/en\/","name":"Veltec Kirby specialist","description":"Kirby stofzuiger producten","publisher":{"@id":"https:\/\/www.veltec.eu\/en\/#organization"},"potentialAction":[{"@type":"SearchAction","target":{"@type":"EntryPoint","urlTemplate":"https:\/\/www.veltec.eu\/en\/?s={search_term_string}"},"query-input":{"@type":"PropertyValueSpecification","valueRequired":true,"valueName":"search_term_string"}}],"inLanguage":"fr-FR"},{"@type":"Organization","@id":"https:\/\/www.veltec.eu\/en\/#organization","name":"Veltec Kirby Specialist","url":"https:\/\/www.veltec.eu\/en\/","logo":{"@type":"ImageObject","inLanguage":"fr-FR","@id":"https:\/\/www.veltec.eu\/en\/#\/schema\/logo\/image\/","url":"https:\/\/www.veltec.eu\/wp-content\/uploads\/2021\/12\/Veltec-log-groot-e1537260889125.png","contentUrl":"https:\/\/www.veltec.eu\/wp-content\/uploads\/2021\/12\/Veltec-log-groot-e1537260889125.png","width":200,"height":60,"caption":"Veltec Kirby Specialist"},"image":{"@id":"https:\/\/www.veltec.eu\/en\/#\/schema\/logo\/image\/"},"sameAs":["https:\/\/www.facebook.com\/Veltec-Kirby-Specialist-236746293374877\/","https:\/\/www.youtube.com\/user\/VeltecService"]}]}},"_links":{"self":[{"href":"https:\/\/www.veltec.eu\/fr\/wp-json\/wp\/v2\/product\/10704","targetHints":{"allow":["GET"]}}],"collection":[{"href":"https:\/\/www.veltec.eu\/fr\/wp-json\/wp\/v2\/product"}],"about":[{"href":"https:\/\/www.veltec.eu\/fr\/wp-json\/wp\/v2\/types\/product"}],"replies":[{"embeddable":true,"href":"https:\/\/www.veltec.eu\/fr\/wp-json\/wp\/v2\/comments?post=10704"}],"wp:featuredmedia":[{"embeddable":true,"href":"https:\/\/www.veltec.eu\/fr\/wp-json\/wp\/v2\/media\/8540"}],"wp:attachment":[{"href":"https:\/\/www.veltec.eu\/fr\/wp-json\/wp\/v2\/media?parent=10704"}],"wp:term":[{"taxonomy":"product_brand","embeddable":true,"href":"https:\/\/www.veltec.eu\/fr\/wp-json\/wp\/v2\/product_brand?post=10704"},{"taxonomy":"product_cat","embeddable":true,"href":"https:\/\/www.veltec.eu\/fr\/wp-json\/wp\/v2\/product_cat?post=10704"},{"taxonomy":"product_tag","embeddable":true,"href":"https:\/\/www.veltec.eu\/fr\/wp-json\/wp\/v2\/product_tag?post=10704"}],"curies":[{"name":"wp","href":"https:\/\/api.w.org\/{rel}","templated":true}]}}