{"id":10699,"date":"2018-10-26T13:20:43","date_gmt":"2018-10-26T11:20:43","guid":{"rendered":"https:\/\/www.veltec.eu\/kirby-webshop\/flexible-sans-raccords-2m-nl3103\/"},"modified":"2026-03-02T13:25:02","modified_gmt":"2026-03-02T11:25:02","slug":"flexible-sans-raccords-kirby-2m-nl3103","status":"publish","type":"product","link":"https:\/\/www.veltec.eu\/fr\/product\/flexible-sans-raccords-kirby-2m-nl3103\/","title":{"rendered":"Flexible sans raccords Kirby 2m"},"content":{"rendered":"<h1 data-start=\"0\" data-end=\"39\">Flexible sans raccords Kirby 2m<\/h1>\n<p data-start=\"40\" data-end=\"281\">Le Flexible sans raccords Kirby 2m est un tuyau de remplacement pratique de 2 m\u00e8tres qui vous permet de remplacer facilement votre tuyau usag\u00e9. Vous pouvez ainsi r\u00e9utiliser les raccords existants et votre aspirateur Kirby continue de fonctionner de mani\u00e8re optimale.<\/p>\n<h2 data-start=\"283\" data-end=\"345\">Pourquoi choisir le tuyau Kirby sans raccords ?<\/h2>\n<p data-start=\"346\" data-end=\"710\">Le tuyau Kirby sans raccords offre une solution intelligente lorsque votre tuyau actuel est us\u00e9. De plus, gr\u00e2ce \u00e0 cette pi\u00e8ce de rechange, vous n&#8217;avez pas besoin d&#8217;acheter le kit de tuyaux complet. Vous r\u00e9alisez ainsi des \u00e9conomies et conservez les raccords d&#8217;origine. De plus, sa construction robuste garantit le maintien de la puissance d&#8217;aspiration de votre Kirby.<\/p>\n<p data-start=\"712\" data-end=\"996\">Vous recherchez des pi\u00e8ces suppl\u00e9mentaires ? Consultez notre page interne consacr\u00e9e aux <a href=\"https:\/\/www.veltec.eu\/fr\/?page_id=59962\" target=\"_blank\" rel=\"noopener\">flexibles et accessoires Kirby<\/a>. Pour plus d&#8217;informations, consultez \u00e9galement le blog <a href=\"https:\/\/www.service-aspirateur-kirby.fr\/tuyau-pour-aspirateur-kirby\/\" target=\"_blank\" rel=\"noopener\">Tout savoir sur le tuyau d&#8217;aspirateur Kirby.<\/a><\/p>\n<h2 data-start=\"998\" data-end=\"1060\">Flexible Kirby facile \u00e0 monter sans raccords<\/h2>\n<p data-start=\"1061\" data-end=\"1400\">Le flexible Kirby sans raccords a \u00e9t\u00e9 sp\u00e9cialement con\u00e7u pour un montage rapide. Vous pouvez ainsi transf\u00e9rer facilement les anciens raccords sur le nouveau flexible. Commencez par chauffer les extr\u00e9mit\u00e9s \u00e0 l&#8217;eau chaude, puis retirez les anciens raccords sans difficult\u00e9. Placez-les ensuite fermement sur le nouveau flexible pour obtenir un raccordement parfait.<\/p>\n<p data-start=\"1402\" data-end=\"1646\">Pour obtenir une aide suppl\u00e9mentaire, regardez la vid\u00e9o :<\/p>\n<div  class='avia-video av-kirbyvideo-7be79502974b0481fd5cf740e731c208 avia-video-16-9 av-no-preview-image avia-video-load-always av-lazyload-immediate av-lazyload-video-embed'  itemprop=\"video\" itemtype=\"https:\/\/schema.org\/VideoObject\"  data-original_url='https:\/\/youtu.be\/PsbmjyBy-Do'><script type='text\/html' class='av-video-tmpl'><div class='avia-iframe-wrap'><iframe loading=\"lazy\" title=\"Kirby vacuum Veltec - Replace the attachment parts\" width=\"1500\" height=\"844\" src=\"https:\/\/www.youtube.com\/embed\/PsbmjyBy-Do?feature=oembed&enablejsapi=1&origin=https:\/\/www.veltec.eu&autoplay=0&loop=0&controls=1&mute=0\" frameborder=\"0\" allow=\"accelerometer; autoplay; clipboard-write; encrypted-media; gyroscope; picture-in-picture; web-share\" referrerpolicy=\"strict-origin-when-cross-origin\" allowfullscreen><\/iframe><\/div><\/script><div class='av-click-to-play-overlay'><div class=\"avia_playpause_icon\"><\/div><\/div><\/div>\n<p data-start=\"1402\" data-end=\"1646\">Cela vous permet d&#8217;effectuer l&#8217;installation rapidement et correctement.<\/p>\n<h2 data-start=\"1648\" data-end=\"1686\">Convient \u00e0 tous les aspirateurs Kirby<\/h2>\n<p data-start=\"1687\" data-end=\"1817\">Le tuyau sans raccords s&#8217;adapte \u00e0 presque tous les mod\u00e8les Kirby. Vous \u00eates ainsi assur\u00e9 d&#8217;une large compatibilit\u00e9.<\/p>\n<h3 data-start=\"1819\" data-end=\"1876\">Compatibilit\u00e9 des tuyaux sans raccords<\/h3>\n<p data-start=\"1877\" data-end=\"1906\">Convient notamment pour :<\/p>\n<ul data-start=\"1907\" data-end=\"2142\">\n<li data-start=\"1907\" data-end=\"1926\">Avalir Platinum<\/li>\n<li data-start=\"1927\" data-end=\"1939\">Avalir 2<\/li>\n<li data-start=\"1940\" data-end=\"1952\">Avalir 1<\/li>\n<li data-start=\"1953\" data-end=\"1973\">Sentria 2 (G10D)<\/li>\n<li data-start=\"1974\" data-end=\"1993\">Sentria 1 (G10)<\/li>\n<li data-start=\"1994\" data-end=\"2033\">Ultimate G Diamond Edition (G7D\/DE)<\/li>\n<li data-start=\"2034\" data-end=\"2056\">Ultimate G (G7\/UG)<\/li>\n<li data-start=\"2057\" data-end=\"2078\">Generation 6 (G6)<\/li>\n<li data-start=\"2079\" data-end=\"2100\">Generation 5 (G5)<\/li>\n<li data-start=\"2101\" data-end=\"2122\">Generation 4 (G4)<\/li>\n<li data-start=\"2123\" data-end=\"2142\">Generation 3 (G3)<\/li>\n<\/ul>\n<h2 data-start=\"2144\" data-end=\"2210\">Qualit\u00e9 durable du tuyau Kirby sans raccords<\/h2>\n<p data-start=\"2211\" data-end=\"2516\">Le tuyau Kirby sans raccords est fabriqu\u00e9 \u00e0 partir de mat\u00e9riaux r\u00e9sistants \u00e0 l&#8217;usure. Il reste ainsi souple et solide m\u00eame apr\u00e8s une utilisation prolong\u00e9e. De plus, la structure solide de la paroi emp\u00eache les fuites d&#8217;air, ce qui permet de conserver la puissance d&#8217;aspiration. Votre aspirateur Kirby fonctionne ainsi \u00e0 nouveau comme pr\u00e9vu.<\/p>\n<h2 data-start=\"2518\" data-end=\"2560\">Ajustement parfait et performances maximales<\/h2>\n<p data-start=\"2561\" data-end=\"2850\">Comme le tuyau Kirby sans raccords est une pi\u00e8ce d&#8217;origine adapt\u00e9e, il s&#8217;adapte parfaitement \u00e0 vos raccords existants. Cela permet d&#8217;\u00e9viter les fuites ou une perte de puissance d&#8217;aspiration. De plus, gr\u00e2ce \u00e0 sa longueur de 2 m\u00e8tres, il offre une libert\u00e9 de mouvement optimale pendant le nettoyage.<\/p>\n<p data-start=\"2852\" data-end=\"3043\" data-is-last-node=\"\" data-is-only-node=\"\">Avec le flexible sans raccords Kirby 2 m\u00e8tres, vous optez pour un tuyau de remplacement \u00e9conomique, durable et facile \u00e0 installer qui remettra votre aspirateur Kirby en parfait \u00e9tat de fonctionnement.<\/p>\n","protected":false},"excerpt":{"rendered":"<p>Le flexible Kirby sans raccords 2 m est un flexible de remplacement durable qui vous permet de r\u00e9utiliser facilement vos raccords existants. Vous r\u00e9alisez ainsi des \u00e9conomies et votre aspirateur Kirby continue de fonctionner de mani\u00e8re optimale.<\/p>\n[trustindex data-widget-id=e3bb80b24fa128098b960fc2439]\n<h3><span style=\"color: #008000;\"><br \/>\nEn stock<\/span><\/h3>\n[av_font_icon icon='ue812' font='entypo-fontello' style='' caption='' size='25px' position='left' color='#43ad66' link='' linktarget='' title_attr='' sonar_effect_effect='' sonar_effect_color='' sonar_effect_duration='1' sonar_effect_scale='' sonar_effect_opac='0.5' animation='' id='' custom_class='' template_class='' av_uid='' sc_version='1.0' admin_preview_bg=''][\/av_font_icon]\n<p><span style=\"color: #008000;\">Command\u00e9 23:59, exp\u00e9di\u00e9 demain<\/span><\/p>\n<p>&nbsp;<\/p>\n","protected":false},"featured_media":8548,"comment_status":"open","ping_status":"closed","template":"","meta":{"_acf_changed":false},"product_brand":[],"product_cat":[319],"product_tag":[],"class_list":{"0":"post-10699","1":"product","2":"type-product","3":"status-publish","4":"has-post-thumbnail","6":"product_cat-flexibles-kirby-et-accessoires","7":"product_shipping_class-klein-de-fr","9":"first","10":"instock","11":"taxable","12":"shipping-taxable","13":"purchasable","14":"product-type-simple"},"acf":[],"yoast_head":"<!-- This site is optimized with the Yoast SEO Premium plugin v27.1 (Yoast SEO v27.4) - https:\/\/yoast.com\/product\/yoast-seo-premium-wordpress\/ -->\n<title>Flexible sans raccords Kirby 2m | Originel<\/title>\n<meta name=\"description\" content=\"Remplacez facilement votre ancien flexible sans raccords Kirby 2m , r\u00e9utilisez les raccords existants et conservez ainsi une puissance d&#039;aspiration.\" \/>\n<meta name=\"robots\" content=\"index, follow, max-snippet:-1, max-image-preview:large, max-video-preview:-1\" \/>\n<link rel=\"canonical\" href=\"https:\/\/www.veltec.eu\/fr\/product\/flexible-sans-raccords-kirby-2m-nl3103\/\" \/>\n<meta property=\"og:locale\" content=\"fr_FR\" \/>\n<meta property=\"og:type\" content=\"article\" \/>\n<meta property=\"og:title\" content=\"Flexible sans raccords Kirby 2m\" \/>\n<meta property=\"og:description\" content=\"Le flexible Kirby sans raccords 2 m est un flexible de remplacement durable qui vous permet de r\u00e9utiliser facilement vos raccords existants. Vous r\u00e9alisez ainsi des \u00e9conomies et votre aspirateur Kirby continue de fonctionner de mani\u00e8re optimale.    En stock   Command\u00e9 23:59, exp\u00e9di\u00e9 demain  &nbsp;\" \/>\n<meta property=\"og:url\" content=\"https:\/\/www.veltec.eu\/fr\/product\/flexible-sans-raccords-kirby-2m-nl3103\/\" \/>\n<meta property=\"og:site_name\" content=\"Veltec Kirby specialist\" \/>\n<meta property=\"article:publisher\" content=\"https:\/\/www.facebook.com\/Veltec-Kirby-Specialist-236746293374877\/\" \/>\n<meta property=\"article:modified_time\" content=\"2026-03-02T11:25:02+00:00\" \/>\n<meta property=\"og:image\" content=\"https:\/\/www.veltec.eu\/wp-content\/uploads\/2018\/10\/kirby_slang.jpg\" \/>\n\t<meta property=\"og:image:width\" content=\"300\" \/>\n\t<meta property=\"og:image:height\" content=\"300\" \/>\n\t<meta property=\"og:image:type\" content=\"image\/jpeg\" \/>\n<meta name=\"twitter:card\" content=\"summary_large_image\" \/>\n<meta name=\"twitter:label1\" content=\"Dur\u00e9e de lecture estim\u00e9e\" \/>\n\t<meta name=\"twitter:data1\" content=\"3 minutes\" \/>\n<script type=\"application\/ld+json\" class=\"yoast-schema-graph\">{\"@context\":\"https:\\\/\\\/schema.org\",\"@graph\":[{\"@type\":\"WebPage\",\"@id\":\"https:\\\/\\\/www.veltec.eu\\\/fr\\\/product\\\/flexible-sans-raccords-kirby-2m-nl3103\\\/\",\"url\":\"https:\\\/\\\/www.veltec.eu\\\/fr\\\/product\\\/flexible-sans-raccords-kirby-2m-nl3103\\\/\",\"name\":\"Flexible sans raccords Kirby 2m | Originel\",\"isPartOf\":{\"@id\":\"https:\\\/\\\/www.veltec.eu\\\/en\\\/#website\"},\"primaryImageOfPage\":{\"@id\":\"https:\\\/\\\/www.veltec.eu\\\/fr\\\/product\\\/flexible-sans-raccords-kirby-2m-nl3103\\\/#primaryimage\"},\"image\":{\"@id\":\"https:\\\/\\\/www.veltec.eu\\\/fr\\\/product\\\/flexible-sans-raccords-kirby-2m-nl3103\\\/#primaryimage\"},\"thumbnailUrl\":\"https:\\\/\\\/www.veltec.eu\\\/wp-content\\\/uploads\\\/2018\\\/10\\\/kirby_slang.jpg\",\"datePublished\":\"2018-10-26T11:20:43+00:00\",\"dateModified\":\"2026-03-02T11:25:02+00:00\",\"description\":\"Remplacez facilement votre ancien flexible sans raccords Kirby 2m , r\u00e9utilisez les raccords existants et conservez ainsi une puissance d'aspiration.\",\"breadcrumb\":{\"@id\":\"https:\\\/\\\/www.veltec.eu\\\/fr\\\/product\\\/flexible-sans-raccords-kirby-2m-nl3103\\\/#breadcrumb\"},\"inLanguage\":\"fr-FR\",\"potentialAction\":[{\"@type\":\"ReadAction\",\"target\":[\"https:\\\/\\\/www.veltec.eu\\\/fr\\\/product\\\/flexible-sans-raccords-kirby-2m-nl3103\\\/\"]}]},{\"@type\":\"ImageObject\",\"inLanguage\":\"fr-FR\",\"@id\":\"https:\\\/\\\/www.veltec.eu\\\/fr\\\/product\\\/flexible-sans-raccords-kirby-2m-nl3103\\\/#primaryimage\",\"url\":\"https:\\\/\\\/www.veltec.eu\\\/wp-content\\\/uploads\\\/2018\\\/10\\\/kirby_slang.jpg\",\"contentUrl\":\"https:\\\/\\\/www.veltec.eu\\\/wp-content\\\/uploads\\\/2018\\\/10\\\/kirby_slang.jpg\",\"width\":300,\"height\":300,\"caption\":\"Flexible sans raccords Kirby 2m\"},{\"@type\":\"BreadcrumbList\",\"@id\":\"https:\\\/\\\/www.veltec.eu\\\/fr\\\/product\\\/flexible-sans-raccords-kirby-2m-nl3103\\\/#breadcrumb\",\"itemListElement\":[{\"@type\":\"ListItem\",\"position\":1,\"name\":\"Home\",\"item\":\"https:\\\/\\\/www.veltec.eu\\\/fr\\\/\"},{\"@type\":\"ListItem\",\"position\":2,\"name\":\"Boutique Kirby\",\"item\":\"https:\\\/\\\/www.veltec.eu\\\/fr\\\/boutique-kirby\\\/\"},{\"@type\":\"ListItem\",\"position\":3,\"name\":\"Flexible sans raccords Kirby 2m\"}]},{\"@type\":\"WebSite\",\"@id\":\"https:\\\/\\\/www.veltec.eu\\\/en\\\/#website\",\"url\":\"https:\\\/\\\/www.veltec.eu\\\/en\\\/\",\"name\":\"Veltec Kirby specialist\",\"description\":\"Kirby stofzuiger producten\",\"publisher\":{\"@id\":\"https:\\\/\\\/www.veltec.eu\\\/en\\\/#organization\"},\"potentialAction\":[{\"@type\":\"SearchAction\",\"target\":{\"@type\":\"EntryPoint\",\"urlTemplate\":\"https:\\\/\\\/www.veltec.eu\\\/en\\\/?s={search_term_string}\"},\"query-input\":{\"@type\":\"PropertyValueSpecification\",\"valueRequired\":true,\"valueName\":\"search_term_string\"}}],\"inLanguage\":\"fr-FR\"},{\"@type\":\"Organization\",\"@id\":\"https:\\\/\\\/www.veltec.eu\\\/en\\\/#organization\",\"name\":\"Veltec Kirby Specialist\",\"url\":\"https:\\\/\\\/www.veltec.eu\\\/en\\\/\",\"logo\":{\"@type\":\"ImageObject\",\"inLanguage\":\"fr-FR\",\"@id\":\"https:\\\/\\\/www.veltec.eu\\\/en\\\/#\\\/schema\\\/logo\\\/image\\\/\",\"url\":\"https:\\\/\\\/www.veltec.eu\\\/wp-content\\\/uploads\\\/2021\\\/12\\\/Veltec-log-groot-e1537260889125.png\",\"contentUrl\":\"https:\\\/\\\/www.veltec.eu\\\/wp-content\\\/uploads\\\/2021\\\/12\\\/Veltec-log-groot-e1537260889125.png\",\"width\":200,\"height\":60,\"caption\":\"Veltec Kirby Specialist\"},\"image\":{\"@id\":\"https:\\\/\\\/www.veltec.eu\\\/en\\\/#\\\/schema\\\/logo\\\/image\\\/\"},\"sameAs\":[\"https:\\\/\\\/www.facebook.com\\\/Veltec-Kirby-Specialist-236746293374877\\\/\",\"https:\\\/\\\/www.youtube.com\\\/user\\\/VeltecService\"]}]}<\/script>\n<!-- \/ Yoast SEO Premium plugin. -->","yoast_head_json":{"title":"Flexible sans raccords Kirby 2m | Originel","description":"Remplacez facilement votre ancien flexible sans raccords Kirby 2m , r\u00e9utilisez les raccords existants et conservez ainsi une puissance d'aspiration.","robots":{"index":"index","follow":"follow","max-snippet":"max-snippet:-1","max-image-preview":"max-image-preview:large","max-video-preview":"max-video-preview:-1"},"canonical":"https:\/\/www.veltec.eu\/fr\/product\/flexible-sans-raccords-kirby-2m-nl3103\/","og_locale":"fr_FR","og_type":"article","og_title":"Flexible sans raccords Kirby 2m","og_description":"Le flexible Kirby sans raccords 2 m est un flexible de remplacement durable qui vous permet de r\u00e9utiliser facilement vos raccords existants. Vous r\u00e9alisez ainsi des \u00e9conomies et votre aspirateur Kirby continue de fonctionner de mani\u00e8re optimale.    En stock   Command\u00e9 23:59, exp\u00e9di\u00e9 demain  &nbsp;","og_url":"https:\/\/www.veltec.eu\/fr\/product\/flexible-sans-raccords-kirby-2m-nl3103\/","og_site_name":"Veltec Kirby specialist","article_publisher":"https:\/\/www.facebook.com\/Veltec-Kirby-Specialist-236746293374877\/","article_modified_time":"2026-03-02T11:25:02+00:00","og_image":[{"width":300,"height":300,"url":"https:\/\/www.veltec.eu\/wp-content\/uploads\/2018\/10\/kirby_slang.jpg","type":"image\/jpeg"}],"twitter_card":"summary_large_image","twitter_misc":{"Dur\u00e9e de lecture estim\u00e9e":"3 minutes"},"schema":{"@context":"https:\/\/schema.org","@graph":[{"@type":"WebPage","@id":"https:\/\/www.veltec.eu\/fr\/product\/flexible-sans-raccords-kirby-2m-nl3103\/","url":"https:\/\/www.veltec.eu\/fr\/product\/flexible-sans-raccords-kirby-2m-nl3103\/","name":"Flexible sans raccords Kirby 2m | Originel","isPartOf":{"@id":"https:\/\/www.veltec.eu\/en\/#website"},"primaryImageOfPage":{"@id":"https:\/\/www.veltec.eu\/fr\/product\/flexible-sans-raccords-kirby-2m-nl3103\/#primaryimage"},"image":{"@id":"https:\/\/www.veltec.eu\/fr\/product\/flexible-sans-raccords-kirby-2m-nl3103\/#primaryimage"},"thumbnailUrl":"https:\/\/www.veltec.eu\/wp-content\/uploads\/2018\/10\/kirby_slang.jpg","datePublished":"2018-10-26T11:20:43+00:00","dateModified":"2026-03-02T11:25:02+00:00","description":"Remplacez facilement votre ancien flexible sans raccords Kirby 2m , r\u00e9utilisez les raccords existants et conservez ainsi une puissance d'aspiration.","breadcrumb":{"@id":"https:\/\/www.veltec.eu\/fr\/product\/flexible-sans-raccords-kirby-2m-nl3103\/#breadcrumb"},"inLanguage":"fr-FR","potentialAction":[{"@type":"ReadAction","target":["https:\/\/www.veltec.eu\/fr\/product\/flexible-sans-raccords-kirby-2m-nl3103\/"]}]},{"@type":"ImageObject","inLanguage":"fr-FR","@id":"https:\/\/www.veltec.eu\/fr\/product\/flexible-sans-raccords-kirby-2m-nl3103\/#primaryimage","url":"https:\/\/www.veltec.eu\/wp-content\/uploads\/2018\/10\/kirby_slang.jpg","contentUrl":"https:\/\/www.veltec.eu\/wp-content\/uploads\/2018\/10\/kirby_slang.jpg","width":300,"height":300,"caption":"Flexible sans raccords Kirby 2m"},{"@type":"BreadcrumbList","@id":"https:\/\/www.veltec.eu\/fr\/product\/flexible-sans-raccords-kirby-2m-nl3103\/#breadcrumb","itemListElement":[{"@type":"ListItem","position":1,"name":"Home","item":"https:\/\/www.veltec.eu\/fr\/"},{"@type":"ListItem","position":2,"name":"Boutique Kirby","item":"https:\/\/www.veltec.eu\/fr\/boutique-kirby\/"},{"@type":"ListItem","position":3,"name":"Flexible sans raccords Kirby 2m"}]},{"@type":"WebSite","@id":"https:\/\/www.veltec.eu\/en\/#website","url":"https:\/\/www.veltec.eu\/en\/","name":"Veltec Kirby specialist","description":"Kirby stofzuiger producten","publisher":{"@id":"https:\/\/www.veltec.eu\/en\/#organization"},"potentialAction":[{"@type":"SearchAction","target":{"@type":"EntryPoint","urlTemplate":"https:\/\/www.veltec.eu\/en\/?s={search_term_string}"},"query-input":{"@type":"PropertyValueSpecification","valueRequired":true,"valueName":"search_term_string"}}],"inLanguage":"fr-FR"},{"@type":"Organization","@id":"https:\/\/www.veltec.eu\/en\/#organization","name":"Veltec Kirby Specialist","url":"https:\/\/www.veltec.eu\/en\/","logo":{"@type":"ImageObject","inLanguage":"fr-FR","@id":"https:\/\/www.veltec.eu\/en\/#\/schema\/logo\/image\/","url":"https:\/\/www.veltec.eu\/wp-content\/uploads\/2021\/12\/Veltec-log-groot-e1537260889125.png","contentUrl":"https:\/\/www.veltec.eu\/wp-content\/uploads\/2021\/12\/Veltec-log-groot-e1537260889125.png","width":200,"height":60,"caption":"Veltec Kirby Specialist"},"image":{"@id":"https:\/\/www.veltec.eu\/en\/#\/schema\/logo\/image\/"},"sameAs":["https:\/\/www.facebook.com\/Veltec-Kirby-Specialist-236746293374877\/","https:\/\/www.youtube.com\/user\/VeltecService"]}]}},"_links":{"self":[{"href":"https:\/\/www.veltec.eu\/fr\/wp-json\/wp\/v2\/product\/10699","targetHints":{"allow":["GET"]}}],"collection":[{"href":"https:\/\/www.veltec.eu\/fr\/wp-json\/wp\/v2\/product"}],"about":[{"href":"https:\/\/www.veltec.eu\/fr\/wp-json\/wp\/v2\/types\/product"}],"replies":[{"embeddable":true,"href":"https:\/\/www.veltec.eu\/fr\/wp-json\/wp\/v2\/comments?post=10699"}],"wp:featuredmedia":[{"embeddable":true,"href":"https:\/\/www.veltec.eu\/fr\/wp-json\/wp\/v2\/media\/8548"}],"wp:attachment":[{"href":"https:\/\/www.veltec.eu\/fr\/wp-json\/wp\/v2\/media?parent=10699"}],"wp:term":[{"taxonomy":"product_brand","embeddable":true,"href":"https:\/\/www.veltec.eu\/fr\/wp-json\/wp\/v2\/product_brand?post=10699"},{"taxonomy":"product_cat","embeddable":true,"href":"https:\/\/www.veltec.eu\/fr\/wp-json\/wp\/v2\/product_cat?post=10699"},{"taxonomy":"product_tag","embeddable":true,"href":"https:\/\/www.veltec.eu\/fr\/wp-json\/wp\/v2\/product_tag?post=10699"}],"curies":[{"name":"wp","href":"https:\/\/api.w.org\/{rel}","templated":true}]}}