{"id":10694,"date":"2018-10-26T13:24:34","date_gmt":"2018-10-26T11:24:34","guid":{"rendered":"https:\/\/www.veltec.eu\/kirby-webshop\/flexible-sans-raccords-4m-nl3104\/"},"modified":"2026-03-03T09:32:19","modified_gmt":"2026-03-03T07:32:19","slug":"flexible-sans-raccords-kirby-4m-nl3104","status":"publish","type":"product","link":"https:\/\/www.veltec.eu\/fr\/product\/flexible-sans-raccords-kirby-4m-nl3104\/","title":{"rendered":"Flexible sans raccords Kirby 4m"},"content":{"rendered":"<div class=\"flex max-w-full flex-col grow\">\n<div class=\"min-h-8 text-message relative flex w-full flex-col items-end gap-2 text-start break-words whitespace-normal [.text-message+&amp;]:mt-1\" dir=\"auto\" data-message-author-role=\"assistant\" data-message-id=\"58874b1f-2d44-4e1f-862c-8c37b4878d0d\" data-message-model-slug=\"gpt-5-2\">\n<div class=\"flex w-full flex-col gap-1 empty:hidden first:pt-[1px]\">\n<div class=\"markdown prose dark:prose-invert w-full wrap-break-word light markdown-new-styling\">\n<h1 data-start=\"0\" data-end=\"42\">Flexible sans raccords Kirby 4m<\/h1>\n<p data-start=\"44\" data-end=\"389\">Le Flexible sans raccords Kirby 4m est le flexible de remplacement pratique pour ceux qui souhaitent r\u00e9utiliser leurs raccords existants. Gr\u00e2ce \u00e0 sa conception intelligente, vous remplacez uniquement le flexible, tout en conservant les raccords d&#8217;origine. Vous r\u00e9alisez ainsi des \u00e9conomies et conservez la qualit\u00e9 \u00e9prouv\u00e9e de votre aspirateur Kirby.<\/p>\n<h2 data-start=\"396\" data-end=\"461\">Flexible Kirby sans raccords 4 m\u00e8tres \u2013 Tuyau de remplacement id\u00e9al<\/h2>\n<p data-start=\"463\" data-end=\"843\">Votre tuyau d&#8217;aspirateur actuel est us\u00e9 ou endommag\u00e9 ? Le tuyau Kirby sans raccords offre alors une solution efficace et \u00e9conomique. Au lieu d&#8217;acheter un kit de tuyaux complet, vous pouvez simplement r\u00e9utiliser les raccords avant et arri\u00e8re existants. Vous \u00e9vitez ainsi des d\u00e9penses suppl\u00e9mentaires inutiles, tout en prolongeant la dur\u00e9e de vie de votre Kirby.<\/p>\n<p data-start=\"845\" data-end=\"1144\">De plus, ce tuyau de rechange Kirby de 4 m\u00e8tres de long vous offre une libert\u00e9 de mouvement maximale pendant l&#8217;aspiration. Vous pouvez ainsi atteindre sans effort les escaliers, les plafonds et les endroits difficiles d&#8217;acc\u00e8s. Gr\u00e2ce \u00e0 sa forme originale, la puissance d&#8217;aspiration reste optimale, ce qui est essentiel pour des performances maximales.<\/p>\n<p>Vous trouverez plus d&#8217;informations sur les accessoires compatibles dans la rubrique <a href=\"https:\/\/www.veltec.eu\/fr\/?page_id=59277\" target=\"_blank\" rel=\"noopener\">Pi\u00e8ces d\u00e9tach\u00e9es Kirby<\/a>. Vous trouverez \u00e9galement des informations d\u00e9taill\u00e9es sur la page du blog : <a href=\"https:\/\/www.service-aspirateur-kirby.fr\/tuyau-pour-aspirateur-kirby\/\" target=\"_blank\" rel=\"noopener\">Tout savoir sur le tuyau d&#8217;aspirateur Kirby.<\/a><\/p>\n<h2 data-start=\"1364\" data-end=\"1430\">Compatibilit\u00e9 du tuyau Kirby sans raccords<\/h2>\n<p data-start=\"1432\" data-end=\"1521\">Le tuyau de rechange sans raccords convient \u00e0 tous les mod\u00e8les Kirby, y compris :<\/p>\n<ul data-start=\"1523\" data-end=\"1762\">\n<li data-start=\"1523\" data-end=\"1542\">Avalir Platinum<\/li>\n<li data-start=\"1543\" data-end=\"1555\">Avalir 2<\/li>\n<li data-start=\"1556\" data-end=\"1568\">Avalir 1<\/li>\n<li data-start=\"1569\" data-end=\"1589\">Sentria 2 (G10D)<\/li>\n<li data-start=\"1590\" data-end=\"1609\">Sentria 1 (G10)<\/li>\n<li data-start=\"1610\" data-end=\"1651\">Ultimate G Diamond Edition (G7D \/ DE)<\/li>\n<li data-start=\"1652\" data-end=\"1676\">Ultimate G (G7 \/ UG)<\/li>\n<li data-start=\"1677\" data-end=\"1698\">Generation 6 (G6)<\/li>\n<li data-start=\"1699\" data-end=\"1720\">Generation 5 (G5)<\/li>\n<li data-start=\"1721\" data-end=\"1742\">Generation 4 (G4)<\/li>\n<li data-start=\"1743\" data-end=\"1762\">Generation 3 (G3)<\/li>\n<\/ul>\n<p data-start=\"1764\" data-end=\"1989\">Vous avez ainsi la certitude que ce tuyau d&#8217;aspirateur Kirby s&#8217;adapte parfaitement \u00e0 votre syst\u00e8me existant, sans raccords. Consultez \u00e9galement nos <a href=\"https:\/\/www.veltec.eu\/fr\/?page_id=59962\" target=\"_blank\" rel=\"noopener\">tuyaux d&#8217;aspirateur Kirby<\/a> pour d\u00e9couvrir d&#8217;autres mod\u00e8les.<\/p>\n<h2 data-start=\"1996\" data-end=\"2062\">Pourquoi choisir le flexible sans raccords de 4 m\u00e8tres ?<\/h2>\n<p data-start=\"2064\" data-end=\"2334\">Tout d&#8217;abord, vous r\u00e9alisez des \u00e9conomies consid\u00e9rables sur les co\u00fbts d&#8217;achat, car vous n&#8217;avez pas besoin d&#8217;acheter de nouveaux raccords. De plus, vous contribuez \u00e0 la durabilit\u00e9, car la r\u00e9utilisation des pi\u00e8ces r\u00e9duit les d\u00e9chets. Vous faites ainsi un choix non seulement judicieux sur le plan financier, mais aussi respectueux de l&#8217;environnement.<\/p>\n<p data-start=\"2336\" data-end=\"2618\">De plus, ce tuyau Kirby d&#8217;origine sans raccords vous permet d&#8217;\u00e9viter toute perte de puissance d&#8217;aspiration. Les tuyaux universels peuvent en effet provoquer des fuites, tandis que ce tuyau de rechange d&#8217;origine garantit un ajustement parfait. Votre aspirateur continue ainsi \u00e0 fonctionner de mani\u00e8re puissante et fiable.<\/p>\n<h2 data-start=\"2625\" data-end=\"2694\">Montage simple du tuyau sans raccords<\/h2>\n<p data-start=\"2696\" data-end=\"3010\">Le remplacement du tuyau s&#8217;effectue rapidement et sans difficult\u00e9. Commencez par chauffer les extr\u00e9mit\u00e9s de l&#8217;ancien tuyau \u00e0 l&#8217;eau chaude afin de d\u00e9tacher les raccords. Ensuite, enfilez-les simplement sur le nouveau tuyau Kirby de 4 m\u00e8tres. Vous n&#8217;avez donc besoin d&#8217;aucun outil sp\u00e9cial et n&#8217;avez pas \u00e0 faire appel \u00e0 un r\u00e9parateur.<\/p>\n<p data-start=\"3012\" data-end=\"3201\">Pour obtenir une aide suppl\u00e9mentaire, regardez la vid\u00e9o explicative claire :<\/p>\n<div  class='avia-video av-kirbyvideo-7be79502974b0481fd5cf740e731c208 avia-video-16-9 av-no-preview-image avia-video-load-always av-lazyload-immediate av-lazyload-video-embed'  itemprop=\"video\" itemtype=\"https:\/\/schema.org\/VideoObject\"  data-original_url='https:\/\/youtu.be\/PsbmjyBy-Do'><script type='text\/html' class='av-video-tmpl'><div class='avia-iframe-wrap'><iframe loading=\"lazy\" title=\"Kirby vacuum Veltec - Replace the attachment parts\" width=\"1500\" height=\"844\" src=\"https:\/\/www.youtube.com\/embed\/PsbmjyBy-Do?feature=oembed&enablejsapi=1&origin=https:\/\/www.veltec.eu&autoplay=0&loop=0&controls=1&mute=0\" frameborder=\"0\" allow=\"accelerometer; autoplay; clipboard-write; encrypted-media; gyroscope; picture-in-picture; web-share\" referrerpolicy=\"strict-origin-when-cross-origin\" allowfullscreen><\/iframe><\/div><\/script><div class='av-click-to-play-overlay'><div class=\"avia_playpause_icon\"><\/div><\/div><\/div>\n<p data-start=\"3203\" data-end=\"3298\">Gr\u00e2ce \u00e0 ces explications visuelles, l&#8217;installation se d\u00e9roule encore plus efficacement et en toute s\u00e9curit\u00e9.<\/p>\n<h2 data-start=\"3305\" data-end=\"3349\">Qualit\u00e9 durable et performances optimales<\/h2>\n<p data-start=\"3351\" data-end=\"3581\">Le tuyau de rechange Kirby sans raccords est fabriqu\u00e9 \u00e0 partir de mat\u00e9riaux r\u00e9sistants \u00e0 l&#8217;usure, ce qui permet une utilisation intensive sans probl\u00e8me. Vous b\u00e9n\u00e9ficiez ainsi d&#8217;une flexibilit\u00e9, d&#8217;une solidit\u00e9 et d&#8217;une puissance d&#8217;aspiration maximale \u00e0 long terme.<\/p>\n<p data-start=\"3583\" data-end=\"3851\" data-is-last-node=\"\" data-is-only-node=\"\">En r\u00e9sum\u00e9, le flexible Kirby sans raccords de 4 m\u00e8tres est un investissement judicieux pour ceux qui souhaitent allier qualit\u00e9, durabilit\u00e9 et \u00e9conomies. Donnez rapidement et facilement une seconde vie \u00e0 votre aspirateur Kirby, tout en continuant \u00e0 garantir des performances optimales.<\/p>\n<\/div>\n<\/div>\n<\/div>\n<\/div>\n","protected":false},"excerpt":{"rendered":"<p>Le flexible Kirby sans raccords de 4 m\u00e8tres est un flexible de rechange \u00e9conomique qui vous permet de r\u00e9utiliser facilement vos raccords existants. Vous conservez ainsi une puissance d&#8217;aspiration optimale et un ajustement parfait.<\/p>\n[trustindex data-widget-id=e3bb80b24fa128098b960fc2439]\n<h3><span style=\"color: #008000;\"><br \/>\nEn stock<\/span><\/h3>\n[av_font_icon icon='ue812' font='entypo-fontello' style='' caption='' size='25px' position='left' color='#43ad66' link='' linktarget='' title_attr='' sonar_effect_effect='' sonar_effect_color='' sonar_effect_duration='1' sonar_effect_scale='' sonar_effect_opac='0.5' animation='' id='' custom_class='' template_class='' av_uid='' sc_version='1.0' admin_preview_bg=''][\/av_font_icon]\n<p><span style=\"color: #008000;\">Command\u00e9 23:59, exp\u00e9di\u00e9 demain<\/span><\/p>\n<p>&nbsp;<\/p>\n","protected":false},"featured_media":8548,"comment_status":"open","ping_status":"closed","template":"","meta":{"_acf_changed":false},"product_brand":[],"product_cat":[319],"product_tag":[],"class_list":{"0":"post-10694","1":"product","2":"type-product","3":"status-publish","4":"has-post-thumbnail","6":"product_cat-flexibles-kirby-et-accessoires","7":"product_shipping_class-klein-de-fr","9":"first","10":"instock","11":"taxable","12":"shipping-taxable","13":"purchasable","14":"product-type-simple"},"acf":[],"yoast_head":"<!-- This site is optimized with the Yoast SEO Premium plugin v27.1 (Yoast SEO v27.4) - https:\/\/yoast.com\/product\/yoast-seo-premium-wordpress\/ -->\n<title>Flexible sans raccords Kirby 4m<\/title>\n<meta name=\"description\" content=\"Le Flexible sans raccords Kirby 4m est la solution id\u00e9ale pour remplacer votre tuyau us\u00e9 et r\u00e9utiliser vos raccords existants.\" \/>\n<meta name=\"robots\" content=\"index, follow, max-snippet:-1, max-image-preview:large, max-video-preview:-1\" \/>\n<link rel=\"canonical\" href=\"https:\/\/www.veltec.eu\/fr\/product\/flexible-sans-raccords-kirby-4m-nl3104\/\" \/>\n<meta property=\"og:locale\" content=\"fr_FR\" \/>\n<meta property=\"og:type\" content=\"article\" \/>\n<meta property=\"og:title\" content=\"Flexible sans raccords Kirby 4m\" \/>\n<meta property=\"og:description\" content=\"Le flexible Kirby sans raccords de 4 m\u00e8tres est un flexible de rechange \u00e9conomique qui vous permet de r\u00e9utiliser facilement vos raccords existants. Vous conservez ainsi une puissance d&#039;aspiration optimale et un ajustement parfait.    En stock   Command\u00e9 23:59, exp\u00e9di\u00e9 demain  &nbsp;\" \/>\n<meta property=\"og:url\" content=\"https:\/\/www.veltec.eu\/fr\/product\/flexible-sans-raccords-kirby-4m-nl3104\/\" \/>\n<meta property=\"og:site_name\" content=\"Veltec Kirby specialist\" \/>\n<meta property=\"article:publisher\" content=\"https:\/\/www.facebook.com\/Veltec-Kirby-Specialist-236746293374877\/\" \/>\n<meta property=\"article:modified_time\" content=\"2026-03-03T07:32:19+00:00\" \/>\n<meta property=\"og:image\" content=\"https:\/\/www.veltec.eu\/wp-content\/uploads\/2018\/10\/kirby_slang.jpg\" \/>\n\t<meta property=\"og:image:width\" content=\"300\" \/>\n\t<meta property=\"og:image:height\" content=\"300\" \/>\n\t<meta property=\"og:image:type\" content=\"image\/jpeg\" \/>\n<meta name=\"twitter:card\" content=\"summary_large_image\" \/>\n<meta name=\"twitter:label1\" content=\"Dur\u00e9e de lecture estim\u00e9e\" \/>\n\t<meta name=\"twitter:data1\" content=\"3 minutes\" \/>\n<script type=\"application\/ld+json\" class=\"yoast-schema-graph\">{\"@context\":\"https:\\\/\\\/schema.org\",\"@graph\":[{\"@type\":\"WebPage\",\"@id\":\"https:\\\/\\\/www.veltec.eu\\\/fr\\\/product\\\/flexible-sans-raccords-kirby-4m-nl3104\\\/\",\"url\":\"https:\\\/\\\/www.veltec.eu\\\/fr\\\/product\\\/flexible-sans-raccords-kirby-4m-nl3104\\\/\",\"name\":\"Flexible sans raccords Kirby 4m\",\"isPartOf\":{\"@id\":\"https:\\\/\\\/www.veltec.eu\\\/en\\\/#website\"},\"primaryImageOfPage\":{\"@id\":\"https:\\\/\\\/www.veltec.eu\\\/fr\\\/product\\\/flexible-sans-raccords-kirby-4m-nl3104\\\/#primaryimage\"},\"image\":{\"@id\":\"https:\\\/\\\/www.veltec.eu\\\/fr\\\/product\\\/flexible-sans-raccords-kirby-4m-nl3104\\\/#primaryimage\"},\"thumbnailUrl\":\"https:\\\/\\\/www.veltec.eu\\\/wp-content\\\/uploads\\\/2018\\\/10\\\/kirby_slang.jpg\",\"datePublished\":\"2018-10-26T11:24:34+00:00\",\"dateModified\":\"2026-03-03T07:32:19+00:00\",\"description\":\"Le Flexible sans raccords Kirby 4m est la solution id\u00e9ale pour remplacer votre tuyau us\u00e9 et r\u00e9utiliser vos raccords existants.\",\"breadcrumb\":{\"@id\":\"https:\\\/\\\/www.veltec.eu\\\/fr\\\/product\\\/flexible-sans-raccords-kirby-4m-nl3104\\\/#breadcrumb\"},\"inLanguage\":\"fr-FR\",\"potentialAction\":[{\"@type\":\"ReadAction\",\"target\":[\"https:\\\/\\\/www.veltec.eu\\\/fr\\\/product\\\/flexible-sans-raccords-kirby-4m-nl3104\\\/\"]}]},{\"@type\":\"ImageObject\",\"inLanguage\":\"fr-FR\",\"@id\":\"https:\\\/\\\/www.veltec.eu\\\/fr\\\/product\\\/flexible-sans-raccords-kirby-4m-nl3104\\\/#primaryimage\",\"url\":\"https:\\\/\\\/www.veltec.eu\\\/wp-content\\\/uploads\\\/2018\\\/10\\\/kirby_slang.jpg\",\"contentUrl\":\"https:\\\/\\\/www.veltec.eu\\\/wp-content\\\/uploads\\\/2018\\\/10\\\/kirby_slang.jpg\",\"width\":300,\"height\":300,\"caption\":\"Flexible sans raccords Kirby 2m\"},{\"@type\":\"BreadcrumbList\",\"@id\":\"https:\\\/\\\/www.veltec.eu\\\/fr\\\/product\\\/flexible-sans-raccords-kirby-4m-nl3104\\\/#breadcrumb\",\"itemListElement\":[{\"@type\":\"ListItem\",\"position\":1,\"name\":\"Home\",\"item\":\"https:\\\/\\\/www.veltec.eu\\\/fr\\\/accueil\\\/\"},{\"@type\":\"ListItem\",\"position\":2,\"name\":\"Boutique Kirby\",\"item\":\"https:\\\/\\\/www.veltec.eu\\\/fr\\\/boutique-kirby\\\/\"},{\"@type\":\"ListItem\",\"position\":3,\"name\":\"Flexible sans raccords Kirby 4m\"}]},{\"@type\":\"WebSite\",\"@id\":\"https:\\\/\\\/www.veltec.eu\\\/en\\\/#website\",\"url\":\"https:\\\/\\\/www.veltec.eu\\\/en\\\/\",\"name\":\"Veltec Kirby specialist\",\"description\":\"Kirby stofzuiger producten\",\"publisher\":{\"@id\":\"https:\\\/\\\/www.veltec.eu\\\/en\\\/#organization\"},\"potentialAction\":[{\"@type\":\"SearchAction\",\"target\":{\"@type\":\"EntryPoint\",\"urlTemplate\":\"https:\\\/\\\/www.veltec.eu\\\/en\\\/?s={search_term_string}\"},\"query-input\":{\"@type\":\"PropertyValueSpecification\",\"valueRequired\":true,\"valueName\":\"search_term_string\"}}],\"inLanguage\":\"fr-FR\"},{\"@type\":\"Organization\",\"@id\":\"https:\\\/\\\/www.veltec.eu\\\/en\\\/#organization\",\"name\":\"Veltec Kirby Specialist\",\"url\":\"https:\\\/\\\/www.veltec.eu\\\/en\\\/\",\"logo\":{\"@type\":\"ImageObject\",\"inLanguage\":\"fr-FR\",\"@id\":\"https:\\\/\\\/www.veltec.eu\\\/en\\\/#\\\/schema\\\/logo\\\/image\\\/\",\"url\":\"https:\\\/\\\/www.veltec.eu\\\/wp-content\\\/uploads\\\/2021\\\/12\\\/Veltec-log-groot-e1537260889125.png\",\"contentUrl\":\"https:\\\/\\\/www.veltec.eu\\\/wp-content\\\/uploads\\\/2021\\\/12\\\/Veltec-log-groot-e1537260889125.png\",\"width\":200,\"height\":60,\"caption\":\"Veltec Kirby Specialist\"},\"image\":{\"@id\":\"https:\\\/\\\/www.veltec.eu\\\/en\\\/#\\\/schema\\\/logo\\\/image\\\/\"},\"sameAs\":[\"https:\\\/\\\/www.facebook.com\\\/Veltec-Kirby-Specialist-236746293374877\\\/\",\"https:\\\/\\\/www.youtube.com\\\/user\\\/VeltecService\"]}]}<\/script>\n<!-- \/ Yoast SEO Premium plugin. -->","yoast_head_json":{"title":"Flexible sans raccords Kirby 4m","description":"Le Flexible sans raccords Kirby 4m est la solution id\u00e9ale pour remplacer votre tuyau us\u00e9 et r\u00e9utiliser vos raccords existants.","robots":{"index":"index","follow":"follow","max-snippet":"max-snippet:-1","max-image-preview":"max-image-preview:large","max-video-preview":"max-video-preview:-1"},"canonical":"https:\/\/www.veltec.eu\/fr\/product\/flexible-sans-raccords-kirby-4m-nl3104\/","og_locale":"fr_FR","og_type":"article","og_title":"Flexible sans raccords Kirby 4m","og_description":"Le flexible Kirby sans raccords de 4 m\u00e8tres est un flexible de rechange \u00e9conomique qui vous permet de r\u00e9utiliser facilement vos raccords existants. Vous conservez ainsi une puissance d'aspiration optimale et un ajustement parfait.    En stock   Command\u00e9 23:59, exp\u00e9di\u00e9 demain  &nbsp;","og_url":"https:\/\/www.veltec.eu\/fr\/product\/flexible-sans-raccords-kirby-4m-nl3104\/","og_site_name":"Veltec Kirby specialist","article_publisher":"https:\/\/www.facebook.com\/Veltec-Kirby-Specialist-236746293374877\/","article_modified_time":"2026-03-03T07:32:19+00:00","og_image":[{"width":300,"height":300,"url":"https:\/\/www.veltec.eu\/wp-content\/uploads\/2018\/10\/kirby_slang.jpg","type":"image\/jpeg"}],"twitter_card":"summary_large_image","twitter_misc":{"Dur\u00e9e de lecture estim\u00e9e":"3 minutes"},"schema":{"@context":"https:\/\/schema.org","@graph":[{"@type":"WebPage","@id":"https:\/\/www.veltec.eu\/fr\/product\/flexible-sans-raccords-kirby-4m-nl3104\/","url":"https:\/\/www.veltec.eu\/fr\/product\/flexible-sans-raccords-kirby-4m-nl3104\/","name":"Flexible sans raccords Kirby 4m","isPartOf":{"@id":"https:\/\/www.veltec.eu\/en\/#website"},"primaryImageOfPage":{"@id":"https:\/\/www.veltec.eu\/fr\/product\/flexible-sans-raccords-kirby-4m-nl3104\/#primaryimage"},"image":{"@id":"https:\/\/www.veltec.eu\/fr\/product\/flexible-sans-raccords-kirby-4m-nl3104\/#primaryimage"},"thumbnailUrl":"https:\/\/www.veltec.eu\/wp-content\/uploads\/2018\/10\/kirby_slang.jpg","datePublished":"2018-10-26T11:24:34+00:00","dateModified":"2026-03-03T07:32:19+00:00","description":"Le Flexible sans raccords Kirby 4m est la solution id\u00e9ale pour remplacer votre tuyau us\u00e9 et r\u00e9utiliser vos raccords existants.","breadcrumb":{"@id":"https:\/\/www.veltec.eu\/fr\/product\/flexible-sans-raccords-kirby-4m-nl3104\/#breadcrumb"},"inLanguage":"fr-FR","potentialAction":[{"@type":"ReadAction","target":["https:\/\/www.veltec.eu\/fr\/product\/flexible-sans-raccords-kirby-4m-nl3104\/"]}]},{"@type":"ImageObject","inLanguage":"fr-FR","@id":"https:\/\/www.veltec.eu\/fr\/product\/flexible-sans-raccords-kirby-4m-nl3104\/#primaryimage","url":"https:\/\/www.veltec.eu\/wp-content\/uploads\/2018\/10\/kirby_slang.jpg","contentUrl":"https:\/\/www.veltec.eu\/wp-content\/uploads\/2018\/10\/kirby_slang.jpg","width":300,"height":300,"caption":"Flexible sans raccords Kirby 2m"},{"@type":"BreadcrumbList","@id":"https:\/\/www.veltec.eu\/fr\/product\/flexible-sans-raccords-kirby-4m-nl3104\/#breadcrumb","itemListElement":[{"@type":"ListItem","position":1,"name":"Home","item":"https:\/\/www.veltec.eu\/fr\/accueil\/"},{"@type":"ListItem","position":2,"name":"Boutique Kirby","item":"https:\/\/www.veltec.eu\/fr\/boutique-kirby\/"},{"@type":"ListItem","position":3,"name":"Flexible sans raccords Kirby 4m"}]},{"@type":"WebSite","@id":"https:\/\/www.veltec.eu\/en\/#website","url":"https:\/\/www.veltec.eu\/en\/","name":"Veltec Kirby specialist","description":"Kirby stofzuiger producten","publisher":{"@id":"https:\/\/www.veltec.eu\/en\/#organization"},"potentialAction":[{"@type":"SearchAction","target":{"@type":"EntryPoint","urlTemplate":"https:\/\/www.veltec.eu\/en\/?s={search_term_string}"},"query-input":{"@type":"PropertyValueSpecification","valueRequired":true,"valueName":"search_term_string"}}],"inLanguage":"fr-FR"},{"@type":"Organization","@id":"https:\/\/www.veltec.eu\/en\/#organization","name":"Veltec Kirby Specialist","url":"https:\/\/www.veltec.eu\/en\/","logo":{"@type":"ImageObject","inLanguage":"fr-FR","@id":"https:\/\/www.veltec.eu\/en\/#\/schema\/logo\/image\/","url":"https:\/\/www.veltec.eu\/wp-content\/uploads\/2021\/12\/Veltec-log-groot-e1537260889125.png","contentUrl":"https:\/\/www.veltec.eu\/wp-content\/uploads\/2021\/12\/Veltec-log-groot-e1537260889125.png","width":200,"height":60,"caption":"Veltec Kirby Specialist"},"image":{"@id":"https:\/\/www.veltec.eu\/en\/#\/schema\/logo\/image\/"},"sameAs":["https:\/\/www.facebook.com\/Veltec-Kirby-Specialist-236746293374877\/","https:\/\/www.youtube.com\/user\/VeltecService"]}]}},"_links":{"self":[{"href":"https:\/\/www.veltec.eu\/fr\/wp-json\/wp\/v2\/product\/10694","targetHints":{"allow":["GET"]}}],"collection":[{"href":"https:\/\/www.veltec.eu\/fr\/wp-json\/wp\/v2\/product"}],"about":[{"href":"https:\/\/www.veltec.eu\/fr\/wp-json\/wp\/v2\/types\/product"}],"replies":[{"embeddable":true,"href":"https:\/\/www.veltec.eu\/fr\/wp-json\/wp\/v2\/comments?post=10694"}],"wp:featuredmedia":[{"embeddable":true,"href":"https:\/\/www.veltec.eu\/fr\/wp-json\/wp\/v2\/media\/8548"}],"wp:attachment":[{"href":"https:\/\/www.veltec.eu\/fr\/wp-json\/wp\/v2\/media?parent=10694"}],"wp:term":[{"taxonomy":"product_brand","embeddable":true,"href":"https:\/\/www.veltec.eu\/fr\/wp-json\/wp\/v2\/product_brand?post=10694"},{"taxonomy":"product_cat","embeddable":true,"href":"https:\/\/www.veltec.eu\/fr\/wp-json\/wp\/v2\/product_cat?post=10694"},{"taxonomy":"product_tag","embeddable":true,"href":"https:\/\/www.veltec.eu\/fr\/wp-json\/wp\/v2\/product_tag?post=10694"}],"curies":[{"name":"wp","href":"https:\/\/api.w.org\/{rel}","templated":true}]}}