{"id":10649,"date":"2018-10-26T13:37:35","date_gmt":"2018-10-26T11:37:35","guid":{"rendered":"https:\/\/www.veltec.eu\/kirby-webshop\/connecteur-de-flexible-nl3159\/"},"modified":"2026-03-02T08:46:31","modified_gmt":"2026-03-02T06:46:31","slug":"connecteur-de-flexible-kirby-nl3159","status":"publish","type":"product","link":"https:\/\/www.veltec.eu\/fr\/product\/connecteur-de-flexible-kirby-nl3159\/","title":{"rendered":"Connecteur de flexible Kirby"},"content":{"rendered":"<article class=\"text-token-text-primary w-full focus:outline-none [--shadow-height:45px] has-data-writing-block:pointer-events-none has-data-writing-block:-mt-(--shadow-height) has-data-writing-block:pt-(--shadow-height) [&amp;:has([data-writing-block])&gt;*]:pointer-events-auto scroll-mt-[calc(var(--header-height)+min(200px,max(70px,20svh)))]\" dir=\"auto\" tabindex=\"-1\" data-turn-id=\"request-WEB:023e45d2-0ec0-4ea3-b036-ab014f2e4cdc-0\" data-testid=\"conversation-turn-2\" data-scroll-anchor=\"false\" data-turn=\"assistant\">\n<div class=\"text-base my-auto mx-auto [--thread-content-margin:--spacing(4)] @w-sm\/main:[--thread-content-margin:--spacing(6)] @w-lg\/main:[--thread-content-margin:--spacing(16)] px-(--thread-content-margin)\">\n<div class=\"[--thread-content-max-width:40rem] @w-lg\/main:[--thread-content-max-width:48rem] mx-auto max-w-(--thread-content-max-width) flex-1 group\/turn-messages focus-visible:outline-hidden relative flex w-full min-w-0 flex-col agent-turn\" tabindex=\"-1\">\n<div class=\"flex max-w-full flex-col grow\">\n<div class=\"min-h-8 text-message relative flex w-full flex-col items-end gap-2 text-start break-words whitespace-normal [.text-message+&amp;]:mt-1\" dir=\"auto\" data-message-author-role=\"assistant\" data-message-id=\"27e2529e-5f5d-424c-9621-3341a4b21ffd\" data-message-model-slug=\"gpt-5-2\">\n<div class=\"flex w-full flex-col gap-1 empty:hidden first:pt-[1px]\">\n<div class=\"markdown prose dark:prose-invert w-full wrap-break-word light markdown-new-styling\">\n<h1 data-start=\"0\" data-end=\"25\">Connecteur de flexible Kirby<\/h1>\n<p data-start=\"26\" data-end=\"245\">Le Connecteur de flexible Kirby assure une connexion solide et s\u00fbre entre le tuyau de votre aspirateur Kirby et la machine. Ainsi, votre aspirateur Kirby conserve une puissance d&#8217;aspiration optimale et tous les accessoires fonctionnent parfaitement ensemble.<\/p>\n<h2 data-start=\"247\" data-end=\"295\">Raccord fiable pour votre tuyau Kirby<\/h2>\n<p data-start=\"296\" data-end=\"585\">Ce connecteur a \u00e9t\u00e9 sp\u00e9cialement con\u00e7u pour raccorder correctement le tuyau d&#8217;aspirateur \u00e0 l&#8217;aspirateur Kirby. Cela permet d&#8217;\u00e9viter que le tuyau ne se d\u00e9tache pendant le nettoyage et de maintenir un d\u00e9bit d&#8217;air optimal. Gr\u00e2ce \u00e0 son ajustement pr\u00e9cis, cet accessoire s&#8217;adapte parfaitement \u00e0 la machine.<\/p>\n<p data-start=\"587\" data-end=\"952\">De plus, ce raccord garantit une fixation stable, vous permettant de travailler sans interruption. Ceci est particuli\u00e8rement important en cas d&#8217;utilisation intensive ou lors du nettoyage de plusieurs surfaces \u00e0 la suite. Combinez cet accessoire avec le <a href=\"https:\/\/www.veltec.eu\/fr\/kirby-flexibles\/\" target=\"_blank\" rel=\"noopener\">tuyau d&#8217;aspirateur Kirby<\/a> pour obtenir une solution compl\u00e8te et fiable.<\/p>\n<h4 data-start=\"781\" data-end=\"800\">Compatible avec :<\/h4>\n<ul data-start=\"802\" data-end=\"1039\">\n<li data-start=\"802\" data-end=\"821\">Avalir Platinum<\/li>\n<li data-start=\"822\" data-end=\"834\">Avalir 2<\/li>\n<li data-start=\"835\" data-end=\"847\">Avalir 1<\/li>\n<li data-start=\"848\" data-end=\"868\">Sentria 2 (G10D)<\/li>\n<li data-start=\"869\" data-end=\"888\">Sentria 1 (G10)<\/li>\n<li data-start=\"889\" data-end=\"928\">Ultimate G Diamond Edition (G7D\/DE)<\/li>\n<li data-start=\"929\" data-end=\"951\">Ultimate G (G7\/UG)<\/li>\n<li data-start=\"952\" data-end=\"973\">Generation 6 (G6)<\/li>\n<li data-start=\"974\" data-end=\"995\">Generation 5 (G5)<\/li>\n<li data-start=\"996\" data-end=\"1017\">Generation 4 (G4)<\/li>\n<li data-start=\"1018\" data-end=\"1039\">Generation 3 (G3)<\/li>\n<\/ul>\n<h2 data-start=\"1046\" data-end=\"1112\">Qu&#8217;est-ce que le Connecteur de flexible Kirby et pourquoi est-il important ?<\/h2>\n<p data-start=\"1113\" data-end=\"1364\">Le raccord de tuyau est la pi\u00e8ce essentielle qui relie le tuyau \u00e0 l&#8217;aspirateur. Il garantit une connexion \u00e9tanche et stable \u00e0 chaque utilisation. Si le raccord est manquant ou us\u00e9, la puissance d&#8217;aspiration peut \u00eatre r\u00e9duite.<\/p>\n<p data-start=\"1366\" data-end=\"1630\">De plus, cet \u00e9l\u00e9ment emp\u00eache tout jeu ind\u00e9sirable. Votre Kirby fonctionne ainsi plus efficacement et vous remarquez imm\u00e9diatement la diff\u00e9rence lorsque vous passez l&#8217;aspirateur. Vous souhaitez en savoir plus sur les tuyaux et les accessoires ? Consultez le blog : <a href=\"https:\/\/www.service-aspirateur-kirby.fr\/tuyau-pour-aspirateur-kirby\/\" target=\"_blank\" rel=\"noopener\">Tout savoir sur le tuyau d&#8217;aspirateur Kirby<\/a><\/p>\n<h3 data-start=\"1637\" data-end=\"1687\">Choisir un tuyau de raccordement par mod\u00e8le Kirby<\/h3>\n<p data-start=\"1688\" data-end=\"1918\">Bien que le tuyau Kirby connecteur semble universel, il est important de choisir le bon type. Il existe en effet un mod\u00e8le sp\u00e9cifique pour les G3 et G4, tandis que les mod\u00e8les G5 \u00e0 Avalir utilisent une autre variante.<\/p>\n<p data-start=\"1920\" data-end=\"2043\">Il est donc judicieux de v\u00e9rifier votre mod\u00e8le au pr\u00e9alable. Vous \u00e9viterez ainsi les retours et garantirez un fonctionnement optimal.<\/p>\n<p data-start=\"2239\" data-end=\"2295\">Regardez \u00e9galement la vid\u00e9o d&#8217;instructions pour obtenir une aide suppl\u00e9mentaire au montage :<\/p>\n<p data-start=\"2239\" data-end=\"2295\"><div  class='avia-video av-kirbyvideo-7be79502974b0481fd5cf740e731c208 avia-video-16-9 av-no-preview-image avia-video-load-always av-lazyload-immediate av-lazyload-video-embed'  itemprop=\"video\" itemtype=\"https:\/\/schema.org\/VideoObject\"  data-original_url='https:\/\/youtu.be\/PsbmjyBy-Do'><script type='text\/html' class='av-video-tmpl'><div class='avia-iframe-wrap'><iframe loading=\"lazy\" title=\"Kirby vacuum Veltec - Replace the attachment parts\" width=\"1500\" height=\"844\" src=\"https:\/\/www.youtube.com\/embed\/PsbmjyBy-Do?feature=oembed&enablejsapi=1&origin=https:\/\/www.veltec.eu&autoplay=0&loop=0&controls=1&mute=0\" frameborder=\"0\" allow=\"accelerometer; autoplay; clipboard-write; encrypted-media; gyroscope; picture-in-picture; web-share\" referrerpolicy=\"strict-origin-when-cross-origin\" allowfullscreen><\/iframe><\/div><\/script><div class='av-click-to-play-overlay'><div class=\"avia_playpause_icon\"><\/div><\/div><\/div><\/p>\n<h2 data-start=\"2302\" data-end=\"2356\">Les avantages d&#8217;un Connecteur de flexible Kirby d&#8217;origine<\/h2>\n<p data-start=\"2357\" data-end=\"2678\">Un raccord de tuyau Kirby d&#8217;origine offre des avantages \u00e9vidents par rapport aux pi\u00e8ces d&#8217;imitation. Tout d&#8217;abord, vous b\u00e9n\u00e9ficiez d&#8217;un ajustement parfait, car la pi\u00e8ce est fabriqu\u00e9e exactement selon les sp\u00e9cifications Kirby. De plus, le mat\u00e9riau dure beaucoup plus longtemps, ce qui r\u00e9duit la fr\u00e9quence des remplacements.<\/p>\n<p data-start=\"2680\" data-end=\"2870\">De plus, votre aspirateur Kirby restera en parfait \u00e9tat si vous utilisez des pi\u00e8ces d&#8217;origine. Vous \u00e9viterez ainsi toute perte de puissance et conserverez la puissance de fonctionnement qui fait la renomm\u00e9e de Kirby.<\/p>\n<h3 data-start=\"2872\" data-end=\"2900\">Principaux avantages :<\/h3>\n<ul data-start=\"2902\" data-end=\"3047\">\n<li data-start=\"2902\" data-end=\"2938\">Connexion \u00e9tanche \u00e0 l&#8217;air optimale<\/li>\n<li data-start=\"2902\" data-end=\"2938\">Maintien d&#8217;une puissance d&#8217;aspiration maximale<\/li>\n<li data-start=\"2902\" data-end=\"2938\">Longue dur\u00e9e de vie<\/li>\n<li data-start=\"2902\" data-end=\"2938\">Compatibilit\u00e9 parfaite<\/li>\n<li data-start=\"2902\" data-end=\"2938\">Fonctionnement fiable<\/li>\n<\/ul>\n<h2>Petit investissement, grands r\u00e9sultats<\/h2>\n<p data-start=\"3118\" data-end=\"3407\">Bien que le connecteur de flexible Kirby soit un composant compact, il a une grande influence sur les performances de votre aspirateur. C&#8217;est pourquoi il est essentiel de le remplacer \u00e0 temps lorsqu&#8217;il est us\u00e9. Avec le raccord appropri\u00e9, votre Kirby continuera \u00e0 fonctionner sans probl\u00e8me et vous \u00e9viterez toute perte de puissance inutile.<\/p>\n<\/div>\n<\/div>\n<\/div>\n<\/div>\n<\/div>\n<\/div>\n<\/article>\n","protected":false},"excerpt":{"rendered":"<p>Le connecteur de flexible Kirby assure une connexion solide et \u00e9tanche \u00e0 l&#8217;air entre le tuyau et l&#8217;aspirateur Kirby. Convient \u00e0 divers mod\u00e8les Kirby et id\u00e9al pour maintenir une puissance d&#8217;aspiration optimale.<\/p>\n[trustindex data-widget-id=e3bb80b24fa128098b960fc2439]\n<h3><span style=\"color: #008000;\"><br \/>\nEn stock<\/span><\/h3>\n[av_font_icon icon='ue812' font='entypo-fontello' style='' caption='' size='25px' position='left' color='#43ad66' link='' linktarget='' title_attr='' sonar_effect_effect='' sonar_effect_color='' sonar_effect_duration='1' sonar_effect_scale='' sonar_effect_opac='0.5' animation='' id='' custom_class='' template_class='' av_uid='' sc_version='1.0' admin_preview_bg=''][\/av_font_icon]\n<p><span style=\"color: #008000;\">Command\u00e9 23:59, exp\u00e9di\u00e9 demain<\/span><\/p>\n<p>&nbsp;<\/p>\n","protected":false},"featured_media":8571,"comment_status":"open","ping_status":"closed","template":"","meta":{"_acf_changed":false},"product_brand":[],"product_cat":[319],"product_tag":[],"class_list":{"0":"post-10649","1":"product","2":"type-product","3":"status-publish","4":"has-post-thumbnail","6":"product_cat-kirby-flexibles","7":"product_shipping_class-klein-de-fr","9":"first","10":"instock","11":"taxable","12":"shipping-taxable","13":"purchasable","14":"product-type-variable"},"acf":[],"yoast_head":"<!-- This site is optimized with the Yoast SEO Premium plugin v27.1 (Yoast SEO v27.4) - https:\/\/yoast.com\/product\/yoast-seo-premium-wordpress\/ -->\n<title>Connecteur de flexible Kirby | Raccord de tuyau d&#039;origine<\/title>\n<meta name=\"description\" content=\"Connecteur de flexible Kirby pour une fixation solide du tuyau. Convient \u00e0 tous les mod\u00e8les Kirby. Permet de conserver une puissance d&#039;aspiration maximale.\" \/>\n<meta name=\"robots\" content=\"index, follow, max-snippet:-1, max-image-preview:large, max-video-preview:-1\" \/>\n<link rel=\"canonical\" href=\"https:\/\/www.veltec.eu\/fr\/product\/connecteur-de-flexible-kirby-nl3159\/\" \/>\n<meta property=\"og:locale\" content=\"fr_FR\" \/>\n<meta property=\"og:type\" content=\"article\" \/>\n<meta property=\"og:title\" content=\"Connecteur de flexible Kirby\" \/>\n<meta property=\"og:description\" content=\"Le connecteur de flexible Kirby assure une connexion solide et \u00e9tanche \u00e0 l&#039;air entre le tuyau et l&#039;aspirateur Kirby. Convient \u00e0 divers mod\u00e8les Kirby et id\u00e9al pour maintenir une puissance d&#039;aspiration optimale.    En stock   Command\u00e9 23:59, exp\u00e9di\u00e9 demain  &nbsp;\" \/>\n<meta property=\"og:url\" content=\"https:\/\/www.veltec.eu\/fr\/product\/connecteur-de-flexible-kirby-nl3159\/\" \/>\n<meta property=\"og:site_name\" content=\"Veltec Kirby specialist\" \/>\n<meta property=\"article:publisher\" content=\"https:\/\/www.facebook.com\/Veltec-Kirby-Specialist-236746293374877\/\" \/>\n<meta property=\"article:modified_time\" content=\"2026-03-02T06:46:31+00:00\" \/>\n<meta property=\"og:image\" content=\"https:\/\/www.veltec.eu\/wp-content\/uploads\/2018\/10\/kirby_connector_slang.jpg\" \/>\n\t<meta property=\"og:image:width\" content=\"300\" \/>\n\t<meta property=\"og:image:height\" content=\"300\" \/>\n\t<meta property=\"og:image:type\" content=\"image\/jpeg\" \/>\n<meta name=\"twitter:card\" content=\"summary_large_image\" \/>\n<meta name=\"twitter:label1\" content=\"Dur\u00e9e de lecture estim\u00e9e\" \/>\n\t<meta name=\"twitter:data1\" content=\"3 minutes\" \/>\n<script type=\"application\/ld+json\" class=\"yoast-schema-graph\">{\"@context\":\"https:\\\/\\\/schema.org\",\"@graph\":[{\"@type\":\"WebPage\",\"@id\":\"https:\\\/\\\/www.veltec.eu\\\/fr\\\/product\\\/connecteur-de-flexible-kirby-nl3159\\\/\",\"url\":\"https:\\\/\\\/www.veltec.eu\\\/fr\\\/product\\\/connecteur-de-flexible-kirby-nl3159\\\/\",\"name\":\"Connecteur de flexible Kirby | Raccord de tuyau d'origine\",\"isPartOf\":{\"@id\":\"https:\\\/\\\/www.veltec.eu\\\/en\\\/#website\"},\"primaryImageOfPage\":{\"@id\":\"https:\\\/\\\/www.veltec.eu\\\/fr\\\/product\\\/connecteur-de-flexible-kirby-nl3159\\\/#primaryimage\"},\"image\":{\"@id\":\"https:\\\/\\\/www.veltec.eu\\\/fr\\\/product\\\/connecteur-de-flexible-kirby-nl3159\\\/#primaryimage\"},\"thumbnailUrl\":\"https:\\\/\\\/www.veltec.eu\\\/wp-content\\\/uploads\\\/2018\\\/10\\\/kirby_connector_slang.jpg\",\"datePublished\":\"2018-10-26T11:37:35+00:00\",\"dateModified\":\"2026-03-02T06:46:31+00:00\",\"description\":\"Connecteur de flexible Kirby pour une fixation solide du tuyau. Convient \u00e0 tous les mod\u00e8les Kirby. Permet de conserver une puissance d'aspiration maximale.\",\"breadcrumb\":{\"@id\":\"https:\\\/\\\/www.veltec.eu\\\/fr\\\/product\\\/connecteur-de-flexible-kirby-nl3159\\\/#breadcrumb\"},\"inLanguage\":\"fr-FR\",\"potentialAction\":[{\"@type\":\"ReadAction\",\"target\":[\"https:\\\/\\\/www.veltec.eu\\\/fr\\\/product\\\/connecteur-de-flexible-kirby-nl3159\\\/\"]}]},{\"@type\":\"ImageObject\",\"inLanguage\":\"fr-FR\",\"@id\":\"https:\\\/\\\/www.veltec.eu\\\/fr\\\/product\\\/connecteur-de-flexible-kirby-nl3159\\\/#primaryimage\",\"url\":\"https:\\\/\\\/www.veltec.eu\\\/wp-content\\\/uploads\\\/2018\\\/10\\\/kirby_connector_slang.jpg\",\"contentUrl\":\"https:\\\/\\\/www.veltec.eu\\\/wp-content\\\/uploads\\\/2018\\\/10\\\/kirby_connector_slang.jpg\",\"width\":300,\"height\":300,\"caption\":\"Connecteur de flexible Kirby\"},{\"@type\":\"BreadcrumbList\",\"@id\":\"https:\\\/\\\/www.veltec.eu\\\/fr\\\/product\\\/connecteur-de-flexible-kirby-nl3159\\\/#breadcrumb\",\"itemListElement\":[{\"@type\":\"ListItem\",\"position\":1,\"name\":\"Home\",\"item\":\"https:\\\/\\\/www.veltec.eu\\\/fr\\\/\"},{\"@type\":\"ListItem\",\"position\":2,\"name\":\"Kirby Shop\",\"item\":\"https:\\\/\\\/www.veltec.eu\\\/nl\\\/shop-page\\\/\"},{\"@type\":\"ListItem\",\"position\":3,\"name\":\"Connecteur de flexible Kirby\"}]},{\"@type\":\"WebSite\",\"@id\":\"https:\\\/\\\/www.veltec.eu\\\/en\\\/#website\",\"url\":\"https:\\\/\\\/www.veltec.eu\\\/en\\\/\",\"name\":\"Veltec Kirby specialist\",\"description\":\"Kirby stofzuiger producten\",\"publisher\":{\"@id\":\"https:\\\/\\\/www.veltec.eu\\\/en\\\/#organization\"},\"potentialAction\":[{\"@type\":\"SearchAction\",\"target\":{\"@type\":\"EntryPoint\",\"urlTemplate\":\"https:\\\/\\\/www.veltec.eu\\\/en\\\/?s={search_term_string}\"},\"query-input\":{\"@type\":\"PropertyValueSpecification\",\"valueRequired\":true,\"valueName\":\"search_term_string\"}}],\"inLanguage\":\"fr-FR\"},{\"@type\":\"Organization\",\"@id\":\"https:\\\/\\\/www.veltec.eu\\\/en\\\/#organization\",\"name\":\"Veltec Kirby Specialist\",\"url\":\"https:\\\/\\\/www.veltec.eu\\\/en\\\/\",\"logo\":{\"@type\":\"ImageObject\",\"inLanguage\":\"fr-FR\",\"@id\":\"https:\\\/\\\/www.veltec.eu\\\/en\\\/#\\\/schema\\\/logo\\\/image\\\/\",\"url\":\"https:\\\/\\\/www.veltec.eu\\\/wp-content\\\/uploads\\\/2021\\\/12\\\/Veltec-log-groot-e1537260889125.png\",\"contentUrl\":\"https:\\\/\\\/www.veltec.eu\\\/wp-content\\\/uploads\\\/2021\\\/12\\\/Veltec-log-groot-e1537260889125.png\",\"width\":200,\"height\":60,\"caption\":\"Veltec Kirby Specialist\"},\"image\":{\"@id\":\"https:\\\/\\\/www.veltec.eu\\\/en\\\/#\\\/schema\\\/logo\\\/image\\\/\"},\"sameAs\":[\"https:\\\/\\\/www.facebook.com\\\/Veltec-Kirby-Specialist-236746293374877\\\/\",\"https:\\\/\\\/www.youtube.com\\\/user\\\/VeltecService\"]}]}<\/script>\n<!-- \/ Yoast SEO Premium plugin. -->","yoast_head_json":{"title":"Connecteur de flexible Kirby | Raccord de tuyau d'origine","description":"Connecteur de flexible Kirby pour une fixation solide du tuyau. Convient \u00e0 tous les mod\u00e8les Kirby. Permet de conserver une puissance d'aspiration maximale.","robots":{"index":"index","follow":"follow","max-snippet":"max-snippet:-1","max-image-preview":"max-image-preview:large","max-video-preview":"max-video-preview:-1"},"canonical":"https:\/\/www.veltec.eu\/fr\/product\/connecteur-de-flexible-kirby-nl3159\/","og_locale":"fr_FR","og_type":"article","og_title":"Connecteur de flexible Kirby","og_description":"Le connecteur de flexible Kirby assure une connexion solide et \u00e9tanche \u00e0 l'air entre le tuyau et l'aspirateur Kirby. Convient \u00e0 divers mod\u00e8les Kirby et id\u00e9al pour maintenir une puissance d'aspiration optimale.    En stock   Command\u00e9 23:59, exp\u00e9di\u00e9 demain  &nbsp;","og_url":"https:\/\/www.veltec.eu\/fr\/product\/connecteur-de-flexible-kirby-nl3159\/","og_site_name":"Veltec Kirby specialist","article_publisher":"https:\/\/www.facebook.com\/Veltec-Kirby-Specialist-236746293374877\/","article_modified_time":"2026-03-02T06:46:31+00:00","og_image":[{"width":300,"height":300,"url":"https:\/\/www.veltec.eu\/wp-content\/uploads\/2018\/10\/kirby_connector_slang.jpg","type":"image\/jpeg"}],"twitter_card":"summary_large_image","twitter_misc":{"Dur\u00e9e de lecture estim\u00e9e":"3 minutes"},"schema":{"@context":"https:\/\/schema.org","@graph":[{"@type":"WebPage","@id":"https:\/\/www.veltec.eu\/fr\/product\/connecteur-de-flexible-kirby-nl3159\/","url":"https:\/\/www.veltec.eu\/fr\/product\/connecteur-de-flexible-kirby-nl3159\/","name":"Connecteur de flexible Kirby | Raccord de tuyau d'origine","isPartOf":{"@id":"https:\/\/www.veltec.eu\/en\/#website"},"primaryImageOfPage":{"@id":"https:\/\/www.veltec.eu\/fr\/product\/connecteur-de-flexible-kirby-nl3159\/#primaryimage"},"image":{"@id":"https:\/\/www.veltec.eu\/fr\/product\/connecteur-de-flexible-kirby-nl3159\/#primaryimage"},"thumbnailUrl":"https:\/\/www.veltec.eu\/wp-content\/uploads\/2018\/10\/kirby_connector_slang.jpg","datePublished":"2018-10-26T11:37:35+00:00","dateModified":"2026-03-02T06:46:31+00:00","description":"Connecteur de flexible Kirby pour une fixation solide du tuyau. Convient \u00e0 tous les mod\u00e8les Kirby. Permet de conserver une puissance d'aspiration maximale.","breadcrumb":{"@id":"https:\/\/www.veltec.eu\/fr\/product\/connecteur-de-flexible-kirby-nl3159\/#breadcrumb"},"inLanguage":"fr-FR","potentialAction":[{"@type":"ReadAction","target":["https:\/\/www.veltec.eu\/fr\/product\/connecteur-de-flexible-kirby-nl3159\/"]}]},{"@type":"ImageObject","inLanguage":"fr-FR","@id":"https:\/\/www.veltec.eu\/fr\/product\/connecteur-de-flexible-kirby-nl3159\/#primaryimage","url":"https:\/\/www.veltec.eu\/wp-content\/uploads\/2018\/10\/kirby_connector_slang.jpg","contentUrl":"https:\/\/www.veltec.eu\/wp-content\/uploads\/2018\/10\/kirby_connector_slang.jpg","width":300,"height":300,"caption":"Connecteur de flexible Kirby"},{"@type":"BreadcrumbList","@id":"https:\/\/www.veltec.eu\/fr\/product\/connecteur-de-flexible-kirby-nl3159\/#breadcrumb","itemListElement":[{"@type":"ListItem","position":1,"name":"Home","item":"https:\/\/www.veltec.eu\/fr\/"},{"@type":"ListItem","position":2,"name":"Kirby Shop","item":"https:\/\/www.veltec.eu\/nl\/shop-page\/"},{"@type":"ListItem","position":3,"name":"Connecteur de flexible Kirby"}]},{"@type":"WebSite","@id":"https:\/\/www.veltec.eu\/en\/#website","url":"https:\/\/www.veltec.eu\/en\/","name":"Veltec Kirby specialist","description":"Kirby stofzuiger producten","publisher":{"@id":"https:\/\/www.veltec.eu\/en\/#organization"},"potentialAction":[{"@type":"SearchAction","target":{"@type":"EntryPoint","urlTemplate":"https:\/\/www.veltec.eu\/en\/?s={search_term_string}"},"query-input":{"@type":"PropertyValueSpecification","valueRequired":true,"valueName":"search_term_string"}}],"inLanguage":"fr-FR"},{"@type":"Organization","@id":"https:\/\/www.veltec.eu\/en\/#organization","name":"Veltec Kirby Specialist","url":"https:\/\/www.veltec.eu\/en\/","logo":{"@type":"ImageObject","inLanguage":"fr-FR","@id":"https:\/\/www.veltec.eu\/en\/#\/schema\/logo\/image\/","url":"https:\/\/www.veltec.eu\/wp-content\/uploads\/2021\/12\/Veltec-log-groot-e1537260889125.png","contentUrl":"https:\/\/www.veltec.eu\/wp-content\/uploads\/2021\/12\/Veltec-log-groot-e1537260889125.png","width":200,"height":60,"caption":"Veltec Kirby Specialist"},"image":{"@id":"https:\/\/www.veltec.eu\/en\/#\/schema\/logo\/image\/"},"sameAs":["https:\/\/www.facebook.com\/Veltec-Kirby-Specialist-236746293374877\/","https:\/\/www.youtube.com\/user\/VeltecService"]}]}},"_links":{"self":[{"href":"https:\/\/www.veltec.eu\/fr\/wp-json\/wp\/v2\/product\/10649","targetHints":{"allow":["GET"]}}],"collection":[{"href":"https:\/\/www.veltec.eu\/fr\/wp-json\/wp\/v2\/product"}],"about":[{"href":"https:\/\/www.veltec.eu\/fr\/wp-json\/wp\/v2\/types\/product"}],"replies":[{"embeddable":true,"href":"https:\/\/www.veltec.eu\/fr\/wp-json\/wp\/v2\/comments?post=10649"}],"wp:featuredmedia":[{"embeddable":true,"href":"https:\/\/www.veltec.eu\/fr\/wp-json\/wp\/v2\/media\/8571"}],"wp:attachment":[{"href":"https:\/\/www.veltec.eu\/fr\/wp-json\/wp\/v2\/media?parent=10649"}],"wp:term":[{"taxonomy":"product_brand","embeddable":true,"href":"https:\/\/www.veltec.eu\/fr\/wp-json\/wp\/v2\/product_brand?post=10649"},{"taxonomy":"product_cat","embeddable":true,"href":"https:\/\/www.veltec.eu\/fr\/wp-json\/wp\/v2\/product_cat?post=10649"},{"taxonomy":"product_tag","embeddable":true,"href":"https:\/\/www.veltec.eu\/fr\/wp-json\/wp\/v2\/product_tag?post=10649"}],"curies":[{"name":"wp","href":"https:\/\/api.w.org\/{rel}","templated":true}]}}