{"id":10539,"date":"2018-10-26T13:58:37","date_gmt":"2018-10-26T11:58:37","guid":{"rendered":"https:\/\/www.veltec.eu\/kirby-webshop\/flexible-d-aspirateur-4m-nl3168\/"},"modified":"2026-03-02T07:44:26","modified_gmt":"2026-03-02T05:44:26","slug":"flexible-d-aspirateur-kirby-4m-nl3168","status":"publish","type":"product","link":"https:\/\/www.veltec.eu\/fr\/product\/flexible-d-aspirateur-kirby-4m-nl3168\/","title":{"rendered":"Flexible d\u2019aspirateur Kirby 4m."},"content":{"rendered":"<h1 data-start=\"0\" data-end=\"29\">Flexible d\u2019aspirateur Kirby 4m.<\/h1>\n<p data-start=\"31\" data-end=\"254\">Le Flexible d\u2019aspirateur Kirby 4m. est un flexible complet extra-long avec fixation avant et arri\u00e8re. Cette pi\u00e8ce de rechange pratique offre une libert\u00e9 de mouvement maximale et des performances optimales pour votre aspirateur Kirby.<\/p>\n<h2 data-start=\"261\" data-end=\"320\">Compatibilit\u00e9 universelle<\/h2>\n<p data-start=\"322\" data-end=\"503\">Le tuyau d&#8217;aspirateur Kirby est de conception universelle et s&#8217;adapte donc \u00e0 presque tous les aspirateurs Kirby. Vous n&#8217;avez donc pas \u00e0 vous soucier de la connexion ou de l&#8217;ajustement.<\/p>\n<h3 data-start=\"505\" data-end=\"544\">Compatible avec les mod\u00e8les suivants :<\/h3>\n<ul data-start=\"546\" data-end=\"787\">\n<li data-start=\"546\" data-end=\"565\">Avalir Platinum<\/li>\n<li data-start=\"566\" data-end=\"578\">Avalir 2<\/li>\n<li data-start=\"579\" data-end=\"591\">Avalir 1<\/li>\n<li data-start=\"592\" data-end=\"612\">Sentria 2 (G10D)<\/li>\n<li data-start=\"613\" data-end=\"632\">Sentria 1 (G10)<\/li>\n<li data-start=\"633\" data-end=\"674\">Ultimate G Diamond Edition (G7D \/ DE)<\/li>\n<li data-start=\"675\" data-end=\"699\">Ultimate G (G7 \/ UG)<\/li>\n<li data-start=\"700\" data-end=\"721\">Generation 6 (G6)<\/li>\n<li data-start=\"722\" data-end=\"743\">Generation 5 (G5)<\/li>\n<li data-start=\"744\" data-end=\"765\">Generation 4 (G4)<\/li>\n<li data-start=\"766\" data-end=\"787\">Generation 3 (G3)<\/li>\n<\/ul>\n<p data-start=\"789\" data-end=\"885\">De plus, ce tuyau constitue un remplacement id\u00e9al pour les tuyaux d&#8217;origine us\u00e9s ou endommag\u00e9s.<\/p>\n<h2 data-start=\"892\" data-end=\"944\">Pourquoi choisir le flexible d&#8217;aspirateur Kirby 4 m ?<\/h2>\n<h3 data-start=\"946\" data-end=\"1003\">Fiable et durable<\/h3>\n<p data-start=\"1005\" data-end=\"1230\">Tout d&#8217;abord, le flexible d&#8217;aspirateur Kirby est fabriqu\u00e9 \u00e0 partir de mat\u00e9riaux de haute qualit\u00e9, ce qui permet de lutter efficacement contre l&#8217;usure et les d\u00e9chirures. Vous b\u00e9n\u00e9ficiez ainsi d&#8217;une longue dur\u00e9e de vie et de co\u00fbts de remplacement r\u00e9duits.<\/p>\n<p data-start=\"1232\" data-end=\"1330\">De plus, le tuyau conserve sa forme m\u00eame en cas d&#8217;utilisation intensive, ce qui garantit des performances constantes.<\/p>\n<h3 data-start=\"1232\" data-end=\"1330\">\u00a0Puissance d&#8217;aspiration optimale<\/h3>\n<p data-start=\"1387\" data-end=\"1578\">Gr\u00e2ce \u00e0 son flux d&#8217;air optimis\u00e9, le tuyau d&#8217;aspirateur Kirby offre d&#8217;excellentes performances d&#8217;aspiration. Votre aspirateur Kirby \u00e9limine ainsi la salet\u00e9, la poussi\u00e8re et les poils de mani\u00e8re nettement plus efficace.<\/p>\n<p data-start=\"1580\" data-end=\"1743\">De plus, sa construction robuste favorise une circulation d&#8217;air stable, permettant au moteur de votre Kirby d&#8217;offrir des performances optimales sur les tapis, les sols durs et les tissus d&#8217;ameublement.<\/p>\n<h2 data-start=\"1750\" data-end=\"1801\">Facilit\u00e9 d&#8217;utilisation du tuyau d&#8217;aspirateur Kirby<\/h2>\n<h3 data-start=\"1803\" data-end=\"1859\">Installation facile<\/h3>\n<p data-start=\"1861\" data-end=\"2014\">Le tuyau d&#8217;aspirateur Kirby s&#8217;installe ensuite rapidement et sans outils. Vous pouvez ainsi r\u00e9utiliser votre aspirateur presque imm\u00e9diatement.<\/p>\n<p data-start=\"2121\" data-end=\"2180\">Vous trouverez \u00e9galement des accessoires assortis dans les rubriques : <a href=\"https:\/\/www.veltec.eu\/fr\/kirby-accessoires\/\" target=\"_blank\" rel=\"noopener\">Accessoires Kirby<\/a> et <a href=\"https:\/\/www.veltec.eu\/fr\/sacs-pour-aspirateur-kirby\/\" target=\"_blank\" rel=\"noopener\">Sacs pour aspirateurs Kirby.<\/a><\/p>\n<h3 data-start=\"2300\" data-end=\"2356\">Extra long et flexible<\/h3>\n<p data-start=\"2358\" data-end=\"2546\">Avec une longueur impressionnante de 4 m\u00e8tres, le tuyau d&#8217;aspirateur Kirby 4Mtr offre une port\u00e9e consid\u00e9rablement plus grande. Vous pouvez ainsi nettoyer sans effort sous les meubles, derri\u00e8re les appareils \u00e9lectrom\u00e9nagers et dans les espaces restreints.<\/p>\n<p data-start=\"2548\" data-end=\"2676\">De plus, sa structure flexible emp\u00eache les pliures et les torsions pendant l&#8217;aspiration, ce qui rend son utilisation encore plus confortable.<\/p>\n<h2 data-start=\"2683\" data-end=\"2730\">Entretien du flexible d&#8217;aspirateur Kirby 4 m.<\/h2>\n<p data-start=\"2732\" data-end=\"2891\">L&#8217;entretien du flexible d&#8217;aspirateur Kirby est simple et rapide. Vous pouvez en effet le nettoyer facilement \u00e0 l&#8217;aide d&#8217;un chiffon l\u00e9g\u00e8rement humide.<\/p>\n<p data-start=\"2893\" data-end=\"2987\">Cela permet de maintenir un d\u00e9bit d&#8217;air optimal et de pr\u00e9server la puissance de votre aspirateur Kirby.<\/p>\n<p data-start=\"2989\" data-end=\"3163\">Pour plus d&#8217;informations, consultez le guide du blog : <a href=\"https:\/\/www.service-aspirateur-kirby.fr\/tuyau-pour-aspirateur-kirby\/\" target=\"_blank\" rel=\"noopener\">Tout savoir sur le tuyau d&#8217;aspirateur Kirby<\/a><\/p>\n<h2 data-start=\"3170\" data-end=\"3220\">Les avantages du flexible d&#8217;aspirateur Kirby<\/h2>\n<p data-start=\"3222\" data-end=\"3432\">En r\u00e9sum\u00e9, le tuyau d&#8217;aspirateur Kirby de 4 m\u00e8tres allie durabilit\u00e9, flexibilit\u00e9 et performances puissantes en un seul composant fiable. Ce tuyau constitue donc un investissement judicieux pour tout utilisateur Kirby.<\/p>\n<p data-start=\"3434\" data-end=\"3596\" data-is-last-node=\"\" data-is-only-node=\"\">Que vous remplaciez ou mettiez \u00e0 niveau votre aspirateur, ce tuyau Kirby extra-long lui permettra de fonctionner \u00e0 nouveau efficacement et confortablement. Commandez d\u00e8s aujourd&#8217;hui et constatez imm\u00e9diatement la diff\u00e9rence.<\/p>\n","protected":false},"excerpt":{"rendered":"<p>Le flexible d&#8217;aspirateur Kirby 4 m est un flexible de rechange complet et flexible avec raccord avant et arri\u00e8re. Convient \u00e0 tous les aspirateurs Kirby et id\u00e9al pour une port\u00e9e suppl\u00e9mentaire.<\/p>\n[trustindex data-widget-id=e3bb80b24fa128098b960fc2439]\n<h3><span style=\"color: #008000;\"><br \/>\nEn stock<\/span><\/h3>\n[av_font_icon icon='ue812' font='entypo-fontello' style='' caption='' size='25px' position='left' color='#43ad66' link='' linktarget='' title_attr='' sonar_effect_effect='' sonar_effect_color='' sonar_effect_duration='1' sonar_effect_scale='' sonar_effect_opac='0.5' animation='' id='' custom_class='' template_class='' av_uid='' sc_version='1.0' admin_preview_bg=''][\/av_font_icon]\n<p><span style=\"color: #008000;\">Command\u00e9 23:59, exp\u00e9di\u00e9 demain<\/span><\/p>\n<p>&nbsp;<\/p>\n","protected":false},"featured_media":8619,"comment_status":"open","ping_status":"closed","template":"","meta":[],"product_brand":[],"product_cat":[319],"product_tag":[],"class_list":{"0":"post-10539","1":"product","2":"type-product","3":"status-publish","4":"has-post-thumbnail","6":"product_cat-kirby-flexibles","7":"product_shipping_class-klein-de-fr","9":"first","10":"instock","11":"taxable","12":"shipping-taxable","13":"purchasable","14":"product-type-variable"},"yoast_head":"<!-- This site is optimized with the Yoast SEO Premium plugin v27.1 (Yoast SEO v27.3) - https:\/\/yoast.com\/product\/yoast-seo-premium-wordpress\/ -->\n<title>Flexible d\u2019aspirateur Kirby 4m. - Tuyau universel<\/title>\n<meta name=\"description\" content=\"Flexible d\u2019aspirateur Kirby 4m. - complet avec raccords avant et arri\u00e8re. Extra long, flexible et adapt\u00e9 \u00e0 presque tous les mod\u00e8les d&#039;aspirateurs Kirby.\" \/>\n<meta name=\"robots\" content=\"index, follow, max-snippet:-1, max-image-preview:large, max-video-preview:-1\" \/>\n<link rel=\"canonical\" href=\"https:\/\/www.veltec.eu\/fr\/product\/flexible-d-aspirateur-kirby-4m-nl3168\/\" \/>\n<meta property=\"og:locale\" content=\"fr_FR\" \/>\n<meta property=\"og:type\" content=\"article\" \/>\n<meta property=\"og:title\" content=\"Flexible d\u2019aspirateur Kirby 4m.\" \/>\n<meta property=\"og:description\" content=\"Le flexible d&#039;aspirateur Kirby 4 m est un flexible de rechange complet et flexible avec raccord avant et arri\u00e8re. Convient \u00e0 tous les aspirateurs Kirby et id\u00e9al pour une port\u00e9e suppl\u00e9mentaire.    En stock   Command\u00e9 23:59, exp\u00e9di\u00e9 demain  &nbsp;\" \/>\n<meta property=\"og:url\" content=\"https:\/\/www.veltec.eu\/fr\/product\/flexible-d-aspirateur-kirby-4m-nl3168\/\" \/>\n<meta property=\"og:site_name\" content=\"Veltec Kirby specialist\" \/>\n<meta property=\"article:publisher\" content=\"https:\/\/www.facebook.com\/Veltec-Kirby-Specialist-236746293374877\/\" \/>\n<meta property=\"article:modified_time\" content=\"2026-03-02T05:44:26+00:00\" \/>\n<meta property=\"og:image\" content=\"https:\/\/www.veltec.eu\/wp-content\/uploads\/2018\/10\/slang_4mtr_1.jpg\" \/>\n\t<meta property=\"og:image:width\" content=\"300\" \/>\n\t<meta property=\"og:image:height\" content=\"300\" \/>\n\t<meta property=\"og:image:type\" content=\"image\/jpeg\" \/>\n<meta name=\"twitter:card\" content=\"summary_large_image\" \/>\n<meta name=\"twitter:label1\" content=\"Dur\u00e9e de lecture estim\u00e9e\" \/>\n\t<meta name=\"twitter:data1\" content=\"3 minutes\" \/>\n<script type=\"application\/ld+json\" class=\"yoast-schema-graph\">{\"@context\":\"https:\\\/\\\/schema.org\",\"@graph\":[{\"@type\":\"WebPage\",\"@id\":\"https:\\\/\\\/www.veltec.eu\\\/fr\\\/product\\\/flexible-d-aspirateur-kirby-4m-nl3168\\\/\",\"url\":\"https:\\\/\\\/www.veltec.eu\\\/fr\\\/product\\\/flexible-d-aspirateur-kirby-4m-nl3168\\\/\",\"name\":\"Flexible d\u2019aspirateur Kirby 4m. - Tuyau universel\",\"isPartOf\":{\"@id\":\"https:\\\/\\\/www.veltec.eu\\\/en\\\/#website\"},\"primaryImageOfPage\":{\"@id\":\"https:\\\/\\\/www.veltec.eu\\\/fr\\\/product\\\/flexible-d-aspirateur-kirby-4m-nl3168\\\/#primaryimage\"},\"image\":{\"@id\":\"https:\\\/\\\/www.veltec.eu\\\/fr\\\/product\\\/flexible-d-aspirateur-kirby-4m-nl3168\\\/#primaryimage\"},\"thumbnailUrl\":\"https:\\\/\\\/www.veltec.eu\\\/wp-content\\\/uploads\\\/2018\\\/10\\\/slang_4mtr_1.jpg\",\"datePublished\":\"2018-10-26T11:58:37+00:00\",\"dateModified\":\"2026-03-02T05:44:26+00:00\",\"description\":\"Flexible d\u2019aspirateur Kirby 4m. - complet avec raccords avant et arri\u00e8re. Extra long, flexible et adapt\u00e9 \u00e0 presque tous les mod\u00e8les d'aspirateurs Kirby.\",\"breadcrumb\":{\"@id\":\"https:\\\/\\\/www.veltec.eu\\\/fr\\\/product\\\/flexible-d-aspirateur-kirby-4m-nl3168\\\/#breadcrumb\"},\"inLanguage\":\"fr-FR\",\"potentialAction\":[{\"@type\":\"ReadAction\",\"target\":[\"https:\\\/\\\/www.veltec.eu\\\/fr\\\/product\\\/flexible-d-aspirateur-kirby-4m-nl3168\\\/\"]}]},{\"@type\":\"ImageObject\",\"inLanguage\":\"fr-FR\",\"@id\":\"https:\\\/\\\/www.veltec.eu\\\/fr\\\/product\\\/flexible-d-aspirateur-kirby-4m-nl3168\\\/#primaryimage\",\"url\":\"https:\\\/\\\/www.veltec.eu\\\/wp-content\\\/uploads\\\/2018\\\/10\\\/slang_4mtr_1.jpg\",\"contentUrl\":\"https:\\\/\\\/www.veltec.eu\\\/wp-content\\\/uploads\\\/2018\\\/10\\\/slang_4mtr_1.jpg\",\"width\":300,\"height\":300,\"caption\":\"Flexible d\u2019aspirateur Kirby 4m\"},{\"@type\":\"BreadcrumbList\",\"@id\":\"https:\\\/\\\/www.veltec.eu\\\/fr\\\/product\\\/flexible-d-aspirateur-kirby-4m-nl3168\\\/#breadcrumb\",\"itemListElement\":[{\"@type\":\"ListItem\",\"position\":1,\"name\":\"Home\",\"item\":\"https:\\\/\\\/www.veltec.eu\\\/fr\\\/\"},{\"@type\":\"ListItem\",\"position\":2,\"name\":\"Produits\",\"item\":\"https:\\\/\\\/www.veltec.eu\\\/fr\\\/shop\\\/\"},{\"@type\":\"ListItem\",\"position\":3,\"name\":\"Flexible d\u2019aspirateur Kirby 4m.\"}]},{\"@type\":\"WebSite\",\"@id\":\"https:\\\/\\\/www.veltec.eu\\\/en\\\/#website\",\"url\":\"https:\\\/\\\/www.veltec.eu\\\/en\\\/\",\"name\":\"Veltec Kirby specialist\",\"description\":\"Kirby stofzuiger producten\",\"publisher\":{\"@id\":\"https:\\\/\\\/www.veltec.eu\\\/en\\\/#organization\"},\"potentialAction\":[{\"@type\":\"SearchAction\",\"target\":{\"@type\":\"EntryPoint\",\"urlTemplate\":\"https:\\\/\\\/www.veltec.eu\\\/en\\\/?s={search_term_string}\"},\"query-input\":{\"@type\":\"PropertyValueSpecification\",\"valueRequired\":true,\"valueName\":\"search_term_string\"}}],\"inLanguage\":\"fr-FR\"},{\"@type\":\"Organization\",\"@id\":\"https:\\\/\\\/www.veltec.eu\\\/en\\\/#organization\",\"name\":\"Veltec Kirby Specialist\",\"url\":\"https:\\\/\\\/www.veltec.eu\\\/en\\\/\",\"logo\":{\"@type\":\"ImageObject\",\"inLanguage\":\"fr-FR\",\"@id\":\"https:\\\/\\\/www.veltec.eu\\\/en\\\/#\\\/schema\\\/logo\\\/image\\\/\",\"url\":\"https:\\\/\\\/www.veltec.eu\\\/wp-content\\\/uploads\\\/2021\\\/12\\\/Veltec-log-groot-e1537260889125.png\",\"contentUrl\":\"https:\\\/\\\/www.veltec.eu\\\/wp-content\\\/uploads\\\/2021\\\/12\\\/Veltec-log-groot-e1537260889125.png\",\"width\":200,\"height\":60,\"caption\":\"Veltec Kirby Specialist\"},\"image\":{\"@id\":\"https:\\\/\\\/www.veltec.eu\\\/en\\\/#\\\/schema\\\/logo\\\/image\\\/\"},\"sameAs\":[\"https:\\\/\\\/www.facebook.com\\\/Veltec-Kirby-Specialist-236746293374877\\\/\",\"https:\\\/\\\/www.youtube.com\\\/user\\\/VeltecService\"]}]}<\/script>\n<!-- \/ Yoast SEO Premium plugin. -->","yoast_head_json":{"title":"Flexible d\u2019aspirateur Kirby 4m. - Tuyau universel","description":"Flexible d\u2019aspirateur Kirby 4m. - complet avec raccords avant et arri\u00e8re. Extra long, flexible et adapt\u00e9 \u00e0 presque tous les mod\u00e8les d'aspirateurs Kirby.","robots":{"index":"index","follow":"follow","max-snippet":"max-snippet:-1","max-image-preview":"max-image-preview:large","max-video-preview":"max-video-preview:-1"},"canonical":"https:\/\/www.veltec.eu\/fr\/product\/flexible-d-aspirateur-kirby-4m-nl3168\/","og_locale":"fr_FR","og_type":"article","og_title":"Flexible d\u2019aspirateur Kirby 4m.","og_description":"Le flexible d'aspirateur Kirby 4 m est un flexible de rechange complet et flexible avec raccord avant et arri\u00e8re. Convient \u00e0 tous les aspirateurs Kirby et id\u00e9al pour une port\u00e9e suppl\u00e9mentaire.    En stock   Command\u00e9 23:59, exp\u00e9di\u00e9 demain  &nbsp;","og_url":"https:\/\/www.veltec.eu\/fr\/product\/flexible-d-aspirateur-kirby-4m-nl3168\/","og_site_name":"Veltec Kirby specialist","article_publisher":"https:\/\/www.facebook.com\/Veltec-Kirby-Specialist-236746293374877\/","article_modified_time":"2026-03-02T05:44:26+00:00","og_image":[{"width":300,"height":300,"url":"https:\/\/www.veltec.eu\/wp-content\/uploads\/2018\/10\/slang_4mtr_1.jpg","type":"image\/jpeg"}],"twitter_card":"summary_large_image","twitter_misc":{"Dur\u00e9e de lecture estim\u00e9e":"3 minutes"},"schema":{"@context":"https:\/\/schema.org","@graph":[{"@type":"WebPage","@id":"https:\/\/www.veltec.eu\/fr\/product\/flexible-d-aspirateur-kirby-4m-nl3168\/","url":"https:\/\/www.veltec.eu\/fr\/product\/flexible-d-aspirateur-kirby-4m-nl3168\/","name":"Flexible d\u2019aspirateur Kirby 4m. - Tuyau universel","isPartOf":{"@id":"https:\/\/www.veltec.eu\/en\/#website"},"primaryImageOfPage":{"@id":"https:\/\/www.veltec.eu\/fr\/product\/flexible-d-aspirateur-kirby-4m-nl3168\/#primaryimage"},"image":{"@id":"https:\/\/www.veltec.eu\/fr\/product\/flexible-d-aspirateur-kirby-4m-nl3168\/#primaryimage"},"thumbnailUrl":"https:\/\/www.veltec.eu\/wp-content\/uploads\/2018\/10\/slang_4mtr_1.jpg","datePublished":"2018-10-26T11:58:37+00:00","dateModified":"2026-03-02T05:44:26+00:00","description":"Flexible d\u2019aspirateur Kirby 4m. - complet avec raccords avant et arri\u00e8re. Extra long, flexible et adapt\u00e9 \u00e0 presque tous les mod\u00e8les d'aspirateurs Kirby.","breadcrumb":{"@id":"https:\/\/www.veltec.eu\/fr\/product\/flexible-d-aspirateur-kirby-4m-nl3168\/#breadcrumb"},"inLanguage":"fr-FR","potentialAction":[{"@type":"ReadAction","target":["https:\/\/www.veltec.eu\/fr\/product\/flexible-d-aspirateur-kirby-4m-nl3168\/"]}]},{"@type":"ImageObject","inLanguage":"fr-FR","@id":"https:\/\/www.veltec.eu\/fr\/product\/flexible-d-aspirateur-kirby-4m-nl3168\/#primaryimage","url":"https:\/\/www.veltec.eu\/wp-content\/uploads\/2018\/10\/slang_4mtr_1.jpg","contentUrl":"https:\/\/www.veltec.eu\/wp-content\/uploads\/2018\/10\/slang_4mtr_1.jpg","width":300,"height":300,"caption":"Flexible d\u2019aspirateur Kirby 4m"},{"@type":"BreadcrumbList","@id":"https:\/\/www.veltec.eu\/fr\/product\/flexible-d-aspirateur-kirby-4m-nl3168\/#breadcrumb","itemListElement":[{"@type":"ListItem","position":1,"name":"Home","item":"https:\/\/www.veltec.eu\/fr\/"},{"@type":"ListItem","position":2,"name":"Produits","item":"https:\/\/www.veltec.eu\/fr\/shop\/"},{"@type":"ListItem","position":3,"name":"Flexible d\u2019aspirateur Kirby 4m."}]},{"@type":"WebSite","@id":"https:\/\/www.veltec.eu\/en\/#website","url":"https:\/\/www.veltec.eu\/en\/","name":"Veltec Kirby specialist","description":"Kirby stofzuiger producten","publisher":{"@id":"https:\/\/www.veltec.eu\/en\/#organization"},"potentialAction":[{"@type":"SearchAction","target":{"@type":"EntryPoint","urlTemplate":"https:\/\/www.veltec.eu\/en\/?s={search_term_string}"},"query-input":{"@type":"PropertyValueSpecification","valueRequired":true,"valueName":"search_term_string"}}],"inLanguage":"fr-FR"},{"@type":"Organization","@id":"https:\/\/www.veltec.eu\/en\/#organization","name":"Veltec Kirby Specialist","url":"https:\/\/www.veltec.eu\/en\/","logo":{"@type":"ImageObject","inLanguage":"fr-FR","@id":"https:\/\/www.veltec.eu\/en\/#\/schema\/logo\/image\/","url":"https:\/\/www.veltec.eu\/wp-content\/uploads\/2021\/12\/Veltec-log-groot-e1537260889125.png","contentUrl":"https:\/\/www.veltec.eu\/wp-content\/uploads\/2021\/12\/Veltec-log-groot-e1537260889125.png","width":200,"height":60,"caption":"Veltec Kirby Specialist"},"image":{"@id":"https:\/\/www.veltec.eu\/en\/#\/schema\/logo\/image\/"},"sameAs":["https:\/\/www.facebook.com\/Veltec-Kirby-Specialist-236746293374877\/","https:\/\/www.youtube.com\/user\/VeltecService"]}]}},"_links":{"self":[{"href":"https:\/\/www.veltec.eu\/fr\/wp-json\/wp\/v2\/product\/10539","targetHints":{"allow":["GET"]}}],"collection":[{"href":"https:\/\/www.veltec.eu\/fr\/wp-json\/wp\/v2\/product"}],"about":[{"href":"https:\/\/www.veltec.eu\/fr\/wp-json\/wp\/v2\/types\/product"}],"replies":[{"embeddable":true,"href":"https:\/\/www.veltec.eu\/fr\/wp-json\/wp\/v2\/comments?post=10539"}],"wp:featuredmedia":[{"embeddable":true,"href":"https:\/\/www.veltec.eu\/fr\/wp-json\/wp\/v2\/media\/8619"}],"wp:attachment":[{"href":"https:\/\/www.veltec.eu\/fr\/wp-json\/wp\/v2\/media?parent=10539"}],"wp:term":[{"taxonomy":"product_brand","embeddable":true,"href":"https:\/\/www.veltec.eu\/fr\/wp-json\/wp\/v2\/product_brand?post=10539"},{"taxonomy":"product_cat","embeddable":true,"href":"https:\/\/www.veltec.eu\/fr\/wp-json\/wp\/v2\/product_cat?post=10539"},{"taxonomy":"product_tag","embeddable":true,"href":"https:\/\/www.veltec.eu\/fr\/wp-json\/wp\/v2\/product_tag?post=10539"}],"curies":[{"name":"wp","href":"https:\/\/api.w.org\/{rel}","templated":true}]}}