{"id":10399,"date":"2018-10-26T14:59:49","date_gmt":"2018-10-26T12:59:49","guid":{"rendered":"https:\/\/www.veltec.eu\/kirby-webshop\/kirby-shampoo-systeem-gereconditioneerd-nl21345\/"},"modified":"2026-01-07T12:10:28","modified_gmt":"2026-01-07T10:10:28","slug":"systeme-de-shampoing-kirby-reconditionne","status":"publish","type":"product","link":"https:\/\/www.veltec.eu\/fr\/product\/systeme-de-shampoing-kirby-reconditionne\/","title":{"rendered":"Syst\u00e8me de Shampoing Kirby Reconditionn\u00e9"},"content":{"rendered":"<h1 data-start=\"175\" data-end=\"258\">Syst\u00e8me de Shampoing Kirby Reconditionn\u00e9 \u2013 nettoyage des tapis pour chaque Kirby<\/h1>\n<p data-start=\"260\" data-end=\"764\">Le Syst\u00e8me de Shampoing Kirby Reconditionn\u00e9 offre une solution puissante, fiable et abordable pour le shampoing des tapis et moquettes. Ce syst\u00e8me Kirby reconditionn\u00e9 combine des performances de nettoyage professionnelles avec une approche durable, ce qui le rend id\u00e9al pour un usage domestique intensif. Gr\u00e2ce \u00e0 sa technologie de mousse intelligente, le Syst\u00e8me de Shampoing Kirby nettoie en profondeur, uniform\u00e9ment et en toute s\u00e9curit\u00e9, laissant vos tapis visiblement plus frais.<\/p>\n<h2 data-start=\"766\" data-end=\"826\">Qu\u2019est-ce que le Syst\u00e8me de Shampoing Kirby Reconditionn\u00e9<\/h2>\n<p data-start=\"828\" data-end=\"1228\">Le Syst\u00e8me de Shampoing Kirby\u00a0est un syst\u00e8me complet de shampoing pour tapis, sp\u00e9cialement con\u00e7u pour un nettoyage en profondeur. Il fonctionne en combinaison avec votre aspirateur Kirby et utilise un shampooing pour tapis sous forme de mousse. Ainsi, le syst\u00e8me Kirby p\u00e9n\u00e8tre profond\u00e9ment dans les fibres, d\u00e9tache efficacement la salet\u00e9 et les odeurs, et facilite leur \u00e9limination.<\/p>\n<h2 data-start=\"1230\" data-end=\"1295\">Comment fonctionne le Syst\u00e8me de Shampoing Kirby<\/h2>\n<ol data-start=\"1297\" data-end=\"1571\">\n<li data-start=\"1297\" data-end=\"1378\">Pr\u00e9paration : Branchez le syst\u00e8me de shampoing \u00e0 votre aspirateur Kirby.<\/li>\n<li data-start=\"1379\" data-end=\"1483\">Shampoing : Appliquez le produit de nettoyage et laissez la mousse extraire la salet\u00e9 du tapis.<\/li>\n<li data-start=\"1484\" data-end=\"1571\">S\u00e9chage et aspiration : Une fois sec, aspirez facilement les r\u00e9sidus d\u00e9tach\u00e9s.<\/li>\n<\/ol>\n<p data-start=\"1573\" data-end=\"1693\">Cette m\u00e9thode efficace redonne \u00e0 vos tapis un aspect propre et frais, sans n\u00e9cessiter de produits chimiques agressifs.<\/p>\n<p data-start=\"1695\" data-end=\"1862\">\u00a0En savoir plus dans notre <a class=\"decorated-link cursor-pointer\" href=\"https:\/\/www.service-aspirateur-kirby.fr\/utilisation-du-systeme-de-shampooing-kirby\/\" target=\"_blank\" rel=\"noopener\" data-start=\"1724\" data-end=\"1860\">blog sur l\u2019utilisation du Syst\u00e8me de Shampoing Kirby pour un nettoyage approfondi<\/a><\/p>\n<h2 data-start=\"1864\" data-end=\"1920\">Avantages du Syst\u00e8me de Shampoing Kirby Reconditionn\u00e9\u00a0 \u00a0 <img decoding=\"async\" class=\"alignright wp-image-85973 \" src=\"https:\/\/www.veltec.eu\/wp-content\/uploads\/2018\/09\/Kirby-refurbished-1-180x180.png\" alt=\"Syst\u00e8me de Shampoing Kirby Reconditionn\u00e9\" width=\"217\" height=\"217\" srcset=\"https:\/\/www.veltec.eu\/wp-content\/uploads\/2018\/09\/Kirby-refurbished-1-180x180.png 180w, https:\/\/www.veltec.eu\/wp-content\/uploads\/2018\/09\/Kirby-refurbished-1-300x300.png 300w, https:\/\/www.veltec.eu\/wp-content\/uploads\/2018\/09\/Kirby-refurbished-1-80x80.png 80w, https:\/\/www.veltec.eu\/wp-content\/uploads\/2018\/09\/Kirby-refurbished-1-36x36.png 36w, https:\/\/www.veltec.eu\/wp-content\/uploads\/2018\/09\/Kirby-refurbished-1-120x120.png 120w, https:\/\/www.veltec.eu\/wp-content\/uploads\/2018\/09\/Kirby-refurbished-1-450x450.png 450w, https:\/\/www.veltec.eu\/wp-content\/uploads\/2018\/09\/Kirby-refurbished-1-600x600.png 600w, https:\/\/www.veltec.eu\/wp-content\/uploads\/2018\/09\/Kirby-refurbished-1-100x100.png 100w, https:\/\/www.veltec.eu\/wp-content\/uploads\/2018\/09\/Kirby-refurbished-1.png 626w\" sizes=\"(max-width: 217px) 100vw, 217px\" \/><\/h2>\n<p data-start=\"1922\" data-end=\"2298\">Le Syst\u00e8me de Shampoing Kirby\u00a0assure un nettoyage puissant tout en pr\u00e9servant vos tapis. Sa technologie de mousse consomme moins d\u2019eau, limitant ainsi le r\u00e9tr\u00e9cissement et la d\u00e9coloration. En choisissant un syst\u00e8me Kirby reconditionn\u00e9, vous optez pour une solution \u00e9conomique et \u00e9cologique, tout en b\u00e9n\u00e9ficiant de performances \u00e9quivalentes \u00e0 un syst\u00e8me neuf.<\/p>\n<h3 data-start=\"2300\" data-end=\"2339\">Syst\u00e8me Kirby durable et \u00e9conomique<\/h3>\n<p data-start=\"2341\" data-end=\"2710\">Chaque Syst\u00e8me de Shampoing Kirby Reconditionn\u00e9 est contr\u00f4l\u00e9, test\u00e9 et r\u00e9vis\u00e9 par des professionnels. Vous profitez ainsi d\u2019un syst\u00e8me de nettoyage fiable tout en r\u00e9alisant des \u00e9conomies et en participant \u00e0 la r\u00e9utilisation des produits. Cette combinaison rend le syst\u00e8me Kirby reconditionn\u00e9 particuli\u00e8rement attractif pour les utilisateurs soucieux de leur budget.<\/p>\n<h3 data-start=\"2712\" data-end=\"2747\">Syst\u00e8me Kirby facile \u00e0 utiliser<\/h3>\n<p data-start=\"2749\" data-end=\"2977\">Le Syst\u00e8me de Shampoing Kirby\u00a0est con\u00e7u pour une utilisation simple, sans connaissances techniques. Vous pouvez commencer le nettoyage rapidement tout en gardant un contr\u00f4le total sur le processus de shampoing.<\/p>\n<h2 data-start=\"2979\" data-end=\"3039\">Compatibilit\u00e9 du Syst\u00e8me de Shampoing Kirby<\/h2>\n<p data-start=\"3041\" data-end=\"3400\">Le Syst\u00e8me de Shampoing Kirby\u00a0est compatible avec tous les mod\u00e8les d\u2019aspirateurs Kirby, notamment Avalir Platinum, Avalir 2 et 1, Sentria 2 et 1, Ultimate G Diamond Edition, Ultimate G, ainsi que Generation 6, 5, 4 et 3. Aucun \u00e9quipement suppl\u00e9mentaire n\u2019est n\u00e9cessaire, et vous pouvez facilement compl\u00e9ter votre aspirateur Kirby existant.<\/p>\n<p data-start=\"3402\" data-end=\"3515\"><a href=\"https:\/\/www.veltec.eu\/fr\/kirby-systeme-de-shampooinage\/\" target=\"_blank\" rel=\"noopener\">D\u00e9couvrez tous les produits Kirby pour le shampoing de tapis<\/a><\/p>\n<h2 data-start=\"3517\" data-end=\"3580\">Pourquoi choisir le Syst\u00e8me de Shampoing Kirby Reconditionn\u00e9<\/h2>\n<p data-start=\"3582\" data-end=\"3896\">En choisissant le Syst\u00e8me de Shampoing Kirby Reconditionn\u00e9, vous misez sur fiabilit\u00e9, durabilit\u00e9 et performances. Chaque syst\u00e8me est minutieusement r\u00e9vis\u00e9, test\u00e9 avec soin et pr\u00eat \u00e0 l\u2019emploi. Vous b\u00e9n\u00e9ficiez \u00e9galement d\u2019un prix attractif tout en profitant de la m\u00eame puissance de nettoyage qu\u2019un mod\u00e8le neuf.<\/p>\n<p data-start=\"3898\" data-end=\"4053\">Avec le Syst\u00e8me de Shampoing Kirby, entretenez efficacement vos tapis et moquettes de mani\u00e8re responsable, sans compromis sur la qualit\u00e9.<\/p>\n","protected":false},"excerpt":{"rendered":"<p>Le Syst\u00e8me de Shampoing Kirby Reconditionn\u00e9 nettoie vos tapis en profondeur et en toute s\u00e9curit\u00e9. Compatible avec tous les mod\u00e8les d\u2019aspirateurs Kirby et enti\u00e8rement r\u00e9vis\u00e9 pour des performances optimales.<\/p>\n[trustindex data-widget-id=e3bb80b24fa128098b960fc2439]\n<h3><span style=\"color: #008000;\"><br \/>\nEn stock<\/span><\/h3>\n[av_font_icon icon='ue812' font='entypo-fontello' style='' caption='' size='25px' position='left' color='#43ad66' link='' linktarget='' title_attr='' sonar_effect_effect='' sonar_effect_color='' sonar_effect_duration='1' sonar_effect_scale='' sonar_effect_opac='0.5' animation='' id='' custom_class='' template_class='' av_uid='' sc_version='1.0' admin_preview_bg=''][\/av_font_icon]\n<p><span style=\"color: #008000;\">Command\u00e9 23:59, exp\u00e9di\u00e9 demain<\/span><\/p>\n<p>&nbsp;<\/p>\n","protected":false},"featured_media":86182,"comment_status":"open","ping_status":"closed","template":"","meta":{"_acf_changed":false},"product_brand":[],"product_cat":[310],"product_tag":[],"class_list":{"0":"post-10399","1":"product","2":"type-product","3":"status-publish","4":"has-post-thumbnail","6":"product_cat-kirby-systeme-de-shampooinage","7":"product_shipping_class-klein-de-fr","9":"first","10":"instock","11":"sale","12":"taxable","13":"shipping-taxable","14":"purchasable","15":"product-type-variable"},"acf":[],"yoast_head":"<!-- This site is optimized with the Yoast SEO Premium plugin v27.1 (Yoast SEO v27.4) - https:\/\/yoast.com\/product\/yoast-seo-premium-wordpress\/ -->\n<title>Syst\u00e8me de Shampoing Kirby Reconditionn\u00e9 \u2013 Nettoyage Tapis<\/title>\n<meta name=\"description\" content=\"Syst\u00e8me de Shampoing Kirby Reconditionn\u00e9 pour tapis et moquettes. Compatible avec tous les aspirateurs Kirby, r\u00e9vis\u00e9 et pr\u00eat \u00e0 l\u2019usage.\" \/>\n<meta name=\"robots\" content=\"index, follow, max-snippet:-1, max-image-preview:large, max-video-preview:-1\" \/>\n<link rel=\"canonical\" href=\"https:\/\/www.veltec.eu\/fr\/product\/systeme-de-shampoing-kirby-reconditionne\/\" \/>\n<meta property=\"og:locale\" content=\"fr_FR\" \/>\n<meta property=\"og:type\" content=\"article\" \/>\n<meta property=\"og:title\" content=\"Syst\u00e8me de Shampoing Kirby Reconditionn\u00e9\" \/>\n<meta property=\"og:description\" content=\"Le Syst\u00e8me de Shampoing Kirby Reconditionn\u00e9 nettoie vos tapis en profondeur et en toute s\u00e9curit\u00e9. Compatible avec tous les mod\u00e8les d\u2019aspirateurs Kirby et enti\u00e8rement r\u00e9vis\u00e9 pour des performances optimales.    En stock   Command\u00e9 23:59, exp\u00e9di\u00e9 demain  &nbsp;\" \/>\n<meta property=\"og:url\" content=\"https:\/\/www.veltec.eu\/fr\/product\/systeme-de-shampoing-kirby-reconditionne\/\" \/>\n<meta property=\"og:site_name\" content=\"Veltec Kirby specialist\" \/>\n<meta property=\"article:publisher\" content=\"https:\/\/www.facebook.com\/Veltec-Kirby-Specialist-236746293374877\/\" \/>\n<meta property=\"article:modified_time\" content=\"2026-01-07T10:10:28+00:00\" \/>\n<meta property=\"og:image\" content=\"https:\/\/www.veltec.eu\/wp-content\/uploads\/2018\/10\/Kirby-shampoosystem.png\" \/>\n\t<meta property=\"og:image:width\" content=\"300\" \/>\n\t<meta property=\"og:image:height\" content=\"300\" \/>\n\t<meta property=\"og:image:type\" content=\"image\/png\" \/>\n<meta name=\"twitter:card\" content=\"summary_large_image\" \/>\n<meta name=\"twitter:label1\" content=\"Dur\u00e9e de lecture estim\u00e9e\" \/>\n\t<meta name=\"twitter:data1\" content=\"3 minutes\" \/>\n<script type=\"application\/ld+json\" class=\"yoast-schema-graph\">{\"@context\":\"https:\\\/\\\/schema.org\",\"@graph\":[{\"@type\":\"WebPage\",\"@id\":\"https:\\\/\\\/www.veltec.eu\\\/fr\\\/product\\\/systeme-de-shampoing-kirby-reconditionne\\\/\",\"url\":\"https:\\\/\\\/www.veltec.eu\\\/fr\\\/product\\\/systeme-de-shampoing-kirby-reconditionne\\\/\",\"name\":\"Syst\u00e8me de Shampoing Kirby Reconditionn\u00e9 \u2013 Nettoyage Tapis\",\"isPartOf\":{\"@id\":\"https:\\\/\\\/www.veltec.eu\\\/en\\\/#website\"},\"primaryImageOfPage\":{\"@id\":\"https:\\\/\\\/www.veltec.eu\\\/fr\\\/product\\\/systeme-de-shampoing-kirby-reconditionne\\\/#primaryimage\"},\"image\":{\"@id\":\"https:\\\/\\\/www.veltec.eu\\\/fr\\\/product\\\/systeme-de-shampoing-kirby-reconditionne\\\/#primaryimage\"},\"thumbnailUrl\":\"https:\\\/\\\/www.veltec.eu\\\/wp-content\\\/uploads\\\/2018\\\/10\\\/Kirby-shampoosystem.png\",\"datePublished\":\"2018-10-26T12:59:49+00:00\",\"dateModified\":\"2026-01-07T10:10:28+00:00\",\"description\":\"Syst\u00e8me de Shampoing Kirby Reconditionn\u00e9 pour tapis et moquettes. Compatible avec tous les aspirateurs Kirby, r\u00e9vis\u00e9 et pr\u00eat \u00e0 l\u2019usage.\",\"breadcrumb\":{\"@id\":\"https:\\\/\\\/www.veltec.eu\\\/fr\\\/product\\\/systeme-de-shampoing-kirby-reconditionne\\\/#breadcrumb\"},\"inLanguage\":\"fr-FR\",\"potentialAction\":[{\"@type\":\"ReadAction\",\"target\":[\"https:\\\/\\\/www.veltec.eu\\\/fr\\\/product\\\/systeme-de-shampoing-kirby-reconditionne\\\/\"]}]},{\"@type\":\"ImageObject\",\"inLanguage\":\"fr-FR\",\"@id\":\"https:\\\/\\\/www.veltec.eu\\\/fr\\\/product\\\/systeme-de-shampoing-kirby-reconditionne\\\/#primaryimage\",\"url\":\"https:\\\/\\\/www.veltec.eu\\\/wp-content\\\/uploads\\\/2018\\\/10\\\/Kirby-shampoosystem.png\",\"contentUrl\":\"https:\\\/\\\/www.veltec.eu\\\/wp-content\\\/uploads\\\/2018\\\/10\\\/Kirby-shampoosystem.png\",\"width\":300,\"height\":300},{\"@type\":\"BreadcrumbList\",\"@id\":\"https:\\\/\\\/www.veltec.eu\\\/fr\\\/product\\\/systeme-de-shampoing-kirby-reconditionne\\\/#breadcrumb\",\"itemListElement\":[{\"@type\":\"ListItem\",\"position\":1,\"name\":\"Home\",\"item\":\"https:\\\/\\\/www.veltec.eu\\\/fr\\\/\"},{\"@type\":\"ListItem\",\"position\":2,\"name\":\"Kirby Shop\",\"item\":\"https:\\\/\\\/www.veltec.eu\\\/nl\\\/shop-page\\\/\"},{\"@type\":\"ListItem\",\"position\":3,\"name\":\"Syst\u00e8me de Shampoing Kirby Reconditionn\u00e9\"}]},{\"@type\":\"WebSite\",\"@id\":\"https:\\\/\\\/www.veltec.eu\\\/en\\\/#website\",\"url\":\"https:\\\/\\\/www.veltec.eu\\\/en\\\/\",\"name\":\"Veltec Kirby specialist\",\"description\":\"Kirby stofzuiger producten\",\"publisher\":{\"@id\":\"https:\\\/\\\/www.veltec.eu\\\/en\\\/#organization\"},\"potentialAction\":[{\"@type\":\"SearchAction\",\"target\":{\"@type\":\"EntryPoint\",\"urlTemplate\":\"https:\\\/\\\/www.veltec.eu\\\/en\\\/?s={search_term_string}\"},\"query-input\":{\"@type\":\"PropertyValueSpecification\",\"valueRequired\":true,\"valueName\":\"search_term_string\"}}],\"inLanguage\":\"fr-FR\"},{\"@type\":\"Organization\",\"@id\":\"https:\\\/\\\/www.veltec.eu\\\/en\\\/#organization\",\"name\":\"Veltec Kirby Specialist\",\"url\":\"https:\\\/\\\/www.veltec.eu\\\/en\\\/\",\"logo\":{\"@type\":\"ImageObject\",\"inLanguage\":\"fr-FR\",\"@id\":\"https:\\\/\\\/www.veltec.eu\\\/en\\\/#\\\/schema\\\/logo\\\/image\\\/\",\"url\":\"https:\\\/\\\/www.veltec.eu\\\/wp-content\\\/uploads\\\/2021\\\/12\\\/Veltec-log-groot-e1537260889125.png\",\"contentUrl\":\"https:\\\/\\\/www.veltec.eu\\\/wp-content\\\/uploads\\\/2021\\\/12\\\/Veltec-log-groot-e1537260889125.png\",\"width\":200,\"height\":60,\"caption\":\"Veltec Kirby Specialist\"},\"image\":{\"@id\":\"https:\\\/\\\/www.veltec.eu\\\/en\\\/#\\\/schema\\\/logo\\\/image\\\/\"},\"sameAs\":[\"https:\\\/\\\/www.facebook.com\\\/Veltec-Kirby-Specialist-236746293374877\\\/\",\"https:\\\/\\\/www.youtube.com\\\/user\\\/VeltecService\"]}]}<\/script>\n<!-- \/ Yoast SEO Premium plugin. -->","yoast_head_json":{"title":"Syst\u00e8me de Shampoing Kirby Reconditionn\u00e9 \u2013 Nettoyage Tapis","description":"Syst\u00e8me de Shampoing Kirby Reconditionn\u00e9 pour tapis et moquettes. Compatible avec tous les aspirateurs Kirby, r\u00e9vis\u00e9 et pr\u00eat \u00e0 l\u2019usage.","robots":{"index":"index","follow":"follow","max-snippet":"max-snippet:-1","max-image-preview":"max-image-preview:large","max-video-preview":"max-video-preview:-1"},"canonical":"https:\/\/www.veltec.eu\/fr\/product\/systeme-de-shampoing-kirby-reconditionne\/","og_locale":"fr_FR","og_type":"article","og_title":"Syst\u00e8me de Shampoing Kirby Reconditionn\u00e9","og_description":"Le Syst\u00e8me de Shampoing Kirby Reconditionn\u00e9 nettoie vos tapis en profondeur et en toute s\u00e9curit\u00e9. Compatible avec tous les mod\u00e8les d\u2019aspirateurs Kirby et enti\u00e8rement r\u00e9vis\u00e9 pour des performances optimales.    En stock   Command\u00e9 23:59, exp\u00e9di\u00e9 demain  &nbsp;","og_url":"https:\/\/www.veltec.eu\/fr\/product\/systeme-de-shampoing-kirby-reconditionne\/","og_site_name":"Veltec Kirby specialist","article_publisher":"https:\/\/www.facebook.com\/Veltec-Kirby-Specialist-236746293374877\/","article_modified_time":"2026-01-07T10:10:28+00:00","og_image":[{"width":300,"height":300,"url":"https:\/\/www.veltec.eu\/wp-content\/uploads\/2018\/10\/Kirby-shampoosystem.png","type":"image\/png"}],"twitter_card":"summary_large_image","twitter_misc":{"Dur\u00e9e de lecture estim\u00e9e":"3 minutes"},"schema":{"@context":"https:\/\/schema.org","@graph":[{"@type":"WebPage","@id":"https:\/\/www.veltec.eu\/fr\/product\/systeme-de-shampoing-kirby-reconditionne\/","url":"https:\/\/www.veltec.eu\/fr\/product\/systeme-de-shampoing-kirby-reconditionne\/","name":"Syst\u00e8me de Shampoing Kirby Reconditionn\u00e9 \u2013 Nettoyage Tapis","isPartOf":{"@id":"https:\/\/www.veltec.eu\/en\/#website"},"primaryImageOfPage":{"@id":"https:\/\/www.veltec.eu\/fr\/product\/systeme-de-shampoing-kirby-reconditionne\/#primaryimage"},"image":{"@id":"https:\/\/www.veltec.eu\/fr\/product\/systeme-de-shampoing-kirby-reconditionne\/#primaryimage"},"thumbnailUrl":"https:\/\/www.veltec.eu\/wp-content\/uploads\/2018\/10\/Kirby-shampoosystem.png","datePublished":"2018-10-26T12:59:49+00:00","dateModified":"2026-01-07T10:10:28+00:00","description":"Syst\u00e8me de Shampoing Kirby Reconditionn\u00e9 pour tapis et moquettes. Compatible avec tous les aspirateurs Kirby, r\u00e9vis\u00e9 et pr\u00eat \u00e0 l\u2019usage.","breadcrumb":{"@id":"https:\/\/www.veltec.eu\/fr\/product\/systeme-de-shampoing-kirby-reconditionne\/#breadcrumb"},"inLanguage":"fr-FR","potentialAction":[{"@type":"ReadAction","target":["https:\/\/www.veltec.eu\/fr\/product\/systeme-de-shampoing-kirby-reconditionne\/"]}]},{"@type":"ImageObject","inLanguage":"fr-FR","@id":"https:\/\/www.veltec.eu\/fr\/product\/systeme-de-shampoing-kirby-reconditionne\/#primaryimage","url":"https:\/\/www.veltec.eu\/wp-content\/uploads\/2018\/10\/Kirby-shampoosystem.png","contentUrl":"https:\/\/www.veltec.eu\/wp-content\/uploads\/2018\/10\/Kirby-shampoosystem.png","width":300,"height":300},{"@type":"BreadcrumbList","@id":"https:\/\/www.veltec.eu\/fr\/product\/systeme-de-shampoing-kirby-reconditionne\/#breadcrumb","itemListElement":[{"@type":"ListItem","position":1,"name":"Home","item":"https:\/\/www.veltec.eu\/fr\/"},{"@type":"ListItem","position":2,"name":"Kirby Shop","item":"https:\/\/www.veltec.eu\/nl\/shop-page\/"},{"@type":"ListItem","position":3,"name":"Syst\u00e8me de Shampoing Kirby Reconditionn\u00e9"}]},{"@type":"WebSite","@id":"https:\/\/www.veltec.eu\/en\/#website","url":"https:\/\/www.veltec.eu\/en\/","name":"Veltec Kirby specialist","description":"Kirby stofzuiger producten","publisher":{"@id":"https:\/\/www.veltec.eu\/en\/#organization"},"potentialAction":[{"@type":"SearchAction","target":{"@type":"EntryPoint","urlTemplate":"https:\/\/www.veltec.eu\/en\/?s={search_term_string}"},"query-input":{"@type":"PropertyValueSpecification","valueRequired":true,"valueName":"search_term_string"}}],"inLanguage":"fr-FR"},{"@type":"Organization","@id":"https:\/\/www.veltec.eu\/en\/#organization","name":"Veltec Kirby Specialist","url":"https:\/\/www.veltec.eu\/en\/","logo":{"@type":"ImageObject","inLanguage":"fr-FR","@id":"https:\/\/www.veltec.eu\/en\/#\/schema\/logo\/image\/","url":"https:\/\/www.veltec.eu\/wp-content\/uploads\/2021\/12\/Veltec-log-groot-e1537260889125.png","contentUrl":"https:\/\/www.veltec.eu\/wp-content\/uploads\/2021\/12\/Veltec-log-groot-e1537260889125.png","width":200,"height":60,"caption":"Veltec Kirby Specialist"},"image":{"@id":"https:\/\/www.veltec.eu\/en\/#\/schema\/logo\/image\/"},"sameAs":["https:\/\/www.facebook.com\/Veltec-Kirby-Specialist-236746293374877\/","https:\/\/www.youtube.com\/user\/VeltecService"]}]}},"_links":{"self":[{"href":"https:\/\/www.veltec.eu\/fr\/wp-json\/wp\/v2\/product\/10399","targetHints":{"allow":["GET"]}}],"collection":[{"href":"https:\/\/www.veltec.eu\/fr\/wp-json\/wp\/v2\/product"}],"about":[{"href":"https:\/\/www.veltec.eu\/fr\/wp-json\/wp\/v2\/types\/product"}],"replies":[{"embeddable":true,"href":"https:\/\/www.veltec.eu\/fr\/wp-json\/wp\/v2\/comments?post=10399"}],"wp:featuredmedia":[{"embeddable":true,"href":"https:\/\/www.veltec.eu\/fr\/wp-json\/wp\/v2\/media\/86182"}],"wp:attachment":[{"href":"https:\/\/www.veltec.eu\/fr\/wp-json\/wp\/v2\/media?parent=10399"}],"wp:term":[{"taxonomy":"product_brand","embeddable":true,"href":"https:\/\/www.veltec.eu\/fr\/wp-json\/wp\/v2\/product_brand?post=10399"},{"taxonomy":"product_cat","embeddable":true,"href":"https:\/\/www.veltec.eu\/fr\/wp-json\/wp\/v2\/product_cat?post=10399"},{"taxonomy":"product_tag","embeddable":true,"href":"https:\/\/www.veltec.eu\/fr\/wp-json\/wp\/v2\/product_tag?post=10399"}],"curies":[{"name":"wp","href":"https:\/\/api.w.org\/{rel}","templated":true}]}}