{"id":10384,"date":"2018-10-30T09:53:58","date_gmt":"2018-10-30T07:53:58","guid":{"rendered":"https:\/\/www.veltec.eu\/kirby-webshop\/capot-protecteur-nl3017\/"},"modified":"2025-04-08T15:29:41","modified_gmt":"2025-04-08T13:29:41","slug":"capot-protecteur-kirby-nl3017","status":"publish","type":"product","link":"https:\/\/www.veltec.eu\/fr\/product\/capot-protecteur-kirby-nl3017\/","title":{"rendered":"Capot protecteur Kirby"},"content":{"rendered":"<h2>Capot protecteur Kirby &#8211; Protection durable et ajustement parfait<\/h2>\n<p>Vous cherchez une solution fiable pour que votre aspirateur Kirby fonctionne \u00e0 nouveau comme s&#8217;il \u00e9tait neuf ? Le Capot protecteur Kirby est exactement ce qu&#8217;il vous faut. Ce couvercle en plastique de haute qualit\u00e9 offre non seulement une finition soign\u00e9e \u00e0 la partie sup\u00e9rieure de votre aspirateur, mais garantit \u00e9galement que le cordon \u00e9lectrique est guid\u00e9 de mani\u00e8re s\u00fbre et stable gr\u00e2ce \u00e0 l&#8217;encoche pratique pour le soulagement de la tension. Vous pouvez donc utiliser votre Kirby en toute tranquillit\u00e9, \u00e0 chaque fois.<\/p>\n<p><strong>Ce couvercle convient \u00e0 tous les aspirateurs Kirby ;<\/strong><\/p>\n<ul>\n<li>Avalir Platinum<\/li>\n<li>Avalir 2<\/li>\n<li>Avalir 1<\/li>\n<li>Sentria 2 (G10D)<\/li>\n<li>Sentria 1 (G10)<\/li>\n<li>Ultimate G Diamond Ed.(G7D or DE)<\/li>\n<li>Ultimate G (G7 or UG)<\/li>\n<li>Generation 6 (G6)<\/li>\n<li>Generation 5 (G5)<\/li>\n<li>Generation 4 (G4)<\/li>\n<li>Generation 3 (G3)<\/li>\n<\/ul>\n<p><a href=\"https:\/\/www.veltec.eu\/fr\/kirby-boitier\/\">Vous trouverez ici toutes les Kirby bo\u00eetier<\/a><\/p>\n<h3>Pourquoi choisir cette Capot protecteur Kirby ?<\/h3>\n<p>Tout d&#8217;abord, cette housse est sp\u00e9cialement con\u00e7ue pour tous les mod\u00e8les d&#8217;aspirateurs Kirby. Cela signifie que vous n&#8217;avez pas \u00e0 vous soucier de la compatibilit\u00e9, car cette housse est garantie pour tous les mod\u00e8les Kirby. De plus, la housse est fabriqu\u00e9e dans un plastique robuste qui peut r\u00e9sister \u00e0 un usage intensif. Elle durera donc des ann\u00e9es, m\u00eame en cas d&#8217;utilisation quotidienne de l&#8217;aspirateur.<\/p>\n<p>Ce qui rend cette housse unique, c&#8217;est l&#8217;encoche destin\u00e9e \u00e0 la d\u00e9charge de traction du cordon. Cette caract\u00e9ristique emp\u00eache le cordon d&#8217;\u00eatre endommag\u00e9 ou de se d\u00e9tacher, ce qui contribue \u00e0 prolonger la dur\u00e9e de vie de votre aspirateur. Vous n&#8217;aurez donc plus \u00e0 vous soucier des pannes inattendues ou des r\u00e9parations co\u00fbteuses. En bref, ce capuchon Kirby est un investissement pratique et durable.<\/p>\n<h3>Installation simple et imm\u00e9diatement pr\u00eate \u00e0 l&#8217;emploi<\/h3>\n<p>L&#8217;installation du couvercle est \u00e9tonnamment simple. Gr\u00e2ce \u00e0 sa conception bien pens\u00e9e, vous pouvez fixer cette housse sans outils. Cela signifie que vous pouvez reprendre vos t\u00e2ches de nettoyage en quelques minutes, sans d\u00e9lai inutile ni frustration. De plus, le couvercle est fermement en place une fois install\u00e9, ce qui garantit un fonctionnement s\u00fbr et stable.<\/p>\n<p>Un autre avantage est que cette housse n&#8217;est pas seulement fonctionnelle, mais qu&#8217;elle assure \u00e9galement une finition professionnelle de votre aspirateur Kirby. Votre appareil retrouve ainsi l&#8217;aspect du neuf, ce qui est non seulement agr\u00e9able pour vous, mais aussi un atout si vous envisagez de revendre votre aspirateur.<\/p>\n<h2>R\u00e9sum\u00e9 : les avantages du cache Kirby<\/h2>\n<ul>\n<li>Adaptation universelle &#8211; Convient \u00e0 tous les mod\u00e8les Kirby<\/li>\n<li>Mat\u00e9riau plastique solide &#8211; Durera des ann\u00e9es<\/li>\n<li>Encoche pour d\u00e9charge de traction &#8211; Prot\u00e8ge votre cordon<\/li>\n<li>Montage facile &#8211; Aucun outil n\u00e9cessaire<\/li>\n<li>Aspect professionnel &#8211; Redonnez de l&#8217;\u00e9clat \u00e0 votre aspirateur<\/li>\n<\/ul>\n<p>Si vous appr\u00e9ciez la qualit\u00e9, la durabilit\u00e9 et la facilit\u00e9 d&#8217;utilisation, alors ce cache Kirby est sans aucun doute le bon choix. N&#8217;h\u00e9sitez donc plus et offrez \u00e0 votre aspirateur la protection qu&#8217;il m\u00e9rite. Commandez aujourd&#8217;hui et constatez vous-m\u00eame la diff\u00e9rence !<\/p>\n","protected":false},"excerpt":{"rendered":"<p>Capot protecteur pour compartiment moteur.<\/p>\n[trustindex data-widget-id=e3bb80b24fa128098b960fc2439]\n<h3><span style=\"color: #008000;\"><br \/>\nEn stock<\/span><\/h3>\n[av_font_icon icon='ue812' font='entypo-fontello' style='' caption='' size='25px' position='left' color='#43ad66' link='' linktarget='' title_attr='' sonar_effect_effect='' sonar_effect_color='' sonar_effect_duration='1' sonar_effect_scale='' sonar_effect_opac='0.5' animation='' id='' custom_class='' template_class='' av_uid='' sc_version='1.0' admin_preview_bg=''][\/av_font_icon]\n<p><span style=\"color: #008000;\">Command\u00e9 23:59, exp\u00e9di\u00e9 demain<\/span><\/p>\n<p>&nbsp;<\/p>\n","protected":false},"featured_media":9298,"comment_status":"open","ping_status":"closed","template":"","meta":[],"product_brand":[],"product_cat":[304],"product_tag":[],"class_list":{"0":"post-10384","1":"product","2":"type-product","3":"status-publish","4":"has-post-thumbnail","6":"product_cat-kirby-boitier","7":"product_shipping_class-klein-de-fr","9":"first","10":"instock","11":"taxable","12":"shipping-taxable","13":"purchasable","14":"product-type-simple"},"yoast_head":"<!-- This site is optimized with the Yoast SEO Premium plugin v27.1 (Yoast SEO v27.3) - https:\/\/yoast.com\/product\/yoast-seo-premium-wordpress\/ -->\n<title>Capot protecteur Kirby - Veltec Kirby specialist<\/title>\n<meta name=\"description\" content=\"Capot protecteur Kirby - Veltec est le fournisseur des aspirateurs Kirby depuis plus de 25 ans. Et est votre sp\u00e9cialiste de confiance\" \/>\n<meta name=\"robots\" content=\"index, follow, max-snippet:-1, max-image-preview:large, max-video-preview:-1\" \/>\n<link rel=\"canonical\" href=\"https:\/\/www.veltec.eu\/nl\/product\/kirby-afdekkap-nl3017\/\" \/>\n<meta property=\"og:locale\" content=\"fr_FR\" \/>\n<meta property=\"og:type\" content=\"article\" \/>\n<meta property=\"og:title\" content=\"Capot protecteur Kirby\" \/>\n<meta property=\"og:description\" content=\"Capot protecteur pour compartiment moteur.    En stock   Command\u00e9 23:59, exp\u00e9di\u00e9 demain  &nbsp;\" \/>\n<meta property=\"og:url\" content=\"https:\/\/www.veltec.eu\/nl\/product\/kirby-afdekkap-nl3017\/\" \/>\n<meta property=\"og:site_name\" content=\"Veltec Kirby specialist\" \/>\n<meta property=\"article:publisher\" content=\"https:\/\/www.facebook.com\/Veltec-Kirby-Specialist-236746293374877\/\" \/>\n<meta property=\"article:modified_time\" content=\"2025-04-08T13:29:41+00:00\" \/>\n<meta property=\"og:image\" content=\"https:\/\/www.veltec.eu\/wp-content\/uploads\/2018\/10\/kirby_afdekkap.jpg\" \/>\n\t<meta property=\"og:image:width\" content=\"300\" \/>\n\t<meta property=\"og:image:height\" content=\"300\" \/>\n\t<meta property=\"og:image:type\" content=\"image\/jpeg\" \/>\n<meta name=\"twitter:card\" content=\"summary_large_image\" \/>\n<meta name=\"twitter:label1\" content=\"Dur\u00e9e de lecture estim\u00e9e\" \/>\n\t<meta name=\"twitter:data1\" content=\"3 minutes\" \/>\n<script type=\"application\/ld+json\" class=\"yoast-schema-graph\">{\"@context\":\"https:\\\/\\\/schema.org\",\"@graph\":[{\"@type\":\"WebPage\",\"@id\":\"https:\\\/\\\/www.veltec.eu\\\/nl\\\/product\\\/kirby-afdekkap-nl3017\\\/\",\"url\":\"https:\\\/\\\/www.veltec.eu\\\/nl\\\/product\\\/kirby-afdekkap-nl3017\\\/\",\"name\":\"Capot protecteur Kirby - Veltec Kirby specialist\",\"isPartOf\":{\"@id\":\"https:\\\/\\\/www.veltec.eu\\\/en\\\/#website\"},\"primaryImageOfPage\":{\"@id\":\"https:\\\/\\\/www.veltec.eu\\\/nl\\\/product\\\/kirby-afdekkap-nl3017\\\/#primaryimage\"},\"image\":{\"@id\":\"https:\\\/\\\/www.veltec.eu\\\/nl\\\/product\\\/kirby-afdekkap-nl3017\\\/#primaryimage\"},\"thumbnailUrl\":\"https:\\\/\\\/www.veltec.eu\\\/wp-content\\\/uploads\\\/2018\\\/10\\\/kirby_afdekkap.jpg\",\"datePublished\":\"2018-10-30T07:53:58+00:00\",\"dateModified\":\"2025-04-08T13:29:41+00:00\",\"description\":\"Capot protecteur Kirby - Veltec est le fournisseur des aspirateurs Kirby depuis plus de 25 ans. Et est votre sp\u00e9cialiste de confiance\",\"breadcrumb\":{\"@id\":\"https:\\\/\\\/www.veltec.eu\\\/nl\\\/product\\\/kirby-afdekkap-nl3017\\\/#breadcrumb\"},\"inLanguage\":\"fr-FR\",\"potentialAction\":[{\"@type\":\"ReadAction\",\"target\":[\"https:\\\/\\\/www.veltec.eu\\\/nl\\\/product\\\/kirby-afdekkap-nl3017\\\/\"]}]},{\"@type\":\"ImageObject\",\"inLanguage\":\"fr-FR\",\"@id\":\"https:\\\/\\\/www.veltec.eu\\\/nl\\\/product\\\/kirby-afdekkap-nl3017\\\/#primaryimage\",\"url\":\"https:\\\/\\\/www.veltec.eu\\\/wp-content\\\/uploads\\\/2018\\\/10\\\/kirby_afdekkap.jpg\",\"contentUrl\":\"https:\\\/\\\/www.veltec.eu\\\/wp-content\\\/uploads\\\/2018\\\/10\\\/kirby_afdekkap.jpg\",\"width\":300,\"height\":300},{\"@type\":\"BreadcrumbList\",\"@id\":\"https:\\\/\\\/www.veltec.eu\\\/nl\\\/product\\\/kirby-afdekkap-nl3017\\\/#breadcrumb\",\"itemListElement\":[{\"@type\":\"ListItem\",\"position\":1,\"name\":\"Home\",\"item\":\"https:\\\/\\\/www.veltec.eu\\\/fr\\\/\"},{\"@type\":\"ListItem\",\"position\":2,\"name\":\"Produits\",\"item\":\"https:\\\/\\\/www.veltec.eu\\\/fr\\\/shop\\\/\"},{\"@type\":\"ListItem\",\"position\":3,\"name\":\"Capot protecteur Kirby\"}]},{\"@type\":\"WebSite\",\"@id\":\"https:\\\/\\\/www.veltec.eu\\\/en\\\/#website\",\"url\":\"https:\\\/\\\/www.veltec.eu\\\/en\\\/\",\"name\":\"Veltec Kirby specialist\",\"description\":\"Kirby stofzuiger producten\",\"publisher\":{\"@id\":\"https:\\\/\\\/www.veltec.eu\\\/en\\\/#organization\"},\"potentialAction\":[{\"@type\":\"SearchAction\",\"target\":{\"@type\":\"EntryPoint\",\"urlTemplate\":\"https:\\\/\\\/www.veltec.eu\\\/en\\\/?s={search_term_string}\"},\"query-input\":{\"@type\":\"PropertyValueSpecification\",\"valueRequired\":true,\"valueName\":\"search_term_string\"}}],\"inLanguage\":\"fr-FR\"},{\"@type\":\"Organization\",\"@id\":\"https:\\\/\\\/www.veltec.eu\\\/en\\\/#organization\",\"name\":\"Veltec Kirby Specialist\",\"url\":\"https:\\\/\\\/www.veltec.eu\\\/en\\\/\",\"logo\":{\"@type\":\"ImageObject\",\"inLanguage\":\"fr-FR\",\"@id\":\"https:\\\/\\\/www.veltec.eu\\\/en\\\/#\\\/schema\\\/logo\\\/image\\\/\",\"url\":\"https:\\\/\\\/www.veltec.eu\\\/wp-content\\\/uploads\\\/2021\\\/12\\\/Veltec-log-groot-e1537260889125.png\",\"contentUrl\":\"https:\\\/\\\/www.veltec.eu\\\/wp-content\\\/uploads\\\/2021\\\/12\\\/Veltec-log-groot-e1537260889125.png\",\"width\":200,\"height\":60,\"caption\":\"Veltec Kirby Specialist\"},\"image\":{\"@id\":\"https:\\\/\\\/www.veltec.eu\\\/en\\\/#\\\/schema\\\/logo\\\/image\\\/\"},\"sameAs\":[\"https:\\\/\\\/www.facebook.com\\\/Veltec-Kirby-Specialist-236746293374877\\\/\",\"https:\\\/\\\/www.youtube.com\\\/user\\\/VeltecService\"]}]}<\/script>\n<!-- \/ Yoast SEO Premium plugin. -->","yoast_head_json":{"title":"Capot protecteur Kirby - Veltec Kirby specialist","description":"Capot protecteur Kirby - Veltec est le fournisseur des aspirateurs Kirby depuis plus de 25 ans. Et est votre sp\u00e9cialiste de confiance","robots":{"index":"index","follow":"follow","max-snippet":"max-snippet:-1","max-image-preview":"max-image-preview:large","max-video-preview":"max-video-preview:-1"},"canonical":"https:\/\/www.veltec.eu\/nl\/product\/kirby-afdekkap-nl3017\/","og_locale":"fr_FR","og_type":"article","og_title":"Capot protecteur Kirby","og_description":"Capot protecteur pour compartiment moteur.    En stock   Command\u00e9 23:59, exp\u00e9di\u00e9 demain  &nbsp;","og_url":"https:\/\/www.veltec.eu\/nl\/product\/kirby-afdekkap-nl3017\/","og_site_name":"Veltec Kirby specialist","article_publisher":"https:\/\/www.facebook.com\/Veltec-Kirby-Specialist-236746293374877\/","article_modified_time":"2025-04-08T13:29:41+00:00","og_image":[{"width":300,"height":300,"url":"https:\/\/www.veltec.eu\/wp-content\/uploads\/2018\/10\/kirby_afdekkap.jpg","type":"image\/jpeg"}],"twitter_card":"summary_large_image","twitter_misc":{"Dur\u00e9e de lecture estim\u00e9e":"3 minutes"},"schema":{"@context":"https:\/\/schema.org","@graph":[{"@type":"WebPage","@id":"https:\/\/www.veltec.eu\/nl\/product\/kirby-afdekkap-nl3017\/","url":"https:\/\/www.veltec.eu\/nl\/product\/kirby-afdekkap-nl3017\/","name":"Capot protecteur Kirby - Veltec Kirby specialist","isPartOf":{"@id":"https:\/\/www.veltec.eu\/en\/#website"},"primaryImageOfPage":{"@id":"https:\/\/www.veltec.eu\/nl\/product\/kirby-afdekkap-nl3017\/#primaryimage"},"image":{"@id":"https:\/\/www.veltec.eu\/nl\/product\/kirby-afdekkap-nl3017\/#primaryimage"},"thumbnailUrl":"https:\/\/www.veltec.eu\/wp-content\/uploads\/2018\/10\/kirby_afdekkap.jpg","datePublished":"2018-10-30T07:53:58+00:00","dateModified":"2025-04-08T13:29:41+00:00","description":"Capot protecteur Kirby - Veltec est le fournisseur des aspirateurs Kirby depuis plus de 25 ans. Et est votre sp\u00e9cialiste de confiance","breadcrumb":{"@id":"https:\/\/www.veltec.eu\/nl\/product\/kirby-afdekkap-nl3017\/#breadcrumb"},"inLanguage":"fr-FR","potentialAction":[{"@type":"ReadAction","target":["https:\/\/www.veltec.eu\/nl\/product\/kirby-afdekkap-nl3017\/"]}]},{"@type":"ImageObject","inLanguage":"fr-FR","@id":"https:\/\/www.veltec.eu\/nl\/product\/kirby-afdekkap-nl3017\/#primaryimage","url":"https:\/\/www.veltec.eu\/wp-content\/uploads\/2018\/10\/kirby_afdekkap.jpg","contentUrl":"https:\/\/www.veltec.eu\/wp-content\/uploads\/2018\/10\/kirby_afdekkap.jpg","width":300,"height":300},{"@type":"BreadcrumbList","@id":"https:\/\/www.veltec.eu\/nl\/product\/kirby-afdekkap-nl3017\/#breadcrumb","itemListElement":[{"@type":"ListItem","position":1,"name":"Home","item":"https:\/\/www.veltec.eu\/fr\/"},{"@type":"ListItem","position":2,"name":"Produits","item":"https:\/\/www.veltec.eu\/fr\/shop\/"},{"@type":"ListItem","position":3,"name":"Capot protecteur Kirby"}]},{"@type":"WebSite","@id":"https:\/\/www.veltec.eu\/en\/#website","url":"https:\/\/www.veltec.eu\/en\/","name":"Veltec Kirby specialist","description":"Kirby stofzuiger producten","publisher":{"@id":"https:\/\/www.veltec.eu\/en\/#organization"},"potentialAction":[{"@type":"SearchAction","target":{"@type":"EntryPoint","urlTemplate":"https:\/\/www.veltec.eu\/en\/?s={search_term_string}"},"query-input":{"@type":"PropertyValueSpecification","valueRequired":true,"valueName":"search_term_string"}}],"inLanguage":"fr-FR"},{"@type":"Organization","@id":"https:\/\/www.veltec.eu\/en\/#organization","name":"Veltec Kirby Specialist","url":"https:\/\/www.veltec.eu\/en\/","logo":{"@type":"ImageObject","inLanguage":"fr-FR","@id":"https:\/\/www.veltec.eu\/en\/#\/schema\/logo\/image\/","url":"https:\/\/www.veltec.eu\/wp-content\/uploads\/2021\/12\/Veltec-log-groot-e1537260889125.png","contentUrl":"https:\/\/www.veltec.eu\/wp-content\/uploads\/2021\/12\/Veltec-log-groot-e1537260889125.png","width":200,"height":60,"caption":"Veltec Kirby Specialist"},"image":{"@id":"https:\/\/www.veltec.eu\/en\/#\/schema\/logo\/image\/"},"sameAs":["https:\/\/www.facebook.com\/Veltec-Kirby-Specialist-236746293374877\/","https:\/\/www.youtube.com\/user\/VeltecService"]}]}},"_links":{"self":[{"href":"https:\/\/www.veltec.eu\/fr\/wp-json\/wp\/v2\/product\/10384","targetHints":{"allow":["GET"]}}],"collection":[{"href":"https:\/\/www.veltec.eu\/fr\/wp-json\/wp\/v2\/product"}],"about":[{"href":"https:\/\/www.veltec.eu\/fr\/wp-json\/wp\/v2\/types\/product"}],"replies":[{"embeddable":true,"href":"https:\/\/www.veltec.eu\/fr\/wp-json\/wp\/v2\/comments?post=10384"}],"wp:featuredmedia":[{"embeddable":true,"href":"https:\/\/www.veltec.eu\/fr\/wp-json\/wp\/v2\/media\/9298"}],"wp:attachment":[{"href":"https:\/\/www.veltec.eu\/fr\/wp-json\/wp\/v2\/media?parent=10384"}],"wp:term":[{"taxonomy":"product_brand","embeddable":true,"href":"https:\/\/www.veltec.eu\/fr\/wp-json\/wp\/v2\/product_brand?post=10384"},{"taxonomy":"product_cat","embeddable":true,"href":"https:\/\/www.veltec.eu\/fr\/wp-json\/wp\/v2\/product_cat?post=10384"},{"taxonomy":"product_tag","embeddable":true,"href":"https:\/\/www.veltec.eu\/fr\/wp-json\/wp\/v2\/product_tag?post=10384"}],"curies":[{"name":"wp","href":"https:\/\/api.w.org\/{rel}","templated":true}]}}