{"id":10369,"date":"2018-10-30T10:06:23","date_gmt":"2018-10-30T08:06:23","guid":{"rendered":"https:\/\/www.veltec.eu\/kirby-webshop\/dessous-de-boitier-nl3153\/"},"modified":"2026-04-13T12:45:08","modified_gmt":"2026-04-13T10:45:08","slug":"dessous-de-boitier-kirby-nl3153","status":"publish","type":"product","link":"https:\/\/www.veltec.eu\/fr\/product\/dessous-de-boitier-kirby-nl3153\/","title":{"rendered":"Dessous de Bo\u00eetier Kirby"},"content":{"rendered":"<h1>Dessous de Bo\u00eetier Kirby<\/h1>\n<p>Dessous de Bo\u00eetier Kirby.<\/p>\n<p><strong>Ce dessous convient \u00e0 tous les aspirateurs Kirby ;<\/strong><\/p>\n<ul>\n<li>Avalir Platinum<\/li>\n<li>Avalir 2<\/li>\n<li>Avalir 1<\/li>\n<li>Sentria 2 (G10D)<\/li>\n<li>Sentria 1 (G10)<\/li>\n<li>Ultimate G Diamond Ed.(G7D or DE)<\/li>\n<li>Ultimate G (G7 or UG)<\/li>\n<li>Generation 6 (G6)<\/li>\n<li>Generation 5 (G5)<\/li>\n<li>Generation 4 (G4)<\/li>\n<li>Generation 3 (G3)<\/li>\n<\/ul>\n<h2>Dessous de Bo\u00eetier Kirby &#8211; Pi\u00e8ces durables et parfaitement adapt\u00e9es<\/h2>\n<p>Vous recherchez un dessous de carter durable et parfaitement adapt\u00e9 pour votre aspirateur Kirby ? Le dessous du bo\u00eetier est une pi\u00e8ce essentielle de votre aspirateur Kirby et fournit la base solide n\u00e9cessaire \u00e0 un fonctionnement efficace. Fabriqu\u00e9 en une seule pi\u00e8ce d&#8217;aluminium moul\u00e9 sous pression, ce carter garantit une robustesse optimale et une longue dur\u00e9e de vie.<\/p>\n<p><a href=\"https:\/\/www.veltec.eu\/fr\/kirby-boitier\/\">Vous trouverez ici tous les bo\u00eetiers Kirby<\/a><\/p>\n<h3>Fabriqu\u00e9 en aluminium moul\u00e9 sous pression de haute qualit\u00e9<\/h3>\n<p>Le dessous des aspirateurs Kirby est fabriqu\u00e9 en aluminium moul\u00e9 par injection de haute qualit\u00e9. Ce proc\u00e9d\u00e9 de fabrication garantit une construction solide et r\u00e9sistante \u00e0 l&#8217;usure, capable de supporter une utilisation \u00e0 long terme. Gr\u00e2ce \u00e0 ce mat\u00e9riau, votre aspirateur Kirby reste stable et fonctionne bien, m\u00eame apr\u00e8s des ann\u00e9es d&#8217;utilisation intensive.<\/p>\n<ul>\n<li>Bo\u00eetier solide et durable<\/li>\n<li>R\u00e9sistant \u00e0 l&#8217;usure et aux chocs<\/li>\n<li>Soutient le fonctionnement m\u00e9canique de votre aspirateur Kirby<\/li>\n<\/ul>\n<h3>Compatible avec tous les aspirateurs Kirby<\/h3>\n<p>L&#8217;un des principaux avantages de ce fond de bo\u00eetier Kirby est sa grande compatibilit\u00e9. Cette pi\u00e8ce est con\u00e7ue pour s&#8217;adapter parfaitement \u00e0 tous les aspirateurs Kirby, quel que soit le mod\u00e8le. Cela signifie que vous n&#8217;avez pas \u00e0 vous soucier des probl\u00e8mes de compatibilit\u00e9 lorsque vous remplacez le dessous.<\/p>\n<ul>\n<li>Adaptation universelle \u00e0 tous les mod\u00e8les Kirby<\/li>\n<li>Aucun r\u00e9glage ni outil suppl\u00e9mentaire n&#8217;est n\u00e9cessaire<\/li>\n<li>Installation facile pour un remplacement rapide<\/li>\n<\/ul>\n<h3>Pourquoi choisir le fond de bo\u00eetier Kirby ?<\/h3>\n<p>Pour que votre aspirateur Kirby fonctionne au mieux, il est important d&#8217;investir dans des pi\u00e8ces d&#8217;origine et de qualit\u00e9. Le Kirby Bo\u00eetier inf\u00e9rieur offre de nombreux avantages :<\/p>\n<ul>\n<li>Durabilit\u00e9 accrue gr\u00e2ce \u00e0 la solidit\u00e9 de l&#8217;aluminium<\/li>\n<li>Ajustement optimal pour un montage facile<\/li>\n<li>Dur\u00e9e de vie plus longue de votre aspirateur gr\u00e2ce \u00e0 un support solide<\/li>\n<\/ul>\n<p>Vous \u00eates \u00e0 la recherche d&#8217;une pi\u00e8ce de rechange fiable pour votre aspirateur Kirby ? Commandez d\u00e8s aujourd&#8217;hui le Dessous de Bo\u00eetier Kirby et profitez des avantages d&#8217;un carter d&#8217;aspirateur robuste et durable !<\/p>\n","protected":false},"excerpt":{"rendered":"<p>Partie inf\u00e9rieure de bo\u00eetier Kirby.<\/p>\n[trustindex data-widget-id=e3bb80b24fa128098b960fc2439]\n<h3><span style=\"color: #008000;\"><br \/>\nEn stock<\/span><\/h3>\n[av_font_icon icon='ue812' font='entypo-fontello' style='' caption='' size='25px' position='left' color='#43ad66' link='' linktarget='' title_attr='' sonar_effect_effect='' sonar_effect_color='' sonar_effect_duration='1' sonar_effect_scale='' sonar_effect_opac='0.5' animation='' id='' custom_class='' template_class='' av_uid='' sc_version='1.0' admin_preview_bg=''][\/av_font_icon]\n<p><span style=\"color: #008000;\">Command\u00e9 23:59, exp\u00e9di\u00e9 demain<\/span><\/p>\n<p>&nbsp;<\/p>\n","protected":false},"featured_media":90283,"comment_status":"open","ping_status":"closed","template":"","meta":{"_acf_changed":false},"product_brand":[],"product_cat":[304],"product_tag":[],"class_list":{"0":"post-10369","1":"product","2":"type-product","3":"status-publish","4":"has-post-thumbnail","6":"product_cat-kirby-boitier","7":"product_shipping_class-klein-de-fr","9":"first","10":"instock","11":"taxable","12":"shipping-taxable","13":"purchasable","14":"product-type-simple"},"acf":[],"yoast_head":"<!-- This site is optimized with the Yoast SEO Premium plugin v27.1 (Yoast SEO v27.4) - https:\/\/yoast.com\/product\/yoast-seo-premium-wordpress\/ -->\n<title>Dessous de Bo\u00eetier Kirby - Veltec Kirby specialist<\/title>\n<meta name=\"description\" content=\"Dessous de Bo\u00eetier Kirby - Veltec est le fournisseur des aspirateurs Kirby depuis plus de 25 ans. Et est votre sp\u00e9cialiste de confiance\" \/>\n<meta name=\"robots\" content=\"index, follow, max-snippet:-1, max-image-preview:large, max-video-preview:-1\" \/>\n<link rel=\"canonical\" href=\"https:\/\/www.veltec.eu\/fr\/product\/dessous-de-boitier-kirby-nl3153\/\" \/>\n<meta property=\"og:locale\" content=\"fr_FR\" \/>\n<meta property=\"og:type\" content=\"article\" \/>\n<meta property=\"og:title\" content=\"Dessous de Bo\u00eetier Kirby\" \/>\n<meta property=\"og:description\" content=\"Partie inf\u00e9rieure de bo\u00eetier Kirby.    En stock   Command\u00e9 23:59, exp\u00e9di\u00e9 demain  &nbsp;\" \/>\n<meta property=\"og:url\" content=\"https:\/\/www.veltec.eu\/fr\/product\/dessous-de-boitier-kirby-nl3153\/\" \/>\n<meta property=\"og:site_name\" content=\"Veltec Kirby specialist\" \/>\n<meta property=\"article:publisher\" content=\"https:\/\/www.facebook.com\/Veltec-Kirby-Specialist-236746293374877\/\" \/>\n<meta property=\"article:modified_time\" content=\"2026-04-13T10:45:08+00:00\" \/>\n<meta property=\"og:image\" content=\"https:\/\/www.veltec.eu\/wp-content\/uploads\/2018\/10\/IMG_8595.png\" \/>\n\t<meta property=\"og:image:width\" content=\"500\" \/>\n\t<meta property=\"og:image:height\" content=\"500\" \/>\n\t<meta property=\"og:image:type\" content=\"image\/png\" \/>\n<meta name=\"twitter:card\" content=\"summary_large_image\" \/>\n<meta name=\"twitter:label1\" content=\"Dur\u00e9e de lecture estim\u00e9e\" \/>\n\t<meta name=\"twitter:data1\" content=\"2 minutes\" \/>\n<script type=\"application\/ld+json\" class=\"yoast-schema-graph\">{\"@context\":\"https:\\\/\\\/schema.org\",\"@graph\":[{\"@type\":\"WebPage\",\"@id\":\"https:\\\/\\\/www.veltec.eu\\\/fr\\\/product\\\/dessous-de-boitier-kirby-nl3153\\\/\",\"url\":\"https:\\\/\\\/www.veltec.eu\\\/fr\\\/product\\\/dessous-de-boitier-kirby-nl3153\\\/\",\"name\":\"Dessous de Bo\u00eetier Kirby - Veltec Kirby specialist\",\"isPartOf\":{\"@id\":\"https:\\\/\\\/www.veltec.eu\\\/en\\\/#website\"},\"primaryImageOfPage\":{\"@id\":\"https:\\\/\\\/www.veltec.eu\\\/fr\\\/product\\\/dessous-de-boitier-kirby-nl3153\\\/#primaryimage\"},\"image\":{\"@id\":\"https:\\\/\\\/www.veltec.eu\\\/fr\\\/product\\\/dessous-de-boitier-kirby-nl3153\\\/#primaryimage\"},\"thumbnailUrl\":\"https:\\\/\\\/www.veltec.eu\\\/wp-content\\\/uploads\\\/2018\\\/10\\\/IMG_8595.png\",\"datePublished\":\"2018-10-30T08:06:23+00:00\",\"dateModified\":\"2026-04-13T10:45:08+00:00\",\"description\":\"Dessous de Bo\u00eetier Kirby - Veltec est le fournisseur des aspirateurs Kirby depuis plus de 25 ans. Et est votre sp\u00e9cialiste de confiance\",\"breadcrumb\":{\"@id\":\"https:\\\/\\\/www.veltec.eu\\\/fr\\\/product\\\/dessous-de-boitier-kirby-nl3153\\\/#breadcrumb\"},\"inLanguage\":\"fr-FR\",\"potentialAction\":[{\"@type\":\"ReadAction\",\"target\":[\"https:\\\/\\\/www.veltec.eu\\\/fr\\\/product\\\/dessous-de-boitier-kirby-nl3153\\\/\"]}]},{\"@type\":\"ImageObject\",\"inLanguage\":\"fr-FR\",\"@id\":\"https:\\\/\\\/www.veltec.eu\\\/fr\\\/product\\\/dessous-de-boitier-kirby-nl3153\\\/#primaryimage\",\"url\":\"https:\\\/\\\/www.veltec.eu\\\/wp-content\\\/uploads\\\/2018\\\/10\\\/IMG_8595.png\",\"contentUrl\":\"https:\\\/\\\/www.veltec.eu\\\/wp-content\\\/uploads\\\/2018\\\/10\\\/IMG_8595.png\",\"width\":500,\"height\":500},{\"@type\":\"BreadcrumbList\",\"@id\":\"https:\\\/\\\/www.veltec.eu\\\/fr\\\/product\\\/dessous-de-boitier-kirby-nl3153\\\/#breadcrumb\",\"itemListElement\":[{\"@type\":\"ListItem\",\"position\":1,\"name\":\"Home\",\"item\":\"https:\\\/\\\/www.veltec.eu\\\/fr\\\/\"},{\"@type\":\"ListItem\",\"position\":2,\"name\":\"Kirby Shop\",\"item\":\"https:\\\/\\\/www.veltec.eu\\\/nl\\\/shop-page\\\/\"},{\"@type\":\"ListItem\",\"position\":3,\"name\":\"Dessous de Bo\u00eetier Kirby\"}]},{\"@type\":\"WebSite\",\"@id\":\"https:\\\/\\\/www.veltec.eu\\\/en\\\/#website\",\"url\":\"https:\\\/\\\/www.veltec.eu\\\/en\\\/\",\"name\":\"Veltec Kirby specialist\",\"description\":\"Kirby stofzuiger producten\",\"publisher\":{\"@id\":\"https:\\\/\\\/www.veltec.eu\\\/en\\\/#organization\"},\"potentialAction\":[{\"@type\":\"SearchAction\",\"target\":{\"@type\":\"EntryPoint\",\"urlTemplate\":\"https:\\\/\\\/www.veltec.eu\\\/en\\\/?s={search_term_string}\"},\"query-input\":{\"@type\":\"PropertyValueSpecification\",\"valueRequired\":true,\"valueName\":\"search_term_string\"}}],\"inLanguage\":\"fr-FR\"},{\"@type\":\"Organization\",\"@id\":\"https:\\\/\\\/www.veltec.eu\\\/en\\\/#organization\",\"name\":\"Veltec Kirby Specialist\",\"url\":\"https:\\\/\\\/www.veltec.eu\\\/en\\\/\",\"logo\":{\"@type\":\"ImageObject\",\"inLanguage\":\"fr-FR\",\"@id\":\"https:\\\/\\\/www.veltec.eu\\\/en\\\/#\\\/schema\\\/logo\\\/image\\\/\",\"url\":\"https:\\\/\\\/www.veltec.eu\\\/wp-content\\\/uploads\\\/2021\\\/12\\\/Veltec-log-groot-e1537260889125.png\",\"contentUrl\":\"https:\\\/\\\/www.veltec.eu\\\/wp-content\\\/uploads\\\/2021\\\/12\\\/Veltec-log-groot-e1537260889125.png\",\"width\":200,\"height\":60,\"caption\":\"Veltec Kirby Specialist\"},\"image\":{\"@id\":\"https:\\\/\\\/www.veltec.eu\\\/en\\\/#\\\/schema\\\/logo\\\/image\\\/\"},\"sameAs\":[\"https:\\\/\\\/www.facebook.com\\\/Veltec-Kirby-Specialist-236746293374877\\\/\",\"https:\\\/\\\/www.youtube.com\\\/user\\\/VeltecService\"]}]}<\/script>\n<!-- \/ Yoast SEO Premium plugin. -->","yoast_head_json":{"title":"Dessous de Bo\u00eetier Kirby - Veltec Kirby specialist","description":"Dessous de Bo\u00eetier Kirby - Veltec est le fournisseur des aspirateurs Kirby depuis plus de 25 ans. Et est votre sp\u00e9cialiste de confiance","robots":{"index":"index","follow":"follow","max-snippet":"max-snippet:-1","max-image-preview":"max-image-preview:large","max-video-preview":"max-video-preview:-1"},"canonical":"https:\/\/www.veltec.eu\/fr\/product\/dessous-de-boitier-kirby-nl3153\/","og_locale":"fr_FR","og_type":"article","og_title":"Dessous de Bo\u00eetier Kirby","og_description":"Partie inf\u00e9rieure de bo\u00eetier Kirby.    En stock   Command\u00e9 23:59, exp\u00e9di\u00e9 demain  &nbsp;","og_url":"https:\/\/www.veltec.eu\/fr\/product\/dessous-de-boitier-kirby-nl3153\/","og_site_name":"Veltec Kirby specialist","article_publisher":"https:\/\/www.facebook.com\/Veltec-Kirby-Specialist-236746293374877\/","article_modified_time":"2026-04-13T10:45:08+00:00","og_image":[{"width":500,"height":500,"url":"https:\/\/www.veltec.eu\/wp-content\/uploads\/2018\/10\/IMG_8595.png","type":"image\/png"}],"twitter_card":"summary_large_image","twitter_misc":{"Dur\u00e9e de lecture estim\u00e9e":"2 minutes"},"schema":{"@context":"https:\/\/schema.org","@graph":[{"@type":"WebPage","@id":"https:\/\/www.veltec.eu\/fr\/product\/dessous-de-boitier-kirby-nl3153\/","url":"https:\/\/www.veltec.eu\/fr\/product\/dessous-de-boitier-kirby-nl3153\/","name":"Dessous de Bo\u00eetier Kirby - Veltec Kirby specialist","isPartOf":{"@id":"https:\/\/www.veltec.eu\/en\/#website"},"primaryImageOfPage":{"@id":"https:\/\/www.veltec.eu\/fr\/product\/dessous-de-boitier-kirby-nl3153\/#primaryimage"},"image":{"@id":"https:\/\/www.veltec.eu\/fr\/product\/dessous-de-boitier-kirby-nl3153\/#primaryimage"},"thumbnailUrl":"https:\/\/www.veltec.eu\/wp-content\/uploads\/2018\/10\/IMG_8595.png","datePublished":"2018-10-30T08:06:23+00:00","dateModified":"2026-04-13T10:45:08+00:00","description":"Dessous de Bo\u00eetier Kirby - Veltec est le fournisseur des aspirateurs Kirby depuis plus de 25 ans. Et est votre sp\u00e9cialiste de confiance","breadcrumb":{"@id":"https:\/\/www.veltec.eu\/fr\/product\/dessous-de-boitier-kirby-nl3153\/#breadcrumb"},"inLanguage":"fr-FR","potentialAction":[{"@type":"ReadAction","target":["https:\/\/www.veltec.eu\/fr\/product\/dessous-de-boitier-kirby-nl3153\/"]}]},{"@type":"ImageObject","inLanguage":"fr-FR","@id":"https:\/\/www.veltec.eu\/fr\/product\/dessous-de-boitier-kirby-nl3153\/#primaryimage","url":"https:\/\/www.veltec.eu\/wp-content\/uploads\/2018\/10\/IMG_8595.png","contentUrl":"https:\/\/www.veltec.eu\/wp-content\/uploads\/2018\/10\/IMG_8595.png","width":500,"height":500},{"@type":"BreadcrumbList","@id":"https:\/\/www.veltec.eu\/fr\/product\/dessous-de-boitier-kirby-nl3153\/#breadcrumb","itemListElement":[{"@type":"ListItem","position":1,"name":"Home","item":"https:\/\/www.veltec.eu\/fr\/"},{"@type":"ListItem","position":2,"name":"Kirby Shop","item":"https:\/\/www.veltec.eu\/nl\/shop-page\/"},{"@type":"ListItem","position":3,"name":"Dessous de Bo\u00eetier Kirby"}]},{"@type":"WebSite","@id":"https:\/\/www.veltec.eu\/en\/#website","url":"https:\/\/www.veltec.eu\/en\/","name":"Veltec Kirby specialist","description":"Kirby stofzuiger producten","publisher":{"@id":"https:\/\/www.veltec.eu\/en\/#organization"},"potentialAction":[{"@type":"SearchAction","target":{"@type":"EntryPoint","urlTemplate":"https:\/\/www.veltec.eu\/en\/?s={search_term_string}"},"query-input":{"@type":"PropertyValueSpecification","valueRequired":true,"valueName":"search_term_string"}}],"inLanguage":"fr-FR"},{"@type":"Organization","@id":"https:\/\/www.veltec.eu\/en\/#organization","name":"Veltec Kirby Specialist","url":"https:\/\/www.veltec.eu\/en\/","logo":{"@type":"ImageObject","inLanguage":"fr-FR","@id":"https:\/\/www.veltec.eu\/en\/#\/schema\/logo\/image\/","url":"https:\/\/www.veltec.eu\/wp-content\/uploads\/2021\/12\/Veltec-log-groot-e1537260889125.png","contentUrl":"https:\/\/www.veltec.eu\/wp-content\/uploads\/2021\/12\/Veltec-log-groot-e1537260889125.png","width":200,"height":60,"caption":"Veltec Kirby Specialist"},"image":{"@id":"https:\/\/www.veltec.eu\/en\/#\/schema\/logo\/image\/"},"sameAs":["https:\/\/www.facebook.com\/Veltec-Kirby-Specialist-236746293374877\/","https:\/\/www.youtube.com\/user\/VeltecService"]}]}},"_links":{"self":[{"href":"https:\/\/www.veltec.eu\/fr\/wp-json\/wp\/v2\/product\/10369","targetHints":{"allow":["GET"]}}],"collection":[{"href":"https:\/\/www.veltec.eu\/fr\/wp-json\/wp\/v2\/product"}],"about":[{"href":"https:\/\/www.veltec.eu\/fr\/wp-json\/wp\/v2\/types\/product"}],"replies":[{"embeddable":true,"href":"https:\/\/www.veltec.eu\/fr\/wp-json\/wp\/v2\/comments?post=10369"}],"wp:featuredmedia":[{"embeddable":true,"href":"https:\/\/www.veltec.eu\/fr\/wp-json\/wp\/v2\/media\/90283"}],"wp:attachment":[{"href":"https:\/\/www.veltec.eu\/fr\/wp-json\/wp\/v2\/media?parent=10369"}],"wp:term":[{"taxonomy":"product_brand","embeddable":true,"href":"https:\/\/www.veltec.eu\/fr\/wp-json\/wp\/v2\/product_brand?post=10369"},{"taxonomy":"product_cat","embeddable":true,"href":"https:\/\/www.veltec.eu\/fr\/wp-json\/wp\/v2\/product_cat?post=10369"},{"taxonomy":"product_tag","embeddable":true,"href":"https:\/\/www.veltec.eu\/fr\/wp-json\/wp\/v2\/product_tag?post=10369"}],"curies":[{"name":"wp","href":"https:\/\/api.w.org\/{rel}","templated":true}]}}