{"id":10364,"date":"2018-10-30T10:10:56","date_gmt":"2018-10-30T08:10:56","guid":{"rendered":"https:\/\/www.veltec.eu\/kirby-webshop\/dessus-de-boitier-nl3152\/"},"modified":"2025-04-02T13:34:50","modified_gmt":"2025-04-02T11:34:50","slug":"kirby-boitier-dessus-reconditionne-kirby-nl3152","status":"publish","type":"product","link":"https:\/\/www.veltec.eu\/fr\/product\/kirby-boitier-dessus-reconditionne-kirby-nl3152\/","title":{"rendered":"Kirby Bo\u00eetier Dessus Reconditionn\u00e9"},"content":{"rendered":"<h2>Kirby Bo\u00eetier Dessus Reconditionn\u00e9 &#8211; Economisez intelligemment sur l&#8217;entretien !<\/h2>\n<p>Vous cherchez une solution abordable pour remplacer le couvercle de votre aspirateur Kirby ? Le Kirby Bo\u00eetier Dessus Reconditionn\u00e9 est le choix id\u00e9al ! Ce couvercle est enti\u00e8rement reconditionn\u00e9, s&#8217;adapte \u00e0 tous les mod\u00e8les Kirby et est pas moins de 50% moins cher qu&#8217;un nouveau capot. Un investissement intelligent pour ceux qui veulent entretenir leur aspirateur sans payer le prix fort !<\/p>\n<p><strong>Ce couvercle convient \u00e0 tous les aspirateurs Kirby ;<\/strong><\/p>\n<ul>\n<li>Avalir Platinum<\/li>\n<li>Avalir 2<\/li>\n<li>Avalir 1<\/li>\n<li>Sentria 2 (G10D)<\/li>\n<li>Sentria 1 (G10)<\/li>\n<li>Ultimate G Diamond Ed.(G7D or DE)<\/li>\n<li>Ultimate G (G7 or UG)<\/li>\n<li>Generation 6 (G6)<\/li>\n<li>Generation 5 (G5)<\/li>\n<li>Generation 4 (G4)<\/li>\n<li>Generation 3 (G3)<\/li>\n<\/ul>\n<p><a href=\"https:\/\/www.veltec.eu\/fr\/kirby-boitier\/\">Vous trouverez ici tous les Kirby bo\u00eetie<\/a><\/p>\n<h3>Pourquoi choisir le dessus de bo\u00eetier Kirby reconditionn\u00e9 ?<\/h3>\n<p>Le remplacement des pi\u00e8ces de votre aspirateur Kirby peut s&#8217;av\u00e9rer co\u00fbteux, mais avec un bo\u00eetier reconditionn\u00e9, vous ferez des \u00e9conomies consid\u00e9rables. Voici quelques avantages en bref :<\/p>\n<ul>\n<li>Excellente qualit\u00e9 &#8211; Chaque pi\u00e8ce a \u00e9t\u00e9 soigneusement nettoy\u00e9e, v\u00e9rifi\u00e9e et r\u00e9par\u00e9e si n\u00e9cessaire.<\/li>\n<li>Durable et respectueux de l&#8217;environnement &#8211; En r\u00e9utilisant les pi\u00e8ces, vous contribuez \u00e0 r\u00e9duire les d\u00e9chets.<\/li>\n<li>Adaptation parfaite &#8211; Con\u00e7ue pour s&#8217;adapter parfaitement \u00e0 tous les aspirateurs Kirby.<\/li>\n<li>Une alternative abordable &#8211; Vous payez la moiti\u00e9 du prix d&#8217;une pi\u00e8ce neuve sans compromettre les performances.<\/li>\n<\/ul>\n<p>Avec ce couvercle, votre aspirateur Kirby a une seconde vie et continue \u00e0 fonctionner de mani\u00e8re optimale !<\/p>\n<h3>Ce couvercle convient-il \u00e0 votre aspirateur Kirby ?<\/h3>\n<p>Vous n&#8217;\u00eates pas s\u00fbr que ce couvercle convienne \u00e0 votre mod\u00e8le Kirby ? Pas de probl\u00e8me ! Ce bo\u00eetier est compatible avec tous les aspirateurs Kirby, quel que soit le mod\u00e8le ou la date de production. Gr\u00e2ce \u00e0 sa conception universelle, ce couvercle s&#8217;adapte parfaitement \u00e0 votre appareil sans aucune modification.<\/p>\n<p>Vous voulez savoir si c&#8217;est le bon choix ? Il vous suffit de v\u00e9rifier votre couvercle actuel et de le comparer avec les images du produit. Vous avez des questions ? N&#8217;h\u00e9sitez pas \u00e0 nous contacter pour obtenir des conseils !<\/p>\n<h3>Economisez intelligemment : 50% moins cher que le neuf !<\/h3>\n<p>Un nouveau couvercle pour votre aspirateur Kirby peut co\u00fbter tr\u00e8s cher. Pourquoi payer plus cher quand vous pouvez en obtenir un reconditionn\u00e9 pour la moiti\u00e9 du prix ?<\/p>\n<p>Avec les produits reconditionn\u00e9s, chaque pi\u00e8ce est soigneusement v\u00e9rifi\u00e9e et r\u00e9par\u00e9e si n\u00e9cessaire, de sorte que vous obtenez la m\u00eame qualit\u00e9 qu&#8217;un produit neuf. Vous b\u00e9n\u00e9ficiez donc des m\u00eames performances \u00e0 un prix bien inf\u00e9rieur !<\/p>\n<h3>Commandez d\u00e8s aujourd&#8217;hui et restaurez votre aspirateur Kirby !<\/h3>\n<p>Pourquoi attendre ? Commandez d\u00e8s aujourd&#8217;hui le Kirby Housing Top Reconditioned et donnez une seconde vie \u00e0 votre aspirateur. Gr\u00e2ce \u00e0 une livraison rapide, vous aurez la pi\u00e8ce chez vous rapidement afin de profiter \u00e0 nouveau des performances de votre aspirateur Kirby.<\/p>\n<p>Ne manquez pas cette opportunit\u00e9 et b\u00e9n\u00e9ficiez d&#8217;une solution abordable et durable pour l&#8217;entretien de votre aspirateur !<\/p>\n","protected":false},"excerpt":{"rendered":"<p>Partie sup\u00e9rieure de bo\u00eetier Kirby.<\/p>\n[trustindex data-widget-id=e3bb80b24fa128098b960fc2439]\n<h3><span style=\"color: #008000;\"><br \/>\nEn stock<\/span><\/h3>\n[av_font_icon icon='ue812' font='entypo-fontello' style='' caption='' size='25px' position='left' color='#43ad66' link='' linktarget='' title_attr='' sonar_effect_effect='' sonar_effect_color='' sonar_effect_duration='1' sonar_effect_scale='' sonar_effect_opac='0.5' animation='' id='' custom_class='' template_class='' av_uid='' sc_version='1.0' admin_preview_bg=''][\/av_font_icon]\n<p><span style=\"color: #008000;\">Command\u00e9 23:59, exp\u00e9di\u00e9 demain<\/span><\/p>\n<p>&nbsp;<\/p>\n","protected":false},"featured_media":90770,"comment_status":"open","ping_status":"closed","template":"","meta":[],"product_brand":[],"product_cat":[304],"product_tag":[],"class_list":{"0":"post-10364","1":"product","2":"type-product","3":"status-publish","4":"has-post-thumbnail","6":"product_cat-kirby-boitier","7":"product_shipping_class-klein-de-fr","9":"first","10":"instock","11":"sale","12":"taxable","13":"shipping-taxable","14":"purchasable","15":"product-type-simple"},"yoast_head":"<!-- This site is optimized with the Yoast SEO Premium plugin v27.1 (Yoast SEO v27.4) - https:\/\/yoast.com\/product\/yoast-seo-premium-wordpress\/ -->\n<title>Kirby Bo\u00eetier Dessus Reconditionn\u00e9 - Veltec Kirby specialist<\/title>\n<meta name=\"description\" content=\"Kirby Bo\u00eetier Dessus Reconditionn\u00e9 - Veltec est le fournisseur des aspirateurs Kirby depuis plus de 25 ans. Et est votre sp\u00e9cialiste\" \/>\n<meta name=\"robots\" content=\"index, follow, max-snippet:-1, max-image-preview:large, max-video-preview:-1\" \/>\n<link rel=\"canonical\" href=\"https:\/\/www.veltec.eu\/nl\/product\/kirby-behuizing-bovenzijde-nl3152\/\" \/>\n<meta property=\"og:locale\" content=\"fr_FR\" \/>\n<meta property=\"og:type\" content=\"article\" \/>\n<meta property=\"og:title\" content=\"Kirby Bo\u00eetier Dessus Reconditionn\u00e9\" \/>\n<meta property=\"og:description\" content=\"Partie sup\u00e9rieure de bo\u00eetier Kirby.    En stock   Command\u00e9 23:59, exp\u00e9di\u00e9 demain  &nbsp;\" \/>\n<meta property=\"og:url\" content=\"https:\/\/www.veltec.eu\/nl\/product\/kirby-behuizing-bovenzijde-nl3152\/\" \/>\n<meta property=\"og:site_name\" content=\"Veltec Kirby specialist\" \/>\n<meta property=\"article:publisher\" content=\"https:\/\/www.facebook.com\/Veltec-Kirby-Specialist-236746293374877\/\" \/>\n<meta property=\"article:modified_time\" content=\"2025-04-02T11:34:50+00:00\" \/>\n<meta property=\"og:image\" content=\"https:\/\/www.veltec.eu\/wp-content\/uploads\/2018\/10\/Kirby-bovenkant.png\" \/>\n\t<meta property=\"og:image:width\" content=\"300\" \/>\n\t<meta property=\"og:image:height\" content=\"300\" \/>\n\t<meta property=\"og:image:type\" content=\"image\/png\" \/>\n<meta name=\"twitter:card\" content=\"summary_large_image\" \/>\n<meta name=\"twitter:label1\" content=\"Dur\u00e9e de lecture estim\u00e9e\" \/>\n\t<meta name=\"twitter:data1\" content=\"3 minutes\" \/>\n<script type=\"application\/ld+json\" class=\"yoast-schema-graph\">{\"@context\":\"https:\\\/\\\/schema.org\",\"@graph\":[{\"@type\":\"WebPage\",\"@id\":\"https:\\\/\\\/www.veltec.eu\\\/nl\\\/product\\\/kirby-behuizing-bovenzijde-nl3152\\\/\",\"url\":\"https:\\\/\\\/www.veltec.eu\\\/nl\\\/product\\\/kirby-behuizing-bovenzijde-nl3152\\\/\",\"name\":\"Kirby Bo\u00eetier Dessus Reconditionn\u00e9 - Veltec Kirby specialist\",\"isPartOf\":{\"@id\":\"https:\\\/\\\/www.veltec.eu\\\/en\\\/#website\"},\"primaryImageOfPage\":{\"@id\":\"https:\\\/\\\/www.veltec.eu\\\/nl\\\/product\\\/kirby-behuizing-bovenzijde-nl3152\\\/#primaryimage\"},\"image\":{\"@id\":\"https:\\\/\\\/www.veltec.eu\\\/nl\\\/product\\\/kirby-behuizing-bovenzijde-nl3152\\\/#primaryimage\"},\"thumbnailUrl\":\"https:\\\/\\\/www.veltec.eu\\\/wp-content\\\/uploads\\\/2018\\\/10\\\/bovenkant-Kirby-behuizing-1.jpg\",\"datePublished\":\"2018-10-30T08:10:56+00:00\",\"dateModified\":\"2025-04-02T11:34:50+00:00\",\"description\":\"Kirby Bo\u00eetier Dessus Reconditionn\u00e9 - Veltec est le fournisseur des aspirateurs Kirby depuis plus de 25 ans. Et est votre sp\u00e9cialiste\",\"breadcrumb\":{\"@id\":\"https:\\\/\\\/www.veltec.eu\\\/nl\\\/product\\\/kirby-behuizing-bovenzijde-nl3152\\\/#breadcrumb\"},\"inLanguage\":\"fr-FR\",\"potentialAction\":[{\"@type\":\"ReadAction\",\"target\":[\"https:\\\/\\\/www.veltec.eu\\\/nl\\\/product\\\/kirby-behuizing-bovenzijde-nl3152\\\/\"]}]},{\"@type\":\"ImageObject\",\"inLanguage\":\"fr-FR\",\"@id\":\"https:\\\/\\\/www.veltec.eu\\\/nl\\\/product\\\/kirby-behuizing-bovenzijde-nl3152\\\/#primaryimage\",\"url\":\"https:\\\/\\\/www.veltec.eu\\\/wp-content\\\/uploads\\\/2018\\\/10\\\/bovenkant-Kirby-behuizing-1.jpg\",\"contentUrl\":\"https:\\\/\\\/www.veltec.eu\\\/wp-content\\\/uploads\\\/2018\\\/10\\\/bovenkant-Kirby-behuizing-1.jpg\",\"width\":600,\"height\":600},{\"@type\":\"BreadcrumbList\",\"@id\":\"https:\\\/\\\/www.veltec.eu\\\/nl\\\/product\\\/kirby-behuizing-bovenzijde-nl3152\\\/#breadcrumb\",\"itemListElement\":[{\"@type\":\"ListItem\",\"position\":1,\"name\":\"Home\",\"item\":\"https:\\\/\\\/www.veltec.eu\\\/fr\\\/\"},{\"@type\":\"ListItem\",\"position\":2,\"name\":\"Produits\",\"item\":\"https:\\\/\\\/www.veltec.eu\\\/fr\\\/shop\\\/\"},{\"@type\":\"ListItem\",\"position\":3,\"name\":\"Kirby Bo\u00eetier Dessus Reconditionn\u00e9\"}]},{\"@type\":\"WebSite\",\"@id\":\"https:\\\/\\\/www.veltec.eu\\\/en\\\/#website\",\"url\":\"https:\\\/\\\/www.veltec.eu\\\/en\\\/\",\"name\":\"Veltec Kirby specialist\",\"description\":\"Kirby stofzuiger producten\",\"publisher\":{\"@id\":\"https:\\\/\\\/www.veltec.eu\\\/en\\\/#organization\"},\"potentialAction\":[{\"@type\":\"SearchAction\",\"target\":{\"@type\":\"EntryPoint\",\"urlTemplate\":\"https:\\\/\\\/www.veltec.eu\\\/en\\\/?s={search_term_string}\"},\"query-input\":{\"@type\":\"PropertyValueSpecification\",\"valueRequired\":true,\"valueName\":\"search_term_string\"}}],\"inLanguage\":\"fr-FR\"},{\"@type\":\"Organization\",\"@id\":\"https:\\\/\\\/www.veltec.eu\\\/en\\\/#organization\",\"name\":\"Veltec Kirby Specialist\",\"url\":\"https:\\\/\\\/www.veltec.eu\\\/en\\\/\",\"logo\":{\"@type\":\"ImageObject\",\"inLanguage\":\"fr-FR\",\"@id\":\"https:\\\/\\\/www.veltec.eu\\\/en\\\/#\\\/schema\\\/logo\\\/image\\\/\",\"url\":\"https:\\\/\\\/www.veltec.eu\\\/wp-content\\\/uploads\\\/2021\\\/12\\\/Veltec-log-groot-e1537260889125.png\",\"contentUrl\":\"https:\\\/\\\/www.veltec.eu\\\/wp-content\\\/uploads\\\/2021\\\/12\\\/Veltec-log-groot-e1537260889125.png\",\"width\":200,\"height\":60,\"caption\":\"Veltec Kirby Specialist\"},\"image\":{\"@id\":\"https:\\\/\\\/www.veltec.eu\\\/en\\\/#\\\/schema\\\/logo\\\/image\\\/\"},\"sameAs\":[\"https:\\\/\\\/www.facebook.com\\\/Veltec-Kirby-Specialist-236746293374877\\\/\",\"https:\\\/\\\/www.youtube.com\\\/user\\\/VeltecService\"]}]}<\/script>\n<!-- \/ Yoast SEO Premium plugin. -->","yoast_head_json":{"title":"Kirby Bo\u00eetier Dessus Reconditionn\u00e9 - Veltec Kirby specialist","description":"Kirby Bo\u00eetier Dessus Reconditionn\u00e9 - Veltec est le fournisseur des aspirateurs Kirby depuis plus de 25 ans. Et est votre sp\u00e9cialiste","robots":{"index":"index","follow":"follow","max-snippet":"max-snippet:-1","max-image-preview":"max-image-preview:large","max-video-preview":"max-video-preview:-1"},"canonical":"https:\/\/www.veltec.eu\/nl\/product\/kirby-behuizing-bovenzijde-nl3152\/","og_locale":"fr_FR","og_type":"article","og_title":"Kirby Bo\u00eetier Dessus Reconditionn\u00e9","og_description":"Partie sup\u00e9rieure de bo\u00eetier Kirby.    En stock   Command\u00e9 23:59, exp\u00e9di\u00e9 demain  &nbsp;","og_url":"https:\/\/www.veltec.eu\/nl\/product\/kirby-behuizing-bovenzijde-nl3152\/","og_site_name":"Veltec Kirby specialist","article_publisher":"https:\/\/www.facebook.com\/Veltec-Kirby-Specialist-236746293374877\/","article_modified_time":"2025-04-02T11:34:50+00:00","og_image":[{"width":300,"height":300,"url":"https:\/\/www.veltec.eu\/wp-content\/uploads\/2018\/10\/Kirby-bovenkant.png","type":"image\/png"}],"twitter_card":"summary_large_image","twitter_misc":{"Dur\u00e9e de lecture estim\u00e9e":"3 minutes"},"schema":{"@context":"https:\/\/schema.org","@graph":[{"@type":"WebPage","@id":"https:\/\/www.veltec.eu\/nl\/product\/kirby-behuizing-bovenzijde-nl3152\/","url":"https:\/\/www.veltec.eu\/nl\/product\/kirby-behuizing-bovenzijde-nl3152\/","name":"Kirby Bo\u00eetier Dessus Reconditionn\u00e9 - Veltec Kirby specialist","isPartOf":{"@id":"https:\/\/www.veltec.eu\/en\/#website"},"primaryImageOfPage":{"@id":"https:\/\/www.veltec.eu\/nl\/product\/kirby-behuizing-bovenzijde-nl3152\/#primaryimage"},"image":{"@id":"https:\/\/www.veltec.eu\/nl\/product\/kirby-behuizing-bovenzijde-nl3152\/#primaryimage"},"thumbnailUrl":"https:\/\/www.veltec.eu\/wp-content\/uploads\/2018\/10\/bovenkant-Kirby-behuizing-1.jpg","datePublished":"2018-10-30T08:10:56+00:00","dateModified":"2025-04-02T11:34:50+00:00","description":"Kirby Bo\u00eetier Dessus Reconditionn\u00e9 - Veltec est le fournisseur des aspirateurs Kirby depuis plus de 25 ans. Et est votre sp\u00e9cialiste","breadcrumb":{"@id":"https:\/\/www.veltec.eu\/nl\/product\/kirby-behuizing-bovenzijde-nl3152\/#breadcrumb"},"inLanguage":"fr-FR","potentialAction":[{"@type":"ReadAction","target":["https:\/\/www.veltec.eu\/nl\/product\/kirby-behuizing-bovenzijde-nl3152\/"]}]},{"@type":"ImageObject","inLanguage":"fr-FR","@id":"https:\/\/www.veltec.eu\/nl\/product\/kirby-behuizing-bovenzijde-nl3152\/#primaryimage","url":"https:\/\/www.veltec.eu\/wp-content\/uploads\/2018\/10\/bovenkant-Kirby-behuizing-1.jpg","contentUrl":"https:\/\/www.veltec.eu\/wp-content\/uploads\/2018\/10\/bovenkant-Kirby-behuizing-1.jpg","width":600,"height":600},{"@type":"BreadcrumbList","@id":"https:\/\/www.veltec.eu\/nl\/product\/kirby-behuizing-bovenzijde-nl3152\/#breadcrumb","itemListElement":[{"@type":"ListItem","position":1,"name":"Home","item":"https:\/\/www.veltec.eu\/fr\/"},{"@type":"ListItem","position":2,"name":"Produits","item":"https:\/\/www.veltec.eu\/fr\/shop\/"},{"@type":"ListItem","position":3,"name":"Kirby Bo\u00eetier Dessus Reconditionn\u00e9"}]},{"@type":"WebSite","@id":"https:\/\/www.veltec.eu\/en\/#website","url":"https:\/\/www.veltec.eu\/en\/","name":"Veltec Kirby specialist","description":"Kirby stofzuiger producten","publisher":{"@id":"https:\/\/www.veltec.eu\/en\/#organization"},"potentialAction":[{"@type":"SearchAction","target":{"@type":"EntryPoint","urlTemplate":"https:\/\/www.veltec.eu\/en\/?s={search_term_string}"},"query-input":{"@type":"PropertyValueSpecification","valueRequired":true,"valueName":"search_term_string"}}],"inLanguage":"fr-FR"},{"@type":"Organization","@id":"https:\/\/www.veltec.eu\/en\/#organization","name":"Veltec Kirby Specialist","url":"https:\/\/www.veltec.eu\/en\/","logo":{"@type":"ImageObject","inLanguage":"fr-FR","@id":"https:\/\/www.veltec.eu\/en\/#\/schema\/logo\/image\/","url":"https:\/\/www.veltec.eu\/wp-content\/uploads\/2021\/12\/Veltec-log-groot-e1537260889125.png","contentUrl":"https:\/\/www.veltec.eu\/wp-content\/uploads\/2021\/12\/Veltec-log-groot-e1537260889125.png","width":200,"height":60,"caption":"Veltec Kirby Specialist"},"image":{"@id":"https:\/\/www.veltec.eu\/en\/#\/schema\/logo\/image\/"},"sameAs":["https:\/\/www.facebook.com\/Veltec-Kirby-Specialist-236746293374877\/","https:\/\/www.youtube.com\/user\/VeltecService"]}]}},"_links":{"self":[{"href":"https:\/\/www.veltec.eu\/fr\/wp-json\/wp\/v2\/product\/10364","targetHints":{"allow":["GET"]}}],"collection":[{"href":"https:\/\/www.veltec.eu\/fr\/wp-json\/wp\/v2\/product"}],"about":[{"href":"https:\/\/www.veltec.eu\/fr\/wp-json\/wp\/v2\/types\/product"}],"replies":[{"embeddable":true,"href":"https:\/\/www.veltec.eu\/fr\/wp-json\/wp\/v2\/comments?post=10364"}],"wp:featuredmedia":[{"embeddable":true,"href":"https:\/\/www.veltec.eu\/fr\/wp-json\/wp\/v2\/media\/90770"}],"wp:attachment":[{"href":"https:\/\/www.veltec.eu\/fr\/wp-json\/wp\/v2\/media?parent=10364"}],"wp:term":[{"taxonomy":"product_brand","embeddable":true,"href":"https:\/\/www.veltec.eu\/fr\/wp-json\/wp\/v2\/product_brand?post=10364"},{"taxonomy":"product_cat","embeddable":true,"href":"https:\/\/www.veltec.eu\/fr\/wp-json\/wp\/v2\/product_cat?post=10364"},{"taxonomy":"product_tag","embeddable":true,"href":"https:\/\/www.veltec.eu\/fr\/wp-json\/wp\/v2\/product_tag?post=10364"}],"curies":[{"name":"wp","href":"https:\/\/api.w.org\/{rel}","templated":true}]}}