{"id":10319,"date":"2018-10-30T10:21:32","date_gmt":"2018-10-30T08:21:32","guid":{"rendered":"https:\/\/www.veltec.eu\/kirby-webshop\/protecteur-deflecteur-superieur-de-lampe-nl3156\/"},"modified":"2026-04-13T13:07:59","modified_gmt":"2026-04-13T11:07:59","slug":"protecteur-deflecteur-superieur-de-lampe-kirby-nl3156","status":"publish","type":"product","link":"https:\/\/www.veltec.eu\/fr\/product\/protecteur-deflecteur-superieur-de-lampe-kirby-nl3156\/","title":{"rendered":"Protecteur-d\u00e9flecteur sup\u00e9rieur de lampe Kirby"},"content":{"rendered":"<h2>Protecteur-d\u00e9flecteur sup\u00e9rieur de lampe Kirby &#8211; Remplacement parfait pour votre aspirateur Kirby<\/h2>\n<p>Vous cherchez un remplacement fiable pour l&#8217;abat-jour de votre aspirateur Kirby ? Le Protecteur-d\u00e9flecteur sup\u00e9rieur de lampe Kirby est exactement ce qu&#8217;il vous faut ! Cette pi\u00e8ce en plastique de haute qualit\u00e9 est sp\u00e9cialement con\u00e7ue pour s&#8217;adapter parfaitement \u00e0 tous les mod\u00e8les d&#8217;aspirateurs Kirby. Que vous souhaitiez remplacer un abat-jour endommag\u00e9 ou redonner un coup de jeune \u00e0 votre aspirateur, cet abat-jour sup\u00e9rieur est la solution id\u00e9ale.<\/p>\n<p><strong>Ce couvercle convient \u00e0 tous les aspirateurs Kirby ;<\/strong><\/p>\n<ul>\n<li>Avalir Platinum<\/li>\n<li>Avalir 2<\/li>\n<li>Avalir 1<\/li>\n<li>Sentria 2 (G10D)<\/li>\n<li>Sentria 1 (G10)<\/li>\n<li>Ultimate G Diamond Ed.(G7D or DE)<\/li>\n<li>Ultimate G (G7 or UG)<\/li>\n<li>Generation 6 (G6)<\/li>\n<li>Generation 5 (G5)<\/li>\n<li>Generation 4 (G4)<\/li>\n<li>Generation 3 (G3)<\/li>\n<\/ul>\n<p><a href=\"https:\/\/www.veltec.eu\/fr\/?page_id=59038\">Vous trouverez ici tous les Kirby bo\u00eetier<\/a><\/p>\n<h3>Pourquoi choisir le Protecteur-d\u00e9flecteur sup\u00e9rieur de lampe Kirby ?<\/h3>\n<p>Un abat-jour fonctionnant correctement est essentiel pour \u00e9clairer votre aspirateur, en particulier lorsque vous nettoyez des coins sombres et des zones difficiles d&#8217;acc\u00e8s. Le protecteur-d\u00e9flecteur sup\u00e9rieur de lampe Kirby garantit que la lampe reste bien en place, afin que vous puissiez toujours b\u00e9n\u00e9ficier d&#8217;un \u00e9clairage optimal lorsque vous passez l&#8217;aspirateur.<\/p>\n<h3>Avantages de ce capuchon sup\u00e9rieur :<\/h3>\n<ul>\n<li>Adaptation parfaite &#8211; Compatible avec tous les mod\u00e8les d&#8217;aspirateurs Kirby.<\/li>\n<li>Mat\u00e9riau durable &#8211; Fabriqu\u00e9 en plastique de haute qualit\u00e9 pour une longue dur\u00e9e de vie.<\/li>\n<li>Installation facile &#8211; Remplacement rapide et facile sans outils suppl\u00e9mentaires.<\/li>\n<li>\u00c9clairage optimal &#8211; Assure que l&#8217;ampoule reste en place et fonctionne correctement.<\/li>\n<li>Aspect original &#8211; Donne \u00e0 votre aspirateur un aspect propre et net.<\/li>\n<\/ul>\n<h3>Installation facile en quelques minutes<\/h3>\n<p>Remplacer le support de lampe du couvercle sup\u00e9rieur est un jeu d&#8217;enfant ! Gr\u00e2ce \u00e0 sa conception intelligente, aucun outil compliqu\u00e9 n&#8217;est n\u00e9cessaire. Suivez les \u00e9tapes suivantes pour remettre votre aspirateur en \u00e9tat :<\/p>\n<ol>\n<li>Retirez soigneusement l&#8217;ancien abat-jour de votre aspirateur.<\/li>\n<li>Placez le nouveau support de lampe du capot sup\u00e9rieur au m\u00eame endroit.<\/li>\n<li>Assurez-vous que tout est bien en place et qu&#8217;il s&#8217;enclenche correctement.<\/li>\n<li>V\u00e9rifiez les lumi\u00e8res pour vous assurer que tout fonctionne correctement.<\/li>\n<\/ol>\n<h3>Commandez aujourd&#8217;hui et profitez d&#8217;un aspirateur en parfait \u00e9tat<\/h3>\n<p>Un abat-jour d\u00e9fectueux peut affecter le fonctionnement de votre aspirateur Kirby, mais avec le support de lampe pour capot sup\u00e9rieur Kirby, vous pouvez facilement r\u00e9soudre ce probl\u00e8me. Commandez aujourd&#8217;hui et b\u00e9n\u00e9ficiez d&#8217;une livraison rapide, pour que votre aspirateur soit \u00e0 nouveau comme neuf. Nettoyez avec une vision claire et sans souci &#8211; choisissez ce remplacement fiable !<\/p>\n","protected":false},"excerpt":{"rendered":"<p>Protecteur-d\u00e9flecteur sup\u00e9rieur de lampe.<\/p>\n[trustindex data-widget-id=e3bb80b24fa128098b960fc2439]\n<h3><span style=\"color: #008000;\"><br \/>\nEn stock<\/span><\/h3>\n[av_font_icon icon='ue812' font='entypo-fontello' style='' caption='' size='25px' position='left' color='#43ad66' link='' linktarget='' title_attr='' sonar_effect_effect='' sonar_effect_color='' sonar_effect_duration='1' sonar_effect_scale='' sonar_effect_opac='0.5' animation='' id='' custom_class='' template_class='' av_uid='' sc_version='1.0' admin_preview_bg=''][\/av_font_icon]\n<p><span style=\"color: #008000;\">Command\u00e9 23:59, exp\u00e9di\u00e9 demain<\/span><\/p>\n<p>&nbsp;<\/p>\n","protected":false},"featured_media":90310,"comment_status":"open","ping_status":"closed","template":"","meta":{"_acf_changed":false},"product_brand":[],"product_cat":[304,299],"product_tag":[],"class_list":{"0":"post-10319","1":"product","2":"type-product","3":"status-publish","4":"has-post-thumbnail","6":"product_cat-kirby-boitier","7":"product_cat-kirby-lampes-et-deflecteurs","8":"product_shipping_class-klein-de-fr","10":"first","11":"instock","12":"taxable","13":"shipping-taxable","14":"purchasable","15":"product-type-variable"},"acf":[],"yoast_head":"<!-- This site is optimized with the Yoast SEO Premium plugin v27.1 (Yoast SEO v27.4) - https:\/\/yoast.com\/product\/yoast-seo-premium-wordpress\/ -->\n<title>Protecteur-d\u00e9flecteur sup\u00e9rieur de lampe Kirby - Veltec Kirby specialist<\/title>\n<meta name=\"description\" content=\"Protecteur-d\u00e9flecteur sup\u00e9rieur de lampe Kirby - Veltec est le fournisseur des aspirateurs Kirby depuis plus de 25 ans. Pour reparations.\" \/>\n<meta name=\"robots\" content=\"index, follow, max-snippet:-1, max-image-preview:large, max-video-preview:-1\" \/>\n<link rel=\"canonical\" href=\"https:\/\/www.veltec.eu\/fr\/product\/protecteur-deflecteur-superieur-de-lampe-kirby-nl3156\/\" \/>\n<meta property=\"og:locale\" content=\"fr_FR\" \/>\n<meta property=\"og:type\" content=\"article\" \/>\n<meta property=\"og:title\" content=\"Protecteur-d\u00e9flecteur sup\u00e9rieur de lampe Kirby\" \/>\n<meta property=\"og:description\" content=\"Protecteur-d\u00e9flecteur sup\u00e9rieur de lampe.    En stock   Command\u00e9 23:59, exp\u00e9di\u00e9 demain  &nbsp;\" \/>\n<meta property=\"og:url\" content=\"https:\/\/www.veltec.eu\/fr\/product\/protecteur-deflecteur-superieur-de-lampe-kirby-nl3156\/\" \/>\n<meta property=\"og:site_name\" content=\"Veltec Kirby specialist\" \/>\n<meta property=\"article:publisher\" content=\"https:\/\/www.facebook.com\/Veltec-Kirby-Specialist-236746293374877\/\" \/>\n<meta property=\"article:modified_time\" content=\"2026-04-13T11:07:59+00:00\" \/>\n<meta property=\"og:image\" content=\"https:\/\/www.veltec.eu\/wp-content\/uploads\/2018\/10\/Lamp-houder-Kirby.jpg\" \/>\n\t<meta property=\"og:image:width\" content=\"600\" \/>\n\t<meta property=\"og:image:height\" content=\"600\" \/>\n\t<meta property=\"og:image:type\" content=\"image\/jpeg\" \/>\n<meta name=\"twitter:card\" content=\"summary_large_image\" \/>\n<meta name=\"twitter:label1\" content=\"Dur\u00e9e de lecture estim\u00e9e\" \/>\n\t<meta name=\"twitter:data1\" content=\"2 minutes\" \/>\n<script type=\"application\/ld+json\" class=\"yoast-schema-graph\">{\"@context\":\"https:\\\/\\\/schema.org\",\"@graph\":[{\"@type\":\"WebPage\",\"@id\":\"https:\\\/\\\/www.veltec.eu\\\/fr\\\/product\\\/protecteur-deflecteur-superieur-de-lampe-kirby-nl3156\\\/\",\"url\":\"https:\\\/\\\/www.veltec.eu\\\/fr\\\/product\\\/protecteur-deflecteur-superieur-de-lampe-kirby-nl3156\\\/\",\"name\":\"Protecteur-d\u00e9flecteur sup\u00e9rieur de lampe Kirby - Veltec Kirby specialist\",\"isPartOf\":{\"@id\":\"https:\\\/\\\/www.veltec.eu\\\/en\\\/#website\"},\"primaryImageOfPage\":{\"@id\":\"https:\\\/\\\/www.veltec.eu\\\/fr\\\/product\\\/protecteur-deflecteur-superieur-de-lampe-kirby-nl3156\\\/#primaryimage\"},\"image\":{\"@id\":\"https:\\\/\\\/www.veltec.eu\\\/fr\\\/product\\\/protecteur-deflecteur-superieur-de-lampe-kirby-nl3156\\\/#primaryimage\"},\"thumbnailUrl\":\"https:\\\/\\\/www.veltec.eu\\\/wp-content\\\/uploads\\\/2018\\\/10\\\/Lamp-houder-Kirby.jpg\",\"datePublished\":\"2018-10-30T08:21:32+00:00\",\"dateModified\":\"2026-04-13T11:07:59+00:00\",\"description\":\"Protecteur-d\u00e9flecteur sup\u00e9rieur de lampe Kirby - Veltec est le fournisseur des aspirateurs Kirby depuis plus de 25 ans. Pour reparations.\",\"breadcrumb\":{\"@id\":\"https:\\\/\\\/www.veltec.eu\\\/fr\\\/product\\\/protecteur-deflecteur-superieur-de-lampe-kirby-nl3156\\\/#breadcrumb\"},\"inLanguage\":\"fr-FR\",\"potentialAction\":[{\"@type\":\"ReadAction\",\"target\":[\"https:\\\/\\\/www.veltec.eu\\\/fr\\\/product\\\/protecteur-deflecteur-superieur-de-lampe-kirby-nl3156\\\/\"]}]},{\"@type\":\"ImageObject\",\"inLanguage\":\"fr-FR\",\"@id\":\"https:\\\/\\\/www.veltec.eu\\\/fr\\\/product\\\/protecteur-deflecteur-superieur-de-lampe-kirby-nl3156\\\/#primaryimage\",\"url\":\"https:\\\/\\\/www.veltec.eu\\\/wp-content\\\/uploads\\\/2018\\\/10\\\/Lamp-houder-Kirby.jpg\",\"contentUrl\":\"https:\\\/\\\/www.veltec.eu\\\/wp-content\\\/uploads\\\/2018\\\/10\\\/Lamp-houder-Kirby.jpg\",\"width\":600,\"height\":600},{\"@type\":\"BreadcrumbList\",\"@id\":\"https:\\\/\\\/www.veltec.eu\\\/fr\\\/product\\\/protecteur-deflecteur-superieur-de-lampe-kirby-nl3156\\\/#breadcrumb\",\"itemListElement\":[{\"@type\":\"ListItem\",\"position\":1,\"name\":\"Home\",\"item\":\"https:\\\/\\\/www.veltec.eu\\\/fr\\\/accueil\\\/\"},{\"@type\":\"ListItem\",\"position\":2,\"name\":\"Boutique Kirby\",\"item\":\"https:\\\/\\\/www.veltec.eu\\\/fr\\\/boutique-kirby\\\/\"},{\"@type\":\"ListItem\",\"position\":3,\"name\":\"Protecteur-d\u00e9flecteur sup\u00e9rieur de lampe Kirby\"}]},{\"@type\":\"WebSite\",\"@id\":\"https:\\\/\\\/www.veltec.eu\\\/en\\\/#website\",\"url\":\"https:\\\/\\\/www.veltec.eu\\\/en\\\/\",\"name\":\"Veltec Kirby specialist\",\"description\":\"Kirby stofzuiger producten\",\"publisher\":{\"@id\":\"https:\\\/\\\/www.veltec.eu\\\/en\\\/#organization\"},\"potentialAction\":[{\"@type\":\"SearchAction\",\"target\":{\"@type\":\"EntryPoint\",\"urlTemplate\":\"https:\\\/\\\/www.veltec.eu\\\/en\\\/?s={search_term_string}\"},\"query-input\":{\"@type\":\"PropertyValueSpecification\",\"valueRequired\":true,\"valueName\":\"search_term_string\"}}],\"inLanguage\":\"fr-FR\"},{\"@type\":\"Organization\",\"@id\":\"https:\\\/\\\/www.veltec.eu\\\/en\\\/#organization\",\"name\":\"Veltec Kirby Specialist\",\"url\":\"https:\\\/\\\/www.veltec.eu\\\/en\\\/\",\"logo\":{\"@type\":\"ImageObject\",\"inLanguage\":\"fr-FR\",\"@id\":\"https:\\\/\\\/www.veltec.eu\\\/en\\\/#\\\/schema\\\/logo\\\/image\\\/\",\"url\":\"https:\\\/\\\/www.veltec.eu\\\/wp-content\\\/uploads\\\/2021\\\/12\\\/Veltec-log-groot-e1537260889125.png\",\"contentUrl\":\"https:\\\/\\\/www.veltec.eu\\\/wp-content\\\/uploads\\\/2021\\\/12\\\/Veltec-log-groot-e1537260889125.png\",\"width\":200,\"height\":60,\"caption\":\"Veltec Kirby Specialist\"},\"image\":{\"@id\":\"https:\\\/\\\/www.veltec.eu\\\/en\\\/#\\\/schema\\\/logo\\\/image\\\/\"},\"sameAs\":[\"https:\\\/\\\/www.facebook.com\\\/Veltec-Kirby-Specialist-236746293374877\\\/\",\"https:\\\/\\\/www.youtube.com\\\/user\\\/VeltecService\"]}]}<\/script>\n<!-- \/ Yoast SEO Premium plugin. -->","yoast_head_json":{"title":"Protecteur-d\u00e9flecteur sup\u00e9rieur de lampe Kirby - Veltec Kirby specialist","description":"Protecteur-d\u00e9flecteur sup\u00e9rieur de lampe Kirby - Veltec est le fournisseur des aspirateurs Kirby depuis plus de 25 ans. Pour reparations.","robots":{"index":"index","follow":"follow","max-snippet":"max-snippet:-1","max-image-preview":"max-image-preview:large","max-video-preview":"max-video-preview:-1"},"canonical":"https:\/\/www.veltec.eu\/fr\/product\/protecteur-deflecteur-superieur-de-lampe-kirby-nl3156\/","og_locale":"fr_FR","og_type":"article","og_title":"Protecteur-d\u00e9flecteur sup\u00e9rieur de lampe Kirby","og_description":"Protecteur-d\u00e9flecteur sup\u00e9rieur de lampe.    En stock   Command\u00e9 23:59, exp\u00e9di\u00e9 demain  &nbsp;","og_url":"https:\/\/www.veltec.eu\/fr\/product\/protecteur-deflecteur-superieur-de-lampe-kirby-nl3156\/","og_site_name":"Veltec Kirby specialist","article_publisher":"https:\/\/www.facebook.com\/Veltec-Kirby-Specialist-236746293374877\/","article_modified_time":"2026-04-13T11:07:59+00:00","og_image":[{"width":600,"height":600,"url":"https:\/\/www.veltec.eu\/wp-content\/uploads\/2018\/10\/Lamp-houder-Kirby.jpg","type":"image\/jpeg"}],"twitter_card":"summary_large_image","twitter_misc":{"Dur\u00e9e de lecture estim\u00e9e":"2 minutes"},"schema":{"@context":"https:\/\/schema.org","@graph":[{"@type":"WebPage","@id":"https:\/\/www.veltec.eu\/fr\/product\/protecteur-deflecteur-superieur-de-lampe-kirby-nl3156\/","url":"https:\/\/www.veltec.eu\/fr\/product\/protecteur-deflecteur-superieur-de-lampe-kirby-nl3156\/","name":"Protecteur-d\u00e9flecteur sup\u00e9rieur de lampe Kirby - Veltec Kirby specialist","isPartOf":{"@id":"https:\/\/www.veltec.eu\/en\/#website"},"primaryImageOfPage":{"@id":"https:\/\/www.veltec.eu\/fr\/product\/protecteur-deflecteur-superieur-de-lampe-kirby-nl3156\/#primaryimage"},"image":{"@id":"https:\/\/www.veltec.eu\/fr\/product\/protecteur-deflecteur-superieur-de-lampe-kirby-nl3156\/#primaryimage"},"thumbnailUrl":"https:\/\/www.veltec.eu\/wp-content\/uploads\/2018\/10\/Lamp-houder-Kirby.jpg","datePublished":"2018-10-30T08:21:32+00:00","dateModified":"2026-04-13T11:07:59+00:00","description":"Protecteur-d\u00e9flecteur sup\u00e9rieur de lampe Kirby - Veltec est le fournisseur des aspirateurs Kirby depuis plus de 25 ans. Pour reparations.","breadcrumb":{"@id":"https:\/\/www.veltec.eu\/fr\/product\/protecteur-deflecteur-superieur-de-lampe-kirby-nl3156\/#breadcrumb"},"inLanguage":"fr-FR","potentialAction":[{"@type":"ReadAction","target":["https:\/\/www.veltec.eu\/fr\/product\/protecteur-deflecteur-superieur-de-lampe-kirby-nl3156\/"]}]},{"@type":"ImageObject","inLanguage":"fr-FR","@id":"https:\/\/www.veltec.eu\/fr\/product\/protecteur-deflecteur-superieur-de-lampe-kirby-nl3156\/#primaryimage","url":"https:\/\/www.veltec.eu\/wp-content\/uploads\/2018\/10\/Lamp-houder-Kirby.jpg","contentUrl":"https:\/\/www.veltec.eu\/wp-content\/uploads\/2018\/10\/Lamp-houder-Kirby.jpg","width":600,"height":600},{"@type":"BreadcrumbList","@id":"https:\/\/www.veltec.eu\/fr\/product\/protecteur-deflecteur-superieur-de-lampe-kirby-nl3156\/#breadcrumb","itemListElement":[{"@type":"ListItem","position":1,"name":"Home","item":"https:\/\/www.veltec.eu\/fr\/accueil\/"},{"@type":"ListItem","position":2,"name":"Boutique Kirby","item":"https:\/\/www.veltec.eu\/fr\/boutique-kirby\/"},{"@type":"ListItem","position":3,"name":"Protecteur-d\u00e9flecteur sup\u00e9rieur de lampe Kirby"}]},{"@type":"WebSite","@id":"https:\/\/www.veltec.eu\/en\/#website","url":"https:\/\/www.veltec.eu\/en\/","name":"Veltec Kirby specialist","description":"Kirby stofzuiger producten","publisher":{"@id":"https:\/\/www.veltec.eu\/en\/#organization"},"potentialAction":[{"@type":"SearchAction","target":{"@type":"EntryPoint","urlTemplate":"https:\/\/www.veltec.eu\/en\/?s={search_term_string}"},"query-input":{"@type":"PropertyValueSpecification","valueRequired":true,"valueName":"search_term_string"}}],"inLanguage":"fr-FR"},{"@type":"Organization","@id":"https:\/\/www.veltec.eu\/en\/#organization","name":"Veltec Kirby Specialist","url":"https:\/\/www.veltec.eu\/en\/","logo":{"@type":"ImageObject","inLanguage":"fr-FR","@id":"https:\/\/www.veltec.eu\/en\/#\/schema\/logo\/image\/","url":"https:\/\/www.veltec.eu\/wp-content\/uploads\/2021\/12\/Veltec-log-groot-e1537260889125.png","contentUrl":"https:\/\/www.veltec.eu\/wp-content\/uploads\/2021\/12\/Veltec-log-groot-e1537260889125.png","width":200,"height":60,"caption":"Veltec Kirby Specialist"},"image":{"@id":"https:\/\/www.veltec.eu\/en\/#\/schema\/logo\/image\/"},"sameAs":["https:\/\/www.facebook.com\/Veltec-Kirby-Specialist-236746293374877\/","https:\/\/www.youtube.com\/user\/VeltecService"]}]}},"_links":{"self":[{"href":"https:\/\/www.veltec.eu\/fr\/wp-json\/wp\/v2\/product\/10319","targetHints":{"allow":["GET"]}}],"collection":[{"href":"https:\/\/www.veltec.eu\/fr\/wp-json\/wp\/v2\/product"}],"about":[{"href":"https:\/\/www.veltec.eu\/fr\/wp-json\/wp\/v2\/types\/product"}],"replies":[{"embeddable":true,"href":"https:\/\/www.veltec.eu\/fr\/wp-json\/wp\/v2\/comments?post=10319"}],"wp:featuredmedia":[{"embeddable":true,"href":"https:\/\/www.veltec.eu\/fr\/wp-json\/wp\/v2\/media\/90310"}],"wp:attachment":[{"href":"https:\/\/www.veltec.eu\/fr\/wp-json\/wp\/v2\/media?parent=10319"}],"wp:term":[{"taxonomy":"product_brand","embeddable":true,"href":"https:\/\/www.veltec.eu\/fr\/wp-json\/wp\/v2\/product_brand?post=10319"},{"taxonomy":"product_cat","embeddable":true,"href":"https:\/\/www.veltec.eu\/fr\/wp-json\/wp\/v2\/product_cat?post=10319"},{"taxonomy":"product_tag","embeddable":true,"href":"https:\/\/www.veltec.eu\/fr\/wp-json\/wp\/v2\/product_tag?post=10319"}],"curies":[{"name":"wp","href":"https:\/\/api.w.org\/{rel}","templated":true}]}}