{"id":10304,"date":"2018-10-30T10:26:56","date_gmt":"2018-10-30T08:26:56","guid":{"rendered":"https:\/\/www.veltec.eu\/kirby-webshop\/kirby-pakkingsring-voorzijde-nl220989\/"},"modified":"2025-04-08T12:49:45","modified_gmt":"2025-04-08T10:49:45","slug":"joint-de-carter-de-ventilateur-kirby","status":"publish","type":"product","link":"https:\/\/www.veltec.eu\/fr\/product\/joint-de-carter-de-ventilateur-kirby\/","title":{"rendered":"Joint de carter de ventilateur Kirby"},"content":{"rendered":"<h2>Joint de carter de ventilateur Kirby &#8211; Pour une connexion parfaitement \u00e9tanche<\/h2>\n<p>Pour tirer le meilleur parti de votre aspirateur Kirby, il est essentiel qu&#8217;il soit parfaitement \u00e9tanche. C&#8217;est pourquoi la Joint de carter de ventilateur Kirby est indispensable. Cette bague d&#8217;\u00e9tanch\u00e9it\u00e9 de haute qualit\u00e9 garantit que le tuyau se raccorde parfaitement \u00e0 la plaque frontale de votre Kirby. Vous \u00e9vitez ainsi les fuites d&#8217;air, la perte de puissance d&#8217;aspiration et l&#8217;usure inutile.<\/p>\n<p><strong>Cette joint de carter de ventilateur convient aux aspirateurs Kirby suivants ;<\/strong><\/p>\n<ul>\n<li>Avalir Platinum<\/li>\n<li>Avalir 2<\/li>\n<li>Avalir 1<\/li>\n<li>Sentria 2 (G10D)<\/li>\n<li>Sentria 1 (G10)<\/li>\n<li>Ultimate G Diamond Ed.(G7D or DE)<\/li>\n<li>Ultimate G (G7 or UG)<\/li>\n<li>Generation 6 (G6)<\/li>\n<li>Generation 5 (G5)<\/li>\n<li>Generation 4 (G4)<\/li>\n<li>Generation 3 (G3)<\/li>\n<\/ul>\n<p><a href=\"https:\/\/www.veltec.eu\/fr\/kirby-boitier\/\">Vous trouverez ici tous les bo\u00eetiers Kirby<\/a><\/p>\n<h3>Qu&#8217;est-ce que la Joint de carter de ventilateur Kirby ?<\/h3>\n<p>Le joint de carter de ventilateur est un anneau en caoutchouc sp\u00e9cialement con\u00e7u qui est plac\u00e9 autour de l&#8217;orifice situ\u00e9 \u00e0 l&#8217;avant de votre aspirateur Kirby. D\u00e8s que vous branchez le tuyau, cette bague assure une connexion ferme et parfaitement \u00e9tanche. La puissance d&#8217;aspiration est ainsi maintenue de mani\u00e8re optimale et votre aspirateur peut continuer \u00e0 fonctionner comme vous en avez l&#8217;habitude.<\/p>\n<p>Il est important de savoir que m\u00eame une petite fuite peut avoir un impact important sur les performances de votre aspirateur. C&#8217;est pourquoi cette bague d&#8217;\u00e9tanch\u00e9it\u00e9 est recommand\u00e9e comme pi\u00e8ce essentielle pour tout entretien ou r\u00e9vision.<\/p>\n<h2>Adaptation universelle \u00e0 tous les mod\u00e8les Kirby<\/h2>\n<p>Que vous ayez un ancien mod\u00e8le ou une variante plus r\u00e9cente, cette bague de joint s&#8217;adapte \u00e0 tous les aspirateurs Kirby. Gr\u00e2ce au mat\u00e9riau flexible et durable, la bague s&#8217;adapte parfaitement sans n\u00e9cessiter d&#8217;outils suppl\u00e9mentaires. Le remplacement de l&#8217;ancienne bague est donc simple et rapide.<\/p>\n<h3>Pourquoi cet anneau de joint est un investissement intelligent<\/h3>\n<p>Il y a plusieurs raisons pour lesquelles vous devriez choisir cet anneau de joint Kirby d&#8217;origine :<\/p>\n<ul>\n<li>Convient \u00e0 tous les mod\u00e8les Kirby &#8211; Vous n&#8217;avez pas \u00e0 vous demander s&#8217;il est adapt\u00e9.<\/li>\n<li>Maintient une puissance d&#8217;aspiration maximale &#8211; Pas de fuite, donc 100% de performance.<\/li>\n<li>Mat\u00e9riau durable &#8211; Dur\u00e9e de vie plus longue que les alternatives bon march\u00e9.<\/li>\n<li>Assemblage facile &#8211; Le remplacement ne prend que quelques minutes.<\/li>\n<\/ul>\n<h2>Quand est-il temps de remplacer votre anneau d&#8217;\u00e9tanch\u00e9it\u00e9 avant Kirby ?<\/h2>\n<p>Il est conseill\u00e9 de v\u00e9rifier r\u00e9guli\u00e8rement l&#8217;\u00e9tat de votre bague d&#8217;\u00e9tanch\u00e9it\u00e9. Si vous remarquez que le tuyau ne reste pas en place correctement ou si vous constatez une baisse sensible de la puissance d&#8217;aspiration, il y a de fortes chances que la bague actuelle soit us\u00e9e. Dans ce cas, il est conseill\u00e9 de la remplacer imm\u00e9diatement pour \u00e9viter d&#8217;autres dommages ou une perte de performance.<\/p>\n<h3>L&#8217;un des \u00e9l\u00e9ments d&#8217;un bon entretien<\/h3>\n<p>Un bon entretien permet non seulement de prolonger la dur\u00e9e de vie de votre aspirateur Kirby, mais aussi de r\u00e9duire les co\u00fbts \u00e0 long terme. C&#8217;est pourquoi un petit investissement comme cette bague de joint avant peut \u00e9viter de nombreux probl\u00e8mes et contribuer \u00e0 maintenir un syst\u00e8me en parfait \u00e9tat de marche.<\/p>\n<h2>Commandez votre Kirby Gasket Ring Front<\/h2>\n<p>D\u00e8s aujourd&#8217;hui N&#8217;attendez pas que la puissance d&#8217;aspiration diminue ou que les pi\u00e8ces commencent \u00e0 s&#8217;user. Commandez d\u00e8s aujourd&#8217;hui la bague de joint avant Kirby et constatez imm\u00e9diatement la diff\u00e9rence. En utilisant la bonne pi\u00e8ce, vous assurerez une meilleure performance, moins d&#8217;usure et une plus longue dur\u00e9e de vie \u00e0 votre aspirateur.<\/p>\n","protected":false},"excerpt":{"rendered":"<p>N&#8217;essayez pas de l&#8217;installer sur les balayeuses Kirby G4 ou Kirby G3 car l&#8217;extr\u00e9mit\u00e9 du tuyau qui est attach\u00e9e \u00e0 l&#8217;aspirateur Kirby est munie d&#8217;un joint qui la rend difficile \u00e0 verrouiller sur l&#8217;unit\u00e9. Vous risquez de casser le raccord du tuyau.<\/p>\n[trustindex data-widget-id=e3bb80b24fa128098b960fc2439]\n<h3><span style=\"color: #008000;\"><br \/>\nEn stock<\/span><\/h3>\n[av_font_icon icon='ue812' font='entypo-fontello' style='' caption='' size='25px' position='left' color='#43ad66' link='' linktarget='' title_attr='' sonar_effect_effect='' sonar_effect_color='' sonar_effect_duration='1' sonar_effect_scale='' sonar_effect_opac='0.5' animation='' id='' custom_class='' template_class='' av_uid='' sc_version='1.0' admin_preview_bg=''][\/av_font_icon]\n<p><span style=\"color: #008000;\">Command\u00e9 23:59, exp\u00e9di\u00e9 demain<\/span><\/p>\n<p>&nbsp;<\/p>\n","protected":false},"featured_media":90463,"comment_status":"open","ping_status":"closed","template":"","meta":{"_acf_changed":false},"product_brand":[],"product_cat":[304],"product_tag":[],"class_list":{"0":"post-10304","1":"product","2":"type-product","3":"status-publish","4":"has-post-thumbnail","6":"product_cat-kirby-boitier","7":"product_shipping_class-klein-de-fr","9":"first","10":"instock","11":"taxable","12":"shipping-taxable","13":"purchasable","14":"product-type-simple"},"acf":[],"yoast_head":"<!-- This site is optimized with the Yoast SEO Premium plugin v27.1 (Yoast SEO v27.4) - https:\/\/yoast.com\/product\/yoast-seo-premium-wordpress\/ -->\n<title>Joint de carter de ventilateur Kirby - Veltec Kirby specialist<\/title>\n<meta name=\"description\" content=\"Joint de carter de ventilateur Kirby - Veltec est le fournisseur des aspirateurs Kirby depuis plus de 25 ans. Et est votre sp\u00e9cialiste\" \/>\n<meta name=\"robots\" content=\"index, follow, max-snippet:-1, max-image-preview:large, max-video-preview:-1\" \/>\n<link rel=\"canonical\" href=\"https:\/\/www.veltec.eu\/fr\/product\/joint-de-carter-de-ventilateur-kirby\/\" \/>\n<meta property=\"og:locale\" content=\"fr_FR\" \/>\n<meta property=\"og:type\" content=\"article\" \/>\n<meta property=\"og:title\" content=\"Joint de carter de ventilateur Kirby\" \/>\n<meta property=\"og:description\" content=\"N&#039;essayez pas de l&#039;installer sur les balayeuses Kirby G4 ou Kirby G3 car l&#039;extr\u00e9mit\u00e9 du tuyau qui est attach\u00e9e \u00e0 l&#039;aspirateur Kirby est munie d&#039;un joint qui la rend difficile \u00e0 verrouiller sur l&#039;unit\u00e9. Vous risquez de casser le raccord du tuyau.    En stock   Command\u00e9 23:59, exp\u00e9di\u00e9 demain  &nbsp;\" \/>\n<meta property=\"og:url\" content=\"https:\/\/www.veltec.eu\/fr\/product\/joint-de-carter-de-ventilateur-kirby\/\" \/>\n<meta property=\"og:site_name\" content=\"Veltec Kirby specialist\" \/>\n<meta property=\"article:publisher\" content=\"https:\/\/www.facebook.com\/Veltec-Kirby-Specialist-236746293374877\/\" \/>\n<meta property=\"article:modified_time\" content=\"2025-04-08T10:49:45+00:00\" \/>\n<meta property=\"og:image\" content=\"https:\/\/www.veltec.eu\/wp-content\/uploads\/2018\/10\/20118108.jpg\" \/>\n\t<meta property=\"og:image:width\" content=\"300\" \/>\n\t<meta property=\"og:image:height\" content=\"300\" \/>\n\t<meta property=\"og:image:type\" content=\"image\/jpeg\" \/>\n<meta name=\"twitter:card\" content=\"summary_large_image\" \/>\n<meta name=\"twitter:label1\" content=\"Dur\u00e9e de lecture estim\u00e9e\" \/>\n\t<meta name=\"twitter:data1\" content=\"3 minutes\" \/>\n<script type=\"application\/ld+json\" class=\"yoast-schema-graph\">{\"@context\":\"https:\\\/\\\/schema.org\",\"@graph\":[{\"@type\":\"WebPage\",\"@id\":\"https:\\\/\\\/www.veltec.eu\\\/fr\\\/product\\\/joint-de-carter-de-ventilateur-kirby\\\/\",\"url\":\"https:\\\/\\\/www.veltec.eu\\\/fr\\\/product\\\/joint-de-carter-de-ventilateur-kirby\\\/\",\"name\":\"Joint de carter de ventilateur Kirby - Veltec Kirby specialist\",\"isPartOf\":{\"@id\":\"https:\\\/\\\/www.veltec.eu\\\/en\\\/#website\"},\"primaryImageOfPage\":{\"@id\":\"https:\\\/\\\/www.veltec.eu\\\/fr\\\/product\\\/joint-de-carter-de-ventilateur-kirby\\\/#primaryimage\"},\"image\":{\"@id\":\"https:\\\/\\\/www.veltec.eu\\\/fr\\\/product\\\/joint-de-carter-de-ventilateur-kirby\\\/#primaryimage\"},\"thumbnailUrl\":\"https:\\\/\\\/www.veltec.eu\\\/wp-content\\\/uploads\\\/2018\\\/10\\\/Kirby-pakkingsring1.jpg\",\"datePublished\":\"2018-10-30T08:26:56+00:00\",\"dateModified\":\"2025-04-08T10:49:45+00:00\",\"description\":\"Joint de carter de ventilateur Kirby - Veltec est le fournisseur des aspirateurs Kirby depuis plus de 25 ans. Et est votre sp\u00e9cialiste\",\"breadcrumb\":{\"@id\":\"https:\\\/\\\/www.veltec.eu\\\/fr\\\/product\\\/joint-de-carter-de-ventilateur-kirby\\\/#breadcrumb\"},\"inLanguage\":\"fr-FR\",\"potentialAction\":[{\"@type\":\"ReadAction\",\"target\":[\"https:\\\/\\\/www.veltec.eu\\\/fr\\\/product\\\/joint-de-carter-de-ventilateur-kirby\\\/\"]}]},{\"@type\":\"ImageObject\",\"inLanguage\":\"fr-FR\",\"@id\":\"https:\\\/\\\/www.veltec.eu\\\/fr\\\/product\\\/joint-de-carter-de-ventilateur-kirby\\\/#primaryimage\",\"url\":\"https:\\\/\\\/www.veltec.eu\\\/wp-content\\\/uploads\\\/2018\\\/10\\\/Kirby-pakkingsring1.jpg\",\"contentUrl\":\"https:\\\/\\\/www.veltec.eu\\\/wp-content\\\/uploads\\\/2018\\\/10\\\/Kirby-pakkingsring1.jpg\",\"width\":600,\"height\":600},{\"@type\":\"BreadcrumbList\",\"@id\":\"https:\\\/\\\/www.veltec.eu\\\/fr\\\/product\\\/joint-de-carter-de-ventilateur-kirby\\\/#breadcrumb\",\"itemListElement\":[{\"@type\":\"ListItem\",\"position\":1,\"name\":\"Home\",\"item\":\"https:\\\/\\\/www.veltec.eu\\\/fr\\\/\"},{\"@type\":\"ListItem\",\"position\":2,\"name\":\"Kirby Shop\",\"item\":\"https:\\\/\\\/www.veltec.eu\\\/nl\\\/shop-page\\\/\"},{\"@type\":\"ListItem\",\"position\":3,\"name\":\"Joint de carter de ventilateur Kirby\"}]},{\"@type\":\"WebSite\",\"@id\":\"https:\\\/\\\/www.veltec.eu\\\/en\\\/#website\",\"url\":\"https:\\\/\\\/www.veltec.eu\\\/en\\\/\",\"name\":\"Veltec Kirby specialist\",\"description\":\"Kirby stofzuiger producten\",\"publisher\":{\"@id\":\"https:\\\/\\\/www.veltec.eu\\\/en\\\/#organization\"},\"potentialAction\":[{\"@type\":\"SearchAction\",\"target\":{\"@type\":\"EntryPoint\",\"urlTemplate\":\"https:\\\/\\\/www.veltec.eu\\\/en\\\/?s={search_term_string}\"},\"query-input\":{\"@type\":\"PropertyValueSpecification\",\"valueRequired\":true,\"valueName\":\"search_term_string\"}}],\"inLanguage\":\"fr-FR\"},{\"@type\":\"Organization\",\"@id\":\"https:\\\/\\\/www.veltec.eu\\\/en\\\/#organization\",\"name\":\"Veltec Kirby Specialist\",\"url\":\"https:\\\/\\\/www.veltec.eu\\\/en\\\/\",\"logo\":{\"@type\":\"ImageObject\",\"inLanguage\":\"fr-FR\",\"@id\":\"https:\\\/\\\/www.veltec.eu\\\/en\\\/#\\\/schema\\\/logo\\\/image\\\/\",\"url\":\"https:\\\/\\\/www.veltec.eu\\\/wp-content\\\/uploads\\\/2021\\\/12\\\/Veltec-log-groot-e1537260889125.png\",\"contentUrl\":\"https:\\\/\\\/www.veltec.eu\\\/wp-content\\\/uploads\\\/2021\\\/12\\\/Veltec-log-groot-e1537260889125.png\",\"width\":200,\"height\":60,\"caption\":\"Veltec Kirby Specialist\"},\"image\":{\"@id\":\"https:\\\/\\\/www.veltec.eu\\\/en\\\/#\\\/schema\\\/logo\\\/image\\\/\"},\"sameAs\":[\"https:\\\/\\\/www.facebook.com\\\/Veltec-Kirby-Specialist-236746293374877\\\/\",\"https:\\\/\\\/www.youtube.com\\\/user\\\/VeltecService\"]}]}<\/script>\n<!-- \/ Yoast SEO Premium plugin. -->","yoast_head_json":{"title":"Joint de carter de ventilateur Kirby - Veltec Kirby specialist","description":"Joint de carter de ventilateur Kirby - Veltec est le fournisseur des aspirateurs Kirby depuis plus de 25 ans. Et est votre sp\u00e9cialiste","robots":{"index":"index","follow":"follow","max-snippet":"max-snippet:-1","max-image-preview":"max-image-preview:large","max-video-preview":"max-video-preview:-1"},"canonical":"https:\/\/www.veltec.eu\/fr\/product\/joint-de-carter-de-ventilateur-kirby\/","og_locale":"fr_FR","og_type":"article","og_title":"Joint de carter de ventilateur Kirby","og_description":"N'essayez pas de l'installer sur les balayeuses Kirby G4 ou Kirby G3 car l'extr\u00e9mit\u00e9 du tuyau qui est attach\u00e9e \u00e0 l'aspirateur Kirby est munie d'un joint qui la rend difficile \u00e0 verrouiller sur l'unit\u00e9. Vous risquez de casser le raccord du tuyau.    En stock   Command\u00e9 23:59, exp\u00e9di\u00e9 demain  &nbsp;","og_url":"https:\/\/www.veltec.eu\/fr\/product\/joint-de-carter-de-ventilateur-kirby\/","og_site_name":"Veltec Kirby specialist","article_publisher":"https:\/\/www.facebook.com\/Veltec-Kirby-Specialist-236746293374877\/","article_modified_time":"2025-04-08T10:49:45+00:00","og_image":[{"width":300,"height":300,"url":"https:\/\/www.veltec.eu\/wp-content\/uploads\/2018\/10\/20118108.jpg","type":"image\/jpeg"}],"twitter_card":"summary_large_image","twitter_misc":{"Dur\u00e9e de lecture estim\u00e9e":"3 minutes"},"schema":{"@context":"https:\/\/schema.org","@graph":[{"@type":"WebPage","@id":"https:\/\/www.veltec.eu\/fr\/product\/joint-de-carter-de-ventilateur-kirby\/","url":"https:\/\/www.veltec.eu\/fr\/product\/joint-de-carter-de-ventilateur-kirby\/","name":"Joint de carter de ventilateur Kirby - Veltec Kirby specialist","isPartOf":{"@id":"https:\/\/www.veltec.eu\/en\/#website"},"primaryImageOfPage":{"@id":"https:\/\/www.veltec.eu\/fr\/product\/joint-de-carter-de-ventilateur-kirby\/#primaryimage"},"image":{"@id":"https:\/\/www.veltec.eu\/fr\/product\/joint-de-carter-de-ventilateur-kirby\/#primaryimage"},"thumbnailUrl":"https:\/\/www.veltec.eu\/wp-content\/uploads\/2018\/10\/Kirby-pakkingsring1.jpg","datePublished":"2018-10-30T08:26:56+00:00","dateModified":"2025-04-08T10:49:45+00:00","description":"Joint de carter de ventilateur Kirby - Veltec est le fournisseur des aspirateurs Kirby depuis plus de 25 ans. Et est votre sp\u00e9cialiste","breadcrumb":{"@id":"https:\/\/www.veltec.eu\/fr\/product\/joint-de-carter-de-ventilateur-kirby\/#breadcrumb"},"inLanguage":"fr-FR","potentialAction":[{"@type":"ReadAction","target":["https:\/\/www.veltec.eu\/fr\/product\/joint-de-carter-de-ventilateur-kirby\/"]}]},{"@type":"ImageObject","inLanguage":"fr-FR","@id":"https:\/\/www.veltec.eu\/fr\/product\/joint-de-carter-de-ventilateur-kirby\/#primaryimage","url":"https:\/\/www.veltec.eu\/wp-content\/uploads\/2018\/10\/Kirby-pakkingsring1.jpg","contentUrl":"https:\/\/www.veltec.eu\/wp-content\/uploads\/2018\/10\/Kirby-pakkingsring1.jpg","width":600,"height":600},{"@type":"BreadcrumbList","@id":"https:\/\/www.veltec.eu\/fr\/product\/joint-de-carter-de-ventilateur-kirby\/#breadcrumb","itemListElement":[{"@type":"ListItem","position":1,"name":"Home","item":"https:\/\/www.veltec.eu\/fr\/"},{"@type":"ListItem","position":2,"name":"Kirby Shop","item":"https:\/\/www.veltec.eu\/nl\/shop-page\/"},{"@type":"ListItem","position":3,"name":"Joint de carter de ventilateur Kirby"}]},{"@type":"WebSite","@id":"https:\/\/www.veltec.eu\/en\/#website","url":"https:\/\/www.veltec.eu\/en\/","name":"Veltec Kirby specialist","description":"Kirby stofzuiger producten","publisher":{"@id":"https:\/\/www.veltec.eu\/en\/#organization"},"potentialAction":[{"@type":"SearchAction","target":{"@type":"EntryPoint","urlTemplate":"https:\/\/www.veltec.eu\/en\/?s={search_term_string}"},"query-input":{"@type":"PropertyValueSpecification","valueRequired":true,"valueName":"search_term_string"}}],"inLanguage":"fr-FR"},{"@type":"Organization","@id":"https:\/\/www.veltec.eu\/en\/#organization","name":"Veltec Kirby Specialist","url":"https:\/\/www.veltec.eu\/en\/","logo":{"@type":"ImageObject","inLanguage":"fr-FR","@id":"https:\/\/www.veltec.eu\/en\/#\/schema\/logo\/image\/","url":"https:\/\/www.veltec.eu\/wp-content\/uploads\/2021\/12\/Veltec-log-groot-e1537260889125.png","contentUrl":"https:\/\/www.veltec.eu\/wp-content\/uploads\/2021\/12\/Veltec-log-groot-e1537260889125.png","width":200,"height":60,"caption":"Veltec Kirby Specialist"},"image":{"@id":"https:\/\/www.veltec.eu\/en\/#\/schema\/logo\/image\/"},"sameAs":["https:\/\/www.facebook.com\/Veltec-Kirby-Specialist-236746293374877\/","https:\/\/www.youtube.com\/user\/VeltecService"]}]}},"_links":{"self":[{"href":"https:\/\/www.veltec.eu\/fr\/wp-json\/wp\/v2\/product\/10304","targetHints":{"allow":["GET"]}}],"collection":[{"href":"https:\/\/www.veltec.eu\/fr\/wp-json\/wp\/v2\/product"}],"about":[{"href":"https:\/\/www.veltec.eu\/fr\/wp-json\/wp\/v2\/types\/product"}],"replies":[{"embeddable":true,"href":"https:\/\/www.veltec.eu\/fr\/wp-json\/wp\/v2\/comments?post=10304"}],"wp:featuredmedia":[{"embeddable":true,"href":"https:\/\/www.veltec.eu\/fr\/wp-json\/wp\/v2\/media\/90463"}],"wp:attachment":[{"href":"https:\/\/www.veltec.eu\/fr\/wp-json\/wp\/v2\/media?parent=10304"}],"wp:term":[{"taxonomy":"product_brand","embeddable":true,"href":"https:\/\/www.veltec.eu\/fr\/wp-json\/wp\/v2\/product_brand?post=10304"},{"taxonomy":"product_cat","embeddable":true,"href":"https:\/\/www.veltec.eu\/fr\/wp-json\/wp\/v2\/product_cat?post=10304"},{"taxonomy":"product_tag","embeddable":true,"href":"https:\/\/www.veltec.eu\/fr\/wp-json\/wp\/v2\/product_tag?post=10304"}],"curies":[{"name":"wp","href":"https:\/\/api.w.org\/{rel}","templated":true}]}}