{"id":10299,"date":"2018-10-30T10:33:46","date_gmt":"2018-10-30T08:33:46","guid":{"rendered":"https:\/\/www.veltec.eu\/kirby-webshop\/silicone-afdichtlijm-voorzijde-nl1134567\/"},"modified":"2025-04-08T11:01:44","modified_gmt":"2025-04-08T09:01:44","slug":"adhesif-detancheite-au-silicone-nl1134567","status":"publish","type":"product","link":"https:\/\/www.veltec.eu\/fr\/product\/adhesif-detancheite-au-silicone-nl1134567\/","title":{"rendered":"Adh\u00e9sif d&#8217;\u00e9tanch\u00e9it\u00e9 au silicone"},"content":{"rendered":"<h2>Adh\u00e9sif d&#8217;\u00e9tanch\u00e9it\u00e9 au silicone &#8211; Pour une \u00e9tanch\u00e9it\u00e9 parfaite et durable de votre aspirateur Kirby<\/h2>\n<p>Si vous cherchez une solution fiable pour \u00e9viter les fuites d&#8217;air et l&#8217;infiltration de salet\u00e9s sur votre aspirateur Kirby, le Adh\u00e9sif d&#8217;\u00e9tanch\u00e9it\u00e9 au silicone est exactement ce qu&#8217;il vous faut. Cette colle d&#8217;\u00e9tanch\u00e9it\u00e9 de haute qualit\u00e9 a \u00e9t\u00e9 sp\u00e9cialement con\u00e7ue pour une \u00e9tanch\u00e9it\u00e9 parfaite de la fa\u00e7ade de votre aspirateur Kirby, afin de vous garantir un fonctionnement optimal et une hygi\u00e8ne maximale.<\/p>\n<p><strong>Cette colle d&#8217;\u00e9tanch\u00e9it\u00e9 en silicone convient \u00e0 tous les aspirateurs Kirby ;<\/strong><\/p>\n<ul>\n<li>Avalir Platinum<\/li>\n<li>Avalir 2<\/li>\n<li>Avalir 1<\/li>\n<li>Sentria 2 (G10D)<\/li>\n<li>Sentria 1 (G10)<\/li>\n<li>Ultimate G Diamond Ed.(G7D or DE)<\/li>\n<li>Ultimate G (G7 or UG)<\/li>\n<li>Generation 6 (G6)<\/li>\n<li>Generation 5 (G5)<\/li>\n<li>Generation 4 (G4)<\/li>\n<li>Generation 3 (G3)<\/li>\n<\/ul>\n<p><a href=\"https:\/\/www.veltec.eu\/fr\/kirby-boitier\/\">Vous trouverez ici tous les bo\u00eetiers Kirby<\/a><\/p>\n<h3>Qu&#8217;est-ce que l&#8217;adh\u00e9sif de scellement en silicone avant ?<\/h3>\n<p>Le Silicone Sealing Adhesive Front est un adh\u00e9sif silicone flexible et r\u00e9sistant que vous pouvez facilement utiliser pour fixer une nouvelle plaque frontale. En outre, cet adh\u00e9sif est id\u00e9al pour colmater les trous ou les interstices existants dans le bo\u00eetier. Comme cet adh\u00e9sif donne un r\u00e9sultat \u00e9lastique mais \u00e9tanche \u00e0 l&#8217;air apr\u00e8s durcissement, vous emp\u00eachez la poussi\u00e8re, la salet\u00e9 ou l&#8217;air non filtr\u00e9 de s&#8217;\u00e9chapper.<\/p>\n<h3>Caract\u00e9ristiques principales :<\/h3>\n<p>Sp\u00e9cialement con\u00e7u pour les aspirateurs Kirby<\/p>\n<ul>\n<li>R\u00e9sistant \u00e0 la chaleur, aux vibrations et \u00e0 l&#8217;accumulation de poussi\u00e8re<\/li>\n<li>Flexible et facile \u00e0 appliquer<\/li>\n<li>Assure une \u00e9tanch\u00e9it\u00e9 durable et fiable<\/li>\n<\/ul>\n<p>Gr\u00e2ce \u00e0 la polyvalence de cet adh\u00e9sif, vous pouvez l&#8217;utiliser \u00e0 la fois de mani\u00e8re pr\u00e9ventive lors de l&#8217;assemblage et de mani\u00e8re corrective pour les fuites mineures ou les dommages.<\/p>\n<h2>Applications de l&#8217;adh\u00e9sif d&#8217;\u00e9tanch\u00e9it\u00e9 \u00e0 la silicone Avant<\/h2>\n<h3>Lors de l&#8217;installation d&#8217;une nouvelle plaque avant<\/h3>\n<p>Lorsque vous fixez une nouvelle plaque avant sur votre aspirateur Kirby, il est essentiel qu&#8217;elle s&#8217;adapte parfaitement \u00e0 la partie inf\u00e9rieure de l&#8217;appareil. En appliquant l&#8217;adh\u00e9sif d&#8217;\u00e9tanch\u00e9it\u00e9 en silicone avant, vous \u00e9viterez tout \u00e9cart ou jeu susceptible d&#8217;affecter la puissance d&#8217;aspiration. De plus, l&#8217;adh\u00e9sif garantit l&#8217;\u00e9tanch\u00e9it\u00e9 du raccord, m\u00eame apr\u00e8s une utilisation prolong\u00e9e.<\/p>\n<h3>Pour l&#8217;entretien et les petites r\u00e9parations<\/h3>\n<p>En plus d&#8217;\u00eatre utilis\u00e9e pour les nouvelles pi\u00e8ces, cette colle d&#8217;\u00e9tanch\u00e9it\u00e9 est id\u00e9ale pour colmater les fissures, les trous ou les raccords desserr\u00e9s existants. Cela permet non seulement de prolonger la dur\u00e9e de vie de votre appareil, mais aussi d&#8217;\u00e9viter que des particules de salet\u00e9 ne s&#8217;accumulent dans des endroits non d\u00e9sir\u00e9s.<\/p>\n<p>Comme l&#8217;adh\u00e9sif r\u00e9siste \u00e0 l&#8217;accumulation de poussi\u00e8re, aux fluctuations de temp\u00e9rature et aux vibrations du moteur, le joint restera longtemps en parfait \u00e9tat.<\/p>\n<h2>Pourquoi choisir cet adh\u00e9sif d&#8217;\u00e9tanch\u00e9it\u00e9 en silicone ?<\/h2>\n<p>Si vous appr\u00e9ciez la durabilit\u00e9, la fiabilit\u00e9 et la facilit\u00e9 d&#8217;application, cet adh\u00e9sif est un choix logique. L&#8217;adh\u00e9sif pour joint de silicone avant \u00e9tant compatible avec tous les mod\u00e8les d&#8217;aspirateurs Kirby, vous n&#8217;avez pas \u00e0 vous soucier de son ad\u00e9quation ou de ses performances.<\/p>\n<h3>Les avantages en un coup d&#8217;\u0153il :<\/h3>\n<ul>\n<li>Pas de perte d&#8217;air, donc une meilleure puissance d&#8217;aspiration<\/li>\n<li>Pas d&#8217;accumulation de salet\u00e9s dans le bo\u00eetier<\/li>\n<li>Facile \u00e0 appliquer soi-m\u00eame, sans outils sp\u00e9ciaux<\/li>\n<li>R\u00e9sistant \u00e0 l&#8217;usure, \u00e0 l&#8217;humidit\u00e9 et aux fluctuations de temp\u00e9rature<\/li>\n<\/ul>\n<p>Si vous voulez \u00eatre s\u00fbr d&#8217;une \u00e9tanch\u00e9it\u00e9 durable et efficace pour votre aspirateur Kirby, cet adh\u00e9sif est indispensable dans votre kit d&#8217;entretien.<\/p>\n<h2>Commandez maintenant et constatez la diff\u00e9rence<\/h2>\n<p>N&#8217;h\u00e9sitez plus et choisissez la s\u00e9curit\u00e9 avec l&#8217;adh\u00e9sif d&#8217;\u00e9tanch\u00e9it\u00e9 en silicone pour la plaque avant. Que vous installiez une nouvelle plaque frontale ou que vous fassiez une r\u00e9paration mineure, cet adh\u00e9sif assurera une \u00e9tanch\u00e9it\u00e9 parfaite qui durera des ann\u00e9es. Commandez d\u00e8s aujourd&#8217;hui et b\u00e9n\u00e9ficiez d&#8217;un meilleur fonctionnement de votre aspirateur Kirby !<\/p>\n","protected":false},"excerpt":{"rendered":"<p>Appliquez l&#8217;adh\u00e9sif d&#8217;\u00e9tanch\u00e9it\u00e9 au silicone sur le bord de la fa\u00e7ade de Kirby et vissez-la ensuite.<br \/>\nCela garantit une fermeture herm\u00e9tique de la face avant, de sorte que l&#8217;air ne peut plus passer.<\/p>\n<p>85 ml.<\/p>\n[trustindex data-widget-id=e3bb80b24fa128098b960fc2439]\n<h3><span style=\"color: #008000;\"><br \/>\nEn stock<\/span><\/h3>\n[av_font_icon icon='ue812' font='entypo-fontello' style='' caption='' size='25px' position='left' color='#43ad66' link='' linktarget='' title_attr='' sonar_effect_effect='' sonar_effect_color='' sonar_effect_duration='1' sonar_effect_scale='' sonar_effect_opac='0.5' animation='' id='' custom_class='' template_class='' av_uid='' sc_version='1.0' admin_preview_bg=''][\/av_font_icon]\n<p><span style=\"color: #008000;\">Command\u00e9 23:59, exp\u00e9di\u00e9 demain<\/span><\/p>\n<p>&nbsp;<\/p>\n","protected":false},"featured_media":39966,"comment_status":"open","ping_status":"closed","template":"","meta":[],"product_brand":[],"product_cat":[304],"product_tag":[],"class_list":{"0":"post-10299","1":"product","2":"type-product","3":"status-publish","4":"has-post-thumbnail","6":"product_cat-kirby-boitier","7":"product_shipping_class-klein-de-fr","9":"first","10":"instock","11":"taxable","12":"shipping-taxable","13":"purchasable","14":"product-type-simple"},"yoast_head":"<!-- This site is optimized with the Yoast SEO Premium plugin v27.1 (Yoast SEO v27.2) - https:\/\/yoast.com\/product\/yoast-seo-premium-wordpress\/ -->\n<title>Adh\u00e9sif d&#039;\u00e9tanch\u00e9it\u00e9 au silicone - Veltec Kirby specialist<\/title>\n<meta name=\"description\" content=\"Adh\u00e9sif d&#039;\u00e9tanch\u00e9it\u00e9 au silicone - Veltec est le fournisseur des aspirateurs Kirby depuis plus de 25 ans. Et est votre sp\u00e9cialiste de confiance\" \/>\n<meta name=\"robots\" content=\"index, follow, max-snippet:-1, max-image-preview:large, max-video-preview:-1\" \/>\n<link rel=\"canonical\" href=\"https:\/\/www.veltec.eu\/nl\/product\/silicone-afdichtlijm-voorzijde-nl1134567\/\" \/>\n<meta property=\"og:locale\" content=\"fr_FR\" \/>\n<meta property=\"og:type\" content=\"article\" \/>\n<meta property=\"og:title\" content=\"Adh\u00e9sif d&#039;\u00e9tanch\u00e9it\u00e9 au silicone\" \/>\n<meta property=\"og:description\" content=\"Appliquez l&#039;adh\u00e9sif d&#039;\u00e9tanch\u00e9it\u00e9 au silicone sur le bord de la fa\u00e7ade de Kirby et vissez-la ensuite. Cela garantit une fermeture herm\u00e9tique de la face avant, de sorte que l&#039;air ne peut plus passer.  85 ml.    En stock   Command\u00e9 23:59, exp\u00e9di\u00e9 demain  &nbsp;\" \/>\n<meta property=\"og:url\" content=\"https:\/\/www.veltec.eu\/nl\/product\/silicone-afdichtlijm-voorzijde-nl1134567\/\" \/>\n<meta property=\"og:site_name\" content=\"Veltec Kirby specialist\" \/>\n<meta property=\"article:publisher\" content=\"https:\/\/www.facebook.com\/Veltec-Kirby-Specialist-236746293374877\/\" \/>\n<meta property=\"article:modified_time\" content=\"2025-04-08T09:01:44+00:00\" \/>\n<meta property=\"og:image\" content=\"https:\/\/www.veltec.eu\/wp-content\/uploads\/2018\/10\/h-preview.jpg\" \/>\n\t<meta property=\"og:image:width\" content=\"500\" \/>\n\t<meta property=\"og:image:height\" content=\"500\" \/>\n\t<meta property=\"og:image:type\" content=\"image\/jpeg\" \/>\n<meta name=\"twitter:card\" content=\"summary_large_image\" \/>\n<meta name=\"twitter:label1\" content=\"Dur\u00e9e de lecture estim\u00e9e\" \/>\n\t<meta name=\"twitter:data1\" content=\"3 minutes\" \/>\n<script type=\"application\/ld+json\" class=\"yoast-schema-graph\">{\"@context\":\"https:\/\/schema.org\",\"@graph\":[{\"@type\":\"WebPage\",\"@id\":\"https:\/\/www.veltec.eu\/nl\/product\/silicone-afdichtlijm-voorzijde-nl1134567\/\",\"url\":\"https:\/\/www.veltec.eu\/nl\/product\/silicone-afdichtlijm-voorzijde-nl1134567\/\",\"name\":\"Adh\u00e9sif d'\u00e9tanch\u00e9it\u00e9 au silicone - Veltec Kirby specialist\",\"isPartOf\":{\"@id\":\"https:\/\/www.veltec.eu\/en\/#website\"},\"primaryImageOfPage\":{\"@id\":\"https:\/\/www.veltec.eu\/nl\/product\/silicone-afdichtlijm-voorzijde-nl1134567\/#primaryimage\"},\"image\":{\"@id\":\"https:\/\/www.veltec.eu\/nl\/product\/silicone-afdichtlijm-voorzijde-nl1134567\/#primaryimage\"},\"thumbnailUrl\":\"https:\/\/www.veltec.eu\/wp-content\/uploads\/2018\/10\/h-preview.jpg\",\"datePublished\":\"2018-10-30T08:33:46+00:00\",\"dateModified\":\"2025-04-08T09:01:44+00:00\",\"description\":\"Adh\u00e9sif d'\u00e9tanch\u00e9it\u00e9 au silicone - Veltec est le fournisseur des aspirateurs Kirby depuis plus de 25 ans. Et est votre sp\u00e9cialiste de confiance\",\"breadcrumb\":{\"@id\":\"https:\/\/www.veltec.eu\/nl\/product\/silicone-afdichtlijm-voorzijde-nl1134567\/#breadcrumb\"},\"inLanguage\":\"fr-FR\",\"potentialAction\":[{\"@type\":\"ReadAction\",\"target\":[\"https:\/\/www.veltec.eu\/nl\/product\/silicone-afdichtlijm-voorzijde-nl1134567\/\"]}]},{\"@type\":\"ImageObject\",\"inLanguage\":\"fr-FR\",\"@id\":\"https:\/\/www.veltec.eu\/nl\/product\/silicone-afdichtlijm-voorzijde-nl1134567\/#primaryimage\",\"url\":\"https:\/\/www.veltec.eu\/wp-content\/uploads\/2018\/10\/h-preview.jpg\",\"contentUrl\":\"https:\/\/www.veltec.eu\/wp-content\/uploads\/2018\/10\/h-preview.jpg\",\"width\":500,\"height\":500},{\"@type\":\"BreadcrumbList\",\"@id\":\"https:\/\/www.veltec.eu\/nl\/product\/silicone-afdichtlijm-voorzijde-nl1134567\/#breadcrumb\",\"itemListElement\":[{\"@type\":\"ListItem\",\"position\":1,\"name\":\"Home\",\"item\":\"https:\/\/www.veltec.eu\/fr\/\"},{\"@type\":\"ListItem\",\"position\":2,\"name\":\"Produits\",\"item\":\"https:\/\/www.veltec.eu\/fr\/shop\/\"},{\"@type\":\"ListItem\",\"position\":3,\"name\":\"Adh\u00e9sif d&#8217;\u00e9tanch\u00e9it\u00e9 au silicone\"}]},{\"@type\":\"WebSite\",\"@id\":\"https:\/\/www.veltec.eu\/en\/#website\",\"url\":\"https:\/\/www.veltec.eu\/en\/\",\"name\":\"Veltec Kirby specialist\",\"description\":\"Kirby stofzuiger producten\",\"publisher\":{\"@id\":\"https:\/\/www.veltec.eu\/en\/#organization\"},\"potentialAction\":[{\"@type\":\"SearchAction\",\"target\":{\"@type\":\"EntryPoint\",\"urlTemplate\":\"https:\/\/www.veltec.eu\/en\/?s={search_term_string}\"},\"query-input\":{\"@type\":\"PropertyValueSpecification\",\"valueRequired\":true,\"valueName\":\"search_term_string\"}}],\"inLanguage\":\"fr-FR\"},{\"@type\":\"Organization\",\"@id\":\"https:\/\/www.veltec.eu\/en\/#organization\",\"name\":\"Veltec Kirby Specialist\",\"url\":\"https:\/\/www.veltec.eu\/en\/\",\"logo\":{\"@type\":\"ImageObject\",\"inLanguage\":\"fr-FR\",\"@id\":\"https:\/\/www.veltec.eu\/en\/#\/schema\/logo\/image\/\",\"url\":\"https:\/\/www.veltec.eu\/wp-content\/uploads\/2021\/12\/Veltec-log-groot-e1537260889125.png\",\"contentUrl\":\"https:\/\/www.veltec.eu\/wp-content\/uploads\/2021\/12\/Veltec-log-groot-e1537260889125.png\",\"width\":200,\"height\":60,\"caption\":\"Veltec Kirby Specialist\"},\"image\":{\"@id\":\"https:\/\/www.veltec.eu\/en\/#\/schema\/logo\/image\/\"},\"sameAs\":[\"https:\/\/www.facebook.com\/Veltec-Kirby-Specialist-236746293374877\/\",\"https:\/\/www.youtube.com\/user\/VeltecService\"]}]}<\/script>\n<!-- \/ Yoast SEO Premium plugin. -->","yoast_head_json":{"title":"Adh\u00e9sif d'\u00e9tanch\u00e9it\u00e9 au silicone - Veltec Kirby specialist","description":"Adh\u00e9sif d'\u00e9tanch\u00e9it\u00e9 au silicone - Veltec est le fournisseur des aspirateurs Kirby depuis plus de 25 ans. Et est votre sp\u00e9cialiste de confiance","robots":{"index":"index","follow":"follow","max-snippet":"max-snippet:-1","max-image-preview":"max-image-preview:large","max-video-preview":"max-video-preview:-1"},"canonical":"https:\/\/www.veltec.eu\/nl\/product\/silicone-afdichtlijm-voorzijde-nl1134567\/","og_locale":"fr_FR","og_type":"article","og_title":"Adh\u00e9sif d'\u00e9tanch\u00e9it\u00e9 au silicone","og_description":"Appliquez l'adh\u00e9sif d'\u00e9tanch\u00e9it\u00e9 au silicone sur le bord de la fa\u00e7ade de Kirby et vissez-la ensuite. Cela garantit une fermeture herm\u00e9tique de la face avant, de sorte que l'air ne peut plus passer.  85 ml.    En stock   Command\u00e9 23:59, exp\u00e9di\u00e9 demain  &nbsp;","og_url":"https:\/\/www.veltec.eu\/nl\/product\/silicone-afdichtlijm-voorzijde-nl1134567\/","og_site_name":"Veltec Kirby specialist","article_publisher":"https:\/\/www.facebook.com\/Veltec-Kirby-Specialist-236746293374877\/","article_modified_time":"2025-04-08T09:01:44+00:00","og_image":[{"width":500,"height":500,"url":"https:\/\/www.veltec.eu\/wp-content\/uploads\/2018\/10\/h-preview.jpg","type":"image\/jpeg"}],"twitter_card":"summary_large_image","twitter_misc":{"Dur\u00e9e de lecture estim\u00e9e":"3 minutes"},"schema":{"@context":"https:\/\/schema.org","@graph":[{"@type":"WebPage","@id":"https:\/\/www.veltec.eu\/nl\/product\/silicone-afdichtlijm-voorzijde-nl1134567\/","url":"https:\/\/www.veltec.eu\/nl\/product\/silicone-afdichtlijm-voorzijde-nl1134567\/","name":"Adh\u00e9sif d'\u00e9tanch\u00e9it\u00e9 au silicone - Veltec Kirby specialist","isPartOf":{"@id":"https:\/\/www.veltec.eu\/en\/#website"},"primaryImageOfPage":{"@id":"https:\/\/www.veltec.eu\/nl\/product\/silicone-afdichtlijm-voorzijde-nl1134567\/#primaryimage"},"image":{"@id":"https:\/\/www.veltec.eu\/nl\/product\/silicone-afdichtlijm-voorzijde-nl1134567\/#primaryimage"},"thumbnailUrl":"https:\/\/www.veltec.eu\/wp-content\/uploads\/2018\/10\/h-preview.jpg","datePublished":"2018-10-30T08:33:46+00:00","dateModified":"2025-04-08T09:01:44+00:00","description":"Adh\u00e9sif d'\u00e9tanch\u00e9it\u00e9 au silicone - Veltec est le fournisseur des aspirateurs Kirby depuis plus de 25 ans. Et est votre sp\u00e9cialiste de confiance","breadcrumb":{"@id":"https:\/\/www.veltec.eu\/nl\/product\/silicone-afdichtlijm-voorzijde-nl1134567\/#breadcrumb"},"inLanguage":"fr-FR","potentialAction":[{"@type":"ReadAction","target":["https:\/\/www.veltec.eu\/nl\/product\/silicone-afdichtlijm-voorzijde-nl1134567\/"]}]},{"@type":"ImageObject","inLanguage":"fr-FR","@id":"https:\/\/www.veltec.eu\/nl\/product\/silicone-afdichtlijm-voorzijde-nl1134567\/#primaryimage","url":"https:\/\/www.veltec.eu\/wp-content\/uploads\/2018\/10\/h-preview.jpg","contentUrl":"https:\/\/www.veltec.eu\/wp-content\/uploads\/2018\/10\/h-preview.jpg","width":500,"height":500},{"@type":"BreadcrumbList","@id":"https:\/\/www.veltec.eu\/nl\/product\/silicone-afdichtlijm-voorzijde-nl1134567\/#breadcrumb","itemListElement":[{"@type":"ListItem","position":1,"name":"Home","item":"https:\/\/www.veltec.eu\/fr\/"},{"@type":"ListItem","position":2,"name":"Produits","item":"https:\/\/www.veltec.eu\/fr\/shop\/"},{"@type":"ListItem","position":3,"name":"Adh\u00e9sif d&#8217;\u00e9tanch\u00e9it\u00e9 au silicone"}]},{"@type":"WebSite","@id":"https:\/\/www.veltec.eu\/en\/#website","url":"https:\/\/www.veltec.eu\/en\/","name":"Veltec Kirby specialist","description":"Kirby stofzuiger producten","publisher":{"@id":"https:\/\/www.veltec.eu\/en\/#organization"},"potentialAction":[{"@type":"SearchAction","target":{"@type":"EntryPoint","urlTemplate":"https:\/\/www.veltec.eu\/en\/?s={search_term_string}"},"query-input":{"@type":"PropertyValueSpecification","valueRequired":true,"valueName":"search_term_string"}}],"inLanguage":"fr-FR"},{"@type":"Organization","@id":"https:\/\/www.veltec.eu\/en\/#organization","name":"Veltec Kirby Specialist","url":"https:\/\/www.veltec.eu\/en\/","logo":{"@type":"ImageObject","inLanguage":"fr-FR","@id":"https:\/\/www.veltec.eu\/en\/#\/schema\/logo\/image\/","url":"https:\/\/www.veltec.eu\/wp-content\/uploads\/2021\/12\/Veltec-log-groot-e1537260889125.png","contentUrl":"https:\/\/www.veltec.eu\/wp-content\/uploads\/2021\/12\/Veltec-log-groot-e1537260889125.png","width":200,"height":60,"caption":"Veltec Kirby Specialist"},"image":{"@id":"https:\/\/www.veltec.eu\/en\/#\/schema\/logo\/image\/"},"sameAs":["https:\/\/www.facebook.com\/Veltec-Kirby-Specialist-236746293374877\/","https:\/\/www.youtube.com\/user\/VeltecService"]}]}},"_links":{"self":[{"href":"https:\/\/www.veltec.eu\/fr\/wp-json\/wp\/v2\/product\/10299","targetHints":{"allow":["GET"]}}],"collection":[{"href":"https:\/\/www.veltec.eu\/fr\/wp-json\/wp\/v2\/product"}],"about":[{"href":"https:\/\/www.veltec.eu\/fr\/wp-json\/wp\/v2\/types\/product"}],"replies":[{"embeddable":true,"href":"https:\/\/www.veltec.eu\/fr\/wp-json\/wp\/v2\/comments?post=10299"}],"wp:featuredmedia":[{"embeddable":true,"href":"https:\/\/www.veltec.eu\/fr\/wp-json\/wp\/v2\/media\/39966"}],"wp:attachment":[{"href":"https:\/\/www.veltec.eu\/fr\/wp-json\/wp\/v2\/media?parent=10299"}],"wp:term":[{"taxonomy":"product_brand","embeddable":true,"href":"https:\/\/www.veltec.eu\/fr\/wp-json\/wp\/v2\/product_brand?post=10299"},{"taxonomy":"product_cat","embeddable":true,"href":"https:\/\/www.veltec.eu\/fr\/wp-json\/wp\/v2\/product_cat?post=10299"},{"taxonomy":"product_tag","embeddable":true,"href":"https:\/\/www.veltec.eu\/fr\/wp-json\/wp\/v2\/product_tag?post=10299"}],"curies":[{"name":"wp","href":"https:\/\/api.w.org\/{rel}","templated":true}]}}