{"id":10254,"date":"2018-10-30T10:45:59","date_gmt":"2018-10-30T08:45:59","guid":{"rendered":"https:\/\/www.veltec.eu\/kirby-webshop\/kirby-behuizing-gereconditioneerd-nl266778\/"},"modified":"2025-03-31T14:55:23","modified_gmt":"2025-03-31T12:55:23","slug":"kirby-boitier-reconditionne-nl266778","status":"publish","type":"product","link":"https:\/\/www.veltec.eu\/fr\/product\/kirby-boitier-reconditionne-nl266778\/","title":{"rendered":"Kirby Bo\u00eetier Reconditionn\u00e9"},"content":{"rendered":"<h1>Kirby Bo\u00eetier Reconditionn\u00e9<\/h1>\n<p>Kirby Bo\u00eetier Reconditionn\u00e9 &#8211; Bo\u00eetier avant et inf\u00e9rieur complet avec l&#8217;arbre de roue et les roues.<br \/>\nIl s&#8217;agit d&#8217;une pi\u00e8ce d&#8217;occasion, qui n&#8217;est donc pas neuve. !!!<br \/>\nCe produit a \u00e9t\u00e9 nettoy\u00e9 et le joint entre l&#8217;avant et le dessous a \u00e9t\u00e9 v\u00e9rifi\u00e9.<br \/>\nL&#8217;essieu avant a \u00e9t\u00e9 d\u00e9mont\u00e9 et nettoy\u00e9, et un nouveau ressort a \u00e9t\u00e9 mont\u00e9 dans l&#8217;essieu avant du cric.<br \/>\nLes roues ont \u00e9t\u00e9 nettoy\u00e9es et de nouvelles protections ont \u00e9t\u00e9 pos\u00e9es si n\u00e9cessaire.<\/p>\n<p>Ce produit a \u00e9t\u00e9 jug\u00e9 100 % OK et est assorti d&#8217;une garantie compl\u00e8te de 2 ans.<\/p>\n<p><strong>Ce bo\u00eetier convient \u00e0 tous les aspirateurs Kirby ;<\/strong><\/p>\n<ul>\n<li>Avalir Platinum<\/li>\n<li>Avalir 2<\/li>\n<li>Avalir 1<\/li>\n<li>Sentria 2 (G10D)<\/li>\n<li>Sentria 1 (G10)<\/li>\n<li>Ultimate G Diamond Ed.(G7D or DE)<\/li>\n<li>Ultimate G (G7 or UG)<\/li>\n<li>Generation 6 (G6)<\/li>\n<li>Generation 5 (G5)<\/li>\n<li>Generation 4 (G4)<\/li>\n<li>Generation 3 (G3)<\/li>\n<\/ul>\n<h2>Kirby Bo\u00eetier Reconditionn\u00e9 &#8211; Remplacement parfait pour votre aspirateur<\/h2>\n<p>Vous cherchez un remplacement durable et fiable pour le bo\u00eetier de votre aspirateur Kirby ? Notre carter Kirby reconditionn\u00e9 est la solution id\u00e9ale ! Ce kit complet comprend l&#8217;avant et le bas du carter, y compris l&#8217;axe de roue et les roues. Ce produit est enti\u00e8rement reconditionn\u00e9 et offre la m\u00eame qualit\u00e9 qu&#8217;une pi\u00e8ce neuve, mais \u00e0 un prix plus \u00e9conomique.<\/p>\n<p><a href=\"https:\/\/www.veltec.eu\/fr\/kirby-boitier\/\">Vous trouverez ici tous les bo\u00eetiers Kirby<\/a><\/p>\n<h3>Pourquoi choisir un bo\u00eetier Kirby reconditionn\u00e9 ?<\/h3>\n<p>Un aspirateur comme Kirby est connu pour sa longue dur\u00e9e de vie et ses performances. N\u00e9anmoins, certaines pi\u00e8ces peuvent s&#8217;user avec le temps. En choisissant un carter reconditionn\u00e9, vous b\u00e9n\u00e9ficierez des avantages suivants :<\/p>\n<ul>\n<li>Nettoyage et contr\u00f4le minutieux &#8211; Le bo\u00eetier a \u00e9t\u00e9 enti\u00e8rement nettoy\u00e9 et d\u00e9barrass\u00e9 de la salet\u00e9 et des r\u00e9sidus de poussi\u00e8re.<\/li>\n<li>Nouveau joint si n\u00e9cessaire &#8211; Le joint entre l&#8217;avant et le fond est v\u00e9rifi\u00e9 et referm\u00e9 si n\u00e9cessaire pour une \u00e9tanch\u00e9it\u00e9 optimale.<\/li>\n<li>R\u00e9vision de l&#8217;essieu avant &#8211; L&#8217;essieu avant est soigneusement d\u00e9mont\u00e9 et nettoy\u00e9 afin d&#8217;assurer son bon fonctionnement.<\/li>\n<li>Ressort neuf &#8211; Un ressort neuf est plac\u00e9 dans le v\u00e9rin de l&#8217;essieu avant afin d&#8217;assurer un bon fonctionnement.<\/li>\n<li>R\u00e9vision des roues &#8211; Les roues sont nettoy\u00e9es et dot\u00e9es de nouvelles protections si n\u00e9cessaire.<\/li>\n<li>Garantie compl\u00e8te de deux ans &#8211; Vous b\u00e9n\u00e9ficiez d&#8217;une garantie de 24 mois sur ce produit, ce qui vous assure un achat en toute s\u00e9r\u00e9nit\u00e9.<\/li>\n<\/ul>\n<h3>Compatibilit\u00e9 &#8211; Convient \u00e0 tous les aspirateurs Kirby<\/h3>\n<p>Ce bo\u00eetier reconditionn\u00e9 convient \u00e0 tous les aspirateurs Kirby. Quel que soit le mod\u00e8le que vous utilisez, vous pouvez \u00eatre s\u00fbr que ce bo\u00eetier s&#8217;adaptera parfaitement. Gr\u00e2ce \u00e0 un reconditionnement de haute qualit\u00e9 et \u00e0 un contr\u00f4le strict de la qualit\u00e9, cette pi\u00e8ce est un remplacement durable et rentable de votre ancien bo\u00eetier.<\/p>\n<h3>\u00c9conomisez de l&#8217;argent et optez pour le d\u00e9veloppement durable<\/h3>\n<p>En choisissant une pi\u00e8ce reconditionn\u00e9e, vous contribuez non seulement \u00e0 un environnement durable, mais vous \u00e9conomisez \u00e9galement sur le co\u00fbt d&#8217;un nouveau bo\u00eetier. Nos processus de reconditionnement garantissent que chaque produit r\u00e9pond \u00e0 des normes de qualit\u00e9 strictes, vous offrant ainsi une solution fiable et durable sans compromis sur les performances.<\/p>\n<h3>Commandez d\u00e8s aujourd&#8217;hui !<\/h3>\n<p>N&#8217;attendez plus et remplacez le carter de votre aspirateur Kirby par ce mod\u00e8le reconditionn\u00e9. B\u00e9n\u00e9ficiez d&#8217;une qualit\u00e9 sup\u00e9rieure, d&#8217;une garantie compl\u00e8te et d&#8217;un excellent prix. Commandez d\u00e8s aujourd&#8217;hui et profitez \u00e0 nouveau de la puissance et de l&#8217;efficacit\u00e9 de votre aspirateur Kirby !<\/p>\n","protected":false},"excerpt":{"rendered":"<p>Kirby Bo\u00eetier Remis \u00e0 Neuf.<\/p>\n[trustindex data-widget-id=e3bb80b24fa128098b960fc2439]\n<h3><span style=\"color: #008000;\"><br \/>\nEn stock<\/span><\/h3>\n[av_font_icon icon='ue812' font='entypo-fontello' style='' caption='' size='25px' position='left' color='#43ad66' link='' linktarget='' title_attr='' sonar_effect_effect='' sonar_effect_color='' sonar_effect_duration='1' sonar_effect_scale='' sonar_effect_opac='0.5' animation='' id='' custom_class='' template_class='' av_uid='' sc_version='1.0' admin_preview_bg=''][\/av_font_icon]\n<p><span style=\"color: #008000;\">Command\u00e9 23:59, exp\u00e9di\u00e9 demain<\/span><\/p>\n<p>&nbsp;<\/p>\n","protected":false},"featured_media":91037,"comment_status":"open","ping_status":"closed","template":"","meta":{"_acf_changed":false},"product_brand":[],"product_cat":[304],"product_tag":[],"class_list":{"0":"post-10254","1":"product","2":"type-product","3":"status-publish","4":"has-post-thumbnail","6":"product_cat-kirby-boitier","7":"product_shipping_class-klein-de-fr","9":"first","10":"instock","11":"sale","12":"taxable","13":"shipping-taxable","14":"purchasable","15":"product-type-variable"},"acf":[],"yoast_head":"<!-- This site is optimized with the Yoast SEO Premium plugin v27.1 (Yoast SEO v27.4) - https:\/\/yoast.com\/product\/yoast-seo-premium-wordpress\/ -->\n<title>Kirby Bo\u00eetier Reconditionn\u00e9 - Veltec Kirby specialist<\/title>\n<meta name=\"description\" content=\"Kirby Bo\u00eetier Reconditionn\u00e9 - Veltec est le fournisseur des aspirateurs Kirby depuis plus de 25 ans. Et est votre sp\u00e9cialiste de confiance\" \/>\n<meta name=\"robots\" content=\"index, follow, max-snippet:-1, max-image-preview:large, max-video-preview:-1\" \/>\n<link rel=\"canonical\" href=\"https:\/\/www.veltec.eu\/fr\/product\/kirby-boitier-reconditionne-nl266778\/\" \/>\n<meta property=\"og:locale\" content=\"fr_FR\" \/>\n<meta property=\"og:type\" content=\"article\" \/>\n<meta property=\"og:title\" content=\"Kirby Bo\u00eetier Reconditionn\u00e9\" \/>\n<meta property=\"og:description\" content=\"Kirby Bo\u00eetier Remis \u00e0 Neuf.    En stock   Command\u00e9 23:59, exp\u00e9di\u00e9 demain  &nbsp;\" \/>\n<meta property=\"og:url\" content=\"https:\/\/www.veltec.eu\/fr\/product\/kirby-boitier-reconditionne-nl266778\/\" \/>\n<meta property=\"og:site_name\" content=\"Veltec Kirby specialist\" \/>\n<meta property=\"article:publisher\" content=\"https:\/\/www.facebook.com\/Veltec-Kirby-Specialist-236746293374877\/\" \/>\n<meta property=\"article:modified_time\" content=\"2025-03-31T12:55:23+00:00\" \/>\n<meta property=\"og:image\" content=\"https:\/\/www.veltec.eu\/wp-content\/uploads\/2018\/10\/Kirby-onderkant.png\" \/>\n\t<meta property=\"og:image:width\" content=\"300\" \/>\n\t<meta property=\"og:image:height\" content=\"300\" \/>\n\t<meta property=\"og:image:type\" content=\"image\/png\" \/>\n<meta name=\"twitter:card\" content=\"summary_large_image\" \/>\n<meta name=\"twitter:label1\" content=\"Dur\u00e9e de lecture estim\u00e9e\" \/>\n\t<meta name=\"twitter:data1\" content=\"3 minutes\" \/>\n<script type=\"application\/ld+json\" class=\"yoast-schema-graph\">{\"@context\":\"https:\\\/\\\/schema.org\",\"@graph\":[{\"@type\":\"WebPage\",\"@id\":\"https:\\\/\\\/www.veltec.eu\\\/fr\\\/product\\\/kirby-boitier-reconditionne-nl266778\\\/\",\"url\":\"https:\\\/\\\/www.veltec.eu\\\/fr\\\/product\\\/kirby-boitier-reconditionne-nl266778\\\/\",\"name\":\"Kirby Bo\u00eetier Reconditionn\u00e9 - Veltec Kirby specialist\",\"isPartOf\":{\"@id\":\"https:\\\/\\\/www.veltec.eu\\\/en\\\/#website\"},\"primaryImageOfPage\":{\"@id\":\"https:\\\/\\\/www.veltec.eu\\\/fr\\\/product\\\/kirby-boitier-reconditionne-nl266778\\\/#primaryimage\"},\"image\":{\"@id\":\"https:\\\/\\\/www.veltec.eu\\\/fr\\\/product\\\/kirby-boitier-reconditionne-nl266778\\\/#primaryimage\"},\"thumbnailUrl\":\"https:\\\/\\\/www.veltec.eu\\\/wp-content\\\/uploads\\\/2018\\\/10\\\/Kirby-behuizing-2.jpg\",\"datePublished\":\"2018-10-30T08:45:59+00:00\",\"dateModified\":\"2025-03-31T12:55:23+00:00\",\"description\":\"Kirby Bo\u00eetier Reconditionn\u00e9 - Veltec est le fournisseur des aspirateurs Kirby depuis plus de 25 ans. Et est votre sp\u00e9cialiste de confiance\",\"breadcrumb\":{\"@id\":\"https:\\\/\\\/www.veltec.eu\\\/fr\\\/product\\\/kirby-boitier-reconditionne-nl266778\\\/#breadcrumb\"},\"inLanguage\":\"fr-FR\",\"potentialAction\":[{\"@type\":\"ReadAction\",\"target\":[\"https:\\\/\\\/www.veltec.eu\\\/fr\\\/product\\\/kirby-boitier-reconditionne-nl266778\\\/\"]}]},{\"@type\":\"ImageObject\",\"inLanguage\":\"fr-FR\",\"@id\":\"https:\\\/\\\/www.veltec.eu\\\/fr\\\/product\\\/kirby-boitier-reconditionne-nl266778\\\/#primaryimage\",\"url\":\"https:\\\/\\\/www.veltec.eu\\\/wp-content\\\/uploads\\\/2018\\\/10\\\/Kirby-behuizing-2.jpg\",\"contentUrl\":\"https:\\\/\\\/www.veltec.eu\\\/wp-content\\\/uploads\\\/2018\\\/10\\\/Kirby-behuizing-2.jpg\",\"width\":600,\"height\":600},{\"@type\":\"BreadcrumbList\",\"@id\":\"https:\\\/\\\/www.veltec.eu\\\/fr\\\/product\\\/kirby-boitier-reconditionne-nl266778\\\/#breadcrumb\",\"itemListElement\":[{\"@type\":\"ListItem\",\"position\":1,\"name\":\"Home\",\"item\":\"https:\\\/\\\/www.veltec.eu\\\/fr\\\/\"},{\"@type\":\"ListItem\",\"position\":2,\"name\":\"Kirby Shop\",\"item\":\"https:\\\/\\\/www.veltec.eu\\\/nl\\\/shop-page\\\/\"},{\"@type\":\"ListItem\",\"position\":3,\"name\":\"Kirby Bo\u00eetier Reconditionn\u00e9\"}]},{\"@type\":\"WebSite\",\"@id\":\"https:\\\/\\\/www.veltec.eu\\\/en\\\/#website\",\"url\":\"https:\\\/\\\/www.veltec.eu\\\/en\\\/\",\"name\":\"Veltec Kirby specialist\",\"description\":\"Kirby stofzuiger producten\",\"publisher\":{\"@id\":\"https:\\\/\\\/www.veltec.eu\\\/en\\\/#organization\"},\"potentialAction\":[{\"@type\":\"SearchAction\",\"target\":{\"@type\":\"EntryPoint\",\"urlTemplate\":\"https:\\\/\\\/www.veltec.eu\\\/en\\\/?s={search_term_string}\"},\"query-input\":{\"@type\":\"PropertyValueSpecification\",\"valueRequired\":true,\"valueName\":\"search_term_string\"}}],\"inLanguage\":\"fr-FR\"},{\"@type\":\"Organization\",\"@id\":\"https:\\\/\\\/www.veltec.eu\\\/en\\\/#organization\",\"name\":\"Veltec Kirby Specialist\",\"url\":\"https:\\\/\\\/www.veltec.eu\\\/en\\\/\",\"logo\":{\"@type\":\"ImageObject\",\"inLanguage\":\"fr-FR\",\"@id\":\"https:\\\/\\\/www.veltec.eu\\\/en\\\/#\\\/schema\\\/logo\\\/image\\\/\",\"url\":\"https:\\\/\\\/www.veltec.eu\\\/wp-content\\\/uploads\\\/2021\\\/12\\\/Veltec-log-groot-e1537260889125.png\",\"contentUrl\":\"https:\\\/\\\/www.veltec.eu\\\/wp-content\\\/uploads\\\/2021\\\/12\\\/Veltec-log-groot-e1537260889125.png\",\"width\":200,\"height\":60,\"caption\":\"Veltec Kirby Specialist\"},\"image\":{\"@id\":\"https:\\\/\\\/www.veltec.eu\\\/en\\\/#\\\/schema\\\/logo\\\/image\\\/\"},\"sameAs\":[\"https:\\\/\\\/www.facebook.com\\\/Veltec-Kirby-Specialist-236746293374877\\\/\",\"https:\\\/\\\/www.youtube.com\\\/user\\\/VeltecService\"]}]}<\/script>\n<!-- \/ Yoast SEO Premium plugin. -->","yoast_head_json":{"title":"Kirby Bo\u00eetier Reconditionn\u00e9 - Veltec Kirby specialist","description":"Kirby Bo\u00eetier Reconditionn\u00e9 - Veltec est le fournisseur des aspirateurs Kirby depuis plus de 25 ans. Et est votre sp\u00e9cialiste de confiance","robots":{"index":"index","follow":"follow","max-snippet":"max-snippet:-1","max-image-preview":"max-image-preview:large","max-video-preview":"max-video-preview:-1"},"canonical":"https:\/\/www.veltec.eu\/fr\/product\/kirby-boitier-reconditionne-nl266778\/","og_locale":"fr_FR","og_type":"article","og_title":"Kirby Bo\u00eetier Reconditionn\u00e9","og_description":"Kirby Bo\u00eetier Remis \u00e0 Neuf.    En stock   Command\u00e9 23:59, exp\u00e9di\u00e9 demain  &nbsp;","og_url":"https:\/\/www.veltec.eu\/fr\/product\/kirby-boitier-reconditionne-nl266778\/","og_site_name":"Veltec Kirby specialist","article_publisher":"https:\/\/www.facebook.com\/Veltec-Kirby-Specialist-236746293374877\/","article_modified_time":"2025-03-31T12:55:23+00:00","og_image":[{"width":300,"height":300,"url":"https:\/\/www.veltec.eu\/wp-content\/uploads\/2018\/10\/Kirby-onderkant.png","type":"image\/png"}],"twitter_card":"summary_large_image","twitter_misc":{"Dur\u00e9e de lecture estim\u00e9e":"3 minutes"},"schema":{"@context":"https:\/\/schema.org","@graph":[{"@type":"WebPage","@id":"https:\/\/www.veltec.eu\/fr\/product\/kirby-boitier-reconditionne-nl266778\/","url":"https:\/\/www.veltec.eu\/fr\/product\/kirby-boitier-reconditionne-nl266778\/","name":"Kirby Bo\u00eetier Reconditionn\u00e9 - Veltec Kirby specialist","isPartOf":{"@id":"https:\/\/www.veltec.eu\/en\/#website"},"primaryImageOfPage":{"@id":"https:\/\/www.veltec.eu\/fr\/product\/kirby-boitier-reconditionne-nl266778\/#primaryimage"},"image":{"@id":"https:\/\/www.veltec.eu\/fr\/product\/kirby-boitier-reconditionne-nl266778\/#primaryimage"},"thumbnailUrl":"https:\/\/www.veltec.eu\/wp-content\/uploads\/2018\/10\/Kirby-behuizing-2.jpg","datePublished":"2018-10-30T08:45:59+00:00","dateModified":"2025-03-31T12:55:23+00:00","description":"Kirby Bo\u00eetier Reconditionn\u00e9 - Veltec est le fournisseur des aspirateurs Kirby depuis plus de 25 ans. Et est votre sp\u00e9cialiste de confiance","breadcrumb":{"@id":"https:\/\/www.veltec.eu\/fr\/product\/kirby-boitier-reconditionne-nl266778\/#breadcrumb"},"inLanguage":"fr-FR","potentialAction":[{"@type":"ReadAction","target":["https:\/\/www.veltec.eu\/fr\/product\/kirby-boitier-reconditionne-nl266778\/"]}]},{"@type":"ImageObject","inLanguage":"fr-FR","@id":"https:\/\/www.veltec.eu\/fr\/product\/kirby-boitier-reconditionne-nl266778\/#primaryimage","url":"https:\/\/www.veltec.eu\/wp-content\/uploads\/2018\/10\/Kirby-behuizing-2.jpg","contentUrl":"https:\/\/www.veltec.eu\/wp-content\/uploads\/2018\/10\/Kirby-behuizing-2.jpg","width":600,"height":600},{"@type":"BreadcrumbList","@id":"https:\/\/www.veltec.eu\/fr\/product\/kirby-boitier-reconditionne-nl266778\/#breadcrumb","itemListElement":[{"@type":"ListItem","position":1,"name":"Home","item":"https:\/\/www.veltec.eu\/fr\/"},{"@type":"ListItem","position":2,"name":"Kirby Shop","item":"https:\/\/www.veltec.eu\/nl\/shop-page\/"},{"@type":"ListItem","position":3,"name":"Kirby Bo\u00eetier Reconditionn\u00e9"}]},{"@type":"WebSite","@id":"https:\/\/www.veltec.eu\/en\/#website","url":"https:\/\/www.veltec.eu\/en\/","name":"Veltec Kirby specialist","description":"Kirby stofzuiger producten","publisher":{"@id":"https:\/\/www.veltec.eu\/en\/#organization"},"potentialAction":[{"@type":"SearchAction","target":{"@type":"EntryPoint","urlTemplate":"https:\/\/www.veltec.eu\/en\/?s={search_term_string}"},"query-input":{"@type":"PropertyValueSpecification","valueRequired":true,"valueName":"search_term_string"}}],"inLanguage":"fr-FR"},{"@type":"Organization","@id":"https:\/\/www.veltec.eu\/en\/#organization","name":"Veltec Kirby Specialist","url":"https:\/\/www.veltec.eu\/en\/","logo":{"@type":"ImageObject","inLanguage":"fr-FR","@id":"https:\/\/www.veltec.eu\/en\/#\/schema\/logo\/image\/","url":"https:\/\/www.veltec.eu\/wp-content\/uploads\/2021\/12\/Veltec-log-groot-e1537260889125.png","contentUrl":"https:\/\/www.veltec.eu\/wp-content\/uploads\/2021\/12\/Veltec-log-groot-e1537260889125.png","width":200,"height":60,"caption":"Veltec Kirby Specialist"},"image":{"@id":"https:\/\/www.veltec.eu\/en\/#\/schema\/logo\/image\/"},"sameAs":["https:\/\/www.facebook.com\/Veltec-Kirby-Specialist-236746293374877\/","https:\/\/www.youtube.com\/user\/VeltecService"]}]}},"_links":{"self":[{"href":"https:\/\/www.veltec.eu\/fr\/wp-json\/wp\/v2\/product\/10254","targetHints":{"allow":["GET"]}}],"collection":[{"href":"https:\/\/www.veltec.eu\/fr\/wp-json\/wp\/v2\/product"}],"about":[{"href":"https:\/\/www.veltec.eu\/fr\/wp-json\/wp\/v2\/types\/product"}],"replies":[{"embeddable":true,"href":"https:\/\/www.veltec.eu\/fr\/wp-json\/wp\/v2\/comments?post=10254"}],"wp:featuredmedia":[{"embeddable":true,"href":"https:\/\/www.veltec.eu\/fr\/wp-json\/wp\/v2\/media\/91037"}],"wp:attachment":[{"href":"https:\/\/www.veltec.eu\/fr\/wp-json\/wp\/v2\/media?parent=10254"}],"wp:term":[{"taxonomy":"product_brand","embeddable":true,"href":"https:\/\/www.veltec.eu\/fr\/wp-json\/wp\/v2\/product_brand?post=10254"},{"taxonomy":"product_cat","embeddable":true,"href":"https:\/\/www.veltec.eu\/fr\/wp-json\/wp\/v2\/product_cat?post=10254"},{"taxonomy":"product_tag","embeddable":true,"href":"https:\/\/www.veltec.eu\/fr\/wp-json\/wp\/v2\/product_tag?post=10254"}],"curies":[{"name":"wp","href":"https:\/\/api.w.org\/{rel}","templated":true}]}}