{"id":10199,"date":"2018-10-30T10:59:00","date_gmt":"2018-10-30T08:59:00","guid":{"rendered":"https:\/\/www.veltec.eu\/kirby-webshop\/kirby-light-holder-including-sliding-console-reconditioned-nl332456\/"},"modified":"2025-04-11T15:28:48","modified_gmt":"2025-04-11T13:28:48","slug":"support-de-lampe-kirby-avec-console-coulissante-reconditionne-nl332456","status":"publish","type":"product","link":"https:\/\/www.veltec.eu\/fr\/product\/support-de-lampe-kirby-avec-console-coulissante-reconditionne-nl332456\/","title":{"rendered":"Support de Lampe Kirby avec Console Coulissante Reconditionn\u00e9"},"content":{"rendered":"<h2>Support de Lampe Kirby avec Console Coulissante &#8211; Reconditionn\u00e9<\/h2>\n<h3>La solution parfaite pour r\u00e9nover votre aspirateur Kirby<\/h3>\n<p>Lorsque votre <a href=\"https:\/\/www.veltec.eu\/fr\/aspirateurs-kirby\/\">aspirateur Kirby<\/a> a besoin d&#8217;\u00eatre rafra\u00eechi ou lorsque le couvercle, la console coulissante ou l&#8217;abat-jour sont us\u00e9s, ce Support de Lampe Kirby avec Console Coulissante Reconditionn\u00e9 offre la solution parfaite. Cet ensemble est non seulement fonctionnel et durable, mais aussi enti\u00e8rement v\u00e9rifi\u00e9, nettoy\u00e9 et restaur\u00e9 par des professionnels, ce qui vous garantit qualit\u00e9 et fiabilit\u00e9.<\/p>\n<p>Gr\u00e2ce \u00e0 ces pi\u00e8ces, vous pouvez facilement remettre votre aspirateur en \u00e9tat. Vous avez ainsi la possibilit\u00e9 de s\u00e9lectionner le mod\u00e8le d&#8217;aspirateur Kirby appropri\u00e9, ce qui vous permet de vous assurer que le couvercle, le porte-lampe et la console s&#8217;adaptent parfaitement \u00e0 votre appareil.<\/p>\n<p><strong>Ce porte-lampe Kirby convient \u00e0 tous les aspirateurs Kirby ;<\/strong><\/p>\n<ul>\n<li>Avalir Platinum<\/li>\n<li>Avalir 2<\/li>\n<li>Avalir 1<\/li>\n<li>Sentria 2 (G10D)<\/li>\n<li>Sentria 1 (G10)<\/li>\n<li>Ultimate G Diamond Ed.(G7D or DE)<\/li>\n<li>Ultimate G (G7 or UG)<\/li>\n<li>Generation 6 (G6)<\/li>\n<li>Generation 5 (G5)<\/li>\n<li>Generation 4 (G4)<\/li>\n<li>Generation 3 (G3)<\/li>\n<\/ul>\n<p>Trouvez tous les <a href=\"https:\/\/www.veltec.eu\/fr\/kirby-boitier\/\">bo\u00eetiers Kirby<\/a> ici<\/p>\n<p><a href=\"https:\/\/www.veltec.eu\/fr\/kirby-lampes-et-deflecteurs\/\">Trouvez les lampes d&#8217;aspirateur et les couvercles Kirby ici<\/a><\/p>\n<h2>Pourquoi choisir un Support de Lampe Kirby avec Console Coulissante Reconditionn\u00e9<\/h2>\n<h3>Une alternative durable et \u00e9conomique au neuf<\/h3>\n<p>Si vous appr\u00e9ciez la durabilit\u00e9 tout en faisant des \u00e9conomies, ce support de lampe reconditionn\u00e9 avec console coulissante est un excellent choix. Parce qu&#8217;il a \u00e9t\u00e9 minutieusement contr\u00f4l\u00e9, professionnellement nettoy\u00e9 et, si n\u00e9cessaire, \u00e9quip\u00e9 de nouvelles pi\u00e8ces, ce produit offre les m\u00eames performances qu&#8217;une variante neuve &#8211; mais \u00e0 un prix nettement inf\u00e9rieur.<\/p>\n<p>En outre, vous contribuez \u00e0 une \u00e9conomie circulaire, ce qui est important pour un mode de vie respectueux de l&#8217;environnement. Vous faites donc d&#8217;une pierre deux coups : votre Kirby retrouve son aspect neuf et vous r\u00e9duisez les d\u00e9chets inutiles.<\/p>\n<h2>Support de Lampe Kirby avec Console Coulissante Reconditionn\u00e9 convient \u00e0 plusieurs mod\u00e8les Kirby<\/h2>\n<h3>Choisissez simplement le bon mod\u00e8le<\/h3>\n<p>L&#8217;un des principaux avantages de ce support de lampe avec console coulissante est que vous pouvez facilement choisir le bon mod\u00e8le parmi les options disponibles. Vous avez ainsi la certitude que le couvercle s&#8217;adapte \u00e0 votre aspirateur Kirby. Cela \u00e9vite les d\u00e9ceptions et permet un montage rapide et sans probl\u00e8me.<\/p>\n<p>Pour vous faciliter la t\u00e2che, la page produit contient un champ de s\u00e9lection qui vous permet d&#8217;indiquer votre type d&#8217;aspirateur. Vous n&#8217;avez donc pas \u00e0 vous soucier de la compatibilit\u00e9 ou des d\u00e9tails techniques &#8211; nous faisons le travail pour vous.<\/p>\n<h2>\u00c0 quoi pouvez-vous vous attendre ?<\/h2>\n<h3>Sp\u00e9cifications et caract\u00e9ristiques en un coup d&#8217;\u0153il<\/h3>\n<ul>\n<li>Type de produit : Support de Lampe Kirby avec Console Coulissante Reconditionn\u00e9<\/li>\n<li>Condition : Reconditionn\u00e9 (v\u00e9rifi\u00e9 techniquement, nettoy\u00e9 professionnellement, pr\u00eat \u00e0 l&#8217;emploi)<\/li>\n<li>Comprend :\n<ul>\n<li>Couvercle sup\u00e9rieur<\/li>\n<li>Console coulissante<\/li>\n<li>Abat-jour<\/li>\n<\/ul>\n<\/li>\n<li>Compatibilit\u00e9 : Disponible pour plusieurs mod\u00e8les Kirby (s\u00e9lectionnez votre mod\u00e8le lors de la commande)<\/li>\n<li>Avantages :\n<ul>\n<li>Durable et respectueux de l&#8217;environnement<\/li>\n<li>Rentable<\/li>\n<li>Pr\u00eat \u00e0 l&#8217;emploi imm\u00e9diatement<\/li>\n<li>Test\u00e9 par des professionnels<\/li>\n<\/ul>\n<\/li>\n<\/ul>\n<h2>Commandez d\u00e8s aujourd&#8217;hui et redonnez de la puissance \u00e0 votre Kirby<\/h2>\n<p>Vous avez encore des doutes ? En optant pour ce porte-lampe Kirby reconditionn\u00e9 avec console coulissante, vous achetez un produit de qualit\u00e9 qui garantit des performances \u00e0 long terme. Non seulement vous \u00e9conomiserez de l&#8217;argent, mais vous prolongerez \u00e9galement la dur\u00e9e de vie de votre aspirateur Kirby.<\/p>\n<p>Passez votre commande aujourd&#8217;hui et red\u00e9couvrez la puissance et l&#8217;apparence d&#8217;un Kirby en parfait \u00e9tat de marche !<\/p>\n","protected":false},"excerpt":{"rendered":"<p data-pm-slice=\"1 1 []\">Support de Lampe Kirby avec Console Coulissante \u2013 Reconditionn\u00e9<\/p>\n[trustindex data-widget-id=e3bb80b24fa128098b960fc2439]\n<h3><span style=\"color: #008000;\"><br \/>\nEn stock<\/span><\/h3>\n[av_font_icon icon='ue812' font='entypo-fontello' style='' caption='' size='25px' position='left' color='#43ad66' link='' linktarget='' title_attr='' sonar_effect_effect='' sonar_effect_color='' sonar_effect_duration='1' sonar_effect_scale='' sonar_effect_opac='0.5' animation='' id='' custom_class='' template_class='' av_uid='' sc_version='1.0' admin_preview_bg=''][\/av_font_icon]\n<p><span style=\"color: #008000;\">Command\u00e9 23:59, exp\u00e9di\u00e9 demain<\/span><\/p>\n<p>&nbsp;<\/p>\n","protected":false},"featured_media":90618,"comment_status":"open","ping_status":"closed","template":"","meta":[],"product_brand":[],"product_cat":[304,299],"product_tag":[],"class_list":{"0":"post-10199","1":"product","2":"type-product","3":"status-publish","4":"has-post-thumbnail","6":"product_cat-kirby-boitier","7":"product_cat-kirby-lampes-et-deflecteurs","8":"product_shipping_class-klein-de-fr","10":"first","11":"instock","12":"sale","13":"taxable","14":"shipping-taxable","15":"purchasable","16":"product-type-variable"},"yoast_head":"<!-- This site is optimized with the Yoast SEO Premium plugin v27.1 (Yoast SEO v27.4) - https:\/\/yoast.com\/product\/yoast-seo-premium-wordpress\/ -->\n<title>Support de Lampe Kirby avec Console Coulissante Reconditionn\u00e9 - Veltec Kirby specialist<\/title>\n<meta name=\"description\" content=\"Support de Lampe Kirby avec Console Coulissante Reconditionn\u00e9 - Veltec est le fournisseur des aspirateurs Kirby depuis plus de 25 ans.\" \/>\n<meta name=\"robots\" content=\"index, follow, max-snippet:-1, max-image-preview:large, max-video-preview:-1\" \/>\n<link rel=\"canonical\" href=\"https:\/\/www.veltec.eu\/nl\/product\/kirby-lamp-houder-inclusief-schuif-console-gereconditioneerd-nl332456\/\" \/>\n<meta property=\"og:locale\" content=\"fr_FR\" \/>\n<meta property=\"og:type\" content=\"article\" \/>\n<meta property=\"og:title\" content=\"Support de Lampe Kirby avec Console Coulissante Reconditionn\u00e9\" \/>\n<meta property=\"og:description\" content=\"Support de Lampe Kirby avec Console Coulissante \u2013 Reconditionn\u00e9   En stock   Command\u00e9 23:59, exp\u00e9di\u00e9 demain  &nbsp;\" \/>\n<meta property=\"og:url\" content=\"https:\/\/www.veltec.eu\/nl\/product\/kirby-lamp-houder-inclusief-schuif-console-gereconditioneerd-nl332456\/\" \/>\n<meta property=\"og:site_name\" content=\"Veltec Kirby specialist\" \/>\n<meta property=\"article:publisher\" content=\"https:\/\/www.facebook.com\/Veltec-Kirby-Specialist-236746293374877\/\" \/>\n<meta property=\"article:modified_time\" content=\"2025-04-11T13:28:48+00:00\" \/>\n<meta property=\"og:image\" content=\"https:\/\/www.veltec.eu\/wp-content\/uploads\/2018\/10\/Kirby-lamphouder.png\" \/>\n\t<meta property=\"og:image:width\" content=\"300\" \/>\n\t<meta property=\"og:image:height\" content=\"300\" \/>\n\t<meta property=\"og:image:type\" content=\"image\/png\" \/>\n<meta name=\"twitter:card\" content=\"summary_large_image\" \/>\n<meta name=\"twitter:label1\" content=\"Dur\u00e9e de lecture estim\u00e9e\" \/>\n\t<meta name=\"twitter:data1\" content=\"3 minutes\" \/>\n<script type=\"application\/ld+json\" class=\"yoast-schema-graph\">{\"@context\":\"https:\\\/\\\/schema.org\",\"@graph\":[{\"@type\":\"WebPage\",\"@id\":\"https:\\\/\\\/www.veltec.eu\\\/nl\\\/product\\\/kirby-lamp-houder-inclusief-schuif-console-gereconditioneerd-nl332456\\\/\",\"url\":\"https:\\\/\\\/www.veltec.eu\\\/nl\\\/product\\\/kirby-lamp-houder-inclusief-schuif-console-gereconditioneerd-nl332456\\\/\",\"name\":\"Support de Lampe Kirby avec Console Coulissante Reconditionn\u00e9 - Veltec Kirby specialist\",\"isPartOf\":{\"@id\":\"https:\\\/\\\/www.veltec.eu\\\/en\\\/#website\"},\"primaryImageOfPage\":{\"@id\":\"https:\\\/\\\/www.veltec.eu\\\/nl\\\/product\\\/kirby-lamp-houder-inclusief-schuif-console-gereconditioneerd-nl332456\\\/#primaryimage\"},\"image\":{\"@id\":\"https:\\\/\\\/www.veltec.eu\\\/nl\\\/product\\\/kirby-lamp-houder-inclusief-schuif-console-gereconditioneerd-nl332456\\\/#primaryimage\"},\"thumbnailUrl\":\"https:\\\/\\\/www.veltec.eu\\\/wp-content\\\/uploads\\\/2018\\\/10\\\/Kirby-lamphouder-incl.Schuif.jpg\",\"datePublished\":\"2018-10-30T08:59:00+00:00\",\"dateModified\":\"2025-04-11T13:28:48+00:00\",\"description\":\"Support de Lampe Kirby avec Console Coulissante Reconditionn\u00e9 - Veltec est le fournisseur des aspirateurs Kirby depuis plus de 25 ans.\",\"breadcrumb\":{\"@id\":\"https:\\\/\\\/www.veltec.eu\\\/nl\\\/product\\\/kirby-lamp-houder-inclusief-schuif-console-gereconditioneerd-nl332456\\\/#breadcrumb\"},\"inLanguage\":\"fr-FR\",\"potentialAction\":[{\"@type\":\"ReadAction\",\"target\":[\"https:\\\/\\\/www.veltec.eu\\\/nl\\\/product\\\/kirby-lamp-houder-inclusief-schuif-console-gereconditioneerd-nl332456\\\/\"]}]},{\"@type\":\"ImageObject\",\"inLanguage\":\"fr-FR\",\"@id\":\"https:\\\/\\\/www.veltec.eu\\\/nl\\\/product\\\/kirby-lamp-houder-inclusief-schuif-console-gereconditioneerd-nl332456\\\/#primaryimage\",\"url\":\"https:\\\/\\\/www.veltec.eu\\\/wp-content\\\/uploads\\\/2018\\\/10\\\/Kirby-lamphouder-incl.Schuif.jpg\",\"contentUrl\":\"https:\\\/\\\/www.veltec.eu\\\/wp-content\\\/uploads\\\/2018\\\/10\\\/Kirby-lamphouder-incl.Schuif.jpg\",\"width\":600,\"height\":600},{\"@type\":\"BreadcrumbList\",\"@id\":\"https:\\\/\\\/www.veltec.eu\\\/nl\\\/product\\\/kirby-lamp-houder-inclusief-schuif-console-gereconditioneerd-nl332456\\\/#breadcrumb\",\"itemListElement\":[{\"@type\":\"ListItem\",\"position\":1,\"name\":\"Home\",\"item\":\"https:\\\/\\\/www.veltec.eu\\\/fr\\\/\"},{\"@type\":\"ListItem\",\"position\":2,\"name\":\"Produits\",\"item\":\"https:\\\/\\\/www.veltec.eu\\\/fr\\\/shop\\\/\"},{\"@type\":\"ListItem\",\"position\":3,\"name\":\"Support de Lampe Kirby avec Console Coulissante Reconditionn\u00e9\"}]},{\"@type\":\"WebSite\",\"@id\":\"https:\\\/\\\/www.veltec.eu\\\/en\\\/#website\",\"url\":\"https:\\\/\\\/www.veltec.eu\\\/en\\\/\",\"name\":\"Veltec Kirby specialist\",\"description\":\"Kirby stofzuiger producten\",\"publisher\":{\"@id\":\"https:\\\/\\\/www.veltec.eu\\\/en\\\/#organization\"},\"potentialAction\":[{\"@type\":\"SearchAction\",\"target\":{\"@type\":\"EntryPoint\",\"urlTemplate\":\"https:\\\/\\\/www.veltec.eu\\\/en\\\/?s={search_term_string}\"},\"query-input\":{\"@type\":\"PropertyValueSpecification\",\"valueRequired\":true,\"valueName\":\"search_term_string\"}}],\"inLanguage\":\"fr-FR\"},{\"@type\":\"Organization\",\"@id\":\"https:\\\/\\\/www.veltec.eu\\\/en\\\/#organization\",\"name\":\"Veltec Kirby Specialist\",\"url\":\"https:\\\/\\\/www.veltec.eu\\\/en\\\/\",\"logo\":{\"@type\":\"ImageObject\",\"inLanguage\":\"fr-FR\",\"@id\":\"https:\\\/\\\/www.veltec.eu\\\/en\\\/#\\\/schema\\\/logo\\\/image\\\/\",\"url\":\"https:\\\/\\\/www.veltec.eu\\\/wp-content\\\/uploads\\\/2021\\\/12\\\/Veltec-log-groot-e1537260889125.png\",\"contentUrl\":\"https:\\\/\\\/www.veltec.eu\\\/wp-content\\\/uploads\\\/2021\\\/12\\\/Veltec-log-groot-e1537260889125.png\",\"width\":200,\"height\":60,\"caption\":\"Veltec Kirby Specialist\"},\"image\":{\"@id\":\"https:\\\/\\\/www.veltec.eu\\\/en\\\/#\\\/schema\\\/logo\\\/image\\\/\"},\"sameAs\":[\"https:\\\/\\\/www.facebook.com\\\/Veltec-Kirby-Specialist-236746293374877\\\/\",\"https:\\\/\\\/www.youtube.com\\\/user\\\/VeltecService\"]}]}<\/script>\n<!-- \/ Yoast SEO Premium plugin. -->","yoast_head_json":{"title":"Support de Lampe Kirby avec Console Coulissante Reconditionn\u00e9 - Veltec Kirby specialist","description":"Support de Lampe Kirby avec Console Coulissante Reconditionn\u00e9 - Veltec est le fournisseur des aspirateurs Kirby depuis plus de 25 ans.","robots":{"index":"index","follow":"follow","max-snippet":"max-snippet:-1","max-image-preview":"max-image-preview:large","max-video-preview":"max-video-preview:-1"},"canonical":"https:\/\/www.veltec.eu\/nl\/product\/kirby-lamp-houder-inclusief-schuif-console-gereconditioneerd-nl332456\/","og_locale":"fr_FR","og_type":"article","og_title":"Support de Lampe Kirby avec Console Coulissante Reconditionn\u00e9","og_description":"Support de Lampe Kirby avec Console Coulissante \u2013 Reconditionn\u00e9   En stock   Command\u00e9 23:59, exp\u00e9di\u00e9 demain  &nbsp;","og_url":"https:\/\/www.veltec.eu\/nl\/product\/kirby-lamp-houder-inclusief-schuif-console-gereconditioneerd-nl332456\/","og_site_name":"Veltec Kirby specialist","article_publisher":"https:\/\/www.facebook.com\/Veltec-Kirby-Specialist-236746293374877\/","article_modified_time":"2025-04-11T13:28:48+00:00","og_image":[{"width":300,"height":300,"url":"https:\/\/www.veltec.eu\/wp-content\/uploads\/2018\/10\/Kirby-lamphouder.png","type":"image\/png"}],"twitter_card":"summary_large_image","twitter_misc":{"Dur\u00e9e de lecture estim\u00e9e":"3 minutes"},"schema":{"@context":"https:\/\/schema.org","@graph":[{"@type":"WebPage","@id":"https:\/\/www.veltec.eu\/nl\/product\/kirby-lamp-houder-inclusief-schuif-console-gereconditioneerd-nl332456\/","url":"https:\/\/www.veltec.eu\/nl\/product\/kirby-lamp-houder-inclusief-schuif-console-gereconditioneerd-nl332456\/","name":"Support de Lampe Kirby avec Console Coulissante Reconditionn\u00e9 - Veltec Kirby specialist","isPartOf":{"@id":"https:\/\/www.veltec.eu\/en\/#website"},"primaryImageOfPage":{"@id":"https:\/\/www.veltec.eu\/nl\/product\/kirby-lamp-houder-inclusief-schuif-console-gereconditioneerd-nl332456\/#primaryimage"},"image":{"@id":"https:\/\/www.veltec.eu\/nl\/product\/kirby-lamp-houder-inclusief-schuif-console-gereconditioneerd-nl332456\/#primaryimage"},"thumbnailUrl":"https:\/\/www.veltec.eu\/wp-content\/uploads\/2018\/10\/Kirby-lamphouder-incl.Schuif.jpg","datePublished":"2018-10-30T08:59:00+00:00","dateModified":"2025-04-11T13:28:48+00:00","description":"Support de Lampe Kirby avec Console Coulissante Reconditionn\u00e9 - Veltec est le fournisseur des aspirateurs Kirby depuis plus de 25 ans.","breadcrumb":{"@id":"https:\/\/www.veltec.eu\/nl\/product\/kirby-lamp-houder-inclusief-schuif-console-gereconditioneerd-nl332456\/#breadcrumb"},"inLanguage":"fr-FR","potentialAction":[{"@type":"ReadAction","target":["https:\/\/www.veltec.eu\/nl\/product\/kirby-lamp-houder-inclusief-schuif-console-gereconditioneerd-nl332456\/"]}]},{"@type":"ImageObject","inLanguage":"fr-FR","@id":"https:\/\/www.veltec.eu\/nl\/product\/kirby-lamp-houder-inclusief-schuif-console-gereconditioneerd-nl332456\/#primaryimage","url":"https:\/\/www.veltec.eu\/wp-content\/uploads\/2018\/10\/Kirby-lamphouder-incl.Schuif.jpg","contentUrl":"https:\/\/www.veltec.eu\/wp-content\/uploads\/2018\/10\/Kirby-lamphouder-incl.Schuif.jpg","width":600,"height":600},{"@type":"BreadcrumbList","@id":"https:\/\/www.veltec.eu\/nl\/product\/kirby-lamp-houder-inclusief-schuif-console-gereconditioneerd-nl332456\/#breadcrumb","itemListElement":[{"@type":"ListItem","position":1,"name":"Home","item":"https:\/\/www.veltec.eu\/fr\/"},{"@type":"ListItem","position":2,"name":"Produits","item":"https:\/\/www.veltec.eu\/fr\/shop\/"},{"@type":"ListItem","position":3,"name":"Support de Lampe Kirby avec Console Coulissante Reconditionn\u00e9"}]},{"@type":"WebSite","@id":"https:\/\/www.veltec.eu\/en\/#website","url":"https:\/\/www.veltec.eu\/en\/","name":"Veltec Kirby specialist","description":"Kirby stofzuiger producten","publisher":{"@id":"https:\/\/www.veltec.eu\/en\/#organization"},"potentialAction":[{"@type":"SearchAction","target":{"@type":"EntryPoint","urlTemplate":"https:\/\/www.veltec.eu\/en\/?s={search_term_string}"},"query-input":{"@type":"PropertyValueSpecification","valueRequired":true,"valueName":"search_term_string"}}],"inLanguage":"fr-FR"},{"@type":"Organization","@id":"https:\/\/www.veltec.eu\/en\/#organization","name":"Veltec Kirby Specialist","url":"https:\/\/www.veltec.eu\/en\/","logo":{"@type":"ImageObject","inLanguage":"fr-FR","@id":"https:\/\/www.veltec.eu\/en\/#\/schema\/logo\/image\/","url":"https:\/\/www.veltec.eu\/wp-content\/uploads\/2021\/12\/Veltec-log-groot-e1537260889125.png","contentUrl":"https:\/\/www.veltec.eu\/wp-content\/uploads\/2021\/12\/Veltec-log-groot-e1537260889125.png","width":200,"height":60,"caption":"Veltec Kirby Specialist"},"image":{"@id":"https:\/\/www.veltec.eu\/en\/#\/schema\/logo\/image\/"},"sameAs":["https:\/\/www.facebook.com\/Veltec-Kirby-Specialist-236746293374877\/","https:\/\/www.youtube.com\/user\/VeltecService"]}]}},"_links":{"self":[{"href":"https:\/\/www.veltec.eu\/fr\/wp-json\/wp\/v2\/product\/10199","targetHints":{"allow":["GET"]}}],"collection":[{"href":"https:\/\/www.veltec.eu\/fr\/wp-json\/wp\/v2\/product"}],"about":[{"href":"https:\/\/www.veltec.eu\/fr\/wp-json\/wp\/v2\/types\/product"}],"replies":[{"embeddable":true,"href":"https:\/\/www.veltec.eu\/fr\/wp-json\/wp\/v2\/comments?post=10199"}],"wp:featuredmedia":[{"embeddable":true,"href":"https:\/\/www.veltec.eu\/fr\/wp-json\/wp\/v2\/media\/90618"}],"wp:attachment":[{"href":"https:\/\/www.veltec.eu\/fr\/wp-json\/wp\/v2\/media?parent=10199"}],"wp:term":[{"taxonomy":"product_brand","embeddable":true,"href":"https:\/\/www.veltec.eu\/fr\/wp-json\/wp\/v2\/product_brand?post=10199"},{"taxonomy":"product_cat","embeddable":true,"href":"https:\/\/www.veltec.eu\/fr\/wp-json\/wp\/v2\/product_cat?post=10199"},{"taxonomy":"product_tag","embeddable":true,"href":"https:\/\/www.veltec.eu\/fr\/wp-json\/wp\/v2\/product_tag?post=10199"}],"curies":[{"name":"wp","href":"https:\/\/api.w.org\/{rel}","templated":true}]}}