{"id":10184,"date":"2018-10-30T11:41:43","date_gmt":"2018-10-30T09:41:43","guid":{"rendered":"https:\/\/www.veltec.eu\/kirby-webshop\/deflecteur-de-lampe-g3-g4-nl3066\/"},"modified":"2025-04-11T13:46:19","modified_gmt":"2025-04-11T11:46:19","slug":"abat-jour-kirby-g3-et-g4","status":"publish","type":"product","link":"https:\/\/www.veltec.eu\/fr\/product\/abat-jour-kirby-g3-et-g4\/","title":{"rendered":"Abat-jour Kirby G3 et G4"},"content":{"rendered":"<h2>Abat-jour Kirby G3 et G4 &#8211; Protection et ajustement parfait<\/h2>\n<p>Vous cherchez un Abat-jour Kirby G3 et G4 de remplacement ? Alors ce cache original est exactement ce qu&#8217;il vous faut. Ce capuchon est sp\u00e9cialement con\u00e7u pour prot\u00e9ger la lumi\u00e8re \u00e0 l&#8217;avant de votre <a href=\"https:\/\/www.veltec.eu\/fr\/aspirateurs-kirby\/\">aspirateur Kirby<\/a>. Gr\u00e2ce \u00e0 sa solidit\u00e9 et \u00e0 ses mat\u00e9riaux durables, cette pi\u00e8ce est essentielle pour pr\u00e9server l&#8217;aspect et la fonctionnalit\u00e9 de votre aspirateur.<\/p>\n<p><strong>Ce cache lampe ne convient qu&#8217;aux aspirateurs Kirby list\u00e9s ci-dessous ;<\/strong><\/p>\n<ul>\n<li>G\u00e9n\u00e9ration 4 (G4)<\/li>\n<li>G\u00e9n\u00e9ration 3 (G3)<\/li>\n<\/ul>\n<h3>Pourquoi choisir l&#8217;Abat-jour Kirby G3 et G4 ?<\/h3>\n<p>Si vous constatez que l&#8217;abat-jour est endommag\u00e9, d\u00e9color\u00e9 ou m\u00eame manquant, cela peut affecter le fonctionnement de l&#8217;aspirateur. Non seulement l&#8217;ampoule est alors vuln\u00e9rable, mais la salet\u00e9 peut \u00e9galement s&#8217;infiltrer et causer des dommages. Il est donc important d&#8217;acheter un abat-jour de remplacement \u00e0 temps.<\/p>\n<p>En outre, cet abat-jour est compatible avec les mod\u00e8les Kirby G3 et Kirby G4. Ainsi, vous n&#8217;avez pas \u00e0 vous soucier de la taille ou de la connexion. Vous recevrez un abat-jour qui s&#8217;adapte parfaitement \u00e0 votre aspirateur Kirby existant, sans avoir \u00e0 ajuster quoi que ce soit ou \u00e0 acheter des pi\u00e8ces suppl\u00e9mentaires.<\/p>\n<p>Vous trouverez ici toutes <a href=\"https:\/\/www.veltec.eu\/fr\/kirby-lampes-et-deflecteurs\/\">les lampes et tous les capuchons pour aspirateurs Kirby<\/a>.<\/p>\n<h2>Assemblage facile et mat\u00e9riau durable<\/h2>\n<h3>Facile \u00e0 remplacer<\/h3>\n<p>Gr\u00e2ce \u00e0 sa conception intelligente, l&#8217;abat-jour Kirby est facile \u00e0 remplacer soi-m\u00eame. Vous n&#8217;avez besoin d&#8217;aucune connaissance technique ni d&#8217;aucun outil sp\u00e9cial pour assembler cette pi\u00e8ce. Ainsi, vous pouvez rapidement r\u00e9utiliser votre aspirateur, sans tracas ni longue attente aupr\u00e8s d&#8217;un service de r\u00e9paration.<\/p>\n<h3>Fabriqu\u00e9 pour une utilisation durable<\/h3>\n<p>Le capuchon est fabriqu\u00e9 dans un plastique de haute qualit\u00e9 qui r\u00e9siste aux chocs, aux rayures et \u00e0 la d\u00e9coloration. Non seulement le capuchon conserve une belle apparence, mais il prot\u00e8ge \u00e9galement la lumi\u00e8re pendant longtemps. Vous optez donc non seulement pour la commodit\u00e9, mais aussi pour la qualit\u00e9 et la durabilit\u00e9.<\/p>\n<h2>Votre aspirateur Kirby comme neuf<\/h2>\n<p>Une petite pi\u00e8ce comme un abat-jour peut faire une diff\u00e9rence \u00e9tonnante. Non seulement en termes d&#8217;apparence, mais aussi en termes de s\u00e9curit\u00e9 et de fonctionnement. En achetant cet Kirby lampadaire G3 et G4 :<\/p>\n<ul>\n<li>Prolonge la dur\u00e9e de vie de votre aspirateur<\/li>\n<li>Prot\u00e8ge les pi\u00e8ces importantes contre les dommages<\/li>\n<li>Garantit un aspect propre et net.<\/li>\n<\/ul>\n<p>N&#8217;attendez donc pas trop longtemps pour le remplacer et donnez \u00e0 votre aspirateur Kirby l&#8217;attention qu&#8217;il m\u00e9rite.<\/p>\n","protected":false},"excerpt":{"rendered":"<p>D\u00e9flecteur de lampe pour Kirby G3 et G4.<\/p>\n[trustindex data-widget-id=e3bb80b24fa128098b960fc2439]\n<h3><span style=\"color: #008000;\"><br \/>\nEn stock<\/span><\/h3>\n[av_font_icon icon='ue812' font='entypo-fontello' style='' caption='' size='25px' position='left' color='#43ad66' link='' linktarget='' title_attr='' sonar_effect_effect='' sonar_effect_color='' sonar_effect_duration='1' sonar_effect_scale='' sonar_effect_opac='0.5' animation='' id='' custom_class='' template_class='' av_uid='' sc_version='1.0' admin_preview_bg=''][\/av_font_icon]\n<p><span style=\"color: #008000;\">Command\u00e9 23:59, exp\u00e9di\u00e9 demain<\/span><\/p>\n<p>&nbsp;<\/p>\n","protected":false},"featured_media":90563,"comment_status":"open","ping_status":"closed","template":"","meta":[],"product_brand":[],"product_cat":[299],"product_tag":[],"class_list":{"0":"post-10184","1":"product","2":"type-product","3":"status-publish","4":"has-post-thumbnail","6":"product_cat-kirby-lampes-et-deflecteurs","7":"product_shipping_class-klein-de-fr","9":"first","10":"instock","11":"taxable","12":"shipping-taxable","13":"purchasable","14":"product-type-simple"},"yoast_head":"<!-- This site is optimized with the Yoast SEO Premium plugin v27.1 (Yoast SEO v27.4) - https:\/\/yoast.com\/product\/yoast-seo-premium-wordpress\/ -->\n<title>Abat-jour Kirby G3 et G4 - Veltec Kirby specialist<\/title>\n<meta name=\"description\" content=\"Abat-jour Kirby G3 et G4 - Veltec est le fournisseur des aspirateurs Kirby depuis plus de 25 ans. Et est votre sp\u00e9cialiste de confiance\" \/>\n<meta name=\"robots\" content=\"index, follow, max-snippet:-1, max-image-preview:large, max-video-preview:-1\" \/>\n<link rel=\"canonical\" href=\"https:\/\/www.veltec.eu\/fr\/product\/abat-jour-kirby-g3-et-g4\/\" \/>\n<meta property=\"og:locale\" content=\"fr_FR\" \/>\n<meta property=\"og:type\" content=\"article\" \/>\n<meta property=\"og:title\" content=\"Abat-jour Kirby G3 et G4\" \/>\n<meta property=\"og:description\" content=\"D\u00e9flecteur de lampe pour Kirby G3 et G4.    En stock   Command\u00e9 23:59, exp\u00e9di\u00e9 demain  &nbsp;\" \/>\n<meta property=\"og:url\" content=\"https:\/\/www.veltec.eu\/fr\/product\/abat-jour-kirby-g3-et-g4\/\" \/>\n<meta property=\"og:site_name\" content=\"Veltec Kirby specialist\" \/>\n<meta property=\"article:publisher\" content=\"https:\/\/www.facebook.com\/Veltec-Kirby-Specialist-236746293374877\/\" \/>\n<meta property=\"article:modified_time\" content=\"2025-04-11T11:46:19+00:00\" \/>\n<meta property=\"og:image\" content=\"https:\/\/www.veltec.eu\/wp-content\/uploads\/2018\/10\/lampen_kapje_g3_tm_g4.jpg\" \/>\n\t<meta property=\"og:image:width\" content=\"300\" \/>\n\t<meta property=\"og:image:height\" content=\"300\" \/>\n\t<meta property=\"og:image:type\" content=\"image\/jpeg\" \/>\n<meta name=\"twitter:card\" content=\"summary_large_image\" \/>\n<meta name=\"twitter:label1\" content=\"Dur\u00e9e de lecture estim\u00e9e\" \/>\n\t<meta name=\"twitter:data1\" content=\"2 minutes\" \/>\n<script type=\"application\/ld+json\" class=\"yoast-schema-graph\">{\"@context\":\"https:\\\/\\\/schema.org\",\"@graph\":[{\"@type\":\"WebPage\",\"@id\":\"https:\\\/\\\/www.veltec.eu\\\/fr\\\/product\\\/abat-jour-kirby-g3-et-g4\\\/\",\"url\":\"https:\\\/\\\/www.veltec.eu\\\/fr\\\/product\\\/abat-jour-kirby-g3-et-g4\\\/\",\"name\":\"Abat-jour Kirby G3 et G4 - Veltec Kirby specialist\",\"isPartOf\":{\"@id\":\"https:\\\/\\\/www.veltec.eu\\\/en\\\/#website\"},\"primaryImageOfPage\":{\"@id\":\"https:\\\/\\\/www.veltec.eu\\\/fr\\\/product\\\/abat-jour-kirby-g3-et-g4\\\/#primaryimage\"},\"image\":{\"@id\":\"https:\\\/\\\/www.veltec.eu\\\/fr\\\/product\\\/abat-jour-kirby-g3-et-g4\\\/#primaryimage\"},\"thumbnailUrl\":\"https:\\\/\\\/www.veltec.eu\\\/wp-content\\\/uploads\\\/2018\\\/10\\\/Lampenkapje-Kirby-G3-G4.jpg\",\"datePublished\":\"2018-10-30T09:41:43+00:00\",\"dateModified\":\"2025-04-11T11:46:19+00:00\",\"description\":\"Abat-jour Kirby G3 et G4 - Veltec est le fournisseur des aspirateurs Kirby depuis plus de 25 ans. Et est votre sp\u00e9cialiste de confiance\",\"breadcrumb\":{\"@id\":\"https:\\\/\\\/www.veltec.eu\\\/fr\\\/product\\\/abat-jour-kirby-g3-et-g4\\\/#breadcrumb\"},\"inLanguage\":\"fr-FR\",\"potentialAction\":[{\"@type\":\"ReadAction\",\"target\":[\"https:\\\/\\\/www.veltec.eu\\\/fr\\\/product\\\/abat-jour-kirby-g3-et-g4\\\/\"]}]},{\"@type\":\"ImageObject\",\"inLanguage\":\"fr-FR\",\"@id\":\"https:\\\/\\\/www.veltec.eu\\\/fr\\\/product\\\/abat-jour-kirby-g3-et-g4\\\/#primaryimage\",\"url\":\"https:\\\/\\\/www.veltec.eu\\\/wp-content\\\/uploads\\\/2018\\\/10\\\/Lampenkapje-Kirby-G3-G4.jpg\",\"contentUrl\":\"https:\\\/\\\/www.veltec.eu\\\/wp-content\\\/uploads\\\/2018\\\/10\\\/Lampenkapje-Kirby-G3-G4.jpg\",\"width\":600,\"height\":600},{\"@type\":\"BreadcrumbList\",\"@id\":\"https:\\\/\\\/www.veltec.eu\\\/fr\\\/product\\\/abat-jour-kirby-g3-et-g4\\\/#breadcrumb\",\"itemListElement\":[{\"@type\":\"ListItem\",\"position\":1,\"name\":\"Home\",\"item\":\"https:\\\/\\\/www.veltec.eu\\\/fr\\\/\"},{\"@type\":\"ListItem\",\"position\":2,\"name\":\"Produits\",\"item\":\"https:\\\/\\\/www.veltec.eu\\\/fr\\\/shop\\\/\"},{\"@type\":\"ListItem\",\"position\":3,\"name\":\"Abat-jour Kirby G3 et G4\"}]},{\"@type\":\"WebSite\",\"@id\":\"https:\\\/\\\/www.veltec.eu\\\/en\\\/#website\",\"url\":\"https:\\\/\\\/www.veltec.eu\\\/en\\\/\",\"name\":\"Veltec Kirby specialist\",\"description\":\"Kirby stofzuiger producten\",\"publisher\":{\"@id\":\"https:\\\/\\\/www.veltec.eu\\\/en\\\/#organization\"},\"potentialAction\":[{\"@type\":\"SearchAction\",\"target\":{\"@type\":\"EntryPoint\",\"urlTemplate\":\"https:\\\/\\\/www.veltec.eu\\\/en\\\/?s={search_term_string}\"},\"query-input\":{\"@type\":\"PropertyValueSpecification\",\"valueRequired\":true,\"valueName\":\"search_term_string\"}}],\"inLanguage\":\"fr-FR\"},{\"@type\":\"Organization\",\"@id\":\"https:\\\/\\\/www.veltec.eu\\\/en\\\/#organization\",\"name\":\"Veltec Kirby Specialist\",\"url\":\"https:\\\/\\\/www.veltec.eu\\\/en\\\/\",\"logo\":{\"@type\":\"ImageObject\",\"inLanguage\":\"fr-FR\",\"@id\":\"https:\\\/\\\/www.veltec.eu\\\/en\\\/#\\\/schema\\\/logo\\\/image\\\/\",\"url\":\"https:\\\/\\\/www.veltec.eu\\\/wp-content\\\/uploads\\\/2021\\\/12\\\/Veltec-log-groot-e1537260889125.png\",\"contentUrl\":\"https:\\\/\\\/www.veltec.eu\\\/wp-content\\\/uploads\\\/2021\\\/12\\\/Veltec-log-groot-e1537260889125.png\",\"width\":200,\"height\":60,\"caption\":\"Veltec Kirby Specialist\"},\"image\":{\"@id\":\"https:\\\/\\\/www.veltec.eu\\\/en\\\/#\\\/schema\\\/logo\\\/image\\\/\"},\"sameAs\":[\"https:\\\/\\\/www.facebook.com\\\/Veltec-Kirby-Specialist-236746293374877\\\/\",\"https:\\\/\\\/www.youtube.com\\\/user\\\/VeltecService\"]}]}<\/script>\n<!-- \/ Yoast SEO Premium plugin. -->","yoast_head_json":{"title":"Abat-jour Kirby G3 et G4 - Veltec Kirby specialist","description":"Abat-jour Kirby G3 et G4 - Veltec est le fournisseur des aspirateurs Kirby depuis plus de 25 ans. Et est votre sp\u00e9cialiste de confiance","robots":{"index":"index","follow":"follow","max-snippet":"max-snippet:-1","max-image-preview":"max-image-preview:large","max-video-preview":"max-video-preview:-1"},"canonical":"https:\/\/www.veltec.eu\/fr\/product\/abat-jour-kirby-g3-et-g4\/","og_locale":"fr_FR","og_type":"article","og_title":"Abat-jour Kirby G3 et G4","og_description":"D\u00e9flecteur de lampe pour Kirby G3 et G4.    En stock   Command\u00e9 23:59, exp\u00e9di\u00e9 demain  &nbsp;","og_url":"https:\/\/www.veltec.eu\/fr\/product\/abat-jour-kirby-g3-et-g4\/","og_site_name":"Veltec Kirby specialist","article_publisher":"https:\/\/www.facebook.com\/Veltec-Kirby-Specialist-236746293374877\/","article_modified_time":"2025-04-11T11:46:19+00:00","og_image":[{"width":300,"height":300,"url":"https:\/\/www.veltec.eu\/wp-content\/uploads\/2018\/10\/lampen_kapje_g3_tm_g4.jpg","type":"image\/jpeg"}],"twitter_card":"summary_large_image","twitter_misc":{"Dur\u00e9e de lecture estim\u00e9e":"2 minutes"},"schema":{"@context":"https:\/\/schema.org","@graph":[{"@type":"WebPage","@id":"https:\/\/www.veltec.eu\/fr\/product\/abat-jour-kirby-g3-et-g4\/","url":"https:\/\/www.veltec.eu\/fr\/product\/abat-jour-kirby-g3-et-g4\/","name":"Abat-jour Kirby G3 et G4 - Veltec Kirby specialist","isPartOf":{"@id":"https:\/\/www.veltec.eu\/en\/#website"},"primaryImageOfPage":{"@id":"https:\/\/www.veltec.eu\/fr\/product\/abat-jour-kirby-g3-et-g4\/#primaryimage"},"image":{"@id":"https:\/\/www.veltec.eu\/fr\/product\/abat-jour-kirby-g3-et-g4\/#primaryimage"},"thumbnailUrl":"https:\/\/www.veltec.eu\/wp-content\/uploads\/2018\/10\/Lampenkapje-Kirby-G3-G4.jpg","datePublished":"2018-10-30T09:41:43+00:00","dateModified":"2025-04-11T11:46:19+00:00","description":"Abat-jour Kirby G3 et G4 - Veltec est le fournisseur des aspirateurs Kirby depuis plus de 25 ans. Et est votre sp\u00e9cialiste de confiance","breadcrumb":{"@id":"https:\/\/www.veltec.eu\/fr\/product\/abat-jour-kirby-g3-et-g4\/#breadcrumb"},"inLanguage":"fr-FR","potentialAction":[{"@type":"ReadAction","target":["https:\/\/www.veltec.eu\/fr\/product\/abat-jour-kirby-g3-et-g4\/"]}]},{"@type":"ImageObject","inLanguage":"fr-FR","@id":"https:\/\/www.veltec.eu\/fr\/product\/abat-jour-kirby-g3-et-g4\/#primaryimage","url":"https:\/\/www.veltec.eu\/wp-content\/uploads\/2018\/10\/Lampenkapje-Kirby-G3-G4.jpg","contentUrl":"https:\/\/www.veltec.eu\/wp-content\/uploads\/2018\/10\/Lampenkapje-Kirby-G3-G4.jpg","width":600,"height":600},{"@type":"BreadcrumbList","@id":"https:\/\/www.veltec.eu\/fr\/product\/abat-jour-kirby-g3-et-g4\/#breadcrumb","itemListElement":[{"@type":"ListItem","position":1,"name":"Home","item":"https:\/\/www.veltec.eu\/fr\/"},{"@type":"ListItem","position":2,"name":"Produits","item":"https:\/\/www.veltec.eu\/fr\/shop\/"},{"@type":"ListItem","position":3,"name":"Abat-jour Kirby G3 et G4"}]},{"@type":"WebSite","@id":"https:\/\/www.veltec.eu\/en\/#website","url":"https:\/\/www.veltec.eu\/en\/","name":"Veltec Kirby specialist","description":"Kirby stofzuiger producten","publisher":{"@id":"https:\/\/www.veltec.eu\/en\/#organization"},"potentialAction":[{"@type":"SearchAction","target":{"@type":"EntryPoint","urlTemplate":"https:\/\/www.veltec.eu\/en\/?s={search_term_string}"},"query-input":{"@type":"PropertyValueSpecification","valueRequired":true,"valueName":"search_term_string"}}],"inLanguage":"fr-FR"},{"@type":"Organization","@id":"https:\/\/www.veltec.eu\/en\/#organization","name":"Veltec Kirby Specialist","url":"https:\/\/www.veltec.eu\/en\/","logo":{"@type":"ImageObject","inLanguage":"fr-FR","@id":"https:\/\/www.veltec.eu\/en\/#\/schema\/logo\/image\/","url":"https:\/\/www.veltec.eu\/wp-content\/uploads\/2021\/12\/Veltec-log-groot-e1537260889125.png","contentUrl":"https:\/\/www.veltec.eu\/wp-content\/uploads\/2021\/12\/Veltec-log-groot-e1537260889125.png","width":200,"height":60,"caption":"Veltec Kirby Specialist"},"image":{"@id":"https:\/\/www.veltec.eu\/en\/#\/schema\/logo\/image\/"},"sameAs":["https:\/\/www.facebook.com\/Veltec-Kirby-Specialist-236746293374877\/","https:\/\/www.youtube.com\/user\/VeltecService"]}]}},"_links":{"self":[{"href":"https:\/\/www.veltec.eu\/fr\/wp-json\/wp\/v2\/product\/10184","targetHints":{"allow":["GET"]}}],"collection":[{"href":"https:\/\/www.veltec.eu\/fr\/wp-json\/wp\/v2\/product"}],"about":[{"href":"https:\/\/www.veltec.eu\/fr\/wp-json\/wp\/v2\/types\/product"}],"replies":[{"embeddable":true,"href":"https:\/\/www.veltec.eu\/fr\/wp-json\/wp\/v2\/comments?post=10184"}],"wp:featuredmedia":[{"embeddable":true,"href":"https:\/\/www.veltec.eu\/fr\/wp-json\/wp\/v2\/media\/90563"}],"wp:attachment":[{"href":"https:\/\/www.veltec.eu\/fr\/wp-json\/wp\/v2\/media?parent=10184"}],"wp:term":[{"taxonomy":"product_brand","embeddable":true,"href":"https:\/\/www.veltec.eu\/fr\/wp-json\/wp\/v2\/product_brand?post=10184"},{"taxonomy":"product_cat","embeddable":true,"href":"https:\/\/www.veltec.eu\/fr\/wp-json\/wp\/v2\/product_cat?post=10184"},{"taxonomy":"product_tag","embeddable":true,"href":"https:\/\/www.veltec.eu\/fr\/wp-json\/wp\/v2\/product_tag?post=10184"}],"curies":[{"name":"wp","href":"https:\/\/api.w.org\/{rel}","templated":true}]}}