{"id":10179,"date":"2018-10-30T11:46:09","date_gmt":"2018-10-30T09:46:09","guid":{"rendered":"https:\/\/www.veltec.eu\/kirby-webshop\/deflecteur-de-lampe-types-g5-a-g8-nl3067\/"},"modified":"2025-04-11T12:45:10","modified_gmt":"2025-04-11T10:45:10","slug":"deflecteur-de-lampe-types-kirby-g5-a-g8-nl3067","status":"publish","type":"product","link":"https:\/\/www.veltec.eu\/fr\/product\/deflecteur-de-lampe-types-kirby-g5-a-g8-nl3067\/","title":{"rendered":"D\u00e9flecteur de lampe types Kirby G5 \u00e0 G8"},"content":{"rendered":"<h2>D\u00e9flecteur de lampe types Kirby G5 \u00e0 G8 &#8211; Pour une finition soign\u00e9e et s\u00fbre<\/h2>\n<p>Vous \u00eates \u00e0 la recherche d&#8217;un D\u00e9flecteur de lampe types Kirby G5 \u00e0 G8 de remplacement ? Ce capuchon d&#8217;origine est exactement ce qu&#8217;il vous faut. Que vous souhaitiez remplacer un capuchon endommag\u00e9 ou donner un coup de jeune \u00e0 votre aspirateur, cette pi\u00e8ce est indispensable pour la finition et la protection de votre <a href=\"https:\/\/www.veltec.eu\/fr\/aspirateurs-kirby\/\">aspirateur Kirby<\/a>.<\/p>\n<h3>Qu&#8217;est-ce que le D\u00e9flecteur de lampe types Kirby G5 \u00e0 G8 ?<\/h3>\n<p>L&#8217;abat-jour situ\u00e9 \u00e0 l&#8217;avant de votre <a href=\"https:\/\/www.veltec.eu\/fr\/aspirateurs-kirby\/\">aspirateur Kirby<\/a> a une double fonction. D&#8217;une part, il assure une finition soign\u00e9e du design. D&#8217;autre part, il offre la protection n\u00e9cessaire \u00e0 l&#8217;\u00e9clairage int\u00e9gr\u00e9. Sans ce couvercle, votre \u00e9clairage est vuln\u00e9rable aux chocs, \u00e0 la poussi\u00e8re ou m\u00eame aux d\u00e9g\u00e2ts des eaux, ce qui peut \u00e9videmment r\u00e9duire la dur\u00e9e de vie de votre appareil.<\/p>\n<p>Il est donc judicieux de remplacer cette pi\u00e8ce \u00e0 temps, surtout si le capuchon pr\u00e9sente des fissures, des craquelures ou des d\u00e9colorations.<\/p>\n<p>Vous trouverez ici <a href=\"https:\/\/www.veltec.eu\/fr\/?page_id=59303\">toutes les lampes et tous les capuchons<\/a> d&#8217;aspirateur Kirby.<\/p>\n<h2>Compatibilit\u00e9 : G5, G6, G7 Ultimate et G8 Diamond<\/h2>\n<h3>S&#8217;adapte parfaitement \u00e0 plusieurs mod\u00e8les Kirby<\/h3>\n<p>L&#8217;un des plus grands avantages de ce D\u00e9flecteur de lampe types Kirby G5 \u00e0 G8 est sa large compatibilit\u00e9. Le capuchon est sp\u00e9cialement con\u00e7u pour les mod\u00e8les Kirby suivants :<\/p>\n<ul>\n<li>Kirby G5<\/li>\n<li>Kirby G6<\/li>\n<li>Kirby G7 Ultimate G<\/li>\n<li>Kirby G8 Diamond Edition<\/li>\n<\/ul>\n<p>Comme il s&#8217;agit d&#8217;une pi\u00e8ce d&#8217;origine, vous pouvez \u00eatre s\u00fbr qu&#8217;il s&#8217;adapte parfaitement \u00e0 votre aspirateur. De ce fait, vous n&#8217;avez pas besoin de bricoler ou de faire des ajustements. Vous n&#8217;avez qu&#8217;\u00e0 cliquer sur le capuchon pour le mettre en place et vous pouvez commencer \u00e0 nettoyer imm\u00e9diatement.<\/p>\n<p>De plus, l&#8217;utilisation de pi\u00e8ces d&#8217;origine permet d&#8217;\u00e9viter des probl\u00e8mes avec d&#8217;autres composants de votre aspirateur Kirby, tels que l&#8217;\u00e9clairage ou la construction du capot.<\/p>\n<h2>Assemblage facile et remplacement rapide<\/h2>\n<h3>Install\u00e9 en quelques minutes<\/h3>\n<p>Le remplacement de l&#8217;abat-jour est heureusement tr\u00e8s simple. M\u00eame si vous n&#8217;avez aucune exp\u00e9rience en mati\u00e8re de pi\u00e8ces d&#8217;aspirateur, vous pouvez effectuer ce travail vous-m\u00eame. Gr\u00e2ce au m\u00e9canisme d&#8217;encliquetage et de glissement, l&#8217;installation est un jeu d&#8217;enfant.<\/p>\n<p>Apr\u00e8s avoir retir\u00e9 l&#8217;ancien capuchon, faites glisser le nouveau capuchon jusqu&#8217;\u00e0 ce que vous entendiez un clic. V\u00e9rifiez ensuite qu&#8217;il est bien en place. Si c&#8217;est le cas, votre Kirby est \u00e0 nouveau pr\u00eat \u00e0 l&#8217;emploi &#8211; avec un nouveau look et une meilleure protection.<\/p>\n<p>Conseil : avant le montage, nettoyez la surface pour enlever la poussi\u00e8re ou la salet\u00e9. De cette fa\u00e7on, le capuchon reste en place et vous \u00e9vitez que des salet\u00e9s ne se glissent entre la lampe et le capuchon.<\/p>\n<h2>Pourquoi choisir ce D\u00e9flecteur de lampe types Kirby G5 \u00e0 G8 ?<\/h2>\n<h3>Les avantages en un coup d&#8217;\u0153il<\/h3>\n<p>En bref, cet abat-jour de lampe Kirby G5 \u00e0 G8 est la solution id\u00e9ale lorsque vous :<\/p>\n<ul>\n<li>Vous avez perdu ou endommag\u00e9 l&#8217;ancien abat-jour<\/li>\n<li>Vous voulez garder l&#8217;avant de votre aspirateur en ordre<\/li>\n<li>Vous voulez \u00eatre s\u00fbr que l&#8217;abat-jour s&#8217;adapte parfaitement \u00e0 votre appareil<\/li>\n<li>Les pi\u00e8ces d&#8217;origine sont importantes<\/li>\n<\/ul>\n<p>Avec cette housse, vous faites le choix de la qualit\u00e9, de la s\u00e9curit\u00e9 et de la simplicit\u00e9. Et comme elle convient \u00e0 plusieurs mod\u00e8les Kirby, il y a de fortes chances qu&#8217;elle convienne \u00e9galement \u00e0 votre appareil.<\/p>\n<p>Alors n&#8217;attendez pas que la lampe soit expos\u00e9e, prot\u00e9gez d\u00e8s aujourd&#8217;hui votre aspirateur Kirby avec cet indispensable cache lampe.<\/p>\n","protected":false},"excerpt":{"rendered":"<p>D\u00e9flecteur de lampe pour Kirby de type G5 \u00e0 G8.<\/p>\n[trustindex data-widget-id=e3bb80b24fa128098b960fc2439]\n<h3><span style=\"color: #008000;\"><br \/>\nEn stock<\/span><\/h3>\n[av_font_icon icon='ue812' font='entypo-fontello' style='' caption='' size='25px' position='left' color='#43ad66' link='' linktarget='' title_attr='' sonar_effect_effect='' sonar_effect_color='' sonar_effect_duration='1' sonar_effect_scale='' sonar_effect_opac='0.5' animation='' id='' custom_class='' template_class='' av_uid='' sc_version='1.0' admin_preview_bg=''][\/av_font_icon]\n<p><span style=\"color: #008000;\">Command\u00e9 23:59, exp\u00e9di\u00e9 demain<\/span><\/p>\n<p>&nbsp;<\/p>\n","protected":false},"featured_media":90569,"comment_status":"open","ping_status":"closed","template":"","meta":{"_acf_changed":false},"product_brand":[],"product_cat":[299],"product_tag":[],"class_list":{"0":"post-10179","1":"product","2":"type-product","3":"status-publish","4":"has-post-thumbnail","6":"product_cat-kirby-lampes-et-deflecteurs","7":"product_shipping_class-klein-de-fr","9":"first","10":"instock","11":"taxable","12":"shipping-taxable","13":"purchasable","14":"product-type-simple"},"acf":[],"yoast_head":"<!-- This site is optimized with the Yoast SEO Premium plugin v27.1 (Yoast SEO v27.4) - https:\/\/yoast.com\/product\/yoast-seo-premium-wordpress\/ -->\n<title>D\u00e9flecteur de lampe types Kirby G5 \u00e0 G8 - Veltec Kirby specialist<\/title>\n<meta name=\"description\" content=\"D\u00e9flecteur de lampe types Kirby G5 \u00e0 G8 - Veltec fournit des aspirateurs Kirby depuis plus de 25 ans. C&#039;est votre sp\u00e9cialiste du service Kirby.\" \/>\n<meta name=\"robots\" content=\"index, follow, max-snippet:-1, max-image-preview:large, max-video-preview:-1\" \/>\n<link rel=\"canonical\" href=\"https:\/\/www.veltec.eu\/fr\/product\/deflecteur-de-lampe-types-kirby-g5-a-g8-nl3067\/\" \/>\n<meta property=\"og:locale\" content=\"fr_FR\" \/>\n<meta property=\"og:type\" content=\"article\" \/>\n<meta property=\"og:title\" content=\"D\u00e9flecteur de lampe types Kirby G5 \u00e0 G8\" \/>\n<meta property=\"og:description\" content=\"D\u00e9flecteur de lampe pour Kirby de type G5 \u00e0 G8.    En stock   Command\u00e9 23:59, exp\u00e9di\u00e9 demain  &nbsp;\" \/>\n<meta property=\"og:url\" content=\"https:\/\/www.veltec.eu\/fr\/product\/deflecteur-de-lampe-types-kirby-g5-a-g8-nl3067\/\" \/>\n<meta property=\"og:site_name\" content=\"Veltec Kirby specialist\" \/>\n<meta property=\"article:publisher\" content=\"https:\/\/www.facebook.com\/Veltec-Kirby-Specialist-236746293374877\/\" \/>\n<meta property=\"article:modified_time\" content=\"2025-04-11T10:45:10+00:00\" \/>\n<meta property=\"og:image\" content=\"https:\/\/www.veltec.eu\/wp-content\/uploads\/2018\/10\/lampenkapje_g5_tm_g8-1.jpg\" \/>\n\t<meta property=\"og:image:width\" content=\"300\" \/>\n\t<meta property=\"og:image:height\" content=\"300\" \/>\n\t<meta property=\"og:image:type\" content=\"image\/jpeg\" \/>\n<meta name=\"twitter:card\" content=\"summary_large_image\" \/>\n<meta name=\"twitter:label1\" content=\"Dur\u00e9e de lecture estim\u00e9e\" \/>\n\t<meta name=\"twitter:data1\" content=\"3 minutes\" \/>\n<script type=\"application\/ld+json\" class=\"yoast-schema-graph\">{\"@context\":\"https:\\\/\\\/schema.org\",\"@graph\":[{\"@type\":\"WebPage\",\"@id\":\"https:\\\/\\\/www.veltec.eu\\\/fr\\\/product\\\/deflecteur-de-lampe-types-kirby-g5-a-g8-nl3067\\\/\",\"url\":\"https:\\\/\\\/www.veltec.eu\\\/fr\\\/product\\\/deflecteur-de-lampe-types-kirby-g5-a-g8-nl3067\\\/\",\"name\":\"D\u00e9flecteur de lampe types Kirby G5 \u00e0 G8 - Veltec Kirby specialist\",\"isPartOf\":{\"@id\":\"https:\\\/\\\/www.veltec.eu\\\/en\\\/#website\"},\"primaryImageOfPage\":{\"@id\":\"https:\\\/\\\/www.veltec.eu\\\/fr\\\/product\\\/deflecteur-de-lampe-types-kirby-g5-a-g8-nl3067\\\/#primaryimage\"},\"image\":{\"@id\":\"https:\\\/\\\/www.veltec.eu\\\/fr\\\/product\\\/deflecteur-de-lampe-types-kirby-g5-a-g8-nl3067\\\/#primaryimage\"},\"thumbnailUrl\":\"https:\\\/\\\/www.veltec.eu\\\/wp-content\\\/uploads\\\/2018\\\/10\\\/Kirby-lampenkapje-G5-G8.jpg\",\"datePublished\":\"2018-10-30T09:46:09+00:00\",\"dateModified\":\"2025-04-11T10:45:10+00:00\",\"description\":\"D\u00e9flecteur de lampe types Kirby G5 \u00e0 G8 - Veltec fournit des aspirateurs Kirby depuis plus de 25 ans. C'est votre sp\u00e9cialiste du service Kirby.\",\"breadcrumb\":{\"@id\":\"https:\\\/\\\/www.veltec.eu\\\/fr\\\/product\\\/deflecteur-de-lampe-types-kirby-g5-a-g8-nl3067\\\/#breadcrumb\"},\"inLanguage\":\"fr-FR\",\"potentialAction\":[{\"@type\":\"ReadAction\",\"target\":[\"https:\\\/\\\/www.veltec.eu\\\/fr\\\/product\\\/deflecteur-de-lampe-types-kirby-g5-a-g8-nl3067\\\/\"]}]},{\"@type\":\"ImageObject\",\"inLanguage\":\"fr-FR\",\"@id\":\"https:\\\/\\\/www.veltec.eu\\\/fr\\\/product\\\/deflecteur-de-lampe-types-kirby-g5-a-g8-nl3067\\\/#primaryimage\",\"url\":\"https:\\\/\\\/www.veltec.eu\\\/wp-content\\\/uploads\\\/2018\\\/10\\\/Kirby-lampenkapje-G5-G8.jpg\",\"contentUrl\":\"https:\\\/\\\/www.veltec.eu\\\/wp-content\\\/uploads\\\/2018\\\/10\\\/Kirby-lampenkapje-G5-G8.jpg\",\"width\":600,\"height\":600},{\"@type\":\"BreadcrumbList\",\"@id\":\"https:\\\/\\\/www.veltec.eu\\\/fr\\\/product\\\/deflecteur-de-lampe-types-kirby-g5-a-g8-nl3067\\\/#breadcrumb\",\"itemListElement\":[{\"@type\":\"ListItem\",\"position\":1,\"name\":\"Home\",\"item\":\"https:\\\/\\\/www.veltec.eu\\\/fr\\\/\"},{\"@type\":\"ListItem\",\"position\":2,\"name\":\"Boutique Kirby\",\"item\":\"https:\\\/\\\/www.veltec.eu\\\/fr\\\/boutique-kirby\\\/\"},{\"@type\":\"ListItem\",\"position\":3,\"name\":\"D\u00e9flecteur de lampe types Kirby G5 \u00e0 G8\"}]},{\"@type\":\"WebSite\",\"@id\":\"https:\\\/\\\/www.veltec.eu\\\/en\\\/#website\",\"url\":\"https:\\\/\\\/www.veltec.eu\\\/en\\\/\",\"name\":\"Veltec Kirby specialist\",\"description\":\"Kirby stofzuiger producten\",\"publisher\":{\"@id\":\"https:\\\/\\\/www.veltec.eu\\\/en\\\/#organization\"},\"potentialAction\":[{\"@type\":\"SearchAction\",\"target\":{\"@type\":\"EntryPoint\",\"urlTemplate\":\"https:\\\/\\\/www.veltec.eu\\\/en\\\/?s={search_term_string}\"},\"query-input\":{\"@type\":\"PropertyValueSpecification\",\"valueRequired\":true,\"valueName\":\"search_term_string\"}}],\"inLanguage\":\"fr-FR\"},{\"@type\":\"Organization\",\"@id\":\"https:\\\/\\\/www.veltec.eu\\\/en\\\/#organization\",\"name\":\"Veltec Kirby Specialist\",\"url\":\"https:\\\/\\\/www.veltec.eu\\\/en\\\/\",\"logo\":{\"@type\":\"ImageObject\",\"inLanguage\":\"fr-FR\",\"@id\":\"https:\\\/\\\/www.veltec.eu\\\/en\\\/#\\\/schema\\\/logo\\\/image\\\/\",\"url\":\"https:\\\/\\\/www.veltec.eu\\\/wp-content\\\/uploads\\\/2021\\\/12\\\/Veltec-log-groot-e1537260889125.png\",\"contentUrl\":\"https:\\\/\\\/www.veltec.eu\\\/wp-content\\\/uploads\\\/2021\\\/12\\\/Veltec-log-groot-e1537260889125.png\",\"width\":200,\"height\":60,\"caption\":\"Veltec Kirby Specialist\"},\"image\":{\"@id\":\"https:\\\/\\\/www.veltec.eu\\\/en\\\/#\\\/schema\\\/logo\\\/image\\\/\"},\"sameAs\":[\"https:\\\/\\\/www.facebook.com\\\/Veltec-Kirby-Specialist-236746293374877\\\/\",\"https:\\\/\\\/www.youtube.com\\\/user\\\/VeltecService\"]}]}<\/script>\n<!-- \/ Yoast SEO Premium plugin. -->","yoast_head_json":{"title":"D\u00e9flecteur de lampe types Kirby G5 \u00e0 G8 - Veltec Kirby specialist","description":"D\u00e9flecteur de lampe types Kirby G5 \u00e0 G8 - Veltec fournit des aspirateurs Kirby depuis plus de 25 ans. C'est votre sp\u00e9cialiste du service Kirby.","robots":{"index":"index","follow":"follow","max-snippet":"max-snippet:-1","max-image-preview":"max-image-preview:large","max-video-preview":"max-video-preview:-1"},"canonical":"https:\/\/www.veltec.eu\/fr\/product\/deflecteur-de-lampe-types-kirby-g5-a-g8-nl3067\/","og_locale":"fr_FR","og_type":"article","og_title":"D\u00e9flecteur de lampe types Kirby G5 \u00e0 G8","og_description":"D\u00e9flecteur de lampe pour Kirby de type G5 \u00e0 G8.    En stock   Command\u00e9 23:59, exp\u00e9di\u00e9 demain  &nbsp;","og_url":"https:\/\/www.veltec.eu\/fr\/product\/deflecteur-de-lampe-types-kirby-g5-a-g8-nl3067\/","og_site_name":"Veltec Kirby specialist","article_publisher":"https:\/\/www.facebook.com\/Veltec-Kirby-Specialist-236746293374877\/","article_modified_time":"2025-04-11T10:45:10+00:00","og_image":[{"width":300,"height":300,"url":"https:\/\/www.veltec.eu\/wp-content\/uploads\/2018\/10\/lampenkapje_g5_tm_g8-1.jpg","type":"image\/jpeg"}],"twitter_card":"summary_large_image","twitter_misc":{"Dur\u00e9e de lecture estim\u00e9e":"3 minutes"},"schema":{"@context":"https:\/\/schema.org","@graph":[{"@type":"WebPage","@id":"https:\/\/www.veltec.eu\/fr\/product\/deflecteur-de-lampe-types-kirby-g5-a-g8-nl3067\/","url":"https:\/\/www.veltec.eu\/fr\/product\/deflecteur-de-lampe-types-kirby-g5-a-g8-nl3067\/","name":"D\u00e9flecteur de lampe types Kirby G5 \u00e0 G8 - Veltec Kirby specialist","isPartOf":{"@id":"https:\/\/www.veltec.eu\/en\/#website"},"primaryImageOfPage":{"@id":"https:\/\/www.veltec.eu\/fr\/product\/deflecteur-de-lampe-types-kirby-g5-a-g8-nl3067\/#primaryimage"},"image":{"@id":"https:\/\/www.veltec.eu\/fr\/product\/deflecteur-de-lampe-types-kirby-g5-a-g8-nl3067\/#primaryimage"},"thumbnailUrl":"https:\/\/www.veltec.eu\/wp-content\/uploads\/2018\/10\/Kirby-lampenkapje-G5-G8.jpg","datePublished":"2018-10-30T09:46:09+00:00","dateModified":"2025-04-11T10:45:10+00:00","description":"D\u00e9flecteur de lampe types Kirby G5 \u00e0 G8 - Veltec fournit des aspirateurs Kirby depuis plus de 25 ans. C'est votre sp\u00e9cialiste du service Kirby.","breadcrumb":{"@id":"https:\/\/www.veltec.eu\/fr\/product\/deflecteur-de-lampe-types-kirby-g5-a-g8-nl3067\/#breadcrumb"},"inLanguage":"fr-FR","potentialAction":[{"@type":"ReadAction","target":["https:\/\/www.veltec.eu\/fr\/product\/deflecteur-de-lampe-types-kirby-g5-a-g8-nl3067\/"]}]},{"@type":"ImageObject","inLanguage":"fr-FR","@id":"https:\/\/www.veltec.eu\/fr\/product\/deflecteur-de-lampe-types-kirby-g5-a-g8-nl3067\/#primaryimage","url":"https:\/\/www.veltec.eu\/wp-content\/uploads\/2018\/10\/Kirby-lampenkapje-G5-G8.jpg","contentUrl":"https:\/\/www.veltec.eu\/wp-content\/uploads\/2018\/10\/Kirby-lampenkapje-G5-G8.jpg","width":600,"height":600},{"@type":"BreadcrumbList","@id":"https:\/\/www.veltec.eu\/fr\/product\/deflecteur-de-lampe-types-kirby-g5-a-g8-nl3067\/#breadcrumb","itemListElement":[{"@type":"ListItem","position":1,"name":"Home","item":"https:\/\/www.veltec.eu\/fr\/"},{"@type":"ListItem","position":2,"name":"Boutique Kirby","item":"https:\/\/www.veltec.eu\/fr\/boutique-kirby\/"},{"@type":"ListItem","position":3,"name":"D\u00e9flecteur de lampe types Kirby G5 \u00e0 G8"}]},{"@type":"WebSite","@id":"https:\/\/www.veltec.eu\/en\/#website","url":"https:\/\/www.veltec.eu\/en\/","name":"Veltec Kirby specialist","description":"Kirby stofzuiger producten","publisher":{"@id":"https:\/\/www.veltec.eu\/en\/#organization"},"potentialAction":[{"@type":"SearchAction","target":{"@type":"EntryPoint","urlTemplate":"https:\/\/www.veltec.eu\/en\/?s={search_term_string}"},"query-input":{"@type":"PropertyValueSpecification","valueRequired":true,"valueName":"search_term_string"}}],"inLanguage":"fr-FR"},{"@type":"Organization","@id":"https:\/\/www.veltec.eu\/en\/#organization","name":"Veltec Kirby Specialist","url":"https:\/\/www.veltec.eu\/en\/","logo":{"@type":"ImageObject","inLanguage":"fr-FR","@id":"https:\/\/www.veltec.eu\/en\/#\/schema\/logo\/image\/","url":"https:\/\/www.veltec.eu\/wp-content\/uploads\/2021\/12\/Veltec-log-groot-e1537260889125.png","contentUrl":"https:\/\/www.veltec.eu\/wp-content\/uploads\/2021\/12\/Veltec-log-groot-e1537260889125.png","width":200,"height":60,"caption":"Veltec Kirby Specialist"},"image":{"@id":"https:\/\/www.veltec.eu\/en\/#\/schema\/logo\/image\/"},"sameAs":["https:\/\/www.facebook.com\/Veltec-Kirby-Specialist-236746293374877\/","https:\/\/www.youtube.com\/user\/VeltecService"]}]}},"_links":{"self":[{"href":"https:\/\/www.veltec.eu\/fr\/wp-json\/wp\/v2\/product\/10179","targetHints":{"allow":["GET"]}}],"collection":[{"href":"https:\/\/www.veltec.eu\/fr\/wp-json\/wp\/v2\/product"}],"about":[{"href":"https:\/\/www.veltec.eu\/fr\/wp-json\/wp\/v2\/types\/product"}],"replies":[{"embeddable":true,"href":"https:\/\/www.veltec.eu\/fr\/wp-json\/wp\/v2\/comments?post=10179"}],"wp:featuredmedia":[{"embeddable":true,"href":"https:\/\/www.veltec.eu\/fr\/wp-json\/wp\/v2\/media\/90569"}],"wp:attachment":[{"href":"https:\/\/www.veltec.eu\/fr\/wp-json\/wp\/v2\/media?parent=10179"}],"wp:term":[{"taxonomy":"product_brand","embeddable":true,"href":"https:\/\/www.veltec.eu\/fr\/wp-json\/wp\/v2\/product_brand?post=10179"},{"taxonomy":"product_cat","embeddable":true,"href":"https:\/\/www.veltec.eu\/fr\/wp-json\/wp\/v2\/product_cat?post=10179"},{"taxonomy":"product_tag","embeddable":true,"href":"https:\/\/www.veltec.eu\/fr\/wp-json\/wp\/v2\/product_tag?post=10179"}],"curies":[{"name":"wp","href":"https:\/\/api.w.org\/{rel}","templated":true}]}}