{"id":10169,"date":"2018-10-30T11:56:28","date_gmt":"2018-10-30T09:56:28","guid":{"rendered":"https:\/\/www.veltec.eu\/kirby-webshop\/lampe-type-generation-nl3069\/"},"modified":"2025-04-11T10:28:14","modified_gmt":"2025-04-11T08:28:14","slug":"lampe-type-kirby-generation-nl3069","status":"publish","type":"product","link":"https:\/\/www.veltec.eu\/fr\/product\/lampe-type-kirby-generation-nl3069\/","title":{"rendered":"Lampe type Kirby Generation"},"content":{"rendered":"<h2>Lamppe type Kirby Generation &#8211; Eclairage lumineux pour votre aspirateur Kirby<\/h2>\n<p>La Lampe type Kirby Generation est une pi\u00e8ce de rechange essentielle pour divers mod\u00e8les d&#8217;<a href=\"https:\/\/www.veltec.eu\/fr\/aspirateurs-kirby\/\">aspirateurs Kirby<\/a>. Lorsque vous souhaitez conserver une vue optimale de la surface \u00e0 nettoyer pendant l&#8217;aspiration, cette lampe originale est exactement ce qu&#8217;il vous faut. Gr\u00e2ce \u00e0 son puissant faisceau lumineux, vous pouvez voir d&#8217;un coup d&#8217;\u0153il o\u00f9 se trouvent la poussi\u00e8re et la salet\u00e9, m\u00eame dans les coins sombres ou sous les meubles.<\/p>\n<h3>Convient \u00e0 plusieurs mod\u00e8les Kirby<\/h3>\n<p>L&#8217;un des grands avantages de la Kirby Light Generation est sa grande compatibilit\u00e9. En effet, cette lampe convient aux mod\u00e8les Kirby suivants :<\/p>\n<ul data-start=\"903\" data-end=\"1085\">\n<li class=\"\" data-start=\"903\" data-end=\"930\">Kirby Generation 3 (G3)<\/li>\n<li class=\"\" data-start=\"931\" data-end=\"958\">Kirby Generation 4 (G4)<\/li>\n<li class=\"\" data-start=\"959\" data-end=\"986\">Kirby Generation 5 (G5)<\/li>\n<li class=\"\" data-start=\"987\" data-end=\"1014\">Kirby Generation 6 (G6)<\/li>\n<li class=\"\" data-start=\"1015\" data-end=\"1051\">Kirby Generation 7 Ultimate (G7)<\/li>\n<li class=\"\" data-start=\"1052\" data-end=\"1085\">Kirby Generation 8 Diamond (G8)<\/li>\n<\/ul>\n<p>Si vous poss\u00e9dez l&#8217;un des mod\u00e8les ci-dessus, vous pouvez \u00eatre s\u00fbr que cette lampe s&#8217;adaptera et fonctionnera parfaitement.<\/p>\n<p>Vous trouverez ici toutes les <a href=\"https:\/\/www.veltec.eu\/fr\/kirby-lampes-et-deflecteurs\/\">lampes et tous les capuchons pour aspirateurs Kirby<\/a>.<\/p>\n<h2>Pourquoi choisir le type de lampe Kirby Generation ?<\/h2>\n<h3>Meilleure visibilit\u00e9 pendant l&#8217;aspiration<\/h3>\n<p>Tout d&#8217;abord, la lampe Kirby assure une visibilit\u00e9 optimale. Cela signifie que vous pouvez voir clairement o\u00f9 vous avez d\u00e9j\u00e0 pass\u00e9 l&#8217;aspirateur et o\u00f9 il y a encore de la salet\u00e9. Cette lumi\u00e8re fait vraiment la diff\u00e9rence, en particulier lorsque vous passez l&#8217;aspirateur sous les canap\u00e9s, les armoires ou les lits, l\u00e0 o\u00f9 il y a peu de lumi\u00e8re du jour.<\/p>\n<h3>Une pi\u00e8ce d&#8217;origine pour plus de fiabilit\u00e9<\/h3>\n<p>En outre, cette lampe est une pi\u00e8ce d&#8217;origine Kirby, ce qui signifie que vous \u00eates assur\u00e9 d&#8217;une haute qualit\u00e9 et d&#8217;une longue dur\u00e9e de vie. Cela signifie que vous n&#8217;avez pas \u00e0 vous fier \u00e0 des imitations bon march\u00e9 qui tombent souvent en panne rapidement ou qui ne s&#8217;adaptent pas correctement. Avec cette lampe, vous \u00eates assur\u00e9 d&#8217;une connexion et d&#8217;un fonctionnement parfaits d\u00e8s la sortie de la bo\u00eete.<\/p>\n<h3>Installation facile sans outils<\/h3>\n<p>Un autre avantage est que vous pouvez facilement remplacer l&#8217;ampoule vous-m\u00eame. Vous n&#8217;avez pas besoin d&#8217;outils sp\u00e9ciaux pour cela. Quelques gestes suffisent pour retirer l&#8217;ancienne ampoule et installer la nouvelle. Votre aspirateur est ainsi rapidement pr\u00eat \u00e0 l&#8217;emploi, sans qu&#8217;il soit n\u00e9cessaire de faire appel \u00e0 un m\u00e9canicien.<\/p>\n<h2>Commandez d\u00e8s aujourd&#8217;hui le type d&#8217;ampoule Kirby Generation<\/h2>\n<p>Vous cherchez une lampe fiable et puissante pour votre aspirateur Kirby ? Optez pour la lampe Kirby Generation. Gr\u00e2ce \u00e0 sa compatibilit\u00e9 avec de nombreux mod\u00e8les, sa facilit\u00e9 de montage et son faisceau lumineux, cette lampe est un investissement intelligent pour la long\u00e9vit\u00e9 et l&#8217;efficacit\u00e9 de votre aspirateur.<\/p>\n<h3>R\u00e9sum\u00e9 :<\/h3>\n<ul>\n<li>Convient aux mod\u00e8les Kirby G3 \u00e0 G8<\/li>\n<li>Apporte une lumi\u00e8re vive sur toutes les surfaces<\/li>\n<li>Pi\u00e8ce d&#8217;origine Kirby &#8211; haute qualit\u00e9 garantie<\/li>\n<li>Facile \u00e0 installer soi-m\u00eame<\/li>\n<li>Indispensable pour un nettoyage efficace<\/li>\n<\/ul>\n<p>N&#8217;attendez plus et donnez un coup de jeune \u00e0 votre aspirateur d\u00e8s aujourd&#8217;hui avec une nouvelle lampe Kirby. Non seulement votre maison restera propre, mais elle sera parfaitement \u00e9clair\u00e9e pendant que vous passez l&#8217;aspirateur !<\/p>\n","protected":false},"excerpt":{"rendered":"<p>Lampe pour Kirby de type Generation. Convient aux mod\u00e8les Kirby G3 \u00e0 G8<\/p>\n[trustindex data-widget-id=e3bb80b24fa128098b960fc2439]\n<h3><span style=\"color: #008000;\"><br \/>\nEn stock<\/span><\/h3>\n[av_font_icon icon='ue812' font='entypo-fontello' style='' caption='' size='25px' position='left' color='#43ad66' link='' linktarget='' title_attr='' sonar_effect_effect='' sonar_effect_color='' sonar_effect_duration='1' sonar_effect_scale='' sonar_effect_opac='0.5' animation='' id='' custom_class='' template_class='' av_uid='' sc_version='1.0' admin_preview_bg=''][\/av_font_icon]\n<p><span style=\"color: #008000;\">Command\u00e9 23:59, exp\u00e9di\u00e9 demain<\/span><\/p>\n<p>&nbsp;<\/p>\n","protected":false},"featured_media":90612,"comment_status":"open","ping_status":"closed","template":"","meta":[],"product_brand":[],"product_cat":[299],"product_tag":[],"class_list":{"0":"post-10169","1":"product","2":"type-product","3":"status-publish","4":"has-post-thumbnail","6":"product_cat-kirby-lampes-et-deflecteurs","7":"product_shipping_class-klein-de-fr","9":"first","10":"instock","11":"taxable","12":"shipping-taxable","13":"purchasable","14":"product-type-simple"},"yoast_head":"<!-- This site is optimized with the Yoast SEO Premium plugin v27.1 (Yoast SEO v27.4) - https:\/\/yoast.com\/product\/yoast-seo-premium-wordpress\/ -->\n<title>Lampe type Kirby Generation - Veltec Kirby specialist<\/title>\n<meta name=\"description\" content=\"Lampe type Kirby Generation - Veltec est le fournisseur des aspirateurs Kirby depuis plus de 25 ans. Et est votre sp\u00e9cialiste de confiance\" \/>\n<meta name=\"robots\" content=\"index, follow, max-snippet:-1, max-image-preview:large, max-video-preview:-1\" \/>\n<link rel=\"canonical\" href=\"https:\/\/www.veltec.eu\/nl\/product\/kirby-lampje-generation-nl3069\/\" \/>\n<meta property=\"og:locale\" content=\"fr_FR\" \/>\n<meta property=\"og:type\" content=\"article\" \/>\n<meta property=\"og:title\" content=\"Lampe type Kirby Generation\" \/>\n<meta property=\"og:description\" content=\"Lampe pour Kirby de type Generation. Convient aux mod\u00e8les Kirby G3 \u00e0 G8    En stock   Command\u00e9 23:59, exp\u00e9di\u00e9 demain  &nbsp;\" \/>\n<meta property=\"og:url\" content=\"https:\/\/www.veltec.eu\/nl\/product\/kirby-lampje-generation-nl3069\/\" \/>\n<meta property=\"og:site_name\" content=\"Veltec Kirby specialist\" \/>\n<meta property=\"article:publisher\" content=\"https:\/\/www.facebook.com\/Veltec-Kirby-Specialist-236746293374877\/\" \/>\n<meta property=\"article:modified_time\" content=\"2025-04-11T08:28:14+00:00\" \/>\n<meta property=\"og:image\" content=\"https:\/\/www.veltec.eu\/wp-content\/uploads\/2018\/10\/lampje_generation.jpg\" \/>\n\t<meta property=\"og:image:width\" content=\"300\" \/>\n\t<meta property=\"og:image:height\" content=\"300\" \/>\n\t<meta property=\"og:image:type\" content=\"image\/jpeg\" \/>\n<meta name=\"twitter:card\" content=\"summary_large_image\" \/>\n<meta name=\"twitter:label1\" content=\"Dur\u00e9e de lecture estim\u00e9e\" \/>\n\t<meta name=\"twitter:data1\" content=\"3 minutes\" \/>\n<script type=\"application\/ld+json\" class=\"yoast-schema-graph\">{\"@context\":\"https:\\\/\\\/schema.org\",\"@graph\":[{\"@type\":\"WebPage\",\"@id\":\"https:\\\/\\\/www.veltec.eu\\\/nl\\\/product\\\/kirby-lampje-generation-nl3069\\\/\",\"url\":\"https:\\\/\\\/www.veltec.eu\\\/nl\\\/product\\\/kirby-lampje-generation-nl3069\\\/\",\"name\":\"Lampe type Kirby Generation - Veltec Kirby specialist\",\"isPartOf\":{\"@id\":\"https:\\\/\\\/www.veltec.eu\\\/en\\\/#website\"},\"primaryImageOfPage\":{\"@id\":\"https:\\\/\\\/www.veltec.eu\\\/nl\\\/product\\\/kirby-lampje-generation-nl3069\\\/#primaryimage\"},\"image\":{\"@id\":\"https:\\\/\\\/www.veltec.eu\\\/nl\\\/product\\\/kirby-lampje-generation-nl3069\\\/#primaryimage\"},\"thumbnailUrl\":\"https:\\\/\\\/www.veltec.eu\\\/wp-content\\\/uploads\\\/2018\\\/10\\\/Kirby-lampje-generation.jpg\",\"datePublished\":\"2018-10-30T09:56:28+00:00\",\"dateModified\":\"2025-04-11T08:28:14+00:00\",\"description\":\"Lampe type Kirby Generation - Veltec est le fournisseur des aspirateurs Kirby depuis plus de 25 ans. Et est votre sp\u00e9cialiste de confiance\",\"breadcrumb\":{\"@id\":\"https:\\\/\\\/www.veltec.eu\\\/nl\\\/product\\\/kirby-lampje-generation-nl3069\\\/#breadcrumb\"},\"inLanguage\":\"fr-FR\",\"potentialAction\":[{\"@type\":\"ReadAction\",\"target\":[\"https:\\\/\\\/www.veltec.eu\\\/nl\\\/product\\\/kirby-lampje-generation-nl3069\\\/\"]}]},{\"@type\":\"ImageObject\",\"inLanguage\":\"fr-FR\",\"@id\":\"https:\\\/\\\/www.veltec.eu\\\/nl\\\/product\\\/kirby-lampje-generation-nl3069\\\/#primaryimage\",\"url\":\"https:\\\/\\\/www.veltec.eu\\\/wp-content\\\/uploads\\\/2018\\\/10\\\/Kirby-lampje-generation.jpg\",\"contentUrl\":\"https:\\\/\\\/www.veltec.eu\\\/wp-content\\\/uploads\\\/2018\\\/10\\\/Kirby-lampje-generation.jpg\",\"width\":600,\"height\":600},{\"@type\":\"BreadcrumbList\",\"@id\":\"https:\\\/\\\/www.veltec.eu\\\/nl\\\/product\\\/kirby-lampje-generation-nl3069\\\/#breadcrumb\",\"itemListElement\":[{\"@type\":\"ListItem\",\"position\":1,\"name\":\"Home\",\"item\":\"https:\\\/\\\/www.veltec.eu\\\/fr\\\/\"},{\"@type\":\"ListItem\",\"position\":2,\"name\":\"Produits\",\"item\":\"https:\\\/\\\/www.veltec.eu\\\/fr\\\/shop\\\/\"},{\"@type\":\"ListItem\",\"position\":3,\"name\":\"Lampe type Kirby Generation\"}]},{\"@type\":\"WebSite\",\"@id\":\"https:\\\/\\\/www.veltec.eu\\\/en\\\/#website\",\"url\":\"https:\\\/\\\/www.veltec.eu\\\/en\\\/\",\"name\":\"Veltec Kirby specialist\",\"description\":\"Kirby stofzuiger producten\",\"publisher\":{\"@id\":\"https:\\\/\\\/www.veltec.eu\\\/en\\\/#organization\"},\"potentialAction\":[{\"@type\":\"SearchAction\",\"target\":{\"@type\":\"EntryPoint\",\"urlTemplate\":\"https:\\\/\\\/www.veltec.eu\\\/en\\\/?s={search_term_string}\"},\"query-input\":{\"@type\":\"PropertyValueSpecification\",\"valueRequired\":true,\"valueName\":\"search_term_string\"}}],\"inLanguage\":\"fr-FR\"},{\"@type\":\"Organization\",\"@id\":\"https:\\\/\\\/www.veltec.eu\\\/en\\\/#organization\",\"name\":\"Veltec Kirby Specialist\",\"url\":\"https:\\\/\\\/www.veltec.eu\\\/en\\\/\",\"logo\":{\"@type\":\"ImageObject\",\"inLanguage\":\"fr-FR\",\"@id\":\"https:\\\/\\\/www.veltec.eu\\\/en\\\/#\\\/schema\\\/logo\\\/image\\\/\",\"url\":\"https:\\\/\\\/www.veltec.eu\\\/wp-content\\\/uploads\\\/2021\\\/12\\\/Veltec-log-groot-e1537260889125.png\",\"contentUrl\":\"https:\\\/\\\/www.veltec.eu\\\/wp-content\\\/uploads\\\/2021\\\/12\\\/Veltec-log-groot-e1537260889125.png\",\"width\":200,\"height\":60,\"caption\":\"Veltec Kirby Specialist\"},\"image\":{\"@id\":\"https:\\\/\\\/www.veltec.eu\\\/en\\\/#\\\/schema\\\/logo\\\/image\\\/\"},\"sameAs\":[\"https:\\\/\\\/www.facebook.com\\\/Veltec-Kirby-Specialist-236746293374877\\\/\",\"https:\\\/\\\/www.youtube.com\\\/user\\\/VeltecService\"]}]}<\/script>\n<!-- \/ Yoast SEO Premium plugin. -->","yoast_head_json":{"title":"Lampe type Kirby Generation - Veltec Kirby specialist","description":"Lampe type Kirby Generation - Veltec est le fournisseur des aspirateurs Kirby depuis plus de 25 ans. Et est votre sp\u00e9cialiste de confiance","robots":{"index":"index","follow":"follow","max-snippet":"max-snippet:-1","max-image-preview":"max-image-preview:large","max-video-preview":"max-video-preview:-1"},"canonical":"https:\/\/www.veltec.eu\/nl\/product\/kirby-lampje-generation-nl3069\/","og_locale":"fr_FR","og_type":"article","og_title":"Lampe type Kirby Generation","og_description":"Lampe pour Kirby de type Generation. Convient aux mod\u00e8les Kirby G3 \u00e0 G8    En stock   Command\u00e9 23:59, exp\u00e9di\u00e9 demain  &nbsp;","og_url":"https:\/\/www.veltec.eu\/nl\/product\/kirby-lampje-generation-nl3069\/","og_site_name":"Veltec Kirby specialist","article_publisher":"https:\/\/www.facebook.com\/Veltec-Kirby-Specialist-236746293374877\/","article_modified_time":"2025-04-11T08:28:14+00:00","og_image":[{"width":300,"height":300,"url":"https:\/\/www.veltec.eu\/wp-content\/uploads\/2018\/10\/lampje_generation.jpg","type":"image\/jpeg"}],"twitter_card":"summary_large_image","twitter_misc":{"Dur\u00e9e de lecture estim\u00e9e":"3 minutes"},"schema":{"@context":"https:\/\/schema.org","@graph":[{"@type":"WebPage","@id":"https:\/\/www.veltec.eu\/nl\/product\/kirby-lampje-generation-nl3069\/","url":"https:\/\/www.veltec.eu\/nl\/product\/kirby-lampje-generation-nl3069\/","name":"Lampe type Kirby Generation - Veltec Kirby specialist","isPartOf":{"@id":"https:\/\/www.veltec.eu\/en\/#website"},"primaryImageOfPage":{"@id":"https:\/\/www.veltec.eu\/nl\/product\/kirby-lampje-generation-nl3069\/#primaryimage"},"image":{"@id":"https:\/\/www.veltec.eu\/nl\/product\/kirby-lampje-generation-nl3069\/#primaryimage"},"thumbnailUrl":"https:\/\/www.veltec.eu\/wp-content\/uploads\/2018\/10\/Kirby-lampje-generation.jpg","datePublished":"2018-10-30T09:56:28+00:00","dateModified":"2025-04-11T08:28:14+00:00","description":"Lampe type Kirby Generation - Veltec est le fournisseur des aspirateurs Kirby depuis plus de 25 ans. Et est votre sp\u00e9cialiste de confiance","breadcrumb":{"@id":"https:\/\/www.veltec.eu\/nl\/product\/kirby-lampje-generation-nl3069\/#breadcrumb"},"inLanguage":"fr-FR","potentialAction":[{"@type":"ReadAction","target":["https:\/\/www.veltec.eu\/nl\/product\/kirby-lampje-generation-nl3069\/"]}]},{"@type":"ImageObject","inLanguage":"fr-FR","@id":"https:\/\/www.veltec.eu\/nl\/product\/kirby-lampje-generation-nl3069\/#primaryimage","url":"https:\/\/www.veltec.eu\/wp-content\/uploads\/2018\/10\/Kirby-lampje-generation.jpg","contentUrl":"https:\/\/www.veltec.eu\/wp-content\/uploads\/2018\/10\/Kirby-lampje-generation.jpg","width":600,"height":600},{"@type":"BreadcrumbList","@id":"https:\/\/www.veltec.eu\/nl\/product\/kirby-lampje-generation-nl3069\/#breadcrumb","itemListElement":[{"@type":"ListItem","position":1,"name":"Home","item":"https:\/\/www.veltec.eu\/fr\/"},{"@type":"ListItem","position":2,"name":"Produits","item":"https:\/\/www.veltec.eu\/fr\/shop\/"},{"@type":"ListItem","position":3,"name":"Lampe type Kirby Generation"}]},{"@type":"WebSite","@id":"https:\/\/www.veltec.eu\/en\/#website","url":"https:\/\/www.veltec.eu\/en\/","name":"Veltec Kirby specialist","description":"Kirby stofzuiger producten","publisher":{"@id":"https:\/\/www.veltec.eu\/en\/#organization"},"potentialAction":[{"@type":"SearchAction","target":{"@type":"EntryPoint","urlTemplate":"https:\/\/www.veltec.eu\/en\/?s={search_term_string}"},"query-input":{"@type":"PropertyValueSpecification","valueRequired":true,"valueName":"search_term_string"}}],"inLanguage":"fr-FR"},{"@type":"Organization","@id":"https:\/\/www.veltec.eu\/en\/#organization","name":"Veltec Kirby Specialist","url":"https:\/\/www.veltec.eu\/en\/","logo":{"@type":"ImageObject","inLanguage":"fr-FR","@id":"https:\/\/www.veltec.eu\/en\/#\/schema\/logo\/image\/","url":"https:\/\/www.veltec.eu\/wp-content\/uploads\/2021\/12\/Veltec-log-groot-e1537260889125.png","contentUrl":"https:\/\/www.veltec.eu\/wp-content\/uploads\/2021\/12\/Veltec-log-groot-e1537260889125.png","width":200,"height":60,"caption":"Veltec Kirby Specialist"},"image":{"@id":"https:\/\/www.veltec.eu\/en\/#\/schema\/logo\/image\/"},"sameAs":["https:\/\/www.facebook.com\/Veltec-Kirby-Specialist-236746293374877\/","https:\/\/www.youtube.com\/user\/VeltecService"]}]}},"_links":{"self":[{"href":"https:\/\/www.veltec.eu\/fr\/wp-json\/wp\/v2\/product\/10169","targetHints":{"allow":["GET"]}}],"collection":[{"href":"https:\/\/www.veltec.eu\/fr\/wp-json\/wp\/v2\/product"}],"about":[{"href":"https:\/\/www.veltec.eu\/fr\/wp-json\/wp\/v2\/types\/product"}],"replies":[{"embeddable":true,"href":"https:\/\/www.veltec.eu\/fr\/wp-json\/wp\/v2\/comments?post=10169"}],"wp:featuredmedia":[{"embeddable":true,"href":"https:\/\/www.veltec.eu\/fr\/wp-json\/wp\/v2\/media\/90612"}],"wp:attachment":[{"href":"https:\/\/www.veltec.eu\/fr\/wp-json\/wp\/v2\/media?parent=10169"}],"wp:term":[{"taxonomy":"product_brand","embeddable":true,"href":"https:\/\/www.veltec.eu\/fr\/wp-json\/wp\/v2\/product_brand?post=10169"},{"taxonomy":"product_cat","embeddable":true,"href":"https:\/\/www.veltec.eu\/fr\/wp-json\/wp\/v2\/product_cat?post=10169"},{"taxonomy":"product_tag","embeddable":true,"href":"https:\/\/www.veltec.eu\/fr\/wp-json\/wp\/v2\/product_tag?post=10169"}],"curies":[{"name":"wp","href":"https:\/\/api.w.org\/{rel}","templated":true}]}}