{"id":10159,"date":"2018-10-30T12:08:30","date_gmt":"2018-10-30T10:08:30","guid":{"rendered":"https:\/\/www.veltec.eu\/kirby-webshop\/roues-avant-2x-nl3135\/"},"modified":"2025-11-12T20:16:01","modified_gmt":"2025-11-12T18:16:01","slug":"roues-avant-kirby-2x-nl3135","status":"publish","type":"product","link":"https:\/\/www.veltec.eu\/fr\/product\/roues-avant-kirby-2x-nl3135\/","title":{"rendered":"Roues avant Kirby 2x"},"content":{"rendered":"<h1>Roues avant Kirby 2x<\/h1>\n<p>2x Roues avant pour l&#8217;essieu avant de Kirby. (sans couvercle).<\/p>\n<p>Ces roues avant conviennent \u00e0 tous les aspirateurs Kirby ;<\/p>\n<ul>\n<li>Sentria II (G10D)<\/li>\n<li>Sentria (G10)<\/li>\n<li>Ultimate G Diamond Ed.(G7D or DE)<\/li>\n<li>Ultimate G (G7 or UG)<\/li>\n<li>Generation 6 (G6)<\/li>\n<li>Generation 5 (G5)<\/li>\n<li>Generation 4 (G4)<\/li>\n<li>Generation 3 (G3)<\/li>\n<\/ul>\n<div class=\"mb-2 flex gap-3 empty:hidden -ml-2\">\n<div class=\"items-center justify-start rounded-xl p-1 flex\">\n<div class=\"flex items-center\">\n<div class=\"flex items-center pb-0\">\n<h2>Roues avant Kirby 2x &#8211; Pour un mouvement souple et stable<\/h2>\n<p>Vous \u00eates \u00e0 la recherche de nouvelles roues avant pour votre aspirateur Kirby ? Les Roues avant Kirby sont exactement ce qu&#8217;il vous faut. Ce jeu de deux roues avant est sp\u00e9cialement con\u00e7u pour que votre aspirateur se d\u00e9place \u00e0 nouveau en douceur et de mani\u00e8re stable.<\/p>\n<p>En cas d&#8217;utilisation intensive de l&#8217;aspirateur, les roues avant peuvent s&#8217;user, ce qui rend les man\u0153uvres plus difficiles et risque d&#8217;endommager le sol. En rempla\u00e7ant \u00e0 temps les roues us\u00e9es, vous assurez \u00e0 votre aspirateur Kirby des performances optimales.<\/p>\n<p><a href=\"https:\/\/www.veltec.eu\/fr\/kirby-roulettes-et-accessoires\/\">Vous trouverez ici toutes les roues et tous les accessoires Kirby.<\/a><\/p>\n<h3>Pourquoi remplacer les Roues avant Kirby 2x ?<\/h3>\n<p>Avec le temps, les roues avant de votre aspirateur Kirby peuvent s&#8217;user en raison de l&#8217;utilisation quotidienne. Cela peut entra\u00eener divers inconv\u00e9nients :<\/p>\n<ul>\n<li>Man\u0153uvrabilit\u00e9 r\u00e9duite &#8211; Des roues us\u00e9es peuvent rendre plus difficile le d\u00e9placement en douceur de l&#8217;aspirateur.<\/li>\n<li>Risque de rayures &#8211; Des roues endommag\u00e9es ou us\u00e9es peuvent rayer les sols d\u00e9licats.<\/li>\n<li>Puissance d&#8217;aspiration in\u00e9gale &#8211; Un aspirateur qui roule mal peut affecter la performance d&#8217;aspiration.<\/li>\n<\/ul>\n<p>Avec les roues avant Kirby, vous pouvez facilement \u00e9viter ces probl\u00e8mes et garder votre aspirateur en parfait \u00e9tat.<\/p>\n<h2>Caract\u00e9ristiques des Roues avant Kirby 2x<\/h2>\n<p>Ces roues avant Kirby d&#8217;origine offrent plusieurs avantages qui contribuent \u00e0 une exp\u00e9rience d&#8217;aspiration optimale.<\/p>\n<h3>\u2714 Adaptation parfaite \u00e0 votre aspirateur Kirby<\/h3>\n<p>Les Roues avant Kirby sont sp\u00e9cifiquement con\u00e7ues pour les mod\u00e8les Kirby. Par cons\u00e9quent, elles s&#8217;adaptent parfaitement \u00e0 l&#8217;essieu avant et assurent un mouvement stable et fluide.<\/p>\n<h3>\u2714 Mat\u00e9riau durable et r\u00e9sistant \u00e0 l&#8217;usure<\/h3>\n<p>Ces roues sont fabriqu\u00e9es en plastique de haute qualit\u00e9, ce qui leur conf\u00e8re une longue dur\u00e9e de vie. Par cons\u00e9quent, vous devez moins vous soucier de l&#8217;usure rapide.<\/p>\n<h3>\u2714 Installation facile sans outils<\/h3>\n<p>Vous pouvez facilement remplacer les roues avant Kirby vous-m\u00eame, sans avoir besoin d&#8217;outils compliqu\u00e9s. Cela permet non seulement de gagner du temps, mais aussi d&#8217;\u00e9conomiser des co\u00fbts suppl\u00e9mentaires pour les r\u00e9parations.<\/p>\n<h2>Comment remplacer les roues avant Kirby ?<\/h2>\n<p>Le remplacement des roues avant de Kirby est un processus simple qui ne prend que quelques minutes.<\/p>\n<ol>\n<li>\u00c9teignez l&#8217;aspirateur et d\u00e9branchez-le pour des raisons de s\u00e9curit\u00e9.<\/li>\n<li>Couchez l&#8217;aspirateur sur le c\u00f4t\u00e9 de fa\u00e7on \u00e0 ce que l&#8217;essieu avant soit clairement visible.<\/li>\n<li>Retirez soigneusement les anciennes roues en les tirant ou en les d\u00e9vissant (selon le mod\u00e8le).<\/li>\n<li>Installez les nouvelles roues avant Kirby et pressez-les fermement en place.<\/li>\n<li>Contr\u00f4lez la fixation et v\u00e9rifiez que les roues tournent bien.<\/li>\n<\/ol>\n<p>Apr\u00e8s ces \u00e9tapes simples, votre aspirateur Kirby peut \u00e0 nouveau se d\u00e9placer en douceur sur le sol.<\/p>\n<h2>Commandez d\u00e8s aujourd&#8217;hui votre Roues avant Kirby 2x !<\/h2>\n<p>Vous voulez que votre aspirateur Kirby fonctionne \u00e0 nouveau comme s&#8217;il \u00e9tait neuf ? Commandez d\u00e8s maintenant le Roues avant Kirby 2x et constatez imm\u00e9diatement la diff\u00e9rence ! Avec une livraison rapide et un processus d&#8217;installation simple, vous retrouverez un aspirateur en parfait \u00e9tat de marche en un rien de temps.<\/p>\n<\/div>\n<\/div>\n<\/div>\n<\/div>\n","protected":false},"excerpt":{"rendered":"<p>2 roues avant pour essieu avant, sans chapeaux de roues.<\/p>\n[trustindex data-widget-id=e3bb80b24fa128098b960fc2439]\n<h3><span style=\"color: #008000;\"><br \/>\nEn stock<\/span><\/h3>\n[av_font_icon icon='ue812' font='entypo-fontello' style='' caption='' size='25px' position='left' color='#43ad66' link='' linktarget='' title_attr='' sonar_effect_effect='' sonar_effect_color='' sonar_effect_duration='1' sonar_effect_scale='' sonar_effect_opac='0.5' animation='' id='' custom_class='' template_class='' av_uid='' sc_version='1.0' admin_preview_bg=''][\/av_font_icon]\n<p><span style=\"color: #008000;\">Command\u00e9 23:59, exp\u00e9di\u00e9 demain<\/span><\/p>\n<p>&nbsp;<\/p>\n","protected":false},"featured_media":9509,"comment_status":"open","ping_status":"closed","template":"","meta":[],"product_brand":[],"product_cat":[294],"product_tag":[],"class_list":{"0":"post-10159","1":"product","2":"type-product","3":"status-publish","4":"has-post-thumbnail","6":"product_cat-kirby-roulettes-et-accessoires","7":"product_shipping_class-klein-de-fr","9":"first","10":"instock","11":"taxable","12":"shipping-taxable","13":"purchasable","14":"product-type-simple"},"yoast_head":"<!-- This site is optimized with the Yoast SEO Premium plugin v27.1 (Yoast SEO v27.4) - https:\/\/yoast.com\/product\/yoast-seo-premium-wordpress\/ -->\n<title>Roues avant Kirby 2x - Veltec Kirby specialist<\/title>\n<meta name=\"description\" content=\"Roues avant Kirby 2x - Veltec est le fournisseur des aspirateurs Kirby depuis plus de 25 ans. Et est votre sp\u00e9cialiste de confiance\" \/>\n<meta name=\"robots\" content=\"index, follow, max-snippet:-1, max-image-preview:large, max-video-preview:-1\" \/>\n<link rel=\"canonical\" href=\"https:\/\/www.veltec.eu\/fr\/product\/roues-avant-kirby-2x-nl3135\/\" \/>\n<meta property=\"og:locale\" content=\"fr_FR\" \/>\n<meta property=\"og:type\" content=\"article\" \/>\n<meta property=\"og:title\" content=\"Roues avant Kirby 2x\" \/>\n<meta property=\"og:description\" content=\"2 roues avant pour essieu avant, sans chapeaux de roues.    En stock   Command\u00e9 23:59, exp\u00e9di\u00e9 demain  &nbsp;\" \/>\n<meta property=\"og:url\" content=\"https:\/\/www.veltec.eu\/fr\/product\/roues-avant-kirby-2x-nl3135\/\" \/>\n<meta property=\"og:site_name\" content=\"Veltec Kirby specialist\" \/>\n<meta property=\"article:publisher\" content=\"https:\/\/www.facebook.com\/Veltec-Kirby-Specialist-236746293374877\/\" \/>\n<meta property=\"article:modified_time\" content=\"2025-11-12T18:16:01+00:00\" \/>\n<meta property=\"og:image\" content=\"https:\/\/www.veltec.eu\/wp-content\/uploads\/2018\/10\/voorwieltjes_2x_.jpg\" \/>\n\t<meta property=\"og:image:width\" content=\"300\" \/>\n\t<meta property=\"og:image:height\" content=\"300\" \/>\n\t<meta property=\"og:image:type\" content=\"image\/jpeg\" \/>\n<meta name=\"twitter:card\" content=\"summary_large_image\" \/>\n<meta name=\"twitter:label1\" content=\"Dur\u00e9e de lecture estim\u00e9e\" \/>\n\t<meta name=\"twitter:data1\" content=\"3 minutes\" \/>\n<script type=\"application\/ld+json\" class=\"yoast-schema-graph\">{\"@context\":\"https:\\\/\\\/schema.org\",\"@graph\":[{\"@type\":\"WebPage\",\"@id\":\"https:\\\/\\\/www.veltec.eu\\\/fr\\\/product\\\/roues-avant-kirby-2x-nl3135\\\/\",\"url\":\"https:\\\/\\\/www.veltec.eu\\\/fr\\\/product\\\/roues-avant-kirby-2x-nl3135\\\/\",\"name\":\"Roues avant Kirby 2x - Veltec Kirby specialist\",\"isPartOf\":{\"@id\":\"https:\\\/\\\/www.veltec.eu\\\/en\\\/#website\"},\"primaryImageOfPage\":{\"@id\":\"https:\\\/\\\/www.veltec.eu\\\/fr\\\/product\\\/roues-avant-kirby-2x-nl3135\\\/#primaryimage\"},\"image\":{\"@id\":\"https:\\\/\\\/www.veltec.eu\\\/fr\\\/product\\\/roues-avant-kirby-2x-nl3135\\\/#primaryimage\"},\"thumbnailUrl\":\"https:\\\/\\\/www.veltec.eu\\\/wp-content\\\/uploads\\\/2018\\\/10\\\/voorwieltjes_2x_.jpg\",\"datePublished\":\"2018-10-30T10:08:30+00:00\",\"dateModified\":\"2025-11-12T18:16:01+00:00\",\"description\":\"Roues avant Kirby 2x - Veltec est le fournisseur des aspirateurs Kirby depuis plus de 25 ans. Et est votre sp\u00e9cialiste de confiance\",\"breadcrumb\":{\"@id\":\"https:\\\/\\\/www.veltec.eu\\\/fr\\\/product\\\/roues-avant-kirby-2x-nl3135\\\/#breadcrumb\"},\"inLanguage\":\"fr-FR\",\"potentialAction\":[{\"@type\":\"ReadAction\",\"target\":[\"https:\\\/\\\/www.veltec.eu\\\/fr\\\/product\\\/roues-avant-kirby-2x-nl3135\\\/\"]}]},{\"@type\":\"ImageObject\",\"inLanguage\":\"fr-FR\",\"@id\":\"https:\\\/\\\/www.veltec.eu\\\/fr\\\/product\\\/roues-avant-kirby-2x-nl3135\\\/#primaryimage\",\"url\":\"https:\\\/\\\/www.veltec.eu\\\/wp-content\\\/uploads\\\/2018\\\/10\\\/voorwieltjes_2x_.jpg\",\"contentUrl\":\"https:\\\/\\\/www.veltec.eu\\\/wp-content\\\/uploads\\\/2018\\\/10\\\/voorwieltjes_2x_.jpg\",\"width\":300,\"height\":300},{\"@type\":\"BreadcrumbList\",\"@id\":\"https:\\\/\\\/www.veltec.eu\\\/fr\\\/product\\\/roues-avant-kirby-2x-nl3135\\\/#breadcrumb\",\"itemListElement\":[{\"@type\":\"ListItem\",\"position\":1,\"name\":\"Home\",\"item\":\"https:\\\/\\\/www.veltec.eu\\\/fr\\\/\"},{\"@type\":\"ListItem\",\"position\":2,\"name\":\"Produits\",\"item\":\"https:\\\/\\\/www.veltec.eu\\\/fr\\\/shop\\\/\"},{\"@type\":\"ListItem\",\"position\":3,\"name\":\"Roues avant Kirby 2x\"}]},{\"@type\":\"WebSite\",\"@id\":\"https:\\\/\\\/www.veltec.eu\\\/en\\\/#website\",\"url\":\"https:\\\/\\\/www.veltec.eu\\\/en\\\/\",\"name\":\"Veltec Kirby specialist\",\"description\":\"Kirby stofzuiger producten\",\"publisher\":{\"@id\":\"https:\\\/\\\/www.veltec.eu\\\/en\\\/#organization\"},\"potentialAction\":[{\"@type\":\"SearchAction\",\"target\":{\"@type\":\"EntryPoint\",\"urlTemplate\":\"https:\\\/\\\/www.veltec.eu\\\/en\\\/?s={search_term_string}\"},\"query-input\":{\"@type\":\"PropertyValueSpecification\",\"valueRequired\":true,\"valueName\":\"search_term_string\"}}],\"inLanguage\":\"fr-FR\"},{\"@type\":\"Organization\",\"@id\":\"https:\\\/\\\/www.veltec.eu\\\/en\\\/#organization\",\"name\":\"Veltec Kirby Specialist\",\"url\":\"https:\\\/\\\/www.veltec.eu\\\/en\\\/\",\"logo\":{\"@type\":\"ImageObject\",\"inLanguage\":\"fr-FR\",\"@id\":\"https:\\\/\\\/www.veltec.eu\\\/en\\\/#\\\/schema\\\/logo\\\/image\\\/\",\"url\":\"https:\\\/\\\/www.veltec.eu\\\/wp-content\\\/uploads\\\/2021\\\/12\\\/Veltec-log-groot-e1537260889125.png\",\"contentUrl\":\"https:\\\/\\\/www.veltec.eu\\\/wp-content\\\/uploads\\\/2021\\\/12\\\/Veltec-log-groot-e1537260889125.png\",\"width\":200,\"height\":60,\"caption\":\"Veltec Kirby Specialist\"},\"image\":{\"@id\":\"https:\\\/\\\/www.veltec.eu\\\/en\\\/#\\\/schema\\\/logo\\\/image\\\/\"},\"sameAs\":[\"https:\\\/\\\/www.facebook.com\\\/Veltec-Kirby-Specialist-236746293374877\\\/\",\"https:\\\/\\\/www.youtube.com\\\/user\\\/VeltecService\"]}]}<\/script>\n<!-- \/ Yoast SEO Premium plugin. -->","yoast_head_json":{"title":"Roues avant Kirby 2x - Veltec Kirby specialist","description":"Roues avant Kirby 2x - Veltec est le fournisseur des aspirateurs Kirby depuis plus de 25 ans. Et est votre sp\u00e9cialiste de confiance","robots":{"index":"index","follow":"follow","max-snippet":"max-snippet:-1","max-image-preview":"max-image-preview:large","max-video-preview":"max-video-preview:-1"},"canonical":"https:\/\/www.veltec.eu\/fr\/product\/roues-avant-kirby-2x-nl3135\/","og_locale":"fr_FR","og_type":"article","og_title":"Roues avant Kirby 2x","og_description":"2 roues avant pour essieu avant, sans chapeaux de roues.    En stock   Command\u00e9 23:59, exp\u00e9di\u00e9 demain  &nbsp;","og_url":"https:\/\/www.veltec.eu\/fr\/product\/roues-avant-kirby-2x-nl3135\/","og_site_name":"Veltec Kirby specialist","article_publisher":"https:\/\/www.facebook.com\/Veltec-Kirby-Specialist-236746293374877\/","article_modified_time":"2025-11-12T18:16:01+00:00","og_image":[{"width":300,"height":300,"url":"https:\/\/www.veltec.eu\/wp-content\/uploads\/2018\/10\/voorwieltjes_2x_.jpg","type":"image\/jpeg"}],"twitter_card":"summary_large_image","twitter_misc":{"Dur\u00e9e de lecture estim\u00e9e":"3 minutes"},"schema":{"@context":"https:\/\/schema.org","@graph":[{"@type":"WebPage","@id":"https:\/\/www.veltec.eu\/fr\/product\/roues-avant-kirby-2x-nl3135\/","url":"https:\/\/www.veltec.eu\/fr\/product\/roues-avant-kirby-2x-nl3135\/","name":"Roues avant Kirby 2x - Veltec Kirby specialist","isPartOf":{"@id":"https:\/\/www.veltec.eu\/en\/#website"},"primaryImageOfPage":{"@id":"https:\/\/www.veltec.eu\/fr\/product\/roues-avant-kirby-2x-nl3135\/#primaryimage"},"image":{"@id":"https:\/\/www.veltec.eu\/fr\/product\/roues-avant-kirby-2x-nl3135\/#primaryimage"},"thumbnailUrl":"https:\/\/www.veltec.eu\/wp-content\/uploads\/2018\/10\/voorwieltjes_2x_.jpg","datePublished":"2018-10-30T10:08:30+00:00","dateModified":"2025-11-12T18:16:01+00:00","description":"Roues avant Kirby 2x - Veltec est le fournisseur des aspirateurs Kirby depuis plus de 25 ans. Et est votre sp\u00e9cialiste de confiance","breadcrumb":{"@id":"https:\/\/www.veltec.eu\/fr\/product\/roues-avant-kirby-2x-nl3135\/#breadcrumb"},"inLanguage":"fr-FR","potentialAction":[{"@type":"ReadAction","target":["https:\/\/www.veltec.eu\/fr\/product\/roues-avant-kirby-2x-nl3135\/"]}]},{"@type":"ImageObject","inLanguage":"fr-FR","@id":"https:\/\/www.veltec.eu\/fr\/product\/roues-avant-kirby-2x-nl3135\/#primaryimage","url":"https:\/\/www.veltec.eu\/wp-content\/uploads\/2018\/10\/voorwieltjes_2x_.jpg","contentUrl":"https:\/\/www.veltec.eu\/wp-content\/uploads\/2018\/10\/voorwieltjes_2x_.jpg","width":300,"height":300},{"@type":"BreadcrumbList","@id":"https:\/\/www.veltec.eu\/fr\/product\/roues-avant-kirby-2x-nl3135\/#breadcrumb","itemListElement":[{"@type":"ListItem","position":1,"name":"Home","item":"https:\/\/www.veltec.eu\/fr\/"},{"@type":"ListItem","position":2,"name":"Produits","item":"https:\/\/www.veltec.eu\/fr\/shop\/"},{"@type":"ListItem","position":3,"name":"Roues avant Kirby 2x"}]},{"@type":"WebSite","@id":"https:\/\/www.veltec.eu\/en\/#website","url":"https:\/\/www.veltec.eu\/en\/","name":"Veltec Kirby specialist","description":"Kirby stofzuiger producten","publisher":{"@id":"https:\/\/www.veltec.eu\/en\/#organization"},"potentialAction":[{"@type":"SearchAction","target":{"@type":"EntryPoint","urlTemplate":"https:\/\/www.veltec.eu\/en\/?s={search_term_string}"},"query-input":{"@type":"PropertyValueSpecification","valueRequired":true,"valueName":"search_term_string"}}],"inLanguage":"fr-FR"},{"@type":"Organization","@id":"https:\/\/www.veltec.eu\/en\/#organization","name":"Veltec Kirby Specialist","url":"https:\/\/www.veltec.eu\/en\/","logo":{"@type":"ImageObject","inLanguage":"fr-FR","@id":"https:\/\/www.veltec.eu\/en\/#\/schema\/logo\/image\/","url":"https:\/\/www.veltec.eu\/wp-content\/uploads\/2021\/12\/Veltec-log-groot-e1537260889125.png","contentUrl":"https:\/\/www.veltec.eu\/wp-content\/uploads\/2021\/12\/Veltec-log-groot-e1537260889125.png","width":200,"height":60,"caption":"Veltec Kirby Specialist"},"image":{"@id":"https:\/\/www.veltec.eu\/en\/#\/schema\/logo\/image\/"},"sameAs":["https:\/\/www.facebook.com\/Veltec-Kirby-Specialist-236746293374877\/","https:\/\/www.youtube.com\/user\/VeltecService"]}]}},"_links":{"self":[{"href":"https:\/\/www.veltec.eu\/fr\/wp-json\/wp\/v2\/product\/10159","targetHints":{"allow":["GET"]}}],"collection":[{"href":"https:\/\/www.veltec.eu\/fr\/wp-json\/wp\/v2\/product"}],"about":[{"href":"https:\/\/www.veltec.eu\/fr\/wp-json\/wp\/v2\/types\/product"}],"replies":[{"embeddable":true,"href":"https:\/\/www.veltec.eu\/fr\/wp-json\/wp\/v2\/comments?post=10159"}],"wp:featuredmedia":[{"embeddable":true,"href":"https:\/\/www.veltec.eu\/fr\/wp-json\/wp\/v2\/media\/9509"}],"wp:attachment":[{"href":"https:\/\/www.veltec.eu\/fr\/wp-json\/wp\/v2\/media?parent=10159"}],"wp:term":[{"taxonomy":"product_brand","embeddable":true,"href":"https:\/\/www.veltec.eu\/fr\/wp-json\/wp\/v2\/product_brand?post=10159"},{"taxonomy":"product_cat","embeddable":true,"href":"https:\/\/www.veltec.eu\/fr\/wp-json\/wp\/v2\/product_cat?post=10159"},{"taxonomy":"product_tag","embeddable":true,"href":"https:\/\/www.veltec.eu\/fr\/wp-json\/wp\/v2\/product_tag?post=10159"}],"curies":[{"name":"wp","href":"https:\/\/api.w.org\/{rel}","templated":true}]}}