{"id":10149,"date":"2018-10-30T12:20:40","date_gmt":"2018-10-30T10:20:40","guid":{"rendered":"https:\/\/www.veltec.eu\/kirby-webshop\/essieu-avant-nl3136\/"},"modified":"2025-11-12T20:06:32","modified_gmt":"2025-11-12T18:06:32","slug":"essieu-avant-kirby-nl3136","status":"publish","type":"product","link":"https:\/\/www.veltec.eu\/fr\/product\/essieu-avant-kirby-nl3136\/","title":{"rendered":"Essieu avant Kirby"},"content":{"rendered":"<h1>Essieu avant Kirby<\/h1>\n<p><strong>Cet essieu avant convient \u00e0 tous les aspirateurs Kirby ;<\/strong><\/p>\n<ul>\n<li>Avalir Platinum<\/li>\n<li>Avalir 2<\/li>\n<li>Avalir 1<\/li>\n<li>Sentria 2 (G10D)<\/li>\n<li>Sentria 1 (G10)<\/li>\n<li>Ultimate G Diamond Ed.(G7D or DE)<\/li>\n<li>Ultimate G (G7 or UG)<\/li>\n<li>Generation 6 (G6)<\/li>\n<li>Generation 5 (G5)<\/li>\n<li>Generation 4 (G4)<\/li>\n<li>Generation 3 (G3)<\/li>\n<\/ul>\n<h2>Essieu avant Kirby- Indispensable pour un bon fonctionnement de l&#8217;aspirateur<\/h2>\n<p>Vous recherchez un essieu avant de remplacement ? Cette pi\u00e8ce essentielle permet \u00e0 votre aspirateur Kirby de rouler en douceur et sans effort sur le sol. L&#8217;essieu avant est sp\u00e9cialement con\u00e7u pour soutenir fermement les roues avant de votre aspirateur, ce qui am\u00e9liore consid\u00e9rablement la maniabilit\u00e9 et l&#8217;exp\u00e9rience de l&#8217;utilisateur. Que vous souhaitiez remplacer votre essieu actuel en raison de l&#8217;usure ou d&#8217;une d\u00e9faillance, cet essieu avant de haute qualit\u00e9 est le choix id\u00e9al.<\/p>\n<p><a href=\"https:\/\/www.veltec.eu\/fr\/kirby-roulettes-et-accessoires\/\">Retrouvez toutes les roues et accessoires Kirby ici<\/a><\/p>\n<h3>Pourquoi l&#8217;Essieu avant Kirby est-il important ?<\/h3>\n<p>Le bon fonctionnement de l&#8217;essieu avant est crucial pour la facilit\u00e9 d&#8217;utilisation de votre aspirateur Kirby. Cette pi\u00e8ce relie les roues avant au ch\u00e2ssis de l&#8217;aspirateur et assure le bon fonctionnement de l&#8217;appareil. Si l&#8217;essieu avant ne fonctionne pas correctement, l&#8217;aspirateur peut avoir du mal \u00e0 avancer, ce qui rend l&#8217;aspiration inutilement difficile. En rempla\u00e7ant l&#8217;essieu avant \u00e0 temps, vous \u00e9viterez l&#8217;usure inutile des autres pi\u00e8ces.<\/p>\n<h3>Avantages d&#8217;un nouvel Essieu avant Kirby<\/h3>\n<ul>\n<li>Meilleure maniabilit\u00e9 : votre aspirateur se d\u00e9place sans effort sur diff\u00e9rents types de sols.<\/li>\n<li>Durable et solide : Fabriqu\u00e9 avec des mat\u00e9riaux de haute qualit\u00e9 pour une longue dur\u00e9e de vie.<\/li>\n<li>Installation facile : Vous pouvez facilement remplacer l&#8217;arbre avant vous-m\u00eame sans connaissances techniques.<\/li>\n<li>Compatibilit\u00e9 : Convient \u00e0 diff\u00e9rents mod\u00e8les Kirby, vous pouvez donc \u00eatre s\u00fbr que cet arbre s&#8217;adapte parfaitement.<\/li>\n<\/ul>\n<h3>Quand faut-il remplacer l&#8217;essieu avant ?<\/h3>\n<p>Apr\u00e8s une utilisation prolong\u00e9e, les roues de votre aspirateur Kirby peuvent ne plus rouler aussi facilement. Cela peut \u00eatre d\u00fb \u00e0 un essieu avant us\u00e9 ou endommag\u00e9. Vous remarquez que votre aspirateur se d\u00e9place difficilement ou que les roues avant sont l\u00e2ches ? Il est alors temps de remplacer l&#8217;essieu avant. En proc\u00e9dant \u00e0 un entretien en temps voulu, votre aspirateur fonctionnera de mani\u00e8re optimale et sa dur\u00e9e de vie s&#8217;en trouvera prolong\u00e9e.<\/p>\n<h3>Comment remplacer l&#8217;essieu avant?<\/h3>\n<p>Le remplacement de l&#8217;essieu avant est facile et se fait en quelques \u00e9tapes :<\/p>\n<ol>\n<li>Retirez l&#8217;ancien essieu avant : Desserrez les vis de fixation et retirez l&#8217;ancien essieu du ch\u00e2ssis.<\/li>\n<li>Montez le nouvel essieu avant : assurez-vous que le nouvel essieu s&#8217;ins\u00e8re correctement dans les ouvertures.<\/li>\n<li>Remettez les vis en place : serrez fermement les vis pour fixer solidement l&#8217;essieu avant.<\/li>\n<li>V\u00e9rifiez le fonctionnement : d\u00e9placez votre aspirateur d&#8217;avant en arri\u00e8re pour v\u00e9rifier que l&#8217;essieu avant est correctement install\u00e9.<\/li>\n<\/ol>\n<p>Gr\u00e2ce \u00e0 ce guide d&#8217;installation simple, vous retrouverez votre aspirateur comme neuf en quelques minutes.<\/p>\n<p><a href=\"https:\/\/www.service-aspirateur-kirby.fr\/remplacement-de-lessieu-de-roue-avant-kirby\/\">Lisez ici sur notre site bog : Tout sur le remplacement de l&#8217;essieu de roue avant Kirby<\/a><\/p>\n<h3>Commandez votre Essieu avant Kirby d\u00e8s aujourd&#8217;hui<\/h3>\n<p>\u00c9vitez l&#8217;usure inutile et assurez le bon fonctionnement de votre aspirateur en rempla\u00e7ant l&#8217;essieu avant Kirby \u00e0 temps. Commandez d\u00e8s aujourd&#8217;hui et b\u00e9n\u00e9ficiez d&#8217;une livraison rapide. Vous retrouverez ainsi votre aspirateur en un rien de temps !<\/p>\n","protected":false},"excerpt":{"rendered":"<p>Essieu avant pour roues Kirby.<\/p>\n[trustindex data-widget-id=e3bb80b24fa128098b960fc2439]\n<h3><span style=\"color: #008000;\"><br \/>\nEn stock<\/span><\/h3>\n[av_font_icon icon='ue812' font='entypo-fontello' style='' caption='' size='25px' position='left' color='#43ad66' link='' linktarget='' title_attr='' sonar_effect_effect='' sonar_effect_color='' sonar_effect_duration='1' sonar_effect_scale='' sonar_effect_opac='0.5' animation='' id='' custom_class='' template_class='' av_uid='' sc_version='1.0' admin_preview_bg=''][\/av_font_icon]\n<p><span style=\"color: #008000;\">Command\u00e9 23:59, exp\u00e9di\u00e9 demain<\/span><\/p>\n<p>&nbsp;<\/p>\n","protected":false},"featured_media":90918,"comment_status":"open","ping_status":"closed","template":"","meta":[],"product_brand":[],"product_cat":[294],"product_tag":[],"class_list":{"0":"post-10149","1":"product","2":"type-product","3":"status-publish","4":"has-post-thumbnail","6":"product_cat-kirby-roulettes-et-accessoires","7":"product_shipping_class-klein-de-fr","9":"first","10":"instock","11":"taxable","12":"shipping-taxable","13":"purchasable","14":"product-type-variable"},"yoast_head":"<!-- This site is optimized with the Yoast SEO Premium plugin v27.1 (Yoast SEO v27.4) - https:\/\/yoast.com\/product\/yoast-seo-premium-wordpress\/ -->\n<title>Essieu avant Kirby - Veltec Kirby specialist<\/title>\n<meta name=\"description\" content=\"Essieu avant Kirby - Veltec est le fournisseur des aspirateurs Kirby depuis plus de 25 ans. Et est votre sp\u00e9cialiste de confiance\" \/>\n<meta name=\"robots\" content=\"index, follow, max-snippet:-1, max-image-preview:large, max-video-preview:-1\" \/>\n<link rel=\"canonical\" href=\"https:\/\/www.veltec.eu\/fr\/product\/essieu-avant-kirby-nl3136\/\" \/>\n<meta property=\"og:locale\" content=\"fr_FR\" \/>\n<meta property=\"og:type\" content=\"article\" \/>\n<meta property=\"og:title\" content=\"Essieu avant Kirby\" \/>\n<meta property=\"og:description\" content=\"Essieu avant pour roues Kirby.    En stock   Command\u00e9 23:59, exp\u00e9di\u00e9 demain  &nbsp;\" \/>\n<meta property=\"og:url\" content=\"https:\/\/www.veltec.eu\/fr\/product\/essieu-avant-kirby-nl3136\/\" \/>\n<meta property=\"og:site_name\" content=\"Veltec Kirby specialist\" \/>\n<meta property=\"article:publisher\" content=\"https:\/\/www.facebook.com\/Veltec-Kirby-Specialist-236746293374877\/\" \/>\n<meta property=\"article:modified_time\" content=\"2025-11-12T18:06:32+00:00\" \/>\n<meta property=\"og:image\" content=\"https:\/\/www.veltec.eu\/wp-content\/uploads\/2018\/10\/Kirby-wieltjes-toebehoren2-.jpg\" \/>\n\t<meta property=\"og:image:width\" content=\"500\" \/>\n\t<meta property=\"og:image:height\" content=\"500\" \/>\n\t<meta property=\"og:image:type\" content=\"image\/jpeg\" \/>\n<meta name=\"twitter:card\" content=\"summary_large_image\" \/>\n<meta name=\"twitter:label1\" content=\"Dur\u00e9e de lecture estim\u00e9e\" \/>\n\t<meta name=\"twitter:data1\" content=\"3 minutes\" \/>\n<script type=\"application\/ld+json\" class=\"yoast-schema-graph\">{\"@context\":\"https:\\\/\\\/schema.org\",\"@graph\":[{\"@type\":\"WebPage\",\"@id\":\"https:\\\/\\\/www.veltec.eu\\\/fr\\\/product\\\/essieu-avant-kirby-nl3136\\\/\",\"url\":\"https:\\\/\\\/www.veltec.eu\\\/fr\\\/product\\\/essieu-avant-kirby-nl3136\\\/\",\"name\":\"Essieu avant Kirby - Veltec Kirby specialist\",\"isPartOf\":{\"@id\":\"https:\\\/\\\/www.veltec.eu\\\/en\\\/#website\"},\"primaryImageOfPage\":{\"@id\":\"https:\\\/\\\/www.veltec.eu\\\/fr\\\/product\\\/essieu-avant-kirby-nl3136\\\/#primaryimage\"},\"image\":{\"@id\":\"https:\\\/\\\/www.veltec.eu\\\/fr\\\/product\\\/essieu-avant-kirby-nl3136\\\/#primaryimage\"},\"thumbnailUrl\":\"https:\\\/\\\/www.veltec.eu\\\/wp-content\\\/uploads\\\/2018\\\/10\\\/Kirby-wielas.jpg\",\"datePublished\":\"2018-10-30T10:20:40+00:00\",\"dateModified\":\"2025-11-12T18:06:32+00:00\",\"description\":\"Essieu avant Kirby - Veltec est le fournisseur des aspirateurs Kirby depuis plus de 25 ans. Et est votre sp\u00e9cialiste de confiance\",\"breadcrumb\":{\"@id\":\"https:\\\/\\\/www.veltec.eu\\\/fr\\\/product\\\/essieu-avant-kirby-nl3136\\\/#breadcrumb\"},\"inLanguage\":\"fr-FR\",\"potentialAction\":[{\"@type\":\"ReadAction\",\"target\":[\"https:\\\/\\\/www.veltec.eu\\\/fr\\\/product\\\/essieu-avant-kirby-nl3136\\\/\"]}]},{\"@type\":\"ImageObject\",\"inLanguage\":\"fr-FR\",\"@id\":\"https:\\\/\\\/www.veltec.eu\\\/fr\\\/product\\\/essieu-avant-kirby-nl3136\\\/#primaryimage\",\"url\":\"https:\\\/\\\/www.veltec.eu\\\/wp-content\\\/uploads\\\/2018\\\/10\\\/Kirby-wielas.jpg\",\"contentUrl\":\"https:\\\/\\\/www.veltec.eu\\\/wp-content\\\/uploads\\\/2018\\\/10\\\/Kirby-wielas.jpg\",\"width\":600,\"height\":600},{\"@type\":\"BreadcrumbList\",\"@id\":\"https:\\\/\\\/www.veltec.eu\\\/fr\\\/product\\\/essieu-avant-kirby-nl3136\\\/#breadcrumb\",\"itemListElement\":[{\"@type\":\"ListItem\",\"position\":1,\"name\":\"Home\",\"item\":\"https:\\\/\\\/www.veltec.eu\\\/fr\\\/\"},{\"@type\":\"ListItem\",\"position\":2,\"name\":\"Produits\",\"item\":\"https:\\\/\\\/www.veltec.eu\\\/fr\\\/shop\\\/\"},{\"@type\":\"ListItem\",\"position\":3,\"name\":\"Essieu avant Kirby\"}]},{\"@type\":\"WebSite\",\"@id\":\"https:\\\/\\\/www.veltec.eu\\\/en\\\/#website\",\"url\":\"https:\\\/\\\/www.veltec.eu\\\/en\\\/\",\"name\":\"Veltec Kirby specialist\",\"description\":\"Kirby stofzuiger producten\",\"publisher\":{\"@id\":\"https:\\\/\\\/www.veltec.eu\\\/en\\\/#organization\"},\"potentialAction\":[{\"@type\":\"SearchAction\",\"target\":{\"@type\":\"EntryPoint\",\"urlTemplate\":\"https:\\\/\\\/www.veltec.eu\\\/en\\\/?s={search_term_string}\"},\"query-input\":{\"@type\":\"PropertyValueSpecification\",\"valueRequired\":true,\"valueName\":\"search_term_string\"}}],\"inLanguage\":\"fr-FR\"},{\"@type\":\"Organization\",\"@id\":\"https:\\\/\\\/www.veltec.eu\\\/en\\\/#organization\",\"name\":\"Veltec Kirby Specialist\",\"url\":\"https:\\\/\\\/www.veltec.eu\\\/en\\\/\",\"logo\":{\"@type\":\"ImageObject\",\"inLanguage\":\"fr-FR\",\"@id\":\"https:\\\/\\\/www.veltec.eu\\\/en\\\/#\\\/schema\\\/logo\\\/image\\\/\",\"url\":\"https:\\\/\\\/www.veltec.eu\\\/wp-content\\\/uploads\\\/2021\\\/12\\\/Veltec-log-groot-e1537260889125.png\",\"contentUrl\":\"https:\\\/\\\/www.veltec.eu\\\/wp-content\\\/uploads\\\/2021\\\/12\\\/Veltec-log-groot-e1537260889125.png\",\"width\":200,\"height\":60,\"caption\":\"Veltec Kirby Specialist\"},\"image\":{\"@id\":\"https:\\\/\\\/www.veltec.eu\\\/en\\\/#\\\/schema\\\/logo\\\/image\\\/\"},\"sameAs\":[\"https:\\\/\\\/www.facebook.com\\\/Veltec-Kirby-Specialist-236746293374877\\\/\",\"https:\\\/\\\/www.youtube.com\\\/user\\\/VeltecService\"]}]}<\/script>\n<!-- \/ Yoast SEO Premium plugin. -->","yoast_head_json":{"title":"Essieu avant Kirby - Veltec Kirby specialist","description":"Essieu avant Kirby - Veltec est le fournisseur des aspirateurs Kirby depuis plus de 25 ans. Et est votre sp\u00e9cialiste de confiance","robots":{"index":"index","follow":"follow","max-snippet":"max-snippet:-1","max-image-preview":"max-image-preview:large","max-video-preview":"max-video-preview:-1"},"canonical":"https:\/\/www.veltec.eu\/fr\/product\/essieu-avant-kirby-nl3136\/","og_locale":"fr_FR","og_type":"article","og_title":"Essieu avant Kirby","og_description":"Essieu avant pour roues Kirby.    En stock   Command\u00e9 23:59, exp\u00e9di\u00e9 demain  &nbsp;","og_url":"https:\/\/www.veltec.eu\/fr\/product\/essieu-avant-kirby-nl3136\/","og_site_name":"Veltec Kirby specialist","article_publisher":"https:\/\/www.facebook.com\/Veltec-Kirby-Specialist-236746293374877\/","article_modified_time":"2025-11-12T18:06:32+00:00","og_image":[{"width":500,"height":500,"url":"https:\/\/www.veltec.eu\/wp-content\/uploads\/2018\/10\/Kirby-wieltjes-toebehoren2-.jpg","type":"image\/jpeg"}],"twitter_card":"summary_large_image","twitter_misc":{"Dur\u00e9e de lecture estim\u00e9e":"3 minutes"},"schema":{"@context":"https:\/\/schema.org","@graph":[{"@type":"WebPage","@id":"https:\/\/www.veltec.eu\/fr\/product\/essieu-avant-kirby-nl3136\/","url":"https:\/\/www.veltec.eu\/fr\/product\/essieu-avant-kirby-nl3136\/","name":"Essieu avant Kirby - Veltec Kirby specialist","isPartOf":{"@id":"https:\/\/www.veltec.eu\/en\/#website"},"primaryImageOfPage":{"@id":"https:\/\/www.veltec.eu\/fr\/product\/essieu-avant-kirby-nl3136\/#primaryimage"},"image":{"@id":"https:\/\/www.veltec.eu\/fr\/product\/essieu-avant-kirby-nl3136\/#primaryimage"},"thumbnailUrl":"https:\/\/www.veltec.eu\/wp-content\/uploads\/2018\/10\/Kirby-wielas.jpg","datePublished":"2018-10-30T10:20:40+00:00","dateModified":"2025-11-12T18:06:32+00:00","description":"Essieu avant Kirby - Veltec est le fournisseur des aspirateurs Kirby depuis plus de 25 ans. Et est votre sp\u00e9cialiste de confiance","breadcrumb":{"@id":"https:\/\/www.veltec.eu\/fr\/product\/essieu-avant-kirby-nl3136\/#breadcrumb"},"inLanguage":"fr-FR","potentialAction":[{"@type":"ReadAction","target":["https:\/\/www.veltec.eu\/fr\/product\/essieu-avant-kirby-nl3136\/"]}]},{"@type":"ImageObject","inLanguage":"fr-FR","@id":"https:\/\/www.veltec.eu\/fr\/product\/essieu-avant-kirby-nl3136\/#primaryimage","url":"https:\/\/www.veltec.eu\/wp-content\/uploads\/2018\/10\/Kirby-wielas.jpg","contentUrl":"https:\/\/www.veltec.eu\/wp-content\/uploads\/2018\/10\/Kirby-wielas.jpg","width":600,"height":600},{"@type":"BreadcrumbList","@id":"https:\/\/www.veltec.eu\/fr\/product\/essieu-avant-kirby-nl3136\/#breadcrumb","itemListElement":[{"@type":"ListItem","position":1,"name":"Home","item":"https:\/\/www.veltec.eu\/fr\/"},{"@type":"ListItem","position":2,"name":"Produits","item":"https:\/\/www.veltec.eu\/fr\/shop\/"},{"@type":"ListItem","position":3,"name":"Essieu avant Kirby"}]},{"@type":"WebSite","@id":"https:\/\/www.veltec.eu\/en\/#website","url":"https:\/\/www.veltec.eu\/en\/","name":"Veltec Kirby specialist","description":"Kirby stofzuiger producten","publisher":{"@id":"https:\/\/www.veltec.eu\/en\/#organization"},"potentialAction":[{"@type":"SearchAction","target":{"@type":"EntryPoint","urlTemplate":"https:\/\/www.veltec.eu\/en\/?s={search_term_string}"},"query-input":{"@type":"PropertyValueSpecification","valueRequired":true,"valueName":"search_term_string"}}],"inLanguage":"fr-FR"},{"@type":"Organization","@id":"https:\/\/www.veltec.eu\/en\/#organization","name":"Veltec Kirby Specialist","url":"https:\/\/www.veltec.eu\/en\/","logo":{"@type":"ImageObject","inLanguage":"fr-FR","@id":"https:\/\/www.veltec.eu\/en\/#\/schema\/logo\/image\/","url":"https:\/\/www.veltec.eu\/wp-content\/uploads\/2021\/12\/Veltec-log-groot-e1537260889125.png","contentUrl":"https:\/\/www.veltec.eu\/wp-content\/uploads\/2021\/12\/Veltec-log-groot-e1537260889125.png","width":200,"height":60,"caption":"Veltec Kirby Specialist"},"image":{"@id":"https:\/\/www.veltec.eu\/en\/#\/schema\/logo\/image\/"},"sameAs":["https:\/\/www.facebook.com\/Veltec-Kirby-Specialist-236746293374877\/","https:\/\/www.youtube.com\/user\/VeltecService"]}]}},"_links":{"self":[{"href":"https:\/\/www.veltec.eu\/fr\/wp-json\/wp\/v2\/product\/10149","targetHints":{"allow":["GET"]}}],"collection":[{"href":"https:\/\/www.veltec.eu\/fr\/wp-json\/wp\/v2\/product"}],"about":[{"href":"https:\/\/www.veltec.eu\/fr\/wp-json\/wp\/v2\/types\/product"}],"replies":[{"embeddable":true,"href":"https:\/\/www.veltec.eu\/fr\/wp-json\/wp\/v2\/comments?post=10149"}],"wp:featuredmedia":[{"embeddable":true,"href":"https:\/\/www.veltec.eu\/fr\/wp-json\/wp\/v2\/media\/90918"}],"wp:attachment":[{"href":"https:\/\/www.veltec.eu\/fr\/wp-json\/wp\/v2\/media?parent=10149"}],"wp:term":[{"taxonomy":"product_brand","embeddable":true,"href":"https:\/\/www.veltec.eu\/fr\/wp-json\/wp\/v2\/product_brand?post=10149"},{"taxonomy":"product_cat","embeddable":true,"href":"https:\/\/www.veltec.eu\/fr\/wp-json\/wp\/v2\/product_cat?post=10149"},{"taxonomy":"product_tag","embeddable":true,"href":"https:\/\/www.veltec.eu\/fr\/wp-json\/wp\/v2\/product_tag?post=10149"}],"curies":[{"name":"wp","href":"https:\/\/api.w.org\/{rel}","templated":true}]}}