{"id":10129,"date":"2018-10-30T12:44:18","date_gmt":"2018-10-30T10:44:18","guid":{"rendered":"https:\/\/www.veltec.eu\/kirby-webshop\/conducteurs-kirby-bloc-coulissant-2x-nl3176\/"},"modified":"2025-04-07T15:42:42","modified_gmt":"2025-04-07T13:42:42","slug":"conducteurs-kirby-bloc-coulissant-kirby-2x-nl3176","status":"publish","type":"product","link":"https:\/\/www.veltec.eu\/fr\/product\/conducteurs-kirby-bloc-coulissant-kirby-2x-nl3176\/","title":{"rendered":"Conducteurs Kirby bloc coulissant Kirby 2x"},"content":{"rendered":"<h2>Conducteurs Kirby bloc coulissant Kirby 2x &#8211; Pour un fonctionnement stable et en douceur de votre aspirateur<\/h2>\n<p>Lorsque vous remarquez que votre aspirateur Kirby ne glisse plus aussi facilement qu&#8217;avant, il est peut-\u00eatre temps de remplacer les Conducteurs Kirby bloc coulissant Kirby 2x. Ces pi\u00e8ces essentielles garantissent que le mouvement de glissement de l&#8217;aspirateur se fait \u00e0 nouveau sans effort et en silence. Gr\u00e2ce \u00e0 leur qualit\u00e9 et \u00e0 leur compatibilit\u00e9 universelle, ces guides conviennent \u00e0 tous les aspirateurs Kirby, quel que soit le mod\u00e8le ou l&#8217;ann\u00e9e de fabrication.<\/p>\n<p><strong>Ces guides de blocs coulissants conviennent \u00e0 tous les aspirateurs Kirby ;<\/strong><\/p>\n<ul>\n<li>Avalir Platinum<\/li>\n<li>Avalir 2<\/li>\n<li>Avalir 1<\/li>\n<li>Sentria 2 (G10D)<\/li>\n<li>Sentria 1 (G10)<\/li>\n<li>Ultimate G Diamond Ed.(G7D or DE)<\/li>\n<li>Ultimate G (G7 or UG)<\/li>\n<li>Generation 6 (G6)<\/li>\n<li>Generation 5 (G5)<\/li>\n<li>Generation 4 (G4)<\/li>\n<li>Generation 3 (G3)<\/li>\n<\/ul>\n<p><a href=\"https:\/\/www.veltec.eu\/fr\/kirby-boitier\/\">Vous trouverez ici tous les bo\u00eetiers Kirby<\/a><\/p>\n<h3>Pourquoi choisir les Conducteurs Kirby bloc coulissant Kirby 2x ?<\/h3>\n<p>Tout d&#8217;abord, ces blocs de glissement garantissent que les roulements \u00e0 rouleaux restent positionn\u00e9s de mani\u00e8re optimale, ce qui permet \u00e0 l&#8217;ensemble du m\u00e9canisme de glissement de fonctionner efficacement. De plus, les guides sont fabriqu\u00e9s dans un mat\u00e9riau robuste et r\u00e9sistant, ce qui leur permet de supporter une utilisation \u00e0 long terme. Cela \u00e9vite \u00e0 votre aspirateur de faiblir ou de faire du bruit pendant le nettoyage.<\/p>\n<p>En outre, ces guides de blocs coulissants sont tr\u00e8s faciles \u00e0 installer. Cela vous permet non seulement de gagner du temps, mais aussi de l&#8217;argent, car vous n&#8217;avez pas besoin de faire appel \u00e0 un technicien. Comme les guides sont livr\u00e9s par jeu de deux, vous pouvez remplacer les deux c\u00f4t\u00e9s en m\u00eame temps, ce qui garantit un \u00e9quilibre et une sym\u00e9trie parfaits dans le fonctionnement du syst\u00e8me coulissant.<\/p>\n<h2>Les avantages en un coup d&#8217;\u0153il &#8211; Que pouvez-vous attendre ?<\/h2>\n<h3>Compatibilit\u00e9 universelle avec les aspirateurs Kirby<\/h3>\n<p>Ce qui rend ce kit sp\u00e9cial, c&#8217;est sa large applicabilit\u00e9. Vous n&#8217;avez pas \u00e0 vous soucier du mod\u00e8le de votre aspirateur, car ces blocs coulissants conviennent \u00e0 tous les mod\u00e8les Kirby. Cela signifie qu&#8217;en un seul achat, vous \u00eates assur\u00e9 d&#8217;obtenir les bonnes pi\u00e8ces, sans avoir \u00e0 chercher plus loin.<\/p>\n<h3>Installation facile, r\u00e9sultats imm\u00e9diats<\/h3>\n<p>Les guides de blocs coulissants \u00e9tant sp\u00e9cialement con\u00e7us pour \u00eatre faciles \u00e0 utiliser, vous pouvez les installer sans outils compliqu\u00e9s. D\u00e8s que vous remplacerez les anciens guides par les nouveaux, vous remarquerez la diff\u00e9rence presque imm\u00e9diatement : l&#8217;aspirateur glisse plus l\u00e9g\u00e8rement, il est plus silencieux et se sent comme neuf.<\/p>\n<h2>Investissez dans la qualit\u00e9 et prolongez la dur\u00e9e de vie de votre Kirby<\/h2>\n<p>En rempla\u00e7ant r\u00e9guli\u00e8rement des pi\u00e8ces telles que ces guides de blocs coulissants, vous \u00e9vitez une usure inutile des autres composants de votre aspirateur. Votre appareil durera ainsi plus longtemps et sera plus performant, ce qui profitera \u00e0 votre porte-monnaie.<\/p>\n<p>En bref, avec les guides de blocs coulissants 2x de Kirby, vous investissez dans la durabilit\u00e9 et le confort de votre exp\u00e9rience d&#8217;aspiration. Commandez d\u00e8s aujourd&#8217;hui et constatez la diff\u00e9rence lors de votre prochain nettoyage !<\/p>\n","protected":false},"excerpt":{"rendered":"<p>Conducteurs Kirby bloc coulissant 2x.<\/p>\n[trustindex data-widget-id=e3bb80b24fa128098b960fc2439]\n<h3><span style=\"color: #008000;\"><br \/>\nEn stock<\/span><\/h3>\n[av_font_icon icon='ue812' font='entypo-fontello' style='' caption='' size='25px' position='left' color='#43ad66' link='' linktarget='' title_attr='' sonar_effect_effect='' sonar_effect_color='' sonar_effect_duration='1' sonar_effect_scale='' sonar_effect_opac='0.5' animation='' id='' custom_class='' template_class='' av_uid='' sc_version='1.0' admin_preview_bg=''][\/av_font_icon]\n<p><span style=\"color: #008000;\">Command\u00e9 23:59, exp\u00e9di\u00e9 demain<\/span><\/p>\n<p>&nbsp;<\/p>\n","protected":false},"featured_media":90437,"comment_status":"open","ping_status":"closed","template":"","meta":[],"product_brand":[],"product_cat":[304,285],"product_tag":[],"class_list":{"0":"post-10129","1":"product","2":"type-product","3":"status-publish","4":"has-post-thumbnail","6":"product_cat-kirby-boitier","7":"product_cat-tubo-accesorios-kirby","8":"product_shipping_class-klein-de-fr","10":"first","11":"instock","12":"taxable","13":"shipping-taxable","14":"purchasable","15":"product-type-simple"},"yoast_head":"<!-- This site is optimized with the Yoast SEO Premium plugin v27.1 (Yoast SEO v27.4) - https:\/\/yoast.com\/product\/yoast-seo-premium-wordpress\/ -->\n<title>Conducteurs Kirby bloc coulissant Kirby 2x - Veltec Kirby specialist<\/title>\n<meta name=\"description\" content=\"Conducteurs Kirby bloc coulissant Kirby 2x - Veltec est le fournisseur des aspirateurs Kirby depuis plus de 25 ans. Et est votre sp\u00e9cialiste\" \/>\n<meta name=\"robots\" content=\"index, follow, max-snippet:-1, max-image-preview:large, max-video-preview:-1\" \/>\n<link rel=\"canonical\" href=\"https:\/\/www.veltec.eu\/nl\/product\/kirby-schuifblok-geleiders-2x-nl3176\/\" \/>\n<meta property=\"og:locale\" content=\"fr_FR\" \/>\n<meta property=\"og:type\" content=\"article\" \/>\n<meta property=\"og:title\" content=\"Conducteurs Kirby bloc coulissant Kirby 2x\" \/>\n<meta property=\"og:description\" content=\"Conducteurs Kirby bloc coulissant 2x.    En stock   Command\u00e9 23:59, exp\u00e9di\u00e9 demain  &nbsp;\" \/>\n<meta property=\"og:url\" content=\"https:\/\/www.veltec.eu\/nl\/product\/kirby-schuifblok-geleiders-2x-nl3176\/\" \/>\n<meta property=\"og:site_name\" content=\"Veltec Kirby specialist\" \/>\n<meta property=\"article:publisher\" content=\"https:\/\/www.facebook.com\/Veltec-Kirby-Specialist-236746293374877\/\" \/>\n<meta property=\"article:modified_time\" content=\"2025-04-07T13:42:42+00:00\" \/>\n<meta property=\"og:image\" content=\"https:\/\/www.veltec.eu\/wp-content\/uploads\/2018\/10\/kirby_schuifblok_geleiders_2x_.jpg\" \/>\n\t<meta property=\"og:image:width\" content=\"300\" \/>\n\t<meta property=\"og:image:height\" content=\"300\" \/>\n\t<meta property=\"og:image:type\" content=\"image\/jpeg\" \/>\n<meta name=\"twitter:card\" content=\"summary_large_image\" \/>\n<meta name=\"twitter:label1\" content=\"Dur\u00e9e de lecture estim\u00e9e\" \/>\n\t<meta name=\"twitter:data1\" content=\"3 minutes\" \/>\n<script type=\"application\/ld+json\" class=\"yoast-schema-graph\">{\"@context\":\"https:\\\/\\\/schema.org\",\"@graph\":[{\"@type\":\"WebPage\",\"@id\":\"https:\\\/\\\/www.veltec.eu\\\/nl\\\/product\\\/kirby-schuifblok-geleiders-2x-nl3176\\\/\",\"url\":\"https:\\\/\\\/www.veltec.eu\\\/nl\\\/product\\\/kirby-schuifblok-geleiders-2x-nl3176\\\/\",\"name\":\"Conducteurs Kirby bloc coulissant Kirby 2x - Veltec Kirby specialist\",\"isPartOf\":{\"@id\":\"https:\\\/\\\/www.veltec.eu\\\/en\\\/#website\"},\"primaryImageOfPage\":{\"@id\":\"https:\\\/\\\/www.veltec.eu\\\/nl\\\/product\\\/kirby-schuifblok-geleiders-2x-nl3176\\\/#primaryimage\"},\"image\":{\"@id\":\"https:\\\/\\\/www.veltec.eu\\\/nl\\\/product\\\/kirby-schuifblok-geleiders-2x-nl3176\\\/#primaryimage\"},\"thumbnailUrl\":\"https:\\\/\\\/www.veltec.eu\\\/wp-content\\\/uploads\\\/2018\\\/10\\\/kirby_schuifblok_geleiders_2x_-1.jpg\",\"datePublished\":\"2018-10-30T10:44:18+00:00\",\"dateModified\":\"2025-04-07T13:42:42+00:00\",\"description\":\"Conducteurs Kirby bloc coulissant Kirby 2x - Veltec est le fournisseur des aspirateurs Kirby depuis plus de 25 ans. Et est votre sp\u00e9cialiste\",\"breadcrumb\":{\"@id\":\"https:\\\/\\\/www.veltec.eu\\\/nl\\\/product\\\/kirby-schuifblok-geleiders-2x-nl3176\\\/#breadcrumb\"},\"inLanguage\":\"fr-FR\",\"potentialAction\":[{\"@type\":\"ReadAction\",\"target\":[\"https:\\\/\\\/www.veltec.eu\\\/nl\\\/product\\\/kirby-schuifblok-geleiders-2x-nl3176\\\/\"]}]},{\"@type\":\"ImageObject\",\"inLanguage\":\"fr-FR\",\"@id\":\"https:\\\/\\\/www.veltec.eu\\\/nl\\\/product\\\/kirby-schuifblok-geleiders-2x-nl3176\\\/#primaryimage\",\"url\":\"https:\\\/\\\/www.veltec.eu\\\/wp-content\\\/uploads\\\/2018\\\/10\\\/kirby_schuifblok_geleiders_2x_-1.jpg\",\"contentUrl\":\"https:\\\/\\\/www.veltec.eu\\\/wp-content\\\/uploads\\\/2018\\\/10\\\/kirby_schuifblok_geleiders_2x_-1.jpg\",\"width\":400,\"height\":400},{\"@type\":\"BreadcrumbList\",\"@id\":\"https:\\\/\\\/www.veltec.eu\\\/nl\\\/product\\\/kirby-schuifblok-geleiders-2x-nl3176\\\/#breadcrumb\",\"itemListElement\":[{\"@type\":\"ListItem\",\"position\":1,\"name\":\"Home\",\"item\":\"https:\\\/\\\/www.veltec.eu\\\/fr\\\/\"},{\"@type\":\"ListItem\",\"position\":2,\"name\":\"Produits\",\"item\":\"https:\\\/\\\/www.veltec.eu\\\/fr\\\/shop\\\/\"},{\"@type\":\"ListItem\",\"position\":3,\"name\":\"Conducteurs Kirby bloc coulissant Kirby 2x\"}]},{\"@type\":\"WebSite\",\"@id\":\"https:\\\/\\\/www.veltec.eu\\\/en\\\/#website\",\"url\":\"https:\\\/\\\/www.veltec.eu\\\/en\\\/\",\"name\":\"Veltec Kirby specialist\",\"description\":\"Kirby stofzuiger producten\",\"publisher\":{\"@id\":\"https:\\\/\\\/www.veltec.eu\\\/en\\\/#organization\"},\"potentialAction\":[{\"@type\":\"SearchAction\",\"target\":{\"@type\":\"EntryPoint\",\"urlTemplate\":\"https:\\\/\\\/www.veltec.eu\\\/en\\\/?s={search_term_string}\"},\"query-input\":{\"@type\":\"PropertyValueSpecification\",\"valueRequired\":true,\"valueName\":\"search_term_string\"}}],\"inLanguage\":\"fr-FR\"},{\"@type\":\"Organization\",\"@id\":\"https:\\\/\\\/www.veltec.eu\\\/en\\\/#organization\",\"name\":\"Veltec Kirby Specialist\",\"url\":\"https:\\\/\\\/www.veltec.eu\\\/en\\\/\",\"logo\":{\"@type\":\"ImageObject\",\"inLanguage\":\"fr-FR\",\"@id\":\"https:\\\/\\\/www.veltec.eu\\\/en\\\/#\\\/schema\\\/logo\\\/image\\\/\",\"url\":\"https:\\\/\\\/www.veltec.eu\\\/wp-content\\\/uploads\\\/2021\\\/12\\\/Veltec-log-groot-e1537260889125.png\",\"contentUrl\":\"https:\\\/\\\/www.veltec.eu\\\/wp-content\\\/uploads\\\/2021\\\/12\\\/Veltec-log-groot-e1537260889125.png\",\"width\":200,\"height\":60,\"caption\":\"Veltec Kirby Specialist\"},\"image\":{\"@id\":\"https:\\\/\\\/www.veltec.eu\\\/en\\\/#\\\/schema\\\/logo\\\/image\\\/\"},\"sameAs\":[\"https:\\\/\\\/www.facebook.com\\\/Veltec-Kirby-Specialist-236746293374877\\\/\",\"https:\\\/\\\/www.youtube.com\\\/user\\\/VeltecService\"]}]}<\/script>\n<!-- \/ Yoast SEO Premium plugin. -->","yoast_head_json":{"title":"Conducteurs Kirby bloc coulissant Kirby 2x - Veltec Kirby specialist","description":"Conducteurs Kirby bloc coulissant Kirby 2x - Veltec est le fournisseur des aspirateurs Kirby depuis plus de 25 ans. Et est votre sp\u00e9cialiste","robots":{"index":"index","follow":"follow","max-snippet":"max-snippet:-1","max-image-preview":"max-image-preview:large","max-video-preview":"max-video-preview:-1"},"canonical":"https:\/\/www.veltec.eu\/nl\/product\/kirby-schuifblok-geleiders-2x-nl3176\/","og_locale":"fr_FR","og_type":"article","og_title":"Conducteurs Kirby bloc coulissant Kirby 2x","og_description":"Conducteurs Kirby bloc coulissant 2x.    En stock   Command\u00e9 23:59, exp\u00e9di\u00e9 demain  &nbsp;","og_url":"https:\/\/www.veltec.eu\/nl\/product\/kirby-schuifblok-geleiders-2x-nl3176\/","og_site_name":"Veltec Kirby specialist","article_publisher":"https:\/\/www.facebook.com\/Veltec-Kirby-Specialist-236746293374877\/","article_modified_time":"2025-04-07T13:42:42+00:00","og_image":[{"width":300,"height":300,"url":"https:\/\/www.veltec.eu\/wp-content\/uploads\/2018\/10\/kirby_schuifblok_geleiders_2x_.jpg","type":"image\/jpeg"}],"twitter_card":"summary_large_image","twitter_misc":{"Dur\u00e9e de lecture estim\u00e9e":"3 minutes"},"schema":{"@context":"https:\/\/schema.org","@graph":[{"@type":"WebPage","@id":"https:\/\/www.veltec.eu\/nl\/product\/kirby-schuifblok-geleiders-2x-nl3176\/","url":"https:\/\/www.veltec.eu\/nl\/product\/kirby-schuifblok-geleiders-2x-nl3176\/","name":"Conducteurs Kirby bloc coulissant Kirby 2x - Veltec Kirby specialist","isPartOf":{"@id":"https:\/\/www.veltec.eu\/en\/#website"},"primaryImageOfPage":{"@id":"https:\/\/www.veltec.eu\/nl\/product\/kirby-schuifblok-geleiders-2x-nl3176\/#primaryimage"},"image":{"@id":"https:\/\/www.veltec.eu\/nl\/product\/kirby-schuifblok-geleiders-2x-nl3176\/#primaryimage"},"thumbnailUrl":"https:\/\/www.veltec.eu\/wp-content\/uploads\/2018\/10\/kirby_schuifblok_geleiders_2x_-1.jpg","datePublished":"2018-10-30T10:44:18+00:00","dateModified":"2025-04-07T13:42:42+00:00","description":"Conducteurs Kirby bloc coulissant Kirby 2x - Veltec est le fournisseur des aspirateurs Kirby depuis plus de 25 ans. Et est votre sp\u00e9cialiste","breadcrumb":{"@id":"https:\/\/www.veltec.eu\/nl\/product\/kirby-schuifblok-geleiders-2x-nl3176\/#breadcrumb"},"inLanguage":"fr-FR","potentialAction":[{"@type":"ReadAction","target":["https:\/\/www.veltec.eu\/nl\/product\/kirby-schuifblok-geleiders-2x-nl3176\/"]}]},{"@type":"ImageObject","inLanguage":"fr-FR","@id":"https:\/\/www.veltec.eu\/nl\/product\/kirby-schuifblok-geleiders-2x-nl3176\/#primaryimage","url":"https:\/\/www.veltec.eu\/wp-content\/uploads\/2018\/10\/kirby_schuifblok_geleiders_2x_-1.jpg","contentUrl":"https:\/\/www.veltec.eu\/wp-content\/uploads\/2018\/10\/kirby_schuifblok_geleiders_2x_-1.jpg","width":400,"height":400},{"@type":"BreadcrumbList","@id":"https:\/\/www.veltec.eu\/nl\/product\/kirby-schuifblok-geleiders-2x-nl3176\/#breadcrumb","itemListElement":[{"@type":"ListItem","position":1,"name":"Home","item":"https:\/\/www.veltec.eu\/fr\/"},{"@type":"ListItem","position":2,"name":"Produits","item":"https:\/\/www.veltec.eu\/fr\/shop\/"},{"@type":"ListItem","position":3,"name":"Conducteurs Kirby bloc coulissant Kirby 2x"}]},{"@type":"WebSite","@id":"https:\/\/www.veltec.eu\/en\/#website","url":"https:\/\/www.veltec.eu\/en\/","name":"Veltec Kirby specialist","description":"Kirby stofzuiger producten","publisher":{"@id":"https:\/\/www.veltec.eu\/en\/#organization"},"potentialAction":[{"@type":"SearchAction","target":{"@type":"EntryPoint","urlTemplate":"https:\/\/www.veltec.eu\/en\/?s={search_term_string}"},"query-input":{"@type":"PropertyValueSpecification","valueRequired":true,"valueName":"search_term_string"}}],"inLanguage":"fr-FR"},{"@type":"Organization","@id":"https:\/\/www.veltec.eu\/en\/#organization","name":"Veltec Kirby Specialist","url":"https:\/\/www.veltec.eu\/en\/","logo":{"@type":"ImageObject","inLanguage":"fr-FR","@id":"https:\/\/www.veltec.eu\/en\/#\/schema\/logo\/image\/","url":"https:\/\/www.veltec.eu\/wp-content\/uploads\/2021\/12\/Veltec-log-groot-e1537260889125.png","contentUrl":"https:\/\/www.veltec.eu\/wp-content\/uploads\/2021\/12\/Veltec-log-groot-e1537260889125.png","width":200,"height":60,"caption":"Veltec Kirby Specialist"},"image":{"@id":"https:\/\/www.veltec.eu\/en\/#\/schema\/logo\/image\/"},"sameAs":["https:\/\/www.facebook.com\/Veltec-Kirby-Specialist-236746293374877\/","https:\/\/www.youtube.com\/user\/VeltecService"]}]}},"_links":{"self":[{"href":"https:\/\/www.veltec.eu\/fr\/wp-json\/wp\/v2\/product\/10129","targetHints":{"allow":["GET"]}}],"collection":[{"href":"https:\/\/www.veltec.eu\/fr\/wp-json\/wp\/v2\/product"}],"about":[{"href":"https:\/\/www.veltec.eu\/fr\/wp-json\/wp\/v2\/types\/product"}],"replies":[{"embeddable":true,"href":"https:\/\/www.veltec.eu\/fr\/wp-json\/wp\/v2\/comments?post=10129"}],"wp:featuredmedia":[{"embeddable":true,"href":"https:\/\/www.veltec.eu\/fr\/wp-json\/wp\/v2\/media\/90437"}],"wp:attachment":[{"href":"https:\/\/www.veltec.eu\/fr\/wp-json\/wp\/v2\/media?parent=10129"}],"wp:term":[{"taxonomy":"product_brand","embeddable":true,"href":"https:\/\/www.veltec.eu\/fr\/wp-json\/wp\/v2\/product_brand?post=10129"},{"taxonomy":"product_cat","embeddable":true,"href":"https:\/\/www.veltec.eu\/fr\/wp-json\/wp\/v2\/product_cat?post=10129"},{"taxonomy":"product_tag","embeddable":true,"href":"https:\/\/www.veltec.eu\/fr\/wp-json\/wp\/v2\/product_tag?post=10129"}],"curies":[{"name":"wp","href":"https:\/\/api.w.org\/{rel}","templated":true}]}}