{"id":10119,"date":"2018-10-30T12:53:02","date_gmt":"2018-10-30T10:53:02","guid":{"rendered":"https:\/\/www.veltec.eu\/kirby-webshop\/paliers-de-roulement-pour-plaque-coulissante-nl3092\/"},"modified":"2025-04-07T10:10:47","modified_gmt":"2025-04-07T08:10:47","slug":"kirby-roulements-pour-console-coulissante-nl3092","status":"publish","type":"product","link":"https:\/\/www.veltec.eu\/fr\/product\/kirby-roulements-pour-console-coulissante-nl3092\/","title":{"rendered":"Kirby Roulements pour console coulissante"},"content":{"rendered":"<h2>Kirby Roulements pour console coulissante &#8211; Pour un aspirateur qui fonctionne en douceur<\/h2>\n<p>Lorsque vous remarquez que votre aspirateur Kirby ne glisse plus aussi facilement qu&#8217;avant, il y a de fortes chances que la console coulissante ne fonctionne plus de mani\u00e8re optimale. Les roulements \u00e0 rouleaux Kirby pour console coulissante sont alors la solution. Ces deux roulements \u00e0 rouleaux de haute qualit\u00e9 sont simplement plac\u00e9s entre les guides et le bloc coulissant de la console, de sorte que votre Kirby se d\u00e9place \u00e0 nouveau sans effort, exactement comme vous en avez l&#8217;habitude.<\/p>\n<p>2x roulements \u00e0 rouleaux pour console coulissante.<\/p>\n<p><strong>Ces roulements \u00e0 rouleaux conviennent \u00e0 tous les aspirateurs Kirby ;<\/strong><\/p>\n<ul>\n<li>Avalir Platinum<\/li>\n<li>Avalir 2<\/li>\n<li>Avalir 1<\/li>\n<li>Sentria 2 (G10D)<\/li>\n<li>Sentria 1 (G10)<\/li>\n<li>Ultimate G Diamond Ed.(G7D or DE)<\/li>\n<li>Ultimate G (G7 or UG)<\/li>\n<li>Generation 6 (G6)<\/li>\n<li>Generation 5 (G5)<\/li>\n<li>Generation 4 (G4)<\/li>\n<li>Generation 3 (G3)<\/li>\n<\/ul>\n<p data-start=\"429\" data-end=\"838\"><a href=\"https:\/\/www.veltec.eu\/fr\/kirby-boitier\/\">Vous trouverez ici tous les bo\u00eetiers Kirby<\/a><\/p>\n<h3>Pourquoi choisir ces roulements \u00e0 rouleaux Kirby pour console coulissante ?<\/h3>\n<p>Tout d&#8217;abord, il est bon de savoir que ces roulements \u00e0 rouleaux conviennent \u00e0 tous les aspirateurs Kirby, quel que soit le mod\u00e8le. Que vous ayez un mod\u00e8le plus ancien ou plus r\u00e9cent, ces roulements conviendront toujours. De plus, ils sont sp\u00e9cialement con\u00e7us pour une performance optimale dans la console coulissante. Cela signifie que l&#8217;aspirateur se d\u00e9place de mani\u00e8re plus souple, plus l\u00e9g\u00e8re et plus silencieuse, ce qui contribue \u00e0 prolonger la dur\u00e9e de vie de l&#8217;appareil.<\/p>\n<p>De plus, la facilit\u00e9 d&#8217;installation vous permet de d\u00e9marrer sans connaissances techniques. Les roulements ayant \u00e9t\u00e9 con\u00e7us sur mesure, ils s&#8217;ins\u00e8rent parfaitement dans les fentes existantes de la console coulissante. Cela permet d&#8217;\u00e9viter l&#8217;usure et l&#8217;endommagement d&#8217;autres pi\u00e8ces.<\/p>\n<h3>Les avantages en un coup d&#8217;\u0153il<\/h3>\n<ul>\n<li>Adaptation parfaite \u00e0 tous les mod\u00e8les Kirby<\/li>\n<li>Am\u00e9liore la libert\u00e9 de mouvement de l&#8217;aspirateur<\/li>\n<li>Prolonge la dur\u00e9e de vie de la console coulissante<\/li>\n<li>Facile \u00e0 installer, sans outils suppl\u00e9mentaires<\/li>\n<li>Fabriqu\u00e9 \u00e0 partir de mat\u00e9riaux durables qui durent longtemps<\/li>\n<\/ul>\n<h2>Comment savoir si votre Kirby a besoin de nouveaux roulements ?<\/h2>\n<p>Soyez attentif \u00e0 des signes tels qu&#8217;un mouvement raide, un bruit de grincement ou une difficult\u00e9 \u00e0 faire glisser la console. Ces sympt\u00f4mes indiquent souvent que les roulements sont us\u00e9s ou bloqu\u00e9s. Dans ce cas, il est judicieux de remplacer \u00e0 temps les roulements \u00e0 rouleaux Kirby pour la console de glissement. En prenant des mesures pr\u00e9ventives, vous \u00e9vitez d&#8217;endommager davantage votre aspirateur et son fonctionnement reste optimal.<\/p>\n<h3>Commander facilement et rapidement<\/h3>\n<p>N&#8217;attendez donc pas que votre Kirby tombe compl\u00e8tement en panne. Avec ce jeu de roulements \u00e0 rouleaux, vous pouvez facilement donner une seconde vie \u00e0 votre aspirateur. Vous pouvez commander rapidement et en toute s\u00e9curit\u00e9 via notre boutique en ligne. De plus, vous b\u00e9n\u00e9ficiez d&#8217;une livraison rapide et d&#8217;un excellent service client\u00e8le, si vous avez des questions.<\/p>\n","protected":false},"excerpt":{"rendered":"<p>Paliers de roulement pour plaque coulissante.<\/p>\n[trustindex data-widget-id=e3bb80b24fa128098b960fc2439]\n<h3><span style=\"color: #008000;\"><br \/>\nEn stock<\/span><\/h3>\n[av_font_icon icon='ue812' font='entypo-fontello' style='' caption='' size='25px' position='left' color='#43ad66' link='' linktarget='' title_attr='' sonar_effect_effect='' sonar_effect_color='' sonar_effect_duration='1' sonar_effect_scale='' sonar_effect_opac='0.5' animation='' id='' custom_class='' template_class='' av_uid='' sc_version='1.0' admin_preview_bg=''][\/av_font_icon]\n<p><span style=\"color: #008000;\">Command\u00e9 23:59, exp\u00e9di\u00e9 demain<\/span><\/p>\n<p>&nbsp;<\/p>\n","protected":false},"featured_media":90489,"comment_status":"open","ping_status":"closed","template":"","meta":[],"product_brand":[],"product_cat":[304,285],"product_tag":[],"class_list":{"0":"post-10119","1":"product","2":"type-product","3":"status-publish","4":"has-post-thumbnail","6":"product_cat-kirby-boitier","7":"product_cat-tubo-accesorios-kirby","8":"product_shipping_class-klein-de-fr","10":"first","11":"instock","12":"taxable","13":"shipping-taxable","14":"purchasable","15":"product-type-simple"},"yoast_head":"<!-- This site is optimized with the Yoast SEO Premium plugin v27.1 (Yoast SEO v27.4) - https:\/\/yoast.com\/product\/yoast-seo-premium-wordpress\/ -->\n<title>Kirby Roulements pour console coulissante - Veltec Kirby specialist<\/title>\n<meta name=\"description\" content=\"Kirby Roulements pour console coulissante - Veltec fournit des aspirateurs Kirby depuis plus de 25 ans. C&#039;est votre sp\u00e9cialiste du service Kirby\" \/>\n<meta name=\"robots\" content=\"index, follow, max-snippet:-1, max-image-preview:large, max-video-preview:-1\" \/>\n<link rel=\"canonical\" href=\"https:\/\/www.veltec.eu\/fr\/product\/kirby-roulements-pour-console-coulissante-nl3092\/\" \/>\n<meta property=\"og:locale\" content=\"fr_FR\" \/>\n<meta property=\"og:type\" content=\"article\" \/>\n<meta property=\"og:title\" content=\"Kirby Roulements pour console coulissante\" \/>\n<meta property=\"og:description\" content=\"Paliers de roulement pour plaque coulissante.    En stock   Command\u00e9 23:59, exp\u00e9di\u00e9 demain  &nbsp;\" \/>\n<meta property=\"og:url\" content=\"https:\/\/www.veltec.eu\/fr\/product\/kirby-roulements-pour-console-coulissante-nl3092\/\" \/>\n<meta property=\"og:site_name\" content=\"Veltec Kirby specialist\" \/>\n<meta property=\"article:publisher\" content=\"https:\/\/www.facebook.com\/Veltec-Kirby-Specialist-236746293374877\/\" \/>\n<meta property=\"article:modified_time\" content=\"2025-04-07T08:10:47+00:00\" \/>\n<meta property=\"og:image\" content=\"https:\/\/www.veltec.eu\/wp-content\/uploads\/2018\/10\/kirby_rollagers_voor_schuifconsole.jpg\" \/>\n\t<meta property=\"og:image:width\" content=\"300\" \/>\n\t<meta property=\"og:image:height\" content=\"300\" \/>\n\t<meta property=\"og:image:type\" content=\"image\/jpeg\" \/>\n<meta name=\"twitter:card\" content=\"summary_large_image\" \/>\n<meta name=\"twitter:label1\" content=\"Dur\u00e9e de lecture estim\u00e9e\" \/>\n\t<meta name=\"twitter:data1\" content=\"3 minutes\" \/>\n<script type=\"application\/ld+json\" class=\"yoast-schema-graph\">{\"@context\":\"https:\\\/\\\/schema.org\",\"@graph\":[{\"@type\":\"WebPage\",\"@id\":\"https:\\\/\\\/www.veltec.eu\\\/fr\\\/product\\\/kirby-roulements-pour-console-coulissante-nl3092\\\/\",\"url\":\"https:\\\/\\\/www.veltec.eu\\\/fr\\\/product\\\/kirby-roulements-pour-console-coulissante-nl3092\\\/\",\"name\":\"Kirby Roulements pour console coulissante - Veltec Kirby specialist\",\"isPartOf\":{\"@id\":\"https:\\\/\\\/www.veltec.eu\\\/en\\\/#website\"},\"primaryImageOfPage\":{\"@id\":\"https:\\\/\\\/www.veltec.eu\\\/fr\\\/product\\\/kirby-roulements-pour-console-coulissante-nl3092\\\/#primaryimage\"},\"image\":{\"@id\":\"https:\\\/\\\/www.veltec.eu\\\/fr\\\/product\\\/kirby-roulements-pour-console-coulissante-nl3092\\\/#primaryimage\"},\"thumbnailUrl\":\"https:\\\/\\\/www.veltec.eu\\\/wp-content\\\/uploads\\\/2018\\\/10\\\/Kirby-rollagers.jpg\",\"datePublished\":\"2018-10-30T10:53:02+00:00\",\"dateModified\":\"2025-04-07T08:10:47+00:00\",\"description\":\"Kirby Roulements pour console coulissante - Veltec fournit des aspirateurs Kirby depuis plus de 25 ans. C'est votre sp\u00e9cialiste du service Kirby\",\"breadcrumb\":{\"@id\":\"https:\\\/\\\/www.veltec.eu\\\/fr\\\/product\\\/kirby-roulements-pour-console-coulissante-nl3092\\\/#breadcrumb\"},\"inLanguage\":\"fr-FR\",\"potentialAction\":[{\"@type\":\"ReadAction\",\"target\":[\"https:\\\/\\\/www.veltec.eu\\\/fr\\\/product\\\/kirby-roulements-pour-console-coulissante-nl3092\\\/\"]}]},{\"@type\":\"ImageObject\",\"inLanguage\":\"fr-FR\",\"@id\":\"https:\\\/\\\/www.veltec.eu\\\/fr\\\/product\\\/kirby-roulements-pour-console-coulissante-nl3092\\\/#primaryimage\",\"url\":\"https:\\\/\\\/www.veltec.eu\\\/wp-content\\\/uploads\\\/2018\\\/10\\\/Kirby-rollagers.jpg\",\"contentUrl\":\"https:\\\/\\\/www.veltec.eu\\\/wp-content\\\/uploads\\\/2018\\\/10\\\/Kirby-rollagers.jpg\",\"width\":600,\"height\":600},{\"@type\":\"BreadcrumbList\",\"@id\":\"https:\\\/\\\/www.veltec.eu\\\/fr\\\/product\\\/kirby-roulements-pour-console-coulissante-nl3092\\\/#breadcrumb\",\"itemListElement\":[{\"@type\":\"ListItem\",\"position\":1,\"name\":\"Home\",\"item\":\"https:\\\/\\\/www.veltec.eu\\\/fr\\\/\"},{\"@type\":\"ListItem\",\"position\":2,\"name\":\"Produits\",\"item\":\"https:\\\/\\\/www.veltec.eu\\\/fr\\\/shop\\\/\"},{\"@type\":\"ListItem\",\"position\":3,\"name\":\"Kirby Roulements pour console coulissante\"}]},{\"@type\":\"WebSite\",\"@id\":\"https:\\\/\\\/www.veltec.eu\\\/en\\\/#website\",\"url\":\"https:\\\/\\\/www.veltec.eu\\\/en\\\/\",\"name\":\"Veltec Kirby specialist\",\"description\":\"Kirby stofzuiger producten\",\"publisher\":{\"@id\":\"https:\\\/\\\/www.veltec.eu\\\/en\\\/#organization\"},\"potentialAction\":[{\"@type\":\"SearchAction\",\"target\":{\"@type\":\"EntryPoint\",\"urlTemplate\":\"https:\\\/\\\/www.veltec.eu\\\/en\\\/?s={search_term_string}\"},\"query-input\":{\"@type\":\"PropertyValueSpecification\",\"valueRequired\":true,\"valueName\":\"search_term_string\"}}],\"inLanguage\":\"fr-FR\"},{\"@type\":\"Organization\",\"@id\":\"https:\\\/\\\/www.veltec.eu\\\/en\\\/#organization\",\"name\":\"Veltec Kirby Specialist\",\"url\":\"https:\\\/\\\/www.veltec.eu\\\/en\\\/\",\"logo\":{\"@type\":\"ImageObject\",\"inLanguage\":\"fr-FR\",\"@id\":\"https:\\\/\\\/www.veltec.eu\\\/en\\\/#\\\/schema\\\/logo\\\/image\\\/\",\"url\":\"https:\\\/\\\/www.veltec.eu\\\/wp-content\\\/uploads\\\/2021\\\/12\\\/Veltec-log-groot-e1537260889125.png\",\"contentUrl\":\"https:\\\/\\\/www.veltec.eu\\\/wp-content\\\/uploads\\\/2021\\\/12\\\/Veltec-log-groot-e1537260889125.png\",\"width\":200,\"height\":60,\"caption\":\"Veltec Kirby Specialist\"},\"image\":{\"@id\":\"https:\\\/\\\/www.veltec.eu\\\/en\\\/#\\\/schema\\\/logo\\\/image\\\/\"},\"sameAs\":[\"https:\\\/\\\/www.facebook.com\\\/Veltec-Kirby-Specialist-236746293374877\\\/\",\"https:\\\/\\\/www.youtube.com\\\/user\\\/VeltecService\"]}]}<\/script>\n<!-- \/ Yoast SEO Premium plugin. -->","yoast_head_json":{"title":"Kirby Roulements pour console coulissante - Veltec Kirby specialist","description":"Kirby Roulements pour console coulissante - Veltec fournit des aspirateurs Kirby depuis plus de 25 ans. C'est votre sp\u00e9cialiste du service Kirby","robots":{"index":"index","follow":"follow","max-snippet":"max-snippet:-1","max-image-preview":"max-image-preview:large","max-video-preview":"max-video-preview:-1"},"canonical":"https:\/\/www.veltec.eu\/fr\/product\/kirby-roulements-pour-console-coulissante-nl3092\/","og_locale":"fr_FR","og_type":"article","og_title":"Kirby Roulements pour console coulissante","og_description":"Paliers de roulement pour plaque coulissante.    En stock   Command\u00e9 23:59, exp\u00e9di\u00e9 demain  &nbsp;","og_url":"https:\/\/www.veltec.eu\/fr\/product\/kirby-roulements-pour-console-coulissante-nl3092\/","og_site_name":"Veltec Kirby specialist","article_publisher":"https:\/\/www.facebook.com\/Veltec-Kirby-Specialist-236746293374877\/","article_modified_time":"2025-04-07T08:10:47+00:00","og_image":[{"width":300,"height":300,"url":"https:\/\/www.veltec.eu\/wp-content\/uploads\/2018\/10\/kirby_rollagers_voor_schuifconsole.jpg","type":"image\/jpeg"}],"twitter_card":"summary_large_image","twitter_misc":{"Dur\u00e9e de lecture estim\u00e9e":"3 minutes"},"schema":{"@context":"https:\/\/schema.org","@graph":[{"@type":"WebPage","@id":"https:\/\/www.veltec.eu\/fr\/product\/kirby-roulements-pour-console-coulissante-nl3092\/","url":"https:\/\/www.veltec.eu\/fr\/product\/kirby-roulements-pour-console-coulissante-nl3092\/","name":"Kirby Roulements pour console coulissante - Veltec Kirby specialist","isPartOf":{"@id":"https:\/\/www.veltec.eu\/en\/#website"},"primaryImageOfPage":{"@id":"https:\/\/www.veltec.eu\/fr\/product\/kirby-roulements-pour-console-coulissante-nl3092\/#primaryimage"},"image":{"@id":"https:\/\/www.veltec.eu\/fr\/product\/kirby-roulements-pour-console-coulissante-nl3092\/#primaryimage"},"thumbnailUrl":"https:\/\/www.veltec.eu\/wp-content\/uploads\/2018\/10\/Kirby-rollagers.jpg","datePublished":"2018-10-30T10:53:02+00:00","dateModified":"2025-04-07T08:10:47+00:00","description":"Kirby Roulements pour console coulissante - Veltec fournit des aspirateurs Kirby depuis plus de 25 ans. C'est votre sp\u00e9cialiste du service Kirby","breadcrumb":{"@id":"https:\/\/www.veltec.eu\/fr\/product\/kirby-roulements-pour-console-coulissante-nl3092\/#breadcrumb"},"inLanguage":"fr-FR","potentialAction":[{"@type":"ReadAction","target":["https:\/\/www.veltec.eu\/fr\/product\/kirby-roulements-pour-console-coulissante-nl3092\/"]}]},{"@type":"ImageObject","inLanguage":"fr-FR","@id":"https:\/\/www.veltec.eu\/fr\/product\/kirby-roulements-pour-console-coulissante-nl3092\/#primaryimage","url":"https:\/\/www.veltec.eu\/wp-content\/uploads\/2018\/10\/Kirby-rollagers.jpg","contentUrl":"https:\/\/www.veltec.eu\/wp-content\/uploads\/2018\/10\/Kirby-rollagers.jpg","width":600,"height":600},{"@type":"BreadcrumbList","@id":"https:\/\/www.veltec.eu\/fr\/product\/kirby-roulements-pour-console-coulissante-nl3092\/#breadcrumb","itemListElement":[{"@type":"ListItem","position":1,"name":"Home","item":"https:\/\/www.veltec.eu\/fr\/"},{"@type":"ListItem","position":2,"name":"Produits","item":"https:\/\/www.veltec.eu\/fr\/shop\/"},{"@type":"ListItem","position":3,"name":"Kirby Roulements pour console coulissante"}]},{"@type":"WebSite","@id":"https:\/\/www.veltec.eu\/en\/#website","url":"https:\/\/www.veltec.eu\/en\/","name":"Veltec Kirby specialist","description":"Kirby stofzuiger producten","publisher":{"@id":"https:\/\/www.veltec.eu\/en\/#organization"},"potentialAction":[{"@type":"SearchAction","target":{"@type":"EntryPoint","urlTemplate":"https:\/\/www.veltec.eu\/en\/?s={search_term_string}"},"query-input":{"@type":"PropertyValueSpecification","valueRequired":true,"valueName":"search_term_string"}}],"inLanguage":"fr-FR"},{"@type":"Organization","@id":"https:\/\/www.veltec.eu\/en\/#organization","name":"Veltec Kirby Specialist","url":"https:\/\/www.veltec.eu\/en\/","logo":{"@type":"ImageObject","inLanguage":"fr-FR","@id":"https:\/\/www.veltec.eu\/en\/#\/schema\/logo\/image\/","url":"https:\/\/www.veltec.eu\/wp-content\/uploads\/2021\/12\/Veltec-log-groot-e1537260889125.png","contentUrl":"https:\/\/www.veltec.eu\/wp-content\/uploads\/2021\/12\/Veltec-log-groot-e1537260889125.png","width":200,"height":60,"caption":"Veltec Kirby Specialist"},"image":{"@id":"https:\/\/www.veltec.eu\/en\/#\/schema\/logo\/image\/"},"sameAs":["https:\/\/www.facebook.com\/Veltec-Kirby-Specialist-236746293374877\/","https:\/\/www.youtube.com\/user\/VeltecService"]}]}},"_links":{"self":[{"href":"https:\/\/www.veltec.eu\/fr\/wp-json\/wp\/v2\/product\/10119","targetHints":{"allow":["GET"]}}],"collection":[{"href":"https:\/\/www.veltec.eu\/fr\/wp-json\/wp\/v2\/product"}],"about":[{"href":"https:\/\/www.veltec.eu\/fr\/wp-json\/wp\/v2\/types\/product"}],"replies":[{"embeddable":true,"href":"https:\/\/www.veltec.eu\/fr\/wp-json\/wp\/v2\/comments?post=10119"}],"wp:featuredmedia":[{"embeddable":true,"href":"https:\/\/www.veltec.eu\/fr\/wp-json\/wp\/v2\/media\/90489"}],"wp:attachment":[{"href":"https:\/\/www.veltec.eu\/fr\/wp-json\/wp\/v2\/media?parent=10119"}],"wp:term":[{"taxonomy":"product_brand","embeddable":true,"href":"https:\/\/www.veltec.eu\/fr\/wp-json\/wp\/v2\/product_brand?post=10119"},{"taxonomy":"product_cat","embeddable":true,"href":"https:\/\/www.veltec.eu\/fr\/wp-json\/wp\/v2\/product_cat?post=10119"},{"taxonomy":"product_tag","embeddable":true,"href":"https:\/\/www.veltec.eu\/fr\/wp-json\/wp\/v2\/product_tag?post=10119"}],"curies":[{"name":"wp","href":"https:\/\/api.w.org\/{rel}","templated":true}]}}