{"id":88488,"date":"2026-02-18T11:56:26","date_gmt":"2026-02-18T09:56:26","guid":{"rendered":"https:\/\/www.veltec.eu\/quel-modele-kirby-ai-je\/"},"modified":"2026-02-18T12:15:29","modified_gmt":"2026-02-18T10:15:29","slug":"quel-modele-kirby-ai-je","status":"publish","type":"page","link":"https:\/\/www.veltec.eu\/fr\/quel-modele-kirby-ai-je\/","title":{"rendered":"Quel mod\u00e8le Kirby ai-je ?"},"content":{"rendered":"<section  class='av_textblock_section av-27n1sfp-b0bfc8076f743886a886863e8aa5bc65 '   itemscope=\"itemscope\" itemtype=\"https:\/\/schema.org\/CreativeWork\" ><div class='avia_textblock'  itemprop=\"text\" ><h1 data-start=\"87\" data-end=\"110\">Quel mod\u00e8le Kirby ai-je ?<\/h1>\n<p><img decoding=\"async\" class=\"alignnone wp-image-42583 size-full\" src=\"https:\/\/www.veltec.eu\/wp-content\/uploads\/2021\/10\/Kirby-modellen5.jpg\" alt=\"Quel mod\u00e8le Kirby ai-je ?\" width=\"1400\" height=\"301\" srcset=\"https:\/\/www.veltec.eu\/wp-content\/uploads\/2021\/10\/Kirby-modellen5.jpg 1400w, https:\/\/www.veltec.eu\/wp-content\/uploads\/2021\/10\/Kirby-modellen5-300x65.jpg 300w, https:\/\/www.veltec.eu\/wp-content\/uploads\/2021\/10\/Kirby-modellen5-1030x221.jpg 1030w, https:\/\/www.veltec.eu\/wp-content\/uploads\/2021\/10\/Kirby-modellen5-768x165.jpg 768w, https:\/\/www.veltec.eu\/wp-content\/uploads\/2021\/10\/Kirby-modellen5-705x152.jpg 705w, https:\/\/www.veltec.eu\/wp-content\/uploads\/2021\/10\/Kirby-modellen5-600x129.jpg 600w\" sizes=\"(max-width: 1400px) 100vw, 1400px\" \/><\/p>\n<\/div><\/section>\n\n<style type=\"text\/css\" data-created_by=\"avia_inline_auto\" id=\"style-css-av-6u01i-294e84c5e5ccbb05371eb2d59b098352\">\n#top .hr.hr-invisible.av-6u01i-294e84c5e5ccbb05371eb2d59b098352{\nheight:50px;\n}\n<\/style>\n<div  class='hr av-6u01i-294e84c5e5ccbb05371eb2d59b098352 hr-invisible  avia-builder-el-1  el_after_av_textblock  el_before_av_textblock '><span class='hr-inner '><span class=\"hr-inner-style\"><\/span><\/span><\/div>\n<section  class='av_textblock_section av-mlqjgijv-23b6673a7c69151b062def148a89c154 '   itemscope=\"itemscope\" itemtype=\"https:\/\/schema.org\/CreativeWork\" ><div class='avia_textblock'  itemprop=\"text\" ><h2 data-start=\"87\" data-end=\"110\">Quel mod\u00e8le Kirby ai-je ?<\/h2>\n<p data-start=\"112\" data-end=\"442\">Vous souhaitez conna\u00eetre le mod\u00e8le exact de votre aspirateur ? Gr\u00e2ce \u00e0 ce guide pratique, vous d\u00e9couvrirez rapidement et facilement quel mod\u00e8le Kirby vous poss\u00e9dez, afin de toujours commander les pi\u00e8ces et accessoires adapt\u00e9s. Cet aper\u00e7u vous aidera \u00e0 vous y retrouver parmi la large gamme de mod\u00e8les Kirby et vous \u00e9vitera de vous tromper lors de l&#8217;achat de pi\u00e8ces.<\/p>\n<p>\n<style type=\"text\/css\" data-created_by=\"avia_inline_auto\" id=\"style-css-av-1mf4i51-2143fca09532cd7f3da825eb1030ab5d\">\n#top .hr.hr-invisible.av-1mf4i51-2143fca09532cd7f3da825eb1030ab5d{\nheight:10px;\n}\n<\/style>\n<div  class='hr av-1mf4i51-2143fca09532cd7f3da825eb1030ab5d hr-invisible  avia-builder-el-3  el_before_av_button  avia-builder-el-first '><span class='hr-inner '><span class=\"hr-inner-style\"><\/span><\/span><\/div><br \/>\n<div  class='avia-button-wrap av-txpmyd-f7882cb7fb319fdfc18f73f4081f803d-wrap avia-button-center  avia-builder-el-4  el_after_av_hr  el_before_av_hr '>\n<style type=\"text\/css\" data-created_by=\"avia_inline_auto\" id=\"style-css-av-txpmyd-f7882cb7fb319fdfc18f73f4081f803d\">\n#top #wrap_all .avia-button.av-txpmyd-f7882cb7fb319fdfc18f73f4081f803d{\nfont-size:15px;\nbackground-color:#2d5c88;\nborder-color:#2d5c88;\ncolor:#ffffff;\nborder-radius:10px 10px 10px 10px;\ntransition:all 0.4s ease-in-out;\n}\n#top #wrap_all.avia-button.av-txpmyd-f7882cb7fb319fdfc18f73f4081f803d:hover .avia_button_background{\nborder-radius:10px 10px 10px 10px;\n}\n#top #wrap_all .avia-button.av-txpmyd-f7882cb7fb319fdfc18f73f4081f803d .avia-svg-icon svg:first-child{\nfill:#ffffff;\nstroke:#ffffff;\n}\n<\/style>\n<a href='https:\/\/www.veltec.eu\/fr\/modeles-kirby\/'  class='avia-button av-txpmyd-f7882cb7fb319fdfc18f73f4081f803d av-link-btn avia-icon_select-yes-left-icon avia-size-medium avia-position-center'  target=\"_blank\"  rel=\"noopener noreferrer\"  aria-label=\"En quoi les mod\u00e8les Kirby sont-ils diff\u00e9rents ?\"><span class='avia_button_icon avia_button_icon_left avia-svg-icon avia-font-svg_entypo-fontello' data-av_svg_icon='info-circled' data-av_iconset='svg_entypo-fontello'><svg version=\"1.1\" xmlns=\"http:\/\/www.w3.org\/2000\/svg\" width=\"29\" height=\"32\" viewBox=\"0 0 29 32\" preserveAspectRatio=\"xMidYMid meet\" aria-labelledby='av-svg-title-1' aria-describedby='av-svg-desc-1' role=\"graphics-symbol\">\n<title id='av-svg-title-1'>Info-circled<\/title>\n<desc id='av-svg-desc-1'>Info-circled<\/desc>\n<path d=\"M14.528 1.28q6.080-0.064 10.432 4.16t4.48 10.304q0.064 6.080-4.192 10.464t-10.336 4.512q-6.080 0.064-10.464-4.192t-4.448-10.336q-0.128-6.080 4.16-10.464t10.368-4.448zM16.192 6.144q-1.344 0-2.080 0.768t-0.736 1.6q-0.064 0.896 0.48 1.408t1.568 0.512q1.216 0 1.952-0.704t0.736-1.728q0-1.856-1.92-1.856zM12.352 25.152q0.96 0 2.688-0.832t3.392-2.496l-0.576-0.768q-1.536 1.152-2.304 1.152-0.448 0-0.128-1.216l1.344-5.12q0.832-3.072-0.704-3.072-0.96 0-2.848 0.928t-3.68 2.4l0.512 0.832q1.664-1.088 2.368-1.088 0.384 0 0 1.088l-1.152 4.864q-0.832 3.328 1.088 3.328z\"><\/path>\n<\/svg><\/span><span class='avia_iconbox_title' >En quoi les mod\u00e8les Kirby sont-ils diff\u00e9rents ?<\/span><\/a><\/div><\/p>\n<p data-start=\"444\" data-end=\"503\">\n<style type=\"text\/css\" data-created_by=\"avia_inline_auto\" id=\"style-css-av-rswpx1-0c84fd40e4c90b7ddbaf5a5235c7739f\">\n#top .hr.hr-invisible.av-rswpx1-0c84fd40e4c90b7ddbaf5a5235c7739f{\nheight:10px;\n}\n<\/style>\n<div  class='hr av-rswpx1-0c84fd40e4c90b7ddbaf5a5235c7739f hr-invisible  avia-builder-el-5  el_after_av_button  avia-builder-el-last '><span class='hr-inner '><span class=\"hr-inner-style\"><\/span><\/span><\/div><\/p>\n<h2>Pourquoi il est important de le savoir :<\/h2>\n<p data-start=\"505\" data-end=\"1073\">Au cours des 100 ans d&#8217;existence de Kirby, le fabricant a commercialis\u00e9 pas moins de 28 mod\u00e8les diff\u00e9rents. Il peut donc parfois \u00eatre difficile d&#8217;identifier le type exact d&#8217;aspirateur. Depuis le lancement de la s\u00e9rie Generation en 1990, de nombreux mod\u00e8les sont universels, ce qui signifie que la plupart des pi\u00e8ces sont compatibles avec plusieurs mod\u00e8les. Il existe n\u00e9anmoins quelques exceptions. Il est donc essentiel de conna\u00eetre pr\u00e9cis\u00e9ment le mod\u00e8le dont vous disposez. C&#8217;est le seul moyen d&#8217;\u00e9viter de commander des pi\u00e8ces qui ne conviennent pas ou qui limitent les fonctionnalit\u00e9s.<\/p>\n<h2 data-start=\"1075\" data-end=\"1122\">Comment reconna\u00eetre votre mod\u00e8le : Quel mod\u00e8le Kirby ai-je ?<\/h2>\n<p data-start=\"1124\" data-end=\"1672\">Tout d&#8217;abord, il est utile de v\u00e9rifier le num\u00e9ro de s\u00e9rie de votre Kirby. Ce num\u00e9ro se trouve g\u00e9n\u00e9ralement sous et sur le c\u00f4t\u00e9 de l&#8217;appareil. De plus, certaines caract\u00e9ristiques physiques, telles que le design du bo\u00eetier, la couleur et l&#8217;emplacement des boutons, peuvent vous aider \u00e0 l&#8217;identifier. De plus, certains accessoires sp\u00e9cifiques et les brosses fournies en standard donnent souvent des indications sur le mod\u00e8le. Gr\u00e2ce \u00e0 ces informations, vous pouvez imm\u00e9diatement identifier le mod\u00e8le de votre aspirateur Kirby et commander l&#8217;article adapt\u00e9 \u00e0 votre type d&#8217;appareil.<\/p>\n<h3 data-start=\"1674\" data-end=\"1718\">Conseils pour commander des pi\u00e8ces d\u00e9tach\u00e9es<\/h3>\n<p data-start=\"1720\" data-end=\"2103\">Une fois que vous connaissez le mod\u00e8le dont vous disposez, vous pouvez rechercher les pi\u00e8ces appropri\u00e9es. Privil\u00e9giez les pi\u00e8ces universelles qui conviennent \u00e0 plusieurs g\u00e9n\u00e9rations, mais v\u00e9rifiez toujours s&#8217;il existe des exceptions. L&#8217;utilisation de pi\u00e8ces d&#8217;origine ou compatibles garantit que votre aspirateur Kirby continue \u00e0 fonctionner de mani\u00e8re optimale et prolonge consid\u00e9rablement sa dur\u00e9e de vie.<\/p>\n<div class=\"trustpilot-widget\" data-locale=\"nl-NL\" data-template-id=\"5613c9cde69ddc09340c6beb\" data-businessunit-id=\"4e1b158d00006400051028e4\" data-style-height=\"100%\" data-style-width=\"100%\" data-theme=\"light\"><a href=\"https:\/\/nl.trustpilot.com\/review\/www.veltec.eu\" target=\"_blank\" rel=\"noopener\"><img decoding=\"async\" class=\"aligncenter wp-image-55206 size-full\" src=\"https:\/\/www.veltec.eu\/wp-content\/uploads\/2023\/12\/NL.jpg\" alt=\"\" width=\"774\" height=\"75\" srcset=\"https:\/\/www.veltec.eu\/wp-content\/uploads\/2023\/12\/NL.jpg 774w, https:\/\/www.veltec.eu\/wp-content\/uploads\/2023\/12\/NL-300x29.jpg 300w, https:\/\/www.veltec.eu\/wp-content\/uploads\/2023\/12\/NL-768x74.jpg 768w, https:\/\/www.veltec.eu\/wp-content\/uploads\/2023\/12\/NL-705x68.jpg 705w, https:\/\/www.veltec.eu\/wp-content\/uploads\/2023\/12\/NL-450x44.jpg 450w, https:\/\/www.veltec.eu\/wp-content\/uploads\/2023\/12\/NL-600x58.jpg 600w, https:\/\/www.veltec.eu\/wp-content\/uploads\/2023\/12\/NL-190x18.jpg 190w, https:\/\/www.veltec.eu\/wp-content\/uploads\/2023\/12\/NL-750x73.jpg 750w\" sizes=\"(max-width: 774px) 100vw, 774px\" \/><\/a><\/div>\n<p><!-- End TrustBox widget --><\/p>\n<\/div><\/section>\n","protected":false},"excerpt":{"rendered":"","protected":false},"author":1,"featured_media":0,"parent":0,"menu_order":0,"comment_status":"closed","ping_status":"closed","template":"","meta":{"footnotes":""},"class_list":["post-88488","page","type-page","status-publish","hentry"],"yoast_head":"<!-- This site is optimized with the Yoast SEO Premium plugin v27.1 (Yoast SEO v27.2) - https:\/\/yoast.com\/product\/yoast-seo-premium-wordpress\/ -->\n<title>Quel mod\u00e8le Kirby ai-je ? - Veltec Sp\u00e9cialiste Kirby<\/title>\n<meta name=\"description\" content=\"D\u00e9couvrez ici quel mod\u00e8le d&#039;aspirateur Kirby vous poss\u00e9dez. Veltec est fournisseur d&#039;aspirateurs Kirby depuis plus de 25 ans.\" \/>\n<meta name=\"robots\" content=\"index, follow, max-snippet:-1, max-image-preview:large, max-video-preview:-1\" \/>\n<link rel=\"canonical\" href=\"https:\/\/www.veltec.eu\/fr\/quel-modele-kirby-ai-je\/\" \/>\n<meta property=\"og:locale\" content=\"fr_FR\" \/>\n<meta property=\"og:type\" content=\"article\" \/>\n<meta property=\"og:title\" content=\"Quel mod\u00e8le Kirby ai-je ?\" \/>\n<meta property=\"og:url\" content=\"https:\/\/www.veltec.eu\/fr\/quel-modele-kirby-ai-je\/\" \/>\n<meta property=\"og:site_name\" content=\"Veltec Kirby specialist\" \/>\n<meta property=\"article:publisher\" content=\"https:\/\/www.facebook.com\/Veltec-Kirby-Specialist-236746293374877\/\" \/>\n<meta property=\"article:modified_time\" content=\"2026-02-18T10:15:29+00:00\" \/>\n<meta property=\"og:image\" content=\"https:\/\/www.veltec.eu\/wp-content\/uploads\/2021\/10\/Kirby-modellen5.jpg\" \/>\n<meta name=\"twitter:card\" content=\"summary_large_image\" \/>\n<meta name=\"twitter:label1\" content=\"Dur\u00e9e de lecture estim\u00e9e\" \/>\n\t<meta name=\"twitter:data1\" content=\"3 minutes\" \/>\n<script type=\"application\/ld+json\" class=\"yoast-schema-graph\">{\"@context\":\"https:\/\/schema.org\",\"@graph\":[{\"@type\":\"WebPage\",\"@id\":\"https:\/\/www.veltec.eu\/fr\/quel-modele-kirby-ai-je\/\",\"url\":\"https:\/\/www.veltec.eu\/fr\/quel-modele-kirby-ai-je\/\",\"name\":\"Quel mod\u00e8le Kirby ai-je ? - Veltec Sp\u00e9cialiste Kirby\",\"isPartOf\":{\"@id\":\"https:\/\/www.veltec.eu\/en\/#website\"},\"primaryImageOfPage\":{\"@id\":\"https:\/\/www.veltec.eu\/fr\/quel-modele-kirby-ai-je\/#primaryimage\"},\"image\":{\"@id\":\"https:\/\/www.veltec.eu\/fr\/quel-modele-kirby-ai-je\/#primaryimage\"},\"thumbnailUrl\":\"https:\/\/www.veltec.eu\/wp-content\/uploads\/2021\/10\/Kirby-modellen5.jpg\",\"datePublished\":\"2026-02-18T09:56:26+00:00\",\"dateModified\":\"2026-02-18T10:15:29+00:00\",\"description\":\"D\u00e9couvrez ici quel mod\u00e8le d'aspirateur Kirby vous poss\u00e9dez. Veltec est fournisseur d'aspirateurs Kirby depuis plus de 25 ans.\",\"breadcrumb\":{\"@id\":\"https:\/\/www.veltec.eu\/fr\/quel-modele-kirby-ai-je\/#breadcrumb\"},\"inLanguage\":\"fr-FR\",\"potentialAction\":[{\"@type\":\"ReadAction\",\"target\":[\"https:\/\/www.veltec.eu\/fr\/quel-modele-kirby-ai-je\/\"]}]},{\"@type\":\"ImageObject\",\"inLanguage\":\"fr-FR\",\"@id\":\"https:\/\/www.veltec.eu\/fr\/quel-modele-kirby-ai-je\/#primaryimage\",\"url\":\"https:\/\/www.veltec.eu\/wp-content\/uploads\/2021\/10\/Kirby-modellen5.jpg\",\"contentUrl\":\"https:\/\/www.veltec.eu\/wp-content\/uploads\/2021\/10\/Kirby-modellen5.jpg\"},{\"@type\":\"BreadcrumbList\",\"@id\":\"https:\/\/www.veltec.eu\/fr\/quel-modele-kirby-ai-je\/#breadcrumb\",\"itemListElement\":[{\"@type\":\"ListItem\",\"position\":1,\"name\":\"Home\",\"item\":\"https:\/\/www.veltec.eu\/fr\/\"},{\"@type\":\"ListItem\",\"position\":2,\"name\":\"Quel mod\u00e8le Kirby ai-je ?\"}]},{\"@type\":\"WebSite\",\"@id\":\"https:\/\/www.veltec.eu\/en\/#website\",\"url\":\"https:\/\/www.veltec.eu\/en\/\",\"name\":\"Veltec Kirby specialist\",\"description\":\"Kirby stofzuiger producten\",\"publisher\":{\"@id\":\"https:\/\/www.veltec.eu\/en\/#organization\"},\"potentialAction\":[{\"@type\":\"SearchAction\",\"target\":{\"@type\":\"EntryPoint\",\"urlTemplate\":\"https:\/\/www.veltec.eu\/en\/?s={search_term_string}\"},\"query-input\":{\"@type\":\"PropertyValueSpecification\",\"valueRequired\":true,\"valueName\":\"search_term_string\"}}],\"inLanguage\":\"fr-FR\"},{\"@type\":\"Organization\",\"@id\":\"https:\/\/www.veltec.eu\/en\/#organization\",\"name\":\"Veltec Kirby Specialist\",\"url\":\"https:\/\/www.veltec.eu\/en\/\",\"logo\":{\"@type\":\"ImageObject\",\"inLanguage\":\"fr-FR\",\"@id\":\"https:\/\/www.veltec.eu\/en\/#\/schema\/logo\/image\/\",\"url\":\"https:\/\/www.veltec.eu\/wp-content\/uploads\/2021\/12\/Veltec-log-groot-e1537260889125.png\",\"contentUrl\":\"https:\/\/www.veltec.eu\/wp-content\/uploads\/2021\/12\/Veltec-log-groot-e1537260889125.png\",\"width\":200,\"height\":60,\"caption\":\"Veltec Kirby Specialist\"},\"image\":{\"@id\":\"https:\/\/www.veltec.eu\/en\/#\/schema\/logo\/image\/\"},\"sameAs\":[\"https:\/\/www.facebook.com\/Veltec-Kirby-Specialist-236746293374877\/\",\"https:\/\/www.youtube.com\/user\/VeltecService\"]}]}<\/script>\n<!-- \/ Yoast SEO Premium plugin. -->","yoast_head_json":{"title":"Quel mod\u00e8le Kirby ai-je ? - Veltec Sp\u00e9cialiste Kirby","description":"D\u00e9couvrez ici quel mod\u00e8le d'aspirateur Kirby vous poss\u00e9dez. Veltec est fournisseur d'aspirateurs Kirby depuis plus de 25 ans.","robots":{"index":"index","follow":"follow","max-snippet":"max-snippet:-1","max-image-preview":"max-image-preview:large","max-video-preview":"max-video-preview:-1"},"canonical":"https:\/\/www.veltec.eu\/fr\/quel-modele-kirby-ai-je\/","og_locale":"fr_FR","og_type":"article","og_title":"Quel mod\u00e8le Kirby ai-je ?","og_url":"https:\/\/www.veltec.eu\/fr\/quel-modele-kirby-ai-je\/","og_site_name":"Veltec Kirby specialist","article_publisher":"https:\/\/www.facebook.com\/Veltec-Kirby-Specialist-236746293374877\/","article_modified_time":"2026-02-18T10:15:29+00:00","og_image":[{"url":"https:\/\/www.veltec.eu\/wp-content\/uploads\/2021\/10\/Kirby-modellen5.jpg","type":"","width":"","height":""}],"twitter_card":"summary_large_image","twitter_misc":{"Dur\u00e9e de lecture estim\u00e9e":"3 minutes"},"schema":{"@context":"https:\/\/schema.org","@graph":[{"@type":"WebPage","@id":"https:\/\/www.veltec.eu\/fr\/quel-modele-kirby-ai-je\/","url":"https:\/\/www.veltec.eu\/fr\/quel-modele-kirby-ai-je\/","name":"Quel mod\u00e8le Kirby ai-je ? - Veltec Sp\u00e9cialiste Kirby","isPartOf":{"@id":"https:\/\/www.veltec.eu\/en\/#website"},"primaryImageOfPage":{"@id":"https:\/\/www.veltec.eu\/fr\/quel-modele-kirby-ai-je\/#primaryimage"},"image":{"@id":"https:\/\/www.veltec.eu\/fr\/quel-modele-kirby-ai-je\/#primaryimage"},"thumbnailUrl":"https:\/\/www.veltec.eu\/wp-content\/uploads\/2021\/10\/Kirby-modellen5.jpg","datePublished":"2026-02-18T09:56:26+00:00","dateModified":"2026-02-18T10:15:29+00:00","description":"D\u00e9couvrez ici quel mod\u00e8le d'aspirateur Kirby vous poss\u00e9dez. Veltec est fournisseur d'aspirateurs Kirby depuis plus de 25 ans.","breadcrumb":{"@id":"https:\/\/www.veltec.eu\/fr\/quel-modele-kirby-ai-je\/#breadcrumb"},"inLanguage":"fr-FR","potentialAction":[{"@type":"ReadAction","target":["https:\/\/www.veltec.eu\/fr\/quel-modele-kirby-ai-je\/"]}]},{"@type":"ImageObject","inLanguage":"fr-FR","@id":"https:\/\/www.veltec.eu\/fr\/quel-modele-kirby-ai-je\/#primaryimage","url":"https:\/\/www.veltec.eu\/wp-content\/uploads\/2021\/10\/Kirby-modellen5.jpg","contentUrl":"https:\/\/www.veltec.eu\/wp-content\/uploads\/2021\/10\/Kirby-modellen5.jpg"},{"@type":"BreadcrumbList","@id":"https:\/\/www.veltec.eu\/fr\/quel-modele-kirby-ai-je\/#breadcrumb","itemListElement":[{"@type":"ListItem","position":1,"name":"Home","item":"https:\/\/www.veltec.eu\/fr\/"},{"@type":"ListItem","position":2,"name":"Quel mod\u00e8le Kirby ai-je ?"}]},{"@type":"WebSite","@id":"https:\/\/www.veltec.eu\/en\/#website","url":"https:\/\/www.veltec.eu\/en\/","name":"Veltec Kirby specialist","description":"Kirby stofzuiger producten","publisher":{"@id":"https:\/\/www.veltec.eu\/en\/#organization"},"potentialAction":[{"@type":"SearchAction","target":{"@type":"EntryPoint","urlTemplate":"https:\/\/www.veltec.eu\/en\/?s={search_term_string}"},"query-input":{"@type":"PropertyValueSpecification","valueRequired":true,"valueName":"search_term_string"}}],"inLanguage":"fr-FR"},{"@type":"Organization","@id":"https:\/\/www.veltec.eu\/en\/#organization","name":"Veltec Kirby Specialist","url":"https:\/\/www.veltec.eu\/en\/","logo":{"@type":"ImageObject","inLanguage":"fr-FR","@id":"https:\/\/www.veltec.eu\/en\/#\/schema\/logo\/image\/","url":"https:\/\/www.veltec.eu\/wp-content\/uploads\/2021\/12\/Veltec-log-groot-e1537260889125.png","contentUrl":"https:\/\/www.veltec.eu\/wp-content\/uploads\/2021\/12\/Veltec-log-groot-e1537260889125.png","width":200,"height":60,"caption":"Veltec Kirby Specialist"},"image":{"@id":"https:\/\/www.veltec.eu\/en\/#\/schema\/logo\/image\/"},"sameAs":["https:\/\/www.facebook.com\/Veltec-Kirby-Specialist-236746293374877\/","https:\/\/www.youtube.com\/user\/VeltecService"]}]}},"_links":{"self":[{"href":"https:\/\/www.veltec.eu\/fr\/wp-json\/wp\/v2\/pages\/88488","targetHints":{"allow":["GET"]}}],"collection":[{"href":"https:\/\/www.veltec.eu\/fr\/wp-json\/wp\/v2\/pages"}],"about":[{"href":"https:\/\/www.veltec.eu\/fr\/wp-json\/wp\/v2\/types\/page"}],"author":[{"embeddable":true,"href":"https:\/\/www.veltec.eu\/fr\/wp-json\/wp\/v2\/users\/1"}],"replies":[{"embeddable":true,"href":"https:\/\/www.veltec.eu\/fr\/wp-json\/wp\/v2\/comments?post=88488"}],"version-history":[{"count":3,"href":"https:\/\/www.veltec.eu\/fr\/wp-json\/wp\/v2\/pages\/88488\/revisions"}],"predecessor-version":[{"id":88491,"href":"https:\/\/www.veltec.eu\/fr\/wp-json\/wp\/v2\/pages\/88488\/revisions\/88491"}],"wp:attachment":[{"href":"https:\/\/www.veltec.eu\/fr\/wp-json\/wp\/v2\/media?parent=88488"}],"curies":[{"name":"wp","href":"https:\/\/api.w.org\/{rel}","templated":true}]}}