{"id":67488,"date":"2024-09-27T09:11:05","date_gmt":"2024-09-27T07:11:05","guid":{"rendered":"https:\/\/www.veltec.eu\/laspirateur-kirby\/"},"modified":"2026-04-01T11:44:52","modified_gmt":"2026-04-01T09:44:52","slug":"laspirateur-kirby","status":"publish","type":"page","link":"https:\/\/www.veltec.eu\/fr\/laspirateur-kirby\/","title":{"rendered":"L&#8217;aspirateur Kirby"},"content":{"rendered":"<div  class='flex_column av-av_one_full-4236371e50272b4ec399280bbf76d6bf av_one_full  avia-builder-el-0  el_before_av_one_full  avia-builder-el-first  first flex_column_div  '     ><section  class='av_textblock_section av-md2wdemw-6b803a96105757b71419de90641ce14b '   itemscope=\"itemscope\" itemtype=\"https:\/\/schema.org\/CreativeWork\" ><div class='avia_textblock'  itemprop=\"text\" ><div class=\"flex max-w-full flex-col flex-grow\">\n<div class=\"min-h-8 text-message flex w-full flex-col items-end gap-2 whitespace-normal break-words &#091;.text-message+&amp;&#093;:mt-5\" dir=\"auto\" data-message-author-role=\"assistant\" data-message-id=\"df9ee670-861d-4c91-9f4f-ca30a828f96c\">\n<div class=\"flex w-full flex-col gap-1 empty:hidden first:pt-&#091;3px&#093;\">\n<div class=\"markdown prose w-full break-words dark:prose-invert light\">\n<h1>L&#8217;aspirateur Kirby : un si\u00e8cle d&#8217;innovation et de qualit\u00e9<\/h1>\n<h3>Kirby existe depuis 100 ans : un si\u00e8cle de fiabilit\u00e9<\/h3>\n<p>Au cours des 100 derni\u00e8res ann\u00e9es, l&#8217;aspirateur Kirby s&#8217;est av\u00e9r\u00e9 \u00eatre un symbole d&#8217;innovation et de durabilit\u00e9 dans l&#8217;industrie du nettoyage. Fond\u00e9e en 1920, la marque Kirby a une histoire riche qui remonte \u00e0 son fondateur, Jim Kirby. Sa vision \u00e9tait de d\u00e9velopper l&#8217;\u00e9quipement de nettoyage le plus avanc\u00e9, le plus fiable et le plus durable. Cet \u00e9quipement devait \u00eatre non seulement efficace, mais aussi durable. Au cours du si\u00e8cle dernier, Kirby s&#8217;est forg\u00e9 une r\u00e9putation de qualit\u00e9 et de fiabilit\u00e9 qui rassure les acheteurs potentiels quant \u00e0 leur investissement dans un <a href=\"https:\/\/www.veltec.eu\/fr\/aspirateurs-kirby\/\" target=\"_blank\" rel=\"noopener\">aspirateur Kirby.<\/a><\/p>\n<p>Plus d&#8217;informations sur <a href=\"https:\/\/www.service-aspirateur-kirby.fr\/aspirateur-kirby\/\">Tout ce que vous devez savoir sur la puissance et la durabilit\u00e9 de l&#8217;aspirateur Kirby<\/a>, cliquez ici.<\/p>\n<h2><img decoding=\"async\" class=\"alignnone wp-image-67471 size-full\" style=\"font-size: 16px;\" src=\"https:\/\/www.veltec.eu\/wp-content\/uploads\/2024\/09\/6776869.jpg\" alt=\"L'aspirateur Kirby\" width=\"253\" height=\"214\" srcset=\"https:\/\/www.veltec.eu\/wp-content\/uploads\/2024\/09\/6776869.jpg 253w, https:\/\/www.veltec.eu\/wp-content\/uploads\/2024\/09\/6776869-71x60.jpg 71w, https:\/\/www.veltec.eu\/wp-content\/uploads\/2024\/09\/6776869-106x90.jpg 106w\" sizes=\"(max-width: 253px) 100vw, 253px\" \/><\/h2>\n<h3>Jim Kirby : le visionnaire derri\u00e8re la marque<\/h3>\n<p>Jim Kirby \u00e9tait un inventeur passionn\u00e9 par le d\u00e9veloppement d&#8217;appareils \u00e9lectrom\u00e9nagers qui facilitaient la vie. Ses premi\u00e8res innovations ont jet\u00e9 les bases de ce qui allait devenir la marque Kirby. En outre, Jim Kirby croyait fermement \u00e0 l&#8217;utilisation de mat\u00e9riaux de haute qualit\u00e9 et de technologies innovantes. Cette vision a conduit \u00e0 la cr\u00e9ation d&#8217;aspirateurs sup\u00e9rieurs \u00e0 ceux de la concurrence. La qualit\u00e9 et l&#8217;innovation sont toujours au c\u0153ur de la marque Kirby, comme en t\u00e9moignent tous les mod\u00e8les produits par l&#8217;entreprise.<\/p>\n<p>Pour en savoir plus sur <a href=\"https:\/\/www.veltec.eu\/fr\/linventeur-de-lemblematique-aspirateur-kirby\/\">l&#8217;inventeur de l&#8217;embl\u00e9matique aspirateur Kirby, cliquez ici.<\/a><\/p>\n<h3>Les origines L&#8217;aspirateur Kirby<\/h3>\n<p>Le premier aspirateur Kirby a \u00e9t\u00e9 con\u00e7u non seulement pour \u00e9liminer efficacement la poussi\u00e8re et la salet\u00e9, mais aussi pour s&#8217;adapter \u00e0 diff\u00e9rents types de travaux de nettoyage. Gr\u00e2ce aux inventions de Jim Kirby, des caract\u00e9ristiques telles que des hauteurs r\u00e9glables et des moteurs d&#8217;aspiration puissants sont devenues la norme sur les mod\u00e8les Kirby. Ces caract\u00e9ristiques les distinguent des autres marques et renforcent leur popularit\u00e9.<\/p>\n<h3>Les mod\u00e8les Kirby : Un aper\u00e7u de l&#8217;innovation<\/h3>\n<p>Au fil des ans, Kirby a introduit une large gamme de mod\u00e8les, chacun con\u00e7u pour r\u00e9pondre aux besoins sp\u00e9cifiques des consommateurs. La gamme actuelle d&#8217;aspirateurs Kirby offre diverses caract\u00e9ristiques et accessoires, tous con\u00e7us pour rendre le nettoyage plus facile et plus efficace.<\/p>\n<p>Retrouvez tous les <a href=\"https:\/\/www.veltec.eu\/fr\/modeles-kirby\/\">mod\u00e8les Kirby ici<\/a><\/p>\n<h3>Kirby Avalir 2 : le dernier mod\u00e8le<\/h3>\n<p>Le Kirby Avalir 2 est l&#8217;un des mod\u00e8les les plus r\u00e9cents et les plus avanc\u00e9s de la marque. Ce mod\u00e8le offre une grande polyvalence gr\u00e2ce \u00e0 sa conception modulaire. Il est ainsi facile de passer d&#8217;un aspirateur puissant \u00e0 un nettoyeur de tapis ou \u00e0 une polisseuse. Avec son moteur puissant et ses syst\u00e8mes de filtration de haute qualit\u00e9, l&#8217;Avalir 2 est id\u00e9al pour les familles qui recherchent une solution tout-en-un pour leurs besoins de nettoyage.<\/p>\n<p>Pour plus d&#8217;informations sur <a href=\"https:\/\/www.veltec.eu\/fr\/acheter-kirby-avalir\/\">l&#8217;achat du Kirby Avalir, cliquez ici.<\/a><\/p>\n<p><img decoding=\"async\" class=\"alignnone wp-image-67477 size-medium\" src=\"https:\/\/www.veltec.eu\/wp-content\/uploads\/2024\/09\/s-l500-300x300.jpg\" alt=\"Kirby avalir\" width=\"300\" height=\"300\" srcset=\"https:\/\/www.veltec.eu\/wp-content\/uploads\/2024\/09\/s-l500-300x300.jpg 300w, https:\/\/www.veltec.eu\/wp-content\/uploads\/2024\/09\/s-l500-80x80.jpg 80w, https:\/\/www.veltec.eu\/wp-content\/uploads\/2024\/09\/s-l500-36x36.jpg 36w, https:\/\/www.veltec.eu\/wp-content\/uploads\/2024\/09\/s-l500-180x180.jpg 180w, https:\/\/www.veltec.eu\/wp-content\/uploads\/2024\/09\/s-l500-120x120.jpg 120w, https:\/\/www.veltec.eu\/wp-content\/uploads\/2024\/09\/s-l500-450x450.jpg 450w, https:\/\/www.veltec.eu\/wp-content\/uploads\/2024\/09\/s-l500-100x100.jpg 100w, https:\/\/www.veltec.eu\/wp-content\/uploads\/2024\/09\/s-l500-60x60.jpg 60w, https:\/\/www.veltec.eu\/wp-content\/uploads\/2024\/09\/s-l500-90x90.jpg 90w, https:\/\/www.veltec.eu\/wp-content\/uploads\/2024\/09\/s-l500.jpg 500w\" sizes=\"(max-width: 300px) 100vw, 300px\" \/><\/p>\n<h3>Kirby Ultimate G Series : Fiabilit\u00e9 et durabilit\u00e9<\/h3>\n<p>La s\u00e9rie Ultimate G de Kirby est r\u00e9put\u00e9e pour sa robustesse et sa durabilit\u00e9. Ces mod\u00e8les sont construits pour durer et b\u00e9n\u00e9ficient d&#8217;une garantie compl\u00e8te, ce qui rend l&#8217;investissement rentable. De plus, les aspirateurs de la s\u00e9rie Ultimate G sont dot\u00e9s de technologies de filtration avanc\u00e9es qui contribuent \u00e0 r\u00e9duire les allerg\u00e8nes et \u00e0 am\u00e9liorer la qualit\u00e9 de l&#8217;air int\u00e9rieur.<\/p>\n<p>Pour plus d&#8217;informations sur <a href=\"https:\/\/www.veltec.eu\/fr\/?page_id=57994\">les aspirateurs Kirby reconditionn\u00e9s, cliquez ici.<\/a><\/p>\n<h3>Pourquoi choisir L&#8217;aspirateur Kirby ?<\/h3>\n<p>Lorsque vous envisagez d&#8217;acheter un nouvel aspirateur, il y a plusieurs raisons pour lesquelles un aspirateur Kirby est un excellent choix. Tout d&#8217;abord, la marque est connue pour sa qualit\u00e9 et sa durabilit\u00e9 in\u00e9gal\u00e9es. Cela signifie qu&#8217;un aspirateur Kirby a une longue dur\u00e9e de vie, ce qui r\u00e9duit la n\u00e9cessit\u00e9 d&#8217;investir dans du mat\u00e9riel de remplacement. De plus, les aspirateurs Kirby offrent une large gamme de fonctions et d&#8217;accessoires con\u00e7us pour am\u00e9liorer votre exp\u00e9rience de nettoyage.<\/p>\n<p>Trouvez <a href=\"https:\/\/www.veltec.eu\/fr\/boutique-kirby\/\">la boutique Kirby ici<\/a><\/p>\n<h3>Durabilit\u00e9 et performances durables<\/h3>\n<p>L&#8217;un des principaux avantages des aspirateurs Kirby est leur durabilit\u00e9. Chaque mod\u00e8le est con\u00e7u pour durer des ann\u00e9es, ce qui signifie que vous d\u00e9pensez moins d&#8217;argent en remplacements et en r\u00e9parations. De plus, les pi\u00e8ces sont de haute qualit\u00e9 et faciles \u00e0 remplacer, ce qui contribue \u00e0 la long\u00e9vit\u00e9 de l&#8217;appareil.<\/p>\n<h3>Technologie de nettoyage avanc\u00e9e L&#8217;aspirateur Kirby<\/h3>\n<p>Les aspirateurs Kirby sont \u00e9quip\u00e9s des derni\u00e8res technologies de nettoyage, ce qui les rend exceptionnellement efficaces pour \u00e9liminer la salet\u00e9, la poussi\u00e8re et les allerg\u00e8nes. Des caract\u00e9ristiques telles que la filtration HEPA et des moteurs d&#8217;aspiration puissants garantissent que m\u00eame les plus petites particules sont captur\u00e9es, ce qui permet d&#8217;obtenir une maison plus propre et plus saine.<\/p>\n<h3>Polyvalence et facilit\u00e9 d&#8217;utilisation<\/h3>\n<p>La conception modulaire des aspirateurs Kirby les rend incroyablement polyvalents. Avec les accessoires appropri\u00e9s, ils peuvent non seulement aspirer, mais aussi nettoyer les tapis, polir les sols et m\u00eame rafra\u00eechir les meubles. Ils constituent donc un compl\u00e9ment polyvalent pour tous les m\u00e9nages et permettent d&#8217;effectuer tous les travaux de nettoyage avec un seul appareil.<\/p>\n<h3>Conclusion : investissez dans la qualit\u00e9 avec L&#8217;aspirateur Kirby<\/h3>\n<p>Sur un march\u00e9 qui regorge de marques et de mod\u00e8les d&#8217;aspirateurs diff\u00e9rents, Kirby se distingue par son engagement en faveur de la qualit\u00e9, de la durabilit\u00e9 et de l&#8217;innovation. Avec 100 ans d&#8217;histoire et un engagement permanent \u00e0 fournir les meilleures solutions de nettoyage, on comprend pourquoi tant de m\u00e9nages font confiance \u00e0 Kirby. Si vous recherchez un aspirateur fiable, polyvalent et durable, un mod\u00e8le Kirby vaut bien l&#8217;investissement.<\/p>\n<p>En achetant un aspirateur Kirby, vous n&#8217;investissez pas seulement dans un appareil de nettoyage, mais aussi dans un \u00e9l\u00e9ment d&#8217;histoire et d&#8217;innovation qui porte votre exp\u00e9rience du nettoyage \u00e0 un niveau sup\u00e9rieur.<\/p>\n<p>D\u00e9couvrez <a href=\"https:\/\/www.trustindex.io\/reviews\/www.veltec.eu?lang=fr\">les exp\u00e9riences de nos clients avec Kirby ici<\/a><\/p>\n<\/div>\n<\/div>\n<\/div>\n<\/div>\n<\/div><\/section><\/div><div  class='flex_column av-av_one_full-4236371e50272b4ec399280bbf76d6bf av_one_full  avia-builder-el-2  el_after_av_one_full  avia-builder-el-last  first flex_column_div  column-top-margin'     ><section  class='av_textblock_section av-m6ap3qnp-80170dbaca87960156386319f82c9c90 '   itemscope=\"itemscope\" itemtype=\"https:\/\/schema.org\/CreativeWork\" ><div class='avia_textblock'  itemprop=\"text\" ><h3>Comment fonctionne l&#8217;aspirateur Kirby ?<\/h3>\n<p>Les aspirateurs Kirby sont connus pour leur puissance et leur polyvalence. Mais comment fonctionne exactement un aspirateur Kirby et qu&#8217;est-ce qui le rend si efficace ? Son fonctionnement repose sur la combinaison d&#8217;une forte aspiration, d&#8217;une filtration avanc\u00e9e et d&#8217;accessoires innovants. Ces technologies s&#8217;associent pour permettre \u00e0 chaque nettoyage d&#8217;atteindre un niveau sup\u00e9rieur. Vous trouverez ci-dessous des informations sur les principaux aspects de l&#8217;aspirateur Kirby et sur la mani\u00e8re dont ils contribuent \u00e0 des performances optimales.<\/p>\n<h4>Une aspiration puissante pour un nettoyage en profondeur<\/h4>\n<p>Le c\u0153ur de chaque aspirateur Kirby est son puissant moteur. Ce moteur g\u00e9n\u00e8re une puissance d&#8217;aspiration \u00e9lev\u00e9e qui permet d&#8217;\u00e9liminer les salet\u00e9s et les poussi\u00e8res les plus tenaces des tapis, des sols et des tissus d&#8217;ameublement. Le moteur Kirby est con\u00e7u pour fonctionner efficacement, quelle que soit l&#8217;ampleur de la t\u00e2che de nettoyage. Cela signifie que vous \u00e9liminerez plus de salet\u00e9s en un seul mouvement qu&#8217;avec la plupart des aspirateurs standard. De plus, la puissance d&#8217;aspiration r\u00e9glable permet \u00e0 l&#8217;aspirateur de s&#8217;adapter \u00e0 diff\u00e9rentes surfaces, des tissus d\u00e9licats aux moquettes \u00e9paisses.<\/p>\n<h4>Syst\u00e8me de filtration avanc\u00e9<\/h4>\n<p>Une autre caract\u00e9ristique importante des aspirateurs Kirby est le syst\u00e8me de filtration HEPA avanc\u00e9. Ce syst\u00e8me est sp\u00e9cialement con\u00e7u pour capturer les plus petites particules de poussi\u00e8re et les allerg\u00e8nes. Gr\u00e2ce \u00e0 cette technologie, l&#8217;air sortant de l&#8217;aspirateur est nettoy\u00e9 avant d&#8217;\u00eatre rejet\u00e9 dans la pi\u00e8ce. Les aspirateurs Kirby sont donc un excellent choix pour les personnes souffrant d&#8217;allergies ou de probl\u00e8mes respiratoires. Le syst\u00e8me de filtration r\u00e9duit les allerg\u00e8nes tels que le pollen, les acariens et les poils d&#8217;animaux, pour un environnement plus sain.<\/p>\n<h4>Des accessoires polyvalents pour diff\u00e9rentes t\u00e2ches<\/h4>\n<p>Ce qui rend les aspirateurs Kirby particuli\u00e8rement uniques, c&#8217;est leur polyvalence. Gr\u00e2ce \u00e0 une large gamme d&#8217;accessoires, l&#8217;aspirateur peut \u00eatre adapt\u00e9 \u00e0 des t\u00e2ches de nettoyage sp\u00e9cifiques. Pensez, par exemple, \u00e0 une <a href=\"https:\/\/www.veltec.eu\/fr\/?page_id=60087\">turbo-brosse Kirby<\/a> pour \u00e9liminer les poils d&#8217;animaux, \u00e0 un suceur plat pour les zones difficiles d&#8217;acc\u00e8s et \u00e0 une t\u00eate de polissage pour les sols durs. En outre, le Kirby peut facilement \u00eatre transform\u00e9 en nettoyeur de tapis ou m\u00eame en compresseur d&#8217;air, ce qui en fait un appareil multifonctionnel.<\/p>\n<h4>Syst\u00e8me de brosse autor\u00e9gul\u00e9<\/h4>\n<p><a href=\"https:\/\/www.veltec.eu\/fr\/kirby-buse-large-daspiro-batteur\/\">Le syst\u00e8me de brosse d&#8217;un aspirateur Kirby<\/a> joue \u00e9galement un r\u00f4le crucial dans son fonctionnement. Ce syst\u00e8me r\u00e8gle automatiquement la hauteur de la brosse en fonction du type de sol. Cela permet d&#8217;obtenir un \u00e9quilibre optimal entre la profondeur de nettoyage et la facilit\u00e9 d&#8217;utilisation. Pour les moquettes, la brosse est r\u00e9gl\u00e9e l\u00e9g\u00e8rement plus en profondeur afin d&#8217;\u00e9liminer la salet\u00e9 des fibres, tandis que sur les sols durs, elle travaille plus en douceur et de mani\u00e8re plus superficielle pour \u00e9viter tout dommage.<\/p>\n<h4>Syst\u00e8me de d\u00e9poussi\u00e9rage efficace<\/h4>\n<p><a href=\"https:\/\/www.veltec.eu\/fr\/?page_id=58275\">Les aspirateurs Kirby utilisent des sacs \u00e0 poussi\u00e8re Kirby<\/a> durables qui recueillent efficacement la salet\u00e9 et la poussi\u00e8re. Ces sacs ont une grande capacit\u00e9, ce qui vous permet de les vider moins souvent. De plus, les sacs sont con\u00e7us pour se fermer de mani\u00e8re hygi\u00e9nique, de sorte que vous n&#8217;entrez pas en contact avec la poussi\u00e8re ou les allerg\u00e8nes lorsque vous les videz. Cela contribue \u00e0 la commodit\u00e9 et \u00e0 l&#8217;hygi\u00e8ne du nettoyage.<\/p>\n<h3>Une innovation qui facilite le nettoyage<\/h3>\n<p>Le fonctionnement de l&#8217;aspirateur Kirby allie puissance, efficacit\u00e9 et polyvalence. Que vous ayez une grande maison avec des tapis et des sols durs ou que vous cherchiez une solution pour les allergies et les poils d&#8217;animaux, le Kirby offre une solution adapt\u00e9e. Il utilise des technologies innovantes qui non seulement garantissent un nettoyage en profondeur, mais contribuent \u00e9galement \u00e0 un environnement de vie plus sain. En r\u00e9sum\u00e9, un aspirateur Kirby n&#8217;est pas seulement un appareil de nettoyage, c&#8217;est un investissement dans la qualit\u00e9 et la facilit\u00e9 d&#8217;utilisation.<\/p>\n<\/div><\/section><\/div><\/p>\n","protected":false},"excerpt":{"rendered":"","protected":false},"author":1,"featured_media":0,"parent":0,"menu_order":0,"comment_status":"closed","ping_status":"closed","template":"","meta":{"_acf_changed":false,"footnotes":""},"class_list":["post-67488","page","type-page","status-publish","hentry"],"acf":[],"yoast_head":"<!-- This site is optimized with the Yoast SEO Premium plugin v27.1 (Yoast SEO v27.4) - https:\/\/yoast.com\/product\/yoast-seo-premium-wordpress\/ -->\n<title>L&#039;aspirateur Kirby - Veltec Kirby specialist<\/title>\n<meta name=\"description\" content=\"L&#039;aspirateur Kirby - Veltec est le sp\u00e9cialiste des aspirateurs Kirby et votre fournisseur fiable depuis plus de 25 ans.\" \/>\n<meta name=\"robots\" content=\"index, follow, max-snippet:-1, max-image-preview:large, max-video-preview:-1\" \/>\n<link rel=\"canonical\" href=\"https:\/\/www.veltec.eu\/fr\/laspirateur-kirby\/\" \/>\n<meta property=\"og:locale\" content=\"fr_FR\" \/>\n<meta property=\"og:type\" content=\"article\" \/>\n<meta property=\"og:title\" content=\"L&#039;aspirateur Kirby\" \/>\n<meta property=\"og:url\" content=\"https:\/\/www.veltec.eu\/fr\/laspirateur-kirby\/\" \/>\n<meta property=\"og:site_name\" content=\"Veltec Kirby specialist\" \/>\n<meta property=\"article:publisher\" content=\"https:\/\/www.facebook.com\/Veltec-Kirby-Specialist-236746293374877\/\" \/>\n<meta property=\"article:modified_time\" content=\"2026-04-01T09:44:52+00:00\" \/>\n<meta property=\"og:image\" content=\"https:\/\/www.veltec.eu\/wp-content\/uploads\/2024\/09\/6776869.jpg\" \/>\n\t<meta property=\"og:image:width\" content=\"253\" \/>\n\t<meta property=\"og:image:height\" content=\"214\" \/>\n\t<meta property=\"og:image:type\" content=\"image\/jpeg\" \/>\n<meta name=\"twitter:card\" content=\"summary_large_image\" \/>\n<meta name=\"twitter:label1\" content=\"Dur\u00e9e de lecture estim\u00e9e\" \/>\n\t<meta name=\"twitter:data1\" content=\"8 minutes\" \/>\n<script type=\"application\/ld+json\" class=\"yoast-schema-graph\">{\"@context\":\"https:\\\/\\\/schema.org\",\"@graph\":[{\"@type\":\"WebPage\",\"@id\":\"https:\\\/\\\/www.veltec.eu\\\/fr\\\/laspirateur-kirby\\\/\",\"url\":\"https:\\\/\\\/www.veltec.eu\\\/fr\\\/laspirateur-kirby\\\/\",\"name\":\"L'aspirateur Kirby - Veltec Kirby specialist\",\"isPartOf\":{\"@id\":\"https:\\\/\\\/www.veltec.eu\\\/en\\\/#website\"},\"primaryImageOfPage\":{\"@id\":\"https:\\\/\\\/www.veltec.eu\\\/fr\\\/laspirateur-kirby\\\/#primaryimage\"},\"image\":{\"@id\":\"https:\\\/\\\/www.veltec.eu\\\/fr\\\/laspirateur-kirby\\\/#primaryimage\"},\"thumbnailUrl\":\"https:\\\/\\\/www.veltec.eu\\\/wp-content\\\/uploads\\\/2024\\\/09\\\/6776869.jpg\",\"datePublished\":\"2024-09-27T07:11:05+00:00\",\"dateModified\":\"2026-04-01T09:44:52+00:00\",\"description\":\"L'aspirateur Kirby - Veltec est le sp\u00e9cialiste des aspirateurs Kirby et votre fournisseur fiable depuis plus de 25 ans.\",\"breadcrumb\":{\"@id\":\"https:\\\/\\\/www.veltec.eu\\\/fr\\\/laspirateur-kirby\\\/#breadcrumb\"},\"inLanguage\":\"fr-FR\",\"potentialAction\":[{\"@type\":\"ReadAction\",\"target\":[\"https:\\\/\\\/www.veltec.eu\\\/fr\\\/laspirateur-kirby\\\/\"]}]},{\"@type\":\"ImageObject\",\"inLanguage\":\"fr-FR\",\"@id\":\"https:\\\/\\\/www.veltec.eu\\\/fr\\\/laspirateur-kirby\\\/#primaryimage\",\"url\":\"https:\\\/\\\/www.veltec.eu\\\/wp-content\\\/uploads\\\/2024\\\/09\\\/6776869.jpg\",\"contentUrl\":\"https:\\\/\\\/www.veltec.eu\\\/wp-content\\\/uploads\\\/2024\\\/09\\\/6776869.jpg\"},{\"@type\":\"BreadcrumbList\",\"@id\":\"https:\\\/\\\/www.veltec.eu\\\/fr\\\/laspirateur-kirby\\\/#breadcrumb\",\"itemListElement\":[{\"@type\":\"ListItem\",\"position\":1,\"name\":\"Home\",\"item\":\"https:\\\/\\\/www.veltec.eu\\\/fr\\\/\"},{\"@type\":\"ListItem\",\"position\":2,\"name\":\"L&#8217;aspirateur Kirby\"}]},{\"@type\":\"WebSite\",\"@id\":\"https:\\\/\\\/www.veltec.eu\\\/en\\\/#website\",\"url\":\"https:\\\/\\\/www.veltec.eu\\\/en\\\/\",\"name\":\"Veltec Kirby specialist\",\"description\":\"Kirby stofzuiger producten\",\"publisher\":{\"@id\":\"https:\\\/\\\/www.veltec.eu\\\/en\\\/#organization\"},\"potentialAction\":[{\"@type\":\"SearchAction\",\"target\":{\"@type\":\"EntryPoint\",\"urlTemplate\":\"https:\\\/\\\/www.veltec.eu\\\/en\\\/?s={search_term_string}\"},\"query-input\":{\"@type\":\"PropertyValueSpecification\",\"valueRequired\":true,\"valueName\":\"search_term_string\"}}],\"inLanguage\":\"fr-FR\"},{\"@type\":\"Organization\",\"@id\":\"https:\\\/\\\/www.veltec.eu\\\/en\\\/#organization\",\"name\":\"Veltec Kirby Specialist\",\"url\":\"https:\\\/\\\/www.veltec.eu\\\/en\\\/\",\"logo\":{\"@type\":\"ImageObject\",\"inLanguage\":\"fr-FR\",\"@id\":\"https:\\\/\\\/www.veltec.eu\\\/en\\\/#\\\/schema\\\/logo\\\/image\\\/\",\"url\":\"https:\\\/\\\/www.veltec.eu\\\/wp-content\\\/uploads\\\/2021\\\/12\\\/Veltec-log-groot-e1537260889125.png\",\"contentUrl\":\"https:\\\/\\\/www.veltec.eu\\\/wp-content\\\/uploads\\\/2021\\\/12\\\/Veltec-log-groot-e1537260889125.png\",\"width\":200,\"height\":60,\"caption\":\"Veltec Kirby Specialist\"},\"image\":{\"@id\":\"https:\\\/\\\/www.veltec.eu\\\/en\\\/#\\\/schema\\\/logo\\\/image\\\/\"},\"sameAs\":[\"https:\\\/\\\/www.facebook.com\\\/Veltec-Kirby-Specialist-236746293374877\\\/\",\"https:\\\/\\\/www.youtube.com\\\/user\\\/VeltecService\"]}]}<\/script>\n<!-- \/ Yoast SEO Premium plugin. -->","yoast_head_json":{"title":"L'aspirateur Kirby - Veltec Kirby specialist","description":"L'aspirateur Kirby - Veltec est le sp\u00e9cialiste des aspirateurs Kirby et votre fournisseur fiable depuis plus de 25 ans.","robots":{"index":"index","follow":"follow","max-snippet":"max-snippet:-1","max-image-preview":"max-image-preview:large","max-video-preview":"max-video-preview:-1"},"canonical":"https:\/\/www.veltec.eu\/fr\/laspirateur-kirby\/","og_locale":"fr_FR","og_type":"article","og_title":"L'aspirateur Kirby","og_url":"https:\/\/www.veltec.eu\/fr\/laspirateur-kirby\/","og_site_name":"Veltec Kirby specialist","article_publisher":"https:\/\/www.facebook.com\/Veltec-Kirby-Specialist-236746293374877\/","article_modified_time":"2026-04-01T09:44:52+00:00","og_image":[{"width":253,"height":214,"url":"https:\/\/www.veltec.eu\/wp-content\/uploads\/2024\/09\/6776869.jpg","type":"image\/jpeg"}],"twitter_card":"summary_large_image","twitter_misc":{"Dur\u00e9e de lecture estim\u00e9e":"8 minutes"},"schema":{"@context":"https:\/\/schema.org","@graph":[{"@type":"WebPage","@id":"https:\/\/www.veltec.eu\/fr\/laspirateur-kirby\/","url":"https:\/\/www.veltec.eu\/fr\/laspirateur-kirby\/","name":"L'aspirateur Kirby - Veltec Kirby specialist","isPartOf":{"@id":"https:\/\/www.veltec.eu\/en\/#website"},"primaryImageOfPage":{"@id":"https:\/\/www.veltec.eu\/fr\/laspirateur-kirby\/#primaryimage"},"image":{"@id":"https:\/\/www.veltec.eu\/fr\/laspirateur-kirby\/#primaryimage"},"thumbnailUrl":"https:\/\/www.veltec.eu\/wp-content\/uploads\/2024\/09\/6776869.jpg","datePublished":"2024-09-27T07:11:05+00:00","dateModified":"2026-04-01T09:44:52+00:00","description":"L'aspirateur Kirby - Veltec est le sp\u00e9cialiste des aspirateurs Kirby et votre fournisseur fiable depuis plus de 25 ans.","breadcrumb":{"@id":"https:\/\/www.veltec.eu\/fr\/laspirateur-kirby\/#breadcrumb"},"inLanguage":"fr-FR","potentialAction":[{"@type":"ReadAction","target":["https:\/\/www.veltec.eu\/fr\/laspirateur-kirby\/"]}]},{"@type":"ImageObject","inLanguage":"fr-FR","@id":"https:\/\/www.veltec.eu\/fr\/laspirateur-kirby\/#primaryimage","url":"https:\/\/www.veltec.eu\/wp-content\/uploads\/2024\/09\/6776869.jpg","contentUrl":"https:\/\/www.veltec.eu\/wp-content\/uploads\/2024\/09\/6776869.jpg"},{"@type":"BreadcrumbList","@id":"https:\/\/www.veltec.eu\/fr\/laspirateur-kirby\/#breadcrumb","itemListElement":[{"@type":"ListItem","position":1,"name":"Home","item":"https:\/\/www.veltec.eu\/fr\/"},{"@type":"ListItem","position":2,"name":"L&#8217;aspirateur Kirby"}]},{"@type":"WebSite","@id":"https:\/\/www.veltec.eu\/en\/#website","url":"https:\/\/www.veltec.eu\/en\/","name":"Veltec Kirby specialist","description":"Kirby stofzuiger producten","publisher":{"@id":"https:\/\/www.veltec.eu\/en\/#organization"},"potentialAction":[{"@type":"SearchAction","target":{"@type":"EntryPoint","urlTemplate":"https:\/\/www.veltec.eu\/en\/?s={search_term_string}"},"query-input":{"@type":"PropertyValueSpecification","valueRequired":true,"valueName":"search_term_string"}}],"inLanguage":"fr-FR"},{"@type":"Organization","@id":"https:\/\/www.veltec.eu\/en\/#organization","name":"Veltec Kirby Specialist","url":"https:\/\/www.veltec.eu\/en\/","logo":{"@type":"ImageObject","inLanguage":"fr-FR","@id":"https:\/\/www.veltec.eu\/en\/#\/schema\/logo\/image\/","url":"https:\/\/www.veltec.eu\/wp-content\/uploads\/2021\/12\/Veltec-log-groot-e1537260889125.png","contentUrl":"https:\/\/www.veltec.eu\/wp-content\/uploads\/2021\/12\/Veltec-log-groot-e1537260889125.png","width":200,"height":60,"caption":"Veltec Kirby Specialist"},"image":{"@id":"https:\/\/www.veltec.eu\/en\/#\/schema\/logo\/image\/"},"sameAs":["https:\/\/www.facebook.com\/Veltec-Kirby-Specialist-236746293374877\/","https:\/\/www.youtube.com\/user\/VeltecService"]}]}},"_links":{"self":[{"href":"https:\/\/www.veltec.eu\/fr\/wp-json\/wp\/v2\/pages\/67488","targetHints":{"allow":["GET"]}}],"collection":[{"href":"https:\/\/www.veltec.eu\/fr\/wp-json\/wp\/v2\/pages"}],"about":[{"href":"https:\/\/www.veltec.eu\/fr\/wp-json\/wp\/v2\/types\/page"}],"author":[{"embeddable":true,"href":"https:\/\/www.veltec.eu\/fr\/wp-json\/wp\/v2\/users\/1"}],"replies":[{"embeddable":true,"href":"https:\/\/www.veltec.eu\/fr\/wp-json\/wp\/v2\/comments?post=67488"}],"version-history":[{"count":3,"href":"https:\/\/www.veltec.eu\/fr\/wp-json\/wp\/v2\/pages\/67488\/revisions"}],"predecessor-version":[{"id":82187,"href":"https:\/\/www.veltec.eu\/fr\/wp-json\/wp\/v2\/pages\/67488\/revisions\/82187"}],"wp:attachment":[{"href":"https:\/\/www.veltec.eu\/fr\/wp-json\/wp\/v2\/media?parent=67488"}],"curies":[{"name":"wp","href":"https:\/\/api.w.org\/{rel}","templated":true}]}}