{"id":63100,"date":"2024-08-02T08:54:35","date_gmt":"2024-08-02T06:54:35","guid":{"rendered":"https:\/\/www.veltec.eu\/reparation-kirby\/"},"modified":"2026-04-22T13:14:37","modified_gmt":"2026-04-22T11:14:37","slug":"reparation-kirby","status":"publish","type":"page","link":"https:\/\/www.veltec.eu\/fr\/reparation-kirby\/","title":{"rendered":"R\u00e9paration Kirby"},"content":{"rendered":"<div  class='flex_column av-mp8lgp-ea68d6f6cc68112500fcc17af4b129b3 av_one_half  avia-builder-el-0  el_before_av_one_half  avia-builder-el-first  first flex_column_div  '     ><section  class='av_textblock_section av-lzbic917-88707bc5f570acc6459e6f9cd5aa4943 '   itemscope=\"itemscope\" itemtype=\"https:\/\/schema.org\/CreativeWork\" ><div class='avia_textblock'  itemprop=\"text\" ><h1>R\u00e9paration Kirby<\/h1>\n<p>Vous recherchez une solution fiable pour votre <strong>R\u00e9paration Kirby<\/strong> ? Alors vous \u00eates au bon endroit, car nos sp\u00e9cialistes vous assistent rapidement et avec expertise. De plus, nous veillons \u00e0 ce que votre aspirateur Kirby retrouve ses performances habituelles, afin que vous puissiez continuer \u00e0 nettoyer en toute tranquillit\u00e9.<\/p>\n<p>\n<style type=\"text\/css\" data-created_by=\"avia_inline_auto\" id=\"style-css-av-1jc9oyx-bed5ff55890df0397b54db18dbfb88cf\">\n#top .hr.hr-invisible.av-1jc9oyx-bed5ff55890df0397b54db18dbfb88cf{\nheight:10px;\n}\n<\/style>\n<div  class='hr av-1jc9oyx-bed5ff55890df0397b54db18dbfb88cf hr-invisible  avia-builder-el-2  el_before_av_button_big  avia-builder-el-no-sibling '><span class='hr-inner '><span class=\"hr-inner-style\"><\/span><\/span><\/div><br \/>\n<div  class='avia-button-wrap avia-button-center  avia-builder-el-3  el_after_av_hr  el_before_av_hr '>\n<style type=\"text\/css\" data-created_by=\"avia_inline_auto\" id=\"style-css-av-av_button_big-3b65bd3ecf9d2b711fb2e485f4e8de1b\">\n#top #wrap_all .avia-button.av-av_button_big-3b65bd3ecf9d2b711fb2e485f4e8de1b{\nbackground-color:#2d5c88;\nborder-color:#2d5c88;\nborder-radius:10px 10px 10px 10px;\ntransition:all 0.4s ease-in-out;\nfont-size:15px;\n}\n#top #wrap_all .avia-button.av-av_button_big-3b65bd3ecf9d2b711fb2e485f4e8de1b:hover{\ncolor:white;\ntransition:all 0.4s ease-in-out;\n}\n#top #wrap_all .avia-button.av-av_button_big-3b65bd3ecf9d2b711fb2e485f4e8de1b:hover .avia_button_background{\nborder-radius:10px 10px 10px 10px;\n}\n#top #wrap_all .avia-button.av-av_button_big-3b65bd3ecf9d2b711fb2e485f4e8de1b:hover .avia-svg-icon svg:first-child{\nfill:white;\nstroke:white;\n}\n<\/style>\n<a href='https:\/\/www.veltec.eu\/fr\/kirby-service-france\/' class='avia-font-color-theme-color avia-button avia-button-fullwidth av-av_button_big-3b65bd3ecf9d2b711fb2e485f4e8de1b avia-icon_select-yes-left-icon avia-color-custom'   aria-label=\"Kirby Service France et Belgique\"><span class='avia_button_icon avia_button_icon_left avia-svg-icon avia-font-svg_entypo-fontello' data-av_svg_icon='info-circled' data-av_iconset='svg_entypo-fontello'><svg version=\"1.1\" xmlns=\"http:\/\/www.w3.org\/2000\/svg\" width=\"29\" height=\"32\" viewBox=\"0 0 29 32\" preserveAspectRatio=\"xMidYMid meet\" aria-labelledby='av-svg-title-1' aria-describedby='av-svg-desc-1' role=\"graphics-symbol\">\n<title id='av-svg-title-1'>Info-circled<\/title>\n<desc id='av-svg-desc-1'>Info-circled<\/desc>\n<path d=\"M14.528 1.28q6.080-0.064 10.432 4.16t4.48 10.304q0.064 6.080-4.192 10.464t-10.336 4.512q-6.080 0.064-10.464-4.192t-4.448-10.336q-0.128-6.080 4.16-10.464t10.368-4.448zM16.192 6.144q-1.344 0-2.080 0.768t-0.736 1.6q-0.064 0.896 0.48 1.408t1.568 0.512q1.216 0 1.952-0.704t0.736-1.728q0-1.856-1.92-1.856zM12.352 25.152q0.96 0 2.688-0.832t3.392-2.496l-0.576-0.768q-1.536 1.152-2.304 1.152-0.448 0-0.128-1.216l1.344-5.12q0.832-3.072-0.704-3.072-0.96 0-2.848 0.928t-3.68 2.4l0.512 0.832q1.664-1.088 2.368-1.088 0.384 0 0 1.088l-1.152 4.864q-0.832 3.328 1.088 3.328z\"><\/path>\n<\/svg><\/span><span class='avia_iconbox_title' >Kirby Service France et Belgique<\/span><span class='avia_button_background avia-button avia-button-fullwidth avia-color-theme-color-highlight'><\/span><\/a><\/div><br \/>\n\n<style type=\"text\/css\" data-created_by=\"avia_inline_auto\" id=\"style-css-av-qi45ft-97777a84526baf0b4383c7483ba49f51\">\n#top .hr.hr-invisible.av-qi45ft-97777a84526baf0b4383c7483ba49f51{\nheight:10px;\n}\n<\/style>\n<div  class='hr av-qi45ft-97777a84526baf0b4383c7483ba49f51 hr-invisible  avia-builder-el-4  el_after_av_button_big  avia-builder-el-no-sibling '><span class='hr-inner '><span class=\"hr-inner-style\"><\/span><\/span><\/div><\/p>\n<hr \/>\n<h2>Service de R\u00e9paration Kirby aux France et Belgique<\/h2>\n<p>Lorsque vous choisissez la <strong>R\u00e9paration Kirby<\/strong>, vous optez \u00e9galement pour un centre de service agr\u00e9\u00e9 aux France et Belgique avec des techniciens exp\u00e9riment\u00e9s. Ainsi, vous b\u00e9n\u00e9ficiez d\u2019une approche professionnelle et d\u2019un service rapide. De plus, nous disposons d\u2019un large stock de pi\u00e8ces Kirby, ce qui permet de r\u00e9aliser la plupart des r\u00e9parations en environ 3 jours.<\/p>\n<p>Nos avantages :<\/p>\n<ul>\n<li>Commandez un colis d\u2019exp\u00e9dition avec \u00e9tiquette de retour pour seulement 10,00 \u20ac<\/li>\n<li>Service local aux Pays-Bas et en Belgique<\/li>\n<li>D\u00e9lai rapide (en moyenne 3 jours)<\/li>\n<li>Pi\u00e8ces d\u2019origine imm\u00e9diatement disponibles<\/li>\n<\/ul>\n<p>En outre, nos techniciens contr\u00f4lent soigneusement chaque appareil afin de d\u00e9tecter et r\u00e9soudre imm\u00e9diatement les d\u00e9fauts cach\u00e9s. En r\u00e9sum\u00e9, votre Kirby est entre de bonnes mains chez nous.<\/p>\n<\/div><\/section><\/div>\n<div  class='flex_column av-3xdbjd-21c1d70979cef646b936b95cd57572b8 av_one_half  avia-builder-el-5  el_after_av_one_half  el_before_av_one_full  flex_column_div  '     ><p>\n<style type=\"text\/css\" data-created_by=\"avia_inline_auto\" id=\"style-css-av-mo9t8e53-a5e02c39eceae07bb48fe31bda41f835\">\n#top .hr.hr-invisible.av-mo9t8e53-a5e02c39eceae07bb48fe31bda41f835{\nheight:40px;\n}\n<\/style>\n<div  class='hr av-mo9t8e53-a5e02c39eceae07bb48fe31bda41f835 hr-invisible  avia-builder-el-6  el_before_av_image  avia-builder-el-first '><span class='hr-inner '><span class=\"hr-inner-style\"><\/span><\/span><\/div><br \/>\n\n<style type=\"text\/css\" data-created_by=\"avia_inline_auto\" id=\"style-css-av-lzbibq7k-2a174d71dc2fe9d13c353741eb76c723\">\n.avia-image-container.av-lzbibq7k-2a174d71dc2fe9d13c353741eb76c723 img.avia_image{\nbox-shadow:none;\n}\n.avia-image-container.av-lzbibq7k-2a174d71dc2fe9d13c353741eb76c723 .av-image-caption-overlay-center{\ncolor:#ffffff;\n}\n<\/style>\n<div  class='avia-image-container av-lzbibq7k-2a174d71dc2fe9d13c353741eb76c723 av-styling- avia-align-center  avia-builder-el-7  el_after_av_hr  avia-builder-el-last '   itemprop=\"image\" itemscope=\"itemscope\" itemtype=\"https:\/\/schema.org\/ImageObject\" ><div class=\"avia-image-container-inner\"><div class=\"avia-image-overlay-wrap\"><img decoding=\"async\" fetchpriority=\"high\" class='wp-image-91092 avia-img-lazy-loading-not-91092 avia_image ' src=\"https:\/\/www.veltec.eu\/wp-content\/uploads\/2026\/04\/IMG_8583.png\" alt='R\u00e9paration Kirby' title='R\u00e9paration Kirby'  height=\"436\" width=\"600\"  itemprop=\"thumbnailUrl\" srcset=\"https:\/\/www.veltec.eu\/wp-content\/uploads\/2026\/04\/IMG_8583.png 600w, https:\/\/www.veltec.eu\/wp-content\/uploads\/2026\/04\/IMG_8583-300x218.png 300w, https:\/\/www.veltec.eu\/wp-content\/uploads\/2026\/04\/IMG_8583-450x327.png 450w\" sizes=\"(max-width: 600px) 100vw, 600px\" \/><\/div><\/div><\/div><\/p><\/div>\n<div  class='flex_column av-1xt0mh-44388fc0c2ec2f251e959857aeea2f69 av_one_full  avia-builder-el-8  el_after_av_one_half  el_before_av_one_half  first flex_column_div  column-top-margin'     ><section  class='av_textblock_section av-mo9r3nqn-039ff552c84110875efcf1c7adc35062 '   itemscope=\"itemscope\" itemtype=\"https:\/\/schema.org\/CreativeWork\" ><div class='avia_textblock'  itemprop=\"text\" ><h2>Probl\u00e8mes courants avec les aspirateurs Kirby<\/h2>\n<p>Bien que Kirby soit reconnu pour sa durabilit\u00e9, des pannes peuvent n\u00e9anmoins survenir apr\u00e8s plusieurs ann\u00e9es d\u2019utilisation. C\u2019est pourquoi un diagnostic rapide est essentiel afin d\u2019\u00e9viter des dommages suppl\u00e9mentaires.<\/p>\n<h3>Faible puissance d\u2019aspiration et obstructions<\/h3>\n<p><a href=\"https:\/\/www.service-aspirateur-kirby.fr\/mon-kirby-na-plus-daspiration\/\">Lorsque votre aspirateur perd de la puissance d\u2019aspiration<\/a>, cela peut avoir plusieurs causes. Par exemple, le sac \u00e0 poussi\u00e8re peut \u00eatre plein ou l\u2019entr\u00e9e peut \u00eatre obstru\u00e9e. De plus, un sac mal install\u00e9 peut directement affecter les performances.<\/p>\n<h3>Probl\u00e8mes de moteur et de courroie<\/h3>\n<p><a href=\"https:\/\/www.service-aspirateur-kirby.fr\/mon-kirby-fait-un-bruit-enorme\/\">Si le moteur fait beaucoup de bruit,<\/a> il est conseill\u00e9 de v\u00e9rifier imm\u00e9diatement si le rouleau-brosse tourne librement. En outre, une courroie d\u2019entra\u00eenement us\u00e9e peut \u00e9galement \u00eatre \u00e0 l\u2019origine d\u2019une baisse de performance. Par cons\u00e9quent, un entretien rapide est n\u00e9cessaire afin d\u2019\u00e9viter des dommages plus importants.<\/p>\n<hr \/>\n<h2>Entretien et diagnostic rapide pour la r\u00e9paration Kirby<\/h2>\n<p>Un entretien r\u00e9gulier permet d\u2019\u00e9viter des r\u00e9parations co\u00fbteuses et prolonge la dur\u00e9e de vie de votre appareil. C\u2019est pourquoi nous recommandons de faire contr\u00f4ler votre Kirby p\u00e9riodiquement.<\/p>\n<p>Tout d\u2019abord, il est important d\u2019ajuster correctement la hauteur en fonction de votre sol. Ensuite, vous devez v\u00e9rifier que le sac n\u2019est pas trop plein, car cela influence directement le flux d\u2019air. De plus, il est conseill\u00e9 de nettoyer r\u00e9guli\u00e8rement la brosse et l\u2019entr\u00e9e d\u2019air.<\/p>\n<p>Il est \u00e9galement essentiel que nos techniciens inspectent chaque composant. Ainsi, les d\u00e9fauts naissants sont d\u00e9tect\u00e9s \u00e0 temps, ce qui permet \u00e0 votre appareil de fonctionner de mani\u00e8re optimale.<\/p>\n<hr \/>\n<h2>Service de r\u00e9paration d&#8217;exp\u00e9dition Kirby<\/h2>\n<p>Avec notre service de <a href=\"https:\/\/www.veltec.eu\/fr\/kirby-service-france\/\">Service d&#8217;exp\u00e9dition Kirby<\/a>, vous n\u2019avez pas besoin de transporter vous-m\u00eame votre appareil. Vous gagnez ainsi du temps et de l\u2019effort tout en b\u00e9n\u00e9ficiant d\u2019une assistance professionnelle.<\/p>\n<p>Notre service comprend :<\/p>\n<ul>\n<li>Rendez-vous \u00e0 domicile ou sur le lieu de travail<\/li>\n<li>Technicien enti\u00e8rement form\u00e9 et assur\u00e9<\/li>\n<li>Diagnostic avec syst\u00e8mes de maintenance num\u00e9riques<\/li>\n<li>Vue directe sur les pi\u00e8ces et les co\u00fbts<\/li>\n<\/ul>\n<p>De plus, le technicien prend le temps d\u2019expliquer clairement le probl\u00e8me. Ainsi, vous conservez un contr\u00f4le total sur la d\u00e9cision de r\u00e9paration.<\/p>\n<\/div><\/section><\/div>\n<div  class='flex_column av-4fcm09-099ab9dbe12eb682152d856d9ba48483 av_one_half  avia-builder-el-10  el_after_av_one_full  el_before_av_one_half  first flex_column_div  column-top-margin'     ><section  class='av_textblock_section av-mo9rt4jc-94505100d68848cfe4dbbe9a53087d52 '   itemscope=\"itemscope\" itemtype=\"https:\/\/schema.org\/CreativeWork\" ><div class='avia_textblock'  itemprop=\"text\" >\n<style type=\"text\/css\" data-created_by=\"avia_inline_auto\" id=\"style-css-av-m22u15-810bdde2dd675a2dd9bd09612238485a\">\n#top .hr.hr-invisible.av-m22u15-810bdde2dd675a2dd9bd09612238485a{\nheight:10px;\n}\n<\/style>\n<div  class='hr av-m22u15-810bdde2dd675a2dd9bd09612238485a hr-invisible  avia-builder-el-12  el_before_av_hr  avia-builder-el-first '><span class='hr-inner '><span class=\"hr-inner-style\"><\/span><\/span><\/div>\n<div data-src=\"https:\/\/cdn.trustindex.io\/loader.js?f27e69931d0c4745d86647e49d1\"><\/div>\n\n<style type=\"text\/css\" data-created_by=\"avia_inline_auto\" id=\"style-css-av-m22u15-1-757454439128508da5ccee14f4f53d70\">\n#top .hr.hr-invisible.av-m22u15-1-757454439128508da5ccee14f4f53d70{\nheight:25px;\n}\n<\/style>\n<div  class='hr av-m22u15-1-757454439128508da5ccee14f4f53d70 hr-invisible  avia-builder-el-13  el_after_av_hr  avia-builder-el-last '><span class='hr-inner '><span class=\"hr-inner-style\"><\/span><\/span><\/div>\n<\/div><\/section><\/div>\n<div  class='flex_column av-m58fjd-28db83ed535f09913ce0041610711ff3 av_one_half  avia-builder-el-14  el_after_av_one_half  avia-builder-el-last  flex_column_div  column-top-margin'     ><section  class='av_textblock_section av-mo9rtw29-6ef7d8ca6db87ba963a4f475b0930f56 '   itemscope=\"itemscope\" itemtype=\"https:\/\/schema.org\/CreativeWork\" ><div class='avia_textblock'  itemprop=\"text\" ><h2>R\u00e9paration Kirby agr\u00e9\u00e9e et pi\u00e8ces d\u2019origine<\/h2>\n<p>Lorsque vous choisissez une r\u00e9paration Kirby agr\u00e9\u00e9e, vous \u00eates assur\u00e9 de b\u00e9n\u00e9ficier de <a href=\"https:\/\/www.veltec.eu\/fr\/pieces-daspirateur-kirby\/\">pi\u00e8ces Kirby d\u2019origine<\/a> et de r\u00e9parations conformes. C\u2019est pourquoi il est important d\u2019utiliser uniquement un centre de service agr\u00e9\u00e9.<\/p>\n<p>En outre, les ateliers agr\u00e9\u00e9s disposent de la documentation technique et des informations d\u2019usine. Ainsi, m\u00eame les anciens <a href=\"https:\/\/www.veltec.eu\/fr\/modeles-kirby\/\">mod\u00e8les Kirby<\/a> peuvent \u00eatre r\u00e9par\u00e9s de mani\u00e8re professionnelle. De plus, cela vous \u00e9vite de perdre votre garantie en raison de r\u00e9parations non certifi\u00e9es.<\/p>\n<hr \/>\n<h2><a href=\"https:\/\/www.veltec.eu\/fr\/contactez-nous\/\">Contact<\/a> et sp\u00e9cialiste Veltec Kirby<\/h2>\n<p>Si vous avez besoin d\u2019une assistance imm\u00e9diate pour votre <strong>r\u00e9paration Kirby<\/strong>, vous pouvez contacter le sp\u00e9cialiste Veltec Kirby. De plus, vous pouvez demander un devis par t\u00e9l\u00e9phone ou par e-mail pour votre r\u00e9paration.<\/p>\n<p>\ud83d\udcde 036-5402040<br \/>\n\u2709\ufe0f <a href=\"mailto:info@veltec.eu\">info@veltec.eu<\/a><br \/>\n\ud83c\udf10 <a href=\"https:\/\/www.veltec.eu\/fr\/\">www.veltec.eu<\/a><\/p>\n<p>Enfin, nous veillons \u00e0 ce que votre <a href=\"https:\/\/www.veltec.eu\/fr\/aspirateurs-kirby\/\">aspirateur Kirby<\/a> fonctionne \u00e0 nouveau de mani\u00e8re optimale, afin que vous puissiez compter sur un nettoyage puissant et fiable.<\/p>\n<\/div><\/section><\/div>\n","protected":false},"excerpt":{"rendered":"","protected":false},"author":1,"featured_media":0,"parent":0,"menu_order":0,"comment_status":"closed","ping_status":"closed","template":"","meta":{"footnotes":""},"class_list":["post-63100","page","type-page","status-publish","hentry"],"yoast_head":"<!-- This site is optimized with the Yoast SEO Premium plugin v27.1 (Yoast SEO v27.4) - https:\/\/yoast.com\/product\/yoast-seo-premium-wordpress\/ -->\n<title>R\u00e9paration Kirby - Veltec Kirby specialist<\/title>\n<meta name=\"description\" content=\"R\u00e9paration Kirby - Faites r\u00e9parer votre aspirateur Kirby rapidement et dans les r\u00e8gles de l&#039;art par Veltec Kirby Specialist. Depuis 25 ans.\" \/>\n<meta name=\"robots\" content=\"index, follow, max-snippet:-1, max-image-preview:large, max-video-preview:-1\" \/>\n<link rel=\"canonical\" href=\"https:\/\/www.veltec.eu\/fr\/reparation-kirby\/\" \/>\n<meta property=\"og:locale\" content=\"fr_FR\" \/>\n<meta property=\"og:type\" content=\"article\" \/>\n<meta property=\"og:title\" content=\"R\u00e9paration Kirby\" \/>\n<meta property=\"og:url\" content=\"https:\/\/www.veltec.eu\/fr\/reparation-kirby\/\" \/>\n<meta property=\"og:site_name\" content=\"Veltec Kirby specialist\" \/>\n<meta property=\"article:publisher\" content=\"https:\/\/www.facebook.com\/Veltec-Kirby-Specialist-236746293374877\/\" \/>\n<meta property=\"article:modified_time\" content=\"2026-04-22T11:14:37+00:00\" \/>\n<meta name=\"twitter:card\" content=\"summary_large_image\" \/>\n<meta name=\"twitter:label1\" content=\"Dur\u00e9e de lecture estim\u00e9e\" \/>\n\t<meta name=\"twitter:data1\" content=\"4 minutes\" \/>\n<script type=\"application\/ld+json\" class=\"yoast-schema-graph\">{\"@context\":\"https:\\\/\\\/schema.org\",\"@graph\":[{\"@type\":\"WebPage\",\"@id\":\"https:\\\/\\\/www.veltec.eu\\\/fr\\\/reparation-kirby\\\/\",\"url\":\"https:\\\/\\\/www.veltec.eu\\\/fr\\\/reparation-kirby\\\/\",\"name\":\"R\u00e9paration Kirby - Veltec Kirby specialist\",\"isPartOf\":{\"@id\":\"https:\\\/\\\/www.veltec.eu\\\/en\\\/#website\"},\"datePublished\":\"2024-08-02T06:54:35+00:00\",\"dateModified\":\"2026-04-22T11:14:37+00:00\",\"description\":\"R\u00e9paration Kirby - Faites r\u00e9parer votre aspirateur Kirby rapidement et dans les r\u00e8gles de l'art par Veltec Kirby Specialist. Depuis 25 ans.\",\"breadcrumb\":{\"@id\":\"https:\\\/\\\/www.veltec.eu\\\/fr\\\/reparation-kirby\\\/#breadcrumb\"},\"inLanguage\":\"fr-FR\",\"potentialAction\":[{\"@type\":\"ReadAction\",\"target\":[\"https:\\\/\\\/www.veltec.eu\\\/fr\\\/reparation-kirby\\\/\"]}]},{\"@type\":\"BreadcrumbList\",\"@id\":\"https:\\\/\\\/www.veltec.eu\\\/fr\\\/reparation-kirby\\\/#breadcrumb\",\"itemListElement\":[{\"@type\":\"ListItem\",\"position\":1,\"name\":\"Home\",\"item\":\"https:\\\/\\\/www.veltec.eu\\\/fr\\\/\"},{\"@type\":\"ListItem\",\"position\":2,\"name\":\"R\u00e9paration Kirby\"}]},{\"@type\":\"WebSite\",\"@id\":\"https:\\\/\\\/www.veltec.eu\\\/en\\\/#website\",\"url\":\"https:\\\/\\\/www.veltec.eu\\\/en\\\/\",\"name\":\"Veltec Kirby specialist\",\"description\":\"Kirby stofzuiger producten\",\"publisher\":{\"@id\":\"https:\\\/\\\/www.veltec.eu\\\/en\\\/#organization\"},\"potentialAction\":[{\"@type\":\"SearchAction\",\"target\":{\"@type\":\"EntryPoint\",\"urlTemplate\":\"https:\\\/\\\/www.veltec.eu\\\/en\\\/?s={search_term_string}\"},\"query-input\":{\"@type\":\"PropertyValueSpecification\",\"valueRequired\":true,\"valueName\":\"search_term_string\"}}],\"inLanguage\":\"fr-FR\"},{\"@type\":\"Organization\",\"@id\":\"https:\\\/\\\/www.veltec.eu\\\/en\\\/#organization\",\"name\":\"Veltec Kirby Specialist\",\"url\":\"https:\\\/\\\/www.veltec.eu\\\/en\\\/\",\"logo\":{\"@type\":\"ImageObject\",\"inLanguage\":\"fr-FR\",\"@id\":\"https:\\\/\\\/www.veltec.eu\\\/en\\\/#\\\/schema\\\/logo\\\/image\\\/\",\"url\":\"https:\\\/\\\/www.veltec.eu\\\/wp-content\\\/uploads\\\/2021\\\/12\\\/Veltec-log-groot-e1537260889125.png\",\"contentUrl\":\"https:\\\/\\\/www.veltec.eu\\\/wp-content\\\/uploads\\\/2021\\\/12\\\/Veltec-log-groot-e1537260889125.png\",\"width\":200,\"height\":60,\"caption\":\"Veltec Kirby Specialist\"},\"image\":{\"@id\":\"https:\\\/\\\/www.veltec.eu\\\/en\\\/#\\\/schema\\\/logo\\\/image\\\/\"},\"sameAs\":[\"https:\\\/\\\/www.facebook.com\\\/Veltec-Kirby-Specialist-236746293374877\\\/\",\"https:\\\/\\\/www.youtube.com\\\/user\\\/VeltecService\"]}]}<\/script>\n<!-- \/ Yoast SEO Premium plugin. -->","yoast_head_json":{"title":"R\u00e9paration Kirby - Veltec Kirby specialist","description":"R\u00e9paration Kirby - Faites r\u00e9parer votre aspirateur Kirby rapidement et dans les r\u00e8gles de l'art par Veltec Kirby Specialist. Depuis 25 ans.","robots":{"index":"index","follow":"follow","max-snippet":"max-snippet:-1","max-image-preview":"max-image-preview:large","max-video-preview":"max-video-preview:-1"},"canonical":"https:\/\/www.veltec.eu\/fr\/reparation-kirby\/","og_locale":"fr_FR","og_type":"article","og_title":"R\u00e9paration Kirby","og_url":"https:\/\/www.veltec.eu\/fr\/reparation-kirby\/","og_site_name":"Veltec Kirby specialist","article_publisher":"https:\/\/www.facebook.com\/Veltec-Kirby-Specialist-236746293374877\/","article_modified_time":"2026-04-22T11:14:37+00:00","twitter_card":"summary_large_image","twitter_misc":{"Dur\u00e9e de lecture estim\u00e9e":"4 minutes"},"schema":{"@context":"https:\/\/schema.org","@graph":[{"@type":"WebPage","@id":"https:\/\/www.veltec.eu\/fr\/reparation-kirby\/","url":"https:\/\/www.veltec.eu\/fr\/reparation-kirby\/","name":"R\u00e9paration Kirby - Veltec Kirby specialist","isPartOf":{"@id":"https:\/\/www.veltec.eu\/en\/#website"},"datePublished":"2024-08-02T06:54:35+00:00","dateModified":"2026-04-22T11:14:37+00:00","description":"R\u00e9paration Kirby - Faites r\u00e9parer votre aspirateur Kirby rapidement et dans les r\u00e8gles de l'art par Veltec Kirby Specialist. Depuis 25 ans.","breadcrumb":{"@id":"https:\/\/www.veltec.eu\/fr\/reparation-kirby\/#breadcrumb"},"inLanguage":"fr-FR","potentialAction":[{"@type":"ReadAction","target":["https:\/\/www.veltec.eu\/fr\/reparation-kirby\/"]}]},{"@type":"BreadcrumbList","@id":"https:\/\/www.veltec.eu\/fr\/reparation-kirby\/#breadcrumb","itemListElement":[{"@type":"ListItem","position":1,"name":"Home","item":"https:\/\/www.veltec.eu\/fr\/"},{"@type":"ListItem","position":2,"name":"R\u00e9paration Kirby"}]},{"@type":"WebSite","@id":"https:\/\/www.veltec.eu\/en\/#website","url":"https:\/\/www.veltec.eu\/en\/","name":"Veltec Kirby specialist","description":"Kirby stofzuiger producten","publisher":{"@id":"https:\/\/www.veltec.eu\/en\/#organization"},"potentialAction":[{"@type":"SearchAction","target":{"@type":"EntryPoint","urlTemplate":"https:\/\/www.veltec.eu\/en\/?s={search_term_string}"},"query-input":{"@type":"PropertyValueSpecification","valueRequired":true,"valueName":"search_term_string"}}],"inLanguage":"fr-FR"},{"@type":"Organization","@id":"https:\/\/www.veltec.eu\/en\/#organization","name":"Veltec Kirby Specialist","url":"https:\/\/www.veltec.eu\/en\/","logo":{"@type":"ImageObject","inLanguage":"fr-FR","@id":"https:\/\/www.veltec.eu\/en\/#\/schema\/logo\/image\/","url":"https:\/\/www.veltec.eu\/wp-content\/uploads\/2021\/12\/Veltec-log-groot-e1537260889125.png","contentUrl":"https:\/\/www.veltec.eu\/wp-content\/uploads\/2021\/12\/Veltec-log-groot-e1537260889125.png","width":200,"height":60,"caption":"Veltec Kirby Specialist"},"image":{"@id":"https:\/\/www.veltec.eu\/en\/#\/schema\/logo\/image\/"},"sameAs":["https:\/\/www.facebook.com\/Veltec-Kirby-Specialist-236746293374877\/","https:\/\/www.youtube.com\/user\/VeltecService"]}]}},"_links":{"self":[{"href":"https:\/\/www.veltec.eu\/fr\/wp-json\/wp\/v2\/pages\/63100","targetHints":{"allow":["GET"]}}],"collection":[{"href":"https:\/\/www.veltec.eu\/fr\/wp-json\/wp\/v2\/pages"}],"about":[{"href":"https:\/\/www.veltec.eu\/fr\/wp-json\/wp\/v2\/types\/page"}],"author":[{"embeddable":true,"href":"https:\/\/www.veltec.eu\/fr\/wp-json\/wp\/v2\/users\/1"}],"replies":[{"embeddable":true,"href":"https:\/\/www.veltec.eu\/fr\/wp-json\/wp\/v2\/comments?post=63100"}],"version-history":[{"count":15,"href":"https:\/\/www.veltec.eu\/fr\/wp-json\/wp\/v2\/pages\/63100\/revisions"}],"predecessor-version":[{"id":91170,"href":"https:\/\/www.veltec.eu\/fr\/wp-json\/wp\/v2\/pages\/63100\/revisions\/91170"}],"wp:attachment":[{"href":"https:\/\/www.veltec.eu\/fr\/wp-json\/wp\/v2\/media?parent=63100"}],"curies":[{"name":"wp","href":"https:\/\/api.w.org\/{rel}","templated":true}]}}