{"id":60762,"date":"2024-07-05T09:22:13","date_gmt":"2024-07-05T07:22:13","guid":{"rendered":"https:\/\/www.veltec.eu\/les-sacs-daspirateur-kirby\/"},"modified":"2025-01-24T14:32:18","modified_gmt":"2025-01-24T12:32:18","slug":"les-sacs-daspirateur-kirby","status":"publish","type":"page","link":"https:\/\/www.veltec.eu\/fr\/les-sacs-daspirateur-kirby\/","title":{"rendered":"Les sacs d&#8217;aspirateur Kirby"},"content":{"rendered":"<h1>Les sacs d&#8217;aspirateur Kirby<\/h1>\n<h3>Quels sont les <a href=\"https:\/\/www.veltec.eu\/fr\/sacs-pour-aspirateur-kirby\/\">sacs d&#8217;aspirateur Kirby<\/a> qui conviennent \u00e0 mon KIRBY ?<br \/>\nEt comment savoir quel style (F ou S) de sac \u00e0 poussi\u00e8re KIRBY j&#8217;utilise ?<\/h3>\n<p>Depuis 2014, nous disposons des nouveaux sacs d&#8217;aspirateur universels KIRBY.<\/p>\n<p>Ceux-ci sont fabriqu\u00e9s par KIRBY pour s&#8217;adapter \u00e0 toutes les machines de derni\u00e8re g\u00e9n\u00e9ration, de G4 \u00e0 Sentria II. Nous vous recommandons vivement d&#8217;acheter et d&#8217;utiliser ces sacs d&#8217;aspirateur Kirby d&#8217;origine. Ils sont en effet con\u00e7us pour remplacer les anciens sacs Kirby de style F et S. Dans un nouveau pack de sacs Kirby universels et pratiques.<\/p>\n<p>&nbsp;<\/p>\n<div id=\"attachment_4335\" style=\"width: 510px\" class=\"wp-caption alignnone\"><a href=\"https:\/\/www.veltec.eu\/fr\/sacs-pour-aspirateur-kirby\/\"><img decoding=\"async\" aria-describedby=\"caption-attachment-4335\" class=\"wp-image-4335 size-full\" src=\"https:\/\/www.veltec.eu\/wp-content\/uploads\/2018\/10\/2-en3-Scrolpagina-Kirby-stofzuigerzakken.jpg\" alt=\"Les sacs d'aspirateur Kirby\" width=\"500\" height=\"303\" srcset=\"https:\/\/www.veltec.eu\/wp-content\/uploads\/2018\/10\/2-en3-Scrolpagina-Kirby-stofzuigerzakken.jpg 500w, https:\/\/www.veltec.eu\/wp-content\/uploads\/2018\/10\/2-en3-Scrolpagina-Kirby-stofzuigerzakken-300x182.jpg 300w\" sizes=\"(max-width: 500px) 100vw, 500px\" \/><\/a><p id=\"caption-attachment-4335\" class=\"wp-caption-text\">Les sacs d&#8217;aspirateur Kirby<\/p><\/div>\n<p>Votre syst\u00e8me Kirby Home Care est con\u00e7u pour offrir d&#8217;excellentes performances d&#8217;aspiration. Votre sac-filtre Kirby est un \u00e9l\u00e9ment important de votre syst\u00e8me de filtration KIRBY. Les sacs HEPA KIRBY et les sacs HEPA KIRBY originaux sont con\u00e7us. Pour garder les particules nocives comme les acariens \u00e0 l&#8217;int\u00e9rieur de votre sac KIRBY. et ne sont pas rel\u00e2ch\u00e9es dans l&#8217;air.<\/p>\n<h3>Les derniers sacs d&#8217;aspirateur KIRBY HEPA sont disponibles en 2 styles.<\/h3>\n<p>Style &#8220;F&#8221; &#8211; le dernier KIRBY Sentria. Et mis \u00e0 niveau en style F G3, G4, G5, G6, G7, G8, Ultimate G. Les syst\u00e8mes Diamond KIRBY peuvent les utiliser.<br \/>\nUn ancien style &#8220;S&#8221; &#8211; l&#8217;ancien KIRBY Sentria et Heritage II, Legend II, G3, G4, G5, G6, G7, G8, Ultimate G. Les syst\u00e8mes Diamond KIRBY peuvent les utiliser.<br \/>\nLes sacs de type F pr\u00e9sentent des avantages certains par rapport aux sacs de type S. Si vous souhaitez obtenir un devis. Pour mettre \u00e0 jour votre machine KIRBY avec des sacs de type F. Veuillez nous contacter.<\/p>\n<h3>Filtration HEPA pour votre syst\u00e8me Kirby avec les sacs d&#8217;aspirateur Kirby<\/h3>\n<p>Notre meilleure filtration pour votre syst\u00e8me Kirby, car il s&#8217;agit du filtre Kirby Micro Allergen Plus HEPA.<br \/>\nfiltration maximale pour votre aspirateur Kirby. Notre filtre HEPA Kirby capture la poussi\u00e8re domestique, mais aussi le pollen et d&#8217;autres particules, ce qui vous permet de le nettoyer facilement sans faire de d\u00e9g\u00e2ts. Avec notre filtre HEPA, vous pouvez garder votre maison fra\u00eeche et propre. Notre mat\u00e9riau charg\u00e9 capture les particules de l&#8217;ordre du micron. Et retient toute la salet\u00e9, la poussi\u00e8re, les poils d&#8217;animaux. Et plus encore \u00e0 l&#8217;int\u00e9rieur du sac filtrant HEPA de Kirby.<\/p>\n<h3>Les propri\u00e9taires d&#8217;animaux domestiques adorent nos sacs d&#8217;aspirateur Kirby avec filtre HEPA !<\/h3>\n<p>Les propri\u00e9taires d&#8217;animaux savent \u00e0 quel point il peut \u00eatre difficile de garder sa maison exempte de poils et d&#8217;odeurs.<br \/>\nHeureusement, le filtre HEPA de Kirby assure une filtration maximale pour votre aspirateur Kirby. Le flux d&#8217;air sup\u00e9rieur du syst\u00e8me Kirby \u00e9limine facilement les poils. Et les odeurs d&#8217;animaux domestiques de votre maison. Et les retient dans nos filtres jetables pour un nettoyage facile !<br \/>\nUtilisez le filtre HEPA Micron Magic Plus avec le rouleau de brosses pour animaux. Pour une efficacit\u00e9 de nettoyage maximale !<\/p>\n<p>Important : Pour maintenir des performances de nettoyage optimales, remplacez le sac filtrant avant que la salet\u00e9 ne s&#8217;accumule. Remplacez le sac filtrant avant que la salet\u00e9 n&#8217;atteigne la ligne FULL.<\/p>\n<h2>Sacs d&#8217;aspirateur Kirby<\/h2>\n<p>Vous avez besoin de remplacer les sacs de votre aspirateur Kirby ? Pas de probl\u00e8me !<br \/>\nLe sac filtrant Kirby Allergen Reduction est le plus populaire de tous nos sacs d&#8217;aspirateur Kirby. Chacun de nos sacs d&#8217;aspirateur Kirby r\u00e9duit la poussi\u00e8re domestique, le pollen et d&#8217;autres particules.<br \/>\nLe mat\u00e9riau charg\u00e9 \u00e9lectrostatiquement retient les particules de poussi\u00e8re apr\u00e8s qu&#8217;elles aient \u00e9t\u00e9 ramass\u00e9es sur le sol. La salet\u00e9 et la poussi\u00e8re restent ainsi \u00e0 l&#8217;int\u00e9rieur du sac de l&#8217;aspirateur Kirby. Et non dans l&#8217;air ambiant. Parce que l&#8217;achat de sacs d&#8217;aspirateur Kirby est un gage de commodit\u00e9.<\/p>\n<h3>Important : Pour maintenir des performances de nettoyage maximales, parce que. Remplacez le sac-filtre avant que la salet\u00e9 n&#8217;atteigne la ligne FULL.<\/h3>\n<p>S&#8217;adapte aux adaptateurs de type F et de type Twist.<br \/>\nFonctionne avec : G4, G5, Gsix, Ultimate G, Ultimate G Diamond, Sentria, Sentria II et Avalir.<br \/>\nPour une filtration optimale, achetez les sacs filtrants Kirby HEPA avec la technologie Micro Allergen Plus !<br \/>\nLes propri\u00e9taires de chats et de chiens qui craignent que leur maison commence \u00e0 sentir l&#8217;odeur de leurs animaux. Achetez les sacs filtrants Odor Fighter de Kirby, fabriqu\u00e9s avec une couche de charbon actif. Pour aider \u00e0 neutraliser les odeurs d\u00e9sagr\u00e9ables !<\/p>\n<h3>Sacs filtrants jetables Kirby, sacs d&#8217;aspirateur Kirby<\/h3>\n<p>Pour des performances optimales, n&#8217;utilisez que des sacs d&#8217;aspirateur Kirby d&#8217;origine, mais remplacez-les lorsque la salet\u00e9 atteint la ligne FULL.<br \/>\nUn sac d&#8217;aspirateur Kirby doit \u00eatre install\u00e9 avant de passer l&#8217;aspirateur.<\/p>\n<p><strong>Retirez un sachet-filtre jetable usag\u00e9 :<\/strong><\/p>\n<p>\u00c9teindre l&#8217;appareil.<br \/>\nD\u00e9branchez-le.<br \/>\nMais d\u00e9tachez le sac ext\u00e9rieur permanent.<br \/>\nRelevez la languette en carton qui retient le sac-filtre jetable et retirez le sac.<br \/>\nNe pas utiliser l&#8217;appareil comme aspirateur sans le sac-filtre.<br \/>\nAvant de remplacer le sac-filtre jetable. Mais vous devez le d\u00e9brancher de la prise de courant. V\u00e9rifiez \u00e9galement que le moteur et le ventilateur sont arr\u00eat\u00e9s.<\/p>\n<p><strong>Avant d&#8217;ins\u00e9rer les nouveaux sacs d&#8217;aspirateur Kirby :<\/strong><\/p>\n<p>Avec le sac ext\u00e9rieur permanent Kirby parce que d\u00e9zipp\u00e9 et l&#8217;adaptateur sup\u00e9rieur sorti. Posez le panneau frontal en carton du sac d&#8217;aspirateur Kirby contre le fond de l&#8217;adaptateur sup\u00e9rieur.<\/p>\n<p>Poussez le panneau avant en carton vers le haut. Contre la surface plate de l&#8217;adaptateur sup\u00e9rieur.<br \/>\nPliez et appuyez sur la languette situ\u00e9e en haut du panneau avant en carton sur l&#8217;adaptateur sup\u00e9rieur pour le fixer.<br \/>\nV\u00e9rifiez que la sangle de support du sac est connect\u00e9e par le petit trou de l&#8217;adaptateur sup\u00e9rieur. Et qu&#8217;elle est fix\u00e9e sur la came.<br \/>\nPlacez le sac de l&#8217;aspirateur Kirby dans le sac ext\u00e9rieur permanent et fermez la fermeture \u00e9clair.<\/p>\n<h3>Retrait du sac permanent ext\u00e9rieur Kirby et du collecteur Kirby mini-Emptor<\/h3>\n<p>Le collecteur Kirby mini-Emptor retient les grosses particules lourdes qui n&#8217;atteignent pas le sac de l&#8217;aspirateur Kirby.<br \/>\nSaisissez la base du collecteur Mini Em-Tor\u00ae. Tournez-le \u00e0 l&#8217;oppos\u00e9 de l&#8217;appareil et soulevez-le.<br \/>\nRetirez le haut du sac ext\u00e9rieur permanent Kirby de l&#8217;appareil. Appuyez sur le bouton d&#8217;ouverture du sac.<br \/>\nPlacez l&#8217;ouverture du collecteur Kirby mini-Emptor sur un journal. Secouez le collecteur pour \u00e9liminer les particules.<br \/>\nRemettez le collecteur Kirby mini-Emptor en place lorsque vous avez termin\u00e9.<br \/>\nVerrouillez bien le collecteur Kirby mini-Emptor en place. Sinon, l&#8217;appareil ne fonctionnera pas. (Il ne s&#8217;allumera pas).<\/p>\n<p>ATTENTION : Risque d&#8217;endommagement des mannequins. N&#8217;aspirez pas intentionnellement des objets lourds tels que des pi\u00e8ces de monnaie. Le non-respect de ces avertissements peut endommager la lame du rotor Kirby. Achetez les sacs d&#8217;aspirateur Kirby chez Veltec.<\/p>\n","protected":false},"excerpt":{"rendered":"<p>Les sacs d&#8217;aspirateur Kirby Quels sont les sacs d&#8217;aspirateur Kirby qui conviennent \u00e0 mon KIRBY ? Et comment savoir quel style (F ou S) de sac \u00e0 poussi\u00e8re KIRBY j&#8217;utilise ? Depuis 2014, nous disposons des nouveaux sacs d&#8217;aspirateur universels KIRBY. Ceux-ci sont fabriqu\u00e9s par KIRBY pour s&#8217;adapter \u00e0 toutes les machines de derni\u00e8re g\u00e9n\u00e9ration, [&hellip;]<\/p>\n","protected":false},"author":1,"featured_media":0,"parent":0,"menu_order":0,"comment_status":"closed","ping_status":"closed","template":"","meta":{"footnotes":""},"class_list":["post-60762","page","type-page","status-publish","hentry"],"yoast_head":"<!-- This site is optimized with the Yoast SEO Premium plugin v27.1 (Yoast SEO v27.4) - https:\/\/yoast.com\/product\/yoast-seo-premium-wordpress\/ -->\n<title>Les sacs d&#039;aspirateur Kirby - Veltec Kirby specialist<\/title>\n<meta name=\"description\" content=\"Les sacs d&#039;aspirateur Kirby. Quels sacs d&#039;aspirateur Kirby conviennent \u00e0 mon KIRBY ? Comment savoir quel sac d&#039;aspirateur j&#039;utilise ?\" \/>\n<meta name=\"robots\" content=\"index, follow, max-snippet:-1, max-image-preview:large, max-video-preview:-1\" \/>\n<link rel=\"canonical\" href=\"https:\/\/www.veltec.eu\/nl\/content-paginas\/de-kirby-stofzuigerzakken\/\" \/>\n<meta property=\"og:locale\" content=\"fr_FR\" \/>\n<meta property=\"og:type\" content=\"article\" \/>\n<meta property=\"og:title\" content=\"Les sacs d&#039;aspirateur Kirby\" \/>\n<meta property=\"og:description\" content=\"Les sacs d&#039;aspirateur Kirby Quels sont les sacs d&#039;aspirateur Kirby qui conviennent \u00e0 mon KIRBY ? Et comment savoir quel style (F ou S) de sac \u00e0 poussi\u00e8re\" \/>\n<meta property=\"og:url\" content=\"https:\/\/www.veltec.eu\/nl\/content-paginas\/de-kirby-stofzuigerzakken\/\" \/>\n<meta property=\"og:site_name\" content=\"Veltec Kirby specialist\" \/>\n<meta property=\"article:publisher\" content=\"https:\/\/www.facebook.com\/Veltec-Kirby-Specialist-236746293374877\/\" \/>\n<meta property=\"article:modified_time\" content=\"2025-01-24T12:32:18+00:00\" \/>\n<meta property=\"og:image\" content=\"https:\/\/www.veltec.eu\/wp-content\/uploads\/2018\/10\/2-en3-Scrolpagina-Kirby-stofzuigerzakken.jpg\" \/>\n\t<meta property=\"og:image:width\" content=\"500\" \/>\n\t<meta property=\"og:image:height\" content=\"303\" \/>\n\t<meta property=\"og:image:type\" content=\"image\/jpeg\" \/>\n<meta name=\"twitter:card\" content=\"summary_large_image\" \/>\n<meta name=\"twitter:label1\" content=\"Dur\u00e9e de lecture estim\u00e9e\" \/>\n\t<meta name=\"twitter:data1\" content=\"6 minutes\" \/>\n<script type=\"application\/ld+json\" class=\"yoast-schema-graph\">{\"@context\":\"https:\\\/\\\/schema.org\",\"@graph\":[{\"@type\":\"WebPage\",\"@id\":\"https:\\\/\\\/www.veltec.eu\\\/nl\\\/content-paginas\\\/de-kirby-stofzuigerzakken\\\/\",\"url\":\"https:\\\/\\\/www.veltec.eu\\\/nl\\\/content-paginas\\\/de-kirby-stofzuigerzakken\\\/\",\"name\":\"Les sacs d'aspirateur Kirby - Veltec Kirby specialist\",\"isPartOf\":{\"@id\":\"https:\\\/\\\/www.veltec.eu\\\/en\\\/#website\"},\"primaryImageOfPage\":{\"@id\":\"https:\\\/\\\/www.veltec.eu\\\/nl\\\/content-paginas\\\/de-kirby-stofzuigerzakken\\\/#primaryimage\"},\"image\":{\"@id\":\"https:\\\/\\\/www.veltec.eu\\\/nl\\\/content-paginas\\\/de-kirby-stofzuigerzakken\\\/#primaryimage\"},\"thumbnailUrl\":\"https:\\\/\\\/www.veltec.eu\\\/wp-content\\\/uploads\\\/2018\\\/10\\\/2-en3-Scrolpagina-Kirby-stofzuigerzakken.jpg\",\"datePublished\":\"2024-07-05T07:22:13+00:00\",\"dateModified\":\"2025-01-24T12:32:18+00:00\",\"description\":\"Les sacs d'aspirateur Kirby. Quels sacs d'aspirateur Kirby conviennent \u00e0 mon KIRBY ? Comment savoir quel sac d'aspirateur j'utilise ?\",\"breadcrumb\":{\"@id\":\"https:\\\/\\\/www.veltec.eu\\\/nl\\\/content-paginas\\\/de-kirby-stofzuigerzakken\\\/#breadcrumb\"},\"inLanguage\":\"fr-FR\",\"potentialAction\":[{\"@type\":\"ReadAction\",\"target\":[\"https:\\\/\\\/www.veltec.eu\\\/nl\\\/content-paginas\\\/de-kirby-stofzuigerzakken\\\/\"]}]},{\"@type\":\"ImageObject\",\"inLanguage\":\"fr-FR\",\"@id\":\"https:\\\/\\\/www.veltec.eu\\\/nl\\\/content-paginas\\\/de-kirby-stofzuigerzakken\\\/#primaryimage\",\"url\":\"https:\\\/\\\/www.veltec.eu\\\/wp-content\\\/uploads\\\/2018\\\/10\\\/2-en3-Scrolpagina-Kirby-stofzuigerzakken.jpg\",\"contentUrl\":\"https:\\\/\\\/www.veltec.eu\\\/wp-content\\\/uploads\\\/2018\\\/10\\\/2-en3-Scrolpagina-Kirby-stofzuigerzakken.jpg\"},{\"@type\":\"BreadcrumbList\",\"@id\":\"https:\\\/\\\/www.veltec.eu\\\/nl\\\/content-paginas\\\/de-kirby-stofzuigerzakken\\\/#breadcrumb\",\"itemListElement\":[{\"@type\":\"ListItem\",\"position\":1,\"name\":\"Home\",\"item\":\"https:\\\/\\\/www.veltec.eu\\\/fr\\\/\"},{\"@type\":\"ListItem\",\"position\":2,\"name\":\"Les sacs d&#8217;aspirateur Kirby\"}]},{\"@type\":\"WebSite\",\"@id\":\"https:\\\/\\\/www.veltec.eu\\\/en\\\/#website\",\"url\":\"https:\\\/\\\/www.veltec.eu\\\/en\\\/\",\"name\":\"Veltec Kirby specialist\",\"description\":\"Kirby stofzuiger producten\",\"publisher\":{\"@id\":\"https:\\\/\\\/www.veltec.eu\\\/en\\\/#organization\"},\"potentialAction\":[{\"@type\":\"SearchAction\",\"target\":{\"@type\":\"EntryPoint\",\"urlTemplate\":\"https:\\\/\\\/www.veltec.eu\\\/en\\\/?s={search_term_string}\"},\"query-input\":{\"@type\":\"PropertyValueSpecification\",\"valueRequired\":true,\"valueName\":\"search_term_string\"}}],\"inLanguage\":\"fr-FR\"},{\"@type\":\"Organization\",\"@id\":\"https:\\\/\\\/www.veltec.eu\\\/en\\\/#organization\",\"name\":\"Veltec Kirby Specialist\",\"url\":\"https:\\\/\\\/www.veltec.eu\\\/en\\\/\",\"logo\":{\"@type\":\"ImageObject\",\"inLanguage\":\"fr-FR\",\"@id\":\"https:\\\/\\\/www.veltec.eu\\\/en\\\/#\\\/schema\\\/logo\\\/image\\\/\",\"url\":\"https:\\\/\\\/www.veltec.eu\\\/wp-content\\\/uploads\\\/2021\\\/12\\\/Veltec-log-groot-e1537260889125.png\",\"contentUrl\":\"https:\\\/\\\/www.veltec.eu\\\/wp-content\\\/uploads\\\/2021\\\/12\\\/Veltec-log-groot-e1537260889125.png\",\"width\":200,\"height\":60,\"caption\":\"Veltec Kirby Specialist\"},\"image\":{\"@id\":\"https:\\\/\\\/www.veltec.eu\\\/en\\\/#\\\/schema\\\/logo\\\/image\\\/\"},\"sameAs\":[\"https:\\\/\\\/www.facebook.com\\\/Veltec-Kirby-Specialist-236746293374877\\\/\",\"https:\\\/\\\/www.youtube.com\\\/user\\\/VeltecService\"]}]}<\/script>\n<!-- \/ Yoast SEO Premium plugin. -->","yoast_head_json":{"title":"Les sacs d'aspirateur Kirby - Veltec Kirby specialist","description":"Les sacs d'aspirateur Kirby. Quels sacs d'aspirateur Kirby conviennent \u00e0 mon KIRBY ? Comment savoir quel sac d'aspirateur j'utilise ?","robots":{"index":"index","follow":"follow","max-snippet":"max-snippet:-1","max-image-preview":"max-image-preview:large","max-video-preview":"max-video-preview:-1"},"canonical":"https:\/\/www.veltec.eu\/nl\/content-paginas\/de-kirby-stofzuigerzakken\/","og_locale":"fr_FR","og_type":"article","og_title":"Les sacs d'aspirateur Kirby","og_description":"Les sacs d'aspirateur Kirby Quels sont les sacs d'aspirateur Kirby qui conviennent \u00e0 mon KIRBY ? Et comment savoir quel style (F ou S) de sac \u00e0 poussi\u00e8re","og_url":"https:\/\/www.veltec.eu\/nl\/content-paginas\/de-kirby-stofzuigerzakken\/","og_site_name":"Veltec Kirby specialist","article_publisher":"https:\/\/www.facebook.com\/Veltec-Kirby-Specialist-236746293374877\/","article_modified_time":"2025-01-24T12:32:18+00:00","og_image":[{"width":500,"height":303,"url":"https:\/\/www.veltec.eu\/wp-content\/uploads\/2018\/10\/2-en3-Scrolpagina-Kirby-stofzuigerzakken.jpg","type":"image\/jpeg"}],"twitter_card":"summary_large_image","twitter_misc":{"Dur\u00e9e de lecture estim\u00e9e":"6 minutes"},"schema":{"@context":"https:\/\/schema.org","@graph":[{"@type":"WebPage","@id":"https:\/\/www.veltec.eu\/nl\/content-paginas\/de-kirby-stofzuigerzakken\/","url":"https:\/\/www.veltec.eu\/nl\/content-paginas\/de-kirby-stofzuigerzakken\/","name":"Les sacs d'aspirateur Kirby - Veltec Kirby specialist","isPartOf":{"@id":"https:\/\/www.veltec.eu\/en\/#website"},"primaryImageOfPage":{"@id":"https:\/\/www.veltec.eu\/nl\/content-paginas\/de-kirby-stofzuigerzakken\/#primaryimage"},"image":{"@id":"https:\/\/www.veltec.eu\/nl\/content-paginas\/de-kirby-stofzuigerzakken\/#primaryimage"},"thumbnailUrl":"https:\/\/www.veltec.eu\/wp-content\/uploads\/2018\/10\/2-en3-Scrolpagina-Kirby-stofzuigerzakken.jpg","datePublished":"2024-07-05T07:22:13+00:00","dateModified":"2025-01-24T12:32:18+00:00","description":"Les sacs d'aspirateur Kirby. Quels sacs d'aspirateur Kirby conviennent \u00e0 mon KIRBY ? Comment savoir quel sac d'aspirateur j'utilise ?","breadcrumb":{"@id":"https:\/\/www.veltec.eu\/nl\/content-paginas\/de-kirby-stofzuigerzakken\/#breadcrumb"},"inLanguage":"fr-FR","potentialAction":[{"@type":"ReadAction","target":["https:\/\/www.veltec.eu\/nl\/content-paginas\/de-kirby-stofzuigerzakken\/"]}]},{"@type":"ImageObject","inLanguage":"fr-FR","@id":"https:\/\/www.veltec.eu\/nl\/content-paginas\/de-kirby-stofzuigerzakken\/#primaryimage","url":"https:\/\/www.veltec.eu\/wp-content\/uploads\/2018\/10\/2-en3-Scrolpagina-Kirby-stofzuigerzakken.jpg","contentUrl":"https:\/\/www.veltec.eu\/wp-content\/uploads\/2018\/10\/2-en3-Scrolpagina-Kirby-stofzuigerzakken.jpg"},{"@type":"BreadcrumbList","@id":"https:\/\/www.veltec.eu\/nl\/content-paginas\/de-kirby-stofzuigerzakken\/#breadcrumb","itemListElement":[{"@type":"ListItem","position":1,"name":"Home","item":"https:\/\/www.veltec.eu\/fr\/"},{"@type":"ListItem","position":2,"name":"Les sacs d&#8217;aspirateur Kirby"}]},{"@type":"WebSite","@id":"https:\/\/www.veltec.eu\/en\/#website","url":"https:\/\/www.veltec.eu\/en\/","name":"Veltec Kirby specialist","description":"Kirby stofzuiger producten","publisher":{"@id":"https:\/\/www.veltec.eu\/en\/#organization"},"potentialAction":[{"@type":"SearchAction","target":{"@type":"EntryPoint","urlTemplate":"https:\/\/www.veltec.eu\/en\/?s={search_term_string}"},"query-input":{"@type":"PropertyValueSpecification","valueRequired":true,"valueName":"search_term_string"}}],"inLanguage":"fr-FR"},{"@type":"Organization","@id":"https:\/\/www.veltec.eu\/en\/#organization","name":"Veltec Kirby Specialist","url":"https:\/\/www.veltec.eu\/en\/","logo":{"@type":"ImageObject","inLanguage":"fr-FR","@id":"https:\/\/www.veltec.eu\/en\/#\/schema\/logo\/image\/","url":"https:\/\/www.veltec.eu\/wp-content\/uploads\/2021\/12\/Veltec-log-groot-e1537260889125.png","contentUrl":"https:\/\/www.veltec.eu\/wp-content\/uploads\/2021\/12\/Veltec-log-groot-e1537260889125.png","width":200,"height":60,"caption":"Veltec Kirby Specialist"},"image":{"@id":"https:\/\/www.veltec.eu\/en\/#\/schema\/logo\/image\/"},"sameAs":["https:\/\/www.facebook.com\/Veltec-Kirby-Specialist-236746293374877\/","https:\/\/www.youtube.com\/user\/VeltecService"]}]}},"_links":{"self":[{"href":"https:\/\/www.veltec.eu\/fr\/wp-json\/wp\/v2\/pages\/60762","targetHints":{"allow":["GET"]}}],"collection":[{"href":"https:\/\/www.veltec.eu\/fr\/wp-json\/wp\/v2\/pages"}],"about":[{"href":"https:\/\/www.veltec.eu\/fr\/wp-json\/wp\/v2\/types\/page"}],"author":[{"embeddable":true,"href":"https:\/\/www.veltec.eu\/fr\/wp-json\/wp\/v2\/users\/1"}],"replies":[{"embeddable":true,"href":"https:\/\/www.veltec.eu\/fr\/wp-json\/wp\/v2\/comments?post=60762"}],"version-history":[{"count":1,"href":"https:\/\/www.veltec.eu\/fr\/wp-json\/wp\/v2\/pages\/60762\/revisions"}],"predecessor-version":[{"id":80735,"href":"https:\/\/www.veltec.eu\/fr\/wp-json\/wp\/v2\/pages\/60762\/revisions\/80735"}],"wp:attachment":[{"href":"https:\/\/www.veltec.eu\/fr\/wp-json\/wp\/v2\/media?parent=60762"}],"curies":[{"name":"wp","href":"https:\/\/api.w.org\/{rel}","templated":true}]}}