{"id":60565,"date":"2024-07-01T11:31:18","date_gmt":"2024-07-01T09:31:18","guid":{"rendered":"https:\/\/www.veltec.eu\/les-pieces-de-kirby\/"},"modified":"2024-10-21T09:34:26","modified_gmt":"2024-10-21T07:34:26","slug":"les-pieces-de-kirby","status":"publish","type":"page","link":"https:\/\/www.veltec.eu\/fr\/les-pieces-de-kirby\/","title":{"rendered":"Les pi\u00e8ces de Kirby"},"content":{"rendered":"<h1>Les pi\u00e8ces de Kirby<\/h1>\n<p>Votre syst\u00e8me Kirby devrait durer toute une vie. Avec les bons accessoires et le bon entretien, votre syst\u00e8me fonctionnera comme un neuf, m\u00eame apr\u00e8s des ann\u00e9es d&#8217;utilisation. Lorsqu&#8217;une pi\u00e8ce se casse ou cesse de fonctionner correctement, nous proposons toutes les pi\u00e8ces de rechange Kirby dont vous avez besoin. Et voici quelques pi\u00e8ces d&#8217;aspirateur et pi\u00e8ces de rechange essentielles dont vous avez besoin.<\/p>\n<h3>Votre syst\u00e8me Kirby devrait durer toute une vie.<\/h3>\n<p>Avec une maintenance et un entretien ad\u00e9quats, votre syst\u00e8me fonctionnera comme s&#8217;il \u00e9tait neuf, m\u00eame apr\u00e8s des ann\u00e9es d&#8217;utilisation. Lorsqu&#8217;une pi\u00e8ce Kirby se casse ou cesse de fonctionner correctement, nous proposons tous les accessoires <a href=\"https:\/\/www.veltec.eu\/fr\/aspirateurs-kirby\/\">d&#8217;aspirateur Kirby<\/a> de remplacement dont vous avez besoin, y compris les sacs d&#8217;aspirateur Kirby et les rouleaux-brosses.<\/p>\n<p>Pour prot\u00e9ger la dur\u00e9e de vie de votre syst\u00e8me Kirby et garantir de bons r\u00e9sultats de nettoyage, n&#8217;utilisez que des pi\u00e8ces d&#8217;aspirateur Kirby d&#8217;origine et des sacs d&#8217;aspirateur Kirby d&#8217;origine<\/p>\n<p><a href=\"https:\/\/www.veltec.eu\/fr\/?page_id=59277\"><img decoding=\"async\" class=\"alignnone wp-image-60568 size-full\" src=\"https:\/\/www.veltec.eu\/wp-content\/uploads\/2024\/07\/FR-hulp.jpg\" alt=\"Les pi\u00e8ces de Kirby\" width=\"500\" height=\"350\" srcset=\"https:\/\/www.veltec.eu\/wp-content\/uploads\/2024\/07\/FR-hulp.jpg 500w, https:\/\/www.veltec.eu\/wp-content\/uploads\/2024\/07\/FR-hulp-300x210.jpg 300w, https:\/\/www.veltec.eu\/wp-content\/uploads\/2024\/07\/FR-hulp-450x315.jpg 450w, https:\/\/www.veltec.eu\/wp-content\/uploads\/2024\/07\/FR-hulp-86x60.jpg 86w, https:\/\/www.veltec.eu\/wp-content\/uploads\/2024\/07\/FR-hulp-129x90.jpg 129w\" sizes=\"(max-width: 500px) 100vw, 500px\" \/><\/a><\/p>\n<h2>Comment utiliser <a href=\"https:\/\/www.veltec.eu\/fr\/pieces-daspirateur-kirby\/\">les pi\u00e8ces de Kirby<\/a> trouv\u00e9es dans notre boutique Kirby ?<\/h2>\n<p>Kirby a la r\u00e9putation d&#8217;\u00eatre l&#8217;un des aspirateurs les plus fiables du march\u00e9. Bien qu&#8217;une grande partie de son attrait vienne de ses r\u00e9sultats de nettoyage en profondeur. L&#8217;aspirateur est \u00e9galement appr\u00e9ci\u00e9 pour sa pl\u00e9thore d&#8217;accessoires et de pi\u00e8ces d\u00e9tach\u00e9es qui facilitent le nettoyage d&#8217;une vari\u00e9t\u00e9 d&#8217;endroits difficiles \u00e0 atteindre.<\/p>\n<p>Si vous n&#8217;\u00eates pas familier avec les pi\u00e8ces Kirby, elles peuvent vous sembler compliqu\u00e9es \u00e0 utiliser. Avec un peu de conseils et de pratique, vous pouvez facilement apprendre \u00e0 utiliser ces accessoires pratiques. Et les utiliser pour votre nettoyage quotidien.<\/p>\n<h2>Lisez la suite pour savoir comment utiliser les pi\u00e8ces Kirby :<\/h2>\n<h3>D\u00e9brancher l&#8217;accessoire<\/h3>\n<p>Avant d&#8217;utiliser <a href=\"https:\/\/www.veltec.eu\/fr\/?page_id=59277\">les accessoires d&#8217;un aspirateur Kirby<\/a>, assurez-vous que le cordon d&#8217;alimentation est d\u00e9branch\u00e9. Et que le bouton d&#8217;alimentation est \u00e9teint. La s\u00e9curit\u00e9 est primordiale et si vous ne prenez pas de simples mesures de s\u00e9curit\u00e9, vous pourriez \u00eatre en danger.<\/p>\n<h3>Fixez le tuyau de l&#8217;aspirateur Kirby.<\/h3>\n<p>La plupart des pi\u00e8ces Kirby utilisent le tuyau, ce qui permet d&#8217;atteindre tous les coins et recoins. Cela peut faire la diff\u00e9rence entre un nettoyage m\u00e9diocre et une pi\u00e8ce propre.<\/p>\n<p>Pour fixer le tuyau \u00e0 l&#8217;avant de l&#8217;appareil Kirby, retirez d&#8217;abord la raclette large Kirby. Soulevez le capot du phare et retirez le suceur \u00e0 large battement en tournant la courroie dans le sens inverse des aiguilles d&#8217;une montre.<\/p>\n<p>La m\u00eame proc\u00e9dure que celle utilis\u00e9e pour fixer la t\u00eate de buse \u00e0 l&#8217;appareil peut \u00eatre utilis\u00e9e pour fixer le tuyau. Placez les crochets du tuyau sur la barre situ\u00e9e \u00e0 l&#8217;avant de l&#8217;appareil, puis verrouillez-la en place.<\/p>\n<h3>Tirer parti des diff\u00e9rentes pi\u00e8ces Kirby<\/h3>\n<p>Il existe plusieurs pi\u00e8ces de fixation du tuyau pour les aspirateurs Kirby, chacune ayant son utilit\u00e9 particuli\u00e8re dans la maison. Elles peuvent toutes \u00eatre fix\u00e9es au tuyau par une simple pression et une l\u00e9g\u00e8re torsion.<\/p>\n<p>De nombreux accessoires pour aspirateurs Kirby peuvent s&#8217;av\u00e9rer utiles dans diff\u00e9rentes situations, mais la plupart des utilisateurs s&#8217;accordent \u00e0 dire que les accessoires suivants sont les plus utiles :<\/p>\n<h2>Les Pi\u00e8ces d\u00e9 Kirby<\/h2>\n<h3>Tube d&#8217;extension Kirby<\/h3>\n<p>Parce que nous savons qu&#8217;il est difficile d&#8217;atteindre les endroits \u00e9lev\u00e9s et difficiles d&#8217;acc\u00e8s, nous avons pr\u00e9vu la possibilit\u00e9 de fixer jusqu&#8217;\u00e0 deux tubes d&#8217;extension. C&#8217;est id\u00e9al pour nettoyer les rideaux en hauteur, les coins de plafond poussi\u00e9reux et sous les longues tables de salon ou d&#8217;appoint.<\/p>\n<h3>Brosse \u00e0 \u00e9pousseter Kirby<\/h3>\n<p>Les meubles en bois dur, les \u00e9tag\u00e8res de livres et autres objets poussi\u00e9reux de la maison peuvent \u00eatre nettoy\u00e9s \u00e0 l&#8217;aide de la brosse \u00e0 \u00e9pousseter Kirby. Simple et efficace, cette brosse est depuis longtemps l&#8217;un des accessoires Kirby les plus appr\u00e9ci\u00e9s.<\/p>\n<h3>Suceur pour meubles Kirby.<\/h3>\n<p>Cet accessoire est parfait pour l&#8217;int\u00e9rieur de la voiture, o\u00f9 les conducteurs s&#8217;en servent pour nettoyer les tissus d&#8217;ameublement difficiles \u00e0 nettoyer. Le suceur pour meubles Kirby est \u00e9galement une excellente option pour les canap\u00e9s, les marches d&#8217;escalier et les meubles rembourr\u00e9s.<\/p>\n<h3>Brosse \u00e0 plinthes Kirby<\/h3>\n<p>Aspirez tout ce qui se trouve entre les coussins du canap\u00e9 &#8211; ou atteignez les endroits d\u00e9licats &#8211; avec la brosse pour plinthes Kirby. La flexibilit\u00e9 unique de cet accessoire permet de nettoyer en un clin d&#8217;\u0153il les moindres recoins qui auraient pu \u00eatre n\u00e9glig\u00e9s.<\/p>\n<h3>Utiliser le Kirby comme souffleur ou pompe<\/h3>\n<p>Un aspirateur Kirby peut non seulement aspirer de nombreux types de salet\u00e9s, mais vous pouvez \u00e9galement l&#8217;utiliser pour nettoyer des surfaces en soufflant de l&#8217;air. Avec l&#8217;embout soufflant Kirby, cette m\u00e9thode peut s&#8217;av\u00e9rer \u00e9tonnamment efficace pour gonfler des objets tels que des matelas pneumatiques et m\u00eame pour nettoyer des claviers d&#8217;ordinateur.<\/p>\n<p>Transformer le Kirby en souffleur est simple. Commencez par retirer la bouche du souffleur et remplacez-la par le capot de protection du souffleur Kirby. Fixez le capot \u00e0 l&#8217;appareil comme vous le feriez pour la bouche du souffleur.<\/p>\n<p>L&#8217;\u00e9tape suivante ? Retirer le sac ext\u00e9rieur. Apr\u00e8s tout, il n&#8217;y en a pas besoin puisque rien n&#8217;est aspir\u00e9 dans le sac. Enfin, raccordez le tuyau de fixation \u00e0 l&#8217;orifice de sortie d&#8217;air. Il suffit d&#8217;aligner les fl\u00e8ches et de visser le tuyau en place<\/p>\n<h3>Utiliser le pulv\u00e9risateur portable et le pistolet \u00e0 shampoing Kirby comme accessoires<\/h3>\n<p>Une fois configur\u00e9 comme souffleur, le Kirby peut utiliser la puissance de deux accessoires pratiques : le pistolet \u00e0 shampoing Kirby et la buse de soufflage. Ces deux accessoires peuvent \u00eatre raccord\u00e9s au tuyau d&#8217;alimentation de la m\u00eame mani\u00e8re que les pi\u00e8ces <a href=\"https:\/\/www.veltec.eu\/fr\/boutique-kirby\/\">Kirby<\/a> habituelles.<\/p>\n<h3>Retirer les pi\u00e8ces Kirby<\/h3>\n<p>Une fois le nettoyage termin\u00e9, vous pouvez retirer chaque accessoire d&#8217;un simple mouvement de rotation et de traction. Veillez \u00e0 ranger tous les accessoires Kirby au m\u00eame endroit pour ne pas les perdre la prochaine fois que vous en aurez besoin.<\/p>\n<h3>Ma\u00eetriser l&#8217;art d&#8217;utiliser les pi\u00e8ces Kirby<\/h3>\n<p>Il vous faudra peut-\u00eatre quelques essais et erreurs, mais vous constaterez rapidement que les pi\u00e8ces <a href=\"https:\/\/www.veltec.eu\/fr\/\">Kirby<\/a> sont faciles \u00e0 utiliser. Elles peuvent faire toute la diff\u00e9rence lors du nettoyage, alors n&#8217;h\u00e9sitez pas \u00e0 en profiter pleinement.<\/p>\n","protected":false},"excerpt":{"rendered":"<p>Les pi\u00e8ces de Kirby Votre syst\u00e8me Kirby devrait durer toute une vie. Avec les bons accessoires et le bon entretien, votre syst\u00e8me fonctionnera comme un neuf, m\u00eame apr\u00e8s des ann\u00e9es d&#8217;utilisation. Lorsqu&#8217;une pi\u00e8ce se casse ou cesse de fonctionner correctement, nous proposons toutes les pi\u00e8ces de rechange Kirby dont vous avez besoin. Et voici quelques [&hellip;]<\/p>\n","protected":false},"author":1,"featured_media":0,"parent":0,"menu_order":0,"comment_status":"closed","ping_status":"closed","template":"","meta":{"_acf_changed":false,"footnotes":""},"class_list":["post-60565","page","type-page","status-publish","hentry"],"acf":[],"yoast_head":"<!-- This site is optimized with the Yoast SEO Premium plugin v27.1 (Yoast SEO v27.4) - https:\/\/yoast.com\/product\/yoast-seo-premium-wordpress\/ -->\n<title>Les pi\u00e8ces de Kirby - Veltec Kirby specialist<\/title>\n<meta name=\"description\" content=\"Pi\u00e8ces d\u00e9tach\u00e9es Kirby. Veltec est un fournisseur de pi\u00e8ces Kirby depuis plus de 25 ans et est votre sp\u00e9cialiste Kirby.\" \/>\n<meta name=\"robots\" content=\"index, follow, max-snippet:-1, max-image-preview:large, max-video-preview:-1\" \/>\n<link rel=\"canonical\" href=\"https:\/\/www.veltec.eu\/nl\/content-paginas\/de-kirby-onderdelen\/\" \/>\n<meta property=\"og:locale\" content=\"fr_FR\" \/>\n<meta property=\"og:type\" content=\"article\" \/>\n<meta property=\"og:title\" content=\"Les pi\u00e8ces de Kirby\" \/>\n<meta property=\"og:description\" content=\"Les pi\u00e8ces de Kirby Votre syst\u00e8me Kirby devrait durer toute une vie. Avec les bons accessoires et le bon entretien, votre syst\u00e8me fonctionnera comme un\" \/>\n<meta property=\"og:url\" content=\"https:\/\/www.veltec.eu\/nl\/content-paginas\/de-kirby-onderdelen\/\" \/>\n<meta property=\"og:site_name\" content=\"Veltec Kirby specialist\" \/>\n<meta property=\"article:publisher\" content=\"https:\/\/www.facebook.com\/Veltec-Kirby-Specialist-236746293374877\/\" \/>\n<meta property=\"article:modified_time\" content=\"2024-10-21T07:34:26+00:00\" \/>\n<meta property=\"og:image\" content=\"https:\/\/www.veltec.eu\/wp-content\/uploads\/2024\/07\/FR-hulp.jpg\" \/>\n\t<meta property=\"og:image:width\" content=\"500\" \/>\n\t<meta property=\"og:image:height\" content=\"350\" \/>\n\t<meta property=\"og:image:type\" content=\"image\/jpeg\" \/>\n<meta name=\"twitter:card\" content=\"summary_large_image\" \/>\n<meta name=\"twitter:label1\" content=\"Dur\u00e9e de lecture estim\u00e9e\" \/>\n\t<meta name=\"twitter:data1\" content=\"5 minutes\" \/>\n<script type=\"application\/ld+json\" class=\"yoast-schema-graph\">{\"@context\":\"https:\\\/\\\/schema.org\",\"@graph\":[{\"@type\":\"WebPage\",\"@id\":\"https:\\\/\\\/www.veltec.eu\\\/nl\\\/content-paginas\\\/de-kirby-onderdelen\\\/\",\"url\":\"https:\\\/\\\/www.veltec.eu\\\/nl\\\/content-paginas\\\/de-kirby-onderdelen\\\/\",\"name\":\"Les pi\u00e8ces de Kirby - Veltec Kirby specialist\",\"isPartOf\":{\"@id\":\"https:\\\/\\\/www.veltec.eu\\\/en\\\/#website\"},\"primaryImageOfPage\":{\"@id\":\"https:\\\/\\\/www.veltec.eu\\\/nl\\\/content-paginas\\\/de-kirby-onderdelen\\\/#primaryimage\"},\"image\":{\"@id\":\"https:\\\/\\\/www.veltec.eu\\\/nl\\\/content-paginas\\\/de-kirby-onderdelen\\\/#primaryimage\"},\"thumbnailUrl\":\"https:\\\/\\\/www.veltec.eu\\\/wp-content\\\/uploads\\\/2024\\\/07\\\/FR-hulp.jpg\",\"datePublished\":\"2024-07-01T09:31:18+00:00\",\"dateModified\":\"2024-10-21T07:34:26+00:00\",\"description\":\"Pi\u00e8ces d\u00e9tach\u00e9es Kirby. Veltec est un fournisseur de pi\u00e8ces Kirby depuis plus de 25 ans et est votre sp\u00e9cialiste Kirby.\",\"breadcrumb\":{\"@id\":\"https:\\\/\\\/www.veltec.eu\\\/nl\\\/content-paginas\\\/de-kirby-onderdelen\\\/#breadcrumb\"},\"inLanguage\":\"fr-FR\",\"potentialAction\":[{\"@type\":\"ReadAction\",\"target\":[\"https:\\\/\\\/www.veltec.eu\\\/nl\\\/content-paginas\\\/de-kirby-onderdelen\\\/\"]}]},{\"@type\":\"ImageObject\",\"inLanguage\":\"fr-FR\",\"@id\":\"https:\\\/\\\/www.veltec.eu\\\/nl\\\/content-paginas\\\/de-kirby-onderdelen\\\/#primaryimage\",\"url\":\"https:\\\/\\\/www.veltec.eu\\\/wp-content\\\/uploads\\\/2024\\\/07\\\/FR-hulp.jpg\",\"contentUrl\":\"https:\\\/\\\/www.veltec.eu\\\/wp-content\\\/uploads\\\/2024\\\/07\\\/FR-hulp.jpg\"},{\"@type\":\"BreadcrumbList\",\"@id\":\"https:\\\/\\\/www.veltec.eu\\\/nl\\\/content-paginas\\\/de-kirby-onderdelen\\\/#breadcrumb\",\"itemListElement\":[{\"@type\":\"ListItem\",\"position\":1,\"name\":\"Home\",\"item\":\"https:\\\/\\\/www.veltec.eu\\\/fr\\\/\"},{\"@type\":\"ListItem\",\"position\":2,\"name\":\"Les pi\u00e8ces de Kirby\"}]},{\"@type\":\"WebSite\",\"@id\":\"https:\\\/\\\/www.veltec.eu\\\/en\\\/#website\",\"url\":\"https:\\\/\\\/www.veltec.eu\\\/en\\\/\",\"name\":\"Veltec Kirby specialist\",\"description\":\"Kirby stofzuiger producten\",\"publisher\":{\"@id\":\"https:\\\/\\\/www.veltec.eu\\\/en\\\/#organization\"},\"potentialAction\":[{\"@type\":\"SearchAction\",\"target\":{\"@type\":\"EntryPoint\",\"urlTemplate\":\"https:\\\/\\\/www.veltec.eu\\\/en\\\/?s={search_term_string}\"},\"query-input\":{\"@type\":\"PropertyValueSpecification\",\"valueRequired\":true,\"valueName\":\"search_term_string\"}}],\"inLanguage\":\"fr-FR\"},{\"@type\":\"Organization\",\"@id\":\"https:\\\/\\\/www.veltec.eu\\\/en\\\/#organization\",\"name\":\"Veltec Kirby Specialist\",\"url\":\"https:\\\/\\\/www.veltec.eu\\\/en\\\/\",\"logo\":{\"@type\":\"ImageObject\",\"inLanguage\":\"fr-FR\",\"@id\":\"https:\\\/\\\/www.veltec.eu\\\/en\\\/#\\\/schema\\\/logo\\\/image\\\/\",\"url\":\"https:\\\/\\\/www.veltec.eu\\\/wp-content\\\/uploads\\\/2021\\\/12\\\/Veltec-log-groot-e1537260889125.png\",\"contentUrl\":\"https:\\\/\\\/www.veltec.eu\\\/wp-content\\\/uploads\\\/2021\\\/12\\\/Veltec-log-groot-e1537260889125.png\",\"width\":200,\"height\":60,\"caption\":\"Veltec Kirby Specialist\"},\"image\":{\"@id\":\"https:\\\/\\\/www.veltec.eu\\\/en\\\/#\\\/schema\\\/logo\\\/image\\\/\"},\"sameAs\":[\"https:\\\/\\\/www.facebook.com\\\/Veltec-Kirby-Specialist-236746293374877\\\/\",\"https:\\\/\\\/www.youtube.com\\\/user\\\/VeltecService\"]}]}<\/script>\n<!-- \/ Yoast SEO Premium plugin. -->","yoast_head_json":{"title":"Les pi\u00e8ces de Kirby - Veltec Kirby specialist","description":"Pi\u00e8ces d\u00e9tach\u00e9es Kirby. Veltec est un fournisseur de pi\u00e8ces Kirby depuis plus de 25 ans et est votre sp\u00e9cialiste Kirby.","robots":{"index":"index","follow":"follow","max-snippet":"max-snippet:-1","max-image-preview":"max-image-preview:large","max-video-preview":"max-video-preview:-1"},"canonical":"https:\/\/www.veltec.eu\/nl\/content-paginas\/de-kirby-onderdelen\/","og_locale":"fr_FR","og_type":"article","og_title":"Les pi\u00e8ces de Kirby","og_description":"Les pi\u00e8ces de Kirby Votre syst\u00e8me Kirby devrait durer toute une vie. Avec les bons accessoires et le bon entretien, votre syst\u00e8me fonctionnera comme un","og_url":"https:\/\/www.veltec.eu\/nl\/content-paginas\/de-kirby-onderdelen\/","og_site_name":"Veltec Kirby specialist","article_publisher":"https:\/\/www.facebook.com\/Veltec-Kirby-Specialist-236746293374877\/","article_modified_time":"2024-10-21T07:34:26+00:00","og_image":[{"width":500,"height":350,"url":"https:\/\/www.veltec.eu\/wp-content\/uploads\/2024\/07\/FR-hulp.jpg","type":"image\/jpeg"}],"twitter_card":"summary_large_image","twitter_misc":{"Dur\u00e9e de lecture estim\u00e9e":"5 minutes"},"schema":{"@context":"https:\/\/schema.org","@graph":[{"@type":"WebPage","@id":"https:\/\/www.veltec.eu\/nl\/content-paginas\/de-kirby-onderdelen\/","url":"https:\/\/www.veltec.eu\/nl\/content-paginas\/de-kirby-onderdelen\/","name":"Les pi\u00e8ces de Kirby - Veltec Kirby specialist","isPartOf":{"@id":"https:\/\/www.veltec.eu\/en\/#website"},"primaryImageOfPage":{"@id":"https:\/\/www.veltec.eu\/nl\/content-paginas\/de-kirby-onderdelen\/#primaryimage"},"image":{"@id":"https:\/\/www.veltec.eu\/nl\/content-paginas\/de-kirby-onderdelen\/#primaryimage"},"thumbnailUrl":"https:\/\/www.veltec.eu\/wp-content\/uploads\/2024\/07\/FR-hulp.jpg","datePublished":"2024-07-01T09:31:18+00:00","dateModified":"2024-10-21T07:34:26+00:00","description":"Pi\u00e8ces d\u00e9tach\u00e9es Kirby. Veltec est un fournisseur de pi\u00e8ces Kirby depuis plus de 25 ans et est votre sp\u00e9cialiste Kirby.","breadcrumb":{"@id":"https:\/\/www.veltec.eu\/nl\/content-paginas\/de-kirby-onderdelen\/#breadcrumb"},"inLanguage":"fr-FR","potentialAction":[{"@type":"ReadAction","target":["https:\/\/www.veltec.eu\/nl\/content-paginas\/de-kirby-onderdelen\/"]}]},{"@type":"ImageObject","inLanguage":"fr-FR","@id":"https:\/\/www.veltec.eu\/nl\/content-paginas\/de-kirby-onderdelen\/#primaryimage","url":"https:\/\/www.veltec.eu\/wp-content\/uploads\/2024\/07\/FR-hulp.jpg","contentUrl":"https:\/\/www.veltec.eu\/wp-content\/uploads\/2024\/07\/FR-hulp.jpg"},{"@type":"BreadcrumbList","@id":"https:\/\/www.veltec.eu\/nl\/content-paginas\/de-kirby-onderdelen\/#breadcrumb","itemListElement":[{"@type":"ListItem","position":1,"name":"Home","item":"https:\/\/www.veltec.eu\/fr\/"},{"@type":"ListItem","position":2,"name":"Les pi\u00e8ces de Kirby"}]},{"@type":"WebSite","@id":"https:\/\/www.veltec.eu\/en\/#website","url":"https:\/\/www.veltec.eu\/en\/","name":"Veltec Kirby specialist","description":"Kirby stofzuiger producten","publisher":{"@id":"https:\/\/www.veltec.eu\/en\/#organization"},"potentialAction":[{"@type":"SearchAction","target":{"@type":"EntryPoint","urlTemplate":"https:\/\/www.veltec.eu\/en\/?s={search_term_string}"},"query-input":{"@type":"PropertyValueSpecification","valueRequired":true,"valueName":"search_term_string"}}],"inLanguage":"fr-FR"},{"@type":"Organization","@id":"https:\/\/www.veltec.eu\/en\/#organization","name":"Veltec Kirby Specialist","url":"https:\/\/www.veltec.eu\/en\/","logo":{"@type":"ImageObject","inLanguage":"fr-FR","@id":"https:\/\/www.veltec.eu\/en\/#\/schema\/logo\/image\/","url":"https:\/\/www.veltec.eu\/wp-content\/uploads\/2021\/12\/Veltec-log-groot-e1537260889125.png","contentUrl":"https:\/\/www.veltec.eu\/wp-content\/uploads\/2021\/12\/Veltec-log-groot-e1537260889125.png","width":200,"height":60,"caption":"Veltec Kirby Specialist"},"image":{"@id":"https:\/\/www.veltec.eu\/en\/#\/schema\/logo\/image\/"},"sameAs":["https:\/\/www.facebook.com\/Veltec-Kirby-Specialist-236746293374877\/","https:\/\/www.youtube.com\/user\/VeltecService"]}]}},"_links":{"self":[{"href":"https:\/\/www.veltec.eu\/fr\/wp-json\/wp\/v2\/pages\/60565","targetHints":{"allow":["GET"]}}],"collection":[{"href":"https:\/\/www.veltec.eu\/fr\/wp-json\/wp\/v2\/pages"}],"about":[{"href":"https:\/\/www.veltec.eu\/fr\/wp-json\/wp\/v2\/types\/page"}],"author":[{"embeddable":true,"href":"https:\/\/www.veltec.eu\/fr\/wp-json\/wp\/v2\/users\/1"}],"replies":[{"embeddable":true,"href":"https:\/\/www.veltec.eu\/fr\/wp-json\/wp\/v2\/comments?post=60565"}],"version-history":[{"count":0,"href":"https:\/\/www.veltec.eu\/fr\/wp-json\/wp\/v2\/pages\/60565\/revisions"}],"wp:attachment":[{"href":"https:\/\/www.veltec.eu\/fr\/wp-json\/wp\/v2\/media?parent=60565"}],"curies":[{"name":"wp","href":"https:\/\/api.w.org\/{rel}","templated":true}]}}